{"id":12057,"date":"2021-05-31T23:12:59","date_gmt":"2021-05-31T21:12:59","guid":{"rendered":"https:\/\/kme.eu\/kme\/datenchutzbestimmungen\/"},"modified":"2022-03-25T08:18:38","modified_gmt":"2022-03-25T07:18:38","slug":"datenchutzbestimmungen","status":"publish","type":"page","link":"https:\/\/kme.eu\/kme\/de\/ueber-uns\/datenchutzbestimmungen\/","title":{"rendered":"Datenchutzbestimmungen"},"content":{"rendered":"<div class=\"wpb-content-wrapper\"><p>[vc_row row_btt_skin=&#8220;light&#8220; row_background_text_position=&#8220;front&#8220;][vc_column][vc_column_text]<\/p>\r\n\r\n<h2 class=\"wp-block-heading\">1. Allgemeine Bestimmungen<\/h2>\r\n<p>Der Administrator Ihrer personenbezogenen Daten ist KME sp. z o. o. mit Sitz in \u0141\u00f3d\u017a, \u015aw. Teresy Od Dzieci\u0105tka Jesus 103A 91-200 \u0141\u00f3d\u017a.<br \/>Diese Richtlinie gilt f\u00fcr Daten, die auf der https:\/\/www.kme.eu Website gesammelt werden.<\/p>\r\n<p>Wenn Sie Fragen zu Art und Umfang der Verarbeitung personenbezogener Daten haben, kontaktieren Sie uns bitte unter folgender E-Mail-Adresse: kme@kme.eu.<\/p>\r\n\r\n<p>&nbsp;<\/p>\r\n\r\n<h2 class=\"wp-block-heading\">2. Erheben von Daten<\/h2>\r\n\r\n<p>&nbsp;<\/p>\r\n\r\n<p>Der Zweck der Verarbeitung Ihrer Daten ist der Abschluss und die Erf\u00fcllung eines Vertrags zwischen Ihnen und dem Administrator, im Folgenden: &#8222;Vertrag&#8220;, f\u00fcr den die Verarbeitung Ihrer Daten erforderlich ist (Grundlage von Artikel 6 Absatz 1 Buchstabe .b der DSGVO).<\/p>\r\n<p>Im Rahmen Ihrer Nutzung der Website k\u00f6nnen wir die folgenden personenbezogenen Daten erheben:<\/p>\r\n<p>&nbsp;<\/p>\r\n\r\n<p>&nbsp;<\/p>\r\n\r\n<div class=\"wp-block-columns is-layout-flex wp-container-core-columns-is-layout-9d6595d7 wp-block-columns-is-layout-flex\">\r\n<div class=\"wp-block-column is-layout-flow wp-block-column-is-layout-flow\">\r\n<ul class=\"wp-block-list\">\r\n<li>IP-Adresse<\/li>\r\n<li>Datum und Uhr des Zugriffs<\/li>\r\n<li>Differenz der Zeitzone zur Greenwich Mean Time (GMT)<\/li>\r\n<li>angesehener Inhalt (bestimmte Seite)<\/li>\r\n<\/ul>\r\n\r\n\r\n<\/div>\r\n\r\n\r\n\r\n<div class=\"wp-block-column is-layout-flow wp-block-column-is-layout-flow\">\r\n<ul class=\"wp-block-list\">\r\n<li>Status des Zugangcodes\/HTTP<\/li>\r\n<li>\u00fcbermitteltes Datenvolumen<\/li>\r\n<li>Zugriff fordernde Seite<\/li>\r\n<li>Browser, Spracheinstellungen, Version des Betriebssystems und des Browsers<\/li>\r\n<\/ul>\r\n<\/div>\r\n<\/div>\r\n\r\n<p>Dar\u00fcber hinaus erheben wir im Rahmen der Zusendung von Bewerbungen \u00fcber das Bewerbungsformular folgende Daten:<\/p>\r\n<p>&nbsp;<\/p>\r\n<!-- \/wp:post-content -->\r\n<p>&nbsp;<\/p>\r\n<!-- wp:list {\"translatedWithWPMLTM\":\"1\"} -->\r\n<ul>\r\n<li>Vorname und Nachname<\/li>\r\n<li>E-Mail-Adresse<\/li>\r\n<li>Telefonnummer<\/li>\r\n<li>Wohnbezirk<\/li>\r\n<\/ul>\r\n<p>&nbsp;<\/p>\r\n<!-- \/wp:list -->\r\n<p>&nbsp;<\/p>\r\n<!-- wp:heading {\"translatedWithWPMLTM\":\"1\"} -->\r\n<h2>3. Nutzung der Daten<\/h2>\r\n<!-- \/wp:heading -->\r\n<p>Ihre personenbezogenen Daten k\u00f6nnen vom Datenverantwortlichen an einen externen Anbieter von unterst\u00fctzenden Dienstleistungen \u00fcbermittelt werden, bei denen der Administrator Dienstleistungen im Zusammenhang mit der Verarbeitung personenbezogener Daten in Auftrag gegeben hat, wie z. B. IT- und Kurierdienste. Solche Unternehmen k\u00f6nnen personenbezogene Daten auf der Grundlage einer mit dem Administrator geschlossenen Vereinbarung verarbeiten.<\/p>\r\n<p>&nbsp;<\/p>\r\n<!-- \/wp:paragraph -->\r\n<p>&nbsp;<\/p>\r\n<!-- wp:heading {\"translatedWithWPMLTM\":\"1\"} -->\r\n<h2>4. Ihre Rechte<\/h2>\r\n<!-- \/wp:heading -->\r\n<p>In \u00dcbereinstimmung mit geltendem Recht haben Sie das Recht:<\/p>\r\n<p>&nbsp;<\/p>\r\n<!-- \/wp:paragraph -->\r\n<p>&nbsp;<\/p>\r\n<!-- wp:list {\"translatedWithWPMLTM\":\"1\"} -->\r\n<ul>\r\n<li>Recht auf Auskunft \u00fcber Ihre vom Verantwortlichen gespeicherten Daten<\/li>\r\n<li>Recht auf Berichtigung, L\u00f6schung und Einschr\u00e4nkung der Verarbeitunf personenbezogener Daten<\/li>\r\n<li>Recht auf Widerspruch gegen Verarbeitung aus unserem berechtigten Grund, \u00f6ffentlichem Interesse oder Profilierung, es sei denn, wir k\u00f6nnen zwingende schutzw\u00fcrdige Gr\u00fcnde f\u00fcr die Verarbeitung nachweisen, die die Interessen, Rechte und Freiheiten der betroffenen Person \u00fcberwiegen, oder die Verarbeitung dient der Geltendmachung, Aus\u00fcbung oder Verteidigung von Rechtsanspr\u00fcchen.<\/li>\r\n<li>Recht aud Daten\u00fcbertragung<\/li>\r\n<li>Recht auf Einreichen einer Beschwerde beim Datenschutzamt<\/li>\r\n<li>Recht auf R\u00fccknahme der Zustimmung zur Erhebung, Verarbeitung und Nutzung Ihrer personenbezogenen Daten<\/li>\r\n<\/ul>\r\n<p>&nbsp;<\/p>\r\n<!-- \/wp:list -->\r\n<p>&nbsp;<\/p>\r\n<!-- wp:heading {\"translatedWithWPMLTM\":\"1\"} -->\r\n<h2>5. Cookies-Politik<\/h2>\r\n<!-- \/wp:heading -->\r\n<p>&nbsp;<\/p>\r\n<!-- wp:paragraph {\"translatedWithWPMLTM\":\"1\"} -->\r\n<p>Diese Website verwendet Cookies, die auf Ihrem Ger\u00e4t gespeichert werden. Diese Dateien enthalten keine personenbezogenen Daten.<\/p>\r\n<p>Cookies k\u00f6nnen in den Optionen von Webbrowsern deaktiviert werden.<\/p>\r\n<!-- \/wp:paragraph -->\r\n<p>&nbsp;<\/p>\r\n<!-- wp:heading {\"translatedWithWPMLTM\":\"1\"} -->\r\n<h2>6. Eingebundene Inhalte aus anderen Vitrinen<\/h2>\r\n<!-- \/wp:heading -->\r\n<p>&nbsp;<\/p>\r\n<!-- wp:paragraph {\"translatedWithWPMLTM\":\"1\"} -->\r\n<p>Artikel auf dieser Website k\u00f6nnen eingebettete Inhalte enthalten (z. B. Videos, Bilder, Artikel usw.). Eingebettete Inhalte von anderen Websites verhalten sich genauso, als ob der Benutzer eine bestimmte Website direkt besucht h\u00e4tte.<\/p>\r\n<!-- \/wp:paragraph -->\r\n<p>&nbsp;<\/p>\r\n<!-- wp:paragraph {\"translatedWithWPMLTM\":\"1\"} -->\r\n<p>Die Websites k\u00f6nnen Informationen \u00fcber Sie sammeln, Cookies verwenden, zus\u00e4tzliche Tracking-Systeme von Drittanbietern enthalten und Ihre Interaktionen mit eingebettetem Material \u00fcberwachen, einschlie\u00dflich der Verfolgung Ihrer Interaktionen mit eingebettetem Material, wenn Sie ein Konto haben und auf dieser Website angemeldet sind.<\/p>\r\n<!-- \/wp:paragraph -->\r\n<p>Dar\u00fcber hinaus verwendet die Website Google Analytics-Dienste, deren Datenschutzerkl\u00e4rung Sie lesen k\u00f6nnen <a href=\"https:\/\/support.google.com\/analytics\/answer\/6004245?hl=en-GB\" target=\"_blank\" rel=\"noreferrer noopener\">hier<\/a>.<\/p>\r\n<p>&nbsp;<\/p>\r\n<!-- \/wp:paragraph -->\r\n<h2>Informationsklausel DSGVO<\/h2>\r\n<p>Gem\u00e4\u00df Art. 13 Abs. 1\u22122 der Verordnung (EU) 2016\/679 des Europ\u00e4ischen Parlaments und des Rates vom 27. April 2016 zum Schutz nat\u00fcrlicher Personen bei der Verarbeitung personenbezogener Daten, zum freien Datenverkehr und zur Aufhebung der Richtlinie 95\/46\/EG (Datenschutz-Grundverordnung) (Amtsblatt der EU L 119, S. 1) \u2013 weiter DSGVO genannt \u2212 informieren wir, dass:<br \/>der Verantwortliche f\u00fcr Ihre Daten die KME Sp. z o.o. mit Sitz in \u0141\u00f3d\u017a, 91-222 ul. \u015aw. Teresy od Dzieci\u0105tka Jezus 103A ist. NIP 732-199-00-33, KRS 0000181402 Bei Fragen zur Art und Umfang der Verarbeitung der personenbezogenen Daten bitten wir um Kontakt unter folgender E-Mail-Adresse: kme@kme.eu<\/p>\r\n<p>Zweck der Verarbeitung Ihrer Daten ist Abschluss und Ausf\u00fchrung zwischen Ihnen und dem Verantwortlichen eines Vertrags, weiter \u201eVertrag\u201c genannt, f\u00fcr den die Verarbeitung Ihrer Daten notwendig ist (Grundlage aus Art. 6 Abs. 1 Buchst. b DSGVO).<br \/>Ihre personenbezogenen Daten darf der Verantwortliche an externe Anbieter unterst\u00fctzender Dienste weiter \u00fcbermitteln, die der Verantwortliche mit mit der Verarbeitung personenbezogener Daten verbundenen Diensten beeauftragt hat, solchen wie IT-Dienste, Kurierdienste usw. Diese Einheiten d\u00fcrfen personenbezogene Daten anhand einer mit dem Verantwortlichen abgeschlossenem Vertrag verarbeiten.<\/p>\r\n<p>Der Verantwortliche hat nicht vor,Ihre personenbezogenen Daten an ein Drittland oder internationale Organisationen \u00fcbermitteln.<br \/>Aufgrund des Art. 15-18 und 20 DSGVO k\u00f6nnen Sie vom Verantwortlichen Auskunft \u00fcber Ihre Daten verlangen, haben Sie das Recht, sie zu berichtigen, zu \u00fcbertragen und zu l\u00f6schen.<br \/>Im Zusammenhang mit der Verarbeitung Ihrer personenbezogenen Daten durch den Verantwortlichen d\u00fcrfen Sie bei der Aufsichtsbeh\u00f6rde eine Beschwerde einlegen.<br \/>Anhand Ihrer Daten wird der Verantwortliche Ihnen gegen\u00fcber keine ausschlie\u00dflich auf einer automatisierten Verarbeitung \u2014 einschlie\u00dflich Profiling \u2014 beruhenden Entscheidungen unternehmen.<\/p>\r\n<p>KME Sp. z o.o.<\/p>\r\n<p>[\/vc_column_text][\/vc_column][\/vc_row][vc_row row_btt_skin=&#8220;light&#8220; row_background_text_position=&#8220;front&#8220;][vc_column][vc_empty_space][\/vc_column][\/vc_row]<\/p><\/div>","protected":false},"excerpt":{"rendered":"<p>[vc_row row_btt_skin=&#8220;light&#8220; row_background_text_position=&#8220;front&#8220;][vc_column][vc_column_text] 1. Allgemeine Bestimmungen Der Administrator Ihrer personenbezogenen Daten ist KME sp. z o. o. mit Sitz in \u0141\u00f3d\u017a, \u015aw. Teresy Od Dzieci\u0105tka Jesus 103A 91-200 \u0141\u00f3d\u017a.Diese Richtlinie gilt f\u00fcr Daten, die auf der https:\/\/www.kme.eu Website gesammelt werden. [&hellip;]<\/p>\n","protected":false},"author":1,"featured_media":0,"parent":13296,"menu_order":0,"comment_status":"closed","ping_status":"closed","template":"","meta":{"footnotes":""},"class_list":["post-12057","page","type-page","status-publish","hentry"],"acf":[],"yoast_head":"<!-- This site is optimized with the Yoast SEO plugin v27.5 - https:\/\/yoast.com\/product\/yoast-seo-wordpress\/ -->\n<title>Datenchutzbestimmungen - KME<\/title>\n<meta name=\"robots\" content=\"index, follow, max-snippet:-1, max-image-preview:large, max-video-preview:-1\" \/>\n<link rel=\"canonical\" href=\"https:\/\/kme.eu\/kme\/de\/ueber-uns\/datenchutzbestimmungen\/\" \/>\n<meta property=\"og:locale\" content=\"de_DE\" \/>\n<meta property=\"og:type\" content=\"article\" \/>\n<meta property=\"og:title\" content=\"Datenchutzbestimmungen - KME\" \/>\n<meta property=\"og:description\" content=\"[vc_row row_btt_skin=&#8220;light&#8220; row_background_text_position=&#8220;front&#8220;][vc_column][vc_column_text] 1. Allgemeine Bestimmungen Der Administrator Ihrer personenbezogenen Daten ist KME sp. z o. o. mit Sitz in \u0141\u00f3d\u017a, \u015aw. Teresy Od Dzieci\u0105tka Jesus 103A 91-200 \u0141\u00f3d\u017a.Diese Richtlinie gilt f\u00fcr Daten, die auf der https:\/\/www.kme.eu Website gesammelt werden. [&hellip;]\" \/>\n<meta property=\"og:url\" content=\"https:\/\/kme.eu\/kme\/de\/ueber-uns\/datenchutzbestimmungen\/\" \/>\n<meta property=\"og:site_name\" content=\"KME\" \/>\n<meta property=\"article:publisher\" content=\"https:\/\/www.facebook.com\/KME.LPG\/\" \/>\n<meta property=\"article:modified_time\" content=\"2022-03-25T07:18:38+00:00\" \/>\n<meta name=\"twitter:card\" content=\"summary_large_image\" \/>\n<meta name=\"twitter:label1\" content=\"Gesch\u00e4tzte Lesezeit\" \/>\n\t<meta name=\"twitter:data1\" content=\"5\u00a0Minuten\" \/>\n<script type=\"application\/ld+json\" class=\"yoast-schema-graph\">{\"@context\":\"https:\\\/\\\/schema.org\",\"@graph\":[{\"@type\":\"WebPage\",\"@id\":\"https:\\\/\\\/kme.eu\\\/kme\\\/de\\\/ueber-uns\\\/datenchutzbestimmungen\\\/\",\"url\":\"https:\\\/\\\/kme.eu\\\/kme\\\/de\\\/ueber-uns\\\/datenchutzbestimmungen\\\/\",\"name\":\"Datenchutzbestimmungen - KME\",\"isPartOf\":{\"@id\":\"https:\\\/\\\/kme.eu\\\/kme\\\/de\\\/#website\"},\"datePublished\":\"2021-05-31T21:12:59+00:00\",\"dateModified\":\"2022-03-25T07:18:38+00:00\",\"breadcrumb\":{\"@id\":\"https:\\\/\\\/kme.eu\\\/kme\\\/de\\\/ueber-uns\\\/datenchutzbestimmungen\\\/#breadcrumb\"},\"inLanguage\":\"de\",\"potentialAction\":[{\"@type\":\"ReadAction\",\"target\":[\"https:\\\/\\\/kme.eu\\\/kme\\\/de\\\/ueber-uns\\\/datenchutzbestimmungen\\\/\"]}]},{\"@type\":\"BreadcrumbList\",\"@id\":\"https:\\\/\\\/kme.eu\\\/kme\\\/de\\\/ueber-uns\\\/datenchutzbestimmungen\\\/#breadcrumb\",\"itemListElement\":[{\"@type\":\"ListItem\",\"position\":1,\"name\":\"Strona g\u0142\u00f3wna\",\"item\":\"https:\\\/\\\/kme.eu\\\/kme\\\/de\\\/\"},{\"@type\":\"ListItem\",\"position\":2,\"name\":\"\u00dcber uns\",\"item\":\"https:\\\/\\\/kme.eu\\\/kme\\\/de\\\/ueber-uns\\\/\"},{\"@type\":\"ListItem\",\"position\":3,\"name\":\"Datenchutzbestimmungen\"}]},{\"@type\":\"WebSite\",\"@id\":\"https:\\\/\\\/kme.eu\\\/kme\\\/de\\\/#website\",\"url\":\"https:\\\/\\\/kme.eu\\\/kme\\\/de\\\/\",\"name\":\"KME\",\"description\":\"Autogas Systems\",\"publisher\":{\"@id\":\"https:\\\/\\\/kme.eu\\\/kme\\\/de\\\/#organization\"},\"potentialAction\":[{\"@type\":\"SearchAction\",\"target\":{\"@type\":\"EntryPoint\",\"urlTemplate\":\"https:\\\/\\\/kme.eu\\\/kme\\\/de\\\/?s={search_term_string}\"},\"query-input\":{\"@type\":\"PropertyValueSpecification\",\"valueRequired\":true,\"valueName\":\"search_term_string\"}}],\"inLanguage\":\"de\"},{\"@type\":\"Organization\",\"@id\":\"https:\\\/\\\/kme.eu\\\/kme\\\/de\\\/#organization\",\"name\":\"KME\",\"url\":\"https:\\\/\\\/kme.eu\\\/kme\\\/de\\\/\",\"logo\":{\"@type\":\"ImageObject\",\"inLanguage\":\"de\",\"@id\":\"https:\\\/\\\/kme.eu\\\/kme\\\/de\\\/#\\\/schema\\\/logo\\\/image\\\/\",\"url\":\"https:\\\/\\\/kme.eu\\\/kme\\\/wp-content\\\/uploads\\\/2020\\\/04\\\/logo_KME_RGB_small_200px.png\",\"contentUrl\":\"https:\\\/\\\/kme.eu\\\/kme\\\/wp-content\\\/uploads\\\/2020\\\/04\\\/logo_KME_RGB_small_200px.png\",\"width\":272,\"height\":200,\"caption\":\"KME\"},\"image\":{\"@id\":\"https:\\\/\\\/kme.eu\\\/kme\\\/de\\\/#\\\/schema\\\/logo\\\/image\\\/\"},\"sameAs\":[\"https:\\\/\\\/www.facebook.com\\\/KME.LPG\\\/\",\"https:\\\/\\\/www.instagram.com\\\/kme_lpg\\\/\"]}]}<\/script>\n<!-- \/ Yoast SEO plugin. -->","yoast_head_json":{"title":"Datenchutzbestimmungen - KME","robots":{"index":"index","follow":"follow","max-snippet":"max-snippet:-1","max-image-preview":"max-image-preview:large","max-video-preview":"max-video-preview:-1"},"canonical":"https:\/\/kme.eu\/kme\/de\/ueber-uns\/datenchutzbestimmungen\/","og_locale":"de_DE","og_type":"article","og_title":"Datenchutzbestimmungen - KME","og_description":"[vc_row row_btt_skin=&#8220;light&#8220; row_background_text_position=&#8220;front&#8220;][vc_column][vc_column_text] 1. Allgemeine Bestimmungen Der Administrator Ihrer personenbezogenen Daten ist KME sp. z o. o. mit Sitz in \u0141\u00f3d\u017a, \u015aw. Teresy Od Dzieci\u0105tka Jesus 103A 91-200 \u0141\u00f3d\u017a.Diese Richtlinie gilt f\u00fcr Daten, die auf der https:\/\/www.kme.eu Website gesammelt werden. [&hellip;]","og_url":"https:\/\/kme.eu\/kme\/de\/ueber-uns\/datenchutzbestimmungen\/","og_site_name":"KME","article_publisher":"https:\/\/www.facebook.com\/KME.LPG\/","article_modified_time":"2022-03-25T07:18:38+00:00","twitter_card":"summary_large_image","twitter_misc":{"Gesch\u00e4tzte Lesezeit":"5\u00a0Minuten"},"schema":{"@context":"https:\/\/schema.org","@graph":[{"@type":"WebPage","@id":"https:\/\/kme.eu\/kme\/de\/ueber-uns\/datenchutzbestimmungen\/","url":"https:\/\/kme.eu\/kme\/de\/ueber-uns\/datenchutzbestimmungen\/","name":"Datenchutzbestimmungen - KME","isPartOf":{"@id":"https:\/\/kme.eu\/kme\/de\/#website"},"datePublished":"2021-05-31T21:12:59+00:00","dateModified":"2022-03-25T07:18:38+00:00","breadcrumb":{"@id":"https:\/\/kme.eu\/kme\/de\/ueber-uns\/datenchutzbestimmungen\/#breadcrumb"},"inLanguage":"de","potentialAction":[{"@type":"ReadAction","target":["https:\/\/kme.eu\/kme\/de\/ueber-uns\/datenchutzbestimmungen\/"]}]},{"@type":"BreadcrumbList","@id":"https:\/\/kme.eu\/kme\/de\/ueber-uns\/datenchutzbestimmungen\/#breadcrumb","itemListElement":[{"@type":"ListItem","position":1,"name":"Strona g\u0142\u00f3wna","item":"https:\/\/kme.eu\/kme\/de\/"},{"@type":"ListItem","position":2,"name":"\u00dcber uns","item":"https:\/\/kme.eu\/kme\/de\/ueber-uns\/"},{"@type":"ListItem","position":3,"name":"Datenchutzbestimmungen"}]},{"@type":"WebSite","@id":"https:\/\/kme.eu\/kme\/de\/#website","url":"https:\/\/kme.eu\/kme\/de\/","name":"KME","description":"Autogas Systems","publisher":{"@id":"https:\/\/kme.eu\/kme\/de\/#organization"},"potentialAction":[{"@type":"SearchAction","target":{"@type":"EntryPoint","urlTemplate":"https:\/\/kme.eu\/kme\/de\/?s={search_term_string}"},"query-input":{"@type":"PropertyValueSpecification","valueRequired":true,"valueName":"search_term_string"}}],"inLanguage":"de"},{"@type":"Organization","@id":"https:\/\/kme.eu\/kme\/de\/#organization","name":"KME","url":"https:\/\/kme.eu\/kme\/de\/","logo":{"@type":"ImageObject","inLanguage":"de","@id":"https:\/\/kme.eu\/kme\/de\/#\/schema\/logo\/image\/","url":"https:\/\/kme.eu\/kme\/wp-content\/uploads\/2020\/04\/logo_KME_RGB_small_200px.png","contentUrl":"https:\/\/kme.eu\/kme\/wp-content\/uploads\/2020\/04\/logo_KME_RGB_small_200px.png","width":272,"height":200,"caption":"KME"},"image":{"@id":"https:\/\/kme.eu\/kme\/de\/#\/schema\/logo\/image\/"},"sameAs":["https:\/\/www.facebook.com\/KME.LPG\/","https:\/\/www.instagram.com\/kme_lpg\/"]}]}},"_links":{"self":[{"href":"https:\/\/kme.eu\/kme\/de\/wp-json\/wp\/v2\/pages\/12057","targetHints":{"allow":["GET"]}}],"collection":[{"href":"https:\/\/kme.eu\/kme\/de\/wp-json\/wp\/v2\/pages"}],"about":[{"href":"https:\/\/kme.eu\/kme\/de\/wp-json\/wp\/v2\/types\/page"}],"author":[{"embeddable":true,"href":"https:\/\/kme.eu\/kme\/de\/wp-json\/wp\/v2\/users\/1"}],"replies":[{"embeddable":true,"href":"https:\/\/kme.eu\/kme\/de\/wp-json\/wp\/v2\/comments?post=12057"}],"version-history":[{"count":0,"href":"https:\/\/kme.eu\/kme\/de\/wp-json\/wp\/v2\/pages\/12057\/revisions"}],"up":[{"embeddable":true,"href":"https:\/\/kme.eu\/kme\/de\/wp-json\/wp\/v2\/pages\/13296"}],"wp:attachment":[{"href":"https:\/\/kme.eu\/kme\/de\/wp-json\/wp\/v2\/media?parent=12057"}],"curies":[{"name":"wp","href":"https:\/\/api.w.org\/{rel}","templated":true}]}}