{"id":12108,"date":"2021-06-01T00:38:46","date_gmt":"2021-05-31T22:38:46","guid":{"rendered":"https:\/\/kme.eu\/kme\/werkzeuge-des-fahrers\/faq\/"},"modified":"2026-03-30T14:24:54","modified_gmt":"2026-03-30T12:24:54","slug":"faq","status":"publish","type":"page","link":"https:\/\/kme.eu\/kme\/de\/werkzeuge-des-fahrers\/faq\/","title":{"rendered":"FAQ"},"content":{"rendered":"<div class=\"wpb-content-wrapper\"><p>[vc_row row_content_width=&#8220;grid&#8220; row_btt_skin=&#8220;light&#8220; row_background_text_position=&#8220;front&#8220;][vc_column][vc_column_text]<\/p>\n<h3>An h\u00e4ufigsten gestellte Fragen<\/h3>\n<p>Schauen Sie sich die amh\u00e4ufigsten gestellte Fragen \u00fcner die LPG-Anlagen der Firma KME.[\/vc_column_text][\/vc_column][\/vc_row][vc_row row_content_width=&#8220;grid&#8220; row_btt_skin=&#8220;light&#8220; row_background_text_position=&#8220;front&#8220; css=&#8220;.vc_custom_1593091877822{padding-top: 20px !important;}&#8220;][vc_column offset=&#8220;vc_col-lg-offset-0 vc_col-lg-12 vc_col-md-offset-0 vc_col-md-12 vc_col-sm-offset-0&#8243; css=&#8220;.vc_custom_1593091830503{padding-top: 20px !important;}&#8220;]<div class=\"mkdf-accordion-holder mkdf-ac-default  mkdf-accordion mkdf-ac-boxed mkdf-white-skin mkdf-ac-with-bg-pattern mkdf-ac-with-order-number clearfix\">\n\t<h4 class=\"mkdf-accordion-title\" >\n    <span class=\"mkdf-tab-title\">Kann LPG in meinem Auto installiert werden?<\/span>\n    <span class=\"mkdf-accordion-mark\">\n\t\t<span class=\"mkdf_icon_plus icon_plus\"><\/span>\n\t\t<span class=\"mkdf_icon_minus icon_minus-06\"><\/span>\n\t<\/span>\n<\/h4>\n<div class=\"mkdf-accordion-content\">\n\t<div class=\"mkdf-accordion-content-inner\">\n\t\t[vc_column_text css_animation=&#8220;fadeIn&#8220;]Die Anlagen von<strong>KME<\/strong> aus der Familie<strong>NEVO-SKY<\/strong>sind eine universelle L\u00f6sung f\u00fcr Verbrennungsmotoren mit Funkz\u00fcndung mit elektromagnetischen Injektoren. Es bedeutet, dass wir die meisten erh\u00e4ltlichen Marken und Modelle der Autos abdecken.<br \/>\nUm sich zu sichern, ob das Auto sich auf LPG umr\u00fcsten l\u00e4sst, soll man am besten <strong><a href=\"https:\/\/kme.eu\/kme\/de\/kontakt-2\/firmenwerkstatt\/\">die Werkstatt fragen<\/a><\/strong>. Bereiten Sie entsprechende Angaben, um die Suche zu vereinfachen. Hilfreich k\u00f6nnten sein:<\/p>\n<ul>\n<li>Modell und Marke des Autos<\/li>\n<li>Baujahr<\/li>\n<li>Leistung und Hubraum<\/li>\n<li>Motorcode oder VIN-Nummer<\/li>\n<\/ul>\n<p>[\/vc_column_text]\t<\/div>\n<\/div><h4 class=\"mkdf-accordion-title\" >\n    <span class=\"mkdf-tab-title\">Kann ein Direkteinspritzer auf Gas umger\u00fcstet werden?<\/span>\n    <span class=\"mkdf-accordion-mark\">\n\t\t<span class=\"mkdf_icon_plus icon_plus\"><\/span>\n\t\t<span class=\"mkdf_icon_minus icon_minus-06\"><\/span>\n\t<\/span>\n<\/h4>\n<div class=\"mkdf-accordion-content\">\n\t<div class=\"mkdf-accordion-content-inner\">\n\t\t<div class=\"mkdf-elements-holder   mkdf-two-columns  mkdf-responsive-mode-768 \" ><div class=\"mkdf-eh-item    \"  data-item-class=\"mkdf-eh-custom-2933\">\n\t<div class=\"mkdf-eh-item-inner\">\n\t\t<div class=\"mkdf-eh-item-content mkdf-eh-custom-2933\" >\n\t\t\t[vc_single_image image=&#8220;11977&#8243; img_size=&#8220;medium&#8220; alignment=&#8220;center&#8220; onclick=&#8220;custom_link&#8220; css_animation=&#8220;right-to-left&#8220; link=&#8220;\/kme\/produkt\/sterownik-direct\/&#8220;]\t\t<\/div>\n\t<\/div>\n<\/div><div class=\"mkdf-eh-item    \"  data-item-class=\"mkdf-eh-custom-4830\">\n\t<div class=\"mkdf-eh-item-inner\">\n\t\t<div class=\"mkdf-eh-item-content mkdf-eh-custom-4830\" >\n\t\t\t[vc_column_text css_animation=&#8220;fadeIn&#8220;]<strong>JA.<\/strong> Zu Autos mit Direkteinspritzung verwenden wir Steuerger\u00e4te <strong><a href=\"https:\/\/kme.eu\/kme\/de\/produkt\/steuergerat-direct\/\">NEVO-SKY DIRECT<\/a>.<\/strong>Man soll jedoch mit geringem Verbrauch des anderen Kraftstoffs bei Gasbetrieb rechnen, um die Benzininjektoren zu sch\u00fctzen.<\/p>\n<div class=\"sdm_download_button_box_default\"><div class=\"sdm_download_link\"><a href=\"https:\/\/kme.eu\/kme\/de\/\/?sdm_process_download=1&download_id=7668\" class=\"sdm_download orange\" title=\"Lista aut KME NEVO-SKY DIRECT\" target=&quot;_blank&quot;>Lista aut<\/a><\/div><\/div>[\/vc_column_text]\t\t<\/div>\n\t<\/div>\n<\/div><\/div>\t<\/div>\n<\/div><h4 class=\"mkdf-accordion-title\" >\n    <span class=\"mkdf-tab-title\">Werden KME FENIX Injektoren ein 4-Zylinder-Auto mit 220 PS unterst\u00fctzen?<\/span>\n    <span class=\"mkdf-accordion-mark\">\n\t\t<span class=\"mkdf_icon_plus icon_plus\"><\/span>\n\t\t<span class=\"mkdf_icon_minus icon_minus-06\"><\/span>\n\t<\/span>\n<\/h4>\n<div class=\"mkdf-accordion-content\">\n\t<div class=\"mkdf-accordion-content-inner\">\n\t\t<div class=\"mkdf-elements-holder   mkdf-two-columns  mkdf-responsive-mode-768 \" ><div class=\"mkdf-eh-item    \"  data-item-class=\"mkdf-eh-custom-7470\">\n\t<div class=\"mkdf-eh-item-inner\">\n\t\t<div class=\"mkdf-eh-item-content mkdf-eh-custom-7470\" >\n\t\t\t[vc_single_image image=&#8220;7285&#8243; img_size=&#8220;medium&#8220; alignment=&#8220;center&#8220; onclick=&#8220;custom_link&#8220; css_animation=&#8220;right-to-left&#8220; link=&#8220;\/kme\/produkt\/wtryskiwacz-fenix-listwa-4\/&#8220;]\t\t<\/div>\n\t<\/div>\n<\/div><div class=\"mkdf-eh-item    \"  data-item-class=\"mkdf-eh-custom-4766\">\n\t<div class=\"mkdf-eh-item-inner\">\n\t\t<div class=\"mkdf-eh-item-content mkdf-eh-custom-4766\" >\n\t\t\t[vc_column_text css_animation=&#8220;fadeIn&#8220;]<strong>JA<\/strong>. Die Injektoren <a href=\"https:\/\/kme.eu\/kme\/de\/produkt\/injektor-fenix-leiste-4\/\"><strong>KME FENIX<\/strong><\/a> haben eine Leistung von bis zu 65 PS pro Zylinder, werden also bei 4 Zylindern bis zu 260 PS bedienen k\u00f6nnen.<\/p>\n<p><strong><a href=\"https:\/\/kme.eu\/kme\/portfolio-tag\/fenix\/\">Schauen Sie sich Ausf\u00fchrungen unserer Werkstatt mit FENIX-Injektoren an.<\/a><\/strong>[\/vc_column_text]\t\t<\/div>\n\t<\/div>\n<\/div><\/div>\t<\/div>\n<\/div><h4 class=\"mkdf-accordion-title\" >\n    <span class=\"mkdf-tab-title\">Wie viel spare ich, wenn ich LPG fahre?<\/span>\n    <span class=\"mkdf-accordion-mark\">\n\t\t<span class=\"mkdf_icon_plus icon_plus\"><\/span>\n\t\t<span class=\"mkdf_icon_minus icon_minus-06\"><\/span>\n\t<\/span>\n<\/h4>\n<div class=\"mkdf-accordion-content\">\n\t<div class=\"mkdf-accordion-content-inner\">\n\t\t[vc_column_text]Verbrennung von LPG h\u00e4ngt von vielen Faktoren ab und ist f\u00fcr jedes Auto anders. Einen Einfluss hat auch der Fahrstil.<br \/>\nBei Sch\u00e4tzung der Erspernisse hilf Ihnen unser <strong><a href=\"https:\/\/kme.eu\/kme\/de\/werkzeuge-des-fahrers\/lpg-rechner\/\">LPG-Rechner<\/a>.<\/strong>[\/vc_column_text]\t<\/div>\n<\/div><h4 class=\"mkdf-accordion-title\" >\n    <span class=\"mkdf-tab-title\">Warum verbraucht der DIRECT-Regler kraftstoff, wenn er mit Gas arbeitet?<\/span>\n    <span class=\"mkdf-accordion-mark\">\n\t\t<span class=\"mkdf_icon_plus icon_plus\"><\/span>\n\t\t<span class=\"mkdf_icon_minus icon_minus-06\"><\/span>\n\t<\/span>\n<\/h4>\n<div class=\"mkdf-accordion-content\">\n\t<div class=\"mkdf-accordion-content-inner\">\n\t\t[vc_column_text css_animation=&#8220;fadeIn&#8220;]Weil im Direkteinspritzmotor der Benzininjektor innerhalb der Verbrennungskammer montiert ist, ist er der Wirkung sehr hoher Temperatur und sehr hohen Drucks ausgesetzt. Beim Benzinbetrieb k\u00fchlt ihn das durchstr\u00f6mende Benzin und sch\u00fctzt ihn vor Anhaftung von Ru\u00df. Ohne Benzindurchfluss kann der Benzininjektor besch\u00e4digt werden. Deswegen garantieren wir durch K\u00fchlung und Reinigung der Injektoren beim Gasbetrieb <strong>Zuverl\u00e4ssigkeit und Sicherheit<\/strong> Ihres Motors.[\/vc_column_text]\t<\/div>\n<\/div><h4 class=\"mkdf-accordion-title\" >\n    <span class=\"mkdf-tab-title\">Was wird empfohlen, um die Gasanlage zu inspizieren?<\/span>\n    <span class=\"mkdf-accordion-mark\">\n\t\t<span class=\"mkdf_icon_plus icon_plus\"><\/span>\n\t\t<span class=\"mkdf_icon_minus icon_minus-06\"><\/span>\n\t<\/span>\n<\/h4>\n<div class=\"mkdf-accordion-content\">\n\t<div class=\"mkdf-accordion-content-inner\">\n\t\t[vc_column_text css_animation=&#8220;fadeIn&#8220;]Wie bei standardm\u00e4\u00dfigem Betrieb wird eine Inspektion der Gasanlage je 10 Tsd. km oder einmal im Jahr empfohlen.<\/p>\n<p><strong><a href=\"https:\/\/kme.eu\/kme\/de\/werkzeuge-des-fahrers\/werkstatt-in-polen-finden\/\">Liste empfohlener Werkst\u00e4tte.<\/a><\/strong>[\/vc_column_text]\t<\/div>\n<\/div><h4 class=\"mkdf-accordion-title\" >\n    <span class=\"mkdf-tab-title\">Wo kann ich eine KME-Installation einrichten?<\/span>\n    <span class=\"mkdf-accordion-mark\">\n\t\t<span class=\"mkdf_icon_plus icon_plus\"><\/span>\n\t\t<span class=\"mkdf_icon_minus icon_minus-06\"><\/span>\n\t<\/span>\n<\/h4>\n<div class=\"mkdf-accordion-content\">\n\t<div class=\"mkdf-accordion-content-inner\">\n\t\t[vc_column_text css_animation=&#8220;fadeIn&#8220;]Um eine von uns empfohlene Werkstatt in Ihrer Ggend zu finden, nutzen Sie die <a href=\"https:\/\/kme.eu\/kme\/de\/werkzeuge-des-fahrers\/werkstatt-in-polen-finden\/\"><strong>Karte<\/strong><\/a> , kontaktieren Sie den <a href=\"https:\/\/kme.eu\/kme\/de\/kontakt-2\/technische-berater\/\"><strong>Regionalberater<\/strong><\/a> oder vereinbaren Sie einen Termin in der <a href=\"https:\/\/kme.eu\/kme\/de\/kontakt-2\/firmenwerkstatt\/\"><strong>Firmenwerkstatt<\/strong><\/a>.[\/vc_column_text]\t<\/div>\n<\/div><h4 class=\"mkdf-accordion-title\" >\n    <span class=\"mkdf-tab-title\">Erf\u00fcllt die KME-Anlage die EURO 6-Norm?<\/span>\n    <span class=\"mkdf-accordion-mark\">\n\t\t<span class=\"mkdf_icon_plus icon_plus\"><\/span>\n\t\t<span class=\"mkdf_icon_minus icon_minus-06\"><\/span>\n\t<\/span>\n<\/h4>\n<div class=\"mkdf-accordion-content\">\n\t<div class=\"mkdf-accordion-content-inner\">\n\t\t[vc_column_text css_animation=&#8220;fadeIn&#8220;]Ja! Unsere Anlagen werden gem\u00e4\u00df den neuesten WLPT-Verfahren im polnischen Institut f\u00fcr Autotransport, genauso wie Serienwagen getestet werden,gepr\u00fcft. <a href=\"https:\/\/kme.eu\/kme\/czy-instalacje-lpg-spelniaja-normy-euro-6\/\">Mehr lesen&#8230;<\/a>[\/vc_column_text]\t<\/div>\n<\/div><h4 class=\"mkdf-accordion-title\" >\n    <span class=\"mkdf-tab-title\">Erhalte ich eine Garantie auf KME-Installationen?<\/span>\n    <span class=\"mkdf-accordion-mark\">\n\t\t<span class=\"mkdf_icon_plus icon_plus\"><\/span>\n\t\t<span class=\"mkdf_icon_minus icon_minus-06\"><\/span>\n\t<\/span>\n<\/h4>\n<div class=\"mkdf-accordion-content\">\n\t<div class=\"mkdf-accordion-content-inner\">\n\t\t[vc_column_text css_animation=&#8220;fadeIn&#8220;]Die Firma KME gew\u00e4hrt eine <strong>2-j\u00e4hrige Garantie<\/strong> auf eigene Produkte. Die Montagegarantie f\u00fcr die Anlage gew\u00e4hrt die montierende Werkstatt.[\/vc_column_text]\t<\/div>\n<\/div><h4 class=\"mkdf-accordion-title\" >\n    <span class=\"mkdf-tab-title\">Was muss ich nach der Installation der KME-Gasanlage tun?<\/span>\n    <span class=\"mkdf-accordion-mark\">\n\t\t<span class=\"mkdf_icon_plus icon_plus\"><\/span>\n\t\t<span class=\"mkdf_icon_minus icon_minus-06\"><\/span>\n\t<\/span>\n<\/h4>\n<div class=\"mkdf-accordion-content\">\n\t<div class=\"mkdf-accordion-content-inner\">\n\t\t[vc_column_text css_animation=&#8220;fadeIn&#8220;]In dem Kraftfahrzeugamt, in dem der Wagen zugelassen wurde, muss man melden, dass der Wagen ab jetzt mit LPG betrieben wird.<\/p>\n<p>Man soll dabei folgende Dokumente vorlegen:<\/p>\n<ul>\n<li><strong>Auszug aus dem Homologationszeugnis<\/strong> der Montageart, die das jeweilige Auto an Gasbetrieb angepasst hatte,<\/li>\n<li><strong>Attest f\u00fcr den Tank<\/strong>, den sog. Pass (wird von dem Montagebetrieb ausgeh\u00e4ndigt, stammt aber direkt vom Hersteller); er best\u00e4tigt die Pr\u00fcfung und Zulassung des Tanks durch T\u00dcV;<\/li>\n<li><strong>Rechnung<\/strong> fpr den Dienst (sollte die sog. VIN-Nummer und die Zulassungsnummer des Autos \u2013 wenn schon zugelassen \u2013 enthalten);<\/li>\n<li><strong>Zulassung des Autos.<\/strong><\/li>\n<\/ul>\n<p>[\/vc_column_text]\t<\/div>\n<\/div><\/div>[\/vc_column][\/vc_row][vc_row row_btt_skin=&#8220;light&#8220; row_background_text_position=&#8220;front&#8220;][vc_column][vc_empty_space][\/vc_column][\/vc_row][vc_row content_placement=&#8220;middle&#8220; row_content_width=&#8220;grid&#8220; row_btt_skin=&#8220;light&#8220; row_background_text_position=&#8220;front&#8220;][vc_column][vc_empty_space]<div class=\"mkdf-elements-holder   mkdf-one-column  mkdf-responsive-mode-768 \" ><div class=\"mkdf-eh-item    \"  data-item-class=\"mkdf-eh-custom-3843\">\n\t<div class=\"mkdf-eh-item-inner\">\n\t\t<div class=\"mkdf-eh-item-content mkdf-eh-custom-3843\" >\n\t\t\t[vc_column_text]<\/p>\n<h2><strong>Frage an den Experten<\/strong><\/h2>\n<p>[\/vc_column_text][vc_empty_space]\n<div class=\"wpcf7 no-js\" id=\"wpcf7-f14100-o1\" lang=\"pl-PL\" dir=\"ltr\" data-wpcf7-id=\"14100\">\n<div class=\"screen-reader-response\"><p role=\"status\" aria-live=\"polite\" aria-atomic=\"true\"><\/p> <ul><\/ul><\/div>\n<form action=\"\/kme\/de\/wp-json\/wp\/v2\/pages\/12108#wpcf7-f14100-o1\" method=\"post\" class=\"wpcf7-form init\" aria-label=\"Formularz kontaktowy\" novalidate=\"novalidate\" data-status=\"init\">\n<fieldset class=\"hidden-fields-container\"><input type=\"hidden\" name=\"_wpcf7\" value=\"14100\" \/><input type=\"hidden\" name=\"_wpcf7_version\" value=\"6.1.5\" \/><input type=\"hidden\" name=\"_wpcf7_locale\" value=\"pl_PL\" \/><input type=\"hidden\" name=\"_wpcf7_unit_tag\" value=\"wpcf7-f14100-o1\" \/><input type=\"hidden\" name=\"_wpcf7_container_post\" value=\"0\" \/><input type=\"hidden\" name=\"_wpcf7_posted_data_hash\" value=\"\" \/><input type=\"hidden\" name=\"_wpcf7cf_hidden_group_fields\" value=\"[]\" \/><input type=\"hidden\" name=\"_wpcf7cf_hidden_groups\" value=\"[]\" \/><input type=\"hidden\" name=\"_wpcf7cf_visible_groups\" value=\"[]\" \/><input type=\"hidden\" name=\"_wpcf7cf_repeaters\" value=\"[]\" \/><input type=\"hidden\" name=\"_wpcf7cf_steps\" value=\"{}\" \/><input type=\"hidden\" name=\"_wpcf7cf_options\" value=\"{&quot;form_id&quot;:14100,&quot;conditions&quot;:[],&quot;settings&quot;:{&quot;animation&quot;:&quot;yes&quot;,&quot;animation_intime&quot;:200,&quot;animation_outtime&quot;:200,&quot;conditions_ui&quot;:&quot;normal&quot;,&quot;notice_dismissed&quot;:false,&quot;notice_dismissed_rollback-cf7-5.4.1&quot;:true,&quot;notice_dismissed_update-cf7-5.8.7&quot;:true,&quot;notice_dismissed_rollback-cf7-5.9.4&quot;:true,&quot;notice_dismissed_rollback-cf7-6.1.4&quot;:true}}\" \/>\n<\/fieldset>\n<p><label> Vor- und Nachname *<br \/>\n<span class=\"wpcf7-form-control-wrap\" data-name=\"your-name\"><input size=\"40\" maxlength=\"400\" class=\"wpcf7-form-control wpcf7-text wpcf7-validates-as-required\" aria-required=\"true\" aria-invalid=\"false\" value=\"\" type=\"text\" name=\"your-name\" \/><\/span><br \/>\n<\/label>\n<\/p>\n<p><label> Firma<br \/>\n<span class=\"wpcf7-form-control-wrap\" data-name=\"your-company\"><input size=\"40\" maxlength=\"400\" class=\"wpcf7-form-control wpcf7-text wpcf7-validates-as-required\" aria-required=\"true\" aria-invalid=\"false\" value=\"\" type=\"text\" name=\"your-company\" \/><\/span> <\/label>\n<\/p>\n<p><label> Ihre E-Mail-Adresse *<br \/>\n<span class=\"wpcf7-form-control-wrap\" data-name=\"your-email\"><input size=\"40\" maxlength=\"400\" class=\"wpcf7-form-control wpcf7-email wpcf7-validates-as-required wpcf7-text wpcf7-validates-as-email\" aria-required=\"true\" aria-invalid=\"false\" value=\"\" type=\"email\" name=\"your-email\" \/><\/span><br \/>\n<\/label>\n<\/p>\n<p><label> Worum geht es bei der Frage? *<br \/>\n<span class=\"wpcf7-form-control-wrap\" data-name=\"mail-to\"><select class=\"wpcf7-form-control wpcf7-select wpcf7-validates-as-required\" aria-required=\"true\" aria-invalid=\"false\" name=\"mail-to\"><option value=\"Elektronik\">Elektronik<\/option><option value=\"Injektoren\">Injektoren<\/option><option value=\"Programm\">Programm<\/option><option value=\"Andere\">Andere<\/option><\/select><\/span><br \/>\n<\/label>\n<\/p>\n<p><label> Betreff *<br \/>\n<span class=\"wpcf7-form-control-wrap\" data-name=\"your-subject\"><input size=\"40\" maxlength=\"400\" class=\"wpcf7-form-control wpcf7-text wpcf7-validates-as-required\" aria-required=\"true\" aria-invalid=\"false\" value=\"\" type=\"text\" name=\"your-subject\" \/><\/span><br \/>\n<\/label>\n<\/p>\n<p><label> Inhalt der Frage *<br \/>\n<span class=\"wpcf7-form-control-wrap\" data-name=\"your-message\"><textarea cols=\"40\" rows=\"10\" maxlength=\"2000\" class=\"wpcf7-form-control wpcf7-textarea wpcf7-validates-as-required\" aria-required=\"true\" aria-invalid=\"false\" name=\"your-message\"><\/textarea><\/span><br \/>\n<\/label>\n<\/p>\n<p><span class=\"wpcf7-form-control-wrap\" data-name=\"RODO\"><span class=\"wpcf7-form-control wpcf7-checkbox wpcf7-validates-as-required\" id=\"expert_polityka\"><span class=\"wpcf7-list-item first last\"><input type=\"checkbox\" name=\"RODO[]\" value=\"Ich stimme zu\" \/><span class=\"wpcf7-list-item-label\">Ich stimme zu<\/span><\/span><\/span><\/span>\n<\/p>\n<p><button class=\"wpcf7-form-control wpcf7-submit mkdf-btn mkdf-btn-medium mkdf-btn-solid\" type=\"submit\"><span class=\"mkdf-btn-text\">Senden<\/span><\/button>\n<\/p><div class=\"inv-recaptcha-holder\"><\/div><div class=\"wpcf7-response-output\" aria-hidden=\"true\"><\/div>\n<\/form>\n<\/div>\n\t\t<\/div>\n\t<\/div>\n<\/div><\/div>[\/vc_column][\/vc_row][vc_row row_btt_skin=&#8220;light&#8220; row_background_text_position=&#8220;front&#8220;][vc_column][vc_empty_space][\/vc_column][\/vc_row]<\/p>\n<\/div>","protected":false},"excerpt":{"rendered":"<p>[vc_row row_content_width=&#8220;grid&#8220; row_btt_skin=&#8220;light&#8220; row_background_text_position=&#8220;front&#8220;][vc_column][vc_column_text] An h\u00e4ufigsten gestellte Fragen Schauen Sie sich die amh\u00e4ufigsten gestellte Fragen \u00fcner die LPG-Anlagen der Firma KME.[\/vc_column_text][\/vc_column][\/vc_row][vc_row row_content_width=&#8220;grid&#8220; row_btt_skin=&#8220;light&#8220; row_background_text_position=&#8220;front&#8220; css=&#8220;.vc_custom_1593091877822{padding-top: 20px !important;}&#8220;][vc_column offset=&#8220;vc_col-lg-offset-0 vc_col-lg-12 vc_col-md-offset-0 vc_col-md-12 vc_col-sm-offset-0&#8243; css=&#8220;.vc_custom_1593091830503{padding-top: 20px !important;}&#8220;][\/vc_column][\/vc_row][vc_row row_btt_skin=&#8220;light&#8220; row_background_text_position=&#8220;front&#8220;][vc_column][vc_empty_space][\/vc_column][\/vc_row][vc_row content_placement=&#8220;middle&#8220; row_content_width=&#8220;grid&#8220; row_btt_skin=&#8220;light&#8220; [&hellip;]<\/p>\n","protected":false},"author":1,"featured_media":0,"parent":12081,"menu_order":0,"comment_status":"closed","ping_status":"closed","template":"full-width.php","meta":{"footnotes":""},"class_list":["post-12108","page","type-page","status-publish","hentry"],"acf":[],"yoast_head":"<!-- This site is optimized with the Yoast SEO plugin v27.4 - https:\/\/yoast.com\/product\/yoast-seo-wordpress\/ -->\n<title>FAQ - KME<\/title>\n<meta name=\"description\" content=\"FAQ (engl. Frequently Asked Questions) \u2013 schauen Sie sich die Antworten auf die am h\u00e4ufigsten gestellten Fragen \u00fcber LPG-Anlagen der Firma KME sp. z o.o.\" \/>\n<meta name=\"robots\" content=\"index, follow, max-snippet:-1, max-image-preview:large, max-video-preview:-1\" \/>\n<link rel=\"canonical\" href=\"https:\/\/kme.eu\/kme\/de\/werkzeuge-des-fahrers\/faq\/\" \/>\n<meta property=\"og:locale\" content=\"de_DE\" \/>\n<meta property=\"og:type\" content=\"article\" \/>\n<meta property=\"og:title\" content=\"FAQ - KME\" \/>\n<meta property=\"og:description\" content=\"FAQ (engl. Frequently Asked Questions) \u2013 schauen Sie sich die Antworten auf die am h\u00e4ufigsten gestellten Fragen \u00fcber LPG-Anlagen der Firma KME sp. z o.o.\" \/>\n<meta property=\"og:url\" content=\"https:\/\/kme.eu\/kme\/de\/werkzeuge-des-fahrers\/faq\/\" \/>\n<meta property=\"og:site_name\" content=\"KME\" \/>\n<meta property=\"article:publisher\" content=\"https:\/\/www.facebook.com\/KME.LPG\/\" \/>\n<meta property=\"article:modified_time\" content=\"2026-03-30T12:24:54+00:00\" \/>\n<meta name=\"twitter:card\" content=\"summary_large_image\" \/>\n<script type=\"application\/ld+json\" class=\"yoast-schema-graph\">{\"@context\":\"https:\\\/\\\/schema.org\",\"@graph\":[{\"@type\":\"WebPage\",\"@id\":\"https:\\\/\\\/kme.eu\\\/kme\\\/de\\\/werkzeuge-des-fahrers\\\/faq\\\/\",\"url\":\"https:\\\/\\\/kme.eu\\\/kme\\\/de\\\/werkzeuge-des-fahrers\\\/faq\\\/\",\"name\":\"FAQ - KME\",\"isPartOf\":{\"@id\":\"https:\\\/\\\/kme.eu\\\/kme\\\/de\\\/#website\"},\"datePublished\":\"2021-05-31T22:38:46+00:00\",\"dateModified\":\"2026-03-30T12:24:54+00:00\",\"description\":\"FAQ (engl. Frequently Asked Questions) \u2013 schauen Sie sich die Antworten auf die am h\u00e4ufigsten gestellten Fragen \u00fcber LPG-Anlagen der Firma KME sp. z o.o.\",\"breadcrumb\":{\"@id\":\"https:\\\/\\\/kme.eu\\\/kme\\\/de\\\/werkzeuge-des-fahrers\\\/faq\\\/#breadcrumb\"},\"inLanguage\":\"de\",\"potentialAction\":[{\"@type\":\"ReadAction\",\"target\":[\"https:\\\/\\\/kme.eu\\\/kme\\\/de\\\/werkzeuge-des-fahrers\\\/faq\\\/\"]}]},{\"@type\":\"BreadcrumbList\",\"@id\":\"https:\\\/\\\/kme.eu\\\/kme\\\/de\\\/werkzeuge-des-fahrers\\\/faq\\\/#breadcrumb\",\"itemListElement\":[{\"@type\":\"ListItem\",\"position\":1,\"name\":\"Strona g\u0142\u00f3wna\",\"item\":\"https:\\\/\\\/kme.eu\\\/kme\\\/de\\\/\"},{\"@type\":\"ListItem\",\"position\":2,\"name\":\"Werkzeuge des Fahrers\",\"item\":\"https:\\\/\\\/kme.eu\\\/kme\\\/de\\\/werkzeuge-des-fahrers\\\/\"},{\"@type\":\"ListItem\",\"position\":3,\"name\":\"FAQ\"}]},{\"@type\":\"WebSite\",\"@id\":\"https:\\\/\\\/kme.eu\\\/kme\\\/de\\\/#website\",\"url\":\"https:\\\/\\\/kme.eu\\\/kme\\\/de\\\/\",\"name\":\"KME\",\"description\":\"Autogas Systems\",\"publisher\":{\"@id\":\"https:\\\/\\\/kme.eu\\\/kme\\\/de\\\/#organization\"},\"potentialAction\":[{\"@type\":\"SearchAction\",\"target\":{\"@type\":\"EntryPoint\",\"urlTemplate\":\"https:\\\/\\\/kme.eu\\\/kme\\\/de\\\/?s={search_term_string}\"},\"query-input\":{\"@type\":\"PropertyValueSpecification\",\"valueRequired\":true,\"valueName\":\"search_term_string\"}}],\"inLanguage\":\"de\"},{\"@type\":\"Organization\",\"@id\":\"https:\\\/\\\/kme.eu\\\/kme\\\/de\\\/#organization\",\"name\":\"KME\",\"url\":\"https:\\\/\\\/kme.eu\\\/kme\\\/de\\\/\",\"logo\":{\"@type\":\"ImageObject\",\"inLanguage\":\"de\",\"@id\":\"https:\\\/\\\/kme.eu\\\/kme\\\/de\\\/#\\\/schema\\\/logo\\\/image\\\/\",\"url\":\"https:\\\/\\\/kme.eu\\\/kme\\\/wp-content\\\/uploads\\\/2020\\\/04\\\/logo_KME_RGB_small_200px.png\",\"contentUrl\":\"https:\\\/\\\/kme.eu\\\/kme\\\/wp-content\\\/uploads\\\/2020\\\/04\\\/logo_KME_RGB_small_200px.png\",\"width\":272,\"height\":200,\"caption\":\"KME\"},\"image\":{\"@id\":\"https:\\\/\\\/kme.eu\\\/kme\\\/de\\\/#\\\/schema\\\/logo\\\/image\\\/\"},\"sameAs\":[\"https:\\\/\\\/www.facebook.com\\\/KME.LPG\\\/\",\"https:\\\/\\\/www.instagram.com\\\/kme_lpg\\\/\"]}]}<\/script>\n<!-- \/ Yoast SEO plugin. -->","yoast_head_json":{"title":"FAQ - KME","description":"FAQ (engl. Frequently Asked Questions) \u2013 schauen Sie sich die Antworten auf die am h\u00e4ufigsten gestellten Fragen \u00fcber LPG-Anlagen der Firma KME sp. z o.o.","robots":{"index":"index","follow":"follow","max-snippet":"max-snippet:-1","max-image-preview":"max-image-preview:large","max-video-preview":"max-video-preview:-1"},"canonical":"https:\/\/kme.eu\/kme\/de\/werkzeuge-des-fahrers\/faq\/","og_locale":"de_DE","og_type":"article","og_title":"FAQ - KME","og_description":"FAQ (engl. Frequently Asked Questions) \u2013 schauen Sie sich die Antworten auf die am h\u00e4ufigsten gestellten Fragen \u00fcber LPG-Anlagen der Firma KME sp. z o.o.","og_url":"https:\/\/kme.eu\/kme\/de\/werkzeuge-des-fahrers\/faq\/","og_site_name":"KME","article_publisher":"https:\/\/www.facebook.com\/KME.LPG\/","article_modified_time":"2026-03-30T12:24:54+00:00","twitter_card":"summary_large_image","schema":{"@context":"https:\/\/schema.org","@graph":[{"@type":"WebPage","@id":"https:\/\/kme.eu\/kme\/de\/werkzeuge-des-fahrers\/faq\/","url":"https:\/\/kme.eu\/kme\/de\/werkzeuge-des-fahrers\/faq\/","name":"FAQ - KME","isPartOf":{"@id":"https:\/\/kme.eu\/kme\/de\/#website"},"datePublished":"2021-05-31T22:38:46+00:00","dateModified":"2026-03-30T12:24:54+00:00","description":"FAQ (engl. Frequently Asked Questions) \u2013 schauen Sie sich die Antworten auf die am h\u00e4ufigsten gestellten Fragen \u00fcber LPG-Anlagen der Firma KME sp. z o.o.","breadcrumb":{"@id":"https:\/\/kme.eu\/kme\/de\/werkzeuge-des-fahrers\/faq\/#breadcrumb"},"inLanguage":"de","potentialAction":[{"@type":"ReadAction","target":["https:\/\/kme.eu\/kme\/de\/werkzeuge-des-fahrers\/faq\/"]}]},{"@type":"BreadcrumbList","@id":"https:\/\/kme.eu\/kme\/de\/werkzeuge-des-fahrers\/faq\/#breadcrumb","itemListElement":[{"@type":"ListItem","position":1,"name":"Strona g\u0142\u00f3wna","item":"https:\/\/kme.eu\/kme\/de\/"},{"@type":"ListItem","position":2,"name":"Werkzeuge des Fahrers","item":"https:\/\/kme.eu\/kme\/de\/werkzeuge-des-fahrers\/"},{"@type":"ListItem","position":3,"name":"FAQ"}]},{"@type":"WebSite","@id":"https:\/\/kme.eu\/kme\/de\/#website","url":"https:\/\/kme.eu\/kme\/de\/","name":"KME","description":"Autogas Systems","publisher":{"@id":"https:\/\/kme.eu\/kme\/de\/#organization"},"potentialAction":[{"@type":"SearchAction","target":{"@type":"EntryPoint","urlTemplate":"https:\/\/kme.eu\/kme\/de\/?s={search_term_string}"},"query-input":{"@type":"PropertyValueSpecification","valueRequired":true,"valueName":"search_term_string"}}],"inLanguage":"de"},{"@type":"Organization","@id":"https:\/\/kme.eu\/kme\/de\/#organization","name":"KME","url":"https:\/\/kme.eu\/kme\/de\/","logo":{"@type":"ImageObject","inLanguage":"de","@id":"https:\/\/kme.eu\/kme\/de\/#\/schema\/logo\/image\/","url":"https:\/\/kme.eu\/kme\/wp-content\/uploads\/2020\/04\/logo_KME_RGB_small_200px.png","contentUrl":"https:\/\/kme.eu\/kme\/wp-content\/uploads\/2020\/04\/logo_KME_RGB_small_200px.png","width":272,"height":200,"caption":"KME"},"image":{"@id":"https:\/\/kme.eu\/kme\/de\/#\/schema\/logo\/image\/"},"sameAs":["https:\/\/www.facebook.com\/KME.LPG\/","https:\/\/www.instagram.com\/kme_lpg\/"]}]}},"_links":{"self":[{"href":"https:\/\/kme.eu\/kme\/de\/wp-json\/wp\/v2\/pages\/12108","targetHints":{"allow":["GET"]}}],"collection":[{"href":"https:\/\/kme.eu\/kme\/de\/wp-json\/wp\/v2\/pages"}],"about":[{"href":"https:\/\/kme.eu\/kme\/de\/wp-json\/wp\/v2\/types\/page"}],"author":[{"embeddable":true,"href":"https:\/\/kme.eu\/kme\/de\/wp-json\/wp\/v2\/users\/1"}],"replies":[{"embeddable":true,"href":"https:\/\/kme.eu\/kme\/de\/wp-json\/wp\/v2\/comments?post=12108"}],"version-history":[{"count":0,"href":"https:\/\/kme.eu\/kme\/de\/wp-json\/wp\/v2\/pages\/12108\/revisions"}],"up":[{"embeddable":true,"href":"https:\/\/kme.eu\/kme\/de\/wp-json\/wp\/v2\/pages\/12081"}],"wp:attachment":[{"href":"https:\/\/kme.eu\/kme\/de\/wp-json\/wp\/v2\/media?parent=12108"}],"curies":[{"name":"wp","href":"https:\/\/api.w.org\/{rel}","templated":true}]}}