{"id":12168,"date":"2021-06-03T16:37:28","date_gmt":"2021-06-03T14:37:28","guid":{"rendered":"https:\/\/kme.eu\/kme\/iso\/"},"modified":"2022-02-15T14:53:19","modified_gmt":"2022-02-15T13:53:19","slug":"iso","status":"publish","type":"page","link":"https:\/\/kme.eu\/kme\/de\/ueber-uns\/iso\/","title":{"rendered":"ISO"},"content":{"rendered":"<div class=\"wpb-content-wrapper\"><p>[vc_row row_content_width=&#8220;grid&#8220; row_btt_skin=&#8220;light&#8220; row_background_text_position=&#8220;front&#8220;][vc_column][vc_empty_space][vc_column_text el_class=&#8220;justowanie_tekst&#8220;]Um entsprechende Glaubw\u00fcrdigkeit bei unseren Kunden zu gewinnen sowie f\u00fcr angemessenes Qualit\u00e4tsmanagement, wurde im April 2002 ein mit den Anforderungen der internationalen Norm ISO Serie 9000, dokumentiretes QMS, implementiert.[\/vc_column_text][\/vc_column][\/vc_row][vc_row content_placement=&#8220;middle&#8220; row_content_width=&#8220;grid&#8220; row_btt_skin=&#8220;light&#8220; row_background_text_position=&#8220;front&#8220;][vc_column width=&#8220;1\/6&#8243;][vc_single_image image=&#8220;7895&#8243; alignment=&#8220;center&#8220; css=&#8220;.vc_custom_1594367171268{padding-top: 10px !important;}&#8220;][\/vc_column][vc_column width=&#8220;5\/6&#8243;][vc_column_text el_class=&#8220;justowanie_tekst&#8220;]2003, nach einem Audit durch die Zertifikationseinheit T\u00dcV Management Service GmbH, errang die KME Sp. z o.o. das Qualit\u00e4tsmanagement-Zertifikat im Bereich <strong>\u201ePlanung, Herstellung und Verkauf von elektronichen Ger\u00e4ten, Kabelb\u00e4umen und mechanischen Ger\u00e4ten, insbesondere f\u00fcr Steuerungssysteme der Gasversorgung von Autos\u201c, <\/strong>das die Erf\u00fcllung der Anforderungen der Norm ISO 9001 best\u00e4tigt.<\/p>\n<p>2017 haben wir das geltende Qualit\u00e4tsmanagementsystem an die Anforderungen der neuen <strong>Norm ISO 9001:2015<\/strong> angepasst.[\/vc_column_text][\/vc_column][\/vc_row][vc_row row_content_width=&#8220;grid&#8220; row_btt_skin=&#8220;light&#8220; row_background_text_position=&#8220;front&#8220;][vc_column][vc_column_text el_class=&#8220;justowanie_tekst&#8220;]Im Streben nach Erf\u00fcllung der Erwartungen und Bed\u00fcrfnisse unserer Kunden sorgen wir systematisch um Entwicklung und Aufrechterhaltung der Kompetenzen der Personals ind investieren in technische Infrastruktur der Gesellschaft, sowie Entwicklung technologischer Prozesse, wodurch wir hohe Standards hinsichtlich Qualit\u00e4t, Technik und Organisation, erreichen.<\/p>\n<p>Die Innovation und Qualit\u00e4t angebotener Produkte, Anpassung des Angebots an die Erwartungen der Kunden uns ihre spezifischen Anforderungen, sowie hohe Standards des Kundendienstes sind die Hauptst\u00e4tken unserer Firma.[\/vc_column_text][vc_empty_space][vc_separator][vc_empty_space][\/vc_column][\/vc_row][vc_row row_content_width=&#8220;grid&#8220; row_btt_skin=&#8220;light&#8220; content_text_aligment=&#8220;center&#8220; row_background_text_position=&#8220;front&#8220;][vc_column width=&#8220;1\/3&#8243;][vc_single_image image=&#8220;8562&#8243; img_size=&#8220;medium&#8220; alignment=&#8220;center&#8220; onclick=&#8220;link_image&#8220;][\/vc_column][vc_column width=&#8220;1\/3&#8243;][vc_single_image image=&#8220;12176&#8243; img_size=&#8220;medium&#8220; alignment=&#8220;center&#8220; onclick=&#8220;link_image&#8220;][\/vc_column][vc_column width=&#8220;1\/3&#8243;][vc_single_image image=&#8220;12172&#8243; img_size=&#8220;medium&#8220; alignment=&#8220;center&#8220; onclick=&#8220;link_image&#8220;][\/vc_column][\/vc_row][vc_row row_content_width=&#8220;grid&#8220; row_btt_skin=&#8220;light&#8220; row_background_text_position=&#8220;front&#8220;][vc_column][vc_empty_space][\/vc_column][\/vc_row]<\/p>\n<\/div>","protected":false},"excerpt":{"rendered":"<p>[vc_row row_content_width=&#8220;grid&#8220; row_btt_skin=&#8220;light&#8220; row_background_text_position=&#8220;front&#8220;][vc_column][vc_empty_space][vc_column_text el_class=&#8220;justowanie_tekst&#8220;]Um entsprechende Glaubw\u00fcrdigkeit bei unseren Kunden zu gewinnen sowie f\u00fcr angemessenes Qualit\u00e4tsmanagement, wurde im April 2002 ein mit den Anforderungen der internationalen Norm ISO Serie 9000, dokumentiretes QMS, implementiert.[\/vc_column_text][\/vc_column][\/vc_row][vc_row content_placement=&#8220;middle&#8220; row_content_width=&#8220;grid&#8220; row_btt_skin=&#8220;light&#8220; row_background_text_position=&#8220;front&#8220;][vc_column width=&#8220;1\/6&#8243;][vc_single_image image=&#8220;7895&#8243; alignment=&#8220;center&#8220; [&hellip;]<\/p>\n","protected":false},"author":1,"featured_media":0,"parent":13296,"menu_order":0,"comment_status":"closed","ping_status":"closed","template":"full-width.php","meta":{"footnotes":""},"class_list":["post-12168","page","type-page","status-publish","hentry"],"acf":[],"yoast_head":"<!-- This site is optimized with the Yoast SEO plugin v27.4 - https:\/\/yoast.com\/product\/yoast-seo-wordpress\/ -->\n<title>ISO - KME<\/title>\n<meta name=\"robots\" content=\"index, follow, max-snippet:-1, max-image-preview:large, max-video-preview:-1\" \/>\n<link rel=\"canonical\" href=\"https:\/\/kme.eu\/kme\/de\/ueber-uns\/iso\/\" \/>\n<meta property=\"og:locale\" content=\"de_DE\" \/>\n<meta property=\"og:type\" content=\"article\" \/>\n<meta property=\"og:title\" content=\"ISO - KME\" \/>\n<meta property=\"og:description\" content=\"[vc_row row_content_width=&#8220;grid&#8220; row_btt_skin=&#8220;light&#8220; row_background_text_position=&#8220;front&#8220;][vc_column][vc_empty_space][vc_column_text el_class=&#8220;justowanie_tekst&#8220;]Um entsprechende Glaubw\u00fcrdigkeit bei unseren Kunden zu gewinnen sowie f\u00fcr angemessenes Qualit\u00e4tsmanagement, wurde im April 2002 ein mit den Anforderungen der internationalen Norm ISO Serie 9000, dokumentiretes QMS, implementiert.[\/vc_column_text][\/vc_column][\/vc_row][vc_row content_placement=&#8220;middle&#8220; row_content_width=&#8220;grid&#8220; row_btt_skin=&#8220;light&#8220; row_background_text_position=&#8220;front&#8220;][vc_column width=&#8220;1\/6&#8243;][vc_single_image image=&#8220;7895&#8243; alignment=&#8220;center&#8220; [&hellip;]\" \/>\n<meta property=\"og:url\" content=\"https:\/\/kme.eu\/kme\/de\/ueber-uns\/iso\/\" \/>\n<meta property=\"og:site_name\" content=\"KME\" \/>\n<meta property=\"article:publisher\" content=\"https:\/\/www.facebook.com\/KME.LPG\/\" \/>\n<meta property=\"article:modified_time\" content=\"2022-02-15T13:53:19+00:00\" \/>\n<meta name=\"twitter:card\" content=\"summary_large_image\" \/>\n<meta name=\"twitter:label1\" content=\"Gesch\u00e4tzte Lesezeit\" \/>\n\t<meta name=\"twitter:data1\" content=\"2\u00a0Minuten\" \/>\n<script type=\"application\/ld+json\" class=\"yoast-schema-graph\">{\"@context\":\"https:\\\/\\\/schema.org\",\"@graph\":[{\"@type\":\"WebPage\",\"@id\":\"https:\\\/\\\/kme.eu\\\/kme\\\/de\\\/ueber-uns\\\/iso\\\/\",\"url\":\"https:\\\/\\\/kme.eu\\\/kme\\\/de\\\/ueber-uns\\\/iso\\\/\",\"name\":\"ISO - KME\",\"isPartOf\":{\"@id\":\"https:\\\/\\\/kme.eu\\\/kme\\\/de\\\/#website\"},\"datePublished\":\"2021-06-03T14:37:28+00:00\",\"dateModified\":\"2022-02-15T13:53:19+00:00\",\"breadcrumb\":{\"@id\":\"https:\\\/\\\/kme.eu\\\/kme\\\/de\\\/ueber-uns\\\/iso\\\/#breadcrumb\"},\"inLanguage\":\"de\",\"potentialAction\":[{\"@type\":\"ReadAction\",\"target\":[\"https:\\\/\\\/kme.eu\\\/kme\\\/de\\\/ueber-uns\\\/iso\\\/\"]}]},{\"@type\":\"BreadcrumbList\",\"@id\":\"https:\\\/\\\/kme.eu\\\/kme\\\/de\\\/ueber-uns\\\/iso\\\/#breadcrumb\",\"itemListElement\":[{\"@type\":\"ListItem\",\"position\":1,\"name\":\"Strona g\u0142\u00f3wna\",\"item\":\"https:\\\/\\\/kme.eu\\\/kme\\\/de\\\/\"},{\"@type\":\"ListItem\",\"position\":2,\"name\":\"\u00dcber uns\",\"item\":\"https:\\\/\\\/kme.eu\\\/kme\\\/de\\\/ueber-uns\\\/\"},{\"@type\":\"ListItem\",\"position\":3,\"name\":\"ISO\"}]},{\"@type\":\"WebSite\",\"@id\":\"https:\\\/\\\/kme.eu\\\/kme\\\/de\\\/#website\",\"url\":\"https:\\\/\\\/kme.eu\\\/kme\\\/de\\\/\",\"name\":\"KME\",\"description\":\"Autogas Systems\",\"publisher\":{\"@id\":\"https:\\\/\\\/kme.eu\\\/kme\\\/de\\\/#organization\"},\"potentialAction\":[{\"@type\":\"SearchAction\",\"target\":{\"@type\":\"EntryPoint\",\"urlTemplate\":\"https:\\\/\\\/kme.eu\\\/kme\\\/de\\\/?s={search_term_string}\"},\"query-input\":{\"@type\":\"PropertyValueSpecification\",\"valueRequired\":true,\"valueName\":\"search_term_string\"}}],\"inLanguage\":\"de\"},{\"@type\":\"Organization\",\"@id\":\"https:\\\/\\\/kme.eu\\\/kme\\\/de\\\/#organization\",\"name\":\"KME\",\"url\":\"https:\\\/\\\/kme.eu\\\/kme\\\/de\\\/\",\"logo\":{\"@type\":\"ImageObject\",\"inLanguage\":\"de\",\"@id\":\"https:\\\/\\\/kme.eu\\\/kme\\\/de\\\/#\\\/schema\\\/logo\\\/image\\\/\",\"url\":\"https:\\\/\\\/kme.eu\\\/kme\\\/wp-content\\\/uploads\\\/2020\\\/04\\\/logo_KME_RGB_small_200px.png\",\"contentUrl\":\"https:\\\/\\\/kme.eu\\\/kme\\\/wp-content\\\/uploads\\\/2020\\\/04\\\/logo_KME_RGB_small_200px.png\",\"width\":272,\"height\":200,\"caption\":\"KME\"},\"image\":{\"@id\":\"https:\\\/\\\/kme.eu\\\/kme\\\/de\\\/#\\\/schema\\\/logo\\\/image\\\/\"},\"sameAs\":[\"https:\\\/\\\/www.facebook.com\\\/KME.LPG\\\/\",\"https:\\\/\\\/www.instagram.com\\\/kme_lpg\\\/\"]}]}<\/script>\n<!-- \/ Yoast SEO plugin. -->","yoast_head_json":{"title":"ISO - KME","robots":{"index":"index","follow":"follow","max-snippet":"max-snippet:-1","max-image-preview":"max-image-preview:large","max-video-preview":"max-video-preview:-1"},"canonical":"https:\/\/kme.eu\/kme\/de\/ueber-uns\/iso\/","og_locale":"de_DE","og_type":"article","og_title":"ISO - KME","og_description":"[vc_row row_content_width=&#8220;grid&#8220; row_btt_skin=&#8220;light&#8220; row_background_text_position=&#8220;front&#8220;][vc_column][vc_empty_space][vc_column_text el_class=&#8220;justowanie_tekst&#8220;]Um entsprechende Glaubw\u00fcrdigkeit bei unseren Kunden zu gewinnen sowie f\u00fcr angemessenes Qualit\u00e4tsmanagement, wurde im April 2002 ein mit den Anforderungen der internationalen Norm ISO Serie 9000, dokumentiretes QMS, implementiert.[\/vc_column_text][\/vc_column][\/vc_row][vc_row content_placement=&#8220;middle&#8220; row_content_width=&#8220;grid&#8220; row_btt_skin=&#8220;light&#8220; row_background_text_position=&#8220;front&#8220;][vc_column width=&#8220;1\/6&#8243;][vc_single_image image=&#8220;7895&#8243; alignment=&#8220;center&#8220; [&hellip;]","og_url":"https:\/\/kme.eu\/kme\/de\/ueber-uns\/iso\/","og_site_name":"KME","article_publisher":"https:\/\/www.facebook.com\/KME.LPG\/","article_modified_time":"2022-02-15T13:53:19+00:00","twitter_card":"summary_large_image","twitter_misc":{"Gesch\u00e4tzte Lesezeit":"2\u00a0Minuten"},"schema":{"@context":"https:\/\/schema.org","@graph":[{"@type":"WebPage","@id":"https:\/\/kme.eu\/kme\/de\/ueber-uns\/iso\/","url":"https:\/\/kme.eu\/kme\/de\/ueber-uns\/iso\/","name":"ISO - KME","isPartOf":{"@id":"https:\/\/kme.eu\/kme\/de\/#website"},"datePublished":"2021-06-03T14:37:28+00:00","dateModified":"2022-02-15T13:53:19+00:00","breadcrumb":{"@id":"https:\/\/kme.eu\/kme\/de\/ueber-uns\/iso\/#breadcrumb"},"inLanguage":"de","potentialAction":[{"@type":"ReadAction","target":["https:\/\/kme.eu\/kme\/de\/ueber-uns\/iso\/"]}]},{"@type":"BreadcrumbList","@id":"https:\/\/kme.eu\/kme\/de\/ueber-uns\/iso\/#breadcrumb","itemListElement":[{"@type":"ListItem","position":1,"name":"Strona g\u0142\u00f3wna","item":"https:\/\/kme.eu\/kme\/de\/"},{"@type":"ListItem","position":2,"name":"\u00dcber uns","item":"https:\/\/kme.eu\/kme\/de\/ueber-uns\/"},{"@type":"ListItem","position":3,"name":"ISO"}]},{"@type":"WebSite","@id":"https:\/\/kme.eu\/kme\/de\/#website","url":"https:\/\/kme.eu\/kme\/de\/","name":"KME","description":"Autogas Systems","publisher":{"@id":"https:\/\/kme.eu\/kme\/de\/#organization"},"potentialAction":[{"@type":"SearchAction","target":{"@type":"EntryPoint","urlTemplate":"https:\/\/kme.eu\/kme\/de\/?s={search_term_string}"},"query-input":{"@type":"PropertyValueSpecification","valueRequired":true,"valueName":"search_term_string"}}],"inLanguage":"de"},{"@type":"Organization","@id":"https:\/\/kme.eu\/kme\/de\/#organization","name":"KME","url":"https:\/\/kme.eu\/kme\/de\/","logo":{"@type":"ImageObject","inLanguage":"de","@id":"https:\/\/kme.eu\/kme\/de\/#\/schema\/logo\/image\/","url":"https:\/\/kme.eu\/kme\/wp-content\/uploads\/2020\/04\/logo_KME_RGB_small_200px.png","contentUrl":"https:\/\/kme.eu\/kme\/wp-content\/uploads\/2020\/04\/logo_KME_RGB_small_200px.png","width":272,"height":200,"caption":"KME"},"image":{"@id":"https:\/\/kme.eu\/kme\/de\/#\/schema\/logo\/image\/"},"sameAs":["https:\/\/www.facebook.com\/KME.LPG\/","https:\/\/www.instagram.com\/kme_lpg\/"]}]}},"_links":{"self":[{"href":"https:\/\/kme.eu\/kme\/de\/wp-json\/wp\/v2\/pages\/12168","targetHints":{"allow":["GET"]}}],"collection":[{"href":"https:\/\/kme.eu\/kme\/de\/wp-json\/wp\/v2\/pages"}],"about":[{"href":"https:\/\/kme.eu\/kme\/de\/wp-json\/wp\/v2\/types\/page"}],"author":[{"embeddable":true,"href":"https:\/\/kme.eu\/kme\/de\/wp-json\/wp\/v2\/users\/1"}],"replies":[{"embeddable":true,"href":"https:\/\/kme.eu\/kme\/de\/wp-json\/wp\/v2\/comments?post=12168"}],"version-history":[{"count":0,"href":"https:\/\/kme.eu\/kme\/de\/wp-json\/wp\/v2\/pages\/12168\/revisions"}],"up":[{"embeddable":true,"href":"https:\/\/kme.eu\/kme\/de\/wp-json\/wp\/v2\/pages\/13296"}],"wp:attachment":[{"href":"https:\/\/kme.eu\/kme\/de\/wp-json\/wp\/v2\/media?parent=12168"}],"curies":[{"name":"wp","href":"https:\/\/api.w.org\/{rel}","templated":true}]}}