{"id":12327,"date":"2021-06-03T18:38:20","date_gmt":"2021-06-03T16:38:20","guid":{"rendered":"https:\/\/kme.eu\/kme\/newsletter-abonnieren\/"},"modified":"2021-06-03T18:38:27","modified_gmt":"2021-06-03T16:38:27","slug":"newsletter-abonnieren","status":"publish","type":"page","link":"https:\/\/kme.eu\/kme\/de\/newsletter-abonnieren\/","title":{"rendered":"Newsletter abonnieren"},"content":{"rendered":"<div class=\"wpb-content-wrapper\"><p>[vc_row row_btt_skin=&#8220;light&#8220; row_background_text_position=&#8220;front&#8220;][vc_column][vc_column_text]<div class=\"tnp tnp-subscription\">\r\n<form method=\"post\" action=\"https:\/\/kme.eu\/kme\/?na=s\" onsubmit=\"return newsletter_check(this)\">\r\n\r\n<input type=\"hidden\" name=\"nlang\" value=\"\">\r\n<div class=\"tnp-field tnp-field-email\">\r\n   <label>Email<\/label>\r\n   <input class=\"tnp-email\" type=\"email\" name=\"ne\" required>\r\n<\/div>\r\n<div class=\"tnp-field tnp-field-firstname\">\r\n   <label>Imi\u0119 lub Imi\u0119 i Nazwisko<\/label>\r\n   <input class=\"tnp-firstname\" type=\"text\" name=\"nn\" >\r\n<\/div>\r\n<div class=\"tnp-lists\">\r\n   <p>Do jakich list chcesz do\u0142\u0105czy\u0107 dodatkowo?<\/p>\r\n   <div class=\"tnp-field tnp-field-list\">\r\n      <label style=\"display: none;\">\r\n         <input class=\"tnp-preference\" type=\"checkbox\" name=\"nl[]\" value=\"2\" id=\"company_input\" checked\/>Warsztaty<\/label>\r\n   <\/div>\r\n   <div class=\"tnp-field tnp-field-list\">\r\n      <label>\r\n         <input class=\"tnp-preference\" type=\"checkbox\" name=\"nl[]\" value=\"3\"\/>Kierowcy<\/label>\r\n   <\/div>\r\n<\/div>\r\n<div class=\"tnp-field tnp-field-profile\" id=\"comp_name\">\r\n   <label>Firma<\/label>\r\n   <input class=\"tnp-profile tnp-profile-1\" type=\"text\" name=\"np1\" id=\"comp_name_text\">\r\n<\/div>\r\n<div class=\"tnp-field tnp-field-profile\">\r\n   <label>Telefon<\/label>\r\n   <input class=\"tnp-profile tnp-profile-2\" type=\"text\" name=\"np2\">\r\n<\/div>\r\n<div class=\"tnp-field tnp-privacy-field\">\r\n   <label><input type=\"checkbox\" name=\"ny\" required class=\"tnp-privacy\">\r\n   \u00a0   <a target=\"_blank\" href=\"https:\/\/kme.eu\/kme\/o_nas\/polityka-prywatnosci\/\">Przechodz\u0105c dalej, akceptujesz polityk\u0119 prywatno\u015bci<\/a>\r\n   <\/label>\r\n<\/div>\r\n<div class=\"tnp-field tnp-field-button\"><input class=\"tnp-submit\" type=\"submit\" value=\"Subskrybuj\" >\r\n<\/div>\r\n<\/form>\r\n<\/div><input type=\"hidden\" name=\"nlang\" value=\"de\">\n[\/vc_column_text][\/vc_column][\/vc_row][vc_row content_placement=&#8220;middle&#8220; row_btt_skin=&#8220;light&#8220; row_background_text_position=&#8220;front&#8220;][vc_column][vc_empty_space height=&#8220;80px&#8220;][vc_column_text]<\/p>\n<h2>Die letzten Neuheiten<\/h2>\n<p>[\/vc_column_text][vc_empty_space height=&#8220;10px&#8220;]<div class=\"mkdf-blog-list-holder mkdf-grid-list mkdf-disable-bottom-space mkdf-bl-standard mkdf-four-columns mkdf-medium-space mkdf-bl-pag-no-pagination mkdf-bl-skin-default\"  data-type=standard data-skin=default data-number-of-posts=3 data-number-of-columns=four data-space-between-items=medium data-orderby=date data-order=DESC data-image-size=full data-title-tag=h4 data-excerpt-length=40 data-post-info-section=yes data-post-info-image=yes data-post-info-author=no data-post-info-date=yes data-post-info-category=yes data-post-info-comments=no data-post-info-like=no data-post-info-share=no data-pagination-type=no-pagination data-max-num-pages=4 data-next-page=2>\n\t<div class=\"mkdf-bl-wrapper mkdf-outer-space\">\n\t\t<ul class=\"mkdf-blog-list\">\n\t\t\t<li class=\"mkdf-bl-item mkdf-item-space\">\n\t<div class=\"mkdf-bli-inner\">\n\t\t\n\t<div class=\"mkdf-post-image\">\n\t\t\t\t\t<a itemprop=\"url\" href=\"https:\/\/kme.eu\/kme\/de\/scam-sensor-cct6\/\" title=\"Scam &#8211; Sensor CCT6\">\n\t\t\t\t\t<img loading=\"lazy\" decoding=\"async\" width=\"2560\" height=\"1636\" src=\"https:\/\/kme.eu\/kme\/wp-content\/uploads\/2022\/05\/Czujnik-CCT-6-zestawienie-ang-15-scaled.jpg\" class=\"attachment-full size-full wp-post-image\" alt=\"\" srcset=\"https:\/\/kme.eu\/kme\/wp-content\/uploads\/2022\/05\/Czujnik-CCT-6-zestawienie-ang-15-scaled.jpg 2560w, https:\/\/kme.eu\/kme\/wp-content\/uploads\/2022\/05\/Czujnik-CCT-6-zestawienie-ang-15-300x192.jpg 300w, https:\/\/kme.eu\/kme\/wp-content\/uploads\/2022\/05\/Czujnik-CCT-6-zestawienie-ang-15-1024x654.jpg 1024w, https:\/\/kme.eu\/kme\/wp-content\/uploads\/2022\/05\/Czujnik-CCT-6-zestawienie-ang-15-768x491.jpg 768w, https:\/\/kme.eu\/kme\/wp-content\/uploads\/2022\/05\/Czujnik-CCT-6-zestawienie-ang-15-1536x981.jpg 1536w, https:\/\/kme.eu\/kme\/wp-content\/uploads\/2022\/05\/Czujnik-CCT-6-zestawienie-ang-15-600x383.jpg 600w\" sizes=\"auto, (max-width: 2560px) 100vw, 2560px\" \/>\t\t\t\t\t<\/a>\n\t\t\t\t\t<\/div>\n        <div class=\"mkdf-bli-content\">\n                            <div class=\"mkdf-bli-info\">\n\t                <div itemprop=\"dateCreated\" class=\"mkdf-post-info-date entry-date published updated\">\n    <meta itemprop=\"interactionCount\" content=\"UserComments: 0\"\/>\n            <a itemprop=\"url\" href=\"https:\/\/kme.eu\/kme\/de\/2022\/05\/\">\n    \n        19 Mai 2022        <\/a>\n<\/div><div class=\"mkdf-post-info-category\">\n    <a href=\"https:\/\/kme.eu\/kme\/de\/kategoria\/informacje-ogolne-de\/\" rel=\"category tag\">Informacje og\u00f3lne<\/a>, <a href=\"https:\/\/kme.eu\/kme\/de\/kategoria\/bez-kategorii-de\/\" rel=\"category tag\">Unkategorisiert<\/a><\/div>                <\/div>\n            \t\n\t        \n<h4 itemprop=\"name\" class=\"entry-title mkdf-post-title\" >\n            <a itemprop=\"url\" href=\"https:\/\/kme.eu\/kme\/de\/scam-sensor-cct6\/\" title=\"Scam &#8211; Sensor CCT6\">\n            Scam &#8211; Sensor CCT6            <\/a>\n    <\/h4>\t\n\t        <div class=\"mkdf-bli-excerpt\">\n\t\t        \t\t<div class=\"mkdf-post-excerpt-holder\">\n\t\t\t<p itemprop=\"description\" class=\"mkdf-post-excerpt\">\n\t\t\t\tDear KME gas user.\nPlease be advised that non-original sensors of the type CCT6 (ANALOG) - GRAY and the type CCT6-D (DIGITAL) - BLACK have appeared on the market.\t\t\t<\/p>\n\t\t<\/div>\n\t\t\t        \t<div class=\"mkdf-post-read-more-button\">\n\t\t<a itemprop=\"url\" href=\"https:\/\/kme.eu\/kme\/de\/scam-sensor-cct6\/\" target=\"_self\"  class=\"mkdf-btn mkdf-btn-medium mkdf-btn-simple mkdf-blog-list-button\"  >    <span class=\"mkdf-btn-text\">Read More<\/span>    <\/a>\t<\/div>\n\t        <\/div>\n        <\/div>\n\t<\/div>\n<\/li><li class=\"mkdf-bl-item mkdf-item-space\">\n\t<div class=\"mkdf-bli-inner\">\n\t\t\n\t<div class=\"mkdf-post-image\">\n\t\t\t\t\t<a itemprop=\"url\" href=\"https:\/\/kme.eu\/kme\/de\/mazda-cx-5-polecany-warsztat-lpg-majster-s03e22\/\" title=\"Mazda CX-5 &#8211; Polecany Warsztat | LPG Majster S03E22\">\n\t\t\t\t\t<img loading=\"lazy\" decoding=\"async\" width=\"1920\" height=\"1080\" src=\"https:\/\/kme.eu\/kme\/wp-content\/uploads\/2022\/03\/Eko-Car-Cebula-Mazda-CX-5-Miniaturka-e1648204164487.jpg\" class=\"attachment-full size-full wp-post-image\" alt=\"\" \/>\t\t\t\t\t<\/a>\n\t\t\t\t\t<\/div>\n        <div class=\"mkdf-bli-content\">\n                            <div class=\"mkdf-bli-info\">\n\t                <div itemprop=\"dateCreated\" class=\"mkdf-post-info-date entry-date published updated\">\n    <meta itemprop=\"interactionCount\" content=\"UserComments: 0\"\/>\n            <a itemprop=\"url\" href=\"https:\/\/kme.eu\/kme\/de\/2022\/04\/\">\n    \n        12 April 2022        <\/a>\n<\/div><div class=\"mkdf-post-info-category\">\n    <a href=\"https:\/\/kme.eu\/kme\/de\/kategoria\/lpg-majster-de\/\" rel=\"category tag\">LPG MAJSTER<\/a>, <a href=\"https:\/\/kme.eu\/kme\/de\/kategoria\/polecany-warsztat-de\/\" rel=\"category tag\">Polecany warsztat<\/a><\/div>                <\/div>\n            \t\n\t        \n<h4 itemprop=\"name\" class=\"entry-title mkdf-post-title\" >\n            <a itemprop=\"url\" href=\"https:\/\/kme.eu\/kme\/de\/mazda-cx-5-polecany-warsztat-lpg-majster-s03e22\/\" title=\"Mazda CX-5 &#8211; Polecany Warsztat | LPG Majster S03E22\">\n            Mazda CX-5 &#8211; Polecany Warsztat | LPG Majster S03E22            <\/a>\n    <\/h4>\t\n\t        <div class=\"mkdf-bli-excerpt\">\n\t\t        \t\t<div class=\"mkdf-post-excerpt-holder\">\n\t\t\t<p itemprop=\"description\" class=\"mkdf-post-excerpt\">\n\t\t\t\tDer Mazda CX-5 ist ein gro\u00dfer SUV, genau wie alle neuen Mazdas. Die Installation f\u00fcr dieses Exemplar wurde von Przemek Cebula aus der EKO-CAR Werkstatt gegr\u00fcndet.\t\t\t<\/p>\n\t\t<\/div>\n\t\t\t        \t<div class=\"mkdf-post-read-more-button\">\n\t\t<a itemprop=\"url\" href=\"https:\/\/kme.eu\/kme\/de\/mazda-cx-5-polecany-warsztat-lpg-majster-s03e22\/\" target=\"_self\"  class=\"mkdf-btn mkdf-btn-medium mkdf-btn-simple mkdf-blog-list-button\"  >    <span class=\"mkdf-btn-text\">Read More<\/span>    <\/a>\t<\/div>\n\t        <\/div>\n        <\/div>\n\t<\/div>\n<\/li><li class=\"mkdf-bl-item mkdf-item-space\">\n\t<div class=\"mkdf-bli-inner\">\n\t\t\n\t<div class=\"mkdf-post-image\">\n\t\t\t\t\t<a itemprop=\"url\" href=\"https:\/\/kme.eu\/kme\/de\/citroen-c4-picasso-lpg-majster-s03e24\/\" title=\"Citroen C4 Picasso | LPG Majster S03E24\">\n\t\t\t\t\t<img loading=\"lazy\" decoding=\"async\" width=\"1920\" height=\"1080\" src=\"https:\/\/kme.eu\/kme\/wp-content\/uploads\/2022\/03\/Citroen-C4-Picasso-miniaturka-e1648205074261.jpg\" class=\"attachment-full size-full wp-post-image\" alt=\"\" \/>\t\t\t\t\t<\/a>\n\t\t\t\t\t<\/div>\n        <div class=\"mkdf-bli-content\">\n                            <div class=\"mkdf-bli-info\">\n\t                <div itemprop=\"dateCreated\" class=\"mkdf-post-info-date entry-date published updated\">\n    <meta itemprop=\"interactionCount\" content=\"UserComments: 0\"\/>\n            <a itemprop=\"url\" href=\"https:\/\/kme.eu\/kme\/de\/2022\/04\/\">\n    \n        12 April 2022        <\/a>\n<\/div><div class=\"mkdf-post-info-category\">\n    <a href=\"https:\/\/kme.eu\/kme\/de\/kategoria\/lpg-majster-de\/\" rel=\"category tag\">LPG MAJSTER<\/a><\/div>                <\/div>\n            \t\n\t        \n<h4 itemprop=\"name\" class=\"entry-title mkdf-post-title\" >\n            <a itemprop=\"url\" href=\"https:\/\/kme.eu\/kme\/de\/citroen-c4-picasso-lpg-majster-s03e24\/\" title=\"Citroen C4 Picasso | LPG Majster S03E24\">\n            Citroen C4 Picasso | LPG Majster S03E24            <\/a>\n    <\/h4>\t\n\t        <div class=\"mkdf-bli-excerpt\">\n\t\t        \t\t<div class=\"mkdf-post-excerpt-holder\">\n\t\t\t<p itemprop=\"description\" class=\"mkdf-post-excerpt\">\n\t\t\t\tCitroen wird eher mit einem Familienauto in Verbindung gebracht, besonders wenn wir \u00fcber das PICASSO-Modell sprechen.\nDieses Modell wird seit 7 Jahren mit Gas betrieben. Die komplette KME-Installation umfasst: Silver S1 Reducer, FENIX Injektoren und den unersetzlichen KME NEVO-SKY Direct Controller.\t\t\t<\/p>\n\t\t<\/div>\n\t\t\t        \t<div class=\"mkdf-post-read-more-button\">\n\t\t<a itemprop=\"url\" href=\"https:\/\/kme.eu\/kme\/de\/citroen-c4-picasso-lpg-majster-s03e24\/\" target=\"_self\"  class=\"mkdf-btn mkdf-btn-medium mkdf-btn-simple mkdf-blog-list-button\"  >    <span class=\"mkdf-btn-text\">Read More<\/span>    <\/a>\t<\/div>\n\t        <\/div>\n        <\/div>\n\t<\/div>\n<\/li>\t\t<\/ul>\n\t<\/div>\n\t<\/div>[\/vc_column][\/vc_row]<\/p>\n<\/div>","protected":false},"excerpt":{"rendered":"<p>[vc_row row_btt_skin=&#8220;light&#8220; row_background_text_position=&#8220;front&#8220;][vc_column][vc_column_text][\/vc_column_text][\/vc_column][\/vc_row][vc_row content_placement=&#8220;middle&#8220; row_btt_skin=&#8220;light&#8220; row_background_text_position=&#8220;front&#8220;][vc_column][vc_empty_space height=&#8220;80px&#8220;][vc_column_text] Die letzten Neuheiten [\/vc_column_text][vc_empty_space height=&#8220;10px&#8220;][\/vc_column][\/vc_row]<\/p>\n","protected":false},"author":7,"featured_media":0,"parent":0,"menu_order":0,"comment_status":"closed","ping_status":"closed","template":"","meta":{"footnotes":""},"class_list":["post-12327","page","type-page","status-publish","hentry"],"acf":[],"yoast_head":"<!-- This site is optimized with the Yoast SEO plugin v27.5 - https:\/\/yoast.com\/product\/yoast-seo-wordpress\/ -->\n<title>Newsletter abonnieren - KME<\/title>\n<meta name=\"robots\" content=\"index, follow, max-snippet:-1, max-image-preview:large, max-video-preview:-1\" \/>\n<link rel=\"canonical\" href=\"https:\/\/kme.eu\/kme\/de\/newsletter-abonnieren\/\" \/>\n<meta property=\"og:locale\" content=\"de_DE\" \/>\n<meta property=\"og:type\" content=\"article\" \/>\n<meta property=\"og:title\" content=\"Newsletter abonnieren - KME\" \/>\n<meta property=\"og:description\" content=\"[vc_row row_btt_skin=&#8220;light&#8220; row_background_text_position=&#8220;front&#8220;][vc_column][vc_column_text][\/vc_column_text][\/vc_column][\/vc_row][vc_row content_placement=&#8220;middle&#8220; row_btt_skin=&#8220;light&#8220; row_background_text_position=&#8220;front&#8220;][vc_column][vc_empty_space height=&#8220;80px&#8220;][vc_column_text] Die letzten Neuheiten [\/vc_column_text][vc_empty_space height=&#8220;10px&#8220;][\/vc_column][\/vc_row]\" \/>\n<meta property=\"og:url\" content=\"https:\/\/kme.eu\/kme\/de\/newsletter-abonnieren\/\" \/>\n<meta property=\"og:site_name\" content=\"KME\" \/>\n<meta property=\"article:publisher\" content=\"https:\/\/www.facebook.com\/KME.LPG\/\" \/>\n<meta property=\"article:modified_time\" content=\"2021-06-03T16:38:27+00:00\" \/>\n<meta name=\"twitter:card\" content=\"summary_large_image\" \/>\n<script type=\"application\/ld+json\" class=\"yoast-schema-graph\">{\"@context\":\"https:\\\/\\\/schema.org\",\"@graph\":[{\"@type\":\"WebPage\",\"@id\":\"https:\\\/\\\/kme.eu\\\/kme\\\/de\\\/newsletter-abonnieren\\\/\",\"url\":\"https:\\\/\\\/kme.eu\\\/kme\\\/de\\\/newsletter-abonnieren\\\/\",\"name\":\"Newsletter abonnieren - KME\",\"isPartOf\":{\"@id\":\"https:\\\/\\\/kme.eu\\\/kme\\\/de\\\/#website\"},\"datePublished\":\"2021-06-03T16:38:20+00:00\",\"dateModified\":\"2021-06-03T16:38:27+00:00\",\"breadcrumb\":{\"@id\":\"https:\\\/\\\/kme.eu\\\/kme\\\/de\\\/newsletter-abonnieren\\\/#breadcrumb\"},\"inLanguage\":\"de\",\"potentialAction\":[{\"@type\":\"ReadAction\",\"target\":[\"https:\\\/\\\/kme.eu\\\/kme\\\/de\\\/newsletter-abonnieren\\\/\"]}]},{\"@type\":\"BreadcrumbList\",\"@id\":\"https:\\\/\\\/kme.eu\\\/kme\\\/de\\\/newsletter-abonnieren\\\/#breadcrumb\",\"itemListElement\":[{\"@type\":\"ListItem\",\"position\":1,\"name\":\"Strona g\u0142\u00f3wna\",\"item\":\"https:\\\/\\\/kme.eu\\\/kme\\\/de\\\/\"},{\"@type\":\"ListItem\",\"position\":2,\"name\":\"Newsletter abonnieren\"}]},{\"@type\":\"WebSite\",\"@id\":\"https:\\\/\\\/kme.eu\\\/kme\\\/de\\\/#website\",\"url\":\"https:\\\/\\\/kme.eu\\\/kme\\\/de\\\/\",\"name\":\"KME\",\"description\":\"Autogas Systems\",\"publisher\":{\"@id\":\"https:\\\/\\\/kme.eu\\\/kme\\\/de\\\/#organization\"},\"potentialAction\":[{\"@type\":\"SearchAction\",\"target\":{\"@type\":\"EntryPoint\",\"urlTemplate\":\"https:\\\/\\\/kme.eu\\\/kme\\\/de\\\/?s={search_term_string}\"},\"query-input\":{\"@type\":\"PropertyValueSpecification\",\"valueRequired\":true,\"valueName\":\"search_term_string\"}}],\"inLanguage\":\"de\"},{\"@type\":\"Organization\",\"@id\":\"https:\\\/\\\/kme.eu\\\/kme\\\/de\\\/#organization\",\"name\":\"KME\",\"url\":\"https:\\\/\\\/kme.eu\\\/kme\\\/de\\\/\",\"logo\":{\"@type\":\"ImageObject\",\"inLanguage\":\"de\",\"@id\":\"https:\\\/\\\/kme.eu\\\/kme\\\/de\\\/#\\\/schema\\\/logo\\\/image\\\/\",\"url\":\"https:\\\/\\\/kme.eu\\\/kme\\\/wp-content\\\/uploads\\\/2020\\\/04\\\/logo_KME_RGB_small_200px.png\",\"contentUrl\":\"https:\\\/\\\/kme.eu\\\/kme\\\/wp-content\\\/uploads\\\/2020\\\/04\\\/logo_KME_RGB_small_200px.png\",\"width\":272,\"height\":200,\"caption\":\"KME\"},\"image\":{\"@id\":\"https:\\\/\\\/kme.eu\\\/kme\\\/de\\\/#\\\/schema\\\/logo\\\/image\\\/\"},\"sameAs\":[\"https:\\\/\\\/www.facebook.com\\\/KME.LPG\\\/\",\"https:\\\/\\\/www.instagram.com\\\/kme_lpg\\\/\"]}]}<\/script>\n<!-- \/ Yoast SEO plugin. -->","yoast_head_json":{"title":"Newsletter abonnieren - KME","robots":{"index":"index","follow":"follow","max-snippet":"max-snippet:-1","max-image-preview":"max-image-preview:large","max-video-preview":"max-video-preview:-1"},"canonical":"https:\/\/kme.eu\/kme\/de\/newsletter-abonnieren\/","og_locale":"de_DE","og_type":"article","og_title":"Newsletter abonnieren - KME","og_description":"[vc_row row_btt_skin=&#8220;light&#8220; row_background_text_position=&#8220;front&#8220;][vc_column][vc_column_text][\/vc_column_text][\/vc_column][\/vc_row][vc_row content_placement=&#8220;middle&#8220; row_btt_skin=&#8220;light&#8220; row_background_text_position=&#8220;front&#8220;][vc_column][vc_empty_space height=&#8220;80px&#8220;][vc_column_text] Die letzten Neuheiten [\/vc_column_text][vc_empty_space height=&#8220;10px&#8220;][\/vc_column][\/vc_row]","og_url":"https:\/\/kme.eu\/kme\/de\/newsletter-abonnieren\/","og_site_name":"KME","article_publisher":"https:\/\/www.facebook.com\/KME.LPG\/","article_modified_time":"2021-06-03T16:38:27+00:00","twitter_card":"summary_large_image","schema":{"@context":"https:\/\/schema.org","@graph":[{"@type":"WebPage","@id":"https:\/\/kme.eu\/kme\/de\/newsletter-abonnieren\/","url":"https:\/\/kme.eu\/kme\/de\/newsletter-abonnieren\/","name":"Newsletter abonnieren - KME","isPartOf":{"@id":"https:\/\/kme.eu\/kme\/de\/#website"},"datePublished":"2021-06-03T16:38:20+00:00","dateModified":"2021-06-03T16:38:27+00:00","breadcrumb":{"@id":"https:\/\/kme.eu\/kme\/de\/newsletter-abonnieren\/#breadcrumb"},"inLanguage":"de","potentialAction":[{"@type":"ReadAction","target":["https:\/\/kme.eu\/kme\/de\/newsletter-abonnieren\/"]}]},{"@type":"BreadcrumbList","@id":"https:\/\/kme.eu\/kme\/de\/newsletter-abonnieren\/#breadcrumb","itemListElement":[{"@type":"ListItem","position":1,"name":"Strona g\u0142\u00f3wna","item":"https:\/\/kme.eu\/kme\/de\/"},{"@type":"ListItem","position":2,"name":"Newsletter abonnieren"}]},{"@type":"WebSite","@id":"https:\/\/kme.eu\/kme\/de\/#website","url":"https:\/\/kme.eu\/kme\/de\/","name":"KME","description":"Autogas Systems","publisher":{"@id":"https:\/\/kme.eu\/kme\/de\/#organization"},"potentialAction":[{"@type":"SearchAction","target":{"@type":"EntryPoint","urlTemplate":"https:\/\/kme.eu\/kme\/de\/?s={search_term_string}"},"query-input":{"@type":"PropertyValueSpecification","valueRequired":true,"valueName":"search_term_string"}}],"inLanguage":"de"},{"@type":"Organization","@id":"https:\/\/kme.eu\/kme\/de\/#organization","name":"KME","url":"https:\/\/kme.eu\/kme\/de\/","logo":{"@type":"ImageObject","inLanguage":"de","@id":"https:\/\/kme.eu\/kme\/de\/#\/schema\/logo\/image\/","url":"https:\/\/kme.eu\/kme\/wp-content\/uploads\/2020\/04\/logo_KME_RGB_small_200px.png","contentUrl":"https:\/\/kme.eu\/kme\/wp-content\/uploads\/2020\/04\/logo_KME_RGB_small_200px.png","width":272,"height":200,"caption":"KME"},"image":{"@id":"https:\/\/kme.eu\/kme\/de\/#\/schema\/logo\/image\/"},"sameAs":["https:\/\/www.facebook.com\/KME.LPG\/","https:\/\/www.instagram.com\/kme_lpg\/"]}]}},"_links":{"self":[{"href":"https:\/\/kme.eu\/kme\/de\/wp-json\/wp\/v2\/pages\/12327","targetHints":{"allow":["GET"]}}],"collection":[{"href":"https:\/\/kme.eu\/kme\/de\/wp-json\/wp\/v2\/pages"}],"about":[{"href":"https:\/\/kme.eu\/kme\/de\/wp-json\/wp\/v2\/types\/page"}],"author":[{"embeddable":true,"href":"https:\/\/kme.eu\/kme\/de\/wp-json\/wp\/v2\/users\/7"}],"replies":[{"embeddable":true,"href":"https:\/\/kme.eu\/kme\/de\/wp-json\/wp\/v2\/comments?post=12327"}],"version-history":[{"count":0,"href":"https:\/\/kme.eu\/kme\/de\/wp-json\/wp\/v2\/pages\/12327\/revisions"}],"wp:attachment":[{"href":"https:\/\/kme.eu\/kme\/de\/wp-json\/wp\/v2\/media?parent=12327"}],"curies":[{"name":"wp","href":"https:\/\/api.w.org\/{rel}","templated":true}]}}