{"id":12369,"date":"2021-06-03T22:47:14","date_gmt":"2021-06-03T20:47:14","guid":{"rendered":"https:\/\/kme.eu\/kme\/bereich-der-montagebetriebe\/"},"modified":"2022-02-16T15:32:13","modified_gmt":"2022-02-16T14:32:13","slug":"bereich-der-montagebetriebe","status":"publish","type":"page","link":"https:\/\/kme.eu\/kme\/de\/werkzeuge-der-werkstatt\/bereich-der-montagebetriebe\/","title":{"rendered":"Bereich der Montagebetriebe"},"content":{"rendered":"<div class=\"wpb-content-wrapper\"><p>[vc_row row_content_width=&#8220;grid&#8220; row_btt_skin=&#8220;light&#8220; row_background_text_position=&#8220;front&#8220; row_skin=&#8220;dark&#8220; css=&#8220;.vc_custom_1556102851705{padding-top: 110px !important;padding-bottom: 30px !important;}&#8220;][vc_column][vc_empty_space height=&#8220;10px&#8220;][vc_column_text]<\/p>\n<h4>Die Firma KME Sp. z o.o. macht Eintr\u00e4ge in die Homologationsliste PL*0017*00\/G.<\/h4>\n<p>[\/vc_column_text][vc_empty_space height=&#8220;50px&#8220;][vc_column_text]Eine Firma, die um einen Eintrag ihres Montagebetriebs in das Netz der Montagebetriebe gem\u00e4\u00df Homologationszeugnis Nr. PL*0017*00\/G anstrebt, sollte:[\/vc_column_text]<div class=\"mkdf-accordion-holder mkdf-ac-default  mkdf-accordion mkdf-ac-boxed    clearfix\">\n\t<h5 class=\"mkdf-accordion-title\" >\n    <span class=\"mkdf-tab-title\">1<\/span>\n    <span class=\"mkdf-accordion-mark\">\n\t\t<span class=\"mkdf_icon_plus icon_plus\"><\/span>\n\t\t<span class=\"mkdf_icon_minus icon_minus-06\"><\/span>\n\t<\/span>\n<\/h5>\n<div class=\"mkdf-accordion-content\">\n\t<div class=\"mkdf-accordion-content-inner\">\n\t\t[vc_column_text]<a href=\"https:\/\/kme.eu\/kme\/sdm_downloads\/kwestionariusz-zgloszenia-warsztatu-do-sieci-zakladow-kme\/\">Den FRAGEBOGEN DER MELDUNG DER WERKSTATT; DIE UM EINTRAG IN DAS NETZ DER KME-WERKST\u00c4TTEN ERSUCHT <\/a> miit folgenden Dokumenten vorlegen:[\/vc_column_text][vc_column_text]<\/p>\n<ul>\n<li>Dokumente zur Registrierung der Firma: (CEIDG \/ KRS \/ REGON \/ NIP)<\/li>\n<li>Ablichtung der Kaufrechnung des Abgasanalysators mit angegebener Herstelungsnummer (oder mit einer Erkl\u00e4rung \u00fcber \u00dcbereinstimmung der Nummern das Analysators auf der Rechnung \u2013 Typ, Herstellungsnummer) oder Kaufvertrag des Analysators;<\/li>\n<li>g\u00fcltiges Legalisierungszeugnis des Analysators;<\/li>\n<li>Ablichtung der Kaufrechnung eines elektronischen Gasdetektors (Dichtheitspr\u00fcfers) mit angegebenem Typ;<\/li>\n<li>CE-Zertifikat (Erkl\u00e4rung des Herstellers) des elektronischen Gasdetektors;<\/li>\n<\/ul>\n<p>[\/vc_column_text][vc_empty_space][vc_column_text]<a href=\"https:\/\/kme.eu\/kme\/wp-content\/uploads\/2020\/12\/KME_kwetionariusz_zgloszenia_30_11_2020_activ.pdf\">FRAGBOGEN DER MELDUNG<\/a> (kann man ausdrucken und manuell ausf\u00fcllen oder das eingebaute Formular nutzen, wir empfehlen Verwendung von Acrobat Reader oder Browser Chrome oder Opera).<\/p>\n<div class=\"sdm_download_button_box_default\"><div class=\"sdm_download_link\"><a href=\"https:\/\/kme.eu\/kme\/de\/\/?sdm_process_download=1&download_id=7722\" class=\"sdm_download orange\" title=\"Kwestionariusz zg\u0142oszenia warsztatu do sieci zak\u0142ad\u00f3w KME\" >Jetzt herunterladen!<\/a><\/div><\/div>[\/vc_column_text][vc_empty_space height=&#8220;16px&#8220;][vc_separator][vc_empty_space height=&#8220;16px&#8220;][vc_column_text]Die Dokumente kann man einem der <a href=\"https:\/\/kme.eu\/kme\/de\/kontakt-2\/technische-berater\/\">Regionalberater von KME<\/a> \u00fcbergeben<br \/>\noder an die folgende E-Mail-Adresse senden: <a href=\"mailto:iskrzeszewska@kme.eu\">iskrzeszewska@kme.eu<\/a>[\/vc_column_text]\t<\/div>\n<\/div><h5 class=\"mkdf-accordion-title\" >\n    <span class=\"mkdf-tab-title\">2<\/span>\n    <span class=\"mkdf-accordion-mark\">\n\t\t<span class=\"mkdf_icon_plus icon_plus\"><\/span>\n\t\t<span class=\"mkdf_icon_minus icon_minus-06\"><\/span>\n\t<\/span>\n<\/h5>\n<div class=\"mkdf-accordion-content\">\n\t<div class=\"mkdf-accordion-content-inner\">\n\t\t[vc_column_text]Mindestanforderungen, die an Werkst\u00e4tten durch KME sp. z o.o. gestellt werden, erf\u00fcllen.<\/p>\n<p>&nbsp;<\/p>\n<p>Zur unbedingt notwendigen Ausr\u00fcstung eines Werkstatts, die Gasanlagen in Autos montiert, geh\u00f6ren:<br \/>\n\u2022 komplex messender Abgasanalysator \u2013 mit g\u00fcltigem Legalisierungszeugnis,<br \/>\n\u2022 elektronischer Gasdetektor \u2013 mit CE-Zertifikat.[\/vc_column_text]\t<\/div>\n<\/div><h5 class=\"mkdf-accordion-title\" >\n    <span class=\"mkdf-tab-title\">3<\/span>\n    <span class=\"mkdf-accordion-mark\">\n\t\t<span class=\"mkdf_icon_plus icon_plus\"><\/span>\n\t\t<span class=\"mkdf_icon_minus icon_minus-06\"><\/span>\n\t<\/span>\n<\/h5>\n<div class=\"mkdf-accordion-content\">\n\t<div class=\"mkdf-accordion-content-inner\">\n\t\t[vc_column_text]Sich einer Eingangsbeurteilung durch einen unserer Regionalberater unterziehen lassen. Nach der Eingangsbeurteilung f\u00fcllt der Berater die KARTE DER EINGANGSBEURTEILUNG DES BETRIEBS aus und \u00fcbergibt sie an die KME sp. z o.o.[\/vc_column_text]\t<\/div>\n<\/div><\/div>[vc_column_text]Die Wartezeit von Einreichung der Dokumente bis zum Erscheinen des Eintrags im <a href=\"https:\/\/www.its.waw.pl\/uploaded_general\/Wykaz_instGaz.pdf\">Hauptverzeichnis der Betriebe bei der ITS<\/a> kann 1-2 Monate dauern. Nach der Eintragung erh\u00e4lt der Montagebetrieb die Nummer der Erweiterung und der Position, die er auf jeden Auszug aus der Homologation, den er ausf\u00fcllt, eintragen muss.[\/vc_column_text][vc_empty_space][\/vc_column][\/vc_row][vc_row row_content_width=&#8220;grid&#8220; row_btt_skin=&#8220;light&#8220; row_background_text_position=&#8220;front&#8220;][vc_column][vc_column_text]<\/p>\n<h4>M\u00f6chten Sie \u00fcber Montage von KMP-Produkten und neueste Ausf\u00fchrungen am Laufenden sein? Abonnieren Sie unser Newsletter!<\/h4>\n<p>[\/vc_column_text][vc_column_text]<div class=\"tnp tnp-subscription\">\r\n<form method=\"post\" action=\"https:\/\/kme.eu\/kme\/?na=s\" onsubmit=\"return newsletter_check(this)\">\r\n\r\n<input type=\"hidden\" name=\"nlang\" value=\"\">\r\n<div class=\"tnp-field tnp-field-email\">\r\n   <label>Email<\/label>\r\n   <input class=\"tnp-email\" type=\"email\" name=\"ne\" required>\r\n<\/div>\r\n<div class=\"tnp-field tnp-field-firstname\">\r\n   <label>Imi\u0119 lub Imi\u0119 i Nazwisko<\/label>\r\n   <input class=\"tnp-firstname\" type=\"text\" name=\"nn\" >\r\n<\/div>\r\n<div class=\"tnp-lists\">\r\n   <p>Do jakich list chcesz do\u0142\u0105czy\u0107 dodatkowo?<\/p>\r\n   <div class=\"tnp-field tnp-field-list\">\r\n      <label style=\"display: none;\">\r\n         <input class=\"tnp-preference\" type=\"checkbox\" name=\"nl[]\" value=\"2\" id=\"company_input\" checked\/>Warsztaty<\/label>\r\n   <\/div>\r\n   <div class=\"tnp-field tnp-field-list\">\r\n      <label>\r\n         <input class=\"tnp-preference\" type=\"checkbox\" name=\"nl[]\" value=\"3\"\/>Kierowcy<\/label>\r\n   <\/div>\r\n<\/div>\r\n<div class=\"tnp-field tnp-field-profile\" id=\"comp_name\">\r\n   <label>Firma<\/label>\r\n   <input class=\"tnp-profile tnp-profile-1\" type=\"text\" name=\"np1\" id=\"comp_name_text\">\r\n<\/div>\r\n<div class=\"tnp-field tnp-field-profile\">\r\n   <label>Telefon<\/label>\r\n   <input class=\"tnp-profile tnp-profile-2\" type=\"text\" name=\"np2\">\r\n<\/div>\r\n<div class=\"tnp-field tnp-privacy-field\">\r\n   <label><input type=\"checkbox\" name=\"ny\" required class=\"tnp-privacy\">\r\n   \u00a0   <a target=\"_blank\" href=\"https:\/\/kme.eu\/kme\/o_nas\/polityka-prywatnosci\/\">Przechodz\u0105c dalej, akceptujesz polityk\u0119 prywatno\u015bci<\/a>\r\n   <\/label>\r\n<\/div>\r\n<div class=\"tnp-field tnp-field-button\"><input class=\"tnp-submit\" type=\"submit\" value=\"Subskrybuj\" >\r\n<\/div>\r\n<\/form>\r\n<\/div><input type=\"hidden\" name=\"nlang\" value=\"de\">\n[\/vc_column_text][\/vc_column][\/vc_row][vc_row row_content_width=&#8220;grid&#8220; row_btt_skin=&#8220;light&#8220; disable_background_image=&#8220;&#8220; row_background_text_position=&#8220;front&#8220; row_skin=&#8220;dark&#8220; css=&#8220;.vc_custom_1589894965622{padding-top: 113px !important;padding-bottom: 113px !important;}&#8220; simple_background_image=&#8220;6804&#8243;][vc_column offset=&#8220;vc_col-lg-offset-6 vc_col-lg-6&#8243; css=&#8220;.vc_custom_1589892913458{padding-right: 15px !important;padding-left: 28px !important;}&#8220; el_class=&#8220;.mkdf-different-button-hover&#8220;]<div class=\"mkdf-elements-holder   mkdf-one-column  mkdf-responsive-mode-768 \" ><div class=\"mkdf-eh-item    \" style=\"background-color: #ffbb00\" data-item-class=\"mkdf-eh-custom-3479\" data-1367-1600=\"76px 112px 85px 106px\" data-1025-1366=\"76px 90px 85px 90px\" data-769-1024=\"76px 280px 85px 86px\" data-681-768=\"76px 110px 85px 120px\" data-680=\"35px 20px 45px 22px\">\n\t<div class=\"mkdf-eh-item-inner\">\n\t\t<div class=\"mkdf-eh-item-content mkdf-eh-custom-3479\" style=\"padding: 76px 100px 85px 106px\">\n\t\t\t<div class=\"mkdf-section-title-holder  mkdf-st-standard mkdf-st-title-left mkdf-st-normal-space \" >\n\t<div class=\"mkdf-st-inner\">\n                    <h6 class=\"mkdf-st-intro-title\" style=\"color: #ffffff\">\n                Filmreihen            <\/h6>\n        \t\t\t\t\t<h3 class=\"mkdf-st-title\" style=\"color: #ffffff\">\n\t\t\t\tDie KME-Akademie<br \/>\t\t\t<\/h3>\n\t\t\t\t\t\t\t<h5 class=\"mkdf-st-text\" style=\"color: #ffffff;font-size: 18px;line-height: 26px;font-weight: 400;margin-top: 20px\">\n\t\t\t\tIn jeden Film zeigen wir L\u00f6sungen, die bessere Nutzung der M\u00f6glichkeiten der Produkte erm\u00f6glichen.\t\t\t<\/h5>\n\t\t\t<\/div>\n<\/div>[vc_empty_space]<a itemprop=\"url\" href=\"\/kme\/category\/akademia-kme\/\" target=\"_self\" style=\"color: #ffbb00;background-color: #ffffff;border-color: #ffffff;padding: 7px 38px\" class=\"mkdf-btn mkdf-btn-medium mkdf-btn-solid mkdf-btn-custom-hover-color\" data-hover-color=\"#ffbb00\" >\n    <span class=\"mkdf-btn-text\">Filme sehen<\/span>\n    <\/a>\t\t<\/div>\n\t<\/div>\n<\/div><\/div>[\/vc_column][\/vc_row]<\/p>\n<\/div>","protected":false},"excerpt":{"rendered":"<p>[vc_row row_content_width=&#8220;grid&#8220; row_btt_skin=&#8220;light&#8220; row_background_text_position=&#8220;front&#8220; row_skin=&#8220;dark&#8220; css=&#8220;.vc_custom_1556102851705{padding-top: 110px !important;padding-bottom: 30px !important;}&#8220;][vc_column][vc_empty_space height=&#8220;10px&#8220;][vc_column_text] Die Firma KME Sp. z o.o. macht Eintr\u00e4ge in die Homologationsliste PL*0017*00\/G. [\/vc_column_text][vc_empty_space height=&#8220;50px&#8220;][vc_column_text]Eine Firma, die um einen Eintrag ihres Montagebetriebs in das Netz der Montagebetriebe gem\u00e4\u00df Homologationszeugnis Nr. [&hellip;]<\/p>\n","protected":false},"author":7,"featured_media":0,"parent":12388,"menu_order":0,"comment_status":"closed","ping_status":"closed","template":"full-width.php","meta":{"footnotes":""},"class_list":["post-12369","page","type-page","status-publish","hentry"],"acf":[],"yoast_head":"<!-- This site is optimized with the Yoast SEO plugin v27.4 - https:\/\/yoast.com\/product\/yoast-seo-wordpress\/ -->\n<title>Bereich der Montagebetriebe - KME<\/title>\n<meta name=\"description\" content=\"Bedingungen der Eintragung in das Netz der Werkst\u00e4tten\" \/>\n<meta name=\"robots\" content=\"index, follow, max-snippet:-1, max-image-preview:large, max-video-preview:-1\" \/>\n<link rel=\"canonical\" href=\"https:\/\/kme.eu\/kme\/de\/werkzeuge-der-werkstatt\/bereich-der-montagebetriebe\/\" \/>\n<meta property=\"og:locale\" content=\"de_DE\" \/>\n<meta property=\"og:type\" content=\"article\" \/>\n<meta property=\"og:title\" content=\"Bereich der Montagebetriebe - KME\" \/>\n<meta property=\"og:description\" content=\"Bedingungen der Eintragung in das Netz der Werkst\u00e4tten\" \/>\n<meta property=\"og:url\" content=\"https:\/\/kme.eu\/kme\/de\/werkzeuge-der-werkstatt\/bereich-der-montagebetriebe\/\" \/>\n<meta property=\"og:site_name\" content=\"KME\" \/>\n<meta property=\"article:publisher\" content=\"https:\/\/www.facebook.com\/KME.LPG\/\" \/>\n<meta property=\"article:modified_time\" content=\"2022-02-16T14:32:13+00:00\" \/>\n<meta name=\"twitter:card\" content=\"summary_large_image\" \/>\n<meta name=\"twitter:label1\" content=\"Gesch\u00e4tzte Lesezeit\" \/>\n\t<meta name=\"twitter:data1\" content=\"3\u00a0Minuten\" \/>\n<script type=\"application\/ld+json\" class=\"yoast-schema-graph\">{\"@context\":\"https:\\\/\\\/schema.org\",\"@graph\":[{\"@type\":\"WebPage\",\"@id\":\"https:\\\/\\\/kme.eu\\\/kme\\\/de\\\/werkzeuge-der-werkstatt\\\/bereich-der-montagebetriebe\\\/\",\"url\":\"https:\\\/\\\/kme.eu\\\/kme\\\/de\\\/werkzeuge-der-werkstatt\\\/bereich-der-montagebetriebe\\\/\",\"name\":\"Bereich der Montagebetriebe - KME\",\"isPartOf\":{\"@id\":\"https:\\\/\\\/kme.eu\\\/kme\\\/de\\\/#website\"},\"datePublished\":\"2021-06-03T20:47:14+00:00\",\"dateModified\":\"2022-02-16T14:32:13+00:00\",\"description\":\"Bedingungen der Eintragung in das Netz der Werkst\u00e4tten\",\"breadcrumb\":{\"@id\":\"https:\\\/\\\/kme.eu\\\/kme\\\/de\\\/werkzeuge-der-werkstatt\\\/bereich-der-montagebetriebe\\\/#breadcrumb\"},\"inLanguage\":\"de\",\"potentialAction\":[{\"@type\":\"ReadAction\",\"target\":[\"https:\\\/\\\/kme.eu\\\/kme\\\/de\\\/werkzeuge-der-werkstatt\\\/bereich-der-montagebetriebe\\\/\"]}]},{\"@type\":\"BreadcrumbList\",\"@id\":\"https:\\\/\\\/kme.eu\\\/kme\\\/de\\\/werkzeuge-der-werkstatt\\\/bereich-der-montagebetriebe\\\/#breadcrumb\",\"itemListElement\":[{\"@type\":\"ListItem\",\"position\":1,\"name\":\"Strona g\u0142\u00f3wna\",\"item\":\"https:\\\/\\\/kme.eu\\\/kme\\\/de\\\/\"},{\"@type\":\"ListItem\",\"position\":2,\"name\":\"Werkzeuge der Werkstatt\",\"item\":\"https:\\\/\\\/kme.eu\\\/kme\\\/de\\\/werkzeuge-der-werkstatt\\\/\"},{\"@type\":\"ListItem\",\"position\":3,\"name\":\"Bereich der Montagebetriebe\"}]},{\"@type\":\"WebSite\",\"@id\":\"https:\\\/\\\/kme.eu\\\/kme\\\/de\\\/#website\",\"url\":\"https:\\\/\\\/kme.eu\\\/kme\\\/de\\\/\",\"name\":\"KME\",\"description\":\"Autogas Systems\",\"publisher\":{\"@id\":\"https:\\\/\\\/kme.eu\\\/kme\\\/de\\\/#organization\"},\"potentialAction\":[{\"@type\":\"SearchAction\",\"target\":{\"@type\":\"EntryPoint\",\"urlTemplate\":\"https:\\\/\\\/kme.eu\\\/kme\\\/de\\\/?s={search_term_string}\"},\"query-input\":{\"@type\":\"PropertyValueSpecification\",\"valueRequired\":true,\"valueName\":\"search_term_string\"}}],\"inLanguage\":\"de\"},{\"@type\":\"Organization\",\"@id\":\"https:\\\/\\\/kme.eu\\\/kme\\\/de\\\/#organization\",\"name\":\"KME\",\"url\":\"https:\\\/\\\/kme.eu\\\/kme\\\/de\\\/\",\"logo\":{\"@type\":\"ImageObject\",\"inLanguage\":\"de\",\"@id\":\"https:\\\/\\\/kme.eu\\\/kme\\\/de\\\/#\\\/schema\\\/logo\\\/image\\\/\",\"url\":\"https:\\\/\\\/kme.eu\\\/kme\\\/wp-content\\\/uploads\\\/2020\\\/04\\\/logo_KME_RGB_small_200px.png\",\"contentUrl\":\"https:\\\/\\\/kme.eu\\\/kme\\\/wp-content\\\/uploads\\\/2020\\\/04\\\/logo_KME_RGB_small_200px.png\",\"width\":272,\"height\":200,\"caption\":\"KME\"},\"image\":{\"@id\":\"https:\\\/\\\/kme.eu\\\/kme\\\/de\\\/#\\\/schema\\\/logo\\\/image\\\/\"},\"sameAs\":[\"https:\\\/\\\/www.facebook.com\\\/KME.LPG\\\/\",\"https:\\\/\\\/www.instagram.com\\\/kme_lpg\\\/\"]}]}<\/script>\n<!-- \/ Yoast SEO plugin. -->","yoast_head_json":{"title":"Bereich der Montagebetriebe - KME","description":"Bedingungen der Eintragung in das Netz der Werkst\u00e4tten","robots":{"index":"index","follow":"follow","max-snippet":"max-snippet:-1","max-image-preview":"max-image-preview:large","max-video-preview":"max-video-preview:-1"},"canonical":"https:\/\/kme.eu\/kme\/de\/werkzeuge-der-werkstatt\/bereich-der-montagebetriebe\/","og_locale":"de_DE","og_type":"article","og_title":"Bereich der Montagebetriebe - KME","og_description":"Bedingungen der Eintragung in das Netz der Werkst\u00e4tten","og_url":"https:\/\/kme.eu\/kme\/de\/werkzeuge-der-werkstatt\/bereich-der-montagebetriebe\/","og_site_name":"KME","article_publisher":"https:\/\/www.facebook.com\/KME.LPG\/","article_modified_time":"2022-02-16T14:32:13+00:00","twitter_card":"summary_large_image","twitter_misc":{"Gesch\u00e4tzte Lesezeit":"3\u00a0Minuten"},"schema":{"@context":"https:\/\/schema.org","@graph":[{"@type":"WebPage","@id":"https:\/\/kme.eu\/kme\/de\/werkzeuge-der-werkstatt\/bereich-der-montagebetriebe\/","url":"https:\/\/kme.eu\/kme\/de\/werkzeuge-der-werkstatt\/bereich-der-montagebetriebe\/","name":"Bereich der Montagebetriebe - KME","isPartOf":{"@id":"https:\/\/kme.eu\/kme\/de\/#website"},"datePublished":"2021-06-03T20:47:14+00:00","dateModified":"2022-02-16T14:32:13+00:00","description":"Bedingungen der Eintragung in das Netz der Werkst\u00e4tten","breadcrumb":{"@id":"https:\/\/kme.eu\/kme\/de\/werkzeuge-der-werkstatt\/bereich-der-montagebetriebe\/#breadcrumb"},"inLanguage":"de","potentialAction":[{"@type":"ReadAction","target":["https:\/\/kme.eu\/kme\/de\/werkzeuge-der-werkstatt\/bereich-der-montagebetriebe\/"]}]},{"@type":"BreadcrumbList","@id":"https:\/\/kme.eu\/kme\/de\/werkzeuge-der-werkstatt\/bereich-der-montagebetriebe\/#breadcrumb","itemListElement":[{"@type":"ListItem","position":1,"name":"Strona g\u0142\u00f3wna","item":"https:\/\/kme.eu\/kme\/de\/"},{"@type":"ListItem","position":2,"name":"Werkzeuge der Werkstatt","item":"https:\/\/kme.eu\/kme\/de\/werkzeuge-der-werkstatt\/"},{"@type":"ListItem","position":3,"name":"Bereich der Montagebetriebe"}]},{"@type":"WebSite","@id":"https:\/\/kme.eu\/kme\/de\/#website","url":"https:\/\/kme.eu\/kme\/de\/","name":"KME","description":"Autogas Systems","publisher":{"@id":"https:\/\/kme.eu\/kme\/de\/#organization"},"potentialAction":[{"@type":"SearchAction","target":{"@type":"EntryPoint","urlTemplate":"https:\/\/kme.eu\/kme\/de\/?s={search_term_string}"},"query-input":{"@type":"PropertyValueSpecification","valueRequired":true,"valueName":"search_term_string"}}],"inLanguage":"de"},{"@type":"Organization","@id":"https:\/\/kme.eu\/kme\/de\/#organization","name":"KME","url":"https:\/\/kme.eu\/kme\/de\/","logo":{"@type":"ImageObject","inLanguage":"de","@id":"https:\/\/kme.eu\/kme\/de\/#\/schema\/logo\/image\/","url":"https:\/\/kme.eu\/kme\/wp-content\/uploads\/2020\/04\/logo_KME_RGB_small_200px.png","contentUrl":"https:\/\/kme.eu\/kme\/wp-content\/uploads\/2020\/04\/logo_KME_RGB_small_200px.png","width":272,"height":200,"caption":"KME"},"image":{"@id":"https:\/\/kme.eu\/kme\/de\/#\/schema\/logo\/image\/"},"sameAs":["https:\/\/www.facebook.com\/KME.LPG\/","https:\/\/www.instagram.com\/kme_lpg\/"]}]}},"_links":{"self":[{"href":"https:\/\/kme.eu\/kme\/de\/wp-json\/wp\/v2\/pages\/12369","targetHints":{"allow":["GET"]}}],"collection":[{"href":"https:\/\/kme.eu\/kme\/de\/wp-json\/wp\/v2\/pages"}],"about":[{"href":"https:\/\/kme.eu\/kme\/de\/wp-json\/wp\/v2\/types\/page"}],"author":[{"embeddable":true,"href":"https:\/\/kme.eu\/kme\/de\/wp-json\/wp\/v2\/users\/7"}],"replies":[{"embeddable":true,"href":"https:\/\/kme.eu\/kme\/de\/wp-json\/wp\/v2\/comments?post=12369"}],"version-history":[{"count":0,"href":"https:\/\/kme.eu\/kme\/de\/wp-json\/wp\/v2\/pages\/12369\/revisions"}],"up":[{"embeddable":true,"href":"https:\/\/kme.eu\/kme\/de\/wp-json\/wp\/v2\/pages\/12388"}],"wp:attachment":[{"href":"https:\/\/kme.eu\/kme\/de\/wp-json\/wp\/v2\/media?parent=12369"}],"curies":[{"name":"wp","href":"https:\/\/api.w.org\/{rel}","templated":true}]}}