{"id":12391,"date":"2021-06-03T23:27:18","date_gmt":"2021-06-03T21:27:18","guid":{"rendered":"https:\/\/kme.eu\/kme\/werkzeuge-der-werkstatt\/ece-r-115\/"},"modified":"2026-03-20T09:17:59","modified_gmt":"2026-03-20T08:17:59","slug":"ece-r-115","status":"publish","type":"page","link":"https:\/\/kme.eu\/kme\/de\/werkzeuge-der-werkstatt\/ece-r-115\/","title":{"rendered":"ECE R-115"},"content":{"rendered":"<div class=\"wpb-content-wrapper\"><p>[vc_row row_content_width=&#8220;grid&#8220; row_btt_skin=&#8220;light&#8220; row_background_text_position=&#8220;front&#8220; row_skin=&#8220;dark&#8220; css=&#8220;.vc_custom_1556102851705{padding-top: 110px !important;padding-bottom: 30px !important;}&#8220;][vc_column][vc_empty_space height=&#8220;10px&#8220;][vc_column_text]<\/p>\n<h4>Die Firma KME Sp. z o.o. erteilt eine Typen-Homologation der LPG-Zusatzausr\u00fcstung anhand der Regelung R-115.<\/h4>\n<p>[\/vc_column_text][vc_column_text]<em>Die KME Sp. z o.o. erteilt die Typengenehmigung f\u00fcr die LPG-Zusatzausr\u00fcstung auf der Grundlage der Regelung R-115.<\/em>[\/vc_column_text][vc_empty_space]<div class=\"mkdf-accordion-holder mkdf-ac-default  mkdf-accordion mkdf-ac-boxed    clearfix\">\n\t<h5 class=\"mkdf-accordion-title\" >\n    <span class=\"mkdf-tab-title\">Liste von Motoren mit indirekter und direkter Einspritzung<\/span>\n    <span class=\"mkdf-accordion-mark\">\n\t\t<span class=\"mkdf_icon_plus icon_plus\"><\/span>\n\t\t<span class=\"mkdf_icon_minus icon_minus-06\"><\/span>\n\t<\/span>\n<\/h5>\n<div class=\"mkdf-accordion-content\">\n\t<div class=\"mkdf-accordion-content-inner\">\n\t\t[vc_empty_space height=&#8220;50px&#8220;][vc_column_text]\n<table id=\"tablepress-13\" class=\"tablepress tablepress-id-13\">\n<thead>\n<tr class=\"row-1\">\n\t<th class=\"column-1\">LP<\/th><th class=\"column-2\">Automarke<\/th><th class=\"column-3\">Gruppe<\/th><th class=\"column-4\">EURO<\/th>\n<\/tr>\n<\/thead>\n<tbody class=\"row-striping row-hover\">\n<tr class=\"row-2\">\n\t<td class=\"column-1\">1<\/td><td class=\"column-2\">Ford, Jaguar, Land Rover<\/td><td class=\"column-3\">FORD <\/td><td class=\"column-4\">EURO 3-6 WLTP<\/td>\n<\/tr>\n<tr class=\"row-3\">\n\t<td class=\"column-1\">2<\/td><td class=\"column-2\">Mazda, Volvo<\/td><td class=\"column-3\">MAZDA<\/td><td class=\"column-4\">EURO 3-6 WLTP<\/td>\n<\/tr>\n<tr class=\"row-4\">\n\t<td class=\"column-1\">3<\/td><td class=\"column-2\">Alfa Romeo, Abarth Chrysler, Dodge, Ferrari, Fiat, Jeep, Lancia<\/td><td class=\"column-3\">FCA<\/td><td class=\"column-4\">EURO 3-6 WLTP<\/td>\n<\/tr>\n<tr class=\"row-5\">\n\t<td class=\"column-1\">4<\/td><td class=\"column-2\">Volkswagen, Audi, Seat, Skoda, Bentley, Porsche, Bugatti, Lamborghini<\/td><td class=\"column-3\">VAG<\/td><td class=\"column-4\">EURO 3-6 WLTP<\/td>\n<\/tr>\n<tr class=\"row-6\">\n\t<td class=\"column-1\">5<\/td><td class=\"column-2\">Peugeot, Citroen, Opel, DS_Automobile<\/td><td class=\"column-3\">PSA<\/td><td class=\"column-4\">EURO 3-6 WLTP<\/td>\n<\/tr>\n<tr class=\"row-7\">\n\t<td class=\"column-1\">6<\/td><td class=\"column-2\">Renault, Dacia, Nissan, Infinity<\/td><td class=\"column-3\">RENAULT-NISSAN<\/td><td class=\"column-4\">EURO 3-6 WLTP<\/td>\n<\/tr>\n<tr class=\"row-8\">\n\t<td class=\"column-1\">7<\/td><td class=\"column-2\">Hyundai, KIA, Mitsubishi, Maruti<\/td><td class=\"column-3\">HYUNDAI,KIA<\/td><td class=\"column-4\">EURO 3-6 WLTP<\/td>\n<\/tr>\n<tr class=\"row-9\">\n\t<td class=\"column-1\">8<\/td><td class=\"column-2\">Toyota, Lexus, Daihatsu, Peugeot, Citroen, Suzuki, Subaru<\/td><td class=\"column-3\">TOYOTA<\/td><td class=\"column-4\">EURO 3-6 WLTP<\/td>\n<\/tr>\n<tr class=\"row-10\">\n\t<td class=\"column-1\">9<\/td><td class=\"column-2\">Chevrolet,GM, Opel,  Cadillac, Chevrolet, Hummer, Vauxhall, Saab, Holden<\/td><td class=\"column-3\">CHEVROLET<\/td><td class=\"column-4\">EURO 3-5 WLTP<\/td>\n<\/tr>\n<tr class=\"row-11\">\n\t<td class=\"column-1\">10<\/td><td class=\"column-2\">BMW<\/td><td class=\"column-3\">BMW<\/td><td class=\"column-4\">EURO 3-4<\/td>\n<\/tr>\n<tr class=\"row-12\">\n\t<td class=\"column-1\">12<\/td><td class=\"column-2\">Mercedes-Benz, SSangYong, Maybach<\/td><td class=\"column-3\">DAIMLER<\/td><td class=\"column-4\">EURO 3-4<\/td>\n<\/tr>\n<\/tbody>\n<\/table>\n<!-- #tablepress-13 from cache -->[\/vc_column_text][vc_empty_space]\t<\/div>\n<\/div><h5 class=\"mkdf-accordion-title\" >\n    <span class=\"mkdf-tab-title\">Liste von Komponenten des Kraftstoffversorgungssystems<\/span>\n    <span class=\"mkdf-accordion-mark\">\n\t\t<span class=\"mkdf_icon_plus icon_plus\"><\/span>\n\t\t<span class=\"mkdf_icon_minus icon_minus-06\"><\/span>\n\t<\/span>\n<\/h5>\n<div class=\"mkdf-accordion-content\">\n\t<div class=\"mkdf-accordion-content-inner\">\n\t\t[vc_empty_space][vc_column_text]Auflistung der Bestandselemente des Systems der Versorgung mit LPG-Kraftstoff vom Typ KME-R-115[\/vc_column_text][vc_column_text]<em><span lang=\"DE\" style=\"font-size: 13.5pt; font-family: inherit; color: #565969;\">Liste von Komponenten des LPG-Kraftstoffversorgungssystems vom Typ KME-R-115<\/span><\/em><\/p>\n<div class=\"sdm_download_button_box_default\"><div class=\"sdm_download_link\"><a href=\"https:\/\/kme.eu\/kme\/de\/\/?sdm_process_download=1&download_id=13945\" class=\"sdm_download orange\" title=\"Liste der Komponenten des LPG-Kraftstoffversorgungssystems Typ KME-R115\" target=&quot;_blank&quot;>Laden Sie die Liste herunter<\/a><\/div><\/div>[\/vc_column_text][vc_empty_space height=&#8220;16px&#8220;]\t<\/div>\n<\/div><h5 class=\"mkdf-accordion-title\" >\n    <span class=\"mkdf-tab-title\">Was sollten Sie tun?<\/span>\n    <span class=\"mkdf-accordion-mark\">\n\t\t<span class=\"mkdf_icon_plus icon_plus\"><\/span>\n\t\t<span class=\"mkdf_icon_minus icon_minus-06\"><\/span>\n\t<\/span>\n<\/h5>\n<div class=\"mkdf-accordion-content\">\n\t<div class=\"mkdf-accordion-content-inner\">\n\t\t[vc_column_text]Die montierende Werkstatt sollte Folgendes tun | <em>Eine Kfz-Werkstatt sollte Folgendes tun:<\/em><\/p>\n<p>&nbsp;<\/p>\n<p>1. Die Werkstatt sendet ausgef\u00fcllte Datei \u201eMeldung der Montage\u201c an folgende E-Mail-Adresse: <a class=\"iconEmail\" href=\"r115@kme.eu\">r115@kme.eu<\/a><br \/>\n<em>Die Kfz-Werkstatt sendet die vollst\u00e4ndige Datei \u201eAnmeldung der Montage\u201c an die folgende E-Mail:<\/em> <a href=\"r115@kme.eu\">r115@kme.eu<\/a>[\/vc_column_text][vc_empty_space height=&#8220;16px&#8220;][vc_column_text]<div class=\"sdm_download_button_box_default\"><div class=\"sdm_download_link\"><a href=\"https:\/\/kme.eu\/kme\/de\/\/?sdm_process_download=1&download_id=10961\" class=\"sdm_download orange\" title=\"Formularz zg\u0142oszenia monta\u017cu R-115\" target=&quot;_blank&quot;>Laden Sie das Formular herunter<\/a><\/div><\/div>[\/vc_column_text][vc_empty_space height=&#8220;16px&#8220;][vc_column_text]2. Kosten der Ausgabe der Dokumente <strong>450 PLN brutto<\/strong>. | <em>Die Kosten f\u00fcr die Ausstellung der Dokumente betragen <strong>450 PLN brutto<\/strong>.<\/em><\/p>\n<p><strong>HINWEIS:<\/strong> die Geb\u00fchr ist nach Erhalt der Best\u00e4tigung des Anmeldeformulars zu entrichten.<br \/>\n<em><strong>BITTE BEACHTEN SIE:<\/strong> Die Geb\u00fchr sollte nach Erhalt der Best\u00e4tigung des Antragsformulars bezahlt werden.<\/em>[\/vc_column_text][vc_empty_space height=&#8220;16px&#8220;][vc_column_text]3. Dokumente, die die Werksatt von KME erh\u00e4lt | <em>Die Werkstatt erh\u00e4lt von KME die folgenden Dokumente:<\/em><\/p>\n<ul>\n<li>Aufkleber | <em>Aufkleber<\/em><\/li>\n<li>Homologation mit VIN-Nummer des Autos zur Montage | <em>Genehmigung mit VIN-Nummer des Fahrzeugs mit zu installierender LPG-Anlage<\/em><\/li>\n<li>Dokument, das den Einbau in das Fahrzeug mit den angegebenen Komponenten best\u00e4tigt (Wartezeit f\u00fcr Dokumente bis zu 2 Wochen) | <em>Dokument, das den Einbau in das Fahrzeug mit den angegebenen Komponenten best\u00e4tigt (Wartezeit f\u00fcr Dokumente bis zu 2 Wochen)<\/em><\/li>\n<\/ul>\n<p>[\/vc_column_text][vc_empty_space height=&#8220;16px&#8220;][vc_separator][vc_empty_space height=&#8220;16px&#8220;][vc_column_text]<\/p>\n<h4>Das Formular soll an folgende E-Mail-Adresse \u00fcbermittelt werden: <a href=\"r115@kme.eu\">r115@kme.eu<\/a><\/h4>\n<p><em>Das Formular soll an folgende E-Mail-Adresse \u00fcbersandt werden: r115@kme.eu<\/em><\/p>\n<h5>Kontaktpersonen | <em>Ansprechpartner<\/em>:<\/h5>\n<p>\u0141ukasz Kubiak | tel. 664 064 199<\/p>\n<h5>Bankverbindung | <em>Bankverbindung<\/em>:<\/h5>\n<p>78 1500 1038 1210 3005 2855 0000 Santander Bank<\/p>\n<p>&nbsp;<\/p>\n<p>KME sp. z o.o.<br \/>\n\u015bw. Teresy od Dzieci\u0105tka Jezus 103a<br \/>\n91-222 \u0141\u00f3d\u017a[\/vc_column_text][vc_empty_space height=&#8220;16px&#8220;]\t<\/div>\n<\/div><h5 class=\"mkdf-accordion-title\" >\n    <span class=\"mkdf-tab-title\">LPG-Legalisierung<\/span>\n    <span class=\"mkdf-accordion-mark\">\n\t\t<span class=\"mkdf_icon_plus icon_plus\"><\/span>\n\t\t<span class=\"mkdf_icon_minus icon_minus-06\"><\/span>\n\t<\/span>\n<\/h5>\n<div class=\"mkdf-accordion-content\">\n\t<div class=\"mkdf-accordion-content-inner\">\n\t\t[vc_column_text]1. Der Kunde meldet sich mit allen Dokumenten zum Diagnostiker mit Befugnissen f\u00fcr R115, um eine Inspektion durchzuf\u00fchren. | <em>Der Kunde soll sich mit allen Unterlagen bei einem f\u00fcr R115 qualifizierten Diagnostiker zur Inspektion melden.<\/em><\/p>\n<p><strong>HINWEIS: Diese Inspektion kann bei jedem T\u00dcV durchgef\u00fchrt werden.<br \/>\n<em>ACHTUNG: Diese \u00dcberpr\u00fcfung k\u00f6nnen Sie bei jedem T\u00dcV durchf\u00fchren lassen.<\/em><br \/>\n<\/strong>[\/vc_column_text][vc_empty_space height=&#8220;16px&#8220;][vc_column_text]2. Nach positivem Ergebnis der Inspektion meldet sich der Kunde mit allen Dokumenten (von der KME und dem Diagnostiker) zwecks Best\u00e4tigung der Montage der LPG-Anlage und der Eintragung in Fahrzeugschein (Eintrag ist kostenpflichtig \u2013 Informationen beim T\u00dcV). | <em>Nach erfolgreicher \u00dcberpr\u00fcfung kommt der Kunde mit allen Unterlagen (von KME und vom Diagnostiker), um den Einbau von LPG-Anlage zu best\u00e4tigen und den Eintrag in den Fahrzeugschein vorzunehmen (der Eintrag ist kostenpflichtig &#8211; Informationen beim T\u00dcV).<\/em>[\/vc_column_text][vc_empty_space height=&#8220;16px&#8220;]\t<\/div>\n<\/div><\/div>[vc_empty_space][\/vc_column][\/vc_row][vc_row row_content_width=&#8220;grid&#8220; row_btt_skin=&#8220;light&#8220; row_background_text_position=&#8220;front&#8220;][vc_column][vc_column_text]<\/p>\n<h4>M\u00f6chten Sie \u00fcber Montage von KMP-Produkten und neueste Ausf\u00fchrungen am Laufenden sein? Abonnieren Sie unser Newsletter!<\/h4>\n<p>[\/vc_column_text][vc_column_text]<div class=\"tnp tnp-subscription\">\r\n<form method=\"post\" action=\"https:\/\/kme.eu\/kme\/?na=s\" onsubmit=\"return newsletter_check(this)\">\r\n\r\n<input type=\"hidden\" name=\"nlang\" value=\"\">\r\n<div class=\"tnp-field tnp-field-email\">\r\n   <label>Email<\/label>\r\n   <input class=\"tnp-email\" type=\"email\" name=\"ne\" required>\r\n<\/div>\r\n<div class=\"tnp-field tnp-field-firstname\">\r\n   <label>Imi\u0119 lub Imi\u0119 i Nazwisko<\/label>\r\n   <input class=\"tnp-firstname\" type=\"text\" name=\"nn\" >\r\n<\/div>\r\n<div class=\"tnp-lists\">\r\n   <p>Do jakich list chcesz do\u0142\u0105czy\u0107 dodatkowo?<\/p>\r\n   <div class=\"tnp-field tnp-field-list\">\r\n      <label style=\"display: none;\">\r\n         <input class=\"tnp-preference\" type=\"checkbox\" name=\"nl[]\" value=\"2\" id=\"company_input\" checked\/>Warsztaty<\/label>\r\n   <\/div>\r\n   <div class=\"tnp-field tnp-field-list\">\r\n      <label>\r\n         <input class=\"tnp-preference\" type=\"checkbox\" name=\"nl[]\" value=\"3\"\/>Kierowcy<\/label>\r\n   <\/div>\r\n<\/div>\r\n<div class=\"tnp-field tnp-field-profile\" id=\"comp_name\">\r\n   <label>Firma<\/label>\r\n   <input class=\"tnp-profile tnp-profile-1\" type=\"text\" name=\"np1\" id=\"comp_name_text\">\r\n<\/div>\r\n<div class=\"tnp-field tnp-field-profile\">\r\n   <label>Telefon<\/label>\r\n   <input class=\"tnp-profile tnp-profile-2\" type=\"text\" name=\"np2\">\r\n<\/div>\r\n<div class=\"tnp-field tnp-privacy-field\">\r\n   <label><input type=\"checkbox\" name=\"ny\" required class=\"tnp-privacy\">\r\n   \u00a0   <a target=\"_blank\" href=\"https:\/\/kme.eu\/kme\/o_nas\/polityka-prywatnosci\/\">Przechodz\u0105c dalej, akceptujesz polityk\u0119 prywatno\u015bci<\/a>\r\n   <\/label>\r\n<\/div>\r\n<div class=\"tnp-field tnp-field-button\"><input class=\"tnp-submit\" type=\"submit\" value=\"Subskrybuj\" >\r\n<\/div>\r\n<\/form>\r\n<\/div><input type=\"hidden\" name=\"nlang\" value=\"de\">\n[\/vc_column_text][\/vc_column][\/vc_row][vc_row row_content_width=&#8220;grid&#8220; row_btt_skin=&#8220;light&#8220; disable_background_image=&#8220;&#8220; row_background_text_position=&#8220;front&#8220; row_skin=&#8220;dark&#8220; css=&#8220;.vc_custom_1589894965622{padding-top: 113px !important;padding-bottom: 113px !important;}&#8220; simple_background_image=&#8220;6804&#8243;][vc_column offset=&#8220;vc_col-lg-offset-6 vc_col-lg-6&#8243; css=&#8220;.vc_custom_1589892913458{padding-right: 15px !important;padding-left: 28px !important;}&#8220; el_class=&#8220;.mkdf-different-button-hover&#8220;]<div class=\"mkdf-elements-holder   mkdf-one-column  mkdf-responsive-mode-768 \" ><div class=\"mkdf-eh-item    \" style=\"background-color: #ffbb00\" data-item-class=\"mkdf-eh-custom-4474\" data-1367-1600=\"76px 112px 85px 106px\" data-1025-1366=\"76px 90px 85px 90px\" data-769-1024=\"76px 280px 85px 86px\" data-681-768=\"76px 110px 85px 120px\" data-680=\"35px 20px 45px 22px\">\n\t<div class=\"mkdf-eh-item-inner\">\n\t\t<div class=\"mkdf-eh-item-content mkdf-eh-custom-4474\" style=\"padding: 76px 100px 85px 106px\">\n\t\t\t<div class=\"mkdf-section-title-holder  mkdf-st-standard mkdf-st-title-left mkdf-st-normal-space \" >\n\t<div class=\"mkdf-st-inner\">\n                    <h6 class=\"mkdf-st-intro-title\" style=\"color: #ffffff\">\n                Reihe von Filmen            <\/h6>\n        \t\t\t\t\t<h3 class=\"mkdf-st-title\" style=\"color: #ffffff\">\n\t\t\t\tDie KME-Akademie<br \/>\t\t\t<\/h3>\n\t\t\t\t\t\t\t<h5 class=\"mkdf-st-text\" style=\"color: #ffffff;font-size: 18px;line-height: 26px;font-weight: 400;margin-top: 20px\">\n\t\t\t\tIn jeden Film zeigen wir L\u00f6sungen, die bessere Nutzung der M\u00f6glichkeiten der Produkte erm\u00f6glichen.\t\t\t<\/h5>\n\t\t\t<\/div>\n<\/div>[vc_empty_space]<a itemprop=\"url\" href=\"\/kme\/category\/akademia-kme\/\" target=\"_self\" style=\"color: #ffbb00;background-color: #ffffff;border-color: #ffffff;padding: 7px 38px\" class=\"mkdf-btn mkdf-btn-medium mkdf-btn-solid mkdf-btn-custom-hover-color\" data-hover-color=\"#ffbb00\" >\n    <span class=\"mkdf-btn-text\">Filme sehen<\/span>\n    <\/a>\t\t<\/div>\n\t<\/div>\n<\/div><\/div>[\/vc_column][\/vc_row]<\/p>\n<\/div>","protected":false},"excerpt":{"rendered":"<p>[vc_row row_content_width=&#8220;grid&#8220; row_btt_skin=&#8220;light&#8220; row_background_text_position=&#8220;front&#8220; row_skin=&#8220;dark&#8220; css=&#8220;.vc_custom_1556102851705{padding-top: 110px !important;padding-bottom: 30px !important;}&#8220;][vc_column][vc_empty_space height=&#8220;10px&#8220;][vc_column_text] Die Firma KME Sp. z o.o. erteilt eine Typen-Homologation der LPG-Zusatzausr\u00fcstung anhand der Regelung R-115. [\/vc_column_text][vc_column_text]Die KME Sp. z o.o. erteilt die Typengenehmigung f\u00fcr die LPG-Zusatzausr\u00fcstung auf der Grundlage [&hellip;]<\/p>\n","protected":false},"author":1,"featured_media":0,"parent":12388,"menu_order":0,"comment_status":"closed","ping_status":"closed","template":"full-width.php","meta":{"footnotes":""},"class_list":["post-12391","page","type-page","status-publish","hentry"],"acf":[],"yoast_head":"<!-- This site is optimized with the Yoast SEO plugin v27.6 - https:\/\/yoast.com\/product\/yoast-seo-wordpress\/ -->\n<title>R-115 Typen-Homologation der LPG-Zusatzausr\u00fcstung<\/title>\n<meta name=\"description\" content=\"Die Typen-Homologation der LPG-Zusatzausr\u00fcstung aufgrund der Regelung R-115. Auflistung der Bestandselemente des Systems der Versorgung mit LPG-Kraftstoff vom Typ KME-R-115.\" \/>\n<meta name=\"robots\" content=\"index, follow, max-snippet:-1, max-image-preview:large, max-video-preview:-1\" \/>\n<link rel=\"canonical\" href=\"https:\/\/kme.eu\/kme\/de\/werkzeuge-der-werkstatt\/ece-r-115\/\" \/>\n<meta property=\"og:locale\" content=\"de_DE\" \/>\n<meta property=\"og:type\" content=\"article\" \/>\n<meta property=\"og:title\" content=\"R-115 Typen-Homologation der LPG-Zusatzausr\u00fcstung\" \/>\n<meta property=\"og:description\" content=\"Die Typen-Homologation der LPG-Zusatzausr\u00fcstung aufgrund der Regelung R-115. Auflistung der Bestandselemente des Systems der Versorgung mit LPG-Kraftstoff vom Typ KME-R-115.\" \/>\n<meta property=\"og:url\" content=\"https:\/\/kme.eu\/kme\/de\/werkzeuge-der-werkstatt\/ece-r-115\/\" \/>\n<meta property=\"og:site_name\" content=\"KME\" \/>\n<meta property=\"article:publisher\" content=\"https:\/\/www.facebook.com\/KME.LPG\/\" \/>\n<meta property=\"article:modified_time\" content=\"2026-03-20T08:17:59+00:00\" \/>\n<meta name=\"twitter:card\" content=\"summary_large_image\" \/>\n<meta name=\"twitter:label1\" content=\"Gesch\u00e4tzte Lesezeit\" \/>\n\t<meta name=\"twitter:data1\" content=\"4\u00a0Minuten\" \/>\n<script type=\"application\/ld+json\" class=\"yoast-schema-graph\">{\"@context\":\"https:\\\/\\\/schema.org\",\"@graph\":[{\"@type\":\"WebPage\",\"@id\":\"https:\\\/\\\/kme.eu\\\/kme\\\/de\\\/werkzeuge-der-werkstatt\\\/ece-r-115\\\/\",\"url\":\"https:\\\/\\\/kme.eu\\\/kme\\\/de\\\/werkzeuge-der-werkstatt\\\/ece-r-115\\\/\",\"name\":\"R-115 Typen-Homologation der LPG-Zusatzausr\u00fcstung\",\"isPartOf\":{\"@id\":\"https:\\\/\\\/kme.eu\\\/kme\\\/de\\\/#website\"},\"datePublished\":\"2021-06-03T21:27:18+00:00\",\"dateModified\":\"2026-03-20T08:17:59+00:00\",\"description\":\"Die Typen-Homologation der LPG-Zusatzausr\u00fcstung aufgrund der Regelung R-115. Auflistung der Bestandselemente des Systems der Versorgung mit LPG-Kraftstoff vom Typ KME-R-115.\",\"breadcrumb\":{\"@id\":\"https:\\\/\\\/kme.eu\\\/kme\\\/de\\\/werkzeuge-der-werkstatt\\\/ece-r-115\\\/#breadcrumb\"},\"inLanguage\":\"de\",\"potentialAction\":[{\"@type\":\"ReadAction\",\"target\":[\"https:\\\/\\\/kme.eu\\\/kme\\\/de\\\/werkzeuge-der-werkstatt\\\/ece-r-115\\\/\"]}]},{\"@type\":\"BreadcrumbList\",\"@id\":\"https:\\\/\\\/kme.eu\\\/kme\\\/de\\\/werkzeuge-der-werkstatt\\\/ece-r-115\\\/#breadcrumb\",\"itemListElement\":[{\"@type\":\"ListItem\",\"position\":1,\"name\":\"Strona g\u0142\u00f3wna\",\"item\":\"https:\\\/\\\/kme.eu\\\/kme\\\/de\\\/\"},{\"@type\":\"ListItem\",\"position\":2,\"name\":\"Werkzeuge der Werkstatt\",\"item\":\"https:\\\/\\\/kme.eu\\\/kme\\\/de\\\/werkzeuge-der-werkstatt\\\/\"},{\"@type\":\"ListItem\",\"position\":3,\"name\":\"ECE R-115\"}]},{\"@type\":\"WebSite\",\"@id\":\"https:\\\/\\\/kme.eu\\\/kme\\\/de\\\/#website\",\"url\":\"https:\\\/\\\/kme.eu\\\/kme\\\/de\\\/\",\"name\":\"KME\",\"description\":\"Autogas Systems\",\"publisher\":{\"@id\":\"https:\\\/\\\/kme.eu\\\/kme\\\/de\\\/#organization\"},\"potentialAction\":[{\"@type\":\"SearchAction\",\"target\":{\"@type\":\"EntryPoint\",\"urlTemplate\":\"https:\\\/\\\/kme.eu\\\/kme\\\/de\\\/?s={search_term_string}\"},\"query-input\":{\"@type\":\"PropertyValueSpecification\",\"valueRequired\":true,\"valueName\":\"search_term_string\"}}],\"inLanguage\":\"de\"},{\"@type\":\"Organization\",\"@id\":\"https:\\\/\\\/kme.eu\\\/kme\\\/de\\\/#organization\",\"name\":\"KME\",\"url\":\"https:\\\/\\\/kme.eu\\\/kme\\\/de\\\/\",\"logo\":{\"@type\":\"ImageObject\",\"inLanguage\":\"de\",\"@id\":\"https:\\\/\\\/kme.eu\\\/kme\\\/de\\\/#\\\/schema\\\/logo\\\/image\\\/\",\"url\":\"https:\\\/\\\/kme.eu\\\/kme\\\/wp-content\\\/uploads\\\/2020\\\/04\\\/logo_KME_RGB_small_200px.png\",\"contentUrl\":\"https:\\\/\\\/kme.eu\\\/kme\\\/wp-content\\\/uploads\\\/2020\\\/04\\\/logo_KME_RGB_small_200px.png\",\"width\":272,\"height\":200,\"caption\":\"KME\"},\"image\":{\"@id\":\"https:\\\/\\\/kme.eu\\\/kme\\\/de\\\/#\\\/schema\\\/logo\\\/image\\\/\"},\"sameAs\":[\"https:\\\/\\\/www.facebook.com\\\/KME.LPG\\\/\",\"https:\\\/\\\/www.instagram.com\\\/kme_lpg\\\/\"]}]}<\/script>\n<!-- \/ Yoast SEO plugin. -->","yoast_head_json":{"title":"R-115 Typen-Homologation der LPG-Zusatzausr\u00fcstung","description":"Die Typen-Homologation der LPG-Zusatzausr\u00fcstung aufgrund der Regelung R-115. Auflistung der Bestandselemente des Systems der Versorgung mit LPG-Kraftstoff vom Typ KME-R-115.","robots":{"index":"index","follow":"follow","max-snippet":"max-snippet:-1","max-image-preview":"max-image-preview:large","max-video-preview":"max-video-preview:-1"},"canonical":"https:\/\/kme.eu\/kme\/de\/werkzeuge-der-werkstatt\/ece-r-115\/","og_locale":"de_DE","og_type":"article","og_title":"R-115 Typen-Homologation der LPG-Zusatzausr\u00fcstung","og_description":"Die Typen-Homologation der LPG-Zusatzausr\u00fcstung aufgrund der Regelung R-115. Auflistung der Bestandselemente des Systems der Versorgung mit LPG-Kraftstoff vom Typ KME-R-115.","og_url":"https:\/\/kme.eu\/kme\/de\/werkzeuge-der-werkstatt\/ece-r-115\/","og_site_name":"KME","article_publisher":"https:\/\/www.facebook.com\/KME.LPG\/","article_modified_time":"2026-03-20T08:17:59+00:00","twitter_card":"summary_large_image","twitter_misc":{"Gesch\u00e4tzte Lesezeit":"4\u00a0Minuten"},"schema":{"@context":"https:\/\/schema.org","@graph":[{"@type":"WebPage","@id":"https:\/\/kme.eu\/kme\/de\/werkzeuge-der-werkstatt\/ece-r-115\/","url":"https:\/\/kme.eu\/kme\/de\/werkzeuge-der-werkstatt\/ece-r-115\/","name":"R-115 Typen-Homologation der LPG-Zusatzausr\u00fcstung","isPartOf":{"@id":"https:\/\/kme.eu\/kme\/de\/#website"},"datePublished":"2021-06-03T21:27:18+00:00","dateModified":"2026-03-20T08:17:59+00:00","description":"Die Typen-Homologation der LPG-Zusatzausr\u00fcstung aufgrund der Regelung R-115. Auflistung der Bestandselemente des Systems der Versorgung mit LPG-Kraftstoff vom Typ KME-R-115.","breadcrumb":{"@id":"https:\/\/kme.eu\/kme\/de\/werkzeuge-der-werkstatt\/ece-r-115\/#breadcrumb"},"inLanguage":"de","potentialAction":[{"@type":"ReadAction","target":["https:\/\/kme.eu\/kme\/de\/werkzeuge-der-werkstatt\/ece-r-115\/"]}]},{"@type":"BreadcrumbList","@id":"https:\/\/kme.eu\/kme\/de\/werkzeuge-der-werkstatt\/ece-r-115\/#breadcrumb","itemListElement":[{"@type":"ListItem","position":1,"name":"Strona g\u0142\u00f3wna","item":"https:\/\/kme.eu\/kme\/de\/"},{"@type":"ListItem","position":2,"name":"Werkzeuge der Werkstatt","item":"https:\/\/kme.eu\/kme\/de\/werkzeuge-der-werkstatt\/"},{"@type":"ListItem","position":3,"name":"ECE R-115"}]},{"@type":"WebSite","@id":"https:\/\/kme.eu\/kme\/de\/#website","url":"https:\/\/kme.eu\/kme\/de\/","name":"KME","description":"Autogas Systems","publisher":{"@id":"https:\/\/kme.eu\/kme\/de\/#organization"},"potentialAction":[{"@type":"SearchAction","target":{"@type":"EntryPoint","urlTemplate":"https:\/\/kme.eu\/kme\/de\/?s={search_term_string}"},"query-input":{"@type":"PropertyValueSpecification","valueRequired":true,"valueName":"search_term_string"}}],"inLanguage":"de"},{"@type":"Organization","@id":"https:\/\/kme.eu\/kme\/de\/#organization","name":"KME","url":"https:\/\/kme.eu\/kme\/de\/","logo":{"@type":"ImageObject","inLanguage":"de","@id":"https:\/\/kme.eu\/kme\/de\/#\/schema\/logo\/image\/","url":"https:\/\/kme.eu\/kme\/wp-content\/uploads\/2020\/04\/logo_KME_RGB_small_200px.png","contentUrl":"https:\/\/kme.eu\/kme\/wp-content\/uploads\/2020\/04\/logo_KME_RGB_small_200px.png","width":272,"height":200,"caption":"KME"},"image":{"@id":"https:\/\/kme.eu\/kme\/de\/#\/schema\/logo\/image\/"},"sameAs":["https:\/\/www.facebook.com\/KME.LPG\/","https:\/\/www.instagram.com\/kme_lpg\/"]}]}},"_links":{"self":[{"href":"https:\/\/kme.eu\/kme\/de\/wp-json\/wp\/v2\/pages\/12391","targetHints":{"allow":["GET"]}}],"collection":[{"href":"https:\/\/kme.eu\/kme\/de\/wp-json\/wp\/v2\/pages"}],"about":[{"href":"https:\/\/kme.eu\/kme\/de\/wp-json\/wp\/v2\/types\/page"}],"author":[{"embeddable":true,"href":"https:\/\/kme.eu\/kme\/de\/wp-json\/wp\/v2\/users\/1"}],"replies":[{"embeddable":true,"href":"https:\/\/kme.eu\/kme\/de\/wp-json\/wp\/v2\/comments?post=12391"}],"version-history":[{"count":0,"href":"https:\/\/kme.eu\/kme\/de\/wp-json\/wp\/v2\/pages\/12391\/revisions"}],"up":[{"embeddable":true,"href":"https:\/\/kme.eu\/kme\/de\/wp-json\/wp\/v2\/pages\/12388"}],"wp:attachment":[{"href":"https:\/\/kme.eu\/kme\/de\/wp-json\/wp\/v2\/media?parent=12391"}],"curies":[{"name":"wp","href":"https:\/\/api.w.org\/{rel}","templated":true}]}}