{"id":20898,"date":"2026-03-20T09:37:41","date_gmt":"2026-03-20T08:37:41","guid":{"rendered":"https:\/\/kme.eu\/kme\/werkzeuge-der-werkstatt\/5-jahre-garantie\/"},"modified":"2026-03-20T09:37:41","modified_gmt":"2026-03-20T08:37:41","slug":"5-jahre-garantie","status":"publish","type":"page","link":"https:\/\/kme.eu\/kme\/de\/werkzeuge-der-werkstatt\/5-jahre-garantie\/","title":{"rendered":"5 JAHRE GARANTIE"},"content":{"rendered":"<div class=\"wpb-content-wrapper\"><p>[vc_column][\/vc_column][vc_row row_btt_skin=&#8220;light&#8220; row_background_text_position=&#8220;front&#8220;][vc_column][vc_column_text css=&#8220;&#8220;]<\/p>\n<h2>5 LAT GWARANCJI<\/h2>\n<p><strong>Erweiterte Garantie f\u00fcr KME NEVO-SKY-Steuerungen<\/strong><\/p>\n<p>Die Garantie betr\u00e4gt 60 Monate ab Einbaudatum (maximal 66 Monate ab Herstellungsdatum) oder 100.000 km, je nachdem, was zuerst eintritt.<\/p>\n<p>Bedingungen:<\/p>\n<ul>\n<li>gilt f\u00fcr Steuerger\u00e4te, die ab dem 01.01.2025 hergestellt wurden<\/li>\n<li>gilt f\u00fcr Installationen, die ab dem 02.03.2026 auf dem Gebiet der Republik Polen durchgef\u00fchrt werden<\/li>\n<li>gilt f\u00fcr Montagen, bei denen ausschlie\u00dflich Komponenten von KME verwendet werden (Steuerger\u00e4t, Einspritzd\u00fcsen, Druckminderer, CCT6, Vapor-Filter)<\/li>\n<li>gilt f\u00fcr Einbauten, die in der KME-Typgenehmigung aufgef\u00fchrt sind<\/li>\n<\/ul>\n<p>Bei Reklamationen bez\u00fcglich des Steuerger\u00e4ts ist es zwingend erforderlich, der Reklamationsmeldung eine Kopie des ordnungsgem\u00e4\u00df von einer autorisierten Werkstatt ausgef\u00fcllten Garantiehefts beizuf\u00fcgen, in dem die Nummer des Steuerger\u00e4ts sowie die Nummer des Auszugs aus der Typgenehmigungsbescheinigung eingetragen sind.<\/p>\n<p>Sollten die Reklamationsunterlagen unvollst\u00e4ndig sein, gilt die Standardgarantie.[\/vc_column_text][\/vc_column][\/vc_row]<\/p>\n<\/div>","protected":false},"excerpt":{"rendered":"<p>[vc_column][\/vc_column][vc_row row_btt_skin=&#8220;light&#8220; row_background_text_position=&#8220;front&#8220;][vc_column][vc_column_text css=&#8220;&#8220;] 5 LAT GWARANCJI Erweiterte Garantie f\u00fcr KME NEVO-SKY-Steuerungen Die Garantie betr\u00e4gt 60 Monate ab Einbaudatum (maximal 66 Monate ab Herstellungsdatum) oder 100.000 km, je nachdem, was zuerst eintritt. Bedingungen: gilt f\u00fcr Steuerger\u00e4te, die ab dem 01.01.2025 [&hellip;]<\/p>\n","protected":false},"author":6,"featured_media":0,"parent":12388,"menu_order":0,"comment_status":"closed","ping_status":"closed","template":"","meta":{"footnotes":""},"class_list":["post-20898","page","type-page","status-publish","hentry"],"acf":[],"yoast_head":"<!-- This site is optimized with the Yoast SEO plugin v27.4 - https:\/\/yoast.com\/product\/yoast-seo-wordpress\/ -->\n<title>5 JAHRE GARANTIE - KME<\/title>\n<meta name=\"robots\" content=\"index, follow, max-snippet:-1, max-image-preview:large, max-video-preview:-1\" \/>\n<link rel=\"canonical\" href=\"https:\/\/kme.eu\/kme\/de\/werkzeuge-der-werkstatt\/5-jahre-garantie\/\" \/>\n<meta property=\"og:locale\" content=\"de_DE\" \/>\n<meta property=\"og:type\" content=\"article\" \/>\n<meta property=\"og:title\" content=\"5 JAHRE GARANTIE - KME\" \/>\n<meta property=\"og:description\" content=\"[vc_column][\/vc_column][vc_row row_btt_skin=&#8220;light&#8220; row_background_text_position=&#8220;front&#8220;][vc_column][vc_column_text css=&#8220;&#8220;] 5 LAT GWARANCJI Erweiterte Garantie f\u00fcr KME NEVO-SKY-Steuerungen Die Garantie betr\u00e4gt 60 Monate ab Einbaudatum (maximal 66 Monate ab Herstellungsdatum) oder 100.000 km, je nachdem, was zuerst eintritt. Bedingungen: gilt f\u00fcr Steuerger\u00e4te, die ab dem 01.01.2025 [&hellip;]\" \/>\n<meta property=\"og:url\" content=\"https:\/\/kme.eu\/kme\/de\/werkzeuge-der-werkstatt\/5-jahre-garantie\/\" \/>\n<meta property=\"og:site_name\" content=\"KME\" \/>\n<meta property=\"article:publisher\" content=\"https:\/\/www.facebook.com\/KME.LPG\/\" \/>\n<meta name=\"twitter:card\" content=\"summary_large_image\" \/>\n<meta name=\"twitter:label1\" content=\"Gesch\u00e4tzte Lesezeit\" \/>\n\t<meta name=\"twitter:data1\" content=\"1\u00a0Minute\" \/>\n<script type=\"application\/ld+json\" class=\"yoast-schema-graph\">{\"@context\":\"https:\\\/\\\/schema.org\",\"@graph\":[{\"@type\":\"WebPage\",\"@id\":\"https:\\\/\\\/kme.eu\\\/kme\\\/de\\\/werkzeuge-der-werkstatt\\\/5-jahre-garantie\\\/\",\"url\":\"https:\\\/\\\/kme.eu\\\/kme\\\/de\\\/werkzeuge-der-werkstatt\\\/5-jahre-garantie\\\/\",\"name\":\"5 JAHRE GARANTIE - KME\",\"isPartOf\":{\"@id\":\"https:\\\/\\\/kme.eu\\\/kme\\\/de\\\/#website\"},\"datePublished\":\"2026-03-20T08:37:41+00:00\",\"breadcrumb\":{\"@id\":\"https:\\\/\\\/kme.eu\\\/kme\\\/de\\\/werkzeuge-der-werkstatt\\\/5-jahre-garantie\\\/#breadcrumb\"},\"inLanguage\":\"de\",\"potentialAction\":[{\"@type\":\"ReadAction\",\"target\":[\"https:\\\/\\\/kme.eu\\\/kme\\\/de\\\/werkzeuge-der-werkstatt\\\/5-jahre-garantie\\\/\"]}]},{\"@type\":\"BreadcrumbList\",\"@id\":\"https:\\\/\\\/kme.eu\\\/kme\\\/de\\\/werkzeuge-der-werkstatt\\\/5-jahre-garantie\\\/#breadcrumb\",\"itemListElement\":[{\"@type\":\"ListItem\",\"position\":1,\"name\":\"Strona g\u0142\u00f3wna\",\"item\":\"https:\\\/\\\/kme.eu\\\/kme\\\/de\\\/\"},{\"@type\":\"ListItem\",\"position\":2,\"name\":\"Werkzeuge der Werkstatt\",\"item\":\"https:\\\/\\\/kme.eu\\\/kme\\\/de\\\/werkzeuge-der-werkstatt\\\/\"},{\"@type\":\"ListItem\",\"position\":3,\"name\":\"5 JAHRE GARANTIE\"}]},{\"@type\":\"WebSite\",\"@id\":\"https:\\\/\\\/kme.eu\\\/kme\\\/de\\\/#website\",\"url\":\"https:\\\/\\\/kme.eu\\\/kme\\\/de\\\/\",\"name\":\"KME\",\"description\":\"Autogas Systems\",\"publisher\":{\"@id\":\"https:\\\/\\\/kme.eu\\\/kme\\\/de\\\/#organization\"},\"potentialAction\":[{\"@type\":\"SearchAction\",\"target\":{\"@type\":\"EntryPoint\",\"urlTemplate\":\"https:\\\/\\\/kme.eu\\\/kme\\\/de\\\/?s={search_term_string}\"},\"query-input\":{\"@type\":\"PropertyValueSpecification\",\"valueRequired\":true,\"valueName\":\"search_term_string\"}}],\"inLanguage\":\"de\"},{\"@type\":\"Organization\",\"@id\":\"https:\\\/\\\/kme.eu\\\/kme\\\/de\\\/#organization\",\"name\":\"KME\",\"url\":\"https:\\\/\\\/kme.eu\\\/kme\\\/de\\\/\",\"logo\":{\"@type\":\"ImageObject\",\"inLanguage\":\"de\",\"@id\":\"https:\\\/\\\/kme.eu\\\/kme\\\/de\\\/#\\\/schema\\\/logo\\\/image\\\/\",\"url\":\"https:\\\/\\\/kme.eu\\\/kme\\\/wp-content\\\/uploads\\\/2020\\\/04\\\/logo_KME_RGB_small_200px.png\",\"contentUrl\":\"https:\\\/\\\/kme.eu\\\/kme\\\/wp-content\\\/uploads\\\/2020\\\/04\\\/logo_KME_RGB_small_200px.png\",\"width\":272,\"height\":200,\"caption\":\"KME\"},\"image\":{\"@id\":\"https:\\\/\\\/kme.eu\\\/kme\\\/de\\\/#\\\/schema\\\/logo\\\/image\\\/\"},\"sameAs\":[\"https:\\\/\\\/www.facebook.com\\\/KME.LPG\\\/\",\"https:\\\/\\\/www.instagram.com\\\/kme_lpg\\\/\"]}]}<\/script>\n<!-- \/ Yoast SEO plugin. -->","yoast_head_json":{"title":"5 JAHRE GARANTIE - KME","robots":{"index":"index","follow":"follow","max-snippet":"max-snippet:-1","max-image-preview":"max-image-preview:large","max-video-preview":"max-video-preview:-1"},"canonical":"https:\/\/kme.eu\/kme\/de\/werkzeuge-der-werkstatt\/5-jahre-garantie\/","og_locale":"de_DE","og_type":"article","og_title":"5 JAHRE GARANTIE - KME","og_description":"[vc_column][\/vc_column][vc_row row_btt_skin=&#8220;light&#8220; row_background_text_position=&#8220;front&#8220;][vc_column][vc_column_text css=&#8220;&#8220;] 5 LAT GWARANCJI Erweiterte Garantie f\u00fcr KME NEVO-SKY-Steuerungen Die Garantie betr\u00e4gt 60 Monate ab Einbaudatum (maximal 66 Monate ab Herstellungsdatum) oder 100.000 km, je nachdem, was zuerst eintritt. Bedingungen: gilt f\u00fcr Steuerger\u00e4te, die ab dem 01.01.2025 [&hellip;]","og_url":"https:\/\/kme.eu\/kme\/de\/werkzeuge-der-werkstatt\/5-jahre-garantie\/","og_site_name":"KME","article_publisher":"https:\/\/www.facebook.com\/KME.LPG\/","twitter_card":"summary_large_image","twitter_misc":{"Gesch\u00e4tzte Lesezeit":"1\u00a0Minute"},"schema":{"@context":"https:\/\/schema.org","@graph":[{"@type":"WebPage","@id":"https:\/\/kme.eu\/kme\/de\/werkzeuge-der-werkstatt\/5-jahre-garantie\/","url":"https:\/\/kme.eu\/kme\/de\/werkzeuge-der-werkstatt\/5-jahre-garantie\/","name":"5 JAHRE GARANTIE - KME","isPartOf":{"@id":"https:\/\/kme.eu\/kme\/de\/#website"},"datePublished":"2026-03-20T08:37:41+00:00","breadcrumb":{"@id":"https:\/\/kme.eu\/kme\/de\/werkzeuge-der-werkstatt\/5-jahre-garantie\/#breadcrumb"},"inLanguage":"de","potentialAction":[{"@type":"ReadAction","target":["https:\/\/kme.eu\/kme\/de\/werkzeuge-der-werkstatt\/5-jahre-garantie\/"]}]},{"@type":"BreadcrumbList","@id":"https:\/\/kme.eu\/kme\/de\/werkzeuge-der-werkstatt\/5-jahre-garantie\/#breadcrumb","itemListElement":[{"@type":"ListItem","position":1,"name":"Strona g\u0142\u00f3wna","item":"https:\/\/kme.eu\/kme\/de\/"},{"@type":"ListItem","position":2,"name":"Werkzeuge der Werkstatt","item":"https:\/\/kme.eu\/kme\/de\/werkzeuge-der-werkstatt\/"},{"@type":"ListItem","position":3,"name":"5 JAHRE GARANTIE"}]},{"@type":"WebSite","@id":"https:\/\/kme.eu\/kme\/de\/#website","url":"https:\/\/kme.eu\/kme\/de\/","name":"KME","description":"Autogas Systems","publisher":{"@id":"https:\/\/kme.eu\/kme\/de\/#organization"},"potentialAction":[{"@type":"SearchAction","target":{"@type":"EntryPoint","urlTemplate":"https:\/\/kme.eu\/kme\/de\/?s={search_term_string}"},"query-input":{"@type":"PropertyValueSpecification","valueRequired":true,"valueName":"search_term_string"}}],"inLanguage":"de"},{"@type":"Organization","@id":"https:\/\/kme.eu\/kme\/de\/#organization","name":"KME","url":"https:\/\/kme.eu\/kme\/de\/","logo":{"@type":"ImageObject","inLanguage":"de","@id":"https:\/\/kme.eu\/kme\/de\/#\/schema\/logo\/image\/","url":"https:\/\/kme.eu\/kme\/wp-content\/uploads\/2020\/04\/logo_KME_RGB_small_200px.png","contentUrl":"https:\/\/kme.eu\/kme\/wp-content\/uploads\/2020\/04\/logo_KME_RGB_small_200px.png","width":272,"height":200,"caption":"KME"},"image":{"@id":"https:\/\/kme.eu\/kme\/de\/#\/schema\/logo\/image\/"},"sameAs":["https:\/\/www.facebook.com\/KME.LPG\/","https:\/\/www.instagram.com\/kme_lpg\/"]}]}},"_links":{"self":[{"href":"https:\/\/kme.eu\/kme\/de\/wp-json\/wp\/v2\/pages\/20898","targetHints":{"allow":["GET"]}}],"collection":[{"href":"https:\/\/kme.eu\/kme\/de\/wp-json\/wp\/v2\/pages"}],"about":[{"href":"https:\/\/kme.eu\/kme\/de\/wp-json\/wp\/v2\/types\/page"}],"author":[{"embeddable":true,"href":"https:\/\/kme.eu\/kme\/de\/wp-json\/wp\/v2\/users\/6"}],"replies":[{"embeddable":true,"href":"https:\/\/kme.eu\/kme\/de\/wp-json\/wp\/v2\/comments?post=20898"}],"version-history":[{"count":0,"href":"https:\/\/kme.eu\/kme\/de\/wp-json\/wp\/v2\/pages\/20898\/revisions"}],"up":[{"embeddable":true,"href":"https:\/\/kme.eu\/kme\/de\/wp-json\/wp\/v2\/pages\/12388"}],"wp:attachment":[{"href":"https:\/\/kme.eu\/kme\/de\/wp-json\/wp\/v2\/media?parent=20898"}],"curies":[{"name":"wp","href":"https:\/\/api.w.org\/{rel}","templated":true}]}}