{"id":11637,"date":"2020-06-04T14:01:12","date_gmt":"2020-06-04T12:01:12","guid":{"rendered":"https:\/\/kme.eu\/kme\/produkt\/druckregler-tur-6z\/"},"modified":"2024-04-09T07:49:17","modified_gmt":"2024-04-09T05:49:17","slug":"druckregler-tur-6z","status":"publish","type":"product","link":"https:\/\/kme.eu\/kme\/de\/produkt\/druckregler-tur-6z\/","title":{"rendered":"TUR 6Z"},"content":{"rendered":"<div style=\"height: 5px; border-top: thin solid #ffbb00;\"><\/div>\n<div style=\"margin-top: 50px;\"><img loading=\"lazy\" decoding=\"async\" class=\"alignnone wp-image-11639 size-full\" src=\"https:\/\/kme.eu\/kme\/wp-content\/uploads\/2021\/02\/ikony_TUR.png\" alt=\"\" width=\"482\" height=\"140\" srcset=\"https:\/\/kme.eu\/kme\/wp-content\/uploads\/2021\/02\/ikony_TUR.png 482w, https:\/\/kme.eu\/kme\/wp-content\/uploads\/2021\/02\/ikony_TUR-300x87.png 300w\" sizes=\"auto, (max-width: 482px) 100vw, 482px\" \/><\/div>\n<div style=\"margin-top: 50px;\">\n<p>Druckregler f\u00fcr sequentielle Gaseinspritzsysteme f\u00fcr Motoren bis 150 kW (204 PS) mit externem Magnetventil und Filter. Mit einem Kupferrohr mit 6 mm Durchmesser versorgt. Klappenregelventil.<\/p>\n<p>Kleine Abmessungen (142 x 130 x 82 mm) bei Aufrechterhaltung der Leistung von 150 kW.<\/p>\n<p>So gute Effizienz \u2013 bei geringen Ma\u00dfen \u2013 wurde durch neuartige F\u00fchrung der Kan\u00e4le auf der Wasser- und Gasseite des TUR 6-Druckreglers erreicht. Zusatzvorteil ist Einf\u00fchrung eines Regelventils in Form einer Klappe ein. Diese L\u00f6sung gew\u00e4hrleistet hohe Best\u00e4ndigkeit der neuen L\u00f6sung gegen Verunreinigungen im Gas, was die Zeit des st\u00f6rungsfreien Betriebs des Druckreglers erheblich verl\u00e4ngert. Der TUR-Druckregler erm\u00f6glicht stabilen LPG-Druck im gesamten Leistungsbereich zu erreichen, was ein fl\u00fcssige und dynamische Fahrt bei optimalem Verbrauch des Gaskraftstoffes gew\u00e4hrleistet.<\/p>\n<\/div>\n<p>&nbsp;<\/p>\n<div class=\"sdm_download_button_box_default\"><div class=\"sdm_download_link\"><a href=\"https:\/\/kme.eu\/kme\/de\/\/?sdm_process_download=1&download_id=8888\" class=\"sdm_download orange\" title=\"Instrukcja reduktora TUR 6Z\" >Instrukcja monta\u017cu<\/a><\/div><\/div><br \/>\n<script>\n   $(window).on('load', function(){\n      $(\".sdm_download\").each(function( index, element ){\n         console.log($(this));\n         $(this).attr('target','_blank');\n      });\n   });\n<\/script><\/p>\n","protected":false},"excerpt":{"rendered":"<p>Druckregler f\u00fcr sequentielle Gaseinspritzsysteme f\u00fcr Motoren bis 150 kW (204 PS) mit externem Magnetventil und Filter.<\/p>\n","protected":false},"featured_media":11638,"template":"","meta":[],"product_brand":[],"product_cat":[592040],"product_tag":[592496],"class_list":{"0":"post-11637","1":"product","2":"type-product","3":"status-publish","4":"has-post-thumbnail","6":"product_cat-verdampfer","7":"product_tag-klappenregler","8":"pa_homologacja-r2-e8-67r-01-6555-de","9":"pa_kod-produktu-824-000-011-de","10":"pa_krociec-podcisnienia-fi-5-mm-de","11":"pa_moc-silnika-204-km-de","12":"pa_regulacja-cisnienia-09-bar","13":"pa_regulacja-cisnienia-do-16-bar-de","14":"pa_srednica-wejscia-gazu-fi-6-mm-de","15":"pa_wyjsciowe-cisnienie-robocze-12-bar","16":"pa_wylot-gazu-fazy-lotnej-fi-12-mm","18":"first","19":"instock","20":"shipping-taxable","21":"product-type-simple"},"acf":[],"yoast_head":"<!-- This site is optimized with the Yoast SEO plugin v27.5 - https:\/\/yoast.com\/product\/yoast-seo-wordpress\/ -->\n<title>TUR 6Z - KME<\/title>\n<meta name=\"robots\" content=\"index, follow, max-snippet:-1, max-image-preview:large, max-video-preview:-1\" \/>\n<link rel=\"canonical\" href=\"https:\/\/kme.eu\/kme\/de\/produkt\/druckregler-tur-6z\/\" \/>\n<meta property=\"og:locale\" content=\"de_DE\" \/>\n<meta property=\"og:type\" content=\"article\" \/>\n<meta property=\"og:title\" content=\"TUR 6Z - KME\" \/>\n<meta property=\"og:description\" content=\"Druckregler f\u00fcr sequentielle Gaseinspritzsysteme f\u00fcr Motoren bis 150 kW (204 PS) mit externem Magnetventil und Filter.\" \/>\n<meta property=\"og:url\" content=\"https:\/\/kme.eu\/kme\/de\/produkt\/druckregler-tur-6z\/\" \/>\n<meta property=\"og:site_name\" content=\"KME\" \/>\n<meta property=\"article:publisher\" content=\"https:\/\/www.facebook.com\/KME.LPG\/\" \/>\n<meta property=\"article:modified_time\" content=\"2024-04-09T05:49:17+00:00\" \/>\n<meta property=\"og:image\" content=\"https:\/\/kme.eu\/kme\/wp-content\/uploads\/2021\/02\/reduktor_tur.jpg\" \/>\n\t<meta property=\"og:image:width\" content=\"800\" \/>\n\t<meta property=\"og:image:height\" content=\"800\" \/>\n\t<meta property=\"og:image:type\" content=\"image\/jpeg\" \/>\n<meta name=\"twitter:card\" content=\"summary_large_image\" \/>\n<meta name=\"twitter:label1\" content=\"Gesch\u00e4tzte Lesezeit\" \/>\n\t<meta name=\"twitter:data1\" content=\"2\u00a0Minuten\" \/>\n<script type=\"application\/ld+json\" class=\"yoast-schema-graph\">{\"@context\":\"https:\\\/\\\/schema.org\",\"@graph\":[{\"@type\":\"WebPage\",\"@id\":\"https:\\\/\\\/kme.eu\\\/kme\\\/de\\\/produkt\\\/druckregler-tur-6z\\\/\",\"url\":\"https:\\\/\\\/kme.eu\\\/kme\\\/de\\\/produkt\\\/druckregler-tur-6z\\\/\",\"name\":\"TUR 6Z - KME\",\"isPartOf\":{\"@id\":\"https:\\\/\\\/kme.eu\\\/kme\\\/de\\\/#website\"},\"primaryImageOfPage\":{\"@id\":\"https:\\\/\\\/kme.eu\\\/kme\\\/de\\\/produkt\\\/druckregler-tur-6z\\\/#primaryimage\"},\"image\":{\"@id\":\"https:\\\/\\\/kme.eu\\\/kme\\\/de\\\/produkt\\\/druckregler-tur-6z\\\/#primaryimage\"},\"thumbnailUrl\":\"https:\\\/\\\/kme.eu\\\/kme\\\/wp-content\\\/uploads\\\/2021\\\/02\\\/reduktor_tur.jpg\",\"datePublished\":\"2020-06-04T12:01:12+00:00\",\"dateModified\":\"2024-04-09T05:49:17+00:00\",\"breadcrumb\":{\"@id\":\"https:\\\/\\\/kme.eu\\\/kme\\\/de\\\/produkt\\\/druckregler-tur-6z\\\/#breadcrumb\"},\"inLanguage\":\"de\",\"potentialAction\":[{\"@type\":\"ReadAction\",\"target\":[\"https:\\\/\\\/kme.eu\\\/kme\\\/de\\\/produkt\\\/druckregler-tur-6z\\\/\"]}]},{\"@type\":\"ImageObject\",\"inLanguage\":\"de\",\"@id\":\"https:\\\/\\\/kme.eu\\\/kme\\\/de\\\/produkt\\\/druckregler-tur-6z\\\/#primaryimage\",\"url\":\"https:\\\/\\\/kme.eu\\\/kme\\\/wp-content\\\/uploads\\\/2021\\\/02\\\/reduktor_tur.jpg\",\"contentUrl\":\"https:\\\/\\\/kme.eu\\\/kme\\\/wp-content\\\/uploads\\\/2021\\\/02\\\/reduktor_tur.jpg\",\"width\":800,\"height\":800},{\"@type\":\"BreadcrumbList\",\"@id\":\"https:\\\/\\\/kme.eu\\\/kme\\\/de\\\/produkt\\\/druckregler-tur-6z\\\/#breadcrumb\",\"itemListElement\":[{\"@type\":\"ListItem\",\"position\":1,\"name\":\"Strona g\u0142\u00f3wna\",\"item\":\"https:\\\/\\\/kme.eu\\\/kme\\\/de\\\/\"},{\"@type\":\"ListItem\",\"position\":2,\"name\":\"Produkte\",\"item\":\"https:\\\/\\\/kme.eu\\\/kme\\\/de\\\/shop\\\/\"},{\"@type\":\"ListItem\",\"position\":3,\"name\":\"TUR 6Z\"}]},{\"@type\":\"WebSite\",\"@id\":\"https:\\\/\\\/kme.eu\\\/kme\\\/de\\\/#website\",\"url\":\"https:\\\/\\\/kme.eu\\\/kme\\\/de\\\/\",\"name\":\"KME\",\"description\":\"Autogas Systems\",\"publisher\":{\"@id\":\"https:\\\/\\\/kme.eu\\\/kme\\\/de\\\/#organization\"},\"potentialAction\":[{\"@type\":\"SearchAction\",\"target\":{\"@type\":\"EntryPoint\",\"urlTemplate\":\"https:\\\/\\\/kme.eu\\\/kme\\\/de\\\/?s={search_term_string}\"},\"query-input\":{\"@type\":\"PropertyValueSpecification\",\"valueRequired\":true,\"valueName\":\"search_term_string\"}}],\"inLanguage\":\"de\"},{\"@type\":\"Organization\",\"@id\":\"https:\\\/\\\/kme.eu\\\/kme\\\/de\\\/#organization\",\"name\":\"KME\",\"url\":\"https:\\\/\\\/kme.eu\\\/kme\\\/de\\\/\",\"logo\":{\"@type\":\"ImageObject\",\"inLanguage\":\"de\",\"@id\":\"https:\\\/\\\/kme.eu\\\/kme\\\/de\\\/#\\\/schema\\\/logo\\\/image\\\/\",\"url\":\"https:\\\/\\\/kme.eu\\\/kme\\\/wp-content\\\/uploads\\\/2020\\\/04\\\/logo_KME_RGB_small_200px.png\",\"contentUrl\":\"https:\\\/\\\/kme.eu\\\/kme\\\/wp-content\\\/uploads\\\/2020\\\/04\\\/logo_KME_RGB_small_200px.png\",\"width\":272,\"height\":200,\"caption\":\"KME\"},\"image\":{\"@id\":\"https:\\\/\\\/kme.eu\\\/kme\\\/de\\\/#\\\/schema\\\/logo\\\/image\\\/\"},\"sameAs\":[\"https:\\\/\\\/www.facebook.com\\\/KME.LPG\\\/\",\"https:\\\/\\\/www.instagram.com\\\/kme_lpg\\\/\"]}]}<\/script>\n<!-- \/ Yoast SEO plugin. -->","yoast_head_json":{"title":"TUR 6Z - KME","robots":{"index":"index","follow":"follow","max-snippet":"max-snippet:-1","max-image-preview":"max-image-preview:large","max-video-preview":"max-video-preview:-1"},"canonical":"https:\/\/kme.eu\/kme\/de\/produkt\/druckregler-tur-6z\/","og_locale":"de_DE","og_type":"article","og_title":"TUR 6Z - KME","og_description":"Druckregler f\u00fcr sequentielle Gaseinspritzsysteme f\u00fcr Motoren bis 150 kW (204 PS) mit externem Magnetventil und Filter.","og_url":"https:\/\/kme.eu\/kme\/de\/produkt\/druckregler-tur-6z\/","og_site_name":"KME","article_publisher":"https:\/\/www.facebook.com\/KME.LPG\/","article_modified_time":"2024-04-09T05:49:17+00:00","og_image":[{"width":800,"height":800,"url":"https:\/\/kme.eu\/kme\/wp-content\/uploads\/2021\/02\/reduktor_tur.jpg","type":"image\/jpeg"}],"twitter_card":"summary_large_image","twitter_misc":{"Gesch\u00e4tzte Lesezeit":"2\u00a0Minuten"},"schema":{"@context":"https:\/\/schema.org","@graph":[{"@type":"WebPage","@id":"https:\/\/kme.eu\/kme\/de\/produkt\/druckregler-tur-6z\/","url":"https:\/\/kme.eu\/kme\/de\/produkt\/druckregler-tur-6z\/","name":"TUR 6Z - KME","isPartOf":{"@id":"https:\/\/kme.eu\/kme\/de\/#website"},"primaryImageOfPage":{"@id":"https:\/\/kme.eu\/kme\/de\/produkt\/druckregler-tur-6z\/#primaryimage"},"image":{"@id":"https:\/\/kme.eu\/kme\/de\/produkt\/druckregler-tur-6z\/#primaryimage"},"thumbnailUrl":"https:\/\/kme.eu\/kme\/wp-content\/uploads\/2021\/02\/reduktor_tur.jpg","datePublished":"2020-06-04T12:01:12+00:00","dateModified":"2024-04-09T05:49:17+00:00","breadcrumb":{"@id":"https:\/\/kme.eu\/kme\/de\/produkt\/druckregler-tur-6z\/#breadcrumb"},"inLanguage":"de","potentialAction":[{"@type":"ReadAction","target":["https:\/\/kme.eu\/kme\/de\/produkt\/druckregler-tur-6z\/"]}]},{"@type":"ImageObject","inLanguage":"de","@id":"https:\/\/kme.eu\/kme\/de\/produkt\/druckregler-tur-6z\/#primaryimage","url":"https:\/\/kme.eu\/kme\/wp-content\/uploads\/2021\/02\/reduktor_tur.jpg","contentUrl":"https:\/\/kme.eu\/kme\/wp-content\/uploads\/2021\/02\/reduktor_tur.jpg","width":800,"height":800},{"@type":"BreadcrumbList","@id":"https:\/\/kme.eu\/kme\/de\/produkt\/druckregler-tur-6z\/#breadcrumb","itemListElement":[{"@type":"ListItem","position":1,"name":"Strona g\u0142\u00f3wna","item":"https:\/\/kme.eu\/kme\/de\/"},{"@type":"ListItem","position":2,"name":"Produkte","item":"https:\/\/kme.eu\/kme\/de\/shop\/"},{"@type":"ListItem","position":3,"name":"TUR 6Z"}]},{"@type":"WebSite","@id":"https:\/\/kme.eu\/kme\/de\/#website","url":"https:\/\/kme.eu\/kme\/de\/","name":"KME","description":"Autogas Systems","publisher":{"@id":"https:\/\/kme.eu\/kme\/de\/#organization"},"potentialAction":[{"@type":"SearchAction","target":{"@type":"EntryPoint","urlTemplate":"https:\/\/kme.eu\/kme\/de\/?s={search_term_string}"},"query-input":{"@type":"PropertyValueSpecification","valueRequired":true,"valueName":"search_term_string"}}],"inLanguage":"de"},{"@type":"Organization","@id":"https:\/\/kme.eu\/kme\/de\/#organization","name":"KME","url":"https:\/\/kme.eu\/kme\/de\/","logo":{"@type":"ImageObject","inLanguage":"de","@id":"https:\/\/kme.eu\/kme\/de\/#\/schema\/logo\/image\/","url":"https:\/\/kme.eu\/kme\/wp-content\/uploads\/2020\/04\/logo_KME_RGB_small_200px.png","contentUrl":"https:\/\/kme.eu\/kme\/wp-content\/uploads\/2020\/04\/logo_KME_RGB_small_200px.png","width":272,"height":200,"caption":"KME"},"image":{"@id":"https:\/\/kme.eu\/kme\/de\/#\/schema\/logo\/image\/"},"sameAs":["https:\/\/www.facebook.com\/KME.LPG\/","https:\/\/www.instagram.com\/kme_lpg\/"]}]}},"_links":{"self":[{"href":"https:\/\/kme.eu\/kme\/de\/wp-json\/wp\/v2\/product\/11637","targetHints":{"allow":["GET"]}}],"collection":[{"href":"https:\/\/kme.eu\/kme\/de\/wp-json\/wp\/v2\/product"}],"about":[{"href":"https:\/\/kme.eu\/kme\/de\/wp-json\/wp\/v2\/types\/product"}],"wp:featuredmedia":[{"embeddable":true,"href":"https:\/\/kme.eu\/kme\/de\/wp-json\/wp\/v2\/media\/11638"}],"wp:attachment":[{"href":"https:\/\/kme.eu\/kme\/de\/wp-json\/wp\/v2\/media?parent=11637"}],"wp:term":[{"taxonomy":"product_brand","embeddable":true,"href":"https:\/\/kme.eu\/kme\/de\/wp-json\/wp\/v2\/product_brand?post=11637"},{"taxonomy":"product_cat","embeddable":true,"href":"https:\/\/kme.eu\/kme\/de\/wp-json\/wp\/v2\/product_cat?post=11637"},{"taxonomy":"product_tag","embeddable":true,"href":"https:\/\/kme.eu\/kme\/de\/wp-json\/wp\/v2\/product_tag?post=11637"}],"curies":[{"name":"wp","href":"https:\/\/api.w.org\/{rel}","templated":true}]}}