{"id":11699,"date":"2020-10-15T09:16:48","date_gmt":"2020-10-15T07:16:48","guid":{"rendered":"https:\/\/kme.eu\/kme\/produkt\/kabelbundel-fur-drucksensoren-cct6-analog\/"},"modified":"2024-02-05T07:45:37","modified_gmt":"2024-02-05T06:45:37","slug":"bundel-fur-drucksensoren-cct6-analog","status":"publish","type":"product","link":"https:\/\/kme.eu\/kme\/de\/produkt\/bundel-fur-drucksensoren-cct6-analog\/","title":{"rendered":"Kabelb\u00fcndel f\u00fcr Drucksensoren CCT6 ANALOG"},"content":{"rendered":"<p>Erm\u00f6glicht einfache \u00c4nderung \u00e4lterer Version des Drucksensors in die CCT6-Variante.<br \/>\n<script>\n   $(window).on('load', function(){\n      $(\".sdm_download\").each(function( index, element ){\n         console.log($(this));\n         $(this).attr('target','_blank');\n      });\n   });\n<\/script><\/p>\n","protected":false},"excerpt":{"rendered":"<p>ANALOG (DIEGO G3, NEVO-SKY) &#8211; CCT6<\/p>\n","protected":false},"featured_media":9830,"template":"","meta":[],"product_brand":[],"product_cat":[592503,592076],"product_tag":[592507],"class_list":{"0":"post-11699","1":"product","2":"type-product","3":"status-publish","4":"has-post-thumbnail","6":"product_cat-kabelbuendel-de","7":"product_cat-zubehoer","8":"product_tag-bundel","10":"first","11":"instock","12":"shipping-taxable","13":"product-type-simple"},"acf":[],"yoast_head":"<!-- This site is optimized with the Yoast SEO plugin v27.4 - https:\/\/yoast.com\/product\/yoast-seo-wordpress\/ -->\n<title>Kabelb\u00fcndel f\u00fcr Drucksensoren CCT6 ANALOG - KME<\/title>\n<meta name=\"robots\" content=\"index, follow, max-snippet:-1, max-image-preview:large, max-video-preview:-1\" \/>\n<link rel=\"canonical\" href=\"https:\/\/kme.eu\/kme\/de\/produkt\/bundel-fur-drucksensoren-cct6-analog\/\" \/>\n<meta property=\"og:locale\" content=\"de_DE\" \/>\n<meta property=\"og:type\" content=\"article\" \/>\n<meta property=\"og:title\" content=\"Kabelb\u00fcndel f\u00fcr Drucksensoren CCT6 ANALOG - KME\" \/>\n<meta property=\"og:description\" content=\"ANALOG (DIEGO G3, NEVO-SKY) - CCT6\" \/>\n<meta property=\"og:url\" content=\"https:\/\/kme.eu\/kme\/de\/produkt\/bundel-fur-drucksensoren-cct6-analog\/\" \/>\n<meta property=\"og:site_name\" content=\"KME\" \/>\n<meta property=\"article:publisher\" content=\"https:\/\/www.facebook.com\/KME.LPG\/\" \/>\n<meta property=\"article:modified_time\" content=\"2024-02-05T06:45:37+00:00\" \/>\n<meta name=\"twitter:card\" content=\"summary_large_image\" \/>\n<meta name=\"twitter:label1\" content=\"Gesch\u00e4tzte Lesezeit\" \/>\n\t<meta name=\"twitter:data1\" content=\"1\u00a0Minute\" \/>\n<script type=\"application\/ld+json\" class=\"yoast-schema-graph\">{\"@context\":\"https:\\\/\\\/schema.org\",\"@graph\":[{\"@type\":\"WebPage\",\"@id\":\"https:\\\/\\\/kme.eu\\\/kme\\\/de\\\/produkt\\\/bundel-fur-drucksensoren-cct6-analog\\\/\",\"url\":\"https:\\\/\\\/kme.eu\\\/kme\\\/de\\\/produkt\\\/bundel-fur-drucksensoren-cct6-analog\\\/\",\"name\":\"Kabelb\u00fcndel f\u00fcr Drucksensoren CCT6 ANALOG - KME\",\"isPartOf\":{\"@id\":\"https:\\\/\\\/kme.eu\\\/kme\\\/de\\\/#website\"},\"primaryImageOfPage\":{\"@id\":\"https:\\\/\\\/kme.eu\\\/kme\\\/de\\\/produkt\\\/bundel-fur-drucksensoren-cct6-analog\\\/#primaryimage\"},\"image\":{\"@id\":\"https:\\\/\\\/kme.eu\\\/kme\\\/de\\\/produkt\\\/bundel-fur-drucksensoren-cct6-analog\\\/#primaryimage\"},\"thumbnailUrl\":\"https:\\\/\\\/kme.eu\\\/kme\\\/wp-content\\\/uploads\\\/2020\\\/10\\\/Akcesoria_wiazka-do-czujnika_A.jpg\",\"datePublished\":\"2020-10-15T07:16:48+00:00\",\"dateModified\":\"2024-02-05T06:45:37+00:00\",\"breadcrumb\":{\"@id\":\"https:\\\/\\\/kme.eu\\\/kme\\\/de\\\/produkt\\\/bundel-fur-drucksensoren-cct6-analog\\\/#breadcrumb\"},\"inLanguage\":\"de\",\"potentialAction\":[{\"@type\":\"ReadAction\",\"target\":[\"https:\\\/\\\/kme.eu\\\/kme\\\/de\\\/produkt\\\/bundel-fur-drucksensoren-cct6-analog\\\/\"]}]},{\"@type\":\"ImageObject\",\"inLanguage\":\"de\",\"@id\":\"https:\\\/\\\/kme.eu\\\/kme\\\/de\\\/produkt\\\/bundel-fur-drucksensoren-cct6-analog\\\/#primaryimage\",\"url\":\"https:\\\/\\\/kme.eu\\\/kme\\\/wp-content\\\/uploads\\\/2020\\\/10\\\/Akcesoria_wiazka-do-czujnika_A.jpg\",\"contentUrl\":\"https:\\\/\\\/kme.eu\\\/kme\\\/wp-content\\\/uploads\\\/2020\\\/10\\\/Akcesoria_wiazka-do-czujnika_A.jpg\",\"width\":800,\"height\":900},{\"@type\":\"BreadcrumbList\",\"@id\":\"https:\\\/\\\/kme.eu\\\/kme\\\/de\\\/produkt\\\/bundel-fur-drucksensoren-cct6-analog\\\/#breadcrumb\",\"itemListElement\":[{\"@type\":\"ListItem\",\"position\":1,\"name\":\"Strona g\u0142\u00f3wna\",\"item\":\"https:\\\/\\\/kme.eu\\\/kme\\\/de\\\/\"},{\"@type\":\"ListItem\",\"position\":2,\"name\":\"Produkte\",\"item\":\"https:\\\/\\\/kme.eu\\\/kme\\\/de\\\/shop\\\/\"},{\"@type\":\"ListItem\",\"position\":3,\"name\":\"Kabelb\u00fcndel f\u00fcr Drucksensoren CCT6 ANALOG\"}]},{\"@type\":\"WebSite\",\"@id\":\"https:\\\/\\\/kme.eu\\\/kme\\\/de\\\/#website\",\"url\":\"https:\\\/\\\/kme.eu\\\/kme\\\/de\\\/\",\"name\":\"KME\",\"description\":\"Autogas Systems\",\"publisher\":{\"@id\":\"https:\\\/\\\/kme.eu\\\/kme\\\/de\\\/#organization\"},\"potentialAction\":[{\"@type\":\"SearchAction\",\"target\":{\"@type\":\"EntryPoint\",\"urlTemplate\":\"https:\\\/\\\/kme.eu\\\/kme\\\/de\\\/?s={search_term_string}\"},\"query-input\":{\"@type\":\"PropertyValueSpecification\",\"valueRequired\":true,\"valueName\":\"search_term_string\"}}],\"inLanguage\":\"de\"},{\"@type\":\"Organization\",\"@id\":\"https:\\\/\\\/kme.eu\\\/kme\\\/de\\\/#organization\",\"name\":\"KME\",\"url\":\"https:\\\/\\\/kme.eu\\\/kme\\\/de\\\/\",\"logo\":{\"@type\":\"ImageObject\",\"inLanguage\":\"de\",\"@id\":\"https:\\\/\\\/kme.eu\\\/kme\\\/de\\\/#\\\/schema\\\/logo\\\/image\\\/\",\"url\":\"https:\\\/\\\/kme.eu\\\/kme\\\/wp-content\\\/uploads\\\/2020\\\/04\\\/logo_KME_RGB_small_200px.png\",\"contentUrl\":\"https:\\\/\\\/kme.eu\\\/kme\\\/wp-content\\\/uploads\\\/2020\\\/04\\\/logo_KME_RGB_small_200px.png\",\"width\":272,\"height\":200,\"caption\":\"KME\"},\"image\":{\"@id\":\"https:\\\/\\\/kme.eu\\\/kme\\\/de\\\/#\\\/schema\\\/logo\\\/image\\\/\"},\"sameAs\":[\"https:\\\/\\\/www.facebook.com\\\/KME.LPG\\\/\",\"https:\\\/\\\/www.instagram.com\\\/kme_lpg\\\/\"]}]}<\/script>\n<!-- \/ Yoast SEO plugin. -->","yoast_head_json":{"title":"Kabelb\u00fcndel f\u00fcr Drucksensoren CCT6 ANALOG - KME","robots":{"index":"index","follow":"follow","max-snippet":"max-snippet:-1","max-image-preview":"max-image-preview:large","max-video-preview":"max-video-preview:-1"},"canonical":"https:\/\/kme.eu\/kme\/de\/produkt\/bundel-fur-drucksensoren-cct6-analog\/","og_locale":"de_DE","og_type":"article","og_title":"Kabelb\u00fcndel f\u00fcr Drucksensoren CCT6 ANALOG - KME","og_description":"ANALOG (DIEGO G3, NEVO-SKY) - CCT6","og_url":"https:\/\/kme.eu\/kme\/de\/produkt\/bundel-fur-drucksensoren-cct6-analog\/","og_site_name":"KME","article_publisher":"https:\/\/www.facebook.com\/KME.LPG\/","article_modified_time":"2024-02-05T06:45:37+00:00","twitter_card":"summary_large_image","twitter_misc":{"Gesch\u00e4tzte Lesezeit":"1\u00a0Minute"},"schema":{"@context":"https:\/\/schema.org","@graph":[{"@type":"WebPage","@id":"https:\/\/kme.eu\/kme\/de\/produkt\/bundel-fur-drucksensoren-cct6-analog\/","url":"https:\/\/kme.eu\/kme\/de\/produkt\/bundel-fur-drucksensoren-cct6-analog\/","name":"Kabelb\u00fcndel f\u00fcr Drucksensoren CCT6 ANALOG - KME","isPartOf":{"@id":"https:\/\/kme.eu\/kme\/de\/#website"},"primaryImageOfPage":{"@id":"https:\/\/kme.eu\/kme\/de\/produkt\/bundel-fur-drucksensoren-cct6-analog\/#primaryimage"},"image":{"@id":"https:\/\/kme.eu\/kme\/de\/produkt\/bundel-fur-drucksensoren-cct6-analog\/#primaryimage"},"thumbnailUrl":"https:\/\/kme.eu\/kme\/wp-content\/uploads\/2020\/10\/Akcesoria_wiazka-do-czujnika_A.jpg","datePublished":"2020-10-15T07:16:48+00:00","dateModified":"2024-02-05T06:45:37+00:00","breadcrumb":{"@id":"https:\/\/kme.eu\/kme\/de\/produkt\/bundel-fur-drucksensoren-cct6-analog\/#breadcrumb"},"inLanguage":"de","potentialAction":[{"@type":"ReadAction","target":["https:\/\/kme.eu\/kme\/de\/produkt\/bundel-fur-drucksensoren-cct6-analog\/"]}]},{"@type":"ImageObject","inLanguage":"de","@id":"https:\/\/kme.eu\/kme\/de\/produkt\/bundel-fur-drucksensoren-cct6-analog\/#primaryimage","url":"https:\/\/kme.eu\/kme\/wp-content\/uploads\/2020\/10\/Akcesoria_wiazka-do-czujnika_A.jpg","contentUrl":"https:\/\/kme.eu\/kme\/wp-content\/uploads\/2020\/10\/Akcesoria_wiazka-do-czujnika_A.jpg","width":800,"height":900},{"@type":"BreadcrumbList","@id":"https:\/\/kme.eu\/kme\/de\/produkt\/bundel-fur-drucksensoren-cct6-analog\/#breadcrumb","itemListElement":[{"@type":"ListItem","position":1,"name":"Strona g\u0142\u00f3wna","item":"https:\/\/kme.eu\/kme\/de\/"},{"@type":"ListItem","position":2,"name":"Produkte","item":"https:\/\/kme.eu\/kme\/de\/shop\/"},{"@type":"ListItem","position":3,"name":"Kabelb\u00fcndel f\u00fcr Drucksensoren CCT6 ANALOG"}]},{"@type":"WebSite","@id":"https:\/\/kme.eu\/kme\/de\/#website","url":"https:\/\/kme.eu\/kme\/de\/","name":"KME","description":"Autogas Systems","publisher":{"@id":"https:\/\/kme.eu\/kme\/de\/#organization"},"potentialAction":[{"@type":"SearchAction","target":{"@type":"EntryPoint","urlTemplate":"https:\/\/kme.eu\/kme\/de\/?s={search_term_string}"},"query-input":{"@type":"PropertyValueSpecification","valueRequired":true,"valueName":"search_term_string"}}],"inLanguage":"de"},{"@type":"Organization","@id":"https:\/\/kme.eu\/kme\/de\/#organization","name":"KME","url":"https:\/\/kme.eu\/kme\/de\/","logo":{"@type":"ImageObject","inLanguage":"de","@id":"https:\/\/kme.eu\/kme\/de\/#\/schema\/logo\/image\/","url":"https:\/\/kme.eu\/kme\/wp-content\/uploads\/2020\/04\/logo_KME_RGB_small_200px.png","contentUrl":"https:\/\/kme.eu\/kme\/wp-content\/uploads\/2020\/04\/logo_KME_RGB_small_200px.png","width":272,"height":200,"caption":"KME"},"image":{"@id":"https:\/\/kme.eu\/kme\/de\/#\/schema\/logo\/image\/"},"sameAs":["https:\/\/www.facebook.com\/KME.LPG\/","https:\/\/www.instagram.com\/kme_lpg\/"]}]}},"_links":{"self":[{"href":"https:\/\/kme.eu\/kme\/de\/wp-json\/wp\/v2\/product\/11699","targetHints":{"allow":["GET"]}}],"collection":[{"href":"https:\/\/kme.eu\/kme\/de\/wp-json\/wp\/v2\/product"}],"about":[{"href":"https:\/\/kme.eu\/kme\/de\/wp-json\/wp\/v2\/types\/product"}],"wp:featuredmedia":[{"embeddable":true,"href":"https:\/\/kme.eu\/kme\/de\/wp-json\/wp\/v2\/media\/9830"}],"wp:attachment":[{"href":"https:\/\/kme.eu\/kme\/de\/wp-json\/wp\/v2\/media?parent=11699"}],"wp:term":[{"taxonomy":"product_brand","embeddable":true,"href":"https:\/\/kme.eu\/kme\/de\/wp-json\/wp\/v2\/product_brand?post=11699"},{"taxonomy":"product_cat","embeddable":true,"href":"https:\/\/kme.eu\/kme\/de\/wp-json\/wp\/v2\/product_cat?post=11699"},{"taxonomy":"product_tag","embeddable":true,"href":"https:\/\/kme.eu\/kme\/de\/wp-json\/wp\/v2\/product_tag?post=11699"}],"curies":[{"name":"wp","href":"https:\/\/api.w.org\/{rel}","templated":true}]}}