{"id":11746,"date":"2020-10-13T14:31:31","date_gmt":"2020-10-13T12:31:31","guid":{"rendered":"https:\/\/kme.eu\/kme\/produkt\/epp-2-kraftstoffstandsemulator-psa-honda-japan\/"},"modified":"2022-02-11T14:32:52","modified_gmt":"2022-02-11T13:32:52","slug":"kraftstoffpegel-emulator-epp-2-psa-honda-japan","status":"publish","type":"product","link":"https:\/\/kme.eu\/kme\/de\/produkt\/kraftstoffpegel-emulator-epp-2-psa-honda-japan\/","title":{"rendered":"EPP-2-Kraftstoffstandsemulator (PSA, HONDA, JAPAN)"},"content":{"rendered":"<p>In einigen modernen Autos wird der Kraftstoffstand beim Starten des Motors anhand der Messwerte eines Sensors im Kraftstofftank bestimmt. Die Kraftstoffstandsanzeige auf der Fahreranzeige wird vom Benzincomputer, basierend auf dem laufenden Verbrauch korrigiert, der sich aus den Benzineinspritzzeiten ergibt. In diesem Fall zeigt die Benzinstandsanzeige im Auto, w\u00e4hrend der Fahrt mit Gas, Kraftstoffverlust im Tank an, obwohl kein Kraftstoff verbraucht ist. Verwendung des EPP-Emulators bedingt Zur\u00fccksetzung der Kraftstoffstandsanzeige bei jedem Motorstart auf den tats\u00e4chlichen Zustand.<\/p>\n<p>&nbsp;<\/p>\n<p><strong>Geringe Abmessungen des Ger\u00e4ts und des hermetischen Geh\u00e4uses erm\u00f6glichen seine Montage neben dem Kraftstofftank, wo der Emulator Wetterbedingungen ausgesetzt werden kann.<\/strong><\/p>\n<h4>Technische Daten:<\/h4>\n<p>&#8211; Versorgungsspannung \u2013 10 &#8211; 15V<br \/>\n&#8211; Arbeitstemperatur \u2013 -20stC &#8211; +70stC<\/p>\n<p>Die Tabelle zeigt Beispiele f\u00fcr Fahrzeugmodelle, bei denen die Verwendung des EPP-Kraftstoffstandsemulators ratsam ist. Einige Fahrzeuge k\u00f6nnen andere Stecker als die im Handbuch beschriebenen haben.<\/p>\n<p><img loading=\"lazy\" decoding=\"async\" class=\"alignnone wp-image-11754 size-full\" src=\"https:\/\/kme.eu\/kme\/wp-content\/uploads\/2020\/10\/EPP_tabela-1.png\" alt=\"\" width=\"799\" height=\"480\" srcset=\"https:\/\/kme.eu\/kme\/wp-content\/uploads\/2020\/10\/EPP_tabela-1.png 799w, https:\/\/kme.eu\/kme\/wp-content\/uploads\/2020\/10\/EPP_tabela-1-300x180.png 300w, https:\/\/kme.eu\/kme\/wp-content\/uploads\/2020\/10\/EPP_tabela-1-768x461.png 768w, https:\/\/kme.eu\/kme\/wp-content\/uploads\/2020\/10\/EPP_tabela-1-600x360.png 600w\" sizes=\"auto, (max-width: 799px) 100vw, 799px\" \/><\/p>\n<p>Bei Fahrzeugen, die nicht in der Tabelle aufgef\u00fchrt sind und bei denen ein Problem der virtuellen Kraftstoffverminderung auftritt, sollte der Emulator gem\u00e4\u00df Abbildung 3 angeschlossen werden.<\/p>\n<p>Das richtige Kabel Kraftstoffstand-Signals kann mit einem Voltmeter gefunden werden (die Spannung \u00e4ndert sich mit \u00c4nderung des Kraftstoffniveaus im Tank). In der Regel ist der richtige Kabel d\u00fcnner als alle anderen.<\/p>\n<h5>Anschlusspl\u00e4ne<\/h5>\n<p><img loading=\"lazy\" decoding=\"async\" class=\"alignnone size-full wp-image-11753\" src=\"https:\/\/kme.eu\/kme\/wp-content\/uploads\/2020\/10\/EPP_schemat.png\" alt=\"\" width=\"800\" height=\"502\" srcset=\"https:\/\/kme.eu\/kme\/wp-content\/uploads\/2020\/10\/EPP_schemat.png 800w, https:\/\/kme.eu\/kme\/wp-content\/uploads\/2020\/10\/EPP_schemat-300x188.png 300w, https:\/\/kme.eu\/kme\/wp-content\/uploads\/2020\/10\/EPP_schemat-768x482.png 768w, https:\/\/kme.eu\/kme\/wp-content\/uploads\/2020\/10\/EPP_schemat-600x377.png 600w\" sizes=\"auto, (max-width: 800px) 100vw, 800px\" \/><\/p>\n<div class=\"sdm_download_button_box_default\"><div class=\"sdm_download_link\"><a href=\"https:\/\/kme.eu\/kme\/de\/\/?sdm_process_download=1&download_id=8464\" class=\"sdm_download orange\" title=\"Instrukcja Emulatora Poziomu Paliwa EPP\" target=&quot;_blank&quot;>EPP instrukcja<\/a><\/div><\/div><br \/>\n<script>\n   $(window).on('load', function(){\n      $(\".sdm_download\").each(function( index, element ){\n         console.log($(this));\n         $(this).attr('target','_blank');\n      });\n   });\n<\/script><\/p>\n","protected":false},"excerpt":{"rendered":"<p>In modernen Autos, in denen der Kraftstoffverbrauch auf den Benzineinspritzzeiten basiert, wird das Ger\u00e4t verwendet, um beim Starten des Motors die Anzeige des tats\u00e4chlichen Benzinstands wiederhergestellt wird.<\/p>\n","protected":false},"featured_media":11747,"template":"","meta":[],"product_brand":[],"product_cat":[592076],"product_tag":[592141],"class_list":{"0":"post-11746","1":"product","2":"type-product","3":"status-publish","4":"has-post-thumbnail","6":"product_cat-zubehoer","7":"product_tag-emulator-de","9":"first","10":"instock","11":"shipping-taxable","12":"product-type-simple"},"acf":[],"yoast_head":"<!-- This site is optimized with the Yoast SEO plugin v27.4 - https:\/\/yoast.com\/product\/yoast-seo-wordpress\/ -->\n<title>EPP-2-Kraftstoffstandsemulator (PSA, HONDA, JAPAN) - KME<\/title>\n<meta name=\"description\" content=\"Das Ger\u00e4t wird verwendet, um die Anzeige des Ist-Benzinstands beim Starten des Motors wiederherzustellen.\" \/>\n<meta name=\"robots\" content=\"index, follow, max-snippet:-1, max-image-preview:large, max-video-preview:-1\" \/>\n<link rel=\"canonical\" href=\"https:\/\/kme.eu\/kme\/de\/produkt\/kraftstoffpegel-emulator-epp-2-psa-honda-japan\/\" \/>\n<meta property=\"og:locale\" content=\"de_DE\" \/>\n<meta property=\"og:type\" content=\"article\" \/>\n<meta property=\"og:title\" content=\"EPP-2-Kraftstoffstandsemulator (PSA, HONDA, JAPAN)\" \/>\n<meta property=\"og:description\" content=\"KME\" \/>\n<meta property=\"og:url\" content=\"https:\/\/kme.eu\/kme\/de\/produkt\/kraftstoffpegel-emulator-epp-2-psa-honda-japan\/\" \/>\n<meta property=\"og:site_name\" content=\"KME\" \/>\n<meta property=\"article:publisher\" content=\"https:\/\/www.facebook.com\/KME.LPG\/\" \/>\n<meta property=\"article:modified_time\" content=\"2022-02-11T13:32:52+00:00\" \/>\n<meta property=\"og:image\" content=\"https:\/\/kme.eu\/kme\/wp-content\/uploads\/2020\/10\/Akcesoria_EPP_2_PSA.jpg\" \/>\n<meta name=\"twitter:card\" content=\"summary_large_image\" \/>\n<meta name=\"twitter:label1\" content=\"Gesch\u00e4tzte Lesezeit\" \/>\n\t<meta name=\"twitter:data1\" content=\"1\u00a0Minute\" \/>\n<script type=\"application\/ld+json\" class=\"yoast-schema-graph\">{\"@context\":\"https:\\\/\\\/schema.org\",\"@graph\":[{\"@type\":\"WebPage\",\"@id\":\"https:\\\/\\\/kme.eu\\\/kme\\\/de\\\/produkt\\\/kraftstoffpegel-emulator-epp-2-psa-honda-japan\\\/\",\"url\":\"https:\\\/\\\/kme.eu\\\/kme\\\/de\\\/produkt\\\/kraftstoffpegel-emulator-epp-2-psa-honda-japan\\\/\",\"name\":\"EPP-2-Kraftstoffstandsemulator (PSA, HONDA, JAPAN) - KME\",\"isPartOf\":{\"@id\":\"https:\\\/\\\/kme.eu\\\/kme\\\/de\\\/#website\"},\"primaryImageOfPage\":{\"@id\":\"https:\\\/\\\/kme.eu\\\/kme\\\/de\\\/produkt\\\/kraftstoffpegel-emulator-epp-2-psa-honda-japan\\\/#primaryimage\"},\"image\":{\"@id\":\"https:\\\/\\\/kme.eu\\\/kme\\\/de\\\/produkt\\\/kraftstoffpegel-emulator-epp-2-psa-honda-japan\\\/#primaryimage\"},\"thumbnailUrl\":\"https:\\\/\\\/kme.eu\\\/kme\\\/wp-content\\\/uploads\\\/2020\\\/10\\\/Akcesoria_EPP_2_PSA.jpg\",\"datePublished\":\"2020-10-13T12:31:31+00:00\",\"dateModified\":\"2022-02-11T13:32:52+00:00\",\"description\":\"Das Ger\u00e4t wird verwendet, um die Anzeige des Ist-Benzinstands beim Starten des Motors wiederherzustellen.\",\"breadcrumb\":{\"@id\":\"https:\\\/\\\/kme.eu\\\/kme\\\/de\\\/produkt\\\/kraftstoffpegel-emulator-epp-2-psa-honda-japan\\\/#breadcrumb\"},\"inLanguage\":\"de\",\"potentialAction\":[{\"@type\":\"ReadAction\",\"target\":[\"https:\\\/\\\/kme.eu\\\/kme\\\/de\\\/produkt\\\/kraftstoffpegel-emulator-epp-2-psa-honda-japan\\\/\"]}]},{\"@type\":\"ImageObject\",\"inLanguage\":\"de\",\"@id\":\"https:\\\/\\\/kme.eu\\\/kme\\\/de\\\/produkt\\\/kraftstoffpegel-emulator-epp-2-psa-honda-japan\\\/#primaryimage\",\"url\":\"https:\\\/\\\/kme.eu\\\/kme\\\/wp-content\\\/uploads\\\/2020\\\/10\\\/Akcesoria_EPP_2_PSA.jpg\",\"contentUrl\":\"https:\\\/\\\/kme.eu\\\/kme\\\/wp-content\\\/uploads\\\/2020\\\/10\\\/Akcesoria_EPP_2_PSA.jpg\",\"width\":800,\"height\":900},{\"@type\":\"BreadcrumbList\",\"@id\":\"https:\\\/\\\/kme.eu\\\/kme\\\/de\\\/produkt\\\/kraftstoffpegel-emulator-epp-2-psa-honda-japan\\\/#breadcrumb\",\"itemListElement\":[{\"@type\":\"ListItem\",\"position\":1,\"name\":\"Strona g\u0142\u00f3wna\",\"item\":\"https:\\\/\\\/kme.eu\\\/kme\\\/de\\\/\"},{\"@type\":\"ListItem\",\"position\":2,\"name\":\"Produkte\",\"item\":\"https:\\\/\\\/kme.eu\\\/kme\\\/de\\\/shop\\\/\"},{\"@type\":\"ListItem\",\"position\":3,\"name\":\"EPP-2-Kraftstoffstandsemulator (PSA, HONDA, JAPAN)\"}]},{\"@type\":\"WebSite\",\"@id\":\"https:\\\/\\\/kme.eu\\\/kme\\\/de\\\/#website\",\"url\":\"https:\\\/\\\/kme.eu\\\/kme\\\/de\\\/\",\"name\":\"KME\",\"description\":\"Autogas Systems\",\"publisher\":{\"@id\":\"https:\\\/\\\/kme.eu\\\/kme\\\/de\\\/#organization\"},\"potentialAction\":[{\"@type\":\"SearchAction\",\"target\":{\"@type\":\"EntryPoint\",\"urlTemplate\":\"https:\\\/\\\/kme.eu\\\/kme\\\/de\\\/?s={search_term_string}\"},\"query-input\":{\"@type\":\"PropertyValueSpecification\",\"valueRequired\":true,\"valueName\":\"search_term_string\"}}],\"inLanguage\":\"de\"},{\"@type\":\"Organization\",\"@id\":\"https:\\\/\\\/kme.eu\\\/kme\\\/de\\\/#organization\",\"name\":\"KME\",\"url\":\"https:\\\/\\\/kme.eu\\\/kme\\\/de\\\/\",\"logo\":{\"@type\":\"ImageObject\",\"inLanguage\":\"de\",\"@id\":\"https:\\\/\\\/kme.eu\\\/kme\\\/de\\\/#\\\/schema\\\/logo\\\/image\\\/\",\"url\":\"https:\\\/\\\/kme.eu\\\/kme\\\/wp-content\\\/uploads\\\/2020\\\/04\\\/logo_KME_RGB_small_200px.png\",\"contentUrl\":\"https:\\\/\\\/kme.eu\\\/kme\\\/wp-content\\\/uploads\\\/2020\\\/04\\\/logo_KME_RGB_small_200px.png\",\"width\":272,\"height\":200,\"caption\":\"KME\"},\"image\":{\"@id\":\"https:\\\/\\\/kme.eu\\\/kme\\\/de\\\/#\\\/schema\\\/logo\\\/image\\\/\"},\"sameAs\":[\"https:\\\/\\\/www.facebook.com\\\/KME.LPG\\\/\",\"https:\\\/\\\/www.instagram.com\\\/kme_lpg\\\/\"]}]}<\/script>\n<!-- \/ Yoast SEO plugin. -->","yoast_head_json":{"title":"EPP-2-Kraftstoffstandsemulator (PSA, HONDA, JAPAN) - KME","description":"Das Ger\u00e4t wird verwendet, um die Anzeige des Ist-Benzinstands beim Starten des Motors wiederherzustellen.","robots":{"index":"index","follow":"follow","max-snippet":"max-snippet:-1","max-image-preview":"max-image-preview:large","max-video-preview":"max-video-preview:-1"},"canonical":"https:\/\/kme.eu\/kme\/de\/produkt\/kraftstoffpegel-emulator-epp-2-psa-honda-japan\/","og_locale":"de_DE","og_type":"article","og_title":"EPP-2-Kraftstoffstandsemulator (PSA, HONDA, JAPAN)","og_description":"KME","og_url":"https:\/\/kme.eu\/kme\/de\/produkt\/kraftstoffpegel-emulator-epp-2-psa-honda-japan\/","og_site_name":"KME","article_publisher":"https:\/\/www.facebook.com\/KME.LPG\/","article_modified_time":"2022-02-11T13:32:52+00:00","og_image":[{"url":"https:\/\/kme.eu\/kme\/wp-content\/uploads\/2020\/10\/Akcesoria_EPP_2_PSA.jpg","type":"","width":"","height":""}],"twitter_card":"summary_large_image","twitter_misc":{"Gesch\u00e4tzte Lesezeit":"1\u00a0Minute"},"schema":{"@context":"https:\/\/schema.org","@graph":[{"@type":"WebPage","@id":"https:\/\/kme.eu\/kme\/de\/produkt\/kraftstoffpegel-emulator-epp-2-psa-honda-japan\/","url":"https:\/\/kme.eu\/kme\/de\/produkt\/kraftstoffpegel-emulator-epp-2-psa-honda-japan\/","name":"EPP-2-Kraftstoffstandsemulator (PSA, HONDA, JAPAN) - KME","isPartOf":{"@id":"https:\/\/kme.eu\/kme\/de\/#website"},"primaryImageOfPage":{"@id":"https:\/\/kme.eu\/kme\/de\/produkt\/kraftstoffpegel-emulator-epp-2-psa-honda-japan\/#primaryimage"},"image":{"@id":"https:\/\/kme.eu\/kme\/de\/produkt\/kraftstoffpegel-emulator-epp-2-psa-honda-japan\/#primaryimage"},"thumbnailUrl":"https:\/\/kme.eu\/kme\/wp-content\/uploads\/2020\/10\/Akcesoria_EPP_2_PSA.jpg","datePublished":"2020-10-13T12:31:31+00:00","dateModified":"2022-02-11T13:32:52+00:00","description":"Das Ger\u00e4t wird verwendet, um die Anzeige des Ist-Benzinstands beim Starten des Motors wiederherzustellen.","breadcrumb":{"@id":"https:\/\/kme.eu\/kme\/de\/produkt\/kraftstoffpegel-emulator-epp-2-psa-honda-japan\/#breadcrumb"},"inLanguage":"de","potentialAction":[{"@type":"ReadAction","target":["https:\/\/kme.eu\/kme\/de\/produkt\/kraftstoffpegel-emulator-epp-2-psa-honda-japan\/"]}]},{"@type":"ImageObject","inLanguage":"de","@id":"https:\/\/kme.eu\/kme\/de\/produkt\/kraftstoffpegel-emulator-epp-2-psa-honda-japan\/#primaryimage","url":"https:\/\/kme.eu\/kme\/wp-content\/uploads\/2020\/10\/Akcesoria_EPP_2_PSA.jpg","contentUrl":"https:\/\/kme.eu\/kme\/wp-content\/uploads\/2020\/10\/Akcesoria_EPP_2_PSA.jpg","width":800,"height":900},{"@type":"BreadcrumbList","@id":"https:\/\/kme.eu\/kme\/de\/produkt\/kraftstoffpegel-emulator-epp-2-psa-honda-japan\/#breadcrumb","itemListElement":[{"@type":"ListItem","position":1,"name":"Strona g\u0142\u00f3wna","item":"https:\/\/kme.eu\/kme\/de\/"},{"@type":"ListItem","position":2,"name":"Produkte","item":"https:\/\/kme.eu\/kme\/de\/shop\/"},{"@type":"ListItem","position":3,"name":"EPP-2-Kraftstoffstandsemulator (PSA, HONDA, JAPAN)"}]},{"@type":"WebSite","@id":"https:\/\/kme.eu\/kme\/de\/#website","url":"https:\/\/kme.eu\/kme\/de\/","name":"KME","description":"Autogas Systems","publisher":{"@id":"https:\/\/kme.eu\/kme\/de\/#organization"},"potentialAction":[{"@type":"SearchAction","target":{"@type":"EntryPoint","urlTemplate":"https:\/\/kme.eu\/kme\/de\/?s={search_term_string}"},"query-input":{"@type":"PropertyValueSpecification","valueRequired":true,"valueName":"search_term_string"}}],"inLanguage":"de"},{"@type":"Organization","@id":"https:\/\/kme.eu\/kme\/de\/#organization","name":"KME","url":"https:\/\/kme.eu\/kme\/de\/","logo":{"@type":"ImageObject","inLanguage":"de","@id":"https:\/\/kme.eu\/kme\/de\/#\/schema\/logo\/image\/","url":"https:\/\/kme.eu\/kme\/wp-content\/uploads\/2020\/04\/logo_KME_RGB_small_200px.png","contentUrl":"https:\/\/kme.eu\/kme\/wp-content\/uploads\/2020\/04\/logo_KME_RGB_small_200px.png","width":272,"height":200,"caption":"KME"},"image":{"@id":"https:\/\/kme.eu\/kme\/de\/#\/schema\/logo\/image\/"},"sameAs":["https:\/\/www.facebook.com\/KME.LPG\/","https:\/\/www.instagram.com\/kme_lpg\/"]}]}},"_links":{"self":[{"href":"https:\/\/kme.eu\/kme\/de\/wp-json\/wp\/v2\/product\/11746","targetHints":{"allow":["GET"]}}],"collection":[{"href":"https:\/\/kme.eu\/kme\/de\/wp-json\/wp\/v2\/product"}],"about":[{"href":"https:\/\/kme.eu\/kme\/de\/wp-json\/wp\/v2\/types\/product"}],"wp:featuredmedia":[{"embeddable":true,"href":"https:\/\/kme.eu\/kme\/de\/wp-json\/wp\/v2\/media\/11747"}],"wp:attachment":[{"href":"https:\/\/kme.eu\/kme\/de\/wp-json\/wp\/v2\/media?parent=11746"}],"wp:term":[{"taxonomy":"product_brand","embeddable":true,"href":"https:\/\/kme.eu\/kme\/de\/wp-json\/wp\/v2\/product_brand?post=11746"},{"taxonomy":"product_cat","embeddable":true,"href":"https:\/\/kme.eu\/kme\/de\/wp-json\/wp\/v2\/product_cat?post=11746"},{"taxonomy":"product_tag","embeddable":true,"href":"https:\/\/kme.eu\/kme\/de\/wp-json\/wp\/v2\/product_tag?post=11746"}],"curies":[{"name":"wp","href":"https:\/\/api.w.org\/{rel}","templated":true}]}}