{"id":11777,"date":"2020-10-09T14:19:22","date_gmt":"2020-10-09T12:19:22","guid":{"rendered":"https:\/\/kme.eu\/kme\/produkt\/filter-der-gasphase-kme\/"},"modified":"2022-02-11T14:06:51","modified_gmt":"2022-02-11T13:06:51","slug":"filter-der-gasphase-kme","status":"publish","type":"product","link":"https:\/\/kme.eu\/kme\/de\/produkt\/filter-der-gasphase-kme\/","title":{"rendered":"FILTER DER GASPHASE KME"},"content":{"rendered":"<h5><b>Der Filter der Gasphase mit austauschbaren Glasfasereinsatz, mit Polyesterschicht beiderseitig \u00fcberzogen.<\/b><\/h5>\n<p>KME bietet in ihren kompletten Montages\u00e4tzen hochwertige Filter der Gasphase an. Der Filter wird zwischen dem Druckregler\/Verdampfer und den Injektoren installiert und hat die Aufgabe, die R\u00fcckst\u00e4nde der in LPG enthaltenen Verunreinigungen zu filtern, die vor der Gasexpansion nicht aufgefangen werden k\u00f6nnen.<\/p>\n<p>Der Filter sollte an einem Ort installiert werden, wo seine einfache Wartung m\u00f6glich ist. Sie besteht in Entfernung des Sicherungsstifts, Austausch die Patrone, Einrastung des Geh\u00e4usea und Anbringung eines neuen Aufklebers mit Angabe des Kilometerstandes, bei dem n\u00f6chster Austausch empfohlen wird. Alle notwendigen Elemente, zusammen mit dem metallisierten Aufkleber, sind im Set enthalten und bilden den Service-Satz.<\/p>\n<p>Das Herzst\u00fcck des Filters ist nat\u00fcrlich das Filtermaterial. Warum setzen wir als einziger polnischer Hersteller der Gasinjektionssysteme eine so komplizierte Technologie ein? Weil es die perfekte Verbindung der Effizienz, der Saugf\u00e4higkeit, des Flie\u00dfwiderstands und des Preises ist. Der letzte Parameter ist leicht zu verstehen, im Folgenden werden wir versuchen, die Vorteile dieses Filters aus mehr technischer Sicht zu erl\u00e4utern, indem wir Informationen, die direkt vom Filterhersteller erhalten wurden, darstellen.<\/p>\n<h5><strong>Grundlegende Definitionen<\/strong><\/h5>\n<p><strong>Filter<\/strong><br \/>\nEs ist eine Vorrichtung zum Trennen von Feststoffen von Fl\u00fcssigkeiten und Gasen mittels einer oder mehrerer por\u00f6ser Trennw\u00e4nde, die Feststoffe zur\u00fcckhalten und Fl\u00fcssigkeiten und Gase passieren lassen.<\/p>\n<p><strong>Filtration<\/strong><br \/>\nEin Verfahren zum Trennen von Feststoffen von Fl\u00fcssigkeiten und Gasen durch mechanisches Zur\u00fcckhalten einer dieser Substanzen. Die Fl\u00fcssigkeit oder das Gas, die beim Filtrieren teilweise oder vollst\u00e4ndig von festen Partikeln befreit wurde, wird Filtrat genannt.<\/p>\n<p><strong>Wirksamkeit<\/strong><br \/>\nDie Wirksamkeit (Effizienz) der Reinigung ist die F\u00e4higkeit, Schadstoffpartikel einer bestimmten Gr\u00f6\u00dfe einzufangen. Es ist das Verh\u00e4ltnis der Masse der vom Filter aufgenommenen Partikel der Verunreinigungen zur Masse aller an den Filter gelieferten Partikel. Der Effektivit\u00e4tsparameter wird in (max 100%).<\/p>\n<p><strong>Absorptionsverm\u00f6gen<\/strong><br \/>\nDas Absorptionsverm\u00f6gen (auch als Kapazit\u00e4t bezeichnet) ist die F\u00e4higkeit, eine bestimmte Menge von Verunreinigungen aufzunehmen, ohne Abfall des Drucks der Betriebsfl\u00fcssigkeit \u00fcber den h\u00f6chstzul\u00e4ssigen Wert zu verursachen.<\/p>\n<p><strong>Durchlass<\/strong><br \/>\nMenge der Betriebsfl\u00fcssigkeit, die pro Zeiteinheit durch eine gegebene Filteroberfl\u00e4che flie\u00dft, d.h. F\u00e4higkeit, die Betriebsfl\u00fcssigkeit passieren zu lassen.<\/p>\n<p><strong>Str\u00f6mungswiderstand<\/strong><br \/>\nDie durch den Filter flie\u00dfende Betriebsfl\u00fcssigkeit st\u00f6\u00dft auf Widerstand des Filtermaterials. Dieser Parameter wird als Druckdifferenz vor und hinter dem Filter bezeichnet.<\/p>\n<p><strong>Koeffizient \u201eBeta\u201c<\/strong><br \/>\nMenge der Verunreinigungspartikeln in der Betriebsfl\u00fcssigkeit vor dem Filtermedium, durch die Menge gleicher Partikel hinter dem Filtermedium geteilt. \u201eBeta\u201c-Koeffizient kann f\u00fcr jeden gemessenen Bereich der Partikeldurchmesser bestimmt werden.<br \/>\n\u201eBeta\u201c = Zahl der Partikel vor dem Filtermedium\/Zahl der Partikel hinter dem Filtermedium<br \/>\n[1-(1\/Beta)]x100 = Wirksamkeit<\/p>\n<h5><strong>Mikroskopische Aufnahmen beispielhafter Materialien<\/strong><\/h5>\n<p><img loading=\"lazy\" decoding=\"async\" class=\"alignnone wp-image-11786 size-full\" src=\"https:\/\/kme.eu\/kme\/wp-content\/uploads\/2020\/10\/filters001_180.png\" alt=\"\" width=\"794\" height=\"170\" srcset=\"https:\/\/kme.eu\/kme\/wp-content\/uploads\/2020\/10\/filters001_180.png 794w, https:\/\/kme.eu\/kme\/wp-content\/uploads\/2020\/10\/filters001_180-300x64.png 300w, https:\/\/kme.eu\/kme\/wp-content\/uploads\/2020\/10\/filters001_180-768x164.png 768w, https:\/\/kme.eu\/kme\/wp-content\/uploads\/2020\/10\/filters001_180-600x128.png 600w\" sizes=\"auto, (max-width: 794px) 100vw, 794px\" \/><br \/>\nDas am h\u00e4ufigsten als Filtrationsbarriere verwendete Material basiert auf Cellulose (Papier) mit verschiedenen Additiven, die die Eigenschaften und damit die Verwendung des jeweiligen Materials als Filtrationsbarriere beeinflussen. Die richtige Wahl der Komponenten des Filtermaterials ist f\u00fcr die Filtrationsparameter von grundlegender Bedeutung. Je nachdem, was gefiltert wird, wie lange, unter welchen Bedingungen und mit welcher Genauigkeit, sollte das geeignete Filtermaterial gew\u00e4hlt werden. Durch Wahl verschiedener Kombinationen der Cellulosefasern und ihrer Tr\u00e4nkung mit entsprechenden Substanzen, meistens Harzen, kann man die Filtrationseigenschaften des Mediums variieren und das am besten geeignete Material, mit Parametern, die die Anforderungen an den gew\u00fcnschten Filter erf\u00fcllen, w\u00e4hlen.<strong><br \/>\n<\/strong><\/p>\n<h5><strong>Regeln der Wahl des Filtermaterials<\/strong><\/h5>\n<p>Neben reinen Filtrationsparametern wie Durchl\u00e4ssigkeit, Druckabfall, Porosit\u00e4t und Filtrationseffizienz ist die Best\u00e4ndigkeit gegen \u00e4u\u00dfere Faktoren (Feuchtigkeit, Temperatur, Chemikalien, Feuerbest\u00e4ndigkeit) ein sehr wichtiges Element, das durch Tr\u00e4nkung der Filterpapiere mit Chemikalien (z.B. Harze, \u00d6l), die diese Eigenschaften beeinflussen, reguliert werden kann.<\/p>\n<p>Alle oben genannten Auswahlelemente laufen auf ein Ziel zu: dass das Filtermedium alle Parameter erf\u00fcllt, die den Voraussetzungen nach f\u00fcr einen bestimmten Filter am besten geeignet sind, und dass der Filter h\u00f6chste Anforderungen des modernen Marktes erf\u00fcllt.<\/p>\n<p>Standardfiltermaterialien, die in Partitionsfiltern verwendet werden, unterliegen mehreren Regeln:<br \/>\n&#8211; je gr\u00f6\u00dfer die Oberfl\u00e4che, Dicke und Durchl\u00e4ssigkeit des Filtermaterials ist, desto gr\u00f6\u00dfer ist die Absorption (Aufnahmekapazit\u00e4t)<br \/>\n&#8211; je dichter das Material ist, desto wirksamer ist es;<br \/>\n&#8211; je niedriger der Widerstand, desto gr\u00f6\u00dfer die Durchl\u00e4ssigkeit<br \/>\n&#8211; niedrige Dichte ergibt hohe Aufnahmekapazit\u00e4t und umgekehrt;<br \/>\n&#8211; je h\u00f6her der Wirkungsgrad, desto kleiner die Aufnahmekapazit\u00e4t.<\/p>\n<p>Theoretisch ist das ideale Filtermedium eines, das alle Arten von Verunreinigungen zu 100% wirksam entfernt und gleichzeitig durch unendliche Absorption und Haltbarkeit gekennzeichnet ist. Es ist unerreichbar, man versucht jedoch L\u00f6sungen einzusetzen, die die oben genannten Bedingungen in h\u00f6chstem Ma\u00dfe zu erf\u00fcllen erlauben. Bei der Entwicklung von Filtern und Filtereins\u00e4tzen versucht man, den h\u00f6chstm\u00f6glichen Wirkungsgrad und die gr\u00f6\u00dftm\u00f6gliche Filterkapazit\u00e4t bei gleichzeitig hohem Durchsatz und geringem Durchflusswiderstand sicherzustellen.<\/p>\n<h5><strong>Parametertabelle der Filtermaterialien<\/strong><\/h5>\n<p><img loading=\"lazy\" decoding=\"async\" class=\"alignnone wp-image-11785 size-full\" src=\"https:\/\/kme.eu\/kme\/wp-content\/uploads\/2020\/10\/filtr_tabela.jpg\" alt=\"\" width=\"627\" height=\"465\" srcset=\"https:\/\/kme.eu\/kme\/wp-content\/uploads\/2020\/10\/filtr_tabela.jpg 627w, https:\/\/kme.eu\/kme\/wp-content\/uploads\/2020\/10\/filtr_tabela-300x222.jpg 300w, https:\/\/kme.eu\/kme\/wp-content\/uploads\/2020\/10\/filtr_tabela-600x445.jpg 600w\" sizes=\"auto, (max-width: 627px) 100vw, 627px\" \/><\/p>\n<h5><strong>Schlussfolgerungen<\/strong><\/h5>\n<p>Wie aus dem Obigen ersichtlich ist, ist das beste Filtermaterial die Glasfaser, die:<br \/>\n&#8211; die gr\u00f6\u00dfte Filtrationseffizienz erreicht,<br \/>\n&#8211; bet\u00e4ndig gegen alle Arten von \u00e4u\u00dferen Faktoren wie Feuchtigkeit, Temperatur, Chemikalien und Feuer, ist.<\/p>\n<p><em><strong>Um h\u00f6chste Filtrationseffizienz und Best\u00e4ndigkeit gegen\u00fcber externen Faktoren zu erzielen, wird in den KME-Filter werden beiderseitig mit Polyester bedecke Glasfaser verwendet.<\/strong><\/em><br \/>\n<script>\n   $(window).on('load', function(){\n      $(\".sdm_download\").each(function( index, element ){\n         console.log($(this));\n         $(this).attr('target','_blank');\n      });\n   });\n<\/script><\/p>\n","protected":false},"excerpt":{"rendered":"<p>Filter der Gasphase mit einem austauschbaren Einsatz aus beidseitig mit Polyester \u00fcberzogener Glasfaser<\/p>\n","protected":false},"featured_media":11778,"template":"","meta":[],"product_brand":[],"product_cat":[592076],"product_tag":[],"class_list":{"0":"post-11777","1":"product","2":"type-product","3":"status-publish","4":"has-post-thumbnail","6":"product_cat-zubehoer","8":"first","9":"instock","10":"shipping-taxable","11":"product-type-simple"},"acf":[],"yoast_head":"<!-- This site is optimized with the Yoast SEO plugin v27.5 - https:\/\/yoast.com\/product\/yoast-seo-wordpress\/ -->\n<title>FILTER DER GASPHASE KME - KME<\/title>\n<meta name=\"robots\" content=\"index, follow, max-snippet:-1, max-image-preview:large, max-video-preview:-1\" \/>\n<link rel=\"canonical\" href=\"https:\/\/kme.eu\/kme\/de\/produkt\/filter-der-gasphase-kme\/\" \/>\n<meta property=\"og:locale\" content=\"de_DE\" \/>\n<meta property=\"og:type\" content=\"article\" \/>\n<meta property=\"og:title\" content=\"FILTER DER GASPHASE KME - KME\" \/>\n<meta property=\"og:description\" content=\"Filter der Gasphase mit einem austauschbaren Einsatz aus beidseitig mit Polyester \u00fcberzogener Glasfaser\" \/>\n<meta property=\"og:url\" content=\"https:\/\/kme.eu\/kme\/de\/produkt\/filter-der-gasphase-kme\/\" \/>\n<meta property=\"og:site_name\" content=\"KME\" \/>\n<meta property=\"article:publisher\" content=\"https:\/\/www.facebook.com\/KME.LPG\/\" \/>\n<meta property=\"article:modified_time\" content=\"2022-02-11T13:06:51+00:00\" \/>\n<meta property=\"og:image\" content=\"https:\/\/kme.eu\/kme\/wp-content\/uploads\/2020\/10\/Akcesoria_filtr.jpg\" \/>\n\t<meta property=\"og:image:width\" content=\"800\" \/>\n\t<meta property=\"og:image:height\" content=\"900\" \/>\n\t<meta property=\"og:image:type\" content=\"image\/jpeg\" \/>\n<meta name=\"twitter:card\" content=\"summary_large_image\" \/>\n<meta name=\"twitter:label1\" content=\"Gesch\u00e4tzte Lesezeit\" \/>\n\t<meta name=\"twitter:data1\" content=\"4\u00a0Minuten\" \/>\n<script type=\"application\/ld+json\" class=\"yoast-schema-graph\">{\"@context\":\"https:\\\/\\\/schema.org\",\"@graph\":[{\"@type\":\"WebPage\",\"@id\":\"https:\\\/\\\/kme.eu\\\/kme\\\/de\\\/produkt\\\/filter-der-gasphase-kme\\\/\",\"url\":\"https:\\\/\\\/kme.eu\\\/kme\\\/de\\\/produkt\\\/filter-der-gasphase-kme\\\/\",\"name\":\"FILTER DER GASPHASE KME - KME\",\"isPartOf\":{\"@id\":\"https:\\\/\\\/kme.eu\\\/kme\\\/de\\\/#website\"},\"primaryImageOfPage\":{\"@id\":\"https:\\\/\\\/kme.eu\\\/kme\\\/de\\\/produkt\\\/filter-der-gasphase-kme\\\/#primaryimage\"},\"image\":{\"@id\":\"https:\\\/\\\/kme.eu\\\/kme\\\/de\\\/produkt\\\/filter-der-gasphase-kme\\\/#primaryimage\"},\"thumbnailUrl\":\"https:\\\/\\\/kme.eu\\\/kme\\\/wp-content\\\/uploads\\\/2020\\\/10\\\/Akcesoria_filtr.jpg\",\"datePublished\":\"2020-10-09T12:19:22+00:00\",\"dateModified\":\"2022-02-11T13:06:51+00:00\",\"breadcrumb\":{\"@id\":\"https:\\\/\\\/kme.eu\\\/kme\\\/de\\\/produkt\\\/filter-der-gasphase-kme\\\/#breadcrumb\"},\"inLanguage\":\"de\",\"potentialAction\":[{\"@type\":\"ReadAction\",\"target\":[\"https:\\\/\\\/kme.eu\\\/kme\\\/de\\\/produkt\\\/filter-der-gasphase-kme\\\/\"]}]},{\"@type\":\"ImageObject\",\"inLanguage\":\"de\",\"@id\":\"https:\\\/\\\/kme.eu\\\/kme\\\/de\\\/produkt\\\/filter-der-gasphase-kme\\\/#primaryimage\",\"url\":\"https:\\\/\\\/kme.eu\\\/kme\\\/wp-content\\\/uploads\\\/2020\\\/10\\\/Akcesoria_filtr.jpg\",\"contentUrl\":\"https:\\\/\\\/kme.eu\\\/kme\\\/wp-content\\\/uploads\\\/2020\\\/10\\\/Akcesoria_filtr.jpg\",\"width\":800,\"height\":900},{\"@type\":\"BreadcrumbList\",\"@id\":\"https:\\\/\\\/kme.eu\\\/kme\\\/de\\\/produkt\\\/filter-der-gasphase-kme\\\/#breadcrumb\",\"itemListElement\":[{\"@type\":\"ListItem\",\"position\":1,\"name\":\"Strona g\u0142\u00f3wna\",\"item\":\"https:\\\/\\\/kme.eu\\\/kme\\\/de\\\/\"},{\"@type\":\"ListItem\",\"position\":2,\"name\":\"Produkte\",\"item\":\"https:\\\/\\\/kme.eu\\\/kme\\\/de\\\/shop\\\/\"},{\"@type\":\"ListItem\",\"position\":3,\"name\":\"FILTER DER GASPHASE KME\"}]},{\"@type\":\"WebSite\",\"@id\":\"https:\\\/\\\/kme.eu\\\/kme\\\/de\\\/#website\",\"url\":\"https:\\\/\\\/kme.eu\\\/kme\\\/de\\\/\",\"name\":\"KME\",\"description\":\"Autogas Systems\",\"publisher\":{\"@id\":\"https:\\\/\\\/kme.eu\\\/kme\\\/de\\\/#organization\"},\"potentialAction\":[{\"@type\":\"SearchAction\",\"target\":{\"@type\":\"EntryPoint\",\"urlTemplate\":\"https:\\\/\\\/kme.eu\\\/kme\\\/de\\\/?s={search_term_string}\"},\"query-input\":{\"@type\":\"PropertyValueSpecification\",\"valueRequired\":true,\"valueName\":\"search_term_string\"}}],\"inLanguage\":\"de\"},{\"@type\":\"Organization\",\"@id\":\"https:\\\/\\\/kme.eu\\\/kme\\\/de\\\/#organization\",\"name\":\"KME\",\"url\":\"https:\\\/\\\/kme.eu\\\/kme\\\/de\\\/\",\"logo\":{\"@type\":\"ImageObject\",\"inLanguage\":\"de\",\"@id\":\"https:\\\/\\\/kme.eu\\\/kme\\\/de\\\/#\\\/schema\\\/logo\\\/image\\\/\",\"url\":\"https:\\\/\\\/kme.eu\\\/kme\\\/wp-content\\\/uploads\\\/2020\\\/04\\\/logo_KME_RGB_small_200px.png\",\"contentUrl\":\"https:\\\/\\\/kme.eu\\\/kme\\\/wp-content\\\/uploads\\\/2020\\\/04\\\/logo_KME_RGB_small_200px.png\",\"width\":272,\"height\":200,\"caption\":\"KME\"},\"image\":{\"@id\":\"https:\\\/\\\/kme.eu\\\/kme\\\/de\\\/#\\\/schema\\\/logo\\\/image\\\/\"},\"sameAs\":[\"https:\\\/\\\/www.facebook.com\\\/KME.LPG\\\/\",\"https:\\\/\\\/www.instagram.com\\\/kme_lpg\\\/\"]}]}<\/script>\n<!-- \/ Yoast SEO plugin. -->","yoast_head_json":{"title":"FILTER DER GASPHASE KME - KME","robots":{"index":"index","follow":"follow","max-snippet":"max-snippet:-1","max-image-preview":"max-image-preview:large","max-video-preview":"max-video-preview:-1"},"canonical":"https:\/\/kme.eu\/kme\/de\/produkt\/filter-der-gasphase-kme\/","og_locale":"de_DE","og_type":"article","og_title":"FILTER DER GASPHASE KME - KME","og_description":"Filter der Gasphase mit einem austauschbaren Einsatz aus beidseitig mit Polyester \u00fcberzogener Glasfaser","og_url":"https:\/\/kme.eu\/kme\/de\/produkt\/filter-der-gasphase-kme\/","og_site_name":"KME","article_publisher":"https:\/\/www.facebook.com\/KME.LPG\/","article_modified_time":"2022-02-11T13:06:51+00:00","og_image":[{"width":800,"height":900,"url":"https:\/\/kme.eu\/kme\/wp-content\/uploads\/2020\/10\/Akcesoria_filtr.jpg","type":"image\/jpeg"}],"twitter_card":"summary_large_image","twitter_misc":{"Gesch\u00e4tzte Lesezeit":"4\u00a0Minuten"},"schema":{"@context":"https:\/\/schema.org","@graph":[{"@type":"WebPage","@id":"https:\/\/kme.eu\/kme\/de\/produkt\/filter-der-gasphase-kme\/","url":"https:\/\/kme.eu\/kme\/de\/produkt\/filter-der-gasphase-kme\/","name":"FILTER DER GASPHASE KME - KME","isPartOf":{"@id":"https:\/\/kme.eu\/kme\/de\/#website"},"primaryImageOfPage":{"@id":"https:\/\/kme.eu\/kme\/de\/produkt\/filter-der-gasphase-kme\/#primaryimage"},"image":{"@id":"https:\/\/kme.eu\/kme\/de\/produkt\/filter-der-gasphase-kme\/#primaryimage"},"thumbnailUrl":"https:\/\/kme.eu\/kme\/wp-content\/uploads\/2020\/10\/Akcesoria_filtr.jpg","datePublished":"2020-10-09T12:19:22+00:00","dateModified":"2022-02-11T13:06:51+00:00","breadcrumb":{"@id":"https:\/\/kme.eu\/kme\/de\/produkt\/filter-der-gasphase-kme\/#breadcrumb"},"inLanguage":"de","potentialAction":[{"@type":"ReadAction","target":["https:\/\/kme.eu\/kme\/de\/produkt\/filter-der-gasphase-kme\/"]}]},{"@type":"ImageObject","inLanguage":"de","@id":"https:\/\/kme.eu\/kme\/de\/produkt\/filter-der-gasphase-kme\/#primaryimage","url":"https:\/\/kme.eu\/kme\/wp-content\/uploads\/2020\/10\/Akcesoria_filtr.jpg","contentUrl":"https:\/\/kme.eu\/kme\/wp-content\/uploads\/2020\/10\/Akcesoria_filtr.jpg","width":800,"height":900},{"@type":"BreadcrumbList","@id":"https:\/\/kme.eu\/kme\/de\/produkt\/filter-der-gasphase-kme\/#breadcrumb","itemListElement":[{"@type":"ListItem","position":1,"name":"Strona g\u0142\u00f3wna","item":"https:\/\/kme.eu\/kme\/de\/"},{"@type":"ListItem","position":2,"name":"Produkte","item":"https:\/\/kme.eu\/kme\/de\/shop\/"},{"@type":"ListItem","position":3,"name":"FILTER DER GASPHASE KME"}]},{"@type":"WebSite","@id":"https:\/\/kme.eu\/kme\/de\/#website","url":"https:\/\/kme.eu\/kme\/de\/","name":"KME","description":"Autogas Systems","publisher":{"@id":"https:\/\/kme.eu\/kme\/de\/#organization"},"potentialAction":[{"@type":"SearchAction","target":{"@type":"EntryPoint","urlTemplate":"https:\/\/kme.eu\/kme\/de\/?s={search_term_string}"},"query-input":{"@type":"PropertyValueSpecification","valueRequired":true,"valueName":"search_term_string"}}],"inLanguage":"de"},{"@type":"Organization","@id":"https:\/\/kme.eu\/kme\/de\/#organization","name":"KME","url":"https:\/\/kme.eu\/kme\/de\/","logo":{"@type":"ImageObject","inLanguage":"de","@id":"https:\/\/kme.eu\/kme\/de\/#\/schema\/logo\/image\/","url":"https:\/\/kme.eu\/kme\/wp-content\/uploads\/2020\/04\/logo_KME_RGB_small_200px.png","contentUrl":"https:\/\/kme.eu\/kme\/wp-content\/uploads\/2020\/04\/logo_KME_RGB_small_200px.png","width":272,"height":200,"caption":"KME"},"image":{"@id":"https:\/\/kme.eu\/kme\/de\/#\/schema\/logo\/image\/"},"sameAs":["https:\/\/www.facebook.com\/KME.LPG\/","https:\/\/www.instagram.com\/kme_lpg\/"]}]}},"_links":{"self":[{"href":"https:\/\/kme.eu\/kme\/de\/wp-json\/wp\/v2\/product\/11777","targetHints":{"allow":["GET"]}}],"collection":[{"href":"https:\/\/kme.eu\/kme\/de\/wp-json\/wp\/v2\/product"}],"about":[{"href":"https:\/\/kme.eu\/kme\/de\/wp-json\/wp\/v2\/types\/product"}],"wp:featuredmedia":[{"embeddable":true,"href":"https:\/\/kme.eu\/kme\/de\/wp-json\/wp\/v2\/media\/11778"}],"wp:attachment":[{"href":"https:\/\/kme.eu\/kme\/de\/wp-json\/wp\/v2\/media?parent=11777"}],"wp:term":[{"taxonomy":"product_brand","embeddable":true,"href":"https:\/\/kme.eu\/kme\/de\/wp-json\/wp\/v2\/product_brand?post=11777"},{"taxonomy":"product_cat","embeddable":true,"href":"https:\/\/kme.eu\/kme\/de\/wp-json\/wp\/v2\/product_cat?post=11777"},{"taxonomy":"product_tag","embeddable":true,"href":"https:\/\/kme.eu\/kme\/de\/wp-json\/wp\/v2\/product_tag?post=11777"}],"curies":[{"name":"wp","href":"https:\/\/api.w.org\/{rel}","templated":true}]}}