{"id":11796,"date":"2020-10-09T14:13:25","date_gmt":"2020-10-09T12:13:25","guid":{"rendered":"https:\/\/kme.eu\/kme\/produkt\/adapter-obd-v2-2\/"},"modified":"2021-06-14T14:29:40","modified_gmt":"2021-06-14T12:29:40","slug":"adapter-obd-v2","status":"publish","type":"product","link":"https:\/\/kme.eu\/kme\/de\/produkt\/adapter-obd-v2\/","title":{"rendered":"ADAPTER OBD V2"},"content":{"rendered":"<p><b>Der OBD v2-Adapter erm\u00f6glicht die Kommunikation des Gasinjektionssystems DIEGO G3 und NEVO mit dem Benzinsteuerger\u00e4t \u00fcber die OBDII-Diagnoseschnittstelle. Der OBD v2-Adapter kann zus\u00e4tzlich ohne Gassystem als OBD-Scanner arbeiten.<\/b><\/p>\n<p>Die Verwendung des Adapters besteht in:<br \/>\nLesen von Parametern aus dem OBDII-System und ihre Visualisierung in der Kalibrierungssoftware des Systems DIEGO und NEVO;<br \/>\n\u2022 Lesen und Pr\u00fcfen (einschlie\u00dflich L\u00f6schung) von registrierten und anstehenden Fehlern des Benzinsteuerger\u00e4ts;<br \/>\n\u2022 automatische Regelung und Anpassung des Gassystems unter Verwendung von Korrekturen, die aus dem OBD gelesen werden (nur bei Verwendung der Steuerger\u00e4te DIEGO G3 in Versionen 3.0H oder neueren oder NEVO).<\/p>\n<p>Es kann auch nur f\u00fcr die Zeit der Kalibrierung verwendet werden \u2013 in diesem Fall dient er als Ger\u00e4t, das die Kalibrierung des Systems erheblich erleichtert und es in gewissem Ma\u00dfe auch automatisiert.<\/p>\n<p>Es kann auch nur f\u00fcr die Zeit der Kalibrierung verwendet werden \u2013 in diesem Fall dient er als Ger\u00e4t, das die Kalibrierung des Systems erheblich erleichtert und es in gewissem Ma\u00dfe auch automatisiert. Es ist auch m\u00f6glich, es dauerhaft im Auto zu montieren \u2013 dann dient es als Schnittstelle zwischen dem Benzin- und dem Gassteuerger\u00e4t und erm\u00f6glicht Einf\u00fchrung einer kontinuierlichen adaptativen Korrektur.<\/p>\n<p>Der OBD v2-Adapter kann in Fahrzeugen verwendet werden, die mit einer Gasinstallation mit einem NEVO-Steuerger\u00e4t ausgestattet sind<\/p>\n<p>Der OBD v2-Adapter kann in Fahrzeugen verwendet werden, die mit einer Gasinstallation mit DIEGI-Steuerger\u00e4t aus den Familien 1.4x, 1.5x und 3.0x ausgestattet sind. Steuerger\u00e4te in den Versionen 3.0H oder neuer erm\u00f6glichen vollst\u00e4ndige Zusammenarbeit mit dem Adapter, einschlie\u00dflich der Funktionalit\u00e4t adaptiatver Korrekturen auf Basis von OBD. Die \u00e4lteren Versionen der Steuerger\u00e4te bieten nur die Funktionalit\u00e4t eines OBD-Scanners (Lesen von Parametern, L\u00f6schen von Fehlercodes).<\/p>\n<p>Der Adapter kann mithilfe von Protokollen, die in den meisten neuen europ\u00e4ischen Fahrzeugen verwendet werden, an OBDII angeschlossen werden:<br \/>\n\u2022 ISO9141,<br \/>\n\u2022 KWP2000slow,<br \/>\n\u2022 KWP2000fast,<br \/>\n\u2022 CAN_11bitID_500kbps,<br \/>\n\u2022 CAN_29bitID_500kbps,<br \/>\n\u2022 CAN_11bitID_250kbps,<br \/>\n\u2022 CAN_29bitID_250kbps.<\/p>\n<p>Der OBD v2-Adapter ersetzt vollst\u00e4ndig die v1-Version (der OBD v1-Adapter funktioniert nur mit DIEGO G3).<br \/>\n<script>\n   $(window).on('load', function(){\n      $(\".sdm_download\").each(function( index, element ){\n         console.log($(this));\n         $(this).attr('target','_blank');\n      });\n   });\n<\/script><\/p>\n","protected":false},"excerpt":{"rendered":"<p>Der OBD v2-Adapter erm\u00f6glicht die Kommunikation des Gasinjektionssystems DIEGO G3 und NEVO mit dem Benzinsteuerger\u00e4t \u00fcber die OBDII-Diagnoseschnittstelle<\/p>\n","protected":false},"featured_media":11797,"template":"","meta":[],"product_brand":[],"product_cat":[592076],"product_tag":[592515],"class_list":{"0":"post-11796","1":"product","2":"type-product","3":"status-publish","4":"has-post-thumbnail","6":"product_cat-zubehoer","7":"product_tag-nevo-de","9":"first","10":"instock","11":"shipping-taxable","12":"product-type-simple"},"acf":[],"yoast_head":"<!-- This site is optimized with the Yoast SEO plugin v27.5 - https:\/\/yoast.com\/product\/yoast-seo-wordpress\/ -->\n<title>ADAPTER OBD V2 - KME<\/title>\n<meta name=\"robots\" content=\"index, follow, max-snippet:-1, max-image-preview:large, max-video-preview:-1\" \/>\n<link rel=\"canonical\" href=\"https:\/\/kme.eu\/kme\/de\/produkt\/adapter-obd-v2\/\" \/>\n<meta property=\"og:locale\" content=\"de_DE\" \/>\n<meta property=\"og:type\" content=\"article\" \/>\n<meta property=\"og:title\" content=\"ADAPTER OBD V2 - KME\" \/>\n<meta property=\"og:description\" content=\"Der OBD v2-Adapter erm\u00f6glicht die Kommunikation des Gasinjektionssystems DIEGO G3 und NEVO mit dem Benzinsteuerger\u00e4t \u00fcber die OBDII-Diagnoseschnittstelle\" \/>\n<meta property=\"og:url\" content=\"https:\/\/kme.eu\/kme\/de\/produkt\/adapter-obd-v2\/\" \/>\n<meta property=\"og:site_name\" content=\"KME\" \/>\n<meta property=\"article:publisher\" content=\"https:\/\/www.facebook.com\/KME.LPG\/\" \/>\n<meta property=\"article:modified_time\" content=\"2021-06-14T12:29:40+00:00\" \/>\n<meta property=\"og:image\" content=\"https:\/\/kme.eu\/kme\/wp-content\/uploads\/2020\/10\/Akcesoria_adapter_obd.jpg\" \/>\n\t<meta property=\"og:image:width\" content=\"800\" \/>\n\t<meta property=\"og:image:height\" content=\"900\" \/>\n\t<meta property=\"og:image:type\" content=\"image\/jpeg\" \/>\n<meta name=\"twitter:card\" content=\"summary_large_image\" \/>\n<meta name=\"twitter:label1\" content=\"Gesch\u00e4tzte Lesezeit\" \/>\n\t<meta name=\"twitter:data1\" content=\"2\u00a0Minuten\" \/>\n<script type=\"application\/ld+json\" class=\"yoast-schema-graph\">{\"@context\":\"https:\\\/\\\/schema.org\",\"@graph\":[{\"@type\":\"WebPage\",\"@id\":\"https:\\\/\\\/kme.eu\\\/kme\\\/de\\\/produkt\\\/adapter-obd-v2\\\/\",\"url\":\"https:\\\/\\\/kme.eu\\\/kme\\\/de\\\/produkt\\\/adapter-obd-v2\\\/\",\"name\":\"ADAPTER OBD V2 - KME\",\"isPartOf\":{\"@id\":\"https:\\\/\\\/kme.eu\\\/kme\\\/de\\\/#website\"},\"primaryImageOfPage\":{\"@id\":\"https:\\\/\\\/kme.eu\\\/kme\\\/de\\\/produkt\\\/adapter-obd-v2\\\/#primaryimage\"},\"image\":{\"@id\":\"https:\\\/\\\/kme.eu\\\/kme\\\/de\\\/produkt\\\/adapter-obd-v2\\\/#primaryimage\"},\"thumbnailUrl\":\"https:\\\/\\\/kme.eu\\\/kme\\\/wp-content\\\/uploads\\\/2020\\\/10\\\/Akcesoria_adapter_obd.jpg\",\"datePublished\":\"2020-10-09T12:13:25+00:00\",\"dateModified\":\"2021-06-14T12:29:40+00:00\",\"breadcrumb\":{\"@id\":\"https:\\\/\\\/kme.eu\\\/kme\\\/de\\\/produkt\\\/adapter-obd-v2\\\/#breadcrumb\"},\"inLanguage\":\"de\",\"potentialAction\":[{\"@type\":\"ReadAction\",\"target\":[\"https:\\\/\\\/kme.eu\\\/kme\\\/de\\\/produkt\\\/adapter-obd-v2\\\/\"]}]},{\"@type\":\"ImageObject\",\"inLanguage\":\"de\",\"@id\":\"https:\\\/\\\/kme.eu\\\/kme\\\/de\\\/produkt\\\/adapter-obd-v2\\\/#primaryimage\",\"url\":\"https:\\\/\\\/kme.eu\\\/kme\\\/wp-content\\\/uploads\\\/2020\\\/10\\\/Akcesoria_adapter_obd.jpg\",\"contentUrl\":\"https:\\\/\\\/kme.eu\\\/kme\\\/wp-content\\\/uploads\\\/2020\\\/10\\\/Akcesoria_adapter_obd.jpg\",\"width\":800,\"height\":900},{\"@type\":\"BreadcrumbList\",\"@id\":\"https:\\\/\\\/kme.eu\\\/kme\\\/de\\\/produkt\\\/adapter-obd-v2\\\/#breadcrumb\",\"itemListElement\":[{\"@type\":\"ListItem\",\"position\":1,\"name\":\"Strona g\u0142\u00f3wna\",\"item\":\"https:\\\/\\\/kme.eu\\\/kme\\\/de\\\/\"},{\"@type\":\"ListItem\",\"position\":2,\"name\":\"Produkte\",\"item\":\"https:\\\/\\\/kme.eu\\\/kme\\\/de\\\/shop\\\/\"},{\"@type\":\"ListItem\",\"position\":3,\"name\":\"ADAPTER OBD V2\"}]},{\"@type\":\"WebSite\",\"@id\":\"https:\\\/\\\/kme.eu\\\/kme\\\/de\\\/#website\",\"url\":\"https:\\\/\\\/kme.eu\\\/kme\\\/de\\\/\",\"name\":\"KME\",\"description\":\"Autogas Systems\",\"publisher\":{\"@id\":\"https:\\\/\\\/kme.eu\\\/kme\\\/de\\\/#organization\"},\"potentialAction\":[{\"@type\":\"SearchAction\",\"target\":{\"@type\":\"EntryPoint\",\"urlTemplate\":\"https:\\\/\\\/kme.eu\\\/kme\\\/de\\\/?s={search_term_string}\"},\"query-input\":{\"@type\":\"PropertyValueSpecification\",\"valueRequired\":true,\"valueName\":\"search_term_string\"}}],\"inLanguage\":\"de\"},{\"@type\":\"Organization\",\"@id\":\"https:\\\/\\\/kme.eu\\\/kme\\\/de\\\/#organization\",\"name\":\"KME\",\"url\":\"https:\\\/\\\/kme.eu\\\/kme\\\/de\\\/\",\"logo\":{\"@type\":\"ImageObject\",\"inLanguage\":\"de\",\"@id\":\"https:\\\/\\\/kme.eu\\\/kme\\\/de\\\/#\\\/schema\\\/logo\\\/image\\\/\",\"url\":\"https:\\\/\\\/kme.eu\\\/kme\\\/wp-content\\\/uploads\\\/2020\\\/04\\\/logo_KME_RGB_small_200px.png\",\"contentUrl\":\"https:\\\/\\\/kme.eu\\\/kme\\\/wp-content\\\/uploads\\\/2020\\\/04\\\/logo_KME_RGB_small_200px.png\",\"width\":272,\"height\":200,\"caption\":\"KME\"},\"image\":{\"@id\":\"https:\\\/\\\/kme.eu\\\/kme\\\/de\\\/#\\\/schema\\\/logo\\\/image\\\/\"},\"sameAs\":[\"https:\\\/\\\/www.facebook.com\\\/KME.LPG\\\/\",\"https:\\\/\\\/www.instagram.com\\\/kme_lpg\\\/\"]}]}<\/script>\n<!-- \/ Yoast SEO plugin. -->","yoast_head_json":{"title":"ADAPTER OBD V2 - KME","robots":{"index":"index","follow":"follow","max-snippet":"max-snippet:-1","max-image-preview":"max-image-preview:large","max-video-preview":"max-video-preview:-1"},"canonical":"https:\/\/kme.eu\/kme\/de\/produkt\/adapter-obd-v2\/","og_locale":"de_DE","og_type":"article","og_title":"ADAPTER OBD V2 - KME","og_description":"Der OBD v2-Adapter erm\u00f6glicht die Kommunikation des Gasinjektionssystems DIEGO G3 und NEVO mit dem Benzinsteuerger\u00e4t \u00fcber die OBDII-Diagnoseschnittstelle","og_url":"https:\/\/kme.eu\/kme\/de\/produkt\/adapter-obd-v2\/","og_site_name":"KME","article_publisher":"https:\/\/www.facebook.com\/KME.LPG\/","article_modified_time":"2021-06-14T12:29:40+00:00","og_image":[{"width":800,"height":900,"url":"https:\/\/kme.eu\/kme\/wp-content\/uploads\/2020\/10\/Akcesoria_adapter_obd.jpg","type":"image\/jpeg"}],"twitter_card":"summary_large_image","twitter_misc":{"Gesch\u00e4tzte Lesezeit":"2\u00a0Minuten"},"schema":{"@context":"https:\/\/schema.org","@graph":[{"@type":"WebPage","@id":"https:\/\/kme.eu\/kme\/de\/produkt\/adapter-obd-v2\/","url":"https:\/\/kme.eu\/kme\/de\/produkt\/adapter-obd-v2\/","name":"ADAPTER OBD V2 - KME","isPartOf":{"@id":"https:\/\/kme.eu\/kme\/de\/#website"},"primaryImageOfPage":{"@id":"https:\/\/kme.eu\/kme\/de\/produkt\/adapter-obd-v2\/#primaryimage"},"image":{"@id":"https:\/\/kme.eu\/kme\/de\/produkt\/adapter-obd-v2\/#primaryimage"},"thumbnailUrl":"https:\/\/kme.eu\/kme\/wp-content\/uploads\/2020\/10\/Akcesoria_adapter_obd.jpg","datePublished":"2020-10-09T12:13:25+00:00","dateModified":"2021-06-14T12:29:40+00:00","breadcrumb":{"@id":"https:\/\/kme.eu\/kme\/de\/produkt\/adapter-obd-v2\/#breadcrumb"},"inLanguage":"de","potentialAction":[{"@type":"ReadAction","target":["https:\/\/kme.eu\/kme\/de\/produkt\/adapter-obd-v2\/"]}]},{"@type":"ImageObject","inLanguage":"de","@id":"https:\/\/kme.eu\/kme\/de\/produkt\/adapter-obd-v2\/#primaryimage","url":"https:\/\/kme.eu\/kme\/wp-content\/uploads\/2020\/10\/Akcesoria_adapter_obd.jpg","contentUrl":"https:\/\/kme.eu\/kme\/wp-content\/uploads\/2020\/10\/Akcesoria_adapter_obd.jpg","width":800,"height":900},{"@type":"BreadcrumbList","@id":"https:\/\/kme.eu\/kme\/de\/produkt\/adapter-obd-v2\/#breadcrumb","itemListElement":[{"@type":"ListItem","position":1,"name":"Strona g\u0142\u00f3wna","item":"https:\/\/kme.eu\/kme\/de\/"},{"@type":"ListItem","position":2,"name":"Produkte","item":"https:\/\/kme.eu\/kme\/de\/shop\/"},{"@type":"ListItem","position":3,"name":"ADAPTER OBD V2"}]},{"@type":"WebSite","@id":"https:\/\/kme.eu\/kme\/de\/#website","url":"https:\/\/kme.eu\/kme\/de\/","name":"KME","description":"Autogas Systems","publisher":{"@id":"https:\/\/kme.eu\/kme\/de\/#organization"},"potentialAction":[{"@type":"SearchAction","target":{"@type":"EntryPoint","urlTemplate":"https:\/\/kme.eu\/kme\/de\/?s={search_term_string}"},"query-input":{"@type":"PropertyValueSpecification","valueRequired":true,"valueName":"search_term_string"}}],"inLanguage":"de"},{"@type":"Organization","@id":"https:\/\/kme.eu\/kme\/de\/#organization","name":"KME","url":"https:\/\/kme.eu\/kme\/de\/","logo":{"@type":"ImageObject","inLanguage":"de","@id":"https:\/\/kme.eu\/kme\/de\/#\/schema\/logo\/image\/","url":"https:\/\/kme.eu\/kme\/wp-content\/uploads\/2020\/04\/logo_KME_RGB_small_200px.png","contentUrl":"https:\/\/kme.eu\/kme\/wp-content\/uploads\/2020\/04\/logo_KME_RGB_small_200px.png","width":272,"height":200,"caption":"KME"},"image":{"@id":"https:\/\/kme.eu\/kme\/de\/#\/schema\/logo\/image\/"},"sameAs":["https:\/\/www.facebook.com\/KME.LPG\/","https:\/\/www.instagram.com\/kme_lpg\/"]}]}},"_links":{"self":[{"href":"https:\/\/kme.eu\/kme\/de\/wp-json\/wp\/v2\/product\/11796","targetHints":{"allow":["GET"]}}],"collection":[{"href":"https:\/\/kme.eu\/kme\/de\/wp-json\/wp\/v2\/product"}],"about":[{"href":"https:\/\/kme.eu\/kme\/de\/wp-json\/wp\/v2\/types\/product"}],"wp:featuredmedia":[{"embeddable":true,"href":"https:\/\/kme.eu\/kme\/de\/wp-json\/wp\/v2\/media\/11797"}],"wp:attachment":[{"href":"https:\/\/kme.eu\/kme\/de\/wp-json\/wp\/v2\/media?parent=11796"}],"wp:term":[{"taxonomy":"product_brand","embeddable":true,"href":"https:\/\/kme.eu\/kme\/de\/wp-json\/wp\/v2\/product_brand?post=11796"},{"taxonomy":"product_cat","embeddable":true,"href":"https:\/\/kme.eu\/kme\/de\/wp-json\/wp\/v2\/product_cat?post=11796"},{"taxonomy":"product_tag","embeddable":true,"href":"https:\/\/kme.eu\/kme\/de\/wp-json\/wp\/v2\/product_tag?post=11796"}],"curies":[{"name":"wp","href":"https:\/\/api.w.org\/{rel}","templated":true}]}}