{"id":11954,"date":"2020-07-14T14:47:52","date_gmt":"2020-07-14T12:47:52","guid":{"rendered":"https:\/\/kme.eu\/kme\/produkt\/elektronik-max\/"},"modified":"2024-06-27T11:55:06","modified_gmt":"2024-06-27T09:55:06","slug":"elektronik-max","status":"publish","type":"product","link":"https:\/\/kme.eu\/kme\/de\/produkt\/elektronik-max\/","title":{"rendered":"Elektronik MAX"},"content":{"rendered":"<h5><strong>Komponenten der <\/strong><b>Elektronik<\/b><\/h5>\n<ul>\n<li>Steuerger\u00e4t<\/li>\n<li>Grundb\u00fcndel<\/li>\n<li>Kraftstoffanzeige<\/li>\n<li>Anschlusszubeh\u00f6r<\/li>\n<li>Drucksensor<\/li>\n<li>Bedienfeld<\/li>\n<\/ul>\n<h5><strong>NEVO-SKY MAX<\/strong><\/h5>\n<p>Modernes System f\u00fcr Motoren mit INDIREKTER Benzineinspritzung. Ein System f\u00fcr anspruchsvolle Kunden mit M\u00f6glichkeit voller Aussch\u00f6pfung der OBD-Strategie des Benzinsteuerger\u00e4ts. Hat integrierte EPP-Emulatoren des Kraftstoffstandes und Kraftstoffdruckemulatoren.<\/p>\n<ul>\n<li id=\"_mcePaste\">as Steuerger\u00e4t KME NEVO-SKY MAX ist in der Variante Hyundai Genesis erh\u00e4ltlich, f\u00fcr den Motor 2.0T dediziert.<\/li>\n<li id=\"_mcePaste\">Das Steuerger\u00e4t KME NEVO-SKY MAX ist in der Variante RL, z.B. f\u00fcr Mitsubishi, erh\u00e4ltlich.<\/li>\n<li>Das Steuerger\u00e4t KME NEVO-SKY MAX MODEL2 ist in der Variante Hyundai Genesis, f\u00fcr den Motor 2.<\/li>\n<li>Das Steuerger\u00e4t KME NEVO-SKY MAX MODEL2 ist in der Variante RL, z.B. f\u00fcr Mitsubishi, erh\u00e4ltlich.<\/li>\n<\/ul>\n<h5><strong>AUTO-SETUP in 5 Schritten<\/strong><\/h5>\n<p>Zur Erleichterung der Installation und Kalibrierung haben die Steuerger\u00e4te aus der Familie <strong>NEVO-SKY<\/strong>die Funktion <strong>AUTO-SETUP<\/strong>, die auf einfache und schnelle Art und Weise hilft, die meisten Autos einzustellen<\/p>\n<p><img loading=\"lazy\" decoding=\"async\" class=\"alignnone wp-image-12006\" src=\"https:\/\/kme.eu\/kme\/wp-content\/uploads\/2020\/06\/5-krokow-300x91.jpg\" alt=\"\" width=\"705\" height=\"214\" srcset=\"https:\/\/kme.eu\/kme\/wp-content\/uploads\/2020\/06\/5-krokow-300x91.jpg 300w, https:\/\/kme.eu\/kme\/wp-content\/uploads\/2020\/06\/5-krokow-600x182.jpg 600w, https:\/\/kme.eu\/kme\/wp-content\/uploads\/2020\/06\/5-krokow-1024x310.jpg 1024w, https:\/\/kme.eu\/kme\/wp-content\/uploads\/2020\/06\/5-krokow-768x232.jpg 768w, https:\/\/kme.eu\/kme\/wp-content\/uploads\/2020\/06\/5-krokow.jpg 1147w\" sizes=\"auto, (max-width: 705px) 100vw, 705px\" \/><\/p>\n<h5><strong>EXPERTEN-SYSTEM SKY<\/strong><\/h5>\n<p>Die Familie <strong>NEVO-SKY<\/strong>, dzu der die Linie der Produkte <strong>JET<\/strong>geh\u00f6rt, arbeitet mit der Software <strong>NEVO-SKY<\/strong>, zusammen, die mit dem fortgeschrittenen <strong>EXPERTEN-SYSTEM SKY<\/strong> , das zur automatische Erkennung von Unregelm\u00e4\u00dfigkeiten in den Einstellungen und im Betrieb des Gassystems dient, ausgestattet wurde. Dieses System generiert Hinweise\/Warnungen und schl\u00e4gt L\u00f6sungen vor Jede Warnung l\u00f6st ein akustisches Signal aus, damit das Vorkommen des gegebenen Hinweises nicht verpasst wird. Mit jeder neuen Ausgabe wir die Wissensbasis des <strong>EXPERTEN-SYSTEMS<\/strong><strong>SKY <\/strong>erweitert, um die Kalibrierung der Fahrzeuge besser zu unterst\u00fctzen.<\/p>\n<div class=\"sdm_download_button_box_default\"><div class=\"sdm_download_link\"><a href=\"https:\/\/kme.eu\/kme\/de\/\/?sdm_process_download=1&download_id=7664\" class=\"sdm_download orange\" title=\"Oprogramowanie NEVO-SKY 5.0.4.1\" >Pobierz program<\/a><\/div><\/div> <div class=\"sdm_download_button_box_default\"><div class=\"sdm_download_link\"><a href=\"https:\/\/kme.eu\/kme\/de\/\/?sdm_process_download=1&download_id=8971\" class=\"sdm_download orange\" title=\"Schemat pod\u0142\u0105czania sterownika MAX\" target=&quot;_blank&quot;>Pobierz schemat pod\u0142\u0105czenia NEVO-SKY MAX 4 cyl.<\/a><\/div><\/div><br \/>\n<script>\n   $(window).on('load', function(){\n      $(\".sdm_download\").each(function( index, element ){\n         console.log($(this));\n         $(this).attr('target','_blank');\n      });\n   });\n<\/script><\/p>\n","protected":false},"excerpt":{"rendered":"<p>Modernes System f\u00fcr Motoren mit INDIREKTER Benzineinspritzung. Ein System f\u00fcr anspruchsvolle Kunden mit M\u00f6glichkeit voller Aussch\u00f6pfung der OBD-Strategie des Benzinsteuerger\u00e4ts. Hat integrierte EPP-Emulatoren des Kraftstoffstandes und Kraftstoffdruckemulatoren.<\/p>\n","protected":false},"featured_media":17765,"template":"","meta":[],"product_brand":[],"product_cat":[592041],"product_tag":[592138,592506,592502],"class_list":{"0":"post-11954","1":"product","2":"type-product","3":"status-publish","4":"has-post-thumbnail","6":"product_cat-elektronik","7":"product_tag-direkteinspritzung","8":"product_tag-max-de","9":"product_tag-nevo-sky-de","11":"first","12":"instock","13":"shipping-taxable","14":"product-type-simple"},"acf":[],"yoast_head":"<!-- This site is optimized with the Yoast SEO plugin v27.4 - https:\/\/yoast.com\/product\/yoast-seo-wordpress\/ -->\n<title>Elektronik MAX - KME<\/title>\n<meta name=\"robots\" content=\"index, follow, max-snippet:-1, max-image-preview:large, max-video-preview:-1\" \/>\n<link rel=\"canonical\" href=\"https:\/\/kme.eu\/kme\/de\/produkt\/elektronik-max\/\" \/>\n<meta property=\"og:locale\" content=\"de_DE\" \/>\n<meta property=\"og:type\" content=\"article\" \/>\n<meta property=\"og:title\" content=\"Elektronik MAX - KME\" \/>\n<meta property=\"og:description\" content=\"Modernes System f\u00fcr Motoren mit INDIREKTER Benzineinspritzung. Ein System f\u00fcr anspruchsvolle Kunden mit M\u00f6glichkeit voller Aussch\u00f6pfung der OBD-Strategie des Benzinsteuerger\u00e4ts. Hat integrierte EPP-Emulatoren des Kraftstoffstandes und Kraftstoffdruckemulatoren.\" \/>\n<meta property=\"og:url\" content=\"https:\/\/kme.eu\/kme\/de\/produkt\/elektronik-max\/\" \/>\n<meta property=\"og:site_name\" content=\"KME\" \/>\n<meta property=\"article:publisher\" content=\"https:\/\/www.facebook.com\/KME.LPG\/\" \/>\n<meta property=\"article:modified_time\" content=\"2024-06-27T09:55:06+00:00\" \/>\n<meta property=\"og:image\" content=\"https:\/\/kme.eu\/kme\/wp-content\/uploads\/2024\/03\/Elektronika_NS_MAX_model2.jpg\" \/>\n\t<meta property=\"og:image:width\" content=\"800\" \/>\n\t<meta property=\"og:image:height\" content=\"900\" \/>\n\t<meta property=\"og:image:type\" content=\"image\/jpeg\" \/>\n<meta name=\"twitter:card\" content=\"summary_large_image\" \/>\n<meta name=\"twitter:label1\" content=\"Gesch\u00e4tzte Lesezeit\" \/>\n\t<meta name=\"twitter:data1\" content=\"2\u00a0Minuten\" \/>\n<script type=\"application\/ld+json\" class=\"yoast-schema-graph\">{\"@context\":\"https:\\\/\\\/schema.org\",\"@graph\":[{\"@type\":\"WebPage\",\"@id\":\"https:\\\/\\\/kme.eu\\\/kme\\\/de\\\/produkt\\\/elektronik-max\\\/\",\"url\":\"https:\\\/\\\/kme.eu\\\/kme\\\/de\\\/produkt\\\/elektronik-max\\\/\",\"name\":\"Elektronik MAX - KME\",\"isPartOf\":{\"@id\":\"https:\\\/\\\/kme.eu\\\/kme\\\/de\\\/#website\"},\"primaryImageOfPage\":{\"@id\":\"https:\\\/\\\/kme.eu\\\/kme\\\/de\\\/produkt\\\/elektronik-max\\\/#primaryimage\"},\"image\":{\"@id\":\"https:\\\/\\\/kme.eu\\\/kme\\\/de\\\/produkt\\\/elektronik-max\\\/#primaryimage\"},\"thumbnailUrl\":\"https:\\\/\\\/kme.eu\\\/kme\\\/wp-content\\\/uploads\\\/2024\\\/03\\\/Elektronika_NS_MAX_model2.jpg\",\"datePublished\":\"2020-07-14T12:47:52+00:00\",\"dateModified\":\"2024-06-27T09:55:06+00:00\",\"breadcrumb\":{\"@id\":\"https:\\\/\\\/kme.eu\\\/kme\\\/de\\\/produkt\\\/elektronik-max\\\/#breadcrumb\"},\"inLanguage\":\"de\",\"potentialAction\":[{\"@type\":\"ReadAction\",\"target\":[\"https:\\\/\\\/kme.eu\\\/kme\\\/de\\\/produkt\\\/elektronik-max\\\/\"]}]},{\"@type\":\"ImageObject\",\"inLanguage\":\"de\",\"@id\":\"https:\\\/\\\/kme.eu\\\/kme\\\/de\\\/produkt\\\/elektronik-max\\\/#primaryimage\",\"url\":\"https:\\\/\\\/kme.eu\\\/kme\\\/wp-content\\\/uploads\\\/2024\\\/03\\\/Elektronika_NS_MAX_model2.jpg\",\"contentUrl\":\"https:\\\/\\\/kme.eu\\\/kme\\\/wp-content\\\/uploads\\\/2024\\\/03\\\/Elektronika_NS_MAX_model2.jpg\",\"width\":800,\"height\":900},{\"@type\":\"BreadcrumbList\",\"@id\":\"https:\\\/\\\/kme.eu\\\/kme\\\/de\\\/produkt\\\/elektronik-max\\\/#breadcrumb\",\"itemListElement\":[{\"@type\":\"ListItem\",\"position\":1,\"name\":\"Strona g\u0142\u00f3wna\",\"item\":\"https:\\\/\\\/kme.eu\\\/kme\\\/de\\\/\"},{\"@type\":\"ListItem\",\"position\":2,\"name\":\"Produkte\",\"item\":\"https:\\\/\\\/kme.eu\\\/kme\\\/de\\\/shop\\\/\"},{\"@type\":\"ListItem\",\"position\":3,\"name\":\"Elektronik MAX\"}]},{\"@type\":\"WebSite\",\"@id\":\"https:\\\/\\\/kme.eu\\\/kme\\\/de\\\/#website\",\"url\":\"https:\\\/\\\/kme.eu\\\/kme\\\/de\\\/\",\"name\":\"KME\",\"description\":\"Autogas Systems\",\"publisher\":{\"@id\":\"https:\\\/\\\/kme.eu\\\/kme\\\/de\\\/#organization\"},\"potentialAction\":[{\"@type\":\"SearchAction\",\"target\":{\"@type\":\"EntryPoint\",\"urlTemplate\":\"https:\\\/\\\/kme.eu\\\/kme\\\/de\\\/?s={search_term_string}\"},\"query-input\":{\"@type\":\"PropertyValueSpecification\",\"valueRequired\":true,\"valueName\":\"search_term_string\"}}],\"inLanguage\":\"de\"},{\"@type\":\"Organization\",\"@id\":\"https:\\\/\\\/kme.eu\\\/kme\\\/de\\\/#organization\",\"name\":\"KME\",\"url\":\"https:\\\/\\\/kme.eu\\\/kme\\\/de\\\/\",\"logo\":{\"@type\":\"ImageObject\",\"inLanguage\":\"de\",\"@id\":\"https:\\\/\\\/kme.eu\\\/kme\\\/de\\\/#\\\/schema\\\/logo\\\/image\\\/\",\"url\":\"https:\\\/\\\/kme.eu\\\/kme\\\/wp-content\\\/uploads\\\/2020\\\/04\\\/logo_KME_RGB_small_200px.png\",\"contentUrl\":\"https:\\\/\\\/kme.eu\\\/kme\\\/wp-content\\\/uploads\\\/2020\\\/04\\\/logo_KME_RGB_small_200px.png\",\"width\":272,\"height\":200,\"caption\":\"KME\"},\"image\":{\"@id\":\"https:\\\/\\\/kme.eu\\\/kme\\\/de\\\/#\\\/schema\\\/logo\\\/image\\\/\"},\"sameAs\":[\"https:\\\/\\\/www.facebook.com\\\/KME.LPG\\\/\",\"https:\\\/\\\/www.instagram.com\\\/kme_lpg\\\/\"]}]}<\/script>\n<!-- \/ Yoast SEO plugin. -->","yoast_head_json":{"title":"Elektronik MAX - KME","robots":{"index":"index","follow":"follow","max-snippet":"max-snippet:-1","max-image-preview":"max-image-preview:large","max-video-preview":"max-video-preview:-1"},"canonical":"https:\/\/kme.eu\/kme\/de\/produkt\/elektronik-max\/","og_locale":"de_DE","og_type":"article","og_title":"Elektronik MAX - KME","og_description":"Modernes System f\u00fcr Motoren mit INDIREKTER Benzineinspritzung. Ein System f\u00fcr anspruchsvolle Kunden mit M\u00f6glichkeit voller Aussch\u00f6pfung der OBD-Strategie des Benzinsteuerger\u00e4ts. Hat integrierte EPP-Emulatoren des Kraftstoffstandes und Kraftstoffdruckemulatoren.","og_url":"https:\/\/kme.eu\/kme\/de\/produkt\/elektronik-max\/","og_site_name":"KME","article_publisher":"https:\/\/www.facebook.com\/KME.LPG\/","article_modified_time":"2024-06-27T09:55:06+00:00","og_image":[{"width":800,"height":900,"url":"https:\/\/kme.eu\/kme\/wp-content\/uploads\/2024\/03\/Elektronika_NS_MAX_model2.jpg","type":"image\/jpeg"}],"twitter_card":"summary_large_image","twitter_misc":{"Gesch\u00e4tzte Lesezeit":"2\u00a0Minuten"},"schema":{"@context":"https:\/\/schema.org","@graph":[{"@type":"WebPage","@id":"https:\/\/kme.eu\/kme\/de\/produkt\/elektronik-max\/","url":"https:\/\/kme.eu\/kme\/de\/produkt\/elektronik-max\/","name":"Elektronik MAX - KME","isPartOf":{"@id":"https:\/\/kme.eu\/kme\/de\/#website"},"primaryImageOfPage":{"@id":"https:\/\/kme.eu\/kme\/de\/produkt\/elektronik-max\/#primaryimage"},"image":{"@id":"https:\/\/kme.eu\/kme\/de\/produkt\/elektronik-max\/#primaryimage"},"thumbnailUrl":"https:\/\/kme.eu\/kme\/wp-content\/uploads\/2024\/03\/Elektronika_NS_MAX_model2.jpg","datePublished":"2020-07-14T12:47:52+00:00","dateModified":"2024-06-27T09:55:06+00:00","breadcrumb":{"@id":"https:\/\/kme.eu\/kme\/de\/produkt\/elektronik-max\/#breadcrumb"},"inLanguage":"de","potentialAction":[{"@type":"ReadAction","target":["https:\/\/kme.eu\/kme\/de\/produkt\/elektronik-max\/"]}]},{"@type":"ImageObject","inLanguage":"de","@id":"https:\/\/kme.eu\/kme\/de\/produkt\/elektronik-max\/#primaryimage","url":"https:\/\/kme.eu\/kme\/wp-content\/uploads\/2024\/03\/Elektronika_NS_MAX_model2.jpg","contentUrl":"https:\/\/kme.eu\/kme\/wp-content\/uploads\/2024\/03\/Elektronika_NS_MAX_model2.jpg","width":800,"height":900},{"@type":"BreadcrumbList","@id":"https:\/\/kme.eu\/kme\/de\/produkt\/elektronik-max\/#breadcrumb","itemListElement":[{"@type":"ListItem","position":1,"name":"Strona g\u0142\u00f3wna","item":"https:\/\/kme.eu\/kme\/de\/"},{"@type":"ListItem","position":2,"name":"Produkte","item":"https:\/\/kme.eu\/kme\/de\/shop\/"},{"@type":"ListItem","position":3,"name":"Elektronik MAX"}]},{"@type":"WebSite","@id":"https:\/\/kme.eu\/kme\/de\/#website","url":"https:\/\/kme.eu\/kme\/de\/","name":"KME","description":"Autogas Systems","publisher":{"@id":"https:\/\/kme.eu\/kme\/de\/#organization"},"potentialAction":[{"@type":"SearchAction","target":{"@type":"EntryPoint","urlTemplate":"https:\/\/kme.eu\/kme\/de\/?s={search_term_string}"},"query-input":{"@type":"PropertyValueSpecification","valueRequired":true,"valueName":"search_term_string"}}],"inLanguage":"de"},{"@type":"Organization","@id":"https:\/\/kme.eu\/kme\/de\/#organization","name":"KME","url":"https:\/\/kme.eu\/kme\/de\/","logo":{"@type":"ImageObject","inLanguage":"de","@id":"https:\/\/kme.eu\/kme\/de\/#\/schema\/logo\/image\/","url":"https:\/\/kme.eu\/kme\/wp-content\/uploads\/2020\/04\/logo_KME_RGB_small_200px.png","contentUrl":"https:\/\/kme.eu\/kme\/wp-content\/uploads\/2020\/04\/logo_KME_RGB_small_200px.png","width":272,"height":200,"caption":"KME"},"image":{"@id":"https:\/\/kme.eu\/kme\/de\/#\/schema\/logo\/image\/"},"sameAs":["https:\/\/www.facebook.com\/KME.LPG\/","https:\/\/www.instagram.com\/kme_lpg\/"]}]}},"_links":{"self":[{"href":"https:\/\/kme.eu\/kme\/de\/wp-json\/wp\/v2\/product\/11954","targetHints":{"allow":["GET"]}}],"collection":[{"href":"https:\/\/kme.eu\/kme\/de\/wp-json\/wp\/v2\/product"}],"about":[{"href":"https:\/\/kme.eu\/kme\/de\/wp-json\/wp\/v2\/types\/product"}],"wp:featuredmedia":[{"embeddable":true,"href":"https:\/\/kme.eu\/kme\/de\/wp-json\/wp\/v2\/media\/17765"}],"wp:attachment":[{"href":"https:\/\/kme.eu\/kme\/de\/wp-json\/wp\/v2\/media?parent=11954"}],"wp:term":[{"taxonomy":"product_brand","embeddable":true,"href":"https:\/\/kme.eu\/kme\/de\/wp-json\/wp\/v2\/product_brand?post=11954"},{"taxonomy":"product_cat","embeddable":true,"href":"https:\/\/kme.eu\/kme\/de\/wp-json\/wp\/v2\/product_cat?post=11954"},{"taxonomy":"product_tag","embeddable":true,"href":"https:\/\/kme.eu\/kme\/de\/wp-json\/wp\/v2\/product_tag?post=11954"}],"curies":[{"name":"wp","href":"https:\/\/api.w.org\/{rel}","templated":true}]}}