{"id":12019,"date":"2020-06-10T10:08:01","date_gmt":"2021-05-26T14:08:34","guid":{"rendered":"https:\/\/kme.eu\/kme\/produkt\/injektor-fenix-verteiler-3\/"},"modified":"2021-06-07T13:21:50","modified_gmt":"2021-06-07T11:21:50","slug":"injektor-fenix-verteiler-3","status":"publish","type":"product","link":"https:\/\/kme.eu\/kme\/de\/produkt\/injektor-fenix-verteiler-3\/","title":{"rendered":"Injektor FENIX-Verteiler 3"},"content":{"rendered":"<div id=\"_mcePaste\">Die <strong>KME FENIX-<\/strong>Injektoren zeichnen sich durch <strong>hohe Stabilit\u00e4t des Gasrurchflusses<\/strong>aus. Sie zeichnen sich durch eine hohe Verarbeitungsqualit\u00e4t aus, was strenge Kontrolle der Parameter w\u00e4hrend der Produktion und sorgf\u00e4ltige Wahl der verwendeten Materialien garantiert. Breites Spektrum an Konfigurationen der Injektoren und vertikale<\/div>\n<div id=\"_mcePaste\">Versorgung bietet den Monteuren gro\u00dfe M\u00f6glichkeiten hinsichtlich Auswahl und Anordnung unter der Motorhaube des Fahrzeugs. Die FENIX-Injektoren sind in 1-, 2-, 3- und 4-Zylinder-Varianten erh\u00e4ltlich. Das Produkt hat Dichtungen aus Fluor-Kautschuk-Mischungen (FKM) und moderne Fluorpolymer Gleitbeschichtungen<\/div>\n<div id=\"_mcePaste\">(antihaftend und frostgesch\u00fctzt), die sie extrem haltbar gegen Kraftstoffverunreinigungen und niedrige Temperaturen machen. Der Injektor hat eine standardm\u00e4\u00dfige 2-polige Superseal-Steckverbindung. <strong>Die KME FENIX-Injektoren <\/strong>zeichnen sich durch hohe Stabilit\u00e4t des Gasrurchflusses aus. Sie zeichnen sich durch eine hohe Verarbeitungsqualit\u00e4t aus, die durch Strenge <strong>Parameterkontrolle <\/strong>w\u00e4hrend der Produktion und sorgf\u00e4ltige Wahl der verwendeten Materialien garantiert wird. Breites Spektrum der Konfiguration der Einspritzd\u00fcsen und ihre vertikale Versorgung bietet den Monteure gro\u00dfe M\u00f6glichkeiten hinsichtlich Wahl und Anordnung unter der Motorhaube des Fahrzeugs. Die FENIX-Injektoren sind in 1-, 2-, 3- und 4-Zylinder-Varianten erh\u00e4ltlich.<\/div>\n<p>Das Produkt hat <strong>Dichtungen aus Fluor-Kautschuk-Mischungen <\/strong>(FKM) und moderne Fluorpolymer Gleitbeschichtungen(antihaftend und frostgesch\u00fctzt), die sie extrem <strong>haltbar gegen Kraftstoffverunreinigungen und niedrige Temperaturen<\/strong>machen.<\/p>\n<p>&nbsp;<\/p>\n<div class=\"sdm_download_button_box_default\"><div class=\"sdm_download_link\"><a href=\"https:\/\/kme.eu\/kme\/de\/\/?sdm_process_download=1&download_id=7715\" class=\"sdm_download orange\" title=\"Wtryskiwacze FENIX &#8211; karta produktu\" target=&quot;_blank&quot;>Karta produktu<\/a><\/div><\/div><br \/>\n<script>\n   $(window).on('load', function(){\n      $(\".sdm_download\").each(function( index, element ){\n         console.log($(this));\n         $(this).attr('target','_blank');\n      });\n   });\n<\/script><\/p>\n","protected":false},"excerpt":{"rendered":"<p>Die <strong>KME FENIX-<\/strong>Injektoren zeichnen sich durch <strong>hohe Stabilit\u00e4t des Gasrurchflusses<\/strong>aus. Sie zeichnen sich durch eine hohe Verarbeitungsqualit\u00e4t aus, was strenge Kontrolle der Parameter w\u00e4hrend der Produktion und sorgf\u00e4ltige Wahl der verwendeten Materialien garantiert.<\/p>\n","protected":false},"featured_media":0,"template":"","meta":[],"product_brand":[],"product_cat":[592075],"product_tag":[],"class_list":{"0":"post-12019","1":"product","2":"type-product","3":"status-publish","5":"product_cat-injektoren","6":"pa_max-cisnienie-pracy-45-bar-de","7":"pa_max-moc-65-km-de","8":"pa_max-prad-otwarcia-6-a-de","9":"pa_max-prad-podtrzymania-2-a-de","10":"pa_napiecie-zasilania-12-bis-16-v-de","11":"pa_opoznienie-otwarcia-170-ms-de","12":"pa_powloka-fluorpolymer","13":"pa_rezystancja-cewki-19-ohm-5-de","14":"pa_wersje-wykonania-1-2-3-4-cylindry-de","15":"pa_zlacze-superseal-de","17":"first","18":"instock","19":"shipping-taxable","20":"product-type-simple"},"acf":[],"yoast_head":"<!-- This site is optimized with the Yoast SEO plugin v27.4 - https:\/\/yoast.com\/product\/yoast-seo-wordpress\/ -->\n<title>Injektor FENIX-Verteiler 3 - KME<\/title>\n<meta name=\"robots\" content=\"index, follow, max-snippet:-1, max-image-preview:large, max-video-preview:-1\" \/>\n<link rel=\"canonical\" href=\"https:\/\/kme.eu\/kme\/de\/produkt\/injektor-fenix-verteiler-3\/\" \/>\n<meta property=\"og:locale\" content=\"de_DE\" \/>\n<meta property=\"og:type\" content=\"article\" \/>\n<meta property=\"og:title\" content=\"Injektor FENIX-Verteiler 3 - KME\" \/>\n<meta property=\"og:description\" content=\"Die KME FENIX-Injektoren zeichnen sich durch hohe Stabilit\u00e4t des Gasrurchflussesaus. Sie zeichnen sich durch eine hohe Verarbeitungsqualit\u00e4t aus, was strenge Kontrolle der Parameter w\u00e4hrend der Produktion und sorgf\u00e4ltige Wahl der verwendeten Materialien garantiert.\" \/>\n<meta property=\"og:url\" content=\"https:\/\/kme.eu\/kme\/de\/produkt\/injektor-fenix-verteiler-3\/\" \/>\n<meta property=\"og:site_name\" content=\"KME\" \/>\n<meta property=\"article:publisher\" content=\"https:\/\/www.facebook.com\/KME.LPG\/\" \/>\n<meta property=\"article:modified_time\" content=\"2021-06-07T11:21:50+00:00\" \/>\n<meta name=\"twitter:card\" content=\"summary_large_image\" \/>\n<meta name=\"twitter:label1\" content=\"Gesch\u00e4tzte Lesezeit\" \/>\n\t<meta name=\"twitter:data1\" content=\"1\u00a0Minute\" \/>\n<script type=\"application\/ld+json\" class=\"yoast-schema-graph\">{\"@context\":\"https:\\\/\\\/schema.org\",\"@graph\":[{\"@type\":\"WebPage\",\"@id\":\"https:\\\/\\\/kme.eu\\\/kme\\\/de\\\/produkt\\\/injektor-fenix-verteiler-3\\\/\",\"url\":\"https:\\\/\\\/kme.eu\\\/kme\\\/de\\\/produkt\\\/injektor-fenix-verteiler-3\\\/\",\"name\":\"Injektor FENIX-Verteiler 3 - KME\",\"isPartOf\":{\"@id\":\"https:\\\/\\\/kme.eu\\\/kme\\\/de\\\/#website\"},\"datePublished\":\"2021-05-26T14:08:34+00:00\",\"dateModified\":\"2021-06-07T11:21:50+00:00\",\"breadcrumb\":{\"@id\":\"https:\\\/\\\/kme.eu\\\/kme\\\/de\\\/produkt\\\/injektor-fenix-verteiler-3\\\/#breadcrumb\"},\"inLanguage\":\"de\",\"potentialAction\":[{\"@type\":\"ReadAction\",\"target\":[\"https:\\\/\\\/kme.eu\\\/kme\\\/de\\\/produkt\\\/injektor-fenix-verteiler-3\\\/\"]}]},{\"@type\":\"BreadcrumbList\",\"@id\":\"https:\\\/\\\/kme.eu\\\/kme\\\/de\\\/produkt\\\/injektor-fenix-verteiler-3\\\/#breadcrumb\",\"itemListElement\":[{\"@type\":\"ListItem\",\"position\":1,\"name\":\"Strona g\u0142\u00f3wna\",\"item\":\"https:\\\/\\\/kme.eu\\\/kme\\\/de\\\/\"},{\"@type\":\"ListItem\",\"position\":2,\"name\":\"Produkte\",\"item\":\"https:\\\/\\\/kme.eu\\\/kme\\\/de\\\/shop\\\/\"},{\"@type\":\"ListItem\",\"position\":3,\"name\":\"Injektor FENIX-Verteiler 3\"}]},{\"@type\":\"WebSite\",\"@id\":\"https:\\\/\\\/kme.eu\\\/kme\\\/de\\\/#website\",\"url\":\"https:\\\/\\\/kme.eu\\\/kme\\\/de\\\/\",\"name\":\"KME\",\"description\":\"Autogas Systems\",\"publisher\":{\"@id\":\"https:\\\/\\\/kme.eu\\\/kme\\\/de\\\/#organization\"},\"potentialAction\":[{\"@type\":\"SearchAction\",\"target\":{\"@type\":\"EntryPoint\",\"urlTemplate\":\"https:\\\/\\\/kme.eu\\\/kme\\\/de\\\/?s={search_term_string}\"},\"query-input\":{\"@type\":\"PropertyValueSpecification\",\"valueRequired\":true,\"valueName\":\"search_term_string\"}}],\"inLanguage\":\"de\"},{\"@type\":\"Organization\",\"@id\":\"https:\\\/\\\/kme.eu\\\/kme\\\/de\\\/#organization\",\"name\":\"KME\",\"url\":\"https:\\\/\\\/kme.eu\\\/kme\\\/de\\\/\",\"logo\":{\"@type\":\"ImageObject\",\"inLanguage\":\"de\",\"@id\":\"https:\\\/\\\/kme.eu\\\/kme\\\/de\\\/#\\\/schema\\\/logo\\\/image\\\/\",\"url\":\"https:\\\/\\\/kme.eu\\\/kme\\\/wp-content\\\/uploads\\\/2020\\\/04\\\/logo_KME_RGB_small_200px.png\",\"contentUrl\":\"https:\\\/\\\/kme.eu\\\/kme\\\/wp-content\\\/uploads\\\/2020\\\/04\\\/logo_KME_RGB_small_200px.png\",\"width\":272,\"height\":200,\"caption\":\"KME\"},\"image\":{\"@id\":\"https:\\\/\\\/kme.eu\\\/kme\\\/de\\\/#\\\/schema\\\/logo\\\/image\\\/\"},\"sameAs\":[\"https:\\\/\\\/www.facebook.com\\\/KME.LPG\\\/\",\"https:\\\/\\\/www.instagram.com\\\/kme_lpg\\\/\"]}]}<\/script>\n<!-- \/ Yoast SEO plugin. -->","yoast_head_json":{"title":"Injektor FENIX-Verteiler 3 - KME","robots":{"index":"index","follow":"follow","max-snippet":"max-snippet:-1","max-image-preview":"max-image-preview:large","max-video-preview":"max-video-preview:-1"},"canonical":"https:\/\/kme.eu\/kme\/de\/produkt\/injektor-fenix-verteiler-3\/","og_locale":"de_DE","og_type":"article","og_title":"Injektor FENIX-Verteiler 3 - KME","og_description":"Die KME FENIX-Injektoren zeichnen sich durch hohe Stabilit\u00e4t des Gasrurchflussesaus. Sie zeichnen sich durch eine hohe Verarbeitungsqualit\u00e4t aus, was strenge Kontrolle der Parameter w\u00e4hrend der Produktion und sorgf\u00e4ltige Wahl der verwendeten Materialien garantiert.","og_url":"https:\/\/kme.eu\/kme\/de\/produkt\/injektor-fenix-verteiler-3\/","og_site_name":"KME","article_publisher":"https:\/\/www.facebook.com\/KME.LPG\/","article_modified_time":"2021-06-07T11:21:50+00:00","twitter_card":"summary_large_image","twitter_misc":{"Gesch\u00e4tzte Lesezeit":"1\u00a0Minute"},"schema":{"@context":"https:\/\/schema.org","@graph":[{"@type":"WebPage","@id":"https:\/\/kme.eu\/kme\/de\/produkt\/injektor-fenix-verteiler-3\/","url":"https:\/\/kme.eu\/kme\/de\/produkt\/injektor-fenix-verteiler-3\/","name":"Injektor FENIX-Verteiler 3 - KME","isPartOf":{"@id":"https:\/\/kme.eu\/kme\/de\/#website"},"datePublished":"2021-05-26T14:08:34+00:00","dateModified":"2021-06-07T11:21:50+00:00","breadcrumb":{"@id":"https:\/\/kme.eu\/kme\/de\/produkt\/injektor-fenix-verteiler-3\/#breadcrumb"},"inLanguage":"de","potentialAction":[{"@type":"ReadAction","target":["https:\/\/kme.eu\/kme\/de\/produkt\/injektor-fenix-verteiler-3\/"]}]},{"@type":"BreadcrumbList","@id":"https:\/\/kme.eu\/kme\/de\/produkt\/injektor-fenix-verteiler-3\/#breadcrumb","itemListElement":[{"@type":"ListItem","position":1,"name":"Strona g\u0142\u00f3wna","item":"https:\/\/kme.eu\/kme\/de\/"},{"@type":"ListItem","position":2,"name":"Produkte","item":"https:\/\/kme.eu\/kme\/de\/shop\/"},{"@type":"ListItem","position":3,"name":"Injektor FENIX-Verteiler 3"}]},{"@type":"WebSite","@id":"https:\/\/kme.eu\/kme\/de\/#website","url":"https:\/\/kme.eu\/kme\/de\/","name":"KME","description":"Autogas Systems","publisher":{"@id":"https:\/\/kme.eu\/kme\/de\/#organization"},"potentialAction":[{"@type":"SearchAction","target":{"@type":"EntryPoint","urlTemplate":"https:\/\/kme.eu\/kme\/de\/?s={search_term_string}"},"query-input":{"@type":"PropertyValueSpecification","valueRequired":true,"valueName":"search_term_string"}}],"inLanguage":"de"},{"@type":"Organization","@id":"https:\/\/kme.eu\/kme\/de\/#organization","name":"KME","url":"https:\/\/kme.eu\/kme\/de\/","logo":{"@type":"ImageObject","inLanguage":"de","@id":"https:\/\/kme.eu\/kme\/de\/#\/schema\/logo\/image\/","url":"https:\/\/kme.eu\/kme\/wp-content\/uploads\/2020\/04\/logo_KME_RGB_small_200px.png","contentUrl":"https:\/\/kme.eu\/kme\/wp-content\/uploads\/2020\/04\/logo_KME_RGB_small_200px.png","width":272,"height":200,"caption":"KME"},"image":{"@id":"https:\/\/kme.eu\/kme\/de\/#\/schema\/logo\/image\/"},"sameAs":["https:\/\/www.facebook.com\/KME.LPG\/","https:\/\/www.instagram.com\/kme_lpg\/"]}]}},"_links":{"self":[{"href":"https:\/\/kme.eu\/kme\/de\/wp-json\/wp\/v2\/product\/12019","targetHints":{"allow":["GET"]}}],"collection":[{"href":"https:\/\/kme.eu\/kme\/de\/wp-json\/wp\/v2\/product"}],"about":[{"href":"https:\/\/kme.eu\/kme\/de\/wp-json\/wp\/v2\/types\/product"}],"wp:attachment":[{"href":"https:\/\/kme.eu\/kme\/de\/wp-json\/wp\/v2\/media?parent=12019"}],"wp:term":[{"taxonomy":"product_brand","embeddable":true,"href":"https:\/\/kme.eu\/kme\/de\/wp-json\/wp\/v2\/product_brand?post=12019"},{"taxonomy":"product_cat","embeddable":true,"href":"https:\/\/kme.eu\/kme\/de\/wp-json\/wp\/v2\/product_cat?post=12019"},{"taxonomy":"product_tag","embeddable":true,"href":"https:\/\/kme.eu\/kme\/de\/wp-json\/wp\/v2\/product_tag?post=12019"}],"curies":[{"name":"wp","href":"https:\/\/api.w.org\/{rel}","templated":true}]}}