{"id":12576,"date":"2020-06-10T11:29:17","date_gmt":"2020-06-10T09:29:17","guid":{"rendered":"https:\/\/kme.eu\/kme\/produkt\/injektor-fenix-t-stuck-4\/"},"modified":"2022-02-11T12:52:31","modified_gmt":"2022-02-11T11:52:31","slug":"injektor-fenix-t-stuck-4","status":"publish","type":"product","link":"https:\/\/kme.eu\/kme\/de\/produkt\/injektor-fenix-t-stuck-4\/","title":{"rendered":"Injektor FENIX-T-St\u00fcck 4"},"content":{"rendered":"<div style=\"height: 5px; border-top: thin solid #ebbe4f;\"><\/div>\n<div style=\"margin-top: 30px; height: 100px;\"><a href=\"https:\/\/kme.eu\/kme\/wp-content\/uploads\/2021\/01\/wtryskiwacze_ikona_bezpieczenstwo-1.png\"><img loading=\"lazy\" decoding=\"async\" class=\"alignnone wp-image-12562 size-full\" src=\"https:\/\/kme.eu\/kme\/wp-content\/uploads\/2021\/01\/wtryskiwacze_ikona_bezpieczenstwo-1.png\" alt=\"\" width=\"101\" height=\"100\" \/><\/a><\/div>\n<div style=\"margin-top: 30px;\">Der Vorteil von FENIX-Injektoren sind ihre Geschwindigkeit und <strong>kurze Zeiten stabiler \u00d6ffnung\u200b12<\/strong>. Sie zeichnen sich auch durch gro\u00dfe <strong>Stabilit\u00e4t der Gasdurchflusses<\/strong> und genaue Dosierung unter dynamischen Bedingungen aus.<br \/>\nunter dynamischen Bedingungen aus. Es ist, aufgrund ihrer Dynamik, besonders wichtig f\u00fcr Systeme mit Direkteinspritzung.<br \/>\nUm hohe Qualit\u00e4t der Injektoren zu gew\u00e4hrleisten, implementierte KME als Hersteller komplexer Autogasl\u00f6sungen geeignete Mechanismen der Parameterkontrolle und sorgte gleichzeitig um Wahl geeigneter Materialien.<\/div>\n<div><\/div>\n<div style=\"margin-top: 30px; height: 100px;\">\n<div style=\"float: left; margin-right: 20px;\"><a href=\"https:\/\/kme.eu\/kme\/wp-content\/uploads\/2021\/01\/wtryskiwacze_ikona_odpornosc-1.png\"><img loading=\"lazy\" decoding=\"async\" class=\"alignnone wp-image-12564 size-full\" src=\"https:\/\/kme.eu\/kme\/wp-content\/uploads\/2021\/01\/wtryskiwacze_ikona_odpornosc-1.png\" alt=\"\" width=\"101\" height=\"100\" \/><\/a><\/div>\n<div style=\"float: left;\"><a href=\"https:\/\/kme.eu\/kme\/wp-content\/uploads\/2021\/01\/wtryskiwacze_ikona_temperatura-1.png\"><img loading=\"lazy\" decoding=\"async\" class=\"alignnone wp-image-12566 size-full\" src=\"https:\/\/kme.eu\/kme\/wp-content\/uploads\/2021\/01\/wtryskiwacze_ikona_temperatura-1.png\" alt=\"\" width=\"101\" height=\"100\" \/><\/a><\/div>\n<\/div>\n<div style=\"margin-top: 30px; clear: left;\">Produkt zawiera uszczelnienia <strong>z mieszanek fluorokauczukowych<\/strong> (FKM) oraz nowoczesne fluoropolimerowe pow\u0142oki \u015blizgowe (non-stick i anti-freeze), kt\u00f3re sprawiaj\u0105, \u017ce jest on wyj\u0105tkowo <strong>odporny na zanieczyszczenia paliwa i niskie temperatury<\/strong>. Der Injektor hat eine standardm\u00e4\u00dfige 2-polige Superseal-Steckverbindung.<\/div>\n<div><\/div>\n<div style=\"margin-top: 30px; height: 100px;\"><a href=\"https:\/\/kme.eu\/kme\/wp-content\/uploads\/2021\/01\/wtryskiwacze_ikona_montaz-1.png\"><img loading=\"lazy\" decoding=\"async\" class=\"alignnone wp-image-12568 size-full\" src=\"https:\/\/kme.eu\/kme\/wp-content\/uploads\/2021\/01\/wtryskiwacze_ikona_montaz-1.png\" alt=\"\" width=\"101\" height=\"100\" \/><\/a><\/div>\n<div style=\"margin-top: 30px;\">Zur Montage der FENIX-Injektoren kann man sowohl \u200b<strong>Verteiler<\/strong> \u200b\u200b, als auch dedizierte \u200b38\u200b <strong>B\u00f6gen\u200b<\/strong> und \u200b<strong>T-St\u00fccke<\/strong>\u200b verwenden. Es ist eine gro\u00dfe <strong>Vereinfachung<\/strong>\u200b f\u00fcr den Monteur, weil es\u200b <strong>einfache Montage<\/strong>\u200b des Injektors auch an schwer zug\u00e4nglichen Stellen erm\u00f6glicht.<\/div>\n<div style=\"margin-top: 50px; border-top: thin solid #ebbe4f;\"><\/div>\n<div style=\"margin-top: 30px;\"><img loading=\"lazy\" decoding=\"async\" class=\"alignnone wp-image-12550 size-full\" src=\"https:\/\/kme.eu\/kme\/wp-content\/uploads\/2021\/01\/wtryskiwacze_zestaw_01.jpg\" alt=\"\" width=\"600\" height=\"160\" srcset=\"https:\/\/kme.eu\/kme\/wp-content\/uploads\/2021\/01\/wtryskiwacze_zestaw_01.jpg 600w, https:\/\/kme.eu\/kme\/wp-content\/uploads\/2021\/01\/wtryskiwacze_zestaw_01-300x80.jpg 300w\" sizes=\"auto, (max-width: 600px) 100vw, 600px\" \/><\/div>\n<div><img loading=\"lazy\" decoding=\"async\" class=\"alignnone wp-image-11853 size-full\" src=\"https:\/\/kme.eu\/kme\/wp-content\/uploads\/2021\/01\/wtryskiwacze_zestaw_02.jpg\" alt=\"\" width=\"600\" height=\"176\" srcset=\"https:\/\/kme.eu\/kme\/wp-content\/uploads\/2021\/01\/wtryskiwacze_zestaw_02.jpg 600w, https:\/\/kme.eu\/kme\/wp-content\/uploads\/2021\/01\/wtryskiwacze_zestaw_02-300x88.jpg 300w\" sizes=\"auto, (max-width: 600px) 100vw, 600px\" \/><\/div>\n<div><img loading=\"lazy\" decoding=\"async\" class=\"alignnone wp-image-12551 size-full\" src=\"https:\/\/kme.eu\/kme\/wp-content\/uploads\/2021\/01\/wtryskiwacze_zestaw_03.jpg\" alt=\"\" width=\"600\" height=\"176\" srcset=\"https:\/\/kme.eu\/kme\/wp-content\/uploads\/2021\/01\/wtryskiwacze_zestaw_03.jpg 600w, https:\/\/kme.eu\/kme\/wp-content\/uploads\/2021\/01\/wtryskiwacze_zestaw_03-300x88.jpg 300w\" sizes=\"auto, (max-width: 600px) 100vw, 600px\" \/><\/div>\n<div style=\"margin-top: 50px; border-top: thin solid #ebbe4f;\"><\/div>\n<div style=\"margin-top: 30px;\"><img loading=\"lazy\" decoding=\"async\" class=\"alignnone wp-image-12552 size-full\" src=\"https:\/\/kme.eu\/kme\/wp-content\/uploads\/2021\/01\/wtryskiwacze_zestaw_04.jpg\" alt=\"\" width=\"600\" height=\"160\" srcset=\"https:\/\/kme.eu\/kme\/wp-content\/uploads\/2021\/01\/wtryskiwacze_zestaw_04.jpg 600w, https:\/\/kme.eu\/kme\/wp-content\/uploads\/2021\/01\/wtryskiwacze_zestaw_04-300x80.jpg 300w\" sizes=\"auto, (max-width: 600px) 100vw, 600px\" \/><\/div>\n<div><img loading=\"lazy\" decoding=\"async\" class=\"alignnone wp-image-12554 size-full\" src=\"https:\/\/kme.eu\/kme\/wp-content\/uploads\/2021\/01\/wtryskiwacze_zestaw_05.jpg\" alt=\"\" width=\"600\" height=\"224\" srcset=\"https:\/\/kme.eu\/kme\/wp-content\/uploads\/2021\/01\/wtryskiwacze_zestaw_05.jpg 600w, https:\/\/kme.eu\/kme\/wp-content\/uploads\/2021\/01\/wtryskiwacze_zestaw_05-300x112.jpg 300w\" sizes=\"auto, (max-width: 600px) 100vw, 600px\" \/><\/div>\n<div style=\"margin-top: 50px; border-top: thin solid #ebbe4f;\"><\/div>\n<div style=\"margin-top: 30px;\"><img loading=\"lazy\" decoding=\"async\" class=\"alignnone wp-image-12555 size-full\" src=\"https:\/\/kme.eu\/kme\/wp-content\/uploads\/2021\/01\/wtryskiwacze_zestaw_06.jpg\" alt=\"\" width=\"600\" height=\"176\" srcset=\"https:\/\/kme.eu\/kme\/wp-content\/uploads\/2021\/01\/wtryskiwacze_zestaw_06.jpg 600w, https:\/\/kme.eu\/kme\/wp-content\/uploads\/2021\/01\/wtryskiwacze_zestaw_06-300x88.jpg 300w\" sizes=\"auto, (max-width: 600px) 100vw, 600px\" \/><\/div>\n<div style=\"margin-top: 50px; border-top: thin solid #ebbe4f;\"><\/div>\n<div style=\"margin-top: 30px;\"><img loading=\"lazy\" decoding=\"async\" class=\"alignnone wp-image-12556 size-full\" src=\"https:\/\/kme.eu\/kme\/wp-content\/uploads\/2021\/01\/wtryskiwacze_zestaw_07.jpg\" alt=\"\" width=\"600\" height=\"176\" srcset=\"https:\/\/kme.eu\/kme\/wp-content\/uploads\/2021\/01\/wtryskiwacze_zestaw_07.jpg 600w, https:\/\/kme.eu\/kme\/wp-content\/uploads\/2021\/01\/wtryskiwacze_zestaw_07-300x88.jpg 300w\" sizes=\"auto, (max-width: 600px) 100vw, 600px\" \/><\/div>\n<div><\/div>\n<h5><strong>Wahl des Durchmessers der Einspritzd\u00fcsen<\/strong><\/h5>\n<div style=\"width: 50%;\">\n<table style=\"width: 100%; font-size: 15px; border: thin solid black;\">\n<tbody>\n<tr style=\"background-color: #f4f4f4; border-bottom: thin solid black;\">\n<td style=\"width: 9%; border-right: thin solid black;\">\n<p style=\"margin: 1px; padding: 5px; text-align: center;\">\u00d8 [mm]<\/p>\n<\/td>\n<td style=\"width: 30%; border-right: thin solid black;\">\n<p style=\"margin: 1px; padding: 5px; text-align: center;\">1,0 [bar]<\/p>\n<\/td>\n<td style=\"width: 30%; border-right: thin solid black;\">\n<p style=\"margin: 1px; padding: 5px; text-align: center;\">1,25 [bar]<\/p>\n<\/td>\n<td style=\"width: 30%;\">\n<p style=\"margin: 1px; padding: 5px; text-align: center;\">1,5 [bar]<\/p>\n<\/td>\n<\/tr>\n<tr style=\"border-bottom: thin solid black;\">\n<td style=\"width: 9%; border-right: thin solid black;\">\n<table style=\"width: 100%; margin: 0px; padding 0px; background-color: white;\">\n<tbody>\n<tr>\n<td style=\"text-align: center;\">1,5<\/td>\n<\/tr>\n<tr>\n<td style=\"background-color: #f4f4f4; text-align: center;\">1,6<\/td>\n<\/tr>\n<tr>\n<td style=\"text-align: center;\">1,7<\/td>\n<\/tr>\n<\/tbody>\n<\/table>\n<\/td>\n<td style=\"width: 30%; border-right: thin solid black;\">\n<p style=\"margin: 1px; padding: 5px; text-align: center;\">17\u00f723 HP | PS<\/p>\n<\/td>\n<td style=\"width: 30%; border-right: thin solid black;\">\n<p style=\"margin: 1px; padding: 5px; text-align: center;\">19\u00f725 HP | PS<\/p>\n<\/td>\n<td style=\"width: 30%;\">\n<p style=\"margin: 1px; padding: 5px; text-align: center;\">21\u00f728 HP | PS<\/p>\n<\/td>\n<\/tr>\n<tr style=\"background-color: #f4f4f4; border-bottom: thin solid black;\">\n<td style=\"width: 9%; border-right: thin solid black;\">\n<table style=\"width: 100%; margin: 0px; padding 0px; background-color: white;\">\n<tbody>\n<tr>\n<td style=\"background-color: #f4f4f4; text-align: center;\">1,8<\/td>\n<\/tr>\n<tr>\n<td style=\"text-align: center;\">1,9<\/td>\n<\/tr>\n<tr>\n<td style=\"background-color: #f4f4f4; text-align: center;\">2,0<\/td>\n<\/tr>\n<\/tbody>\n<\/table>\n<\/td>\n<td style=\"width: 30%; border-right: thin solid black;\">\n<p style=\"margin: 1px; padding: 5px; text-align: center;\">24\u00f728 HP | PS<\/p>\n<\/td>\n<td style=\"width: 30%; border-right: thin solid black;\">\n<p style=\"margin: 1px; padding: 5px; text-align: center;\">27\u00f732 HP | PS<\/p>\n<\/td>\n<td style=\"width: 30%;\">\n<p style=\"margin: 1px; padding: 5px; text-align: center;\">31\u00f736 HP | PS<\/p>\n<\/td>\n<\/tr>\n<tr style=\"border-bottom: thin solid black;\">\n<td style=\"width: 9%; border-right: thin solid black;\">\n<table style=\"width: 100%; margin: 0px; padding 0px; background-color: white;\">\n<tbody>\n<tr>\n<td style=\"text-align: center;\">2,1<\/td>\n<\/tr>\n<tr>\n<td style=\"background-color: #f4f4f4; text-align: center;\">2,2<\/td>\n<\/tr>\n<tr>\n<td style=\"text-align: center;\">2,3<\/td>\n<\/tr>\n<\/tbody>\n<\/table>\n<\/td>\n<td style=\"width: 30%; border-right: thin solid black;\">\n<p style=\"margin: 1px; padding: 5px; text-align: center;\">31\u00f735 HP | PS<\/p>\n<\/td>\n<td style=\"width: 30%; border-right: thin solid black;\">\n<p style=\"margin: 1px; padding: 5px; text-align: center;\">35\u00f740 HP | PS<\/p>\n<\/td>\n<td style=\"width: 30%;\">\n<p style=\"margin: 1px; padding: 5px; text-align: center;\">39\u00f745 HP | PS<\/p>\n<\/td>\n<\/tr>\n<tr style=\"background-color: #f4f4f4; border-bottom: thin solid black;\">\n<td style=\"width: 9%; border-right: thin solid black;\">\n<table style=\"width: 100%; margin: 0px; padding 0px; background-color: white;\">\n<tbody>\n<tr>\n<td style=\"background-color: #f4f4f4; text-align: center;\">2,4<\/td>\n<\/tr>\n<tr>\n<td style=\"text-align: center;\">2,5<\/td>\n<\/tr>\n<tr>\n<td style=\"background-color: #f4f4f4; text-align: center;\">2,6<\/td>\n<\/tr>\n<\/tbody>\n<\/table>\n<\/td>\n<td style=\"width: 30%; border-right: thin solid black;\">\n<p style=\"margin: 1px; padding: 5px; text-align: center;\">37\u00f740 HP | PS<\/p>\n<\/td>\n<td style=\"width: 30%; border-right: thin solid black;\">\n<p style=\"margin: 1px; padding: 5px; text-align: center;\">43\u00f746 HP | PS<\/p>\n<\/td>\n<td style=\"width: 30%;\">\n<p style=\"margin: 1px; padding: 5px; text-align: center;\">48\u00f752 HP | PS<\/p>\n<\/td>\n<\/tr>\n<tr style=\"border-bottom: thin solid black;\">\n<td style=\"width: 9%; border-right: thin solid black;\">\n<table style=\"width: 100%; margin: 0px; padding 0px; background-color: white;\">\n<tbody>\n<tr>\n<td style=\"text-align: center;\">2,7<\/td>\n<\/tr>\n<tr>\n<td style=\"background-color: #f4f4f4; text-align: center;\">2,8<\/td>\n<\/tr>\n<tr>\n<td style=\"text-align: center;\">2,9<\/td>\n<\/tr>\n<tr>\n<td style=\"background-color: #f4f4f4; text-align: center;\">3,0<\/td>\n<\/tr>\n<\/tbody>\n<\/table>\n<\/td>\n<td style=\"width: 30%; border-right: thin solid black;\">\n<p style=\"margin: 1px; padding: 5px; text-align: center;\">41\u00f745 HP | PS<\/p>\n<\/td>\n<td style=\"width: 30%; border-right: thin solid black;\">\n<p style=\"margin: 1px; padding: 5px; text-align: center;\">47\u00f752 HP | PS<\/p>\n<\/td>\n<td style=\"width: 30%;\">\n<p style=\"margin: 1px; padding: 5px; text-align: center;\">53\u00f759 HP | PS<\/p>\n<\/td>\n<\/tr>\n<\/tbody>\n<\/table>\n<\/div>\n<div>Die Tabelle zeigt die Werte der Wahl des Durchmessers der Einspritzd\u00fcsen in Abh\u00e4ngigkeit von der Leistung pro Zylinder. Die Werte sind ungef\u00e4hr und nur ein Vorschlag. In manchen F\u00e4llen muss man sie f\u00fcr den jeweiligen Motor und Systemeinstellungen korrigieren. Wir empfehlen Verwendung von Injektoren zusammen mit D\u00fcsen.<\/div>\n<h5><strong><div class=\"mkdf-separator-holder clearfix  mkdf-separator-center mkdf-separator-normal\">\n\t<div class=\"mkdf-separator\" ><\/div>\n<\/div>\n Methode des Aufbohrens der Injektorend\u00fcsen\u200b<\/strong><\/h5>\n<p><img loading=\"lazy\" decoding=\"async\" class=\"alignnone wp-image-11855 size-full\" src=\"https:\/\/kme.eu\/kme\/wp-content\/uploads\/2020\/06\/wtryskiwacze_rozwiercanie.jpg\" alt=\"\" width=\"810\" height=\"360\" srcset=\"https:\/\/kme.eu\/kme\/wp-content\/uploads\/2020\/06\/wtryskiwacze_rozwiercanie.jpg 810w, https:\/\/kme.eu\/kme\/wp-content\/uploads\/2020\/06\/wtryskiwacze_rozwiercanie-300x133.jpg 300w, https:\/\/kme.eu\/kme\/wp-content\/uploads\/2020\/06\/wtryskiwacze_rozwiercanie-768x341.jpg 768w, https:\/\/kme.eu\/kme\/wp-content\/uploads\/2020\/06\/wtryskiwacze_rozwiercanie-600x267.jpg 600w\" sizes=\"auto, (max-width: 810px) 100vw, 810px\" \/><\/p>\n<h5><div class=\"mkdf-separator-holder clearfix  mkdf-separator-center mkdf-separator-normal\">\n\t<div class=\"mkdf-separator\" ><\/div>\n<\/div>\nDie Methode der Montage der Injektoren<\/h5>\n<p><img loading=\"lazy\" decoding=\"async\" class=\"alignnone wp-image-11857 size-full\" src=\"https:\/\/kme.eu\/kme\/wp-content\/uploads\/2021\/01\/wtryskiwacze_montaz.jpg\" alt=\"\" width=\"810\" height=\"360\" srcset=\"https:\/\/kme.eu\/kme\/wp-content\/uploads\/2021\/01\/wtryskiwacze_montaz.jpg 810w, https:\/\/kme.eu\/kme\/wp-content\/uploads\/2021\/01\/wtryskiwacze_montaz-300x133.jpg 300w, https:\/\/kme.eu\/kme\/wp-content\/uploads\/2021\/01\/wtryskiwacze_montaz-768x341.jpg 768w, https:\/\/kme.eu\/kme\/wp-content\/uploads\/2021\/01\/wtryskiwacze_montaz-600x267.jpg 600w\" sizes=\"auto, (max-width: 810px) 100vw, 810px\" \/><\/p>\n<div class=\"sdm_download_button_box_default\"><div class=\"sdm_download_link\"><a href=\"https:\/\/kme.eu\/kme\/de\/\/?sdm_process_download=1&download_id=7715\" class=\"sdm_download orange\" title=\"Wtryskiwacze FENIX &#8211; karta produktu\" target=&quot;_blank&quot;>Karta produktu<\/a><\/div><\/div> <div class=\"sdm_download_button_box_default\"><div class=\"sdm_download_link\"><a href=\"https:\/\/kme.eu\/kme\/de\/\/?sdm_process_download=1&download_id=7710\" class=\"sdm_download orange\" title=\"Wtryskiwacze KME &#8211; zestawienie parametr\u00f3w\" target=&quot;_blank&quot;>Zestawienie wtryskiwaczy<\/a><\/div><\/div>\n<p>&nbsp;<\/p>\n<p>\t\t\t<rs-module-wrap id=\"rev_slider_error_1_wrapper\">\n\t\t\t\t<rs-module id=\"rev_slider_error_1\">\n\t\t\t\t\t<div class=\"rs_error_message_box\">\n\t\t\t\t\t\t<div class=\"rs_error_message_oops\">There is nothing to show here!<\/div>\n\t\t\t\t\t\t<div class=\"rs_error_message_content\">Slider with alias sterownik-JET not found.<\/div>\n\t\t\t\t\t<\/div>\n\t\t\t\t<\/rs-module>\n\t\t\t<\/rs-module-wrap>\n\t\t\t<script>\n\t\t\t\tvar rs_eslider = document.getElementById(\"rev_slider_error_1\");\n\t\t\t\trs_eslider.style.display = \"none\";\n\t\t\t\tconsole.log(\"Slider with alias sterownik-JET not found.\");\n\t\t\t<\/script>\n<br \/>\n<script>\n   $(window).on('load', function(){\n      $(\".sdm_download\").each(function( index, element ){\n         console.log($(this));\n         $(this).attr('target','_blank');\n      });\n   });\n<\/script><\/p>\n","protected":false},"excerpt":{"rendered":"<p>Die <strong>KME FENIX-<\/strong>Injektoren zeichnen sich durch <strong>hohe Stabilit\u00e4t des Gasrurchflusses<\/strong>aus. Sie zeichnen sich durch eine hohe Verarbeitungsqualit\u00e4t aus, was strenge Kontrolle der Parameter w\u00e4hrend der Produktion und sorgf\u00e4ltige Wahl der verwendeten Materialien garantiert.<\/p>\n","protected":false},"featured_media":12578,"template":"","meta":[],"product_brand":[],"product_cat":[592075],"product_tag":[592499],"class_list":{"0":"post-12576","1":"product","2":"type-product","3":"status-publish","4":"has-post-thumbnail","6":"product_cat-injektoren","7":"product_tag-neuheit","8":"pa_max-cisnienie-pracy-45-bar-de","9":"pa_max-moc-70-km-de","10":"pa_max-prad-otwarcia-6-a-de","11":"pa_max-prad-podtrzymania-2-a-de","12":"pa_napiecie-zasilania-12-bis-16-v-de","13":"pa_opoznienie-otwarcia-170-ms-de","14":"pa_powloka-fluorpolymer","15":"pa_rezystancja-cewki-19-ohm-5-de","16":"pa_temperatura-pracy-20-do-120-stopni-c","17":"pa_wersje-wykonania-1-2-3-4-cylindry-de","18":"pa_zlacze-superseal-de","20":"first","21":"instock","22":"featured","23":"shipping-taxable","24":"product-type-simple"},"acf":[],"yoast_head":"<!-- This site is optimized with the Yoast SEO plugin v27.4 - https:\/\/yoast.com\/product\/yoast-seo-wordpress\/ -->\n<title>Injektor FENIX-T-St\u00fcck 4 - KME<\/title>\n<meta name=\"robots\" content=\"index, follow, max-snippet:-1, max-image-preview:large, max-video-preview:-1\" \/>\n<link rel=\"canonical\" href=\"https:\/\/kme.eu\/kme\/de\/produkt\/injektor-fenix-t-stuck-4\/\" \/>\n<meta property=\"og:locale\" content=\"de_DE\" \/>\n<meta property=\"og:type\" content=\"article\" \/>\n<meta property=\"og:title\" content=\"Injektor FENIX-T-St\u00fcck 4 - KME\" \/>\n<meta property=\"og:description\" content=\"Die KME FENIX-Injektoren zeichnen sich durch hohe Stabilit\u00e4t des Gasrurchflussesaus. Sie zeichnen sich durch eine hohe Verarbeitungsqualit\u00e4t aus, was strenge Kontrolle der Parameter w\u00e4hrend der Produktion und sorgf\u00e4ltige Wahl der verwendeten Materialien garantiert.\" \/>\n<meta property=\"og:url\" content=\"https:\/\/kme.eu\/kme\/de\/produkt\/injektor-fenix-t-stuck-4\/\" \/>\n<meta property=\"og:site_name\" content=\"KME\" \/>\n<meta property=\"article:publisher\" content=\"https:\/\/www.facebook.com\/KME.LPG\/\" \/>\n<meta property=\"article:modified_time\" content=\"2022-02-11T11:52:31+00:00\" \/>\n<meta property=\"og:image\" content=\"https:\/\/kme.eu\/kme\/wp-content\/uploads\/2020\/06\/wtryskiwacze_Fenix_poj_x4_800px.jpg\" \/>\n\t<meta property=\"og:image:width\" content=\"800\" \/>\n\t<meta property=\"og:image:height\" content=\"800\" \/>\n\t<meta property=\"og:image:type\" content=\"image\/jpeg\" \/>\n<meta name=\"twitter:card\" content=\"summary_large_image\" \/>\n<meta name=\"twitter:label1\" content=\"Gesch\u00e4tzte Lesezeit\" \/>\n\t<meta name=\"twitter:data1\" content=\"2\u00a0Minuten\" \/>\n<script type=\"application\/ld+json\" class=\"yoast-schema-graph\">{\"@context\":\"https:\\\/\\\/schema.org\",\"@graph\":[{\"@type\":\"WebPage\",\"@id\":\"https:\\\/\\\/kme.eu\\\/kme\\\/de\\\/produkt\\\/injektor-fenix-t-stuck-4\\\/\",\"url\":\"https:\\\/\\\/kme.eu\\\/kme\\\/de\\\/produkt\\\/injektor-fenix-t-stuck-4\\\/\",\"name\":\"Injektor FENIX-T-St\u00fcck 4 - KME\",\"isPartOf\":{\"@id\":\"https:\\\/\\\/kme.eu\\\/kme\\\/de\\\/#website\"},\"primaryImageOfPage\":{\"@id\":\"https:\\\/\\\/kme.eu\\\/kme\\\/de\\\/produkt\\\/injektor-fenix-t-stuck-4\\\/#primaryimage\"},\"image\":{\"@id\":\"https:\\\/\\\/kme.eu\\\/kme\\\/de\\\/produkt\\\/injektor-fenix-t-stuck-4\\\/#primaryimage\"},\"thumbnailUrl\":\"https:\\\/\\\/kme.eu\\\/kme\\\/wp-content\\\/uploads\\\/2020\\\/06\\\/wtryskiwacze_Fenix_poj_x4_800px.jpg\",\"datePublished\":\"2020-06-10T09:29:17+00:00\",\"dateModified\":\"2022-02-11T11:52:31+00:00\",\"breadcrumb\":{\"@id\":\"https:\\\/\\\/kme.eu\\\/kme\\\/de\\\/produkt\\\/injektor-fenix-t-stuck-4\\\/#breadcrumb\"},\"inLanguage\":\"de\",\"potentialAction\":[{\"@type\":\"ReadAction\",\"target\":[\"https:\\\/\\\/kme.eu\\\/kme\\\/de\\\/produkt\\\/injektor-fenix-t-stuck-4\\\/\"]}]},{\"@type\":\"ImageObject\",\"inLanguage\":\"de\",\"@id\":\"https:\\\/\\\/kme.eu\\\/kme\\\/de\\\/produkt\\\/injektor-fenix-t-stuck-4\\\/#primaryimage\",\"url\":\"https:\\\/\\\/kme.eu\\\/kme\\\/wp-content\\\/uploads\\\/2020\\\/06\\\/wtryskiwacze_Fenix_poj_x4_800px.jpg\",\"contentUrl\":\"https:\\\/\\\/kme.eu\\\/kme\\\/wp-content\\\/uploads\\\/2020\\\/06\\\/wtryskiwacze_Fenix_poj_x4_800px.jpg\",\"width\":800,\"height\":800},{\"@type\":\"BreadcrumbList\",\"@id\":\"https:\\\/\\\/kme.eu\\\/kme\\\/de\\\/produkt\\\/injektor-fenix-t-stuck-4\\\/#breadcrumb\",\"itemListElement\":[{\"@type\":\"ListItem\",\"position\":1,\"name\":\"Strona g\u0142\u00f3wna\",\"item\":\"https:\\\/\\\/kme.eu\\\/kme\\\/de\\\/\"},{\"@type\":\"ListItem\",\"position\":2,\"name\":\"Produkte\",\"item\":\"https:\\\/\\\/kme.eu\\\/kme\\\/de\\\/shop\\\/\"},{\"@type\":\"ListItem\",\"position\":3,\"name\":\"Injektor FENIX-T-St\u00fcck 4\"}]},{\"@type\":\"WebSite\",\"@id\":\"https:\\\/\\\/kme.eu\\\/kme\\\/de\\\/#website\",\"url\":\"https:\\\/\\\/kme.eu\\\/kme\\\/de\\\/\",\"name\":\"KME\",\"description\":\"Autogas Systems\",\"publisher\":{\"@id\":\"https:\\\/\\\/kme.eu\\\/kme\\\/de\\\/#organization\"},\"potentialAction\":[{\"@type\":\"SearchAction\",\"target\":{\"@type\":\"EntryPoint\",\"urlTemplate\":\"https:\\\/\\\/kme.eu\\\/kme\\\/de\\\/?s={search_term_string}\"},\"query-input\":{\"@type\":\"PropertyValueSpecification\",\"valueRequired\":true,\"valueName\":\"search_term_string\"}}],\"inLanguage\":\"de\"},{\"@type\":\"Organization\",\"@id\":\"https:\\\/\\\/kme.eu\\\/kme\\\/de\\\/#organization\",\"name\":\"KME\",\"url\":\"https:\\\/\\\/kme.eu\\\/kme\\\/de\\\/\",\"logo\":{\"@type\":\"ImageObject\",\"inLanguage\":\"de\",\"@id\":\"https:\\\/\\\/kme.eu\\\/kme\\\/de\\\/#\\\/schema\\\/logo\\\/image\\\/\",\"url\":\"https:\\\/\\\/kme.eu\\\/kme\\\/wp-content\\\/uploads\\\/2020\\\/04\\\/logo_KME_RGB_small_200px.png\",\"contentUrl\":\"https:\\\/\\\/kme.eu\\\/kme\\\/wp-content\\\/uploads\\\/2020\\\/04\\\/logo_KME_RGB_small_200px.png\",\"width\":272,\"height\":200,\"caption\":\"KME\"},\"image\":{\"@id\":\"https:\\\/\\\/kme.eu\\\/kme\\\/de\\\/#\\\/schema\\\/logo\\\/image\\\/\"},\"sameAs\":[\"https:\\\/\\\/www.facebook.com\\\/KME.LPG\\\/\",\"https:\\\/\\\/www.instagram.com\\\/kme_lpg\\\/\"]}]}<\/script>\n<!-- \/ Yoast SEO plugin. -->","yoast_head_json":{"title":"Injektor FENIX-T-St\u00fcck 4 - KME","robots":{"index":"index","follow":"follow","max-snippet":"max-snippet:-1","max-image-preview":"max-image-preview:large","max-video-preview":"max-video-preview:-1"},"canonical":"https:\/\/kme.eu\/kme\/de\/produkt\/injektor-fenix-t-stuck-4\/","og_locale":"de_DE","og_type":"article","og_title":"Injektor FENIX-T-St\u00fcck 4 - KME","og_description":"Die KME FENIX-Injektoren zeichnen sich durch hohe Stabilit\u00e4t des Gasrurchflussesaus. Sie zeichnen sich durch eine hohe Verarbeitungsqualit\u00e4t aus, was strenge Kontrolle der Parameter w\u00e4hrend der Produktion und sorgf\u00e4ltige Wahl der verwendeten Materialien garantiert.","og_url":"https:\/\/kme.eu\/kme\/de\/produkt\/injektor-fenix-t-stuck-4\/","og_site_name":"KME","article_publisher":"https:\/\/www.facebook.com\/KME.LPG\/","article_modified_time":"2022-02-11T11:52:31+00:00","og_image":[{"width":800,"height":800,"url":"https:\/\/kme.eu\/kme\/wp-content\/uploads\/2020\/06\/wtryskiwacze_Fenix_poj_x4_800px.jpg","type":"image\/jpeg"}],"twitter_card":"summary_large_image","twitter_misc":{"Gesch\u00e4tzte Lesezeit":"2\u00a0Minuten"},"schema":{"@context":"https:\/\/schema.org","@graph":[{"@type":"WebPage","@id":"https:\/\/kme.eu\/kme\/de\/produkt\/injektor-fenix-t-stuck-4\/","url":"https:\/\/kme.eu\/kme\/de\/produkt\/injektor-fenix-t-stuck-4\/","name":"Injektor FENIX-T-St\u00fcck 4 - KME","isPartOf":{"@id":"https:\/\/kme.eu\/kme\/de\/#website"},"primaryImageOfPage":{"@id":"https:\/\/kme.eu\/kme\/de\/produkt\/injektor-fenix-t-stuck-4\/#primaryimage"},"image":{"@id":"https:\/\/kme.eu\/kme\/de\/produkt\/injektor-fenix-t-stuck-4\/#primaryimage"},"thumbnailUrl":"https:\/\/kme.eu\/kme\/wp-content\/uploads\/2020\/06\/wtryskiwacze_Fenix_poj_x4_800px.jpg","datePublished":"2020-06-10T09:29:17+00:00","dateModified":"2022-02-11T11:52:31+00:00","breadcrumb":{"@id":"https:\/\/kme.eu\/kme\/de\/produkt\/injektor-fenix-t-stuck-4\/#breadcrumb"},"inLanguage":"de","potentialAction":[{"@type":"ReadAction","target":["https:\/\/kme.eu\/kme\/de\/produkt\/injektor-fenix-t-stuck-4\/"]}]},{"@type":"ImageObject","inLanguage":"de","@id":"https:\/\/kme.eu\/kme\/de\/produkt\/injektor-fenix-t-stuck-4\/#primaryimage","url":"https:\/\/kme.eu\/kme\/wp-content\/uploads\/2020\/06\/wtryskiwacze_Fenix_poj_x4_800px.jpg","contentUrl":"https:\/\/kme.eu\/kme\/wp-content\/uploads\/2020\/06\/wtryskiwacze_Fenix_poj_x4_800px.jpg","width":800,"height":800},{"@type":"BreadcrumbList","@id":"https:\/\/kme.eu\/kme\/de\/produkt\/injektor-fenix-t-stuck-4\/#breadcrumb","itemListElement":[{"@type":"ListItem","position":1,"name":"Strona g\u0142\u00f3wna","item":"https:\/\/kme.eu\/kme\/de\/"},{"@type":"ListItem","position":2,"name":"Produkte","item":"https:\/\/kme.eu\/kme\/de\/shop\/"},{"@type":"ListItem","position":3,"name":"Injektor FENIX-T-St\u00fcck 4"}]},{"@type":"WebSite","@id":"https:\/\/kme.eu\/kme\/de\/#website","url":"https:\/\/kme.eu\/kme\/de\/","name":"KME","description":"Autogas Systems","publisher":{"@id":"https:\/\/kme.eu\/kme\/de\/#organization"},"potentialAction":[{"@type":"SearchAction","target":{"@type":"EntryPoint","urlTemplate":"https:\/\/kme.eu\/kme\/de\/?s={search_term_string}"},"query-input":{"@type":"PropertyValueSpecification","valueRequired":true,"valueName":"search_term_string"}}],"inLanguage":"de"},{"@type":"Organization","@id":"https:\/\/kme.eu\/kme\/de\/#organization","name":"KME","url":"https:\/\/kme.eu\/kme\/de\/","logo":{"@type":"ImageObject","inLanguage":"de","@id":"https:\/\/kme.eu\/kme\/de\/#\/schema\/logo\/image\/","url":"https:\/\/kme.eu\/kme\/wp-content\/uploads\/2020\/04\/logo_KME_RGB_small_200px.png","contentUrl":"https:\/\/kme.eu\/kme\/wp-content\/uploads\/2020\/04\/logo_KME_RGB_small_200px.png","width":272,"height":200,"caption":"KME"},"image":{"@id":"https:\/\/kme.eu\/kme\/de\/#\/schema\/logo\/image\/"},"sameAs":["https:\/\/www.facebook.com\/KME.LPG\/","https:\/\/www.instagram.com\/kme_lpg\/"]}]}},"_links":{"self":[{"href":"https:\/\/kme.eu\/kme\/de\/wp-json\/wp\/v2\/product\/12576","targetHints":{"allow":["GET"]}}],"collection":[{"href":"https:\/\/kme.eu\/kme\/de\/wp-json\/wp\/v2\/product"}],"about":[{"href":"https:\/\/kme.eu\/kme\/de\/wp-json\/wp\/v2\/types\/product"}],"wp:featuredmedia":[{"embeddable":true,"href":"https:\/\/kme.eu\/kme\/de\/wp-json\/wp\/v2\/media\/12578"}],"wp:attachment":[{"href":"https:\/\/kme.eu\/kme\/de\/wp-json\/wp\/v2\/media?parent=12576"}],"wp:term":[{"taxonomy":"product_brand","embeddable":true,"href":"https:\/\/kme.eu\/kme\/de\/wp-json\/wp\/v2\/product_brand?post=12576"},{"taxonomy":"product_cat","embeddable":true,"href":"https:\/\/kme.eu\/kme\/de\/wp-json\/wp\/v2\/product_cat?post=12576"},{"taxonomy":"product_tag","embeddable":true,"href":"https:\/\/kme.eu\/kme\/de\/wp-json\/wp\/v2\/product_tag?post=12576"}],"curies":[{"name":"wp","href":"https:\/\/api.w.org\/{rel}","templated":true}]}}