{"id":12595,"date":"2020-06-16T10:07:21","date_gmt":"2020-06-16T08:07:21","guid":{"rendered":"https:\/\/kme.eu\/kme\/produkt\/steuergerat-jet-expert\/"},"modified":"2022-02-10T14:31:55","modified_gmt":"2022-02-10T13:31:55","slug":"steuergerat-jet-expert","status":"publish","type":"product","link":"https:\/\/kme.eu\/kme\/de\/produkt\/steuergerat-jet-expert\/","title":{"rendered":"Steuerger\u00e4t JET EXPERT"},"content":{"rendered":"<h5><strong>DIE LINIE NEVO-SKY JET<\/strong><\/h5>\n<p>F\u00fcr Antriebseinheiten mit indirekter Kraftstoffeinspritzung bestimmt. Die Linie basiert auf der neuen Plattform <strong>SKY<\/strong> die f\u00fcr moderne Antriebseinheiten bestimmt ist. Die Linie der Steuerger\u00e4te <strong>NEVO-SKY JET<\/strong> unterst\u00fctzt bis zu 8 Zyl. Es bedeutet eine gro\u00dfe Erleichterung f\u00fcr Montagebetriebe, die eine auf der Plattform \u200b <strong>SKY<\/strong> basierende Software f\u00fcr alle Steuerger\u00e4te, die die Familie <strong>NEVO-SKY<\/strong> anbietet \u2013 dazu z\u00e4hlen auch<br \/>\ndie Steuerger\u00e4te DIRECT.<\/p>\n<p>&nbsp;<\/p>\n<h5><strong>AUTO-SETUP in 5 Schritten<\/strong><\/h5>\n<p>Zur Erleichterung der Installation und Kalibrierung haben die Steuerger\u00e4te aus der Familie <strong>NEVO-SKY<\/strong>die Funktion <strong>AUTO-SETUP<\/strong>, die auf einfache und schnelle Art und Weise hilft, die meisten Autos einzustellen<\/p>\n<p><img loading=\"lazy\" decoding=\"async\" class=\"alignnone wp-image-12006\" src=\"https:\/\/kme.eu\/kme\/wp-content\/uploads\/2020\/06\/5-krokow-300x91.jpg\" alt=\"\" width=\"705\" height=\"214\" srcset=\"https:\/\/kme.eu\/kme\/wp-content\/uploads\/2020\/06\/5-krokow-300x91.jpg 300w, https:\/\/kme.eu\/kme\/wp-content\/uploads\/2020\/06\/5-krokow-600x182.jpg 600w, https:\/\/kme.eu\/kme\/wp-content\/uploads\/2020\/06\/5-krokow-1024x310.jpg 1024w, https:\/\/kme.eu\/kme\/wp-content\/uploads\/2020\/06\/5-krokow-768x232.jpg 768w, https:\/\/kme.eu\/kme\/wp-content\/uploads\/2020\/06\/5-krokow.jpg 1147w\" sizes=\"auto, (max-width: 705px) 100vw, 705px\" \/><\/p>\n<h5><strong>EXPERTEN-SYSTEM SKY<\/strong><\/h5>\n<p>Die Familie <strong>NEVO-SKY<\/strong>, dzu der die Linie der Produkte <strong>JET<\/strong>geh\u00f6rt, arbeitet mit der Software <strong>NEVO-SKY<\/strong>, zusammen, die mit dem fortgeschrittenen <strong>EXPERTEN-SYSTEM SKY<\/strong> , das zur automatische Erkennung von Unregelm\u00e4\u00dfigkeiten in den Einstellungen und im Betrieb des Gassystems dient, ausgestattet wurde. Dieses System generiert Hinweise\/Warnungen und schl\u00e4gt L\u00f6sungen vor Jede Warnung l\u00f6st ein akustisches Signal aus, damit das Vorkommen des gegebenen Hinweises nicht verpasst wird. Mit jeder neuen Ausgabe wir die Wissensbasis des <strong>EXPERTEN-SYSTEMS<\/strong><strong>SKY <\/strong>erweitert, um die Kalibrierung der Fahrzeuge besser zu unterst\u00fctzen.<\/p>\n<p>&nbsp;<\/p>\n<div class=\"sdm_download_button_box_default\"><div class=\"sdm_download_link\"><a href=\"https:\/\/kme.eu\/kme\/de\/\/?sdm_process_download=1&download_id=7714\" class=\"sdm_download orange\" title=\"JET linia produkt\u00f3w &#8211; karta produktu\" target=&quot;_blank&quot;>Pobierz kart\u0119 produkt\u00f3w linii NEVO-SKY JET<\/a><\/div><\/div> <div class=\"sdm_download_button_box_default\"><div class=\"sdm_download_link\"><a href=\"https:\/\/kme.eu\/kme\/de\/\/?sdm_process_download=1&download_id=7664\" class=\"sdm_download orange\" title=\"Oprogramowanie NEVO-SKY 5.0.4.1\" >Pobierz program<\/a><\/div><\/div> <div class=\"sdm_download_button_box_default\"><div class=\"sdm_download_link\"><a href=\"https:\/\/kme.eu\/kme\/de\/\/?sdm_process_download=1&download_id=8981\" class=\"sdm_download orange\" title=\"Schemat po\u0142\u0105czenia sterownika JET EXPERT, OBD, BASIC\" target=&quot;_blank&quot;>Pobierz schemat pod\u0142\u0105czenia NEVO-SKY JET<\/a><\/div><\/div>\n<p>\t\t\t<rs-module-wrap id=\"rev_slider_error_1_wrapper\">\n\t\t\t\t<rs-module id=\"rev_slider_error_1\">\n\t\t\t\t\t<div class=\"rs_error_message_box\">\n\t\t\t\t\t\t<div class=\"rs_error_message_oops\">There is nothing to show here!<\/div>\n\t\t\t\t\t\t<div class=\"rs_error_message_content\">Slider with alias fenix not found.<\/div>\n\t\t\t\t\t<\/div>\n\t\t\t\t<\/rs-module>\n\t\t\t<\/rs-module-wrap>\n\t\t\t<script>\n\t\t\t\tvar rs_eslider = document.getElementById(\"rev_slider_error_1\");\n\t\t\t\trs_eslider.style.display = \"none\";\n\t\t\t\tconsole.log(\"Slider with alias fenix not found.\");\n\t\t\t<\/script>\n<br \/>\n<script>\n   $(window).on('load', function(){\n      $(\".sdm_download\").each(function( index, element ){\n         console.log($(this));\n         $(this).attr('target','_blank');\n      });\n   });\n<\/script><\/p>\n","protected":false},"excerpt":{"rendered":"<p>Das <strong>NEVO-SKY JET EXPER<\/strong>T ist f\u00fcr Antriebseinheiten mit indirekter Kraftstoffeinspritzung bestimmt und unterst\u00fctzt bis zu <strong>8 zyl<\/strong>.<\/p>\n","protected":false},"featured_media":11918,"template":"","meta":[],"product_brand":[],"product_cat":[592039],"product_tag":[592500,592501,592499,592502],"class_list":{"0":"post-12595","1":"product","2":"type-product","3":"status-publish","4":"has-post-thumbnail","6":"product_cat-steuergeraete","7":"product_tag-indirekte-einspritzung","8":"product_tag-jet-de","9":"product_tag-neuheit","10":"product_tag-nevo-sky-de","12":"first","13":"instock","14":"shipping-taxable","15":"product-type-grouped"},"acf":[],"yoast_head":"<!-- This site is optimized with the Yoast SEO plugin v27.4 - https:\/\/yoast.com\/product\/yoast-seo-wordpress\/ -->\n<title>Steuerger\u00e4t JET EXPERT - KME<\/title>\n<meta name=\"robots\" content=\"index, follow, max-snippet:-1, max-image-preview:large, max-video-preview:-1\" \/>\n<link rel=\"canonical\" href=\"https:\/\/kme.eu\/kme\/de\/produkt\/steuergerat-jet-expert\/\" \/>\n<meta property=\"og:locale\" content=\"de_DE\" \/>\n<meta property=\"og:type\" content=\"article\" \/>\n<meta property=\"og:title\" content=\"Steuerger\u00e4t JET EXPERT - KME\" \/>\n<meta property=\"og:description\" content=\"Das NEVO-SKY JET EXPERT ist f\u00fcr Antriebseinheiten mit indirekter Kraftstoffeinspritzung bestimmt und unterst\u00fctzt bis zu 8 zyl.\" \/>\n<meta property=\"og:url\" content=\"https:\/\/kme.eu\/kme\/de\/produkt\/steuergerat-jet-expert\/\" \/>\n<meta property=\"og:site_name\" content=\"KME\" \/>\n<meta property=\"article:publisher\" content=\"https:\/\/www.facebook.com\/KME.LPG\/\" \/>\n<meta property=\"article:modified_time\" content=\"2022-02-10T13:31:55+00:00\" \/>\n<meta property=\"og:image\" content=\"https:\/\/kme.eu\/kme\/wp-content\/uploads\/2020\/06\/JET_EXPERT.jpg\" \/>\n\t<meta property=\"og:image:width\" content=\"800\" \/>\n\t<meta property=\"og:image:height\" content=\"900\" \/>\n\t<meta property=\"og:image:type\" content=\"image\/jpeg\" \/>\n<meta name=\"twitter:card\" content=\"summary_large_image\" \/>\n<meta name=\"twitter:label1\" content=\"Gesch\u00e4tzte Lesezeit\" \/>\n\t<meta name=\"twitter:data1\" content=\"1\u00a0Minute\" \/>\n<script type=\"application\/ld+json\" class=\"yoast-schema-graph\">{\"@context\":\"https:\\\/\\\/schema.org\",\"@graph\":[{\"@type\":\"WebPage\",\"@id\":\"https:\\\/\\\/kme.eu\\\/kme\\\/de\\\/produkt\\\/steuergerat-jet-expert\\\/\",\"url\":\"https:\\\/\\\/kme.eu\\\/kme\\\/de\\\/produkt\\\/steuergerat-jet-expert\\\/\",\"name\":\"Steuerger\u00e4t JET EXPERT - KME\",\"isPartOf\":{\"@id\":\"https:\\\/\\\/kme.eu\\\/kme\\\/de\\\/#website\"},\"primaryImageOfPage\":{\"@id\":\"https:\\\/\\\/kme.eu\\\/kme\\\/de\\\/produkt\\\/steuergerat-jet-expert\\\/#primaryimage\"},\"image\":{\"@id\":\"https:\\\/\\\/kme.eu\\\/kme\\\/de\\\/produkt\\\/steuergerat-jet-expert\\\/#primaryimage\"},\"thumbnailUrl\":\"https:\\\/\\\/kme.eu\\\/kme\\\/wp-content\\\/uploads\\\/2020\\\/06\\\/JET_EXPERT.jpg\",\"datePublished\":\"2020-06-16T08:07:21+00:00\",\"dateModified\":\"2022-02-10T13:31:55+00:00\",\"breadcrumb\":{\"@id\":\"https:\\\/\\\/kme.eu\\\/kme\\\/de\\\/produkt\\\/steuergerat-jet-expert\\\/#breadcrumb\"},\"inLanguage\":\"de\",\"potentialAction\":[{\"@type\":\"ReadAction\",\"target\":[\"https:\\\/\\\/kme.eu\\\/kme\\\/de\\\/produkt\\\/steuergerat-jet-expert\\\/\"]}]},{\"@type\":\"ImageObject\",\"inLanguage\":\"de\",\"@id\":\"https:\\\/\\\/kme.eu\\\/kme\\\/de\\\/produkt\\\/steuergerat-jet-expert\\\/#primaryimage\",\"url\":\"https:\\\/\\\/kme.eu\\\/kme\\\/wp-content\\\/uploads\\\/2020\\\/06\\\/JET_EXPERT.jpg\",\"contentUrl\":\"https:\\\/\\\/kme.eu\\\/kme\\\/wp-content\\\/uploads\\\/2020\\\/06\\\/JET_EXPERT.jpg\",\"width\":800,\"height\":900},{\"@type\":\"BreadcrumbList\",\"@id\":\"https:\\\/\\\/kme.eu\\\/kme\\\/de\\\/produkt\\\/steuergerat-jet-expert\\\/#breadcrumb\",\"itemListElement\":[{\"@type\":\"ListItem\",\"position\":1,\"name\":\"Strona g\u0142\u00f3wna\",\"item\":\"https:\\\/\\\/kme.eu\\\/kme\\\/de\\\/\"},{\"@type\":\"ListItem\",\"position\":2,\"name\":\"Produkte\",\"item\":\"https:\\\/\\\/kme.eu\\\/kme\\\/de\\\/shop\\\/\"},{\"@type\":\"ListItem\",\"position\":3,\"name\":\"Steuerger\u00e4t JET EXPERT\"}]},{\"@type\":\"WebSite\",\"@id\":\"https:\\\/\\\/kme.eu\\\/kme\\\/de\\\/#website\",\"url\":\"https:\\\/\\\/kme.eu\\\/kme\\\/de\\\/\",\"name\":\"KME\",\"description\":\"Autogas Systems\",\"publisher\":{\"@id\":\"https:\\\/\\\/kme.eu\\\/kme\\\/de\\\/#organization\"},\"potentialAction\":[{\"@type\":\"SearchAction\",\"target\":{\"@type\":\"EntryPoint\",\"urlTemplate\":\"https:\\\/\\\/kme.eu\\\/kme\\\/de\\\/?s={search_term_string}\"},\"query-input\":{\"@type\":\"PropertyValueSpecification\",\"valueRequired\":true,\"valueName\":\"search_term_string\"}}],\"inLanguage\":\"de\"},{\"@type\":\"Organization\",\"@id\":\"https:\\\/\\\/kme.eu\\\/kme\\\/de\\\/#organization\",\"name\":\"KME\",\"url\":\"https:\\\/\\\/kme.eu\\\/kme\\\/de\\\/\",\"logo\":{\"@type\":\"ImageObject\",\"inLanguage\":\"de\",\"@id\":\"https:\\\/\\\/kme.eu\\\/kme\\\/de\\\/#\\\/schema\\\/logo\\\/image\\\/\",\"url\":\"https:\\\/\\\/kme.eu\\\/kme\\\/wp-content\\\/uploads\\\/2020\\\/04\\\/logo_KME_RGB_small_200px.png\",\"contentUrl\":\"https:\\\/\\\/kme.eu\\\/kme\\\/wp-content\\\/uploads\\\/2020\\\/04\\\/logo_KME_RGB_small_200px.png\",\"width\":272,\"height\":200,\"caption\":\"KME\"},\"image\":{\"@id\":\"https:\\\/\\\/kme.eu\\\/kme\\\/de\\\/#\\\/schema\\\/logo\\\/image\\\/\"},\"sameAs\":[\"https:\\\/\\\/www.facebook.com\\\/KME.LPG\\\/\",\"https:\\\/\\\/www.instagram.com\\\/kme_lpg\\\/\"]}]}<\/script>\n<!-- \/ Yoast SEO plugin. -->","yoast_head_json":{"title":"Steuerger\u00e4t JET EXPERT - KME","robots":{"index":"index","follow":"follow","max-snippet":"max-snippet:-1","max-image-preview":"max-image-preview:large","max-video-preview":"max-video-preview:-1"},"canonical":"https:\/\/kme.eu\/kme\/de\/produkt\/steuergerat-jet-expert\/","og_locale":"de_DE","og_type":"article","og_title":"Steuerger\u00e4t JET EXPERT - KME","og_description":"Das NEVO-SKY JET EXPERT ist f\u00fcr Antriebseinheiten mit indirekter Kraftstoffeinspritzung bestimmt und unterst\u00fctzt bis zu 8 zyl.","og_url":"https:\/\/kme.eu\/kme\/de\/produkt\/steuergerat-jet-expert\/","og_site_name":"KME","article_publisher":"https:\/\/www.facebook.com\/KME.LPG\/","article_modified_time":"2022-02-10T13:31:55+00:00","og_image":[{"width":800,"height":900,"url":"https:\/\/kme.eu\/kme\/wp-content\/uploads\/2020\/06\/JET_EXPERT.jpg","type":"image\/jpeg"}],"twitter_card":"summary_large_image","twitter_misc":{"Gesch\u00e4tzte Lesezeit":"1\u00a0Minute"},"schema":{"@context":"https:\/\/schema.org","@graph":[{"@type":"WebPage","@id":"https:\/\/kme.eu\/kme\/de\/produkt\/steuergerat-jet-expert\/","url":"https:\/\/kme.eu\/kme\/de\/produkt\/steuergerat-jet-expert\/","name":"Steuerger\u00e4t JET EXPERT - KME","isPartOf":{"@id":"https:\/\/kme.eu\/kme\/de\/#website"},"primaryImageOfPage":{"@id":"https:\/\/kme.eu\/kme\/de\/produkt\/steuergerat-jet-expert\/#primaryimage"},"image":{"@id":"https:\/\/kme.eu\/kme\/de\/produkt\/steuergerat-jet-expert\/#primaryimage"},"thumbnailUrl":"https:\/\/kme.eu\/kme\/wp-content\/uploads\/2020\/06\/JET_EXPERT.jpg","datePublished":"2020-06-16T08:07:21+00:00","dateModified":"2022-02-10T13:31:55+00:00","breadcrumb":{"@id":"https:\/\/kme.eu\/kme\/de\/produkt\/steuergerat-jet-expert\/#breadcrumb"},"inLanguage":"de","potentialAction":[{"@type":"ReadAction","target":["https:\/\/kme.eu\/kme\/de\/produkt\/steuergerat-jet-expert\/"]}]},{"@type":"ImageObject","inLanguage":"de","@id":"https:\/\/kme.eu\/kme\/de\/produkt\/steuergerat-jet-expert\/#primaryimage","url":"https:\/\/kme.eu\/kme\/wp-content\/uploads\/2020\/06\/JET_EXPERT.jpg","contentUrl":"https:\/\/kme.eu\/kme\/wp-content\/uploads\/2020\/06\/JET_EXPERT.jpg","width":800,"height":900},{"@type":"BreadcrumbList","@id":"https:\/\/kme.eu\/kme\/de\/produkt\/steuergerat-jet-expert\/#breadcrumb","itemListElement":[{"@type":"ListItem","position":1,"name":"Strona g\u0142\u00f3wna","item":"https:\/\/kme.eu\/kme\/de\/"},{"@type":"ListItem","position":2,"name":"Produkte","item":"https:\/\/kme.eu\/kme\/de\/shop\/"},{"@type":"ListItem","position":3,"name":"Steuerger\u00e4t JET EXPERT"}]},{"@type":"WebSite","@id":"https:\/\/kme.eu\/kme\/de\/#website","url":"https:\/\/kme.eu\/kme\/de\/","name":"KME","description":"Autogas Systems","publisher":{"@id":"https:\/\/kme.eu\/kme\/de\/#organization"},"potentialAction":[{"@type":"SearchAction","target":{"@type":"EntryPoint","urlTemplate":"https:\/\/kme.eu\/kme\/de\/?s={search_term_string}"},"query-input":{"@type":"PropertyValueSpecification","valueRequired":true,"valueName":"search_term_string"}}],"inLanguage":"de"},{"@type":"Organization","@id":"https:\/\/kme.eu\/kme\/de\/#organization","name":"KME","url":"https:\/\/kme.eu\/kme\/de\/","logo":{"@type":"ImageObject","inLanguage":"de","@id":"https:\/\/kme.eu\/kme\/de\/#\/schema\/logo\/image\/","url":"https:\/\/kme.eu\/kme\/wp-content\/uploads\/2020\/04\/logo_KME_RGB_small_200px.png","contentUrl":"https:\/\/kme.eu\/kme\/wp-content\/uploads\/2020\/04\/logo_KME_RGB_small_200px.png","width":272,"height":200,"caption":"KME"},"image":{"@id":"https:\/\/kme.eu\/kme\/de\/#\/schema\/logo\/image\/"},"sameAs":["https:\/\/www.facebook.com\/KME.LPG\/","https:\/\/www.instagram.com\/kme_lpg\/"]}]}},"_links":{"self":[{"href":"https:\/\/kme.eu\/kme\/de\/wp-json\/wp\/v2\/product\/12595","targetHints":{"allow":["GET"]}}],"collection":[{"href":"https:\/\/kme.eu\/kme\/de\/wp-json\/wp\/v2\/product"}],"about":[{"href":"https:\/\/kme.eu\/kme\/de\/wp-json\/wp\/v2\/types\/product"}],"wp:featuredmedia":[{"embeddable":true,"href":"https:\/\/kme.eu\/kme\/de\/wp-json\/wp\/v2\/media\/11918"}],"wp:attachment":[{"href":"https:\/\/kme.eu\/kme\/de\/wp-json\/wp\/v2\/media?parent=12595"}],"wp:term":[{"taxonomy":"product_brand","embeddable":true,"href":"https:\/\/kme.eu\/kme\/de\/wp-json\/wp\/v2\/product_brand?post=12595"},{"taxonomy":"product_cat","embeddable":true,"href":"https:\/\/kme.eu\/kme\/de\/wp-json\/wp\/v2\/product_cat?post=12595"},{"taxonomy":"product_tag","embeddable":true,"href":"https:\/\/kme.eu\/kme\/de\/wp-json\/wp\/v2\/product_tag?post=12595"}],"curies":[{"name":"wp","href":"https:\/\/api.w.org\/{rel}","templated":true}]}}