{"id":16133,"date":"2023-02-21T08:17:50","date_gmt":"2023-02-21T07:17:50","guid":{"rendered":"https:\/\/kme.eu\/kme\/?post_type=product&#038;p=16133"},"modified":"2026-03-27T15:05:27","modified_gmt":"2026-03-27T14:05:27","slug":"wtryskiwacz-hawk-1cyl","status":"publish","type":"product","link":"https:\/\/kme.eu\/kme\/de\/produkt\/wtryskiwacz-hawk-1cyl\/","title":{"rendered":"HAWK PREMIUM 1 cyl."},"content":{"rendered":"<p>Wtryskiwacze przeznaczone s\u0105 do samochodowych instalacji sekwencyjnego wtrysku gazu LPG w pojazdach z silnikiem spalinowym. S\u0105 to podzespo\u0142y, kt\u00f3re odpowiedzialne s\u0105 za precyzyjne dawkowanie gazu LPG do kana\u0142\u00f3w dolotowych cylindr\u00f3w silnika. Dost\u0119pne s\u0105 wersje 1, 2, 3, 4 cylindrowe. Jest to szybki wtryskiwacz zapewniaj\u0105cy precyzyjne podawanie gazu nawet przy kr\u00f3tkich czasach otwarcia. Jest to niezmiernie istotne dla silnik\u00f3w z wtryskiem bezpo\u015brednim.<\/p>\n<div class=\"sdm_download_button_box_default\"><div class=\"sdm_download_link\"><a href=\"https:\/\/kme.eu\/kme\/de\/\/?sdm_process_download=1&download_id=16840\" class=\"sdm_download orange\" title=\"Wtryskiwacze HAWK &#8211; karta produkt\u00f3w\" target=&quot;_blank&quot;>Pobierz kart\u0119 produkt\u00f3w HAWK<\/a><\/div><\/div>\n<div class=\"sdm_download_button_box_default\"><div class=\"sdm_download_link\"><a href=\"https:\/\/kme.eu\/kme\/de\/\/?sdm_process_download=1&download_id=16956\" class=\"sdm_download orange\" title=\"Wtryskiwacze KME \u2013 parametry\" target=&quot;_blank&quot;>Pobierz zestawienie wtryskiwaczy KME<\/a><\/div><\/div>\n<p>&nbsp;<\/p>\n<p><script>\n   $(window).on('load', function(){\n      $(\".sdm_download\").each(function( index, element ){\n         console.log($(this));\n         $(this).attr('target','_blank');\n      });\n   });\n<\/script><\/p>\n","protected":false},"excerpt":{"rendered":"<p>Wtryskiwacze przeznaczone s\u0105 do samochodowych instalacji sekwencyjnego wtrysku gazu LPG w pojazdach z silnikiem spalinowym.<\/p>\n","protected":false},"featured_media":16600,"template":"","meta":[],"product_brand":[],"product_cat":[151],"product_tag":[],"class_list":{"0":"post-16133","1":"product","2":"type-product","3":"status-publish","4":"has-post-thumbnail","6":"product_cat-wtryskiwacze","7":"pa_max-cisnienie-pracy-45-bar","8":"pa_max-moc-47-km","9":"pa_max-prad-otwarcia-6-a","10":"pa_max-prad-podtrzymania-12-a","11":"pa_min-czas-stabilnego-otwarci-110-ms","12":"pa_napiecie-zasilania-12-do-16-v","13":"pa_opoznienie-otwarcia-13-ms","14":"pa_powloka-fluoropolimerowa","15":"pa_regulacja-przeplywu-za-pomoca-dysz-kalibracyjnych","16":"pa_rezystancja-cewki-10-ohm-5","17":"pa_temperatura-pracy-20-do-120-stopni-c","18":"pa_wersje-wykonania-1-2-3-4-cylindry","19":"pa_zlacze-superseal","21":"first","22":"instock","23":"featured","24":"shipping-taxable","25":"product-type-simple"},"acf":[],"yoast_head":"<!-- This site is optimized with the Yoast SEO plugin v27.4 - https:\/\/yoast.com\/product\/yoast-seo-wordpress\/ -->\n<title>HAWK PREMIUM 1 cyl. - KME<\/title>\n<meta name=\"robots\" content=\"index, follow, max-snippet:-1, max-image-preview:large, max-video-preview:-1\" \/>\n<link rel=\"canonical\" href=\"https:\/\/kme.eu\/kme\/de\/produkt\/wtryskiwacz-hawk-1cyl\/\" \/>\n<meta property=\"og:locale\" content=\"de_DE\" \/>\n<meta property=\"og:type\" content=\"article\" \/>\n<meta property=\"og:title\" content=\"HAWK PREMIUM 1 cyl. - KME\" \/>\n<meta property=\"og:description\" content=\"Wtryskiwacze przeznaczone s\u0105 do samochodowych instalacji sekwencyjnego wtrysku gazu LPG w pojazdach z silnikiem spalinowym.\" \/>\n<meta property=\"og:url\" content=\"https:\/\/kme.eu\/kme\/de\/produkt\/wtryskiwacz-hawk-1cyl\/\" \/>\n<meta property=\"og:site_name\" content=\"KME\" \/>\n<meta property=\"article:publisher\" content=\"https:\/\/www.facebook.com\/KME.LPG\/\" \/>\n<meta property=\"article:modified_time\" content=\"2026-03-27T14:05:27+00:00\" \/>\n<meta property=\"og:image\" content=\"https:\/\/kme.eu\/kme\/wp-content\/uploads\/2023\/07\/HAWK_premium_1cyl.jpg\" \/>\n\t<meta property=\"og:image:width\" content=\"800\" \/>\n\t<meta property=\"og:image:height\" content=\"800\" \/>\n\t<meta property=\"og:image:type\" content=\"image\/jpeg\" \/>\n<meta name=\"twitter:card\" content=\"summary_large_image\" \/>\n<meta name=\"twitter:label1\" content=\"Gesch\u00e4tzte Lesezeit\" \/>\n\t<meta name=\"twitter:data1\" content=\"1\u00a0Minute\" \/>\n<script type=\"application\/ld+json\" class=\"yoast-schema-graph\">{\"@context\":\"https:\\\/\\\/schema.org\",\"@graph\":[{\"@type\":\"WebPage\",\"@id\":\"https:\\\/\\\/kme.eu\\\/kme\\\/de\\\/produkt\\\/wtryskiwacz-hawk-1cyl\\\/\",\"url\":\"https:\\\/\\\/kme.eu\\\/kme\\\/de\\\/produkt\\\/wtryskiwacz-hawk-1cyl\\\/\",\"name\":\"HAWK PREMIUM 1 cyl. - KME\",\"isPartOf\":{\"@id\":\"https:\\\/\\\/kme.eu\\\/kme\\\/de\\\/#website\"},\"primaryImageOfPage\":{\"@id\":\"https:\\\/\\\/kme.eu\\\/kme\\\/de\\\/produkt\\\/wtryskiwacz-hawk-1cyl\\\/#primaryimage\"},\"image\":{\"@id\":\"https:\\\/\\\/kme.eu\\\/kme\\\/de\\\/produkt\\\/wtryskiwacz-hawk-1cyl\\\/#primaryimage\"},\"thumbnailUrl\":\"https:\\\/\\\/kme.eu\\\/kme\\\/wp-content\\\/uploads\\\/2023\\\/07\\\/HAWK_premium_1cyl.jpg\",\"datePublished\":\"2023-02-21T07:17:50+00:00\",\"dateModified\":\"2026-03-27T14:05:27+00:00\",\"breadcrumb\":{\"@id\":\"https:\\\/\\\/kme.eu\\\/kme\\\/de\\\/produkt\\\/wtryskiwacz-hawk-1cyl\\\/#breadcrumb\"},\"inLanguage\":\"de\",\"potentialAction\":[{\"@type\":\"ReadAction\",\"target\":[\"https:\\\/\\\/kme.eu\\\/kme\\\/de\\\/produkt\\\/wtryskiwacz-hawk-1cyl\\\/\"]}]},{\"@type\":\"ImageObject\",\"inLanguage\":\"de\",\"@id\":\"https:\\\/\\\/kme.eu\\\/kme\\\/de\\\/produkt\\\/wtryskiwacz-hawk-1cyl\\\/#primaryimage\",\"url\":\"https:\\\/\\\/kme.eu\\\/kme\\\/wp-content\\\/uploads\\\/2023\\\/07\\\/HAWK_premium_1cyl.jpg\",\"contentUrl\":\"https:\\\/\\\/kme.eu\\\/kme\\\/wp-content\\\/uploads\\\/2023\\\/07\\\/HAWK_premium_1cyl.jpg\",\"width\":800,\"height\":800},{\"@type\":\"BreadcrumbList\",\"@id\":\"https:\\\/\\\/kme.eu\\\/kme\\\/de\\\/produkt\\\/wtryskiwacz-hawk-1cyl\\\/#breadcrumb\",\"itemListElement\":[{\"@type\":\"ListItem\",\"position\":1,\"name\":\"Strona g\u0142\u00f3wna\",\"item\":\"https:\\\/\\\/kme.eu\\\/kme\\\/de\\\/\"},{\"@type\":\"ListItem\",\"position\":2,\"name\":\"Produkte\",\"item\":\"https:\\\/\\\/kme.eu\\\/kme\\\/de\\\/shop\\\/\"},{\"@type\":\"ListItem\",\"position\":3,\"name\":\"HAWK PREMIUM 1 cyl.\"}]},{\"@type\":\"WebSite\",\"@id\":\"https:\\\/\\\/kme.eu\\\/kme\\\/de\\\/#website\",\"url\":\"https:\\\/\\\/kme.eu\\\/kme\\\/de\\\/\",\"name\":\"KME\",\"description\":\"Autogas Systems\",\"publisher\":{\"@id\":\"https:\\\/\\\/kme.eu\\\/kme\\\/de\\\/#organization\"},\"potentialAction\":[{\"@type\":\"SearchAction\",\"target\":{\"@type\":\"EntryPoint\",\"urlTemplate\":\"https:\\\/\\\/kme.eu\\\/kme\\\/de\\\/?s={search_term_string}\"},\"query-input\":{\"@type\":\"PropertyValueSpecification\",\"valueRequired\":true,\"valueName\":\"search_term_string\"}}],\"inLanguage\":\"de\"},{\"@type\":\"Organization\",\"@id\":\"https:\\\/\\\/kme.eu\\\/kme\\\/de\\\/#organization\",\"name\":\"KME\",\"url\":\"https:\\\/\\\/kme.eu\\\/kme\\\/de\\\/\",\"logo\":{\"@type\":\"ImageObject\",\"inLanguage\":\"de\",\"@id\":\"https:\\\/\\\/kme.eu\\\/kme\\\/de\\\/#\\\/schema\\\/logo\\\/image\\\/\",\"url\":\"https:\\\/\\\/kme.eu\\\/kme\\\/wp-content\\\/uploads\\\/2020\\\/04\\\/logo_KME_RGB_small_200px.png\",\"contentUrl\":\"https:\\\/\\\/kme.eu\\\/kme\\\/wp-content\\\/uploads\\\/2020\\\/04\\\/logo_KME_RGB_small_200px.png\",\"width\":272,\"height\":200,\"caption\":\"KME\"},\"image\":{\"@id\":\"https:\\\/\\\/kme.eu\\\/kme\\\/de\\\/#\\\/schema\\\/logo\\\/image\\\/\"},\"sameAs\":[\"https:\\\/\\\/www.facebook.com\\\/KME.LPG\\\/\",\"https:\\\/\\\/www.instagram.com\\\/kme_lpg\\\/\"]}]}<\/script>\n<!-- \/ Yoast SEO plugin. -->","yoast_head_json":{"title":"HAWK PREMIUM 1 cyl. - KME","robots":{"index":"index","follow":"follow","max-snippet":"max-snippet:-1","max-image-preview":"max-image-preview:large","max-video-preview":"max-video-preview:-1"},"canonical":"https:\/\/kme.eu\/kme\/de\/produkt\/wtryskiwacz-hawk-1cyl\/","og_locale":"de_DE","og_type":"article","og_title":"HAWK PREMIUM 1 cyl. - KME","og_description":"Wtryskiwacze przeznaczone s\u0105 do samochodowych instalacji sekwencyjnego wtrysku gazu LPG w pojazdach z silnikiem spalinowym.","og_url":"https:\/\/kme.eu\/kme\/de\/produkt\/wtryskiwacz-hawk-1cyl\/","og_site_name":"KME","article_publisher":"https:\/\/www.facebook.com\/KME.LPG\/","article_modified_time":"2026-03-27T14:05:27+00:00","og_image":[{"width":800,"height":800,"url":"https:\/\/kme.eu\/kme\/wp-content\/uploads\/2023\/07\/HAWK_premium_1cyl.jpg","type":"image\/jpeg"}],"twitter_card":"summary_large_image","twitter_misc":{"Gesch\u00e4tzte Lesezeit":"1\u00a0Minute"},"schema":{"@context":"https:\/\/schema.org","@graph":[{"@type":"WebPage","@id":"https:\/\/kme.eu\/kme\/de\/produkt\/wtryskiwacz-hawk-1cyl\/","url":"https:\/\/kme.eu\/kme\/de\/produkt\/wtryskiwacz-hawk-1cyl\/","name":"HAWK PREMIUM 1 cyl. - KME","isPartOf":{"@id":"https:\/\/kme.eu\/kme\/de\/#website"},"primaryImageOfPage":{"@id":"https:\/\/kme.eu\/kme\/de\/produkt\/wtryskiwacz-hawk-1cyl\/#primaryimage"},"image":{"@id":"https:\/\/kme.eu\/kme\/de\/produkt\/wtryskiwacz-hawk-1cyl\/#primaryimage"},"thumbnailUrl":"https:\/\/kme.eu\/kme\/wp-content\/uploads\/2023\/07\/HAWK_premium_1cyl.jpg","datePublished":"2023-02-21T07:17:50+00:00","dateModified":"2026-03-27T14:05:27+00:00","breadcrumb":{"@id":"https:\/\/kme.eu\/kme\/de\/produkt\/wtryskiwacz-hawk-1cyl\/#breadcrumb"},"inLanguage":"de","potentialAction":[{"@type":"ReadAction","target":["https:\/\/kme.eu\/kme\/de\/produkt\/wtryskiwacz-hawk-1cyl\/"]}]},{"@type":"ImageObject","inLanguage":"de","@id":"https:\/\/kme.eu\/kme\/de\/produkt\/wtryskiwacz-hawk-1cyl\/#primaryimage","url":"https:\/\/kme.eu\/kme\/wp-content\/uploads\/2023\/07\/HAWK_premium_1cyl.jpg","contentUrl":"https:\/\/kme.eu\/kme\/wp-content\/uploads\/2023\/07\/HAWK_premium_1cyl.jpg","width":800,"height":800},{"@type":"BreadcrumbList","@id":"https:\/\/kme.eu\/kme\/de\/produkt\/wtryskiwacz-hawk-1cyl\/#breadcrumb","itemListElement":[{"@type":"ListItem","position":1,"name":"Strona g\u0142\u00f3wna","item":"https:\/\/kme.eu\/kme\/de\/"},{"@type":"ListItem","position":2,"name":"Produkte","item":"https:\/\/kme.eu\/kme\/de\/shop\/"},{"@type":"ListItem","position":3,"name":"HAWK PREMIUM 1 cyl."}]},{"@type":"WebSite","@id":"https:\/\/kme.eu\/kme\/de\/#website","url":"https:\/\/kme.eu\/kme\/de\/","name":"KME","description":"Autogas Systems","publisher":{"@id":"https:\/\/kme.eu\/kme\/de\/#organization"},"potentialAction":[{"@type":"SearchAction","target":{"@type":"EntryPoint","urlTemplate":"https:\/\/kme.eu\/kme\/de\/?s={search_term_string}"},"query-input":{"@type":"PropertyValueSpecification","valueRequired":true,"valueName":"search_term_string"}}],"inLanguage":"de"},{"@type":"Organization","@id":"https:\/\/kme.eu\/kme\/de\/#organization","name":"KME","url":"https:\/\/kme.eu\/kme\/de\/","logo":{"@type":"ImageObject","inLanguage":"de","@id":"https:\/\/kme.eu\/kme\/de\/#\/schema\/logo\/image\/","url":"https:\/\/kme.eu\/kme\/wp-content\/uploads\/2020\/04\/logo_KME_RGB_small_200px.png","contentUrl":"https:\/\/kme.eu\/kme\/wp-content\/uploads\/2020\/04\/logo_KME_RGB_small_200px.png","width":272,"height":200,"caption":"KME"},"image":{"@id":"https:\/\/kme.eu\/kme\/de\/#\/schema\/logo\/image\/"},"sameAs":["https:\/\/www.facebook.com\/KME.LPG\/","https:\/\/www.instagram.com\/kme_lpg\/"]}]}},"_links":{"self":[{"href":"https:\/\/kme.eu\/kme\/de\/wp-json\/wp\/v2\/product\/16133","targetHints":{"allow":["GET"]}}],"collection":[{"href":"https:\/\/kme.eu\/kme\/de\/wp-json\/wp\/v2\/product"}],"about":[{"href":"https:\/\/kme.eu\/kme\/de\/wp-json\/wp\/v2\/types\/product"}],"wp:featuredmedia":[{"embeddable":true,"href":"https:\/\/kme.eu\/kme\/de\/wp-json\/wp\/v2\/media\/16600"}],"wp:attachment":[{"href":"https:\/\/kme.eu\/kme\/de\/wp-json\/wp\/v2\/media?parent=16133"}],"wp:term":[{"taxonomy":"product_brand","embeddable":true,"href":"https:\/\/kme.eu\/kme\/de\/wp-json\/wp\/v2\/product_brand?post=16133"},{"taxonomy":"product_cat","embeddable":true,"href":"https:\/\/kme.eu\/kme\/de\/wp-json\/wp\/v2\/product_cat?post=16133"},{"taxonomy":"product_tag","embeddable":true,"href":"https:\/\/kme.eu\/kme\/de\/wp-json\/wp\/v2\/product_tag?post=16133"}],"curies":[{"name":"wp","href":"https:\/\/api.w.org\/{rel}","templated":true}]}}