{"id":17651,"date":"2022-06-13T14:02:30","date_gmt":"2022-06-13T12:02:30","guid":{"rendered":"https:\/\/kme.eu\/kme\/produkt\/bedienfeld-dg8-compact\/"},"modified":"2024-02-05T13:06:21","modified_gmt":"2024-02-05T12:06:21","slug":"bedienfeld-dg8-compact","status":"publish","type":"product","link":"https:\/\/kme.eu\/kme\/de\/produkt\/bedienfeld-dg8-compact\/","title":{"rendered":"Bedienfeld DG8 Compact"},"content":{"rendered":"<h4><\/h4>\n<h4><\/h4>\n<h4><\/h4>\n<h4>Innovation<\/h4>\n<p>Das innovative <strong>KME DG8 Compact-Bedienfeld<\/strong> ist f\u00fcr den Einsatz mit sequentiellen Gasinjektionssystemen von NEVO-SKY konzipiert. Das Steuerger\u00e4t <strong>ist das kleinste<\/strong> Ger\u00e4t im KME-Produktangebot, was die Installation \u00e4u\u00dferst einfach macht und nur wenige Eingriffe in den Innenraum des Fahrzeugs erfordert.<\/p>\n<p>&nbsp;<\/p>\n<p><img loading=\"lazy\" decoding=\"async\" class=\"alignnone wp-image-15150 size-full\" src=\"https:\/\/kme.eu\/kme\/wp-content\/uploads\/2022\/06\/DG8_Compact_cechy.jpg\" alt=\"\" width=\"414\" height=\"186\" srcset=\"https:\/\/kme.eu\/kme\/wp-content\/uploads\/2022\/06\/DG8_Compact_cechy.jpg 414w, https:\/\/kme.eu\/kme\/wp-content\/uploads\/2022\/06\/DG8_Compact_cechy-300x135.jpg 300w\" sizes=\"auto, (max-width: 414px) 100vw, 414px\" \/><\/p>\n<p>&nbsp;<\/p>\n<h4>SICHERHEIT<\/h4>\n<p>Die Funktionsweise des <strong>DG8 Compact-Panels<\/strong>, die auf der Verwendung <strong>einer Diode<\/strong> und ihren verschiedenen Farben zur Anzeige aller Meldungen \u00fcber die Installation basiert, erleichtert es dem Fahrer, sich auf die signalisierten Informationen zu konzentrieren [z. B. auf Kraftstoffstand]. Bei der Konstruktion des Ger\u00e4ts wurde ber\u00fccksichtigt, dass eine begrenzte Anzahl von Meldungen Auswirkungen auf die <strong>Sicherheit<\/strong> hat.<\/p>\n<p>&nbsp;<\/p>\n<p><img loading=\"lazy\" decoding=\"async\" class=\"alignnone wp-image-15182 size-full\" src=\"https:\/\/kme.eu\/kme\/wp-content\/uploads\/2022\/06\/DG8_Compact_elewacja_EN.jpg\" alt=\"\" width=\"998\" height=\"277\" srcset=\"https:\/\/kme.eu\/kme\/wp-content\/uploads\/2022\/06\/DG8_Compact_elewacja_EN.jpg 998w, https:\/\/kme.eu\/kme\/wp-content\/uploads\/2022\/06\/DG8_Compact_elewacja_EN-300x83.jpg 300w, https:\/\/kme.eu\/kme\/wp-content\/uploads\/2022\/06\/DG8_Compact_elewacja_EN-768x213.jpg 768w, https:\/\/kme.eu\/kme\/wp-content\/uploads\/2022\/06\/DG8_Compact_elewacja_EN-600x167.jpg 600w\" sizes=\"auto, (max-width: 998px) 100vw, 998px\" \/><\/p>\n<p>&nbsp;<\/p>\n<p>&nbsp;<\/p>\n<h4>DG 8 Compact vs. DG7 RGB<\/h4>\n<p>Vergleich der Gr\u00f6\u00dfen der <strong>DG8 Compact<\/strong> und <strong>DG7 RGB<\/strong>.<\/p>\n<p>&nbsp;<\/p>\n<p><img loading=\"lazy\" decoding=\"async\" class=\"alignnone wp-image-15185 size-full\" src=\"https:\/\/kme.eu\/kme\/wp-content\/uploads\/2022\/06\/DG8_Compact_wymiary_02.jpg\" alt=\"\" width=\"1122\" height=\"302\" srcset=\"https:\/\/kme.eu\/kme\/wp-content\/uploads\/2022\/06\/DG8_Compact_wymiary_02.jpg 1122w, https:\/\/kme.eu\/kme\/wp-content\/uploads\/2022\/06\/DG8_Compact_wymiary_02-300x81.jpg 300w, https:\/\/kme.eu\/kme\/wp-content\/uploads\/2022\/06\/DG8_Compact_wymiary_02-1024x276.jpg 1024w, https:\/\/kme.eu\/kme\/wp-content\/uploads\/2022\/06\/DG8_Compact_wymiary_02-768x207.jpg 768w, https:\/\/kme.eu\/kme\/wp-content\/uploads\/2022\/06\/DG8_Compact_wymiary_02-600x161.jpg 600w\" sizes=\"auto, (max-width: 1122px) 100vw, 1122px\" \/><\/p>\n<p>&nbsp;<\/p>\n<h4>MINIMALISMUS<\/h4>\n<p>Das minimalistische Design des <strong>DG8 Compact<\/strong> Panels passt in den modernen Stil moderner Autos und sorgt f\u00fcr eine komfortable Nutzung. Durch die l\u00e4ngliche Form der Steuereinheit kann diese an einer f\u00fcr den Benutzer bequemen Stelle im Auto-Cockpit montiert werden.<\/p>\n<p>&nbsp;<\/p>\n<p><img loading=\"lazy\" decoding=\"async\" class=\"alignnone wp-image-15145 size-full\" src=\"https:\/\/kme.eu\/kme\/wp-content\/uploads\/2022\/06\/DG8_Compact_baner_dlugi.jpg\" alt=\"\" width=\"1500\" height=\"500\" srcset=\"https:\/\/kme.eu\/kme\/wp-content\/uploads\/2022\/06\/DG8_Compact_baner_dlugi.jpg 1500w, https:\/\/kme.eu\/kme\/wp-content\/uploads\/2022\/06\/DG8_Compact_baner_dlugi-300x100.jpg 300w, https:\/\/kme.eu\/kme\/wp-content\/uploads\/2022\/06\/DG8_Compact_baner_dlugi-1024x341.jpg 1024w, https:\/\/kme.eu\/kme\/wp-content\/uploads\/2022\/06\/DG8_Compact_baner_dlugi-768x256.jpg 768w, https:\/\/kme.eu\/kme\/wp-content\/uploads\/2022\/06\/DG8_Compact_baner_dlugi-600x200.jpg 600w\" sizes=\"auto, (max-width: 1500px) 100vw, 1500px\" \/><\/p>\n<h4><\/h4>\n<h4><\/h4>\n<h4>FUNKTIONEN UND MERKMALE DES PANELS<\/h4>\n<ul>\n<li>dient der Kommunikation zwischen Fahrer und Gasregler<\/li>\n<li>schaltet die Stromversorgung automatisch oder manuell auf Gas um<\/li>\n<li>informiert optisch und akustisch \u00fcber den Gasmangel im Tank<\/li>\n<li>dimmt automatisch bei D\u00e4mmerung<\/li>\n<\/ul>\n<p>&nbsp;<\/p>\n<div class=\"sdm_download_button_box_default\"><div class=\"sdm_download_link\"><a href=\"https:\/\/kme.eu\/kme\/de\/\/?sdm_process_download=1&download_id=16985\" class=\"sdm_download orange\" title=\"Control panel DG8 Compact &#8211; product card\" target=&quot;_blank&quot;>Download DG8 Compact product card<\/a><\/div><\/div>\n<div class=\"sdm_download_button_box_default\"><div class=\"sdm_download_link\"><a href=\"https:\/\/kme.eu\/kme\/de\/\/?sdm_process_download=1&download_id=17587\" class=\"sdm_download orange\" title=\"BENUTZERHANDBUCH Auto-LPG-System\" >Laden Sie das Benutzerhandbuch f\u00fcr die Auto-LPG-Installation herunter<\/a><\/div><\/div>\n<p><script>\n   $(window).on('load', function(){\n      $(\".sdm_download\").each(function( index, element ){\n         console.log($(this));\n         $(this).attr('target','_blank');\n      });\n   });\n<\/script><\/p>\n","protected":false},"excerpt":{"rendered":"<p>Das DG8 Compact-Bedienfeld dient der Kommunikation zwischen dem Fahrer und dem Gasregler. [benzin\/gas]<\/p>\n","protected":false},"featured_media":16851,"template":"","meta":[],"product_brand":[],"product_cat":[592504,592076],"product_tag":[592501,592506,592502,592505],"class_list":{"0":"post-17651","1":"product","2":"type-product","3":"status-publish","4":"has-post-thumbnail","6":"product_cat-bedienfelder-de","7":"product_cat-zubehoer","8":"product_tag-jet-de","9":"product_tag-max-de","10":"product_tag-nevo-sky-de","11":"product_tag-sun-de","12":"pa_brak-gazu-592171","13":"pa_przelacza-na-gaz-700-de","15":"first","16":"instock","17":"shipping-taxable","18":"product-type-simple"},"acf":[],"yoast_head":"<!-- This site is optimized with the Yoast SEO plugin v27.6 - https:\/\/yoast.com\/product\/yoast-seo-wordpress\/ -->\n<title>Bedienfeld DG8 Compact - KME<\/title>\n<meta name=\"robots\" content=\"index, follow, max-snippet:-1, max-image-preview:large, max-video-preview:-1\" \/>\n<link rel=\"canonical\" href=\"https:\/\/kme.eu\/kme\/de\/produkt\/bedienfeld-dg8-compact\/\" \/>\n<meta property=\"og:locale\" content=\"de_DE\" \/>\n<meta property=\"og:type\" content=\"article\" \/>\n<meta property=\"og:title\" content=\"Bedienfeld DG8 Compact - KME\" \/>\n<meta property=\"og:description\" content=\"Das DG8 Compact-Bedienfeld dient der Kommunikation zwischen dem Fahrer und dem Gasregler. [benzin\/gas]\" \/>\n<meta property=\"og:url\" content=\"https:\/\/kme.eu\/kme\/de\/produkt\/bedienfeld-dg8-compact\/\" \/>\n<meta property=\"og:site_name\" content=\"KME\" \/>\n<meta property=\"article:publisher\" content=\"https:\/\/www.facebook.com\/KME.LPG\/\" \/>\n<meta property=\"article:modified_time\" content=\"2024-02-05T12:06:21+00:00\" \/>\n<meta property=\"og:image\" content=\"https:\/\/kme.eu\/kme\/wp-content\/uploads\/2023\/08\/panel_DG8_Compact-1.jpg\" \/>\n\t<meta property=\"og:image:width\" content=\"600\" \/>\n\t<meta property=\"og:image:height\" content=\"675\" \/>\n\t<meta property=\"og:image:type\" content=\"image\/jpeg\" \/>\n<meta name=\"twitter:card\" content=\"summary_large_image\" \/>\n<meta name=\"twitter:label1\" content=\"Gesch\u00e4tzte Lesezeit\" \/>\n\t<meta name=\"twitter:data1\" content=\"3\u00a0Minuten\" \/>\n<script type=\"application\/ld+json\" class=\"yoast-schema-graph\">{\"@context\":\"https:\\\/\\\/schema.org\",\"@graph\":[{\"@type\":\"WebPage\",\"@id\":\"https:\\\/\\\/kme.eu\\\/kme\\\/de\\\/produkt\\\/bedienfeld-dg8-compact\\\/\",\"url\":\"https:\\\/\\\/kme.eu\\\/kme\\\/de\\\/produkt\\\/bedienfeld-dg8-compact\\\/\",\"name\":\"Bedienfeld DG8 Compact - KME\",\"isPartOf\":{\"@id\":\"https:\\\/\\\/kme.eu\\\/kme\\\/de\\\/#website\"},\"primaryImageOfPage\":{\"@id\":\"https:\\\/\\\/kme.eu\\\/kme\\\/de\\\/produkt\\\/bedienfeld-dg8-compact\\\/#primaryimage\"},\"image\":{\"@id\":\"https:\\\/\\\/kme.eu\\\/kme\\\/de\\\/produkt\\\/bedienfeld-dg8-compact\\\/#primaryimage\"},\"thumbnailUrl\":\"https:\\\/\\\/kme.eu\\\/kme\\\/wp-content\\\/uploads\\\/2023\\\/08\\\/panel_DG8_Compact-1.jpg\",\"datePublished\":\"2022-06-13T12:02:30+00:00\",\"dateModified\":\"2024-02-05T12:06:21+00:00\",\"breadcrumb\":{\"@id\":\"https:\\\/\\\/kme.eu\\\/kme\\\/de\\\/produkt\\\/bedienfeld-dg8-compact\\\/#breadcrumb\"},\"inLanguage\":\"de\",\"potentialAction\":[{\"@type\":\"ReadAction\",\"target\":[\"https:\\\/\\\/kme.eu\\\/kme\\\/de\\\/produkt\\\/bedienfeld-dg8-compact\\\/\"]}]},{\"@type\":\"ImageObject\",\"inLanguage\":\"de\",\"@id\":\"https:\\\/\\\/kme.eu\\\/kme\\\/de\\\/produkt\\\/bedienfeld-dg8-compact\\\/#primaryimage\",\"url\":\"https:\\\/\\\/kme.eu\\\/kme\\\/wp-content\\\/uploads\\\/2023\\\/08\\\/panel_DG8_Compact-1.jpg\",\"contentUrl\":\"https:\\\/\\\/kme.eu\\\/kme\\\/wp-content\\\/uploads\\\/2023\\\/08\\\/panel_DG8_Compact-1.jpg\",\"width\":600,\"height\":675},{\"@type\":\"BreadcrumbList\",\"@id\":\"https:\\\/\\\/kme.eu\\\/kme\\\/de\\\/produkt\\\/bedienfeld-dg8-compact\\\/#breadcrumb\",\"itemListElement\":[{\"@type\":\"ListItem\",\"position\":1,\"name\":\"Strona g\u0142\u00f3wna\",\"item\":\"https:\\\/\\\/kme.eu\\\/kme\\\/de\\\/\"},{\"@type\":\"ListItem\",\"position\":2,\"name\":\"Produkte\",\"item\":\"https:\\\/\\\/kme.eu\\\/kme\\\/de\\\/shop\\\/\"},{\"@type\":\"ListItem\",\"position\":3,\"name\":\"Bedienfeld DG8 Compact\"}]},{\"@type\":\"WebSite\",\"@id\":\"https:\\\/\\\/kme.eu\\\/kme\\\/de\\\/#website\",\"url\":\"https:\\\/\\\/kme.eu\\\/kme\\\/de\\\/\",\"name\":\"KME\",\"description\":\"Autogas Systems\",\"publisher\":{\"@id\":\"https:\\\/\\\/kme.eu\\\/kme\\\/de\\\/#organization\"},\"potentialAction\":[{\"@type\":\"SearchAction\",\"target\":{\"@type\":\"EntryPoint\",\"urlTemplate\":\"https:\\\/\\\/kme.eu\\\/kme\\\/de\\\/?s={search_term_string}\"},\"query-input\":{\"@type\":\"PropertyValueSpecification\",\"valueRequired\":true,\"valueName\":\"search_term_string\"}}],\"inLanguage\":\"de\"},{\"@type\":\"Organization\",\"@id\":\"https:\\\/\\\/kme.eu\\\/kme\\\/de\\\/#organization\",\"name\":\"KME\",\"url\":\"https:\\\/\\\/kme.eu\\\/kme\\\/de\\\/\",\"logo\":{\"@type\":\"ImageObject\",\"inLanguage\":\"de\",\"@id\":\"https:\\\/\\\/kme.eu\\\/kme\\\/de\\\/#\\\/schema\\\/logo\\\/image\\\/\",\"url\":\"https:\\\/\\\/kme.eu\\\/kme\\\/wp-content\\\/uploads\\\/2020\\\/04\\\/logo_KME_RGB_small_200px.png\",\"contentUrl\":\"https:\\\/\\\/kme.eu\\\/kme\\\/wp-content\\\/uploads\\\/2020\\\/04\\\/logo_KME_RGB_small_200px.png\",\"width\":272,\"height\":200,\"caption\":\"KME\"},\"image\":{\"@id\":\"https:\\\/\\\/kme.eu\\\/kme\\\/de\\\/#\\\/schema\\\/logo\\\/image\\\/\"},\"sameAs\":[\"https:\\\/\\\/www.facebook.com\\\/KME.LPG\\\/\",\"https:\\\/\\\/www.instagram.com\\\/kme_lpg\\\/\"]}]}<\/script>\n<!-- \/ Yoast SEO plugin. -->","yoast_head_json":{"title":"Bedienfeld DG8 Compact - KME","robots":{"index":"index","follow":"follow","max-snippet":"max-snippet:-1","max-image-preview":"max-image-preview:large","max-video-preview":"max-video-preview:-1"},"canonical":"https:\/\/kme.eu\/kme\/de\/produkt\/bedienfeld-dg8-compact\/","og_locale":"de_DE","og_type":"article","og_title":"Bedienfeld DG8 Compact - KME","og_description":"Das DG8 Compact-Bedienfeld dient der Kommunikation zwischen dem Fahrer und dem Gasregler. [benzin\/gas]","og_url":"https:\/\/kme.eu\/kme\/de\/produkt\/bedienfeld-dg8-compact\/","og_site_name":"KME","article_publisher":"https:\/\/www.facebook.com\/KME.LPG\/","article_modified_time":"2024-02-05T12:06:21+00:00","og_image":[{"width":600,"height":675,"url":"https:\/\/kme.eu\/kme\/wp-content\/uploads\/2023\/08\/panel_DG8_Compact-1.jpg","type":"image\/jpeg"}],"twitter_card":"summary_large_image","twitter_misc":{"Gesch\u00e4tzte Lesezeit":"3\u00a0Minuten"},"schema":{"@context":"https:\/\/schema.org","@graph":[{"@type":"WebPage","@id":"https:\/\/kme.eu\/kme\/de\/produkt\/bedienfeld-dg8-compact\/","url":"https:\/\/kme.eu\/kme\/de\/produkt\/bedienfeld-dg8-compact\/","name":"Bedienfeld DG8 Compact - KME","isPartOf":{"@id":"https:\/\/kme.eu\/kme\/de\/#website"},"primaryImageOfPage":{"@id":"https:\/\/kme.eu\/kme\/de\/produkt\/bedienfeld-dg8-compact\/#primaryimage"},"image":{"@id":"https:\/\/kme.eu\/kme\/de\/produkt\/bedienfeld-dg8-compact\/#primaryimage"},"thumbnailUrl":"https:\/\/kme.eu\/kme\/wp-content\/uploads\/2023\/08\/panel_DG8_Compact-1.jpg","datePublished":"2022-06-13T12:02:30+00:00","dateModified":"2024-02-05T12:06:21+00:00","breadcrumb":{"@id":"https:\/\/kme.eu\/kme\/de\/produkt\/bedienfeld-dg8-compact\/#breadcrumb"},"inLanguage":"de","potentialAction":[{"@type":"ReadAction","target":["https:\/\/kme.eu\/kme\/de\/produkt\/bedienfeld-dg8-compact\/"]}]},{"@type":"ImageObject","inLanguage":"de","@id":"https:\/\/kme.eu\/kme\/de\/produkt\/bedienfeld-dg8-compact\/#primaryimage","url":"https:\/\/kme.eu\/kme\/wp-content\/uploads\/2023\/08\/panel_DG8_Compact-1.jpg","contentUrl":"https:\/\/kme.eu\/kme\/wp-content\/uploads\/2023\/08\/panel_DG8_Compact-1.jpg","width":600,"height":675},{"@type":"BreadcrumbList","@id":"https:\/\/kme.eu\/kme\/de\/produkt\/bedienfeld-dg8-compact\/#breadcrumb","itemListElement":[{"@type":"ListItem","position":1,"name":"Strona g\u0142\u00f3wna","item":"https:\/\/kme.eu\/kme\/de\/"},{"@type":"ListItem","position":2,"name":"Produkte","item":"https:\/\/kme.eu\/kme\/de\/shop\/"},{"@type":"ListItem","position":3,"name":"Bedienfeld DG8 Compact"}]},{"@type":"WebSite","@id":"https:\/\/kme.eu\/kme\/de\/#website","url":"https:\/\/kme.eu\/kme\/de\/","name":"KME","description":"Autogas Systems","publisher":{"@id":"https:\/\/kme.eu\/kme\/de\/#organization"},"potentialAction":[{"@type":"SearchAction","target":{"@type":"EntryPoint","urlTemplate":"https:\/\/kme.eu\/kme\/de\/?s={search_term_string}"},"query-input":{"@type":"PropertyValueSpecification","valueRequired":true,"valueName":"search_term_string"}}],"inLanguage":"de"},{"@type":"Organization","@id":"https:\/\/kme.eu\/kme\/de\/#organization","name":"KME","url":"https:\/\/kme.eu\/kme\/de\/","logo":{"@type":"ImageObject","inLanguage":"de","@id":"https:\/\/kme.eu\/kme\/de\/#\/schema\/logo\/image\/","url":"https:\/\/kme.eu\/kme\/wp-content\/uploads\/2020\/04\/logo_KME_RGB_small_200px.png","contentUrl":"https:\/\/kme.eu\/kme\/wp-content\/uploads\/2020\/04\/logo_KME_RGB_small_200px.png","width":272,"height":200,"caption":"KME"},"image":{"@id":"https:\/\/kme.eu\/kme\/de\/#\/schema\/logo\/image\/"},"sameAs":["https:\/\/www.facebook.com\/KME.LPG\/","https:\/\/www.instagram.com\/kme_lpg\/"]}]}},"_links":{"self":[{"href":"https:\/\/kme.eu\/kme\/de\/wp-json\/wp\/v2\/product\/17651","targetHints":{"allow":["GET"]}}],"collection":[{"href":"https:\/\/kme.eu\/kme\/de\/wp-json\/wp\/v2\/product"}],"about":[{"href":"https:\/\/kme.eu\/kme\/de\/wp-json\/wp\/v2\/types\/product"}],"wp:featuredmedia":[{"embeddable":true,"href":"https:\/\/kme.eu\/kme\/de\/wp-json\/wp\/v2\/media\/16851"}],"wp:attachment":[{"href":"https:\/\/kme.eu\/kme\/de\/wp-json\/wp\/v2\/media?parent=17651"}],"wp:term":[{"taxonomy":"product_brand","embeddable":true,"href":"https:\/\/kme.eu\/kme\/de\/wp-json\/wp\/v2\/product_brand?post=17651"},{"taxonomy":"product_cat","embeddable":true,"href":"https:\/\/kme.eu\/kme\/de\/wp-json\/wp\/v2\/product_cat?post=17651"},{"taxonomy":"product_tag","embeddable":true,"href":"https:\/\/kme.eu\/kme\/de\/wp-json\/wp\/v2\/product_tag?post=17651"}],"curies":[{"name":"wp","href":"https:\/\/api.w.org\/{rel}","templated":true}]}}