{"id":20700,"date":"2026-03-18T10:42:41","date_gmt":"2026-03-18T09:42:41","guid":{"rendered":"https:\/\/kme.eu\/kme\/o_nas-2\/working-w-kme\/"},"modified":"2026-03-18T10:55:43","modified_gmt":"2026-03-18T09:55:43","slug":"working-w-kme","status":"publish","type":"page","link":"https:\/\/kme.eu\/kme\/en\/o_nas-2\/working-w-kme\/","title":{"rendered":"Working w KME"},"content":{"rendered":"<div class=\"wpb-content-wrapper\"><p>[vc_row row_content_width=&#8221;grid&#8221; row_btt_skin=&#8221;light&#8221; row_background_text_position=&#8221;front&#8221;][vc_column][vc_empty_space][vc_column_text]<\/p>\n<h2 style=\"text-align: center;\">Who are we?<\/h2>\n<p>[\/vc_column_text][vc_column_text el_class=&#8221;justowanie_tekst&#8221;]As a leading manufacturer of LPG and CNG systems, KME has been operating in the automotive gas systems market since 1993, providing innovative solutions in the field of autogas and advanced automotive electronics. Its business profile encompasses the design and manufacture of LPG and CNG fuel systems for motor vehicles and their components. KME supplies high-quality products to customers in over 30 countries.[\/vc_column_text][vc_empty_space][\/vc_column][\/vc_row][vc_row row_content_width=&#8221;grid&#8221; row_btt_skin=&#8221;light&#8221; row_background_text_position=&#8221;front&#8221;][vc_column width=&#8221;1\/3&#8243;]<div class=\"mkdf-counter-holder mkdf-shadow-counter   mkdf-counter-transparent-skin\" >\n\t<div class=\"mkdf-counter-inner clearfix\">\n        <div class=\"mkdf-counter-number mkdf-shadow-counter clearfix\">\n                                                <span class=\"mkdf-counter-background\"  >200<\/span>\n                                <span class=\"mkdf-counter mkdf-shadow-counter mkdf-zero-counter\" style=\"font-size: 80px\">200<\/span>\n                    <\/div>\n        <div class=\"mkdf-counter-content mkdf-shadow-counter\">\n                                        <h5 class=\"mkdf-counter-title\" >\n                    employees                <\/h5>\n                    <\/div>\n\t<\/div>\n<\/div>[\/vc_column][vc_column width=&#8221;1\/3&#8243;]<div class=\"mkdf-counter-holder mkdf-shadow-counter   mkdf-counter-transparent-skin\" >\n\t<div class=\"mkdf-counter-inner clearfix\">\n        <div class=\"mkdf-counter-number mkdf-shadow-counter clearfix\">\n                                                <span class=\"mkdf-counter-background\"  >30<\/span>\n                                <span class=\"mkdf-counter mkdf-shadow-counter mkdf-zero-counter\" style=\"font-size: 80px\">30<\/span>\n                    <\/div>\n        <div class=\"mkdf-counter-content mkdf-shadow-counter\">\n                                        <h5 class=\"mkdf-counter-title\" >\n                    Countries served                <\/h5>\n                    <\/div>\n\t<\/div>\n<\/div>[\/vc_column][vc_column width=&#8221;1\/3&#8243;]<div class=\"mkdf-counter-holder mkdf-shadow-counter   mkdf-counter-transparent-skin\" >\n\t<div class=\"mkdf-counter-inner clearfix\">\n        <div class=\"mkdf-counter-number mkdf-shadow-counter clearfix\">\n                                                <span class=\"mkdf-counter-background\"  >27<\/span>\n                                <span class=\"mkdf-counter mkdf-shadow-counter mkdf-zero-counter\" style=\"font-size: 80px\">27<\/span>\n                    <\/div>\n        <div class=\"mkdf-counter-content mkdf-shadow-counter\">\n                                        <h5 class=\"mkdf-counter-title\" >\n                    years in the industry                <\/h5>\n                    <\/div>\n\t<\/div>\n<\/div>[\/vc_column][\/vc_row][vc_row row_btt_skin=&#8221;light&#8221; row_background_text_position=&#8221;front&#8221;][vc_column][vc_empty_space][vc_separator][vc_empty_space][vc_column_text]<\/p>\n<h2 style=\"text-align: center;\">Our offers<\/h2>\n<p>[\/vc_column_text][vc_empty_space][\/vc_column][\/vc_row][vc_row row_content_width=&#8221;grid&#8221; row_btt_skin=&#8221;light&#8221; row_background_text_position=&#8221;front&#8221;][vc_column width=&#8221;1\/2&#8243;]<div class=\"mkdf-iwt clearfix  mkdf-iwt-icon-top-centered  mkdf-iwt-icon-medium\" >\n\t<div class=\"mkdf-iwt-icon\">\n\t\t\t\t\t<a itemprop=\"url\" href=\"\/kme\/o_nas\/operator-linii-smt\/\" target=\"_self\">\n\t\t\t\t\t\t\t\t\t    <span class=\"mkdf-icon-shortcode mkdf-normal   mkdf-icon-medium\"  >\n                    <i class=\"mkdf-icon-ion-icon ion-android-document mkdf-icon-element\" style=\"\" ><\/i>            <\/span>\n\t\t\t\t\t\t\t\t<\/a>\n\t\t\t<\/div>\n\t<div class=\"mkdf-iwt-content\" style=\"padding-top: px\">\n                    <p class=\"mkdf-iwt-caption\" >\u0141\u00f3d\u017a<\/p>\n        \t\t\t\t\t<h4 class=\"mkdf-iwt-title\" >\n\t\t\t\t\t\t\t\t\t<a itemprop=\"url\" href=\"\/kme\/o_nas\/operator-linii-smt\/\" target=\"_self\">\n\t\t\t\t\t\t\t\t<span class=\"mkdf-iwt-title-text\">SMT line operator<\/span>\n\t\t\t\t\t\t\t\t\t<\/a>\n\t\t\t\t\t\t\t<\/h4>\n\t\t\t\t\t<\/div>\n<\/div>[\/vc_column][vc_column width=&#8221;1\/2&#8243;]<div class=\"mkdf-iwt clearfix  mkdf-iwt-icon-top-centered  mkdf-iwt-icon-medium\" >\n\t<div class=\"mkdf-iwt-icon\">\n\t\t\t\t\t<a itemprop=\"url\" href=\"\/kme\/o_nas\/praca-w-kme\/elektronik-z-pasja\/\" target=\"_self\">\n\t\t\t\t\t\t\t\t\t    <span class=\"mkdf-icon-shortcode mkdf-normal   mkdf-icon-medium\"  >\n                    <i class=\"mkdf-icon-ion-icon ion-android-document mkdf-icon-element\" style=\"\" ><\/i>            <\/span>\n\t\t\t\t\t\t\t\t<\/a>\n\t\t\t<\/div>\n\t<div class=\"mkdf-iwt-content\" style=\"padding-top: px\">\n                    <p class=\"mkdf-iwt-caption\" >\u0141\u00f3d\u017a<\/p>\n        \t\t\t\t\t<h4 class=\"mkdf-iwt-title\" >\n\t\t\t\t\t\t\t\t\t<a itemprop=\"url\" href=\"\/kme\/o_nas\/praca-w-kme\/elektronik-z-pasja\/\" target=\"_self\">\n\t\t\t\t\t\t\t\t<span class=\"mkdf-iwt-title-text\">Electronics Engineer in the Research and Development (R&amp;D) department<\/span>\n\t\t\t\t\t\t\t\t\t<\/a>\n\t\t\t\t\t\t\t<\/h4>\n\t\t\t\t\t<\/div>\n<\/div>[\/vc_column][\/vc_row][vc_row row_btt_skin=&#8221;light&#8221; row_background_text_position=&#8221;front&#8221; row_skin=&#8221;dark&#8221;][vc_column][vc_empty_space][vc_separator][vc_column_text]<\/p>\n<h2 style=\"text-align: center;\">Meet our team<\/h2>\n<p>[\/vc_column_text][\/vc_column][\/vc_row][vc_row row_btt_skin=&#8221;light&#8221; row_background_text_position=&#8221;front&#8221;][vc_column width=&#8221;1\/3&#8243;]<div class=\"mkdf-team-holder mkdf-team-info-on-image\">\n\t<div class=\"mkdf-team-inner\">\n\t\t\t\t\t<div class=\"mkdf-team-image\">\n                                    <div class=\"mkdf-team-social-holder\">\n                                    <span class=\"mkdf-team-icon mkdf-team-social-opener\">\n                                        <span class=\"mkdf-icon-shortcode mkdf-normal\">\n                                            <a href=\"#\">\n                                                <span class=\"social_share mkdf-icon-element\"><\/span>\n                                            <\/a>\n                                        <\/span>\n                                    <\/span>\n                                                    <span class=\"mkdf-team-icon\" style=\"color: #ffffff\">    <span class=\"mkdf-icon-shortcode mkdf-normal   \">\n                    <a class=\"\" href=\"mailto:akujawiak@kme.eu\" target=\"_blank\">\n                    <span aria-hidden=\"true\" class=\"mkdf-icon-font-elegant social_share mkdf-icon-element\"><\/span>                    <\/a>\n            <\/span>\n<\/span>\n                                            <\/div>\n                                <img loading=\"lazy\" decoding=\"async\" width=\"390\" height=\"520\" src=\"https:\/\/kme.eu\/kme\/wp-content\/uploads\/2020\/09\/6V0A0051.jpg\" class=\"attachment-full size-full\" alt=\"\" srcset=\"https:\/\/kme.eu\/kme\/wp-content\/uploads\/2020\/09\/6V0A0051.jpg 390w, https:\/\/kme.eu\/kme\/wp-content\/uploads\/2020\/09\/6V0A0051-225x300.jpg 225w\" sizes=\"auto, (max-width: 390px) 100vw, 390px\" \/>\t\t\t\t<div class=\"mkdf-team-social-wrapper\" style=\"background-color: #00235a\">\n\t\t\t\t\t<div class=\"mkdf-team-social-outer\">\n\t\t\t\t\t\t<div class=\"mkdf-team-social-inner\" style=\"color: #ffffff\">\n                                                            <h6 class=\"mkdf-team-position\" style=\"color: #ffffff\">Sales advisor<\/h6>\n                            \t\t\t\t\t\t\t\t\t\t\t\t\t\t\t<h4 class=\"mkdf-team-name\" style=\"color: #ffffff\">Agata Kujawiak<\/h4>\n\t\t\t\t\t\t\t\t\t\t\t\t\t\t\t\t\t\t\t\t\t\t<p class=\"mkdf-team-text\" >mob.: +42 605 651 700<\/p>\n\t\t\t\t\t\t\t\t\t\t\t\t\t<\/div>\n\t\t\t\t\t<\/div>\n\t\t\t\t<\/div>\n\t\t\t<\/div>\n\t\t\t<\/div>\n<\/div>[vc_empty_space height=&#8221;30px&#8221;][\/vc_column][vc_column width=&#8221;1\/3&#8243;]<div class=\"mkdf-team-holder mkdf-team-info-on-image\">\n\t<div class=\"mkdf-team-inner\">\n\t\t\t\t\t<div class=\"mkdf-team-image\">\n                                    <div class=\"mkdf-team-social-holder\">\n                                    <span class=\"mkdf-team-icon mkdf-team-social-opener\">\n                                        <span class=\"mkdf-icon-shortcode mkdf-normal\">\n                                            <a href=\"#\">\n                                                <span class=\"social_share mkdf-icon-element\"><\/span>\n                                            <\/a>\n                                        <\/span>\n                                    <\/span>\n                                                    <span class=\"mkdf-team-icon\" style=\"color: #ffffff\">    <span class=\"mkdf-icon-shortcode mkdf-normal   \">\n                    <a class=\"\" href=\"mailto:lkubiak@kme.eu\" target=\"_self\">\n                    <span aria-hidden=\"true\" class=\"mkdf-icon-font-elegant social_share mkdf-icon-element\"><\/span>                    <\/a>\n            <\/span>\n<\/span>\n                                            <\/div>\n                                <img loading=\"lazy\" decoding=\"async\" width=\"390\" height=\"520\" src=\"https:\/\/kme.eu\/kme\/wp-content\/uploads\/2020\/09\/6V0A0059.jpg\" class=\"attachment-full size-full\" alt=\"\" srcset=\"https:\/\/kme.eu\/kme\/wp-content\/uploads\/2020\/09\/6V0A0059.jpg 390w, https:\/\/kme.eu\/kme\/wp-content\/uploads\/2020\/09\/6V0A0059-225x300.jpg 225w\" sizes=\"auto, (max-width: 390px) 100vw, 390px\" \/>\t\t\t\t<div class=\"mkdf-team-social-wrapper\" style=\"background-color: #00235a\">\n\t\t\t\t\t<div class=\"mkdf-team-social-outer\">\n\t\t\t\t\t\t<div class=\"mkdf-team-social-inner\" style=\"color: #ffffff\">\n                                                            <h6 class=\"mkdf-team-position\" style=\"color: #ffffff\">Sales advisor<\/h6>\n                            \t\t\t\t\t\t\t\t\t\t\t\t\t\t\t<h4 class=\"mkdf-team-name\" style=\"color: #ffffff\">\u0141ukasz Kubiak<\/h4>\n\t\t\t\t\t\t\t\t\t\t\t\t\t\t\t\t\t\t\t\t\t\t<p class=\"mkdf-team-text\" >mob.: +48 664 064 199<\/p>\n\t\t\t\t\t\t\t\t\t\t\t\t\t<\/div>\n\t\t\t\t\t<\/div>\n\t\t\t\t<\/div>\n\t\t\t<\/div>\n\t\t\t<\/div>\n<\/div>[vc_empty_space height=&#8221;30px&#8221;][\/vc_column][vc_column width=&#8221;1\/3&#8243;]<div class=\"mkdf-team-holder mkdf-team-info-on-image\">\n\t<div class=\"mkdf-team-inner\">\n\t\t\t\t\t<div class=\"mkdf-team-image\">\n                                    <div class=\"mkdf-team-social-holder\">\n                                    <span class=\"mkdf-team-icon mkdf-team-social-opener\">\n                                        <span class=\"mkdf-icon-shortcode mkdf-normal\">\n                                            <a href=\"#\">\n                                                <span class=\"social_share mkdf-icon-element\"><\/span>\n                                            <\/a>\n                                        <\/span>\n                                    <\/span>\n                                                    <span class=\"mkdf-team-icon\" style=\"color: #ffffff\">    <span class=\"mkdf-icon-shortcode mkdf-normal   \">\n                    <a class=\"\" href=\"\" target=\"_blank\">\n                    <span aria-hidden=\"true\" class=\"mkdf-icon-font-elegant social_share mkdf-icon-element\"><\/span>                    <\/a>\n            <\/span>\n<\/span>\n                                            <\/div>\n                                <img loading=\"lazy\" decoding=\"async\" width=\"390\" height=\"520\" src=\"https:\/\/kme.eu\/kme\/wp-content\/uploads\/2020\/09\/6V0A0010.jpg\" class=\"attachment-full size-full\" alt=\"\" srcset=\"https:\/\/kme.eu\/kme\/wp-content\/uploads\/2020\/09\/6V0A0010.jpg 390w, https:\/\/kme.eu\/kme\/wp-content\/uploads\/2020\/09\/6V0A0010-225x300.jpg 225w\" sizes=\"auto, (max-width: 390px) 100vw, 390px\" \/>\t\t\t\t<div class=\"mkdf-team-social-wrapper\" style=\"background-color: #00235a\">\n\t\t\t\t\t<div class=\"mkdf-team-social-outer\">\n\t\t\t\t\t\t<div class=\"mkdf-team-social-inner\" style=\"color: #ffffff\">\n                                                            <h6 class=\"mkdf-team-position\" style=\"color: #ffffff\">Sales advisor<\/h6>\n                            \t\t\t\t\t\t\t\t\t\t\t\t\t\t\t<h4 class=\"mkdf-team-name\" style=\"color: #ffffff\">Katarzyna Dulas<\/h4>\n\t\t\t\t\t\t\t\t\t\t\t\t\t\t\t\t\t\t\t\t\t\t<p class=\"mkdf-team-text\" >mob.: +42 515 778 662<\/p>\n\t\t\t\t\t\t\t\t\t\t\t\t\t<\/div>\n\t\t\t\t\t<\/div>\n\t\t\t\t<\/div>\n\t\t\t<\/div>\n\t\t\t<\/div>\n<\/div>[vc_empty_space height=&#8221;30px&#8221;][\/vc_column][\/vc_row]<\/p>\n<\/div>","protected":false},"excerpt":{"rendered":"<p>[vc_row row_content_width=&#8221;grid&#8221; row_btt_skin=&#8221;light&#8221; row_background_text_position=&#8221;front&#8221;][vc_column][vc_empty_space][vc_column_text] Who are we? [\/vc_column_text][vc_column_text el_class=&#8221;justowanie_tekst&#8221;]As a leading manufacturer of LPG and CNG systems, KME has been operating in the automotive gas systems market since 1993, providing innovative solutions in the field of autogas and advanced automotive [&hellip;]<\/p>\n","protected":false},"author":7,"featured_media":0,"parent":9549,"menu_order":0,"comment_status":"closed","ping_status":"closed","template":"","meta":{"footnotes":""},"class_list":["post-20700","page","type-page","status-publish","hentry"],"acf":[],"yoast_head":"<!-- This site is optimized with the Yoast SEO plugin v27.5 - https:\/\/yoast.com\/product\/yoast-seo-wordpress\/ -->\n<title>Working w KME - KME<\/title>\n<meta name=\"robots\" content=\"index, follow, max-snippet:-1, max-image-preview:large, max-video-preview:-1\" \/>\n<link rel=\"canonical\" href=\"https:\/\/kme.eu\/kme\/en\/o_nas-2\/working-w-kme\/\" \/>\n<meta property=\"og:locale\" content=\"en_US\" \/>\n<meta property=\"og:type\" content=\"article\" \/>\n<meta property=\"og:title\" content=\"Working w KME - KME\" \/>\n<meta property=\"og:description\" content=\"[vc_row row_content_width=&#8221;grid&#8221; row_btt_skin=&#8221;light&#8221; row_background_text_position=&#8221;front&#8221;][vc_column][vc_empty_space][vc_column_text] Who are we? [\/vc_column_text][vc_column_text el_class=&#8221;justowanie_tekst&#8221;]As a leading manufacturer of LPG and CNG systems, KME has been operating in the automotive gas systems market since 1993, providing innovative solutions in the field of autogas and advanced automotive [&hellip;]\" \/>\n<meta property=\"og:url\" content=\"https:\/\/kme.eu\/kme\/en\/o_nas-2\/working-w-kme\/\" \/>\n<meta property=\"og:site_name\" content=\"KME\" \/>\n<meta property=\"article:publisher\" content=\"https:\/\/www.facebook.com\/KME.LPG\/\" \/>\n<meta property=\"article:modified_time\" content=\"2026-03-18T09:55:43+00:00\" \/>\n<meta name=\"twitter:card\" content=\"summary_large_image\" \/>\n<meta name=\"twitter:label1\" content=\"Est. reading time\" \/>\n\t<meta name=\"twitter:data1\" content=\"4 minutes\" \/>\n<script type=\"application\/ld+json\" class=\"yoast-schema-graph\">{\"@context\":\"https:\\\/\\\/schema.org\",\"@graph\":[{\"@type\":\"WebPage\",\"@id\":\"https:\\\/\\\/kme.eu\\\/kme\\\/en\\\/o_nas-2\\\/working-w-kme\\\/\",\"url\":\"https:\\\/\\\/kme.eu\\\/kme\\\/en\\\/o_nas-2\\\/working-w-kme\\\/\",\"name\":\"Working w KME - KME\",\"isPartOf\":{\"@id\":\"https:\\\/\\\/kme.eu\\\/kme\\\/en\\\/#website\"},\"datePublished\":\"2026-03-18T09:42:41+00:00\",\"dateModified\":\"2026-03-18T09:55:43+00:00\",\"breadcrumb\":{\"@id\":\"https:\\\/\\\/kme.eu\\\/kme\\\/en\\\/o_nas-2\\\/working-w-kme\\\/#breadcrumb\"},\"inLanguage\":\"en-US\",\"potentialAction\":[{\"@type\":\"ReadAction\",\"target\":[\"https:\\\/\\\/kme.eu\\\/kme\\\/en\\\/o_nas-2\\\/working-w-kme\\\/\"]}]},{\"@type\":\"BreadcrumbList\",\"@id\":\"https:\\\/\\\/kme.eu\\\/kme\\\/en\\\/o_nas-2\\\/working-w-kme\\\/#breadcrumb\",\"itemListElement\":[{\"@type\":\"ListItem\",\"position\":1,\"name\":\"Strona g\u0142\u00f3wna\",\"item\":\"https:\\\/\\\/kme.eu\\\/kme\\\/en\\\/\"},{\"@type\":\"ListItem\",\"position\":2,\"name\":\"About us\",\"item\":\"https:\\\/\\\/kme.eu\\\/kme\\\/en\\\/o_nas-2\\\/\"},{\"@type\":\"ListItem\",\"position\":3,\"name\":\"Working w KME\"}]},{\"@type\":\"WebSite\",\"@id\":\"https:\\\/\\\/kme.eu\\\/kme\\\/en\\\/#website\",\"url\":\"https:\\\/\\\/kme.eu\\\/kme\\\/en\\\/\",\"name\":\"KME\",\"description\":\"Autogas Systems\",\"publisher\":{\"@id\":\"https:\\\/\\\/kme.eu\\\/kme\\\/en\\\/#organization\"},\"potentialAction\":[{\"@type\":\"SearchAction\",\"target\":{\"@type\":\"EntryPoint\",\"urlTemplate\":\"https:\\\/\\\/kme.eu\\\/kme\\\/en\\\/?s={search_term_string}\"},\"query-input\":{\"@type\":\"PropertyValueSpecification\",\"valueRequired\":true,\"valueName\":\"search_term_string\"}}],\"inLanguage\":\"en-US\"},{\"@type\":\"Organization\",\"@id\":\"https:\\\/\\\/kme.eu\\\/kme\\\/en\\\/#organization\",\"name\":\"KME\",\"url\":\"https:\\\/\\\/kme.eu\\\/kme\\\/en\\\/\",\"logo\":{\"@type\":\"ImageObject\",\"inLanguage\":\"en-US\",\"@id\":\"https:\\\/\\\/kme.eu\\\/kme\\\/en\\\/#\\\/schema\\\/logo\\\/image\\\/\",\"url\":\"https:\\\/\\\/kme.eu\\\/kme\\\/wp-content\\\/uploads\\\/2020\\\/04\\\/logo_KME_RGB_small_200px.png\",\"contentUrl\":\"https:\\\/\\\/kme.eu\\\/kme\\\/wp-content\\\/uploads\\\/2020\\\/04\\\/logo_KME_RGB_small_200px.png\",\"width\":272,\"height\":200,\"caption\":\"KME\"},\"image\":{\"@id\":\"https:\\\/\\\/kme.eu\\\/kme\\\/en\\\/#\\\/schema\\\/logo\\\/image\\\/\"},\"sameAs\":[\"https:\\\/\\\/www.facebook.com\\\/KME.LPG\\\/\",\"https:\\\/\\\/www.instagram.com\\\/kme_lpg\\\/\"]}]}<\/script>\n<!-- \/ Yoast SEO plugin. -->","yoast_head_json":{"title":"Working w KME - KME","robots":{"index":"index","follow":"follow","max-snippet":"max-snippet:-1","max-image-preview":"max-image-preview:large","max-video-preview":"max-video-preview:-1"},"canonical":"https:\/\/kme.eu\/kme\/en\/o_nas-2\/working-w-kme\/","og_locale":"en_US","og_type":"article","og_title":"Working w KME - KME","og_description":"[vc_row row_content_width=&#8221;grid&#8221; row_btt_skin=&#8221;light&#8221; row_background_text_position=&#8221;front&#8221;][vc_column][vc_empty_space][vc_column_text] Who are we? [\/vc_column_text][vc_column_text el_class=&#8221;justowanie_tekst&#8221;]As a leading manufacturer of LPG and CNG systems, KME has been operating in the automotive gas systems market since 1993, providing innovative solutions in the field of autogas and advanced automotive [&hellip;]","og_url":"https:\/\/kme.eu\/kme\/en\/o_nas-2\/working-w-kme\/","og_site_name":"KME","article_publisher":"https:\/\/www.facebook.com\/KME.LPG\/","article_modified_time":"2026-03-18T09:55:43+00:00","twitter_card":"summary_large_image","twitter_misc":{"Est. reading time":"4 minutes"},"schema":{"@context":"https:\/\/schema.org","@graph":[{"@type":"WebPage","@id":"https:\/\/kme.eu\/kme\/en\/o_nas-2\/working-w-kme\/","url":"https:\/\/kme.eu\/kme\/en\/o_nas-2\/working-w-kme\/","name":"Working w KME - KME","isPartOf":{"@id":"https:\/\/kme.eu\/kme\/en\/#website"},"datePublished":"2026-03-18T09:42:41+00:00","dateModified":"2026-03-18T09:55:43+00:00","breadcrumb":{"@id":"https:\/\/kme.eu\/kme\/en\/o_nas-2\/working-w-kme\/#breadcrumb"},"inLanguage":"en-US","potentialAction":[{"@type":"ReadAction","target":["https:\/\/kme.eu\/kme\/en\/o_nas-2\/working-w-kme\/"]}]},{"@type":"BreadcrumbList","@id":"https:\/\/kme.eu\/kme\/en\/o_nas-2\/working-w-kme\/#breadcrumb","itemListElement":[{"@type":"ListItem","position":1,"name":"Strona g\u0142\u00f3wna","item":"https:\/\/kme.eu\/kme\/en\/"},{"@type":"ListItem","position":2,"name":"About us","item":"https:\/\/kme.eu\/kme\/en\/o_nas-2\/"},{"@type":"ListItem","position":3,"name":"Working w KME"}]},{"@type":"WebSite","@id":"https:\/\/kme.eu\/kme\/en\/#website","url":"https:\/\/kme.eu\/kme\/en\/","name":"KME","description":"Autogas Systems","publisher":{"@id":"https:\/\/kme.eu\/kme\/en\/#organization"},"potentialAction":[{"@type":"SearchAction","target":{"@type":"EntryPoint","urlTemplate":"https:\/\/kme.eu\/kme\/en\/?s={search_term_string}"},"query-input":{"@type":"PropertyValueSpecification","valueRequired":true,"valueName":"search_term_string"}}],"inLanguage":"en-US"},{"@type":"Organization","@id":"https:\/\/kme.eu\/kme\/en\/#organization","name":"KME","url":"https:\/\/kme.eu\/kme\/en\/","logo":{"@type":"ImageObject","inLanguage":"en-US","@id":"https:\/\/kme.eu\/kme\/en\/#\/schema\/logo\/image\/","url":"https:\/\/kme.eu\/kme\/wp-content\/uploads\/2020\/04\/logo_KME_RGB_small_200px.png","contentUrl":"https:\/\/kme.eu\/kme\/wp-content\/uploads\/2020\/04\/logo_KME_RGB_small_200px.png","width":272,"height":200,"caption":"KME"},"image":{"@id":"https:\/\/kme.eu\/kme\/en\/#\/schema\/logo\/image\/"},"sameAs":["https:\/\/www.facebook.com\/KME.LPG\/","https:\/\/www.instagram.com\/kme_lpg\/"]}]}},"_links":{"self":[{"href":"https:\/\/kme.eu\/kme\/en\/wp-json\/wp\/v2\/pages\/20700","targetHints":{"allow":["GET"]}}],"collection":[{"href":"https:\/\/kme.eu\/kme\/en\/wp-json\/wp\/v2\/pages"}],"about":[{"href":"https:\/\/kme.eu\/kme\/en\/wp-json\/wp\/v2\/types\/page"}],"author":[{"embeddable":true,"href":"https:\/\/kme.eu\/kme\/en\/wp-json\/wp\/v2\/users\/7"}],"replies":[{"embeddable":true,"href":"https:\/\/kme.eu\/kme\/en\/wp-json\/wp\/v2\/comments?post=20700"}],"version-history":[{"count":0,"href":"https:\/\/kme.eu\/kme\/en\/wp-json\/wp\/v2\/pages\/20700\/revisions"}],"up":[{"embeddable":true,"href":"https:\/\/kme.eu\/kme\/en\/wp-json\/wp\/v2\/pages\/9549"}],"wp:attachment":[{"href":"https:\/\/kme.eu\/kme\/en\/wp-json\/wp\/v2\/media?parent=20700"}],"curies":[{"name":"wp","href":"https:\/\/api.w.org\/{rel}","templated":true}]}}