{"id":8920,"date":"2020-08-20T10:34:14","date_gmt":"2020-08-20T08:34:14","guid":{"rendered":"https:\/\/new.kme.eu\/kme\/?page_id=8920"},"modified":"2024-02-29T07:14:41","modified_gmt":"2024-02-29T06:14:41","slug":"privacy-policy","status":"publish","type":"page","link":"https:\/\/kme.eu\/kme\/en\/o_nas-2\/privacy-policy\/","title":{"rendered":"Privacy Policy"},"content":{"rendered":"<div class=\"wpb-content-wrapper\"><p>[vc_row row_btt_skin=&#8221;light&#8221; row_background_text_position=&#8221;front&#8221;][vc_column][vc_column_text]<\/p>\r\n<h2 class=\"wp-block-heading\"><span class=\"VIiyi\" lang=\"en\"><span class=\"JLqJ4b ChMk0b\" data-language-for-alternatives=\"en\" data-language-to-translate-into=\"pl\" data-phrase-index=\"0\">1. General provisions<\/span><\/span><\/h2>\r\n\r\n<p><span class=\"VIiyi\" lang=\"en\"><span class=\"JLqJ4b ChMk0b\" data-language-for-alternatives=\"en\" data-language-to-translate-into=\"pl\" data-phrase-index=\"0\">The administrator of your personal data is<\/span><\/span> KME sp. z o. o.<span class=\"VIiyi\" lang=\"en\"><span class=\"JLqJ4b ChMk0b\" data-language-for-alternatives=\"en\" data-language-to-translate-into=\"pl\" data-phrase-index=\"0\">with headquarters in<\/span><\/span> \u0141odzi, ul. \u015aw. Teresy Od Dzieci\u0105tka Jezus 103A 91-200 \u0141\u00f3d\u017a.<br \/><span class=\"VIiyi\" lang=\"en\"><span class=\"JLqJ4b ChMk0b\" data-language-for-alternatives=\"en\" data-language-to-translate-into=\"pl\" data-phrase-index=\"0\">This policy applies to data collected on the website<\/span><\/span> <a href=\"https:\/\/www.kme.eu\" target=\"_blank\" rel=\"noreferrer noopener\">https:\/\/www.kme.eu<\/a>.<\/p>\r\n\r\n<p><span class=\"VIiyi\" lang=\"en\"><span class=\"JLqJ4b ChMk0b\" data-language-for-alternatives=\"en\" data-language-to-translate-into=\"pl\" data-phrase-index=\"0\">If you have any questions about the method and scope of personal data processing, please contact us at the following e-mail address:<\/span><\/span> <a href=\"mailto:kme@kme.eu\" target=\"_blank\" rel=\"noreferrer noopener\">kme@kme.eu<\/a>.<\/p>\r\n\r\n<p>&nbsp;<\/p>\r\n\r\n<h2 class=\"wp-block-heading\"><span class=\"VIiyi\" lang=\"en\"><span class=\"JLqJ4b ChMk0b\" data-language-for-alternatives=\"en\" data-language-to-translate-into=\"pl\" data-phrase-index=\"0\">2. Collection of data<\/span><\/span><\/h2>\r\n\r\n<p><span class=\"VIiyi\" lang=\"en\"><span class=\"JLqJ4b ChMk0b\" data-language-for-alternatives=\"en\" data-language-to-translate-into=\"pl\" data-phrase-index=\"0\">The purpose of processing your data is the conclusion and performance of a contract between you and the Administrator, hereinafter referred to as: &#8220;Agreement&#8221;, for which the processing of your data is necessary (the basis of Article 6 (1) (b) of the GDPR).<\/span><\/span><\/p>\r\n\r\n<p><span class=\"VIiyi\" lang=\"en\"><span class=\"JLqJ4b ChMk0b\" data-language-for-alternatives=\"en\" data-language-to-translate-into=\"pl\" data-phrase-index=\"0\">When using the website, we may collect the following personal data:<\/span><\/span><\/p>\r\n<p>\u00a0<\/p>\r\n\r\n<div class=\"wp-block-columns is-layout-flex wp-container-core-columns-is-layout-9d6595d7 wp-block-columns-is-layout-flex\">\r\n<div class=\"wp-block-column is-layout-flow wp-block-column-is-layout-flow\"><\/div>\r\n<div class=\"wp-block-column\">\r\n<ul class=\"wp-block-list\">\r\n<li><span class=\"VIiyi\" lang=\"en\"><span class=\"JLqJ4b ChMk0b\" data-language-for-alternatives=\"en\" data-language-to-translate-into=\"pl\" data-phrase-index=\"0\">IP address<\/span> <\/span><\/li>\r\n<li><span class=\"VIiyi\" lang=\"en\"><span class=\"JLqJ4b ChMk0b\" data-language-for-alternatives=\"en\" data-language-to-translate-into=\"pl\" data-phrase-index=\"2\">date and time of access<\/span> <\/span><\/li>\r\n<li><span class=\"VIiyi\" lang=\"en\"><span class=\"JLqJ4b ChMk0b\" data-language-for-alternatives=\"en\" data-language-to-translate-into=\"pl\" data-phrase-index=\"4\">time zone difference to Greenwich Mean Time (GMT)<\/span> <\/span><\/li>\r\n<li><span class=\"VIiyi\" lang=\"en\"><span class=\"JLqJ4b ChMk0b\" data-language-for-alternatives=\"en\" data-language-to-translate-into=\"pl\" data-phrase-index=\"6\">viewed content (specific page)<\/span> <\/span><\/li>\r\n<li><span class=\"VIiyi\" lang=\"en\"><span class=\"JLqJ4b ChMk0b\" data-language-for-alternatives=\"en\" data-language-to-translate-into=\"pl\" data-phrase-index=\"8\">access code \/ HTTP status<\/span> <\/span><\/li>\r\n<li><span class=\"VIiyi\" lang=\"en\"><span class=\"JLqJ4b ChMk0b\" data-language-for-alternatives=\"en\" data-language-to-translate-into=\"pl\" data-phrase-index=\"10\">the data volume transferred<\/span> <\/span><\/li>\r\n<li><span class=\"VIiyi\" lang=\"en\"><span class=\"JLqJ4b ChMk0b\" data-language-for-alternatives=\"en\" data-language-to-translate-into=\"pl\" data-phrase-index=\"12\">party requesting access<\/span> <\/span><\/li>\r\n<li><span class=\"VIiyi\" lang=\"en\"><span class=\"JLqJ4b ChMk0b\" data-language-for-alternatives=\"en\" data-language-to-translate-into=\"pl\" data-phrase-index=\"14\">browser, language settings, operating system and browser version.<\/span><\/span><\/li>\r\n<\/ul>\r\n<\/div>\r\n<\/div>\r\n\r\n<p><span class=\"VIiyi\" lang=\"en\"><span class=\"JLqJ4b ChMk0b\" data-language-for-alternatives=\"en\" data-language-to-translate-into=\"pl\" data-phrase-index=\"0\">In addition, as part of sending applications via the application form, we collect the following data:<\/span><\/span><\/p>\r\n\r\n<p>&nbsp;<\/p>\r\n\r\n<ul class=\"wp-block-list\">\r\n<li><span class=\"VIiyi\" lang=\"en\"><span class=\"JLqJ4b ChMk0b\" data-language-for-alternatives=\"en\" data-language-to-translate-into=\"pl\" data-phrase-index=\"0\">First name and last name<\/span> <\/span><\/li>\r\n<li><span class=\"VIiyi\" lang=\"en\"><span class=\"JLqJ4b ChMk0b\" data-language-for-alternatives=\"en\" data-language-to-translate-into=\"pl\" data-phrase-index=\"2\">e-mail adress<\/span> <\/span><\/li>\r\n<li><span class=\"VIiyi\" lang=\"en\"><span class=\"JLqJ4b ChMk0b\" data-language-for-alternatives=\"en\" data-language-to-translate-into=\"pl\" data-phrase-index=\"4\">Phone number<\/span> <\/span><\/li>\r\n<li><span class=\"VIiyi\" lang=\"en\"><span class=\"JLqJ4b ChMk0b\" data-language-for-alternatives=\"en\" data-language-to-translate-into=\"pl\" data-phrase-index=\"6\">province of residence<\/span><\/span><\/li>\r\n<\/ul>\r\n\r\n<p>&nbsp;<\/p>\r\n\r\n<h2 class=\"wp-block-heading\">3. Data use<\/h2>\r\n<p><span lang=\"en\">Your personal data may be transferred by the data controller to an external support service provider to whom the controller has commissioned services related to the processing of personal data, such as IT and courier services.<\/span><span lang=\"en\">\u00a0<\/span><span lang=\"en\">Such entities may process personal data on the basis of an agreement concluded with the administrator.<\/span><\/p>\r\n\r\n<p>&nbsp;<\/p>\r\n\r\n<h2 class=\"wp-block-heading\">4. Your rights<\/h2>\r\n<p>Pursuant to applicable law, you have the right to:<\/p>\r\n\r\n<p>&nbsp;<\/p>\r\n\r\n<ul class=\"wp-block-list\">\r\n<li>\r\n<ul type=\"disc\">\r\n<li><span lang=\"en\">information about your personal data stored by the administrator<\/span><\/li>\r\n<li><span lang=\"en\">request correction, deletion or limited processing of personal data<\/span><\/li>\r\n<\/ul>\r\n<ul type=\"disc\">\r\n<li><span lang=\"en\">to object to processing on the basis of our legitimate interests, public interest or profiling, unless we can prove that there are compelling legitimate grounds which override your personal interests, rights and freedoms, or that such processing is carried out for the purpose of establishing,<\/span><span lang=\"en\">\u00a0<\/span><span lang=\"en\">or defense of legal claims<\/span><\/li>\r\n<li><span lang=\"en\">data transfer<\/span><\/li>\r\n<li><span lang=\"en\">submit a complaint to the data protection authority<\/span><\/li>\r\n<li><span lang=\"en\">withdraw consent to the collection, processing and use of your personal data.<\/span><\/li>\r\n<\/ul>\r\n<\/li>\r\n<\/ul>\r\n\r\n<p>&nbsp;<\/p>\r\n\r\n<h2 class=\"wp-block-heading\">5. Cookies policy<\/h2>\r\n<p><span lang=\"en\">The website uses cookies saved on your device.<\/span><span lang=\"en\">\u00a0<\/span><span lang=\"en\">These files do not contain personal data. Cookies can be disabled in your web browser options.<\/span><\/p>\r\n\r\n<p>&nbsp;<\/p>\r\n\r\n<h2 class=\"wp-block-heading\">6. Embedded content from other websites<\/h2>\r\n<p><span lang=\"en\">Articles on this site may contain embedded content (e.g. videos, images, articles, etc.).<\/span><span lang=\"en\">\u00a0<\/span><span lang=\"en\">Embedded content from other websites behaves in the same way as if the user has visited that website directly. These websites may collect data about you, use cookies, embed additional third-party tracking, and monitor your interaction with that embedded content, including tracking your interaction with the embedded content if you have an account and are logged in to that website. In addition, the website uses Google Analytics services, the privacy policy of which can be read <a href=\"https:\/\/support.google.com\/analytics\/answer\/6004245?hl=en-GB\">here<\/a>.<\/span><\/p>\r\n\r\n<h2>7. RODO information clause<\/h2>\r\n<p><span lang=\"en\">Pursuant to Art.<\/span><span lang=\"en\">\u00a0<\/span><span lang=\"en\">13 section<\/span><span lang=\"en\">\u00a0<\/span><span lang=\"en\">1-2 of Regulation (EU) 2016\/679 of the European Parliament and of the Council of 27\/04\/2016 on the protection of natural persons with regard to the processing of personal data and on the free movement of such data, and repealing Directive 95\/46\/EC (General Regulation on the protection<\/span><span lang=\"en\">\u00a0<\/span><span lang=\"en\">data) (OJ EU L 119, p. 1) &#8211; hereinafter referred to as RODO &#8211; we would like to inform you that: The administrator of your data is KME Sp.<\/span><span lang=\"en\">\u00a0<\/span><span lang=\"en\">z o. o.<\/span><span lang=\"en\">\u00a0<\/span><span lang=\"en\">based in \u0141\u00f3d\u017a, 91-222 ul.<\/span><span lang=\"en\">\u00a0<\/span><span lang=\"en\">Sw Teresy od Dzieci\u0105tka Jezus 103A.<\/span><span lang=\"en\">\u00a0<\/span><span lang=\"en\">VAT: 732-199-00-33, KRS 0000181402 If you have any questions regarding the method and scope of personal data processing, please contact us at the e-mail address kme@kme.eu The purpose of processing your data is to conclude and perform a contract between you and the Administrator, hereinafter referred to as: &#8220;Agreement&#8221;, for which the processing of your data is necessary (basis in Article 6(1)(b) of the RODO). Your personal data may be transferred by the data controller to an external support service provider to whom the controller has commissioned services related to the processing of personal data, such as IT and courier services.<\/span><span lang=\"en\">\u00a0<\/span><span lang=\"en\">Such entities may process personal data on the basis of an agreement concluded with the administrator. The Administrator does not intend to transfer your data to a third country or to international organizations. Based on Article.<\/span><span lang=\"en\">\u00a0<\/span><span lang=\"en\">15-18 and 20 of the RODO, you have the right to request from the Administrator access to your data, rectification, transfer and deletion as well as restriction of data processing pursuant to Art.<\/span><span lang=\"en\">\u00a0<\/span><span lang=\"en\">21 RODO In connection with the processing of your personal data by the Administrator, you have the right to lodge a complaint with the supervisory authority. Based on your personal data, the Administrator will not make automated decisions regarding you, including decisions resulting from profiling.\u00a0<\/span><\/p>\r\n<p>KME Sp. z o.o.<\/p>\r\n<p>[\/vc_column_text][\/vc_column][\/vc_row][vc_row row_btt_skin=&#8221;light&#8221; row_background_text_position=&#8221;front&#8221;][vc_column][vc_empty_space][\/vc_column][\/vc_row]<\/p><\/div>","protected":false},"excerpt":{"rendered":"<p>[vc_row row_btt_skin=&#8221;light&#8221; row_background_text_position=&#8221;front&#8221;][vc_column][vc_column_text] 1. General provisions The administrator of your personal data is KME sp. z o. o.with headquarters in \u0141odzi, ul. \u015aw. Teresy Od Dzieci\u0105tka Jezus 103A 91-200 \u0141\u00f3d\u017a.This policy applies to data collected on the website https:\/\/www.kme.eu. If [&hellip;]<\/p>\n","protected":false},"author":7,"featured_media":0,"parent":9549,"menu_order":0,"comment_status":"closed","ping_status":"closed","template":"","meta":{"footnotes":""},"class_list":["post-8920","page","type-page","status-publish","hentry"],"acf":[],"yoast_head":"<!-- This site is optimized with the Yoast SEO plugin v27.5 - https:\/\/yoast.com\/product\/yoast-seo-wordpress\/ -->\n<title>Privacy Policy - KME<\/title>\n<meta name=\"robots\" content=\"index, follow, max-snippet:-1, max-image-preview:large, max-video-preview:-1\" \/>\n<link rel=\"canonical\" href=\"https:\/\/kme.eu\/kme\/en\/o_nas-2\/privacy-policy\/\" \/>\n<meta property=\"og:locale\" content=\"en_US\" \/>\n<meta property=\"og:type\" content=\"article\" \/>\n<meta property=\"og:title\" content=\"Privacy Policy - KME\" \/>\n<meta property=\"og:description\" content=\"[vc_row row_btt_skin=&#8221;light&#8221; row_background_text_position=&#8221;front&#8221;][vc_column][vc_column_text] 1. General provisions The administrator of your personal data is KME sp. z o. o.with headquarters in \u0141odzi, ul. \u015aw. Teresy Od Dzieci\u0105tka Jezus 103A 91-200 \u0141\u00f3d\u017a.This policy applies to data collected on the website https:\/\/www.kme.eu. If [&hellip;]\" \/>\n<meta property=\"og:url\" content=\"https:\/\/kme.eu\/kme\/en\/o_nas-2\/privacy-policy\/\" \/>\n<meta property=\"og:site_name\" content=\"KME\" \/>\n<meta property=\"article:publisher\" content=\"https:\/\/www.facebook.com\/KME.LPG\/\" \/>\n<meta property=\"article:modified_time\" content=\"2024-02-29T06:14:41+00:00\" \/>\n<meta name=\"twitter:card\" content=\"summary_large_image\" \/>\n<meta name=\"twitter:label1\" content=\"Est. reading time\" \/>\n\t<meta name=\"twitter:data1\" content=\"5 minutes\" \/>\n<script type=\"application\/ld+json\" class=\"yoast-schema-graph\">{\"@context\":\"https:\\\/\\\/schema.org\",\"@graph\":[{\"@type\":\"WebPage\",\"@id\":\"https:\\\/\\\/kme.eu\\\/kme\\\/en\\\/o_nas-2\\\/privacy-policy\\\/\",\"url\":\"https:\\\/\\\/kme.eu\\\/kme\\\/en\\\/o_nas-2\\\/privacy-policy\\\/\",\"name\":\"Privacy Policy - KME\",\"isPartOf\":{\"@id\":\"https:\\\/\\\/kme.eu\\\/kme\\\/en\\\/#website\"},\"datePublished\":\"2020-08-20T08:34:14+00:00\",\"dateModified\":\"2024-02-29T06:14:41+00:00\",\"breadcrumb\":{\"@id\":\"https:\\\/\\\/kme.eu\\\/kme\\\/en\\\/o_nas-2\\\/privacy-policy\\\/#breadcrumb\"},\"inLanguage\":\"en-US\",\"potentialAction\":[{\"@type\":\"ReadAction\",\"target\":[\"https:\\\/\\\/kme.eu\\\/kme\\\/en\\\/o_nas-2\\\/privacy-policy\\\/\"]}]},{\"@type\":\"BreadcrumbList\",\"@id\":\"https:\\\/\\\/kme.eu\\\/kme\\\/en\\\/o_nas-2\\\/privacy-policy\\\/#breadcrumb\",\"itemListElement\":[{\"@type\":\"ListItem\",\"position\":1,\"name\":\"Strona g\u0142\u00f3wna\",\"item\":\"https:\\\/\\\/kme.eu\\\/kme\\\/en\\\/\"},{\"@type\":\"ListItem\",\"position\":2,\"name\":\"About us\",\"item\":\"https:\\\/\\\/kme.eu\\\/kme\\\/en\\\/o_nas-2\\\/\"},{\"@type\":\"ListItem\",\"position\":3,\"name\":\"Privacy Policy\"}]},{\"@type\":\"WebSite\",\"@id\":\"https:\\\/\\\/kme.eu\\\/kme\\\/en\\\/#website\",\"url\":\"https:\\\/\\\/kme.eu\\\/kme\\\/en\\\/\",\"name\":\"KME\",\"description\":\"Autogas Systems\",\"publisher\":{\"@id\":\"https:\\\/\\\/kme.eu\\\/kme\\\/en\\\/#organization\"},\"potentialAction\":[{\"@type\":\"SearchAction\",\"target\":{\"@type\":\"EntryPoint\",\"urlTemplate\":\"https:\\\/\\\/kme.eu\\\/kme\\\/en\\\/?s={search_term_string}\"},\"query-input\":{\"@type\":\"PropertyValueSpecification\",\"valueRequired\":true,\"valueName\":\"search_term_string\"}}],\"inLanguage\":\"en-US\"},{\"@type\":\"Organization\",\"@id\":\"https:\\\/\\\/kme.eu\\\/kme\\\/en\\\/#organization\",\"name\":\"KME\",\"url\":\"https:\\\/\\\/kme.eu\\\/kme\\\/en\\\/\",\"logo\":{\"@type\":\"ImageObject\",\"inLanguage\":\"en-US\",\"@id\":\"https:\\\/\\\/kme.eu\\\/kme\\\/en\\\/#\\\/schema\\\/logo\\\/image\\\/\",\"url\":\"https:\\\/\\\/kme.eu\\\/kme\\\/wp-content\\\/uploads\\\/2020\\\/04\\\/logo_KME_RGB_small_200px.png\",\"contentUrl\":\"https:\\\/\\\/kme.eu\\\/kme\\\/wp-content\\\/uploads\\\/2020\\\/04\\\/logo_KME_RGB_small_200px.png\",\"width\":272,\"height\":200,\"caption\":\"KME\"},\"image\":{\"@id\":\"https:\\\/\\\/kme.eu\\\/kme\\\/en\\\/#\\\/schema\\\/logo\\\/image\\\/\"},\"sameAs\":[\"https:\\\/\\\/www.facebook.com\\\/KME.LPG\\\/\",\"https:\\\/\\\/www.instagram.com\\\/kme_lpg\\\/\"]}]}<\/script>\n<!-- \/ Yoast SEO plugin. -->","yoast_head_json":{"title":"Privacy Policy - KME","robots":{"index":"index","follow":"follow","max-snippet":"max-snippet:-1","max-image-preview":"max-image-preview:large","max-video-preview":"max-video-preview:-1"},"canonical":"https:\/\/kme.eu\/kme\/en\/o_nas-2\/privacy-policy\/","og_locale":"en_US","og_type":"article","og_title":"Privacy Policy - KME","og_description":"[vc_row row_btt_skin=&#8221;light&#8221; row_background_text_position=&#8221;front&#8221;][vc_column][vc_column_text] 1. General provisions The administrator of your personal data is KME sp. z o. o.with headquarters in \u0141odzi, ul. \u015aw. Teresy Od Dzieci\u0105tka Jezus 103A 91-200 \u0141\u00f3d\u017a.This policy applies to data collected on the website https:\/\/www.kme.eu. If [&hellip;]","og_url":"https:\/\/kme.eu\/kme\/en\/o_nas-2\/privacy-policy\/","og_site_name":"KME","article_publisher":"https:\/\/www.facebook.com\/KME.LPG\/","article_modified_time":"2024-02-29T06:14:41+00:00","twitter_card":"summary_large_image","twitter_misc":{"Est. reading time":"5 minutes"},"schema":{"@context":"https:\/\/schema.org","@graph":[{"@type":"WebPage","@id":"https:\/\/kme.eu\/kme\/en\/o_nas-2\/privacy-policy\/","url":"https:\/\/kme.eu\/kme\/en\/o_nas-2\/privacy-policy\/","name":"Privacy Policy - KME","isPartOf":{"@id":"https:\/\/kme.eu\/kme\/en\/#website"},"datePublished":"2020-08-20T08:34:14+00:00","dateModified":"2024-02-29T06:14:41+00:00","breadcrumb":{"@id":"https:\/\/kme.eu\/kme\/en\/o_nas-2\/privacy-policy\/#breadcrumb"},"inLanguage":"en-US","potentialAction":[{"@type":"ReadAction","target":["https:\/\/kme.eu\/kme\/en\/o_nas-2\/privacy-policy\/"]}]},{"@type":"BreadcrumbList","@id":"https:\/\/kme.eu\/kme\/en\/o_nas-2\/privacy-policy\/#breadcrumb","itemListElement":[{"@type":"ListItem","position":1,"name":"Strona g\u0142\u00f3wna","item":"https:\/\/kme.eu\/kme\/en\/"},{"@type":"ListItem","position":2,"name":"About us","item":"https:\/\/kme.eu\/kme\/en\/o_nas-2\/"},{"@type":"ListItem","position":3,"name":"Privacy Policy"}]},{"@type":"WebSite","@id":"https:\/\/kme.eu\/kme\/en\/#website","url":"https:\/\/kme.eu\/kme\/en\/","name":"KME","description":"Autogas Systems","publisher":{"@id":"https:\/\/kme.eu\/kme\/en\/#organization"},"potentialAction":[{"@type":"SearchAction","target":{"@type":"EntryPoint","urlTemplate":"https:\/\/kme.eu\/kme\/en\/?s={search_term_string}"},"query-input":{"@type":"PropertyValueSpecification","valueRequired":true,"valueName":"search_term_string"}}],"inLanguage":"en-US"},{"@type":"Organization","@id":"https:\/\/kme.eu\/kme\/en\/#organization","name":"KME","url":"https:\/\/kme.eu\/kme\/en\/","logo":{"@type":"ImageObject","inLanguage":"en-US","@id":"https:\/\/kme.eu\/kme\/en\/#\/schema\/logo\/image\/","url":"https:\/\/kme.eu\/kme\/wp-content\/uploads\/2020\/04\/logo_KME_RGB_small_200px.png","contentUrl":"https:\/\/kme.eu\/kme\/wp-content\/uploads\/2020\/04\/logo_KME_RGB_small_200px.png","width":272,"height":200,"caption":"KME"},"image":{"@id":"https:\/\/kme.eu\/kme\/en\/#\/schema\/logo\/image\/"},"sameAs":["https:\/\/www.facebook.com\/KME.LPG\/","https:\/\/www.instagram.com\/kme_lpg\/"]}]}},"_links":{"self":[{"href":"https:\/\/kme.eu\/kme\/en\/wp-json\/wp\/v2\/pages\/8920","targetHints":{"allow":["GET"]}}],"collection":[{"href":"https:\/\/kme.eu\/kme\/en\/wp-json\/wp\/v2\/pages"}],"about":[{"href":"https:\/\/kme.eu\/kme\/en\/wp-json\/wp\/v2\/types\/page"}],"author":[{"embeddable":true,"href":"https:\/\/kme.eu\/kme\/en\/wp-json\/wp\/v2\/users\/7"}],"replies":[{"embeddable":true,"href":"https:\/\/kme.eu\/kme\/en\/wp-json\/wp\/v2\/comments?post=8920"}],"version-history":[{"count":0,"href":"https:\/\/kme.eu\/kme\/en\/wp-json\/wp\/v2\/pages\/8920\/revisions"}],"up":[{"embeddable":true,"href":"https:\/\/kme.eu\/kme\/en\/wp-json\/wp\/v2\/pages\/9549"}],"wp:attachment":[{"href":"https:\/\/kme.eu\/kme\/en\/wp-json\/wp\/v2\/media?parent=8920"}],"curies":[{"name":"wp","href":"https:\/\/api.w.org\/{rel}","templated":true}]}}