{"id":10507,"date":"2020-07-16T11:10:30","date_gmt":"2020-07-16T09:10:30","guid":{"rendered":"https:\/\/kme.eu\/kme\/?post_type=product&#038;p=10507"},"modified":"2021-01-11T14:33:27","modified_gmt":"2021-01-11T13:33:27","slug":"nevo-pro-ecu","status":"publish","type":"product","link":"https:\/\/kme.eu\/kme\/en\/produkt\/nevo-pro-ecu\/","title":{"rendered":"NEVO PRO ECU"},"content":{"rendered":"<div class=\"sixteen columns\">\n<h5><span class=\"tlid-translation translation\" lang=\"en\"><span class=\"\" title=\"\">Components of electronic set<\/span><\/span><\/h5>\n<ul>\n<li>controller<\/li>\n<li>main harness<\/li>\n<li>fuel level indicator<\/li>\n<li>mounting accessories<\/li>\n<li>pressure sensor<\/li>\n<li>control panel<\/li>\n<\/ul>\n<h5><span class=\"tlid-translation translation\" lang=\"en\"><span class=\"\" title=\"\">A FAMILY OF AUTOMOTIVE LPG \/ CNG ELECTRONICS<\/span><\/span><\/h5>\n<\/div>\n<div class=\"sixteen columns\">\n<div class=\"eight columns\"><img decoding=\"async\" class=\"alignleft\" title=\"NEVO automotive CPU\" src=\"https:\/\/nevo.kme.eu\/images\/nevo\/NEVO_automotive_CPU.png\" alt=\"NEVO automotive CPU\" \/><\/div>\n<div class=\"eight columns\">\n<p><span class=\"tlid-translation translation\" lang=\"en\"><span class=\"alt-edited\" title=\"\">Family drivers sequential gas injection NEVO was based on the proven and reliable system <strong>DIEGO<\/strong>.<\/span> <span class=\"\" title=\"\">The newest and technologically advanced design is based on a dual-core processor dedicated to the automotive industry &#8211; <strong>AUTOMOTIVE<\/strong> &#8211; which facilitates precise control of the LPG and CNG fuel combustion process in modern car engines.<\/span><\/span><\/p>\n<\/div>\n<\/div>\n<div class=\"sixteen columns\">\n<div>\n<p>&nbsp;<\/p>\n<p>&nbsp;<\/p>\n<\/div>\n<p>&nbsp;<\/p>\n<p>&nbsp;<\/p>\n<p><span class=\"tlid-translation translation\" lang=\"en\"><span class=\"\" title=\"\">There are also solutions with an <strong>RL induction emulator<\/strong>, used with extremely sensitive gasoline controllers, signaling the disconnection of gasoline injectors after installing the gas system in the car.<\/span><\/span><\/p>\n<div>\n<p><span class=\"tlid-translation translation\" lang=\"en\"><span class=\"\" title=\"\">Our system supports the latest generation cars with the ecological <strong>START \/ STOP<\/strong> function.<\/span><\/span><\/p>\n<\/div>\n<\/div>\n<p>&nbsp;<\/p>\n<div class=\"sixteen columns\">\n<div class=\"eight columns\"><img decoding=\"async\" class=\"alignleft\" title=\"NEVO valvematic valvetronic\" src=\"https:\/\/nevo.kme.eu\/images\/nevo\/NEVO_valvematic_valvetronic.png\" alt=\"NEVO valvematic valvetronic\" \/><\/div>\n<div class=\"eight columns\">\n<p><span class=\"tlid-translation translation\" lang=\"en\"><span class=\"\" title=\"\">Reliable operation and increased possibilities have been guaranteed by the use of a digital bus.<\/span> <span class=\"alt-edited\" title=\"\">The latest generation controller family NEVO provides support for both standard motors, as well as innovative solutions such as: <strong>Valvematic<\/strong>, <strong>VALVETRONIC<\/strong> (without manifold vacuum).<\/span><\/span><\/p>\n<\/div>\n<\/div>\n<div class=\"sixteen columns\">\n<h5 style=\"text-align: left;\">USAGE CHARACTERISTICS<\/h5>\n<ul>\n<li><span class=\"tlid-translation translation\" lang=\"en\"><span class=\"alt-edited\" title=\"\">Automatic switching to gas supply and a self return to the petrol in case of lack of gas.<br \/>\n<\/span><\/span><\/li>\n<li><span class=\"tlid-translation translation\" lang=\"en\"><span class=\"\" title=\"\">Automatic dimming of the panel diodes after dark<\/span><\/span><\/li>\n<li><span class=\"tlid-translation translation\" lang=\"en\"><span class=\"\" title=\"\">User-friendly panel informing about the current operating status of the installation, including: inspections, self-diagnosis codes<\/span><\/span><\/li>\n<li><span class=\"tlid-translation translation\" lang=\"en\"><span class=\"alt-edited\" title=\"\">Emergency Starting on gas<\/span><\/span><\/li>\n<li><span class=\"tlid-translation translation\" lang=\"en\"><span class=\"\" title=\"\">Mechanism: warm start &#8220;, which allows you to start the car on gas when the engine is&#8221; hot &#8220;<\/span><\/span><\/li>\n<li><span class=\"tlid-translation translation\" lang=\"en\"><span class=\"\" title=\"\">Automatic calibration of the gas level indicator<\/span><\/span><\/li>\n<li><span class=\"tlid-translation translation\" lang=\"en\"><span class=\"\" title=\"\">An extensive self-diagnosis system, including system test, recorder.<\/span> <span class=\"\" title=\"\">error codes with quantity and time of occurrence<\/span><\/span><\/li>\n<li><span class=\"tlid-translation translation\" lang=\"en\"><span class=\"\" title=\"\">Built-in test of gas injectors<\/span><\/span><\/li>\n<li><span class=\"tlid-translation translation\" lang=\"en\"><span class=\"\" title=\"\">Workshop options (inspections, blocking the controller with a workshop password, monitoring changes made to the controller)<\/span><\/span><\/li>\n<li><span class=\"tlid-translation translation\" lang=\"en\"><span class=\"\" title=\"\">Registration of working time on gas and petrol<\/span><\/span><\/li>\n<li><span class=\"tlid-translation translation\" lang=\"en\"><span class=\"\" title=\"\">Selecting the color of the status LED or turning it off on the driver&#8217;s panel<\/span><\/span><\/li>\n<\/ul>\n<\/div>\n<div class=\"sixteen columns\">\n<p><span class=\"tlid-translation translation\" lang=\"en\"><span class=\"\" title=\"\">Compared to our first <strong>DIEGO G3<\/strong> sequential gas injection system, the current system has an easy-to-use, intuitive program interface.<\/span> <span class=\"\" title=\"\">In cooperation with the assemblers who calibrate cars on a daily basis, the program became easier to use, e.g.<\/span> <span class=\"\" title=\"\">FUNC bar informing about active functions of the controller and always visible readings sidebar, which is helpful in current monitoring of the system.<\/span><\/span><\/p>\n<p><span class=\"tlid-translation translation\" lang=\"en\"><span class=\"\" title=\"\">Proprietary solutions for adapting the gas controller <strong>OSA<\/strong> and <strong>MOSA<\/strong> ensure comfortable use of a gas-powered car and automatic adjustment of the gas dose to changing operating conditions.<\/span> <span class=\"\" title=\"\"><strong>MOSA<\/strong> (<strong>M<\/strong>ap <strong>O<\/strong>n-Board <strong>S<\/strong>ystem <strong>A<\/strong>daptation, ie Adaptation According to Map) is available in all NEVO family controllers.<\/span> <span class=\"\" title=\"\">It allows you to correct the gas dose based on the characteristics of work on gasoline and monitor work on gas.<\/span><\/span><\/p>\n<p>&nbsp;<\/p>\n<\/div>\n<div class=\"sixteen columns\">\n<div class=\"eight columns\"><img decoding=\"async\" class=\"alignleft\" title=\"NEVO On Board Diagnostic System\" src=\"https:\/\/nevo.kme.eu\/images\/nevo\/NEVO_obd_2017.png\" alt=\"NEVO On Board Diagnostic System\" \/><span class=\"tlid-translation translation\" lang=\"en\"><span title=\"\"><strong>OSA Adaptation<\/strong> (OBD System Adaptation, ie OBD Adaptation) is available in the NEVO PRO controller with a built-in OBD module.<\/span> <span title=\"\">In installations with NEVO and NEVO PLUS controllers, the OSA mechanism is available after adding the <strong>OBD v2 adapter<\/strong>, produced by our company.<\/span> <span class=\"\" title=\"\">The mechanism using data from OBD allows you to: adjust the mixture composition in accordance with the gasoline controller strategy, monitor the system operation mode, monitor any errors in the gasoline controller with the option of erasing them.<\/span><\/span><\/div>\n<\/div>\n<div class=\"sixteen columns\">\n<h5 style=\"text-align: left;\">TECHNICAL CHARACTERISTICS<\/h5>\n<ul>\n<li><span class=\"tlid-translation translation\" lang=\"en\"><span class=\"\" title=\"\">Constant and stable gas dose adaptation (built-in MOSA, OSA mechanism)<\/span><\/span><\/li>\n<li><span class=\"tlid-translation translation\" lang=\"en\"><span class=\"\" title=\"\">Maintaining the dynamics and traction properties of the vehicle (power, acceleration)<\/span><\/span><\/li>\n<li><span class=\"tlid-translation translation\" lang=\"en\"><span class=\"\" title=\"\">Engine starting mode at low ambient temperatures<\/span><\/span><\/li>\n<li><span class=\"tlid-translation translation\" lang=\"en\"><span class=\"\" title=\"\">Modular compatibility of harnesses connection in NEVO family controllers<\/span><\/span><\/li>\n<li><span class=\"tlid-translation translation\" lang=\"en\"><span class=\"\" title=\"\">The START \/ STOP function is intended for cars with low CO2 emissions<\/span><\/span><\/li>\n<li><span class=\"tlid-translation translation\" lang=\"en\"><span class=\"\" title=\"\">Easy assembly enabled by a compact design and a modular solution for adding a harness of optimal length and technical parameters<\/span><\/span><\/li>\n<li><span class=\"tlid-translation translation\" lang=\"en\"><span class=\"\" title=\"\">Automatic and \/ or manual advanced system configuration and calibration<\/span><\/span><\/li>\n<li><span class=\"tlid-translation translation\" lang=\"en\"><span class=\"\" title=\"\">Innovative software functions (adding gasoline while working on gas, detection of changes in the injection system type, correction for acceleration, anti-interference filters, etc.)<\/span><\/span><\/li>\n<\/ul>\n<\/div>\n<div class=\"sixteen columns\">\n<div class=\"eight columns\"><img decoding=\"async\" class=\"alignleft\" title=\"NEVO modu\u0142owo\u015b\u0107\" src=\"https:\/\/nevo.kme.eu\/images\/nevo\/NEVO_modulowosc_2017.png\" alt=\"NEVO modu\u0142owo\u015b\u0107\" \/><\/div>\n<div class=\"eight columns\">\n<p><span class=\"tlid-translation translation\" lang=\"en\"><span class=\"\" title=\"\">Vehicles with NEVO systems meet the<strong> EURO 4\/5\/6<\/strong> emission standards.<\/span><\/span><\/p>\n<p><span class=\"\" title=\"\">One of the most important assembly features of the system is <strong>MODULARITY<\/strong>.<\/span> <span class=\"\" title=\"\">In a situation where the car needs better and more effective calibration, and the car has a NEVO controller with one black harness, only add the gray harness to the one already installed and replace the controller with NEVO PLUS or PRO.<\/span> <span class=\"\" title=\"\">There is no need to replace the entire installation, just add elements to the existing one.<\/span><\/p>\n<\/div>\n<\/div>\n<div class=\"sdm_download_button_box_default\"><div class=\"sdm_download_link\"><a href=\"https:\/\/kme.eu\/kme\/en\/\/?sdm_process_download=1&download_id=9975\" class=\"sdm_download orange\" title=\"NEVO 4.0.10.4\" >Download software<\/a><\/div><\/div>\n<p>&nbsp;<\/p>\n<p>\t\t\t<rs-module-wrap id=\"rev_slider_error_1_wrapper\">\n\t\t\t\t<rs-module id=\"rev_slider_error_1\">\n\t\t\t\t\t<div class=\"rs_error_message_box\">\n\t\t\t\t\t\t<div class=\"rs_error_message_oops\">There is nothing to show here!<\/div>\n\t\t\t\t\t\t<div class=\"rs_error_message_content\">Slider with alias sun-en not found.<\/div>\n\t\t\t\t\t<\/div>\n\t\t\t\t<\/rs-module>\n\t\t\t<\/rs-module-wrap>\n\t\t\t<script>\n\t\t\t\tvar rs_eslider = document.getElementById(\"rev_slider_error_1\");\n\t\t\t\trs_eslider.style.display = \"none\";\n\t\t\t\tconsole.log(\"Slider with alias sun-en not found.\");\n\t\t\t<\/script>\n<br \/>\n<script>\n   $(window).on('load', function(){\n      $(\".sdm_download\").each(function( index, element ){\n         console.log($(this));\n         $(this).attr('target','_blank');\n      });\n   });\n<\/script><\/p>\n","protected":false},"excerpt":{"rendered":"<p>A pioneering controller NEVO PRO with an integrated OBD on board. This ECU is dedicated to the latest generation cars which fulfill emission standards EURO 4\/5 \/6. NEVO PRO contoller is available in version 4, 6, 8 cylinders.The controller has compact structure as well as hermetic and improved body cover. Easy and quick assembly of the controller allows to optimizethe time of work of the installer.<\/p>\n<p>NEVO PRO similarly to NEVO PLUS makes it possible to read analogue signals, e.g. Lambda Probe, connection of PPO converter in the cars of Valvetronic type. Additionally it has configurable 12V output which by means of a relay can disconnect for instance the fuel pump.<\/p>\n","protected":false},"featured_media":21544,"template":"","meta":[],"product_brand":[],"product_cat":[621],"product_tag":[255509,592434],"class_list":{"0":"post-10507","1":"product","2":"type-product","3":"status-publish","4":"has-post-thumbnail","6":"product_cat-electronics","7":"product_tag-indirect-injection","8":"product_tag-nevo-en-2","10":"first","11":"instock","12":"shipping-taxable","13":"product-type-simple"},"acf":[],"yoast_head":"<!-- This site is optimized with the Yoast SEO plugin v27.4 - https:\/\/yoast.com\/product\/yoast-seo-wordpress\/ -->\n<title>NEVO PRO ECU - KME<\/title>\n<meta name=\"description\" content=\"A pioneering controller NEVO PRO with an integrated OBD on board. This ECU is dedicated to the latest generation cars which fulfill emission standards EURO 4\/5 \/6. NEVO PRO contoller is available in version 4, 6, 8 cylinders.The controller has compact structure as well as hermetic and improved body cover. Easy and quick assembly of the controller allows to optimizethe time of work of the installer. NEVO PRO similarly to NEVO PLUS makes it possible to read analogue signals, e.g. Lambda Probe, connection of PPO converter in the cars of Valvetronic type. Additionally it has configurable 12V output which by means of a relay can disconnect for instance the fuel pump.\" \/>\n<meta name=\"robots\" content=\"index, follow, max-snippet:-1, max-image-preview:large, max-video-preview:-1\" \/>\n<link rel=\"canonical\" href=\"https:\/\/kme.eu\/kme\/en\/produkt\/nevo-pro-ecu\/\" \/>\n<meta property=\"og:locale\" content=\"en_US\" \/>\n<meta property=\"og:type\" content=\"article\" \/>\n<meta property=\"og:title\" content=\"NEVO PRO ECU - KME\" \/>\n<meta property=\"og:description\" content=\"A pioneering controller NEVO PRO with an integrated OBD on board. This ECU is dedicated to the latest generation cars which fulfill emission standards EURO 4\/5 \/6. NEVO PRO contoller is available in version 4, 6, 8 cylinders.The controller has compact structure as well as hermetic and improved body cover. Easy and quick assembly of the controller allows to optimizethe time of work of the installer. NEVO PRO similarly to NEVO PLUS makes it possible to read analogue signals, e.g. Lambda Probe, connection of PPO converter in the cars of Valvetronic type. Additionally it has configurable 12V output which by means of a relay can disconnect for instance the fuel pump.\" \/>\n<meta property=\"og:url\" content=\"https:\/\/kme.eu\/kme\/en\/produkt\/nevo-pro-ecu\/\" \/>\n<meta property=\"og:site_name\" content=\"KME\" \/>\n<meta property=\"article:publisher\" content=\"https:\/\/www.facebook.com\/KME.LPG\/\" \/>\n<meta property=\"article:modified_time\" content=\"2021-01-11T13:33:27+00:00\" \/>\n<meta property=\"og:image\" content=\"https:\/\/kme.eu\/kme\/wp-content\/uploads\/2020\/07\/Elektronika_zestawienie_NEVO_PRO_03.jpg\" \/>\n\t<meta property=\"og:image:width\" content=\"800\" \/>\n\t<meta property=\"og:image:height\" content=\"900\" \/>\n\t<meta property=\"og:image:type\" content=\"image\/jpeg\" \/>\n<meta name=\"twitter:card\" content=\"summary_large_image\" \/>\n<meta name=\"twitter:label1\" content=\"Est. reading time\" \/>\n\t<meta name=\"twitter:data1\" content=\"3 minutes\" \/>\n<script type=\"application\/ld+json\" class=\"yoast-schema-graph\">{\"@context\":\"https:\\\/\\\/schema.org\",\"@graph\":[{\"@type\":\"WebPage\",\"@id\":\"https:\\\/\\\/kme.eu\\\/kme\\\/en\\\/produkt\\\/nevo-pro-ecu\\\/\",\"url\":\"https:\\\/\\\/kme.eu\\\/kme\\\/en\\\/produkt\\\/nevo-pro-ecu\\\/\",\"name\":\"NEVO PRO ECU - KME\",\"isPartOf\":{\"@id\":\"https:\\\/\\\/kme.eu\\\/kme\\\/en\\\/#website\"},\"primaryImageOfPage\":{\"@id\":\"https:\\\/\\\/kme.eu\\\/kme\\\/en\\\/produkt\\\/nevo-pro-ecu\\\/#primaryimage\"},\"image\":{\"@id\":\"https:\\\/\\\/kme.eu\\\/kme\\\/en\\\/produkt\\\/nevo-pro-ecu\\\/#primaryimage\"},\"thumbnailUrl\":\"https:\\\/\\\/kme.eu\\\/kme\\\/wp-content\\\/uploads\\\/2020\\\/07\\\/Elektronika_zestawienie_NEVO_PRO_03.jpg\",\"datePublished\":\"2020-07-16T09:10:30+00:00\",\"dateModified\":\"2021-01-11T13:33:27+00:00\",\"description\":\"A pioneering controller NEVO PRO with an integrated OBD on board. This ECU is dedicated to the latest generation cars which fulfill emission standards EURO 4\\\/5 \\\/6. NEVO PRO contoller is available in version 4, 6, 8 cylinders.The controller has compact structure as well as hermetic and improved body cover. Easy and quick assembly of the controller allows to optimizethe time of work of the installer. NEVO PRO similarly to NEVO PLUS makes it possible to read analogue signals, e.g. Lambda Probe, connection of PPO converter in the cars of Valvetronic type. Additionally it has configurable 12V output which by means of a relay can disconnect for instance the fuel pump.\",\"breadcrumb\":{\"@id\":\"https:\\\/\\\/kme.eu\\\/kme\\\/en\\\/produkt\\\/nevo-pro-ecu\\\/#breadcrumb\"},\"inLanguage\":\"en-US\",\"potentialAction\":[{\"@type\":\"ReadAction\",\"target\":[\"https:\\\/\\\/kme.eu\\\/kme\\\/en\\\/produkt\\\/nevo-pro-ecu\\\/\"]}]},{\"@type\":\"ImageObject\",\"inLanguage\":\"en-US\",\"@id\":\"https:\\\/\\\/kme.eu\\\/kme\\\/en\\\/produkt\\\/nevo-pro-ecu\\\/#primaryimage\",\"url\":\"https:\\\/\\\/kme.eu\\\/kme\\\/wp-content\\\/uploads\\\/2020\\\/07\\\/Elektronika_zestawienie_NEVO_PRO_03.jpg\",\"contentUrl\":\"https:\\\/\\\/kme.eu\\\/kme\\\/wp-content\\\/uploads\\\/2020\\\/07\\\/Elektronika_zestawienie_NEVO_PRO_03.jpg\",\"width\":800,\"height\":900,\"caption\":\"elektronika_nevo_pro\"},{\"@type\":\"BreadcrumbList\",\"@id\":\"https:\\\/\\\/kme.eu\\\/kme\\\/en\\\/produkt\\\/nevo-pro-ecu\\\/#breadcrumb\",\"itemListElement\":[{\"@type\":\"ListItem\",\"position\":1,\"name\":\"Strona g\u0142\u00f3wna\",\"item\":\"https:\\\/\\\/kme.eu\\\/kme\\\/en\\\/\"},{\"@type\":\"ListItem\",\"position\":2,\"name\":\"Products\",\"item\":\"https:\\\/\\\/kme.eu\\\/kme\\\/en\\\/produkty_en\\\/\"},{\"@type\":\"ListItem\",\"position\":3,\"name\":\"NEVO PRO ECU\"}]},{\"@type\":\"WebSite\",\"@id\":\"https:\\\/\\\/kme.eu\\\/kme\\\/en\\\/#website\",\"url\":\"https:\\\/\\\/kme.eu\\\/kme\\\/en\\\/\",\"name\":\"KME\",\"description\":\"Autogas Systems\",\"publisher\":{\"@id\":\"https:\\\/\\\/kme.eu\\\/kme\\\/en\\\/#organization\"},\"potentialAction\":[{\"@type\":\"SearchAction\",\"target\":{\"@type\":\"EntryPoint\",\"urlTemplate\":\"https:\\\/\\\/kme.eu\\\/kme\\\/en\\\/?s={search_term_string}\"},\"query-input\":{\"@type\":\"PropertyValueSpecification\",\"valueRequired\":true,\"valueName\":\"search_term_string\"}}],\"inLanguage\":\"en-US\"},{\"@type\":\"Organization\",\"@id\":\"https:\\\/\\\/kme.eu\\\/kme\\\/en\\\/#organization\",\"name\":\"KME\",\"url\":\"https:\\\/\\\/kme.eu\\\/kme\\\/en\\\/\",\"logo\":{\"@type\":\"ImageObject\",\"inLanguage\":\"en-US\",\"@id\":\"https:\\\/\\\/kme.eu\\\/kme\\\/en\\\/#\\\/schema\\\/logo\\\/image\\\/\",\"url\":\"https:\\\/\\\/kme.eu\\\/kme\\\/wp-content\\\/uploads\\\/2020\\\/04\\\/logo_KME_RGB_small_200px.png\",\"contentUrl\":\"https:\\\/\\\/kme.eu\\\/kme\\\/wp-content\\\/uploads\\\/2020\\\/04\\\/logo_KME_RGB_small_200px.png\",\"width\":272,\"height\":200,\"caption\":\"KME\"},\"image\":{\"@id\":\"https:\\\/\\\/kme.eu\\\/kme\\\/en\\\/#\\\/schema\\\/logo\\\/image\\\/\"},\"sameAs\":[\"https:\\\/\\\/www.facebook.com\\\/KME.LPG\\\/\",\"https:\\\/\\\/www.instagram.com\\\/kme_lpg\\\/\"]}]}<\/script>\n<!-- \/ Yoast SEO plugin. -->","yoast_head_json":{"title":"NEVO PRO ECU - KME","description":"A pioneering controller NEVO PRO with an integrated OBD on board. This ECU is dedicated to the latest generation cars which fulfill emission standards EURO 4\/5 \/6. NEVO PRO contoller is available in version 4, 6, 8 cylinders.The controller has compact structure as well as hermetic and improved body cover. Easy and quick assembly of the controller allows to optimizethe time of work of the installer. NEVO PRO similarly to NEVO PLUS makes it possible to read analogue signals, e.g. Lambda Probe, connection of PPO converter in the cars of Valvetronic type. Additionally it has configurable 12V output which by means of a relay can disconnect for instance the fuel pump.","robots":{"index":"index","follow":"follow","max-snippet":"max-snippet:-1","max-image-preview":"max-image-preview:large","max-video-preview":"max-video-preview:-1"},"canonical":"https:\/\/kme.eu\/kme\/en\/produkt\/nevo-pro-ecu\/","og_locale":"en_US","og_type":"article","og_title":"NEVO PRO ECU - KME","og_description":"A pioneering controller NEVO PRO with an integrated OBD on board. This ECU is dedicated to the latest generation cars which fulfill emission standards EURO 4\/5 \/6. NEVO PRO contoller is available in version 4, 6, 8 cylinders.The controller has compact structure as well as hermetic and improved body cover. Easy and quick assembly of the controller allows to optimizethe time of work of the installer. NEVO PRO similarly to NEVO PLUS makes it possible to read analogue signals, e.g. Lambda Probe, connection of PPO converter in the cars of Valvetronic type. Additionally it has configurable 12V output which by means of a relay can disconnect for instance the fuel pump.","og_url":"https:\/\/kme.eu\/kme\/en\/produkt\/nevo-pro-ecu\/","og_site_name":"KME","article_publisher":"https:\/\/www.facebook.com\/KME.LPG\/","article_modified_time":"2021-01-11T13:33:27+00:00","og_image":[{"width":800,"height":900,"url":"https:\/\/kme.eu\/kme\/wp-content\/uploads\/2020\/07\/Elektronika_zestawienie_NEVO_PRO_03.jpg","type":"image\/jpeg"}],"twitter_card":"summary_large_image","twitter_misc":{"Est. reading time":"3 minutes"},"schema":{"@context":"https:\/\/schema.org","@graph":[{"@type":"WebPage","@id":"https:\/\/kme.eu\/kme\/en\/produkt\/nevo-pro-ecu\/","url":"https:\/\/kme.eu\/kme\/en\/produkt\/nevo-pro-ecu\/","name":"NEVO PRO ECU - KME","isPartOf":{"@id":"https:\/\/kme.eu\/kme\/en\/#website"},"primaryImageOfPage":{"@id":"https:\/\/kme.eu\/kme\/en\/produkt\/nevo-pro-ecu\/#primaryimage"},"image":{"@id":"https:\/\/kme.eu\/kme\/en\/produkt\/nevo-pro-ecu\/#primaryimage"},"thumbnailUrl":"https:\/\/kme.eu\/kme\/wp-content\/uploads\/2020\/07\/Elektronika_zestawienie_NEVO_PRO_03.jpg","datePublished":"2020-07-16T09:10:30+00:00","dateModified":"2021-01-11T13:33:27+00:00","description":"A pioneering controller NEVO PRO with an integrated OBD on board. This ECU is dedicated to the latest generation cars which fulfill emission standards EURO 4\/5 \/6. NEVO PRO contoller is available in version 4, 6, 8 cylinders.The controller has compact structure as well as hermetic and improved body cover. Easy and quick assembly of the controller allows to optimizethe time of work of the installer. NEVO PRO similarly to NEVO PLUS makes it possible to read analogue signals, e.g. Lambda Probe, connection of PPO converter in the cars of Valvetronic type. Additionally it has configurable 12V output which by means of a relay can disconnect for instance the fuel pump.","breadcrumb":{"@id":"https:\/\/kme.eu\/kme\/en\/produkt\/nevo-pro-ecu\/#breadcrumb"},"inLanguage":"en-US","potentialAction":[{"@type":"ReadAction","target":["https:\/\/kme.eu\/kme\/en\/produkt\/nevo-pro-ecu\/"]}]},{"@type":"ImageObject","inLanguage":"en-US","@id":"https:\/\/kme.eu\/kme\/en\/produkt\/nevo-pro-ecu\/#primaryimage","url":"https:\/\/kme.eu\/kme\/wp-content\/uploads\/2020\/07\/Elektronika_zestawienie_NEVO_PRO_03.jpg","contentUrl":"https:\/\/kme.eu\/kme\/wp-content\/uploads\/2020\/07\/Elektronika_zestawienie_NEVO_PRO_03.jpg","width":800,"height":900,"caption":"elektronika_nevo_pro"},{"@type":"BreadcrumbList","@id":"https:\/\/kme.eu\/kme\/en\/produkt\/nevo-pro-ecu\/#breadcrumb","itemListElement":[{"@type":"ListItem","position":1,"name":"Strona g\u0142\u00f3wna","item":"https:\/\/kme.eu\/kme\/en\/"},{"@type":"ListItem","position":2,"name":"Products","item":"https:\/\/kme.eu\/kme\/en\/produkty_en\/"},{"@type":"ListItem","position":3,"name":"NEVO PRO ECU"}]},{"@type":"WebSite","@id":"https:\/\/kme.eu\/kme\/en\/#website","url":"https:\/\/kme.eu\/kme\/en\/","name":"KME","description":"Autogas Systems","publisher":{"@id":"https:\/\/kme.eu\/kme\/en\/#organization"},"potentialAction":[{"@type":"SearchAction","target":{"@type":"EntryPoint","urlTemplate":"https:\/\/kme.eu\/kme\/en\/?s={search_term_string}"},"query-input":{"@type":"PropertyValueSpecification","valueRequired":true,"valueName":"search_term_string"}}],"inLanguage":"en-US"},{"@type":"Organization","@id":"https:\/\/kme.eu\/kme\/en\/#organization","name":"KME","url":"https:\/\/kme.eu\/kme\/en\/","logo":{"@type":"ImageObject","inLanguage":"en-US","@id":"https:\/\/kme.eu\/kme\/en\/#\/schema\/logo\/image\/","url":"https:\/\/kme.eu\/kme\/wp-content\/uploads\/2020\/04\/logo_KME_RGB_small_200px.png","contentUrl":"https:\/\/kme.eu\/kme\/wp-content\/uploads\/2020\/04\/logo_KME_RGB_small_200px.png","width":272,"height":200,"caption":"KME"},"image":{"@id":"https:\/\/kme.eu\/kme\/en\/#\/schema\/logo\/image\/"},"sameAs":["https:\/\/www.facebook.com\/KME.LPG\/","https:\/\/www.instagram.com\/kme_lpg\/"]}]}},"_links":{"self":[{"href":"https:\/\/kme.eu\/kme\/en\/wp-json\/wp\/v2\/product\/10507","targetHints":{"allow":["GET"]}}],"collection":[{"href":"https:\/\/kme.eu\/kme\/en\/wp-json\/wp\/v2\/product"}],"about":[{"href":"https:\/\/kme.eu\/kme\/en\/wp-json\/wp\/v2\/types\/product"}],"wp:featuredmedia":[{"embeddable":true,"href":"https:\/\/kme.eu\/kme\/en\/wp-json\/wp\/v2\/media\/21544"}],"wp:attachment":[{"href":"https:\/\/kme.eu\/kme\/en\/wp-json\/wp\/v2\/media?parent=10507"}],"wp:term":[{"taxonomy":"product_brand","embeddable":true,"href":"https:\/\/kme.eu\/kme\/en\/wp-json\/wp\/v2\/product_brand?post=10507"},{"taxonomy":"product_cat","embeddable":true,"href":"https:\/\/kme.eu\/kme\/en\/wp-json\/wp\/v2\/product_cat?post=10507"},{"taxonomy":"product_tag","embeddable":true,"href":"https:\/\/kme.eu\/kme\/en\/wp-json\/wp\/v2\/product_tag?post=10507"}],"curies":[{"name":"wp","href":"https:\/\/api.w.org\/{rel}","templated":true}]}}