{"id":15387,"date":"2020-06-23T12:47:01","date_gmt":"2020-06-23T10:47:01","guid":{"rendered":"https:\/\/kme.eu\/kme\/produkt\/nevo-ecu-2\/"},"modified":"2024-01-11T14:39:01","modified_gmt":"2024-01-11T13:39:01","slug":"nevo-ecu-2","status":"publish","type":"product","link":"https:\/\/kme.eu\/kme\/en\/produkt\/nevo-ecu-2\/","title":{"rendered":"NEVO ECU"},"content":{"rendered":"<div class=\"sixteen columns\">\n<h5><strong>Components<\/strong><b>of electronics<\/b><\/h5>\n<ul>\n<li>ecu<\/li>\n<li>basic harness<\/li>\n<li>fuel level sensor<\/li>\n<li>connection accessories<\/li>\n<li>pressure sensor<\/li>\n<li>control panel<\/li>\n<\/ul>\n<h5>LPG\/CNG AUTOMOTIVE ELECTRONICS FAMILY<\/h5>\n<\/div>\n<div class=\"sixteen columns\">\n<div class=\"eight columns\"><img decoding=\"async\" class=\"alignleft\" title=\"NEVO automotive CPU\" src=\"https:\/\/nevo.kme.eu\/images\/nevo\/NEVO_automotive_CPU.png\" alt=\"NEVO automotive CPU\" \/><\/div>\n<div class=\"eight columns\">\n<p>The NEVO family of sequential gas injection controllers is based on the proven and reliable <strong>DIEGO system<\/strong>. The advanced and latest technological design is based on a dual-core processor dedicated to the automotive industry &#8211; <strong>AUTOMOTIVE<\/strong> &#8211; which facilitates precise control of the LPG and CNG fuel combustion process in modern car engines.<\/p>\n<\/div>\n<\/div>\n<div class=\"sixteen columns\">\n<div>\n<p>&nbsp;<\/p>\n<p>&nbsp;<\/p>\n<\/div>\n<p>&nbsp;<\/p>\n<p>&nbsp;<\/p>\n<p>There are also solutions with <strong>an inductive emulator RL<\/strong>, used for extremely sensitive gasoline controllers, signaling the disconnection of gasoline injectors after installing the gas installation in the car.<\/p>\n<div>\n<p>Our system supports the latest generation of cars with the ecological <strong>START\/STOP<\/strong> function.<\/p>\n<\/div>\n<\/div>\n<p>&nbsp;<\/p>\n<div class=\"sixteen columns\">\n<div class=\"eight columns\"><img decoding=\"async\" class=\"alignleft\" title=\"NEVO valvematic valvetronic\" src=\"https:\/\/nevo.kme.eu\/images\/nevo\/NEVO_valvematic_valvetronic.png\" alt=\"NEVO valvematic valvetronic\" \/><\/div>\n<div class=\"eight columns\">\n<p>Operational certainty and increased capabilities are guaranteed by the use of a digital bus. The latest generation of the NEVO family of controllers provides both support for standard motors as well as modern solutions m.in: <strong>VALVEMATIC, VALVETRONIC<\/strong> (without vacuum in the manifold).<\/p>\n<\/div>\n<\/div>\n<div class=\"sixteen columns\">\n<h3><\/h3>\n<h5><\/h5>\n<h5 style=\"text-align: left;\"><div class=\"mkdf-separator-holder clearfix  mkdf-separator-center mkdf-separator-normal\">\n\t<div class=\"mkdf-separator\" ><\/div>\n<\/div>\nNEVO ELECTRONICS USAGE CHARACTERISTICS<\/h5>\n<ul>\n<li>In case of the lack of gas automatic return to petrol and automatic switch to gas supply<\/li>\n<li>Automatic dimming of panel LEDs after dark<\/li>\n<li>User-friendly panel informing about the current operating status of the installation m.in: inspections, self-diagnosis codes<\/li>\n<li>Emergency engine start directly on gas supply<\/li>\n<li>&#8220;Warm start&#8221; mechanism, which allows you to start the car on gas in case the engine is &#8220;warmed up&#8221;<\/li>\n<li>Automatic calibration of the gas level indicator<\/li>\n<li>An extensive self-diagnosis system, including system test, recorder. Error codes with quantity and time of occurrence<\/li>\n<li>Built-in gas injector test<\/li>\n<li>Workshop options (inspections, locking the controller with a workshop password, monitoring of changes made to the controller)<\/li>\n<li>Recording working time on gas and petrol<\/li>\n<li>Selecting the color of the operating status LIGHT or turning it off on the driver panel<\/li>\n<\/ul>\n<\/div>\n<div class=\"sixteen columns\">\n<div>\n<p>Compared to our first DIEGO G3 sequential gas injection system, the current system has an easy-to-use, <strong>intuitive program interface<\/strong> In cooperation with the installers who calibrate cars on a daily basis, the program has been facilitated m.in the <strong>FUNC bar<\/strong> informing about the active functions of the controller and the <strong>always visible sidebar of readings<\/strong>, which is helpful in the current monitoring of the system.<\/p>\n<p>Proprietary solutions for the adaptation of the OSA and MOSA gas controller ensure comfortable use of a car with gas supply and automatic adjustment of the gas dose to changing operating conditions. <strong>MOSA<\/strong> (Map On-Board System Adaptation) is available in all NEVO family controllers. It allows you to correct the gas dose based on the characteristics of work on gasoline and monitor the work on gas.<\/p>\n<p>&nbsp;<\/p>\n<\/div>\n<\/div>\n<div class=\"sixteen columns\">\n<div class=\"eight columns\"><img decoding=\"async\" class=\"alignleft\" title=\"NEVO On Board Diagnostic System\" src=\"https:\/\/nevo.kme.eu\/images\/nevo\/NEVO_obd_2017.png\" alt=\"NEVO On Board Diagnostic System\" \/><\/div>\n<div class=\"eight columns\">\n<p><strong>OSA adaptation<\/strong> (<strong>OBD System Adaptation<\/strong>) is available in the NEVO PRO controller with built-in OBD module. W instalacjach ze sterownikami NEVO i NEVO PLUS mechanizm OSA jest dost\u0119pny po do\u0142o\u017ceniu <strong><a href=\"https:\/\/nevo.kme.eu\/#adapter_obd\"><i class=\"icon-eye-open\"><\/i> Adaptera OBD v2<\/a><\/strong>, produkowanego przez nasz\u0105 firm\u0119. The mechanism using OBD data allows: adjusting the composition of the mixture in accordance with the strategy of the gasoline controller monitoring the mode of operation of the system monitoring errors in the gasoline controller with the possibility of deleting them<\/p>\n<\/div>\n<\/div>\n<div class=\"sixteen columns\">\n<h5><\/h5>\n<h5><\/h5>\n<h5><\/h5>\n<h5 style=\"text-align: left;\"><i class=\"icon-bar-chart\"><div class=\"mkdf-separator-holder clearfix  mkdf-separator-center mkdf-separator-normal\">\n\t<div class=\"mkdf-separator\" ><\/div>\n<\/div>\n<\/i>ECU TECHNICAL CHARACTERISTICS<\/h5>\n<ul>\n<li>Constant and stable gas dose adaptation (built-in MOSA, OSA mechanism)<\/li>\n<li>Maintaining the dynamics and traction of the vehicle (power, acceleration)<\/li>\n<li>Engine start mode at low ambient temperatures<\/li>\n<li>Modular compatibility of harness connection in NEVO family controllers<\/li>\n<li>START\/STOP function for cars with low CO2 emissions<\/li>\n<li>Easy installation made possible by compact design and modular beam placement solution with optimal length and technical parameters<\/li>\n<li>Automatic and\/or manual advanced system configuration and calibration<\/li>\n<li>Innovative software functions (adding gasoline when working on gas, detection of change in the type of injection system, correction for acceleration, anti-interference filters, etc.)<\/li>\n<\/ul>\n<\/div>\n<div class=\"sixteen columns\">\n<div class=\"eight columns\"><img decoding=\"async\" class=\"alignleft\" title=\"NEVO modularity\" src=\"https:\/\/nevo.kme.eu\/images\/nevo\/NEVO_modulowosc_2017.png\" alt=\"NEVO modularity\" \/><\/div>\n<div class=\"eight columns\">\n<p>Vehicles with NEVO systems meet <strong>EURO 4\/5\/6<\/strong> emission standards.<\/p>\n<p>Vehicles with NEVO systems meet <strong>EURO 4\/5\/6<\/strong> emission standards. In a situation where the car needs better and more effective calibration, and the car has an NEVO controller with one black beam, you only need to add a gray beam to the already installed one and replace the controller with NEVO PLUS or PRO. There is no need to replace the entire installation, you just need to add elements to the existing one.<\/p>\n<\/div>\n<\/div>\n<p>&nbsp;<\/p>\n<p>&nbsp;<\/p>\n<div class=\"sdm_download_button_box_default\"><div class=\"sdm_download_link\"><a href=\"https:\/\/kme.eu\/kme\/en\/\/?sdm_process_download=1&download_id=7674\" class=\"sdm_download orange\" title=\"NEVO 4.0.10.4\" >Pobierz program<\/a><\/div><\/div>\n<p>&nbsp;<\/p>\n<p>\t\t\t<rs-module-wrap id=\"rev_slider_error_1_wrapper\">\n\t\t\t\t<rs-module id=\"rev_slider_error_1\">\n\t\t\t\t\t<div class=\"rs_error_message_box\">\n\t\t\t\t\t\t<div class=\"rs_error_message_oops\">There is nothing to show here!<\/div>\n\t\t\t\t\t\t<div class=\"rs_error_message_content\">Slider with alias sun not found.<\/div>\n\t\t\t\t\t<\/div>\n\t\t\t\t<\/rs-module>\n\t\t\t<\/rs-module-wrap>\n\t\t\t<script>\n\t\t\t\tvar rs_eslider = document.getElementById(\"rev_slider_error_1\");\n\t\t\t\trs_eslider.style.display = \"none\";\n\t\t\t\tconsole.log(\"Slider with alias sun not found.\");\n\t\t\t<\/script>\n<br \/>\n<script>\n   $(window).on('load', function(){\n      $(\".sdm_download\").each(function( index, element ){\n         console.log($(this));\n         $(this).attr('target','_blank');\n      });\n   });\n<\/script><\/p>\n","protected":false},"excerpt":{"rendered":"<p>The smallest controller in the NEVO family. Dedicated to 3-4 cylinder cars. It has a compact design. Designed for easy and quick installation. Equipped with one connector with an optimally matched harness and a hermetic casing that protects the device against interference from external factors.<br \/>\nConnecting the OBD Adapter extends the functionality of the controller in terms of cooperation of the system with the OBD module of the car and provides a mechanism for adapting the OSA.<\/p>\n","protected":false},"featured_media":15388,"template":"","meta":[],"product_brand":[],"product_cat":[690],"product_tag":[592030,592434],"class_list":{"0":"post-15387","1":"product","2":"type-product","3":"status-publish","4":"has-post-thumbnail","6":"product_cat-gas-ecus","7":"product_tag-indirect-injection-en","8":"product_tag-nevo-en-2","10":"first","11":"instock","12":"shipping-taxable","13":"product-type-simple"},"acf":[],"yoast_head":"<!-- This site is optimized with the Yoast SEO plugin v27.5 - https:\/\/yoast.com\/product\/yoast-seo-wordpress\/ -->\n<title>NEVO ECU - KME<\/title>\n<meta name=\"robots\" content=\"index, follow, max-snippet:-1, max-image-preview:large, max-video-preview:-1\" \/>\n<link rel=\"canonical\" href=\"https:\/\/kme.eu\/kme\/en\/produkt\/nevo-ecu-2\/\" \/>\n<meta property=\"og:locale\" content=\"en_US\" \/>\n<meta property=\"og:type\" content=\"article\" \/>\n<meta property=\"og:title\" content=\"NEVO ECU - KME\" \/>\n<meta property=\"og:description\" content=\"The smallest controller in the NEVO family. Dedicated to 3-4 cylinder cars. It has a compact design. Designed for easy and quick installation. Equipped with one connector with an optimally matched harness and a hermetic casing that protects the device against interference from external factors. Connecting the OBD Adapter extends the functionality of the controller in terms of cooperation of the system with the OBD module of the car and provides a mechanism for adapting the OSA.\" \/>\n<meta property=\"og:url\" content=\"https:\/\/kme.eu\/kme\/en\/produkt\/nevo-ecu-2\/\" \/>\n<meta property=\"og:site_name\" content=\"KME\" \/>\n<meta property=\"article:publisher\" content=\"https:\/\/www.facebook.com\/KME.LPG\/\" \/>\n<meta property=\"article:modified_time\" content=\"2024-01-11T13:39:01+00:00\" \/>\n<meta property=\"og:image\" content=\"https:\/\/kme.eu\/kme\/wp-content\/uploads\/2020\/06\/NEVO.jpg\" \/>\n\t<meta property=\"og:image:width\" content=\"800\" \/>\n\t<meta property=\"og:image:height\" content=\"900\" \/>\n\t<meta property=\"og:image:type\" content=\"image\/jpeg\" \/>\n<meta name=\"twitter:card\" content=\"summary_large_image\" \/>\n<meta name=\"twitter:label1\" content=\"Est. reading time\" \/>\n\t<meta name=\"twitter:data1\" content=\"6 minutes\" \/>\n<script type=\"application\/ld+json\" class=\"yoast-schema-graph\">{\"@context\":\"https:\\\/\\\/schema.org\",\"@graph\":[{\"@type\":\"WebPage\",\"@id\":\"https:\\\/\\\/kme.eu\\\/kme\\\/en\\\/produkt\\\/nevo-ecu-2\\\/\",\"url\":\"https:\\\/\\\/kme.eu\\\/kme\\\/en\\\/produkt\\\/nevo-ecu-2\\\/\",\"name\":\"NEVO ECU - KME\",\"isPartOf\":{\"@id\":\"https:\\\/\\\/kme.eu\\\/kme\\\/en\\\/#website\"},\"primaryImageOfPage\":{\"@id\":\"https:\\\/\\\/kme.eu\\\/kme\\\/en\\\/produkt\\\/nevo-ecu-2\\\/#primaryimage\"},\"image\":{\"@id\":\"https:\\\/\\\/kme.eu\\\/kme\\\/en\\\/produkt\\\/nevo-ecu-2\\\/#primaryimage\"},\"thumbnailUrl\":\"https:\\\/\\\/kme.eu\\\/kme\\\/wp-content\\\/uploads\\\/2020\\\/06\\\/NEVO.jpg\",\"datePublished\":\"2020-06-23T10:47:01+00:00\",\"dateModified\":\"2024-01-11T13:39:01+00:00\",\"breadcrumb\":{\"@id\":\"https:\\\/\\\/kme.eu\\\/kme\\\/en\\\/produkt\\\/nevo-ecu-2\\\/#breadcrumb\"},\"inLanguage\":\"en-US\",\"potentialAction\":[{\"@type\":\"ReadAction\",\"target\":[\"https:\\\/\\\/kme.eu\\\/kme\\\/en\\\/produkt\\\/nevo-ecu-2\\\/\"]}]},{\"@type\":\"ImageObject\",\"inLanguage\":\"en-US\",\"@id\":\"https:\\\/\\\/kme.eu\\\/kme\\\/en\\\/produkt\\\/nevo-ecu-2\\\/#primaryimage\",\"url\":\"https:\\\/\\\/kme.eu\\\/kme\\\/wp-content\\\/uploads\\\/2020\\\/06\\\/NEVO.jpg\",\"contentUrl\":\"https:\\\/\\\/kme.eu\\\/kme\\\/wp-content\\\/uploads\\\/2020\\\/06\\\/NEVO.jpg\",\"width\":800,\"height\":900},{\"@type\":\"BreadcrumbList\",\"@id\":\"https:\\\/\\\/kme.eu\\\/kme\\\/en\\\/produkt\\\/nevo-ecu-2\\\/#breadcrumb\",\"itemListElement\":[{\"@type\":\"ListItem\",\"position\":1,\"name\":\"Strona g\u0142\u00f3wna\",\"item\":\"https:\\\/\\\/kme.eu\\\/kme\\\/en\\\/\"},{\"@type\":\"ListItem\",\"position\":2,\"name\":\"Products\",\"item\":\"https:\\\/\\\/kme.eu\\\/kme\\\/en\\\/produkty_en\\\/\"},{\"@type\":\"ListItem\",\"position\":3,\"name\":\"NEVO ECU\"}]},{\"@type\":\"WebSite\",\"@id\":\"https:\\\/\\\/kme.eu\\\/kme\\\/en\\\/#website\",\"url\":\"https:\\\/\\\/kme.eu\\\/kme\\\/en\\\/\",\"name\":\"KME\",\"description\":\"Autogas Systems\",\"publisher\":{\"@id\":\"https:\\\/\\\/kme.eu\\\/kme\\\/en\\\/#organization\"},\"potentialAction\":[{\"@type\":\"SearchAction\",\"target\":{\"@type\":\"EntryPoint\",\"urlTemplate\":\"https:\\\/\\\/kme.eu\\\/kme\\\/en\\\/?s={search_term_string}\"},\"query-input\":{\"@type\":\"PropertyValueSpecification\",\"valueRequired\":true,\"valueName\":\"search_term_string\"}}],\"inLanguage\":\"en-US\"},{\"@type\":\"Organization\",\"@id\":\"https:\\\/\\\/kme.eu\\\/kme\\\/en\\\/#organization\",\"name\":\"KME\",\"url\":\"https:\\\/\\\/kme.eu\\\/kme\\\/en\\\/\",\"logo\":{\"@type\":\"ImageObject\",\"inLanguage\":\"en-US\",\"@id\":\"https:\\\/\\\/kme.eu\\\/kme\\\/en\\\/#\\\/schema\\\/logo\\\/image\\\/\",\"url\":\"https:\\\/\\\/kme.eu\\\/kme\\\/wp-content\\\/uploads\\\/2020\\\/04\\\/logo_KME_RGB_small_200px.png\",\"contentUrl\":\"https:\\\/\\\/kme.eu\\\/kme\\\/wp-content\\\/uploads\\\/2020\\\/04\\\/logo_KME_RGB_small_200px.png\",\"width\":272,\"height\":200,\"caption\":\"KME\"},\"image\":{\"@id\":\"https:\\\/\\\/kme.eu\\\/kme\\\/en\\\/#\\\/schema\\\/logo\\\/image\\\/\"},\"sameAs\":[\"https:\\\/\\\/www.facebook.com\\\/KME.LPG\\\/\",\"https:\\\/\\\/www.instagram.com\\\/kme_lpg\\\/\"]}]}<\/script>\n<!-- \/ Yoast SEO plugin. -->","yoast_head_json":{"title":"NEVO ECU - KME","robots":{"index":"index","follow":"follow","max-snippet":"max-snippet:-1","max-image-preview":"max-image-preview:large","max-video-preview":"max-video-preview:-1"},"canonical":"https:\/\/kme.eu\/kme\/en\/produkt\/nevo-ecu-2\/","og_locale":"en_US","og_type":"article","og_title":"NEVO ECU - KME","og_description":"The smallest controller in the NEVO family. Dedicated to 3-4 cylinder cars. It has a compact design. Designed for easy and quick installation. Equipped with one connector with an optimally matched harness and a hermetic casing that protects the device against interference from external factors. Connecting the OBD Adapter extends the functionality of the controller in terms of cooperation of the system with the OBD module of the car and provides a mechanism for adapting the OSA.","og_url":"https:\/\/kme.eu\/kme\/en\/produkt\/nevo-ecu-2\/","og_site_name":"KME","article_publisher":"https:\/\/www.facebook.com\/KME.LPG\/","article_modified_time":"2024-01-11T13:39:01+00:00","og_image":[{"width":800,"height":900,"url":"https:\/\/kme.eu\/kme\/wp-content\/uploads\/2020\/06\/NEVO.jpg","type":"image\/jpeg"}],"twitter_card":"summary_large_image","twitter_misc":{"Est. reading time":"6 minutes"},"schema":{"@context":"https:\/\/schema.org","@graph":[{"@type":"WebPage","@id":"https:\/\/kme.eu\/kme\/en\/produkt\/nevo-ecu-2\/","url":"https:\/\/kme.eu\/kme\/en\/produkt\/nevo-ecu-2\/","name":"NEVO ECU - KME","isPartOf":{"@id":"https:\/\/kme.eu\/kme\/en\/#website"},"primaryImageOfPage":{"@id":"https:\/\/kme.eu\/kme\/en\/produkt\/nevo-ecu-2\/#primaryimage"},"image":{"@id":"https:\/\/kme.eu\/kme\/en\/produkt\/nevo-ecu-2\/#primaryimage"},"thumbnailUrl":"https:\/\/kme.eu\/kme\/wp-content\/uploads\/2020\/06\/NEVO.jpg","datePublished":"2020-06-23T10:47:01+00:00","dateModified":"2024-01-11T13:39:01+00:00","breadcrumb":{"@id":"https:\/\/kme.eu\/kme\/en\/produkt\/nevo-ecu-2\/#breadcrumb"},"inLanguage":"en-US","potentialAction":[{"@type":"ReadAction","target":["https:\/\/kme.eu\/kme\/en\/produkt\/nevo-ecu-2\/"]}]},{"@type":"ImageObject","inLanguage":"en-US","@id":"https:\/\/kme.eu\/kme\/en\/produkt\/nevo-ecu-2\/#primaryimage","url":"https:\/\/kme.eu\/kme\/wp-content\/uploads\/2020\/06\/NEVO.jpg","contentUrl":"https:\/\/kme.eu\/kme\/wp-content\/uploads\/2020\/06\/NEVO.jpg","width":800,"height":900},{"@type":"BreadcrumbList","@id":"https:\/\/kme.eu\/kme\/en\/produkt\/nevo-ecu-2\/#breadcrumb","itemListElement":[{"@type":"ListItem","position":1,"name":"Strona g\u0142\u00f3wna","item":"https:\/\/kme.eu\/kme\/en\/"},{"@type":"ListItem","position":2,"name":"Products","item":"https:\/\/kme.eu\/kme\/en\/produkty_en\/"},{"@type":"ListItem","position":3,"name":"NEVO ECU"}]},{"@type":"WebSite","@id":"https:\/\/kme.eu\/kme\/en\/#website","url":"https:\/\/kme.eu\/kme\/en\/","name":"KME","description":"Autogas Systems","publisher":{"@id":"https:\/\/kme.eu\/kme\/en\/#organization"},"potentialAction":[{"@type":"SearchAction","target":{"@type":"EntryPoint","urlTemplate":"https:\/\/kme.eu\/kme\/en\/?s={search_term_string}"},"query-input":{"@type":"PropertyValueSpecification","valueRequired":true,"valueName":"search_term_string"}}],"inLanguage":"en-US"},{"@type":"Organization","@id":"https:\/\/kme.eu\/kme\/en\/#organization","name":"KME","url":"https:\/\/kme.eu\/kme\/en\/","logo":{"@type":"ImageObject","inLanguage":"en-US","@id":"https:\/\/kme.eu\/kme\/en\/#\/schema\/logo\/image\/","url":"https:\/\/kme.eu\/kme\/wp-content\/uploads\/2020\/04\/logo_KME_RGB_small_200px.png","contentUrl":"https:\/\/kme.eu\/kme\/wp-content\/uploads\/2020\/04\/logo_KME_RGB_small_200px.png","width":272,"height":200,"caption":"KME"},"image":{"@id":"https:\/\/kme.eu\/kme\/en\/#\/schema\/logo\/image\/"},"sameAs":["https:\/\/www.facebook.com\/KME.LPG\/","https:\/\/www.instagram.com\/kme_lpg\/"]}]}},"_links":{"self":[{"href":"https:\/\/kme.eu\/kme\/en\/wp-json\/wp\/v2\/product\/15387","targetHints":{"allow":["GET"]}}],"collection":[{"href":"https:\/\/kme.eu\/kme\/en\/wp-json\/wp\/v2\/product"}],"about":[{"href":"https:\/\/kme.eu\/kme\/en\/wp-json\/wp\/v2\/types\/product"}],"wp:featuredmedia":[{"embeddable":true,"href":"https:\/\/kme.eu\/kme\/en\/wp-json\/wp\/v2\/media\/15388"}],"wp:attachment":[{"href":"https:\/\/kme.eu\/kme\/en\/wp-json\/wp\/v2\/media?parent=15387"}],"wp:term":[{"taxonomy":"product_brand","embeddable":true,"href":"https:\/\/kme.eu\/kme\/en\/wp-json\/wp\/v2\/product_brand?post=15387"},{"taxonomy":"product_cat","embeddable":true,"href":"https:\/\/kme.eu\/kme\/en\/wp-json\/wp\/v2\/product_cat?post=15387"},{"taxonomy":"product_tag","embeddable":true,"href":"https:\/\/kme.eu\/kme\/en\/wp-json\/wp\/v2\/product_tag?post=15387"}],"curies":[{"name":"wp","href":"https:\/\/api.w.org\/{rel}","templated":true}]}}