{"id":9983,"date":"2020-10-13T14:31:31","date_gmt":"2020-10-13T12:31:31","guid":{"rendered":"https:\/\/kme.eu\/kme\/?post_type=product&#038;p=9983"},"modified":"2026-04-08T10:30:39","modified_gmt":"2026-04-08T08:30:39","slug":"fuel-level-emulator-epp-2-psa-honda-japan","status":"publish","type":"product","link":"https:\/\/kme.eu\/kme\/en\/produkt\/fuel-level-emulator-epp-2-psa-honda-japan\/","title":{"rendered":"Fuel level emulator EPP (PSA, HONDA, JAPAN, TOYOTA)"},"content":{"rendered":"<p><span class=\"tlid-translation translation\" lang=\"en\"><span class=\"\" title=\"\">In some modern cars, the fuel level is determined when the engine is started based on readings from a sensor in the fuel tank.<\/span> <span class=\"\" title=\"\">The fuel level indication on the driver&#8217;s gauge is corrected by the petrol computer based on the current consumption resulting from the petrol injection times.<\/span> <span class=\"\" title=\"\">In this case, while driving on gas, the petrol level indicator in the car shows the loss of fuel in the tank even though the fuel is not consumed.<\/span> <span class=\"\" title=\"\">Thanks to the use of the EPP emulator, the fuel level indication will be restored to the actual state each time the engine is started. <\/span><\/span><span class=\"Y2IQFc\" lang=\"en\">KME offers 4 types of EPP emulators: PSA, HONDA, JAPAN and TOYOTA.<\/span><\/p>\n<p>&nbsp;<\/p>\n<p>&nbsp;<\/p>\n<p>&nbsp;<\/p>\n<div class=\"sdm_download_button_box_default\"><div class=\"sdm_download_link\"><a href=\"https:\/\/kme.eu\/kme\/en\/\/?sdm_process_download=1&download_id=10566\" class=\"sdm_download orange\" title=\"FUEL LEVEL EMULATOR instruction EPP\" target=&quot;_blank&quot;>EPP instruction<\/a><\/div><\/div><br \/>\n<script>\n   $(window).on('load', function(){\n      $(\".sdm_download\").each(function( index, element ){\n         console.log($(this));\n         $(this).attr('target','_blank');\n      });\n   });\n<\/script><\/p>\n","protected":false},"excerpt":{"rendered":"<p><span class=\"tlid-translation translation\" lang=\"en\"><span class=\"\" title=\"\">In modern cars, where fuel consumption is based on gasoline injection times, the device is used to restore the indication of the actual gasoline level when the engine is started.<\/span><\/span><\/p>\n","protected":false},"featured_media":21727,"template":"","meta":[],"product_brand":[],"product_cat":[696],"product_tag":[592469],"class_list":{"0":"post-9983","1":"product","2":"type-product","3":"status-publish","4":"has-post-thumbnail","6":"product_cat-accessories","7":"product_tag-emulator-en-2","9":"first","10":"instock","11":"shipping-taxable","12":"product-type-simple"},"acf":[],"yoast_head":"<!-- This site is optimized with the Yoast SEO plugin v27.4 - https:\/\/yoast.com\/product\/yoast-seo-wordpress\/ -->\n<title>Fuel level emulator EPP (PSA, HONDA, JAPAN, TOYOTA) - KME<\/title>\n<meta name=\"description\" content=\"Urz\u0105dzenie s\u0142u\u017cy do przywr\u00f3cenia wskazania faktycznego poziomy benzyny przy uruchamianiu silnika.\" \/>\n<meta name=\"robots\" content=\"index, follow, max-snippet:-1, max-image-preview:large, max-video-preview:-1\" \/>\n<link rel=\"canonical\" href=\"https:\/\/kme.eu\/kme\/en\/produkt\/fuel-level-emulator-epp-2-psa-honda-japan\/\" \/>\n<meta property=\"og:locale\" content=\"en_US\" \/>\n<meta property=\"og:type\" content=\"article\" \/>\n<meta property=\"og:title\" content=\"Fuel level emulator EPP (PSA, HONDA, JAPAN, TOYOTA)\" \/>\n<meta property=\"og:description\" content=\"KME\" \/>\n<meta property=\"og:url\" content=\"https:\/\/kme.eu\/kme\/en\/produkt\/fuel-level-emulator-epp-2-psa-honda-japan\/\" \/>\n<meta property=\"og:site_name\" content=\"KME\" \/>\n<meta property=\"article:publisher\" content=\"https:\/\/www.facebook.com\/KME.LPG\/\" \/>\n<meta property=\"article:modified_time\" content=\"2026-04-08T08:30:39+00:00\" \/>\n<meta property=\"og:image\" content=\"https:\/\/kme.eu\/kme\/wp-content\/uploads\/2020\/10\/Akcesoria_EPP_2_PSA.jpg\" \/>\n\t<meta property=\"og:image:width\" content=\"800\" \/>\n\t<meta property=\"og:image:height\" content=\"900\" \/>\n\t<meta property=\"og:image:type\" content=\"image\/jpeg\" \/>\n<meta name=\"twitter:card\" content=\"summary_large_image\" \/>\n<meta name=\"twitter:label1\" content=\"Est. reading time\" \/>\n\t<meta name=\"twitter:data1\" content=\"1 minute\" \/>\n<script type=\"application\/ld+json\" class=\"yoast-schema-graph\">{\"@context\":\"https:\\\/\\\/schema.org\",\"@graph\":[{\"@type\":\"WebPage\",\"@id\":\"https:\\\/\\\/kme.eu\\\/kme\\\/en\\\/produkt\\\/fuel-level-emulator-epp-2-psa-honda-japan\\\/\",\"url\":\"https:\\\/\\\/kme.eu\\\/kme\\\/en\\\/produkt\\\/fuel-level-emulator-epp-2-psa-honda-japan\\\/\",\"name\":\"Fuel level emulator EPP (PSA, HONDA, JAPAN, TOYOTA) - KME\",\"isPartOf\":{\"@id\":\"https:\\\/\\\/kme.eu\\\/kme\\\/en\\\/#website\"},\"primaryImageOfPage\":{\"@id\":\"https:\\\/\\\/kme.eu\\\/kme\\\/en\\\/produkt\\\/fuel-level-emulator-epp-2-psa-honda-japan\\\/#primaryimage\"},\"image\":{\"@id\":\"https:\\\/\\\/kme.eu\\\/kme\\\/en\\\/produkt\\\/fuel-level-emulator-epp-2-psa-honda-japan\\\/#primaryimage\"},\"thumbnailUrl\":\"https:\\\/\\\/kme.eu\\\/kme\\\/wp-content\\\/uploads\\\/2026\\\/04\\\/EMULATOR-POZIOMU-PALIWA-EPP-PSA_6701000005.jpg\",\"datePublished\":\"2020-10-13T12:31:31+00:00\",\"dateModified\":\"2026-04-08T08:30:39+00:00\",\"description\":\"Urz\u0105dzenie s\u0142u\u017cy do przywr\u00f3cenia wskazania faktycznego poziomy benzyny przy uruchamianiu silnika.\",\"breadcrumb\":{\"@id\":\"https:\\\/\\\/kme.eu\\\/kme\\\/en\\\/produkt\\\/fuel-level-emulator-epp-2-psa-honda-japan\\\/#breadcrumb\"},\"inLanguage\":\"en-US\",\"potentialAction\":[{\"@type\":\"ReadAction\",\"target\":[\"https:\\\/\\\/kme.eu\\\/kme\\\/en\\\/produkt\\\/fuel-level-emulator-epp-2-psa-honda-japan\\\/\"]}]},{\"@type\":\"ImageObject\",\"inLanguage\":\"en-US\",\"@id\":\"https:\\\/\\\/kme.eu\\\/kme\\\/en\\\/produkt\\\/fuel-level-emulator-epp-2-psa-honda-japan\\\/#primaryimage\",\"url\":\"https:\\\/\\\/kme.eu\\\/kme\\\/wp-content\\\/uploads\\\/2026\\\/04\\\/EMULATOR-POZIOMU-PALIWA-EPP-PSA_6701000005.jpg\",\"contentUrl\":\"https:\\\/\\\/kme.eu\\\/kme\\\/wp-content\\\/uploads\\\/2026\\\/04\\\/EMULATOR-POZIOMU-PALIWA-EPP-PSA_6701000005.jpg\",\"width\":800,\"height\":800},{\"@type\":\"BreadcrumbList\",\"@id\":\"https:\\\/\\\/kme.eu\\\/kme\\\/en\\\/produkt\\\/fuel-level-emulator-epp-2-psa-honda-japan\\\/#breadcrumb\",\"itemListElement\":[{\"@type\":\"ListItem\",\"position\":1,\"name\":\"Strona g\u0142\u00f3wna\",\"item\":\"https:\\\/\\\/kme.eu\\\/kme\\\/en\\\/\"},{\"@type\":\"ListItem\",\"position\":2,\"name\":\"Products\",\"item\":\"https:\\\/\\\/kme.eu\\\/kme\\\/en\\\/produkty_en\\\/\"},{\"@type\":\"ListItem\",\"position\":3,\"name\":\"Fuel level emulator EPP (PSA, HONDA, JAPAN, TOYOTA)\"}]},{\"@type\":\"WebSite\",\"@id\":\"https:\\\/\\\/kme.eu\\\/kme\\\/en\\\/#website\",\"url\":\"https:\\\/\\\/kme.eu\\\/kme\\\/en\\\/\",\"name\":\"KME\",\"description\":\"Autogas Systems\",\"publisher\":{\"@id\":\"https:\\\/\\\/kme.eu\\\/kme\\\/en\\\/#organization\"},\"potentialAction\":[{\"@type\":\"SearchAction\",\"target\":{\"@type\":\"EntryPoint\",\"urlTemplate\":\"https:\\\/\\\/kme.eu\\\/kme\\\/en\\\/?s={search_term_string}\"},\"query-input\":{\"@type\":\"PropertyValueSpecification\",\"valueRequired\":true,\"valueName\":\"search_term_string\"}}],\"inLanguage\":\"en-US\"},{\"@type\":\"Organization\",\"@id\":\"https:\\\/\\\/kme.eu\\\/kme\\\/en\\\/#organization\",\"name\":\"KME\",\"url\":\"https:\\\/\\\/kme.eu\\\/kme\\\/en\\\/\",\"logo\":{\"@type\":\"ImageObject\",\"inLanguage\":\"en-US\",\"@id\":\"https:\\\/\\\/kme.eu\\\/kme\\\/en\\\/#\\\/schema\\\/logo\\\/image\\\/\",\"url\":\"https:\\\/\\\/kme.eu\\\/kme\\\/wp-content\\\/uploads\\\/2020\\\/04\\\/logo_KME_RGB_small_200px.png\",\"contentUrl\":\"https:\\\/\\\/kme.eu\\\/kme\\\/wp-content\\\/uploads\\\/2020\\\/04\\\/logo_KME_RGB_small_200px.png\",\"width\":272,\"height\":200,\"caption\":\"KME\"},\"image\":{\"@id\":\"https:\\\/\\\/kme.eu\\\/kme\\\/en\\\/#\\\/schema\\\/logo\\\/image\\\/\"},\"sameAs\":[\"https:\\\/\\\/www.facebook.com\\\/KME.LPG\\\/\",\"https:\\\/\\\/www.instagram.com\\\/kme_lpg\\\/\"]}]}<\/script>\n<!-- \/ Yoast SEO plugin. -->","yoast_head_json":{"title":"Fuel level emulator EPP (PSA, HONDA, JAPAN, TOYOTA) - KME","description":"Urz\u0105dzenie s\u0142u\u017cy do przywr\u00f3cenia wskazania faktycznego poziomy benzyny przy uruchamianiu silnika.","robots":{"index":"index","follow":"follow","max-snippet":"max-snippet:-1","max-image-preview":"max-image-preview:large","max-video-preview":"max-video-preview:-1"},"canonical":"https:\/\/kme.eu\/kme\/en\/produkt\/fuel-level-emulator-epp-2-psa-honda-japan\/","og_locale":"en_US","og_type":"article","og_title":"Fuel level emulator EPP (PSA, HONDA, JAPAN, TOYOTA)","og_description":"KME","og_url":"https:\/\/kme.eu\/kme\/en\/produkt\/fuel-level-emulator-epp-2-psa-honda-japan\/","og_site_name":"KME","article_publisher":"https:\/\/www.facebook.com\/KME.LPG\/","article_modified_time":"2026-04-08T08:30:39+00:00","og_image":[{"width":800,"height":900,"url":"https:\/\/kme.eu\/kme\/wp-content\/uploads\/2020\/10\/Akcesoria_EPP_2_PSA.jpg","type":"image\/jpeg"}],"twitter_card":"summary_large_image","twitter_misc":{"Est. reading time":"1 minute"},"schema":{"@context":"https:\/\/schema.org","@graph":[{"@type":"WebPage","@id":"https:\/\/kme.eu\/kme\/en\/produkt\/fuel-level-emulator-epp-2-psa-honda-japan\/","url":"https:\/\/kme.eu\/kme\/en\/produkt\/fuel-level-emulator-epp-2-psa-honda-japan\/","name":"Fuel level emulator EPP (PSA, HONDA, JAPAN, TOYOTA) - KME","isPartOf":{"@id":"https:\/\/kme.eu\/kme\/en\/#website"},"primaryImageOfPage":{"@id":"https:\/\/kme.eu\/kme\/en\/produkt\/fuel-level-emulator-epp-2-psa-honda-japan\/#primaryimage"},"image":{"@id":"https:\/\/kme.eu\/kme\/en\/produkt\/fuel-level-emulator-epp-2-psa-honda-japan\/#primaryimage"},"thumbnailUrl":"https:\/\/kme.eu\/kme\/wp-content\/uploads\/2026\/04\/EMULATOR-POZIOMU-PALIWA-EPP-PSA_6701000005.jpg","datePublished":"2020-10-13T12:31:31+00:00","dateModified":"2026-04-08T08:30:39+00:00","description":"Urz\u0105dzenie s\u0142u\u017cy do przywr\u00f3cenia wskazania faktycznego poziomy benzyny przy uruchamianiu silnika.","breadcrumb":{"@id":"https:\/\/kme.eu\/kme\/en\/produkt\/fuel-level-emulator-epp-2-psa-honda-japan\/#breadcrumb"},"inLanguage":"en-US","potentialAction":[{"@type":"ReadAction","target":["https:\/\/kme.eu\/kme\/en\/produkt\/fuel-level-emulator-epp-2-psa-honda-japan\/"]}]},{"@type":"ImageObject","inLanguage":"en-US","@id":"https:\/\/kme.eu\/kme\/en\/produkt\/fuel-level-emulator-epp-2-psa-honda-japan\/#primaryimage","url":"https:\/\/kme.eu\/kme\/wp-content\/uploads\/2026\/04\/EMULATOR-POZIOMU-PALIWA-EPP-PSA_6701000005.jpg","contentUrl":"https:\/\/kme.eu\/kme\/wp-content\/uploads\/2026\/04\/EMULATOR-POZIOMU-PALIWA-EPP-PSA_6701000005.jpg","width":800,"height":800},{"@type":"BreadcrumbList","@id":"https:\/\/kme.eu\/kme\/en\/produkt\/fuel-level-emulator-epp-2-psa-honda-japan\/#breadcrumb","itemListElement":[{"@type":"ListItem","position":1,"name":"Strona g\u0142\u00f3wna","item":"https:\/\/kme.eu\/kme\/en\/"},{"@type":"ListItem","position":2,"name":"Products","item":"https:\/\/kme.eu\/kme\/en\/produkty_en\/"},{"@type":"ListItem","position":3,"name":"Fuel level emulator EPP (PSA, HONDA, JAPAN, TOYOTA)"}]},{"@type":"WebSite","@id":"https:\/\/kme.eu\/kme\/en\/#website","url":"https:\/\/kme.eu\/kme\/en\/","name":"KME","description":"Autogas Systems","publisher":{"@id":"https:\/\/kme.eu\/kme\/en\/#organization"},"potentialAction":[{"@type":"SearchAction","target":{"@type":"EntryPoint","urlTemplate":"https:\/\/kme.eu\/kme\/en\/?s={search_term_string}"},"query-input":{"@type":"PropertyValueSpecification","valueRequired":true,"valueName":"search_term_string"}}],"inLanguage":"en-US"},{"@type":"Organization","@id":"https:\/\/kme.eu\/kme\/en\/#organization","name":"KME","url":"https:\/\/kme.eu\/kme\/en\/","logo":{"@type":"ImageObject","inLanguage":"en-US","@id":"https:\/\/kme.eu\/kme\/en\/#\/schema\/logo\/image\/","url":"https:\/\/kme.eu\/kme\/wp-content\/uploads\/2020\/04\/logo_KME_RGB_small_200px.png","contentUrl":"https:\/\/kme.eu\/kme\/wp-content\/uploads\/2020\/04\/logo_KME_RGB_small_200px.png","width":272,"height":200,"caption":"KME"},"image":{"@id":"https:\/\/kme.eu\/kme\/en\/#\/schema\/logo\/image\/"},"sameAs":["https:\/\/www.facebook.com\/KME.LPG\/","https:\/\/www.instagram.com\/kme_lpg\/"]}]}},"_links":{"self":[{"href":"https:\/\/kme.eu\/kme\/en\/wp-json\/wp\/v2\/product\/9983","targetHints":{"allow":["GET"]}}],"collection":[{"href":"https:\/\/kme.eu\/kme\/en\/wp-json\/wp\/v2\/product"}],"about":[{"href":"https:\/\/kme.eu\/kme\/en\/wp-json\/wp\/v2\/types\/product"}],"wp:featuredmedia":[{"embeddable":true,"href":"https:\/\/kme.eu\/kme\/en\/wp-json\/wp\/v2\/media\/21727"}],"wp:attachment":[{"href":"https:\/\/kme.eu\/kme\/en\/wp-json\/wp\/v2\/media?parent=9983"}],"wp:term":[{"taxonomy":"product_brand","embeddable":true,"href":"https:\/\/kme.eu\/kme\/en\/wp-json\/wp\/v2\/product_brand?post=9983"},{"taxonomy":"product_cat","embeddable":true,"href":"https:\/\/kme.eu\/kme\/en\/wp-json\/wp\/v2\/product_cat?post=9983"},{"taxonomy":"product_tag","embeddable":true,"href":"https:\/\/kme.eu\/kme\/en\/wp-json\/wp\/v2\/product_tag?post=9983"}],"curies":[{"name":"wp","href":"https:\/\/api.w.org\/{rel}","templated":true}]}}