{"id":10010,"date":"2026-03-25T11:08:26","date_gmt":"2026-03-25T10:08:26","guid":{"rendered":"https:\/\/kme.eu\/kme\/?page_id=10010"},"modified":"2026-03-26T15:31:25","modified_gmt":"2026-03-26T14:31:25","slug":"politica-de-privacidad","status":"publish","type":"page","link":"https:\/\/kme.eu\/kme\/es\/o_nas-3\/politica-de-privacidad\/","title":{"rendered":"Pol\u00edtica de privacidad"},"content":{"rendered":"<div class=\"wpb-content-wrapper\"><p>[vc_row row_btt_skin=\u00bblight\u00bb row_background_text_position=\u00bbfront\u00bb][vc_column][vc_column_text]<\/p>\r\n&#13;\r\n<h2 class=\"wp-block-heading\">1. Disposiciones generales<\/h2>&#13;\r\n<p>\r\nEl administrador de sus datos personales es KME sp. z o. o. con domicilio social en \u0141\u00f3d\u017a, ul. Sudoeste. Teresy Od Dzieci\u0105tka Jezus 103A, 91-200 \u0141\u00f3d\u017a.<br\/>Esta pol\u00edtica se aplica a los datos recopilados en el sitio <a href=\"https:\/\/www.kme.eu\"\/kme\/es\/ target=\"_blank\" rel=\"noreferrer noopener\">https:\/\/www.kme.eu\/kme\/es\/<\/a>.&#13;\r\n<p>\r\nSi tiene alguna pregunta sobre el m\u00e9todo y el alcance del tratamiento de datos personales, p\u00f3ngase en contacto con nosotros en la siguiente direcci\u00f3n de correo electr\u00f3nico: <a href=\"mailto:kme@kme.eu\" target=\"_blank\" rel=\"noreferrer noopener\">kme@kme.eu<\/a>.&#13;\r\n<p><\/p><\/p>\r\n&#13;\r\n<h2 class=\"wp-block-heading\">2. Recopilaci\u00f3n de datos<\/h2>&#13;\r\n<p>\r\nLa finalidad del tratamiento de sus datos es la celebraci\u00f3n y ejecuci\u00f3n de un contrato entre usted y el Responsable del Tratamiento, en adelante denominado el \u00abContrato\u00bb, para cuya ejecuci\u00f3n es necesario el tratamiento de sus datos (base jur\u00eddica: art\u00edculo 6, apartado 1, letra b) del RGPD).\r\n<p>\r\nComo parte del uso que usted haga del sitio web, podemos recopilar los siguientes datos personales:&#13;\r\n<p><\/p><\/p>\r\n\r\n<div class=\"wp-block-columns is-layout-flex wp-container-core-columns-is-layout-9d6595d7 wp-block-columns-is-layout-flex\">\r\n<div class=\"wp-block-column is-layout-flow wp-block-column-is-layout-flow\">&#13;\r\n<ul class=\"wp-block-list\">&#13;\r\n<li>direcci\u00f3n IP<\/li>&#13;\r\n<li>fecha y hora de acceso<\/li>&#13;\r\n<li>diferencia horaria con respecto al meridiano de Greenwich (GMT)<\/li>&#13;\r\n<li>contenido visitado (p\u00e1gina concreta)<\/li>&#13;\r\n<\/ul>&#13;\r\n\r\n\r\n<\/div>\r\n\r\n\r\n\r\n<div class=\"wp-block-column is-layout-flow wp-block-column-is-layout-flow\">&#13;\r\n<ul class=\"wp-block-list\">&#13;\r\n<li>Estado del c\u00f3digo de acceso\/HTTP<\/li>&#13;\r\n<li>volumen de datos transmitido<\/li>&#13;\r\n<li>p\u00e1gina que solicita acceso<\/li>&#13;\r\n<li>navegador, configuraci\u00f3n de idioma, versi\u00f3n del sistema operativo y del navegador.<\/li>&#13;\r\n<\/ul>&#13;\r\n<\/div>\r\n<\/div>\r\n<p>\r\nAdem\u00e1s, al enviar solicitudes a trav\u00e9s del formulario de solicitud, recopilamos los siguientes datos:&#13;\r\n<p><\/p><\/p>\r\n&#13;\r\n<ul class=\"wp-block-list\">&#13;\r\n<li>Nombre y apellidos<\/li>&#13;\r\n<li>direcci\u00f3n de e-mail<\/li>&#13;\r\n<li>n\u00famero de tel\u00e9fono<\/li>&#13;\r\n<li>provincia de residencia<\/li>&#13;\r\n<\/ul>&#13;\r\n<p><\/p><\/p>\r\n&#13;\r\n<h2 class=\"wp-block-heading\">3. Uso de los datos<\/h2>&#13;\r\n<p>\r\nEl responsable del tratamiento podr\u00e1 transferir sus datos personales a proveedores de servicios externos con los que haya contratado servicios relacionados con el tratamiento de datos personales, como servicios inform\u00e1ticos o de mensajer\u00eda. Dichas entidades podr\u00e1n tratar los datos personales en virtud de un acuerdo celebrado con el responsable del tratamiento.&#13;\r\n<p><\/p><\/p>\r\n&#13;\r\n<h2 class=\"wp-block-heading\">4. Tus derechos<\/h2>&#13;\r\n<p>\r\nDe conformidad con la legislaci\u00f3n aplicable, usted tiene derecho a:&#13;\r\n<p><\/p><\/p>\r\n&#13;\r\n<ul class=\"wp-block-list\">&#13;\r\n<li>informaci\u00f3n sobre sus datos personales almacenados por el administrador<\/li>&#13;\r\n<li>informaci\u00f3n sobre tus datos personales almacenados por el responsable del tratamiento<\/li>&#13;\r\n<li>oponerse al tratamiento por motivos relacionados con nuestro inter\u00e9s leg\u00edtimo, el inter\u00e9s p\u00fablico o la elaboraci\u00f3n de perfiles, salvo que podamos demostrar que existen motivos leg\u00edtimos y justificados que prevalecen sobre sus intereses, derechos y libertades personales, o que dicho tratamiento se lleva a cabo con el fin de establecer, ejercer o defender reclamaciones legales<\/li>&#13;\r\n<li>transferencia de datos<\/li>&#13;\r\n<li>presentar una reclamaci\u00f3n ante la autoridad de protecci\u00f3n de datos<\/li>&#13;\r\n<li>revocar el consentimiento para la recogida, el tratamiento y el uso de tus datos personales.<\/li>&#13;\r\n<\/ul>&#13;\r\n<p><\/p><\/p>\r\n&#13;\r\n<h2 class=\"wp-block-heading\">5. Pol\u00edtica de cookies<\/h2>&#13;\r\n<p>\r\nEste sitio web utiliza cookies que se almacenan en su dispositivo. Estas cookies no contienen ning\u00fan dato personal.\r\n<p>\r\nPuedes desactivar las cookies en las opciones de tu navegador web.&#13;\r\n<p><\/p><\/p>\r\n&#13;\r\n<h2 class=\"wp-block-heading\">6. Contenidos incrustados de otros sitios web<\/h2>&#13;\r\n<p>\r\nLos art\u00edculos de este sitio pueden incluir contenido incrustado (por ejemplo, v\u00eddeos, im\u00e1genes, art\u00edculos, etc.). El contenido incrustado de otros sitios web se comporta igual que si el visitante hubiera accedido directamente a dichos sitios.\r\n<p>\r\nEstos sitios web pueden recopilar datos sobre usted, usar cookies, incorporar sistemas de seguimiento de terceros y monitorear su interacci\u00f3n con ese contenido incrustado, incluyendo el seguimiento de su interacci\u00f3n con el contenido incrustado si tiene una cuenta y ha iniciado sesi\u00f3n en ese sitio web.\r\n<p>\r\nAdem\u00e1s, el sitio web utiliza Google Analytics, cuya pol\u00edtica de privacidad se puede encontrar <a href=\"https:\/\/support.google.com\/analytics\/answer\/6004245?hl=en-GB\" target=\"_blank\" rel=\"noreferrer noopener\">aqu\u00ed<\/a>.&#13;\r\n<p><\/p><\/p>\r\n<h2>Cl\u00e1usula informativa del RGPD<\/h2>\r\n<p>De conformidad con el art\u00edculo 13, apartados 1 y 2, del Reglamento (UE) 2016\/679 del Parlamento Europeo y del Consejo, de 27 de abril de 2016, relativo a la protecci\u00f3n de las personas f\u00edsicas en lo que respecta al tratamiento de datos personales y a la libre circulaci\u00f3n de estos datos, y por el que se deroga la Directiva 95\/46\/CE (Reglamento General de Protecci\u00f3n de Datos) (DO UE L 119, p. 1) \u2014en lo sucesivo, el RGPD\u2014 le informamos de que:<br \/>El responsable del tratamiento de sus datos es KME Sp. z o.o., con domicilio social en \u0141\u00f3d\u017a, 91-222, ul. \u015aw. Teresy od Dzieci\u0105tka Jezus 103A. NIP 732-199-00-33, KRS 0000181402 Si tiene alguna pregunta sobre la forma y el alcance del tratamiento de datos personales, p\u00f3ngase en contacto con nosotros en la direcci\u00f3n de correo electr\u00f3nico kme@kme.eu     <\/p>\r\n<p>La finalidad del tratamiento de sus datos es la celebraci\u00f3n y el cumplimiento del contrato entre usted y el responsable del tratamiento, en lo sucesivo denominado \u00abel Contrato\u00bb, para el cual el tratamiento de sus datos es necesario (fundamento jur\u00eddico: art\u00edculo 6, apartado 1, letra b) del RGPD).<br \/>El responsable del tratamiento podr\u00e1 transmitir sus datos personales a proveedores externos de servicios auxiliares a los que haya encargado servicios relacionados con el tratamiento de datos personales, como servicios inform\u00e1ticos o de mensajer\u00eda. Dichos proveedores podr\u00e1n tratar los datos personales en virtud de un contrato celebrado con el responsable del tratamiento. <\/p>\r\n<p>El responsable del tratamiento no tiene intenci\u00f3n de transferir sus datos a un tercer pa\u00eds ni a organizaciones internacionales.<br \/>En virtud de los art\u00edculos 15 a 18 y 20 del RGPD, usted tiene derecho a solicitar al responsable del tratamiento el acceso a sus datos, su rectificaci\u00f3n, su portabilidad y su supresi\u00f3n, as\u00ed como a limitar el tratamiento de los datos en virtud del art\u00edculo 21 del RGPD<br \/>En relaci\u00f3n con el tratamiento de sus datos personales por parte del Responsable del tratamiento, tiene derecho a presentar una reclamaci\u00f3n ante la autoridad de control.<br \/>El Responsable del tratamiento no tomar\u00e1 decisiones automatizadas sobre usted basadas en sus datos personales, incluidas las decisiones resultantes de la elaboraci\u00f3n de perfiles.  <\/p>\r\n<p>KME Sp. z o.o.<\/p>\r\n<p>[\/vc_column_text][\/vc_column][\/vc_row][vc_row row_btt_skin=\u00bblight\u00bb row_background_text_position=\u00bbfront\u00bb][vc_column][vc_empty_space][\/vc_column][\/vc_row]<\/p>\r\n<\/div>","protected":false},"excerpt":{"rendered":"<p>[vc_row row_btt_skin=\u00bblight\u00bb row_background_text_position=\u00bbfront\u00bb][vc_column][vc_column_text] &#13; 1. Disposiciones generales &#13; El administrador de sus datos personales es KME sp. z o. o. con domicilio social en \u0141\u00f3d\u017a, ul. Sudoeste. Teresy Od Dzieci\u0105tka Jezus 103A, 91-200 \u0141\u00f3d\u017a.Esta pol\u00edtica se aplica a los datos [&hellip;]<\/p>\n","protected":false},"author":1,"featured_media":0,"parent":8916,"menu_order":0,"comment_status":"closed","ping_status":"closed","template":"","meta":{"footnotes":""},"class_list":["post-10010","page","type-page","status-publish","hentry"],"acf":[],"yoast_head":"<!-- This site is optimized with the Yoast SEO plugin v27.4 - https:\/\/yoast.com\/product\/yoast-seo-wordpress\/ -->\n<title>Pol\u00edtica de privacidad - KME<\/title>\n<meta name=\"robots\" content=\"index, follow, max-snippet:-1, max-image-preview:large, max-video-preview:-1\" \/>\n<link rel=\"canonical\" href=\"https:\/\/kme.eu\/kme\/es\/o_nas-3\/politica-de-privacidad\/\" \/>\n<meta property=\"og:locale\" content=\"es_ES\" \/>\n<meta property=\"og:type\" content=\"article\" \/>\n<meta property=\"og:title\" content=\"Pol\u00edtica de privacidad - KME\" \/>\n<meta property=\"og:description\" content=\"[vc_row row_btt_skin=\u00bblight\u00bb row_background_text_position=\u00bbfront\u00bb][vc_column][vc_column_text] &#013; 1. Disposiciones generales &#013; El administrador de sus datos personales es KME sp. z o. o. con domicilio social en \u0141\u00f3d\u017a, ul. Sudoeste. Teresy Od Dzieci\u0105tka Jezus 103A, 91-200 \u0141\u00f3d\u017a.Esta pol\u00edtica se aplica a los datos [&hellip;]\" \/>\n<meta property=\"og:url\" content=\"https:\/\/kme.eu\/kme\/es\/o_nas-3\/politica-de-privacidad\/\" \/>\n<meta property=\"og:site_name\" content=\"KME\" \/>\n<meta property=\"article:publisher\" content=\"https:\/\/www.facebook.com\/KME.LPG\/\" \/>\n<meta property=\"article:modified_time\" content=\"2026-03-26T14:31:25+00:00\" \/>\n<meta name=\"twitter:card\" content=\"summary_large_image\" \/>\n<script type=\"application\/ld+json\" class=\"yoast-schema-graph\">{\"@context\":\"https:\\\/\\\/schema.org\",\"@graph\":[{\"@type\":\"WebPage\",\"@id\":\"https:\\\/\\\/kme.eu\\\/kme\\\/es\\\/o_nas-3\\\/politica-de-privacidad\\\/\",\"url\":\"https:\\\/\\\/kme.eu\\\/kme\\\/es\\\/o_nas-3\\\/politica-de-privacidad\\\/\",\"name\":\"Pol\u00edtica de privacidad - KME\",\"isPartOf\":{\"@id\":\"https:\\\/\\\/kme.eu\\\/kme\\\/es\\\/#website\"},\"datePublished\":\"2026-03-25T10:08:26+00:00\",\"dateModified\":\"2026-03-26T14:31:25+00:00\",\"breadcrumb\":{\"@id\":\"https:\\\/\\\/kme.eu\\\/kme\\\/es\\\/o_nas-3\\\/politica-de-privacidad\\\/#breadcrumb\"},\"inLanguage\":\"es\",\"potentialAction\":[{\"@type\":\"ReadAction\",\"target\":[\"https:\\\/\\\/kme.eu\\\/kme\\\/es\\\/o_nas-3\\\/politica-de-privacidad\\\/\"]}]},{\"@type\":\"BreadcrumbList\",\"@id\":\"https:\\\/\\\/kme.eu\\\/kme\\\/es\\\/o_nas-3\\\/politica-de-privacidad\\\/#breadcrumb\",\"itemListElement\":[{\"@type\":\"ListItem\",\"position\":1,\"name\":\"Strona g\u0142\u00f3wna\",\"item\":\"https:\\\/\\\/kme.eu\\\/kme\\\/es\\\/\"},{\"@type\":\"ListItem\",\"position\":2,\"name\":\"Qui\u00e9nes somos\",\"item\":\"https:\\\/\\\/kme.eu\\\/kme\\\/es\\\/o_nas-3\\\/\"},{\"@type\":\"ListItem\",\"position\":3,\"name\":\"Pol\u00edtica de privacidad\"}]},{\"@type\":\"WebSite\",\"@id\":\"https:\\\/\\\/kme.eu\\\/kme\\\/es\\\/#website\",\"url\":\"https:\\\/\\\/kme.eu\\\/kme\\\/es\\\/\",\"name\":\"KME\",\"description\":\"Autogas Systems\",\"publisher\":{\"@id\":\"https:\\\/\\\/kme.eu\\\/kme\\\/es\\\/#organization\"},\"potentialAction\":[{\"@type\":\"SearchAction\",\"target\":{\"@type\":\"EntryPoint\",\"urlTemplate\":\"https:\\\/\\\/kme.eu\\\/kme\\\/es\\\/?s={search_term_string}\"},\"query-input\":{\"@type\":\"PropertyValueSpecification\",\"valueRequired\":true,\"valueName\":\"search_term_string\"}}],\"inLanguage\":\"es\"},{\"@type\":\"Organization\",\"@id\":\"https:\\\/\\\/kme.eu\\\/kme\\\/es\\\/#organization\",\"name\":\"KME\",\"url\":\"https:\\\/\\\/kme.eu\\\/kme\\\/es\\\/\",\"logo\":{\"@type\":\"ImageObject\",\"inLanguage\":\"es\",\"@id\":\"https:\\\/\\\/kme.eu\\\/kme\\\/es\\\/#\\\/schema\\\/logo\\\/image\\\/\",\"url\":\"https:\\\/\\\/kme.eu\\\/kme\\\/wp-content\\\/uploads\\\/2020\\\/04\\\/logo_KME_RGB_small_200px.png\",\"contentUrl\":\"https:\\\/\\\/kme.eu\\\/kme\\\/wp-content\\\/uploads\\\/2020\\\/04\\\/logo_KME_RGB_small_200px.png\",\"width\":272,\"height\":200,\"caption\":\"KME\"},\"image\":{\"@id\":\"https:\\\/\\\/kme.eu\\\/kme\\\/es\\\/#\\\/schema\\\/logo\\\/image\\\/\"},\"sameAs\":[\"https:\\\/\\\/www.facebook.com\\\/KME.LPG\\\/\",\"https:\\\/\\\/www.instagram.com\\\/kme_lpg\\\/\"]}]}<\/script>\n<!-- \/ Yoast SEO plugin. -->","yoast_head_json":{"title":"Pol\u00edtica de privacidad - KME","robots":{"index":"index","follow":"follow","max-snippet":"max-snippet:-1","max-image-preview":"max-image-preview:large","max-video-preview":"max-video-preview:-1"},"canonical":"https:\/\/kme.eu\/kme\/es\/o_nas-3\/politica-de-privacidad\/","og_locale":"es_ES","og_type":"article","og_title":"Pol\u00edtica de privacidad - KME","og_description":"[vc_row row_btt_skin=\u00bblight\u00bb row_background_text_position=\u00bbfront\u00bb][vc_column][vc_column_text] &#13; 1. Disposiciones generales &#13; El administrador de sus datos personales es KME sp. z o. o. con domicilio social en \u0141\u00f3d\u017a, ul. Sudoeste. Teresy Od Dzieci\u0105tka Jezus 103A, 91-200 \u0141\u00f3d\u017a.Esta pol\u00edtica se aplica a los datos [&hellip;]","og_url":"https:\/\/kme.eu\/kme\/es\/o_nas-3\/politica-de-privacidad\/","og_site_name":"KME","article_publisher":"https:\/\/www.facebook.com\/KME.LPG\/","article_modified_time":"2026-03-26T14:31:25+00:00","twitter_card":"summary_large_image","schema":{"@context":"https:\/\/schema.org","@graph":[{"@type":"WebPage","@id":"https:\/\/kme.eu\/kme\/es\/o_nas-3\/politica-de-privacidad\/","url":"https:\/\/kme.eu\/kme\/es\/o_nas-3\/politica-de-privacidad\/","name":"Pol\u00edtica de privacidad - KME","isPartOf":{"@id":"https:\/\/kme.eu\/kme\/es\/#website"},"datePublished":"2026-03-25T10:08:26+00:00","dateModified":"2026-03-26T14:31:25+00:00","breadcrumb":{"@id":"https:\/\/kme.eu\/kme\/es\/o_nas-3\/politica-de-privacidad\/#breadcrumb"},"inLanguage":"es","potentialAction":[{"@type":"ReadAction","target":["https:\/\/kme.eu\/kme\/es\/o_nas-3\/politica-de-privacidad\/"]}]},{"@type":"BreadcrumbList","@id":"https:\/\/kme.eu\/kme\/es\/o_nas-3\/politica-de-privacidad\/#breadcrumb","itemListElement":[{"@type":"ListItem","position":1,"name":"Strona g\u0142\u00f3wna","item":"https:\/\/kme.eu\/kme\/es\/"},{"@type":"ListItem","position":2,"name":"Qui\u00e9nes somos","item":"https:\/\/kme.eu\/kme\/es\/o_nas-3\/"},{"@type":"ListItem","position":3,"name":"Pol\u00edtica de privacidad"}]},{"@type":"WebSite","@id":"https:\/\/kme.eu\/kme\/es\/#website","url":"https:\/\/kme.eu\/kme\/es\/","name":"KME","description":"Autogas Systems","publisher":{"@id":"https:\/\/kme.eu\/kme\/es\/#organization"},"potentialAction":[{"@type":"SearchAction","target":{"@type":"EntryPoint","urlTemplate":"https:\/\/kme.eu\/kme\/es\/?s={search_term_string}"},"query-input":{"@type":"PropertyValueSpecification","valueRequired":true,"valueName":"search_term_string"}}],"inLanguage":"es"},{"@type":"Organization","@id":"https:\/\/kme.eu\/kme\/es\/#organization","name":"KME","url":"https:\/\/kme.eu\/kme\/es\/","logo":{"@type":"ImageObject","inLanguage":"es","@id":"https:\/\/kme.eu\/kme\/es\/#\/schema\/logo\/image\/","url":"https:\/\/kme.eu\/kme\/wp-content\/uploads\/2020\/04\/logo_KME_RGB_small_200px.png","contentUrl":"https:\/\/kme.eu\/kme\/wp-content\/uploads\/2020\/04\/logo_KME_RGB_small_200px.png","width":272,"height":200,"caption":"KME"},"image":{"@id":"https:\/\/kme.eu\/kme\/es\/#\/schema\/logo\/image\/"},"sameAs":["https:\/\/www.facebook.com\/KME.LPG\/","https:\/\/www.instagram.com\/kme_lpg\/"]}]}},"_links":{"self":[{"href":"https:\/\/kme.eu\/kme\/es\/wp-json\/wp\/v2\/pages\/10010","targetHints":{"allow":["GET"]}}],"collection":[{"href":"https:\/\/kme.eu\/kme\/es\/wp-json\/wp\/v2\/pages"}],"about":[{"href":"https:\/\/kme.eu\/kme\/es\/wp-json\/wp\/v2\/types\/page"}],"author":[{"embeddable":true,"href":"https:\/\/kme.eu\/kme\/es\/wp-json\/wp\/v2\/users\/1"}],"replies":[{"embeddable":true,"href":"https:\/\/kme.eu\/kme\/es\/wp-json\/wp\/v2\/comments?post=10010"}],"version-history":[{"count":0,"href":"https:\/\/kme.eu\/kme\/es\/wp-json\/wp\/v2\/pages\/10010\/revisions"}],"up":[{"embeddable":true,"href":"https:\/\/kme.eu\/kme\/es\/wp-json\/wp\/v2\/pages\/8916"}],"wp:attachment":[{"href":"https:\/\/kme.eu\/kme\/es\/wp-json\/wp\/v2\/media?parent=10010"}],"curies":[{"name":"wp","href":"https:\/\/api.w.org\/{rel}","templated":true}]}}