{"id":11569,"date":"2021-05-14T10:56:45","date_gmt":"2021-05-14T08:56:45","guid":{"rendered":"https:\/\/kme.eu\/kme\/herramientas-de-taller\/ece-r-115\/"},"modified":"2021-05-14T10:56:50","modified_gmt":"2021-05-14T08:56:50","slug":"ece-r-115","status":"publish","type":"page","link":"https:\/\/kme.eu\/kme\/es\/herramientas-de-taller\/ece-r-115\/","title":{"rendered":"ECE R-115"},"content":{"rendered":"<div class=\"wpb-content-wrapper\"><p>[vc_row row_content_width=\u00bbgrid\u00bb row_btt_skin=\u00bblight\u00bb row_background_text_position=\u00bbfront\u00bb row_skin=\u00bbdark\u00bb css=\u00bb.vc_custom_1556102851705{padding-top: 110px !important;padding-bottom: 30px !important;}\u00bb][vc_column][vc_empty_space height=\u00bb10px\u00bb][vc_column_text]<\/p>\n<h4>Compana KME Sp. z o.o. aprueba el tipo de equipo LPG adicional de acuerdo con la Normativa R-115.<\/h4>\n<p>[\/vc_column_text][vc_column_text]<em>KME Sp. z o.o. erteilt die Typgenehmigung f\u00fcr die LPG-Zusatzausr\u00fcstung auf der Grundlage der Regelung R-115.<\/em>[\/vc_column_text][vc_empty_space]<div class=\"mkdf-accordion-holder mkdf-ac-default  mkdf-accordion mkdf-ac-boxed    clearfix\">\n\t<h5 class=\"mkdf-accordion-title\" >\n    <span class=\"mkdf-tab-title\">Wykaz element\u00f3w sk\u0142adowych uk\u0142adu zasilania | Liste von Komponenten des Kraftstoffversorgungssystems<\/span>\n    <span class=\"mkdf-accordion-mark\">\n\t\t<span class=\"mkdf_icon_plus icon_plus\"><\/span>\n\t\t<span class=\"mkdf_icon_minus icon_minus-06\"><\/span>\n\t<\/span>\n<\/h5>\n<div class=\"mkdf-accordion-content\">\n\t<div class=\"mkdf-accordion-content-inner\">\n\t\t[vc_empty_space][vc_column_text]Lista de componentes del sistema de abastecimiento de combustible KME-R-115 LPG[\/vc_column_text][vc_column_text]<em><span lang=\"DE\" style=\"font-size: 13.5pt;font-family: inherit;color: #565969\">Liste von Komponenten des LPG-Kraftstoffversorgungssystems vom Typ KME-R-115<\/span><\/em><\/p>\n<div class=\"sdm_download_button_box_default\"><div class=\"sdm_download_link\"><a href=\"https:\/\/kme.eu\/kme\/es\/\/?sdm_process_download=1&download_id=10911\" class=\"sdm_download orange\" title=\"Wykaz element\u00f3w sk\u0142adowych uk\u0142adu zasilania paliwem LPG typu KME-R115\" target=&quot;_blank&quot;>Pobierz wykaz<\/a><\/div><\/div>[\/vc_column_text][vc_empty_space height=\u00bb16px\u00bb]\t<\/div>\n<\/div><h5 class=\"mkdf-accordion-title\" >\n    <span class=\"mkdf-tab-title\">Wykaz silnik\u00f3w z wtryskiem po\u015brednim i bezpo\u015brednim paliwa | Liste von Motoren mit indirekter und direkter Einspritzung<\/span>\n    <span class=\"mkdf-accordion-mark\">\n\t\t<span class=\"mkdf_icon_plus icon_plus\"><\/span>\n\t\t<span class=\"mkdf_icon_minus icon_minus-06\"><\/span>\n\t<\/span>\n<\/h5>\n<div class=\"mkdf-accordion-content\">\n\t<div class=\"mkdf-accordion-content-inner\">\n\t\t[vc_empty_space height=\u00bb50px\u00bb][vc_column_text]<strong>FIAT<\/strong>&#8211; lista de tipos de veh\u00edculos para los que es adecuado el sistema adicional de GLP[\/vc_column_text][vc_column_text]<strong>FIAT<\/strong> &#8211; <em>Liste von Fahrzeugtypen, f\u00fcr die eine zus\u00e4tzliche LPG-Anlage geeignet ist<\/em><\/p>\n<div class=\"sdm_download_button_box_default\"><div class=\"sdm_download_link\"><a href=\"https:\/\/kme.eu\/kme\/es\/\/?sdm_process_download=1&download_id=10939\" class=\"sdm_download orange\" title=\"Privado: Lista typ\u00f3w pojazd\u00f3w, do kt\u00f3rych nadaje si\u0119 dodatkowy uk\u0142ad LPG &#8211; FIAT\" target=&quot;_blank&quot;>Pobierz list\u0119<\/a><\/div><\/div>[\/vc_column_text][vc_empty_space height=\u00bb16px\u00bb][vc_column_text]<strong>FORD<\/strong>&#8211; lista de tipos de veh\u00edculos para los que es adecuado el sistema adicional de GLP[\/vc_column_text][vc_column_text]<strong>FORD<\/strong> &#8211; <em>Liste von Fahrzeugtypen, f\u00fcr die eine zus\u00e4tzliche LPG-Anlage geeignet ist<\/em><\/p>\n<div class=\"sdm_download_button_box_default\"><div class=\"sdm_download_link\"><a href=\"https:\/\/kme.eu\/kme\/es\/\/?sdm_process_download=1&download_id=10945\" class=\"sdm_download orange\" title=\"Privado: Lista typ\u00f3w pojazd\u00f3w, do kt\u00f3rych nadaje si\u0119 dodatkowy uk\u0142ad LPG &#8211; FORD\" target=&quot;_blank&quot;>Pobierz list\u0119<\/a><\/div><\/div>[\/vc_column_text][vc_empty_space height=\u00bb16px\u00bb][vc_column_text]<strong>MAZDA<\/strong> &#8211; lista de tipos de veh\u00edculos para los que es adecuado el sistema adicional de LPG[\/vc_column_text][vc_column_text]<strong>MAZDA<\/strong> &#8211; <em>Liste von Fahrzeugtypen, f\u00fcr die eine zus\u00e4tzliche LPG-Anlage geeignet ist<\/em><\/p>\n<div class=\"sdm_download_button_box_default\"><div class=\"sdm_download_link\"><a href=\"https:\/\/kme.eu\/kme\/es\/\/?sdm_process_download=1&download_id=10946\" class=\"sdm_download orange\" title=\"Privado: Lista typ\u00f3w pojazd\u00f3w, do kt\u00f3rych nadaje si\u0119 dodatkowy uk\u0142ad LPG &#8211; MAZDA\" target=&quot;_blank&quot;>Pobierz list\u0119<\/a><\/div><\/div>[\/vc_column_text][vc_empty_space height=\u00bb16px\u00bb][vc_column_text]<strong>PSA<\/strong> &#8211; lista de tipos de veh\u00edculos para los que es adecuado el sistema adicional de GLP[\/vc_column_text][vc_column_text]<strong>PSA<\/strong> &#8211; <em>Liste von Fahrzeugtypen, f\u00fcr die eine zus\u00e4tzliche LPG-Anlage geeignet ist<\/em><\/p>\n<div class=\"sdm_download_button_box_default\"><div class=\"sdm_download_link\"><a href=\"https:\/\/kme.eu\/kme\/es\/\/?sdm_process_download=1&download_id=10947\" class=\"sdm_download orange\" title=\"Privado: Lista typ\u00f3w pojazd\u00f3w, do kt\u00f3rych nadaje si\u0119 dodatkowy uk\u0142ad LPG &#8211; PSA\" target=&quot;_blank&quot;>Pobierz list\u0119<\/a><\/div><\/div>[\/vc_column_text][vc_empty_space height=\u00bb16px\u00bb][vc_column_text]<strong>VAG<\/strong> &#8211; lista de tipos de veh\u00edculos para los que es adecuado el sistema adicional de LPG[\/vc_column_text][vc_column_text]<strong>VAG<\/strong> &#8211; <em>Liste von Fahrzeugtypen, f\u00fcr die eine zus\u00e4tzliche LPG-Anlage geeignet ist<\/em><\/p>\n<div class=\"sdm_download_button_box_default\"><div class=\"sdm_download_link\"><a href=\"https:\/\/kme.eu\/kme\/es\/\/?sdm_process_download=1&download_id=10948\" class=\"sdm_download orange\" title=\"Privado: Lista typ\u00f3w pojazd\u00f3w, do kt\u00f3rych nadaje si\u0119 dodatkowy uk\u0142ad LPG &#8211; VAG\" target=&quot;_blank&quot;>Pobierz list\u0119<\/a><\/div><\/div>[\/vc_column_text][vc_empty_space][vc_column_text]<strong>NISSAN\/RENAULT<\/strong>&#8211; lista de tipos de veh\u00edculos para los que es adecuado el sistema adicional de LPG[\/vc_column_text][vc_column_text]<strong>NISSAN\/RENAULT<\/strong> &#8211; <em>Liste von Fahrzeugtypen, f\u00fcr die eine zus\u00e4tzliche LPG-Anlage geeignet ist<\/em><\/p>\n<div class=\"sdm_download_button_box_default\"><div class=\"sdm_download_link\"><a href=\"https:\/\/kme.eu\/kme\/es\/\/?sdm_process_download=1&download_id=11247\" class=\"sdm_download orange\" title=\"Privado: Lista typ\u00f3w pojazd\u00f3w, do kt\u00f3rych nadaje si\u0119 dodatkowy uk\u0142ad LPG &#8211; NISSAN\/RENAULT\" target=&quot;_blank&quot;>Pobierz list\u0119<\/a><\/div><\/div>[\/vc_column_text][vc_empty_space][vc_separator][vc_column_text]En la preparaci\u00f3n de: TOYOTA, KIA\/HYUNDAI[\/vc_column_text][vc_column_text]<em>In Vorbereitung: TOYOTA, KIA\/HYUNDAI<\/em>[\/vc_column_text][vc_empty_space]\t<\/div>\n<\/div><h5 class=\"mkdf-accordion-title\" >\n    <span class=\"mkdf-tab-title\">Co powiniene\u015b zrobi\u0107? | Was sollten Sie tun?<\/span>\n    <span class=\"mkdf-accordion-mark\">\n\t\t<span class=\"mkdf_icon_plus icon_plus\"><\/span>\n\t\t<span class=\"mkdf_icon_minus icon_minus-06\"><\/span>\n\t<\/span>\n<\/h5>\n<div class=\"mkdf-accordion-content\">\n\t<div class=\"mkdf-accordion-content-inner\">\n\t\t[vc_column_text]El taller de montaje debe | <em>Eine Kfz-Werkstatt sollte Folgendes tun:<\/em><\/p>\n<p>&nbsp;<\/p>\n<p>1. El taller env\u00eda el archivo completo. Solicitud de montaje por correo electr\u00f3nico:<a class=\"iconEmail\" href=\"r115@kme.eu\">r115@kme.eu<\/a><br \/>\n<em>Die Kfz-Werkstatt sendet die vollst\u00e4ndige Datei \u201eAnmeldung zum Einbau\u201c an die folgende E-Mail:<\/em> <a href=\"r115@kme.eu\">r115@kme.eu<\/a>[\/vc_column_text][vc_empty_space height=\u00bb16px\u00bb][vc_column_text]<div class=\"sdm_download_button_box_default\"><div class=\"sdm_download_link\"><a href=\"https:\/\/kme.eu\/kme\/es\/\/?sdm_process_download=1&download_id=10961\" class=\"sdm_download orange\" title=\"Formularz zg\u0142oszenia monta\u017cu R-115\" target=&quot;_blank&quot;>Laden Sie das Formular herunter<\/a><\/div><\/div>[\/vc_column_text][vc_empty_space height=\u00bb16px\u00bb][vc_column_text]2. Costo de la emisi\u00f3n de documentos <strong>450 PLN brutto.<\/strong> | <em>Die Kosten f\u00fcr die Ausstellung der Dokumente betragen <strong>450 PLN brutto<\/strong>.<\/em><\/p>\n<p><strong>NOTA:<\/strong> la tarifa debe pagarse despu\u00e9s de recibir la confirmaci\u00f3n del formulario de solicitud.<br \/>\n<em><strong>BITTE BEACHTEN SIE:<\/strong> Die Geb\u00fchr sollte nach Erhalt der Best\u00e4tigung des Antragsformulars bezahlt werden.<\/em>[\/vc_column_text][vc_empty_space height=\u00bb16px\u00bb][vc_column_text]|3. Documentos que recibe el taller de KME |<em>Die Werkstatt erh\u00e4lt von KME die folgenden Dokumente:<\/em><\/p>\n<ul>\n<li>etiqueta | a<em>ufkleber<\/em><\/li>\n<li>homologacja z numerem VIN zamontowanego auta | g<em>enehmigung mit VIN-Nummer des Fahrzeugs mit zu installierender LPG-Anlage<\/em><\/li>\n<li>documento que confirma el montaje al autom\u00f3vil en los componentes dados (tiempo de espera para documentos de hasta 2 semanas) | D <em>okument, das den Einbau in das Fahrzeug mit den angegebenen Komponenten best\u00e4tigt (Wartezeit f\u00fcr Dokumente bis zu 2 Wochen)<\/em><\/li>\n<\/ul>\n<p>[\/vc_column_text][vc_empty_space height=\u00bb16px\u00bb][vc_separator][vc_empty_space height=\u00bb16px\u00bb][vc_column_text]<\/p>\n<h4>El formulario debe enviarse a la direcci\u00f3n de correo electr\u00f3nico: <a href=\"r115@kme.eu\">r115@kme.eu<\/a><\/h4>\n<p><em>Das Formular sollte an die folgende E-Mail-Adresse \u00fcbersandt werden r115@kme.eu<\/em><\/p>\n<h5>Personas de contacto | <em>Ansprechpartner<\/em>:<\/h5>\n<p>\u0141ukasz Kuklis tel.: 601 332 310<br \/>\n\u0141ukasz Kubiak tel.: 664 064 199<\/p>\n<h5>Detalles de la transferencia bancaria | <em>Bankverbindung<\/em>:<\/h5>\n<p>78 1500 1038 1210 3005 2855 0000 Santander Bank<\/p>\n<p>&nbsp;<\/p>\n<p>KME sp. z o.o.<br \/>\n\u015bw. Teresy od dzieciatka Jezus 103a<br \/>\n91-222 \u0141\u00f3d\u017a[\/vc_column_text][vc_empty_space height=\u00bb16px\u00bb]\t<\/div>\n<\/div><h5 class=\"mkdf-accordion-title\" >\n    <span class=\"mkdf-tab-title\">Legalizacja LPG | LPG-Legalisierung<\/span>\n    <span class=\"mkdf-accordion-mark\">\n\t\t<span class=\"mkdf_icon_plus icon_plus\"><\/span>\n\t\t<span class=\"mkdf_icon_minus icon_minus-06\"><\/span>\n\t<\/span>\n<\/h5>\n<div class=\"mkdf-accordion-content\">\n\t<div class=\"mkdf-accordion-content-inner\">\n\t\t[vc_column_text]1. El cliente llege con todos los documentos a un diagnosticador autorizado por R115 para hacer inspecci\u00f3n. | <em>Der Kunde soll sich mit allen Unterlagen bei einem f\u00fcr R115 qualifizierten Diagnostiker zur \u00dcberpr\u00fcfung melden.<\/em><\/p>\n<p><strong>UWAGA: W ka\u017cdym TUV mo\u017cna wykona\u0107 taki przegl\u0105d.<br \/>\n<em>ACHTUNG: Diese \u00dcberpr\u00fcfung k\u00f6nnen Sie bei jedem T\u00dcV durchf\u00fchren lassen.<\/em><br \/>\n<\/strong>[\/vc_column_text][vc_empty_space height=\u00bb16px\u00bb][vc_column_text]2. Po pozytywnym przej\u015bciu przegl\u0105du, Klient zg\u0142asza si\u0119 ze wszystkimi dokumentami (od KME i od diagnosty) w celu potwierdzenia monta\u017cu lpg i wpisu w dowodzie rejestracyjnym (wpis jest p\u0142atny- informacje w TUV). | <em>Nach erfolgreicher \u00dcberpr\u00fcfung kommt der Kunde mit allen Unterlagen (von KME und vom Diagnostiker), um den Einbau von LPG-Anlage zu best\u00e4tigen und den Eintrag in den Fahrzeugschein vorzunehmen (der Eintrag ist kostenpflichtig &#8211; Informationen beim T\u00dcV).<\/em>[\/vc_column_text][vc_empty_space height=\u00bb16px\u00bb]\t<\/div>\n<\/div><\/div>[vc_empty_space][\/vc_column][\/vc_row][vc_row row_content_width=\u00bbgrid\u00bb row_btt_skin=\u00bblight\u00bb row_background_text_position=\u00bbfront\u00bb][vc_column][vc_column_text]<\/p>\n<h4>Quieres estar al d\u00eda sobre el ensamblaje de productos KME y las \u00faltimas implementaciones. Suscr\u00edbete a nuestro bolet\u00edn<\/h4>\n<p>[\/vc_column_text][vc_column_text]<div class=\"tnp tnp-subscription\">\r\n<form method=\"post\" action=\"https:\/\/kme.eu\/kme\/?na=s\" onsubmit=\"return newsletter_check(this)\">\r\n\r\n<input type=\"hidden\" name=\"nlang\" value=\"\">\r\n<div class=\"tnp-field tnp-field-email\">\r\n   <label>Email<\/label>\r\n   <input class=\"tnp-email\" type=\"email\" name=\"ne\" required>\r\n<\/div>\r\n<div class=\"tnp-field tnp-field-firstname\">\r\n   <label>Imi\u0119 lub Imi\u0119 i Nazwisko<\/label>\r\n   <input class=\"tnp-firstname\" type=\"text\" name=\"nn\" >\r\n<\/div>\r\n<div class=\"tnp-lists\">\r\n   <p>Do jakich list chcesz do\u0142\u0105czy\u0107 dodatkowo?<\/p>\r\n   <div class=\"tnp-field tnp-field-list\">\r\n      <label style=\"display: none;\">\r\n         <input class=\"tnp-preference\" type=\"checkbox\" name=\"nl[]\" value=\"2\" id=\"company_input\" checked\/>Warsztaty<\/label>\r\n   <\/div>\r\n   <div class=\"tnp-field tnp-field-list\">\r\n      <label>\r\n         <input class=\"tnp-preference\" type=\"checkbox\" name=\"nl[]\" value=\"3\"\/>Kierowcy<\/label>\r\n   <\/div>\r\n<\/div>\r\n<div class=\"tnp-field tnp-field-profile\" id=\"comp_name\">\r\n   <label>Firma<\/label>\r\n   <input class=\"tnp-profile tnp-profile-1\" type=\"text\" name=\"np1\" id=\"comp_name_text\">\r\n<\/div>\r\n<div class=\"tnp-field tnp-field-profile\">\r\n   <label>Telefon<\/label>\r\n   <input class=\"tnp-profile tnp-profile-2\" type=\"text\" name=\"np2\">\r\n<\/div>\r\n<div class=\"tnp-field tnp-privacy-field\">\r\n   <label><input type=\"checkbox\" name=\"ny\" required class=\"tnp-privacy\">\r\n   \u00a0   <a target=\"_blank\" href=\"https:\/\/kme.eu\/kme\/o_nas\/polityka-prywatnosci\/\">Przechodz\u0105c dalej, akceptujesz polityk\u0119 prywatno\u015bci<\/a>\r\n   <\/label>\r\n<\/div>\r\n<div class=\"tnp-field tnp-field-button\"><input class=\"tnp-submit\" type=\"submit\" value=\"Subskrybuj\" >\r\n<\/div>\r\n<\/form>\r\n<\/div><input type=\"hidden\" name=\"nlang\" value=\"es\">\n[\/vc_column_text][\/vc_column][\/vc_row][vc_row row_content_width=\u00bbgrid\u00bb row_btt_skin=\u00bblight\u00bb disable_background_image=\u00bb\u00bb row_background_text_position=\u00bbfront\u00bb row_skin=\u00bbdark\u00bb css=\u00bb.vc_custom_1589894965622{padding-top: 113px !important;padding-bottom: 113px !important;}\u00bb simple_background_image=\u00bb6804&#8243;][vc_column offset=\u00bbvc_col-lg-offset-6 vc_col-lg-6&#8243; css=\u00bb.vc_custom_1589892913458{padding-right: 15px !important;padding-left: 28px !important;}\u00bb el_class=\u00bb.mkdf-different-button-hover\u00bb]<div class=\"mkdf-elements-holder   mkdf-one-column  mkdf-responsive-mode-768 \" ><div class=\"mkdf-eh-item    \" style=\"background-color: #ffbb00\" data-item-class=\"mkdf-eh-custom-1980\" data-1367-1600=\"76px 112px 85px 106px\" data-1025-1366=\"76px 90px 85px 90px\" data-769-1024=\"76px 280px 85px 86px\" data-681-768=\"76px 110px 85px 120px\" data-680=\"35px 20px 45px 22px\">\n\t<div class=\"mkdf-eh-item-inner\">\n\t\t<div class=\"mkdf-eh-item-content mkdf-eh-custom-1980\" style=\"padding: 76px 100px 85px 106px\">\n\t\t\t<div class=\"mkdf-section-title-holder  mkdf-st-standard mkdf-st-title-left mkdf-st-normal-space \" >\n\t<div class=\"mkdf-st-inner\">\n                    <h6 class=\"mkdf-st-intro-title\" style=\"color: #ffffff\">\n                Cykl film\u00f3w            <\/h6>\n        \t\t\t\t\t<h3 class=\"mkdf-st-title\" style=\"color: #ffffff\">\n\t\t\t\tAkademia KME<br \/>\t\t\t<\/h3>\n\t\t\t\t\t\t\t<h5 class=\"mkdf-st-text\" style=\"color: #ffffff;font-size: 18px;line-height: 26px;font-weight: 400;margin-top: 20px\">\n\t\t\t\tEn cada video, mostramos soluciones que le permiten utilizar mejor las capacidades de los productos.\t\t\t<\/h5>\n\t\t\t<\/div>\n<\/div>[vc_empty_space]<a itemprop=\"url\" href=\"\/kme\/category\/akademia-kme\/\" target=\"_self\" style=\"color: #ffbb00;background-color: #ffffff;border-color: #ffffff;padding: 7px 38px\" class=\"mkdf-btn mkdf-btn-medium mkdf-btn-solid mkdf-btn-custom-hover-color\" data-hover-color=\"#ffbb00\" >\n    <span class=\"mkdf-btn-text\">Mira los videos<\/span>\n    <\/a>\t\t<\/div>\n\t<\/div>\n<\/div><\/div>[\/vc_column][\/vc_row]<\/p>\n<\/div>","protected":false},"excerpt":{"rendered":"<p>[vc_row row_content_width=\u00bbgrid\u00bb row_btt_skin=\u00bblight\u00bb row_background_text_position=\u00bbfront\u00bb row_skin=\u00bbdark\u00bb css=\u00bb.vc_custom_1556102851705{padding-top: 110px !important;padding-bottom: 30px !important;}\u00bb][vc_column][vc_empty_space height=\u00bb10px\u00bb][vc_column_text] Compana KME Sp. z o.o. aprueba el tipo de equipo LPG adicional de acuerdo con la Normativa R-115. [\/vc_column_text][vc_column_text]KME Sp. z o.o. erteilt die Typgenehmigung f\u00fcr die LPG-Zusatzausr\u00fcstung auf [&hellip;]<\/p>\n","protected":false},"author":1,"featured_media":0,"parent":9543,"menu_order":0,"comment_status":"closed","ping_status":"closed","template":"full-width.php","meta":{"footnotes":""},"class_list":["post-11569","page","type-page","status-publish","hentry"],"acf":[],"yoast_head":"<!-- This site is optimized with the Yoast SEO plugin v27.5 - https:\/\/yoast.com\/product\/yoast-seo-wordpress\/ -->\n<title>Homologaci\u00f3n de tipo R-115 del equipo GLP adicional<\/title>\n<meta name=\"description\" content=\"Aprobaci\u00f3n del tipo de equipo GLP adicional de acuerdo con la Normativa R-115. Lista de componentes del sistema de abastecimiento de combustible KME-R-115 LPG.\" \/>\n<meta name=\"robots\" content=\"index, follow, max-snippet:-1, max-image-preview:large, max-video-preview:-1\" \/>\n<link rel=\"canonical\" href=\"https:\/\/kme.eu\/kme\/es\/herramientas-de-taller\/ece-r-115\/\" \/>\n<meta property=\"og:locale\" content=\"es_ES\" \/>\n<meta property=\"og:type\" content=\"article\" \/>\n<meta property=\"og:title\" content=\"Homologaci\u00f3n de tipo R-115 del equipo GLP adicional\" \/>\n<meta property=\"og:description\" content=\"Aprobaci\u00f3n del tipo de equipo GLP adicional de acuerdo con la Normativa R-115. Lista de componentes del sistema de abastecimiento de combustible KME-R-115 LPG.\" \/>\n<meta property=\"og:url\" content=\"https:\/\/kme.eu\/kme\/es\/herramientas-de-taller\/ece-r-115\/\" \/>\n<meta property=\"og:site_name\" content=\"KME\" \/>\n<meta property=\"article:publisher\" content=\"https:\/\/www.facebook.com\/KME.LPG\/\" \/>\n<meta property=\"article:modified_time\" content=\"2021-05-14T08:56:50+00:00\" \/>\n<meta name=\"twitter:card\" content=\"summary_large_image\" \/>\n<meta name=\"twitter:label1\" content=\"Tiempo de lectura\" \/>\n\t<meta name=\"twitter:data1\" content=\"6 minutos\" \/>\n<script type=\"application\/ld+json\" class=\"yoast-schema-graph\">{\"@context\":\"https:\\\/\\\/schema.org\",\"@graph\":[{\"@type\":\"WebPage\",\"@id\":\"https:\\\/\\\/kme.eu\\\/kme\\\/es\\\/herramientas-de-taller\\\/ece-r-115\\\/\",\"url\":\"https:\\\/\\\/kme.eu\\\/kme\\\/es\\\/herramientas-de-taller\\\/ece-r-115\\\/\",\"name\":\"Homologaci\u00f3n de tipo R-115 del equipo GLP adicional\",\"isPartOf\":{\"@id\":\"https:\\\/\\\/kme.eu\\\/kme\\\/es\\\/#website\"},\"datePublished\":\"2021-05-14T08:56:45+00:00\",\"dateModified\":\"2021-05-14T08:56:50+00:00\",\"description\":\"Aprobaci\u00f3n del tipo de equipo GLP adicional de acuerdo con la Normativa R-115. Lista de componentes del sistema de abastecimiento de combustible KME-R-115 LPG.\",\"breadcrumb\":{\"@id\":\"https:\\\/\\\/kme.eu\\\/kme\\\/es\\\/herramientas-de-taller\\\/ece-r-115\\\/#breadcrumb\"},\"inLanguage\":\"es\",\"potentialAction\":[{\"@type\":\"ReadAction\",\"target\":[\"https:\\\/\\\/kme.eu\\\/kme\\\/es\\\/herramientas-de-taller\\\/ece-r-115\\\/\"]}]},{\"@type\":\"BreadcrumbList\",\"@id\":\"https:\\\/\\\/kme.eu\\\/kme\\\/es\\\/herramientas-de-taller\\\/ece-r-115\\\/#breadcrumb\",\"itemListElement\":[{\"@type\":\"ListItem\",\"position\":1,\"name\":\"Strona g\u0142\u00f3wna\",\"item\":\"https:\\\/\\\/kme.eu\\\/kme\\\/es\\\/\"},{\"@type\":\"ListItem\",\"position\":2,\"name\":\"Herramientas de taller\",\"item\":\"https:\\\/\\\/kme.eu\\\/kme\\\/es\\\/herramientas-de-taller\\\/\"},{\"@type\":\"ListItem\",\"position\":3,\"name\":\"ECE R-115\"}]},{\"@type\":\"WebSite\",\"@id\":\"https:\\\/\\\/kme.eu\\\/kme\\\/es\\\/#website\",\"url\":\"https:\\\/\\\/kme.eu\\\/kme\\\/es\\\/\",\"name\":\"KME\",\"description\":\"Autogas Systems\",\"publisher\":{\"@id\":\"https:\\\/\\\/kme.eu\\\/kme\\\/es\\\/#organization\"},\"potentialAction\":[{\"@type\":\"SearchAction\",\"target\":{\"@type\":\"EntryPoint\",\"urlTemplate\":\"https:\\\/\\\/kme.eu\\\/kme\\\/es\\\/?s={search_term_string}\"},\"query-input\":{\"@type\":\"PropertyValueSpecification\",\"valueRequired\":true,\"valueName\":\"search_term_string\"}}],\"inLanguage\":\"es\"},{\"@type\":\"Organization\",\"@id\":\"https:\\\/\\\/kme.eu\\\/kme\\\/es\\\/#organization\",\"name\":\"KME\",\"url\":\"https:\\\/\\\/kme.eu\\\/kme\\\/es\\\/\",\"logo\":{\"@type\":\"ImageObject\",\"inLanguage\":\"es\",\"@id\":\"https:\\\/\\\/kme.eu\\\/kme\\\/es\\\/#\\\/schema\\\/logo\\\/image\\\/\",\"url\":\"https:\\\/\\\/kme.eu\\\/kme\\\/wp-content\\\/uploads\\\/2020\\\/04\\\/logo_KME_RGB_small_200px.png\",\"contentUrl\":\"https:\\\/\\\/kme.eu\\\/kme\\\/wp-content\\\/uploads\\\/2020\\\/04\\\/logo_KME_RGB_small_200px.png\",\"width\":272,\"height\":200,\"caption\":\"KME\"},\"image\":{\"@id\":\"https:\\\/\\\/kme.eu\\\/kme\\\/es\\\/#\\\/schema\\\/logo\\\/image\\\/\"},\"sameAs\":[\"https:\\\/\\\/www.facebook.com\\\/KME.LPG\\\/\",\"https:\\\/\\\/www.instagram.com\\\/kme_lpg\\\/\"]}]}<\/script>\n<!-- \/ Yoast SEO plugin. -->","yoast_head_json":{"title":"Homologaci\u00f3n de tipo R-115 del equipo GLP adicional","description":"Aprobaci\u00f3n del tipo de equipo GLP adicional de acuerdo con la Normativa R-115. Lista de componentes del sistema de abastecimiento de combustible KME-R-115 LPG.","robots":{"index":"index","follow":"follow","max-snippet":"max-snippet:-1","max-image-preview":"max-image-preview:large","max-video-preview":"max-video-preview:-1"},"canonical":"https:\/\/kme.eu\/kme\/es\/herramientas-de-taller\/ece-r-115\/","og_locale":"es_ES","og_type":"article","og_title":"Homologaci\u00f3n de tipo R-115 del equipo GLP adicional","og_description":"Aprobaci\u00f3n del tipo de equipo GLP adicional de acuerdo con la Normativa R-115. Lista de componentes del sistema de abastecimiento de combustible KME-R-115 LPG.","og_url":"https:\/\/kme.eu\/kme\/es\/herramientas-de-taller\/ece-r-115\/","og_site_name":"KME","article_publisher":"https:\/\/www.facebook.com\/KME.LPG\/","article_modified_time":"2021-05-14T08:56:50+00:00","twitter_card":"summary_large_image","twitter_misc":{"Tiempo de lectura":"6 minutos"},"schema":{"@context":"https:\/\/schema.org","@graph":[{"@type":"WebPage","@id":"https:\/\/kme.eu\/kme\/es\/herramientas-de-taller\/ece-r-115\/","url":"https:\/\/kme.eu\/kme\/es\/herramientas-de-taller\/ece-r-115\/","name":"Homologaci\u00f3n de tipo R-115 del equipo GLP adicional","isPartOf":{"@id":"https:\/\/kme.eu\/kme\/es\/#website"},"datePublished":"2021-05-14T08:56:45+00:00","dateModified":"2021-05-14T08:56:50+00:00","description":"Aprobaci\u00f3n del tipo de equipo GLP adicional de acuerdo con la Normativa R-115. Lista de componentes del sistema de abastecimiento de combustible KME-R-115 LPG.","breadcrumb":{"@id":"https:\/\/kme.eu\/kme\/es\/herramientas-de-taller\/ece-r-115\/#breadcrumb"},"inLanguage":"es","potentialAction":[{"@type":"ReadAction","target":["https:\/\/kme.eu\/kme\/es\/herramientas-de-taller\/ece-r-115\/"]}]},{"@type":"BreadcrumbList","@id":"https:\/\/kme.eu\/kme\/es\/herramientas-de-taller\/ece-r-115\/#breadcrumb","itemListElement":[{"@type":"ListItem","position":1,"name":"Strona g\u0142\u00f3wna","item":"https:\/\/kme.eu\/kme\/es\/"},{"@type":"ListItem","position":2,"name":"Herramientas de taller","item":"https:\/\/kme.eu\/kme\/es\/herramientas-de-taller\/"},{"@type":"ListItem","position":3,"name":"ECE R-115"}]},{"@type":"WebSite","@id":"https:\/\/kme.eu\/kme\/es\/#website","url":"https:\/\/kme.eu\/kme\/es\/","name":"KME","description":"Autogas Systems","publisher":{"@id":"https:\/\/kme.eu\/kme\/es\/#organization"},"potentialAction":[{"@type":"SearchAction","target":{"@type":"EntryPoint","urlTemplate":"https:\/\/kme.eu\/kme\/es\/?s={search_term_string}"},"query-input":{"@type":"PropertyValueSpecification","valueRequired":true,"valueName":"search_term_string"}}],"inLanguage":"es"},{"@type":"Organization","@id":"https:\/\/kme.eu\/kme\/es\/#organization","name":"KME","url":"https:\/\/kme.eu\/kme\/es\/","logo":{"@type":"ImageObject","inLanguage":"es","@id":"https:\/\/kme.eu\/kme\/es\/#\/schema\/logo\/image\/","url":"https:\/\/kme.eu\/kme\/wp-content\/uploads\/2020\/04\/logo_KME_RGB_small_200px.png","contentUrl":"https:\/\/kme.eu\/kme\/wp-content\/uploads\/2020\/04\/logo_KME_RGB_small_200px.png","width":272,"height":200,"caption":"KME"},"image":{"@id":"https:\/\/kme.eu\/kme\/es\/#\/schema\/logo\/image\/"},"sameAs":["https:\/\/www.facebook.com\/KME.LPG\/","https:\/\/www.instagram.com\/kme_lpg\/"]}]}},"_links":{"self":[{"href":"https:\/\/kme.eu\/kme\/es\/wp-json\/wp\/v2\/pages\/11569","targetHints":{"allow":["GET"]}}],"collection":[{"href":"https:\/\/kme.eu\/kme\/es\/wp-json\/wp\/v2\/pages"}],"about":[{"href":"https:\/\/kme.eu\/kme\/es\/wp-json\/wp\/v2\/types\/page"}],"author":[{"embeddable":true,"href":"https:\/\/kme.eu\/kme\/es\/wp-json\/wp\/v2\/users\/1"}],"replies":[{"embeddable":true,"href":"https:\/\/kme.eu\/kme\/es\/wp-json\/wp\/v2\/comments?post=11569"}],"version-history":[{"count":0,"href":"https:\/\/kme.eu\/kme\/es\/wp-json\/wp\/v2\/pages\/11569\/revisions"}],"up":[{"embeddable":true,"href":"https:\/\/kme.eu\/kme\/es\/wp-json\/wp\/v2\/pages\/9543"}],"wp:attachment":[{"href":"https:\/\/kme.eu\/kme\/es\/wp-json\/wp\/v2\/media?parent=11569"}],"curies":[{"name":"wp","href":"https:\/\/api.w.org\/{rel}","templated":true}]}}