{"id":20743,"date":"2026-03-18T11:43:53","date_gmt":"2026-03-18T10:43:53","guid":{"rendered":"https:\/\/kme.eu\/kme\/catalogo\/"},"modified":"2026-03-27T10:31:12","modified_gmt":"2026-03-27T09:31:12","slug":"catalogo","status":"publish","type":"page","link":"https:\/\/kme.eu\/kme\/es\/catalogo\/","title":{"rendered":"Cat\u00e1logo"},"content":{"rendered":"<div class=\"wpb-content-wrapper\"><p>[vc_row row_btt_skin=\u00bblight\u00bb row_background_text_position=\u00bbfront\u00bb css=\u00bb.vc_custom_1603882842719{margin-bottom: 15px !important;}\u00bb][vc_column][vc_column_text css=\u00bb\u00bb]<\/p>\r\n<h2>Cat\u00e1logo KME<\/h2>\r\n<p>Les presentamos el \u00faltimo cat\u00e1logo de KME, donde encontrar\u00e1n nuestras soluciones actuales para sistemas de autogas.<\/p>\r\n<p>[\/vc_column_text][\/vc_column][\/vc_row][vc_row row_content_width=\u00bbgrid\u00bb row_btt_skin=\u00bblight\u00bb content_text_aligment=\u00bbcenter\u00bb row_background_text_position=\u00bbfront\u00bb][vc_column width=\u00bb2\/3&#8243;][vc_column_text]<\/p>\r\n<div class=\"_df_book df-lite\" id=\"df_9371\"  _slug=\"katalog\" data-title=\"katalog\" wpoptions=\"true\" thumbtype=\"\" ><\/div><script class=\"df-shortcode-script\" nowprocket type=\"application\/javascript\">window.option_df_9371 = {\"outline\":[],\"autoEnableOutline\":\"false\",\"autoEnableThumbnail\":\"false\",\"overwritePDFOutline\":\"false\",\"direction\":\"1\",\"pageSize\":\"0\",\"source\":\"https:\\\/\\\/kme.eu\\\/kme\\\/wp-content\\\/uploads\\\/2026\\\/04\\\/en_pl_KME_katalog_v08042026_www-1.pdf\",\"wpOptions\":\"true\"}; if(window.DFLIP && window.DFLIP.parseBooks){window.DFLIP.parseBooks();}<\/script>\n<p>\n\r\n\r\n[\/vc_column_text][\/vc_column][vc_column width=\u00bb1\/3&#8243;][vc_column_text css=\u00bb\u00bb]<\/p>\r\n<h3>Mirar:<\/h3>\r\n<p>[\/vc_column_text][vc_empty_space height=\u00bb10px\u00bb]<a itemprop=\"url\" href=\"\/kme\/es\/kategoria-produktu\/electronica\/\" target=\"_self\"  class=\"mkdf-btn mkdf-btn-medium mkdf-btn-solid kat_btn\"  >\n    <span class=\"mkdf-btn-text\">ELECTR\u00d3NICA<\/span>\n    <\/a><a itemprop=\"url\" href=\"\/kme\/es\/kategoria-produktu\/inyectores\/\" target=\"_self\"  class=\"mkdf-btn mkdf-btn-medium mkdf-btn-solid kat_btn\"  >\n    <span class=\"mkdf-btn-text\">INYECTORES<\/span>\n    <\/a><a itemprop=\"url\" href=\"\/kme\/es\/kategoria-produktu\/reductores\/\" target=\"_self\"  class=\"mkdf-btn mkdf-btn-medium mkdf-btn-solid kat_btn\"  >\n    <span class=\"mkdf-btn-text\">REDUCTORES<\/span>\n    <\/a><a itemprop=\"url\" href=\"\/kme\/es\/kategoria-produktu\/accesorios\/\" target=\"_self\"  class=\"mkdf-btn mkdf-btn-medium mkdf-btn-solid kat_btn\"  >\n    <span class=\"mkdf-btn-text\">ACCESORIOS<\/span>\n    <\/a>[\/vc_column][\/vc_row]<\/p><\/div>","protected":false},"excerpt":{"rendered":"<p>[vc_row row_btt_skin=\u00bblight\u00bb row_background_text_position=\u00bbfront\u00bb css=\u00bb.vc_custom_1603882842719{margin-bottom: 15px !important;}\u00bb][vc_column][vc_column_text css=\u00bb\u00bb] Cat\u00e1logo KME Les presentamos el \u00faltimo cat\u00e1logo de KME, donde encontrar\u00e1n nuestras soluciones actuales para sistemas de autogas. [\/vc_column_text][\/vc_column][\/vc_row][vc_row row_content_width=\u00bbgrid\u00bb row_btt_skin=\u00bblight\u00bb content_text_aligment=\u00bbcenter\u00bb row_background_text_position=\u00bbfront\u00bb][vc_column width=\u00bb2\/3&#8243;][vc_column_text] [\/vc_column_text][\/vc_column][vc_column width=\u00bb1\/3&#8243;][vc_column_text css=\u00bb\u00bb] Mirar: [\/vc_column_text][vc_empty_space height=\u00bb10px\u00bb][\/vc_column][\/vc_row]<\/p>\n","protected":false},"author":7,"featured_media":0,"parent":0,"menu_order":0,"comment_status":"closed","ping_status":"closed","template":"","meta":{"footnotes":""},"class_list":["post-20743","page","type-page","status-publish","hentry"],"acf":[],"yoast_head":"<!-- This site is optimized with the Yoast SEO plugin v27.4 - https:\/\/yoast.com\/product\/yoast-seo-wordpress\/ -->\n<title>Cat\u00e1logo - KME<\/title>\n<meta name=\"robots\" content=\"index, follow, max-snippet:-1, max-image-preview:large, max-video-preview:-1\" \/>\n<link rel=\"canonical\" href=\"https:\/\/kme.eu\/kme\/es\/catalogo\/\" \/>\n<meta property=\"og:locale\" content=\"es_ES\" \/>\n<meta property=\"og:type\" content=\"article\" \/>\n<meta property=\"og:title\" content=\"Cat\u00e1logo - KME\" \/>\n<meta property=\"og:description\" content=\"[vc_row row_btt_skin=\u00bblight\u00bb row_background_text_position=\u00bbfront\u00bb css=\u00bb.vc_custom_1603882842719{margin-bottom: 15px !important;}\u00bb][vc_column][vc_column_text css=\u00bb\u00bb] Cat\u00e1logo KME Les presentamos el \u00faltimo cat\u00e1logo de KME, donde encontrar\u00e1n nuestras soluciones actuales para sistemas de autogas. [\/vc_column_text][\/vc_column][\/vc_row][vc_row row_content_width=\u00bbgrid\u00bb row_btt_skin=\u00bblight\u00bb content_text_aligment=\u00bbcenter\u00bb row_background_text_position=\u00bbfront\u00bb][vc_column width=\u00bb2\/3&#8243;][vc_column_text] [\/vc_column_text][\/vc_column][vc_column width=\u00bb1\/3&#8243;][vc_column_text css=\u00bb\u00bb] Mirar: [\/vc_column_text][vc_empty_space height=\u00bb10px\u00bb][\/vc_column][\/vc_row]\" \/>\n<meta property=\"og:url\" content=\"https:\/\/kme.eu\/kme\/es\/catalogo\/\" \/>\n<meta property=\"og:site_name\" content=\"KME\" \/>\n<meta property=\"article:publisher\" content=\"https:\/\/www.facebook.com\/KME.LPG\/\" \/>\n<meta property=\"article:modified_time\" content=\"2026-03-27T09:31:12+00:00\" \/>\n<meta name=\"twitter:card\" content=\"summary_large_image\" \/>\n<script type=\"application\/ld+json\" class=\"yoast-schema-graph\">{\"@context\":\"https:\\\/\\\/schema.org\",\"@graph\":[{\"@type\":\"WebPage\",\"@id\":\"https:\\\/\\\/kme.eu\\\/kme\\\/es\\\/catalogo\\\/\",\"url\":\"https:\\\/\\\/kme.eu\\\/kme\\\/es\\\/catalogo\\\/\",\"name\":\"Cat\u00e1logo - KME\",\"isPartOf\":{\"@id\":\"https:\\\/\\\/kme.eu\\\/kme\\\/es\\\/#website\"},\"datePublished\":\"2026-03-18T10:43:53+00:00\",\"dateModified\":\"2026-03-27T09:31:12+00:00\",\"breadcrumb\":{\"@id\":\"https:\\\/\\\/kme.eu\\\/kme\\\/es\\\/catalogo\\\/#breadcrumb\"},\"inLanguage\":\"es\",\"potentialAction\":[{\"@type\":\"ReadAction\",\"target\":[\"https:\\\/\\\/kme.eu\\\/kme\\\/es\\\/catalogo\\\/\"]}]},{\"@type\":\"BreadcrumbList\",\"@id\":\"https:\\\/\\\/kme.eu\\\/kme\\\/es\\\/catalogo\\\/#breadcrumb\",\"itemListElement\":[{\"@type\":\"ListItem\",\"position\":1,\"name\":\"Strona g\u0142\u00f3wna\",\"item\":\"https:\\\/\\\/kme.eu\\\/kme\\\/es\\\/\"},{\"@type\":\"ListItem\",\"position\":2,\"name\":\"Cat\u00e1logo\"}]},{\"@type\":\"WebSite\",\"@id\":\"https:\\\/\\\/kme.eu\\\/kme\\\/es\\\/#website\",\"url\":\"https:\\\/\\\/kme.eu\\\/kme\\\/es\\\/\",\"name\":\"KME\",\"description\":\"Autogas Systems\",\"publisher\":{\"@id\":\"https:\\\/\\\/kme.eu\\\/kme\\\/es\\\/#organization\"},\"potentialAction\":[{\"@type\":\"SearchAction\",\"target\":{\"@type\":\"EntryPoint\",\"urlTemplate\":\"https:\\\/\\\/kme.eu\\\/kme\\\/es\\\/?s={search_term_string}\"},\"query-input\":{\"@type\":\"PropertyValueSpecification\",\"valueRequired\":true,\"valueName\":\"search_term_string\"}}],\"inLanguage\":\"es\"},{\"@type\":\"Organization\",\"@id\":\"https:\\\/\\\/kme.eu\\\/kme\\\/es\\\/#organization\",\"name\":\"KME\",\"url\":\"https:\\\/\\\/kme.eu\\\/kme\\\/es\\\/\",\"logo\":{\"@type\":\"ImageObject\",\"inLanguage\":\"es\",\"@id\":\"https:\\\/\\\/kme.eu\\\/kme\\\/es\\\/#\\\/schema\\\/logo\\\/image\\\/\",\"url\":\"https:\\\/\\\/kme.eu\\\/kme\\\/wp-content\\\/uploads\\\/2020\\\/04\\\/logo_KME_RGB_small_200px.png\",\"contentUrl\":\"https:\\\/\\\/kme.eu\\\/kme\\\/wp-content\\\/uploads\\\/2020\\\/04\\\/logo_KME_RGB_small_200px.png\",\"width\":272,\"height\":200,\"caption\":\"KME\"},\"image\":{\"@id\":\"https:\\\/\\\/kme.eu\\\/kme\\\/es\\\/#\\\/schema\\\/logo\\\/image\\\/\"},\"sameAs\":[\"https:\\\/\\\/www.facebook.com\\\/KME.LPG\\\/\",\"https:\\\/\\\/www.instagram.com\\\/kme_lpg\\\/\"]}]}<\/script>\n<!-- \/ Yoast SEO plugin. -->","yoast_head_json":{"title":"Cat\u00e1logo - KME","robots":{"index":"index","follow":"follow","max-snippet":"max-snippet:-1","max-image-preview":"max-image-preview:large","max-video-preview":"max-video-preview:-1"},"canonical":"https:\/\/kme.eu\/kme\/es\/catalogo\/","og_locale":"es_ES","og_type":"article","og_title":"Cat\u00e1logo - KME","og_description":"[vc_row row_btt_skin=\u00bblight\u00bb row_background_text_position=\u00bbfront\u00bb css=\u00bb.vc_custom_1603882842719{margin-bottom: 15px !important;}\u00bb][vc_column][vc_column_text css=\u00bb\u00bb] Cat\u00e1logo KME Les presentamos el \u00faltimo cat\u00e1logo de KME, donde encontrar\u00e1n nuestras soluciones actuales para sistemas de autogas. [\/vc_column_text][\/vc_column][\/vc_row][vc_row row_content_width=\u00bbgrid\u00bb row_btt_skin=\u00bblight\u00bb content_text_aligment=\u00bbcenter\u00bb row_background_text_position=\u00bbfront\u00bb][vc_column width=\u00bb2\/3&#8243;][vc_column_text] [\/vc_column_text][\/vc_column][vc_column width=\u00bb1\/3&#8243;][vc_column_text css=\u00bb\u00bb] Mirar: [\/vc_column_text][vc_empty_space height=\u00bb10px\u00bb][\/vc_column][\/vc_row]","og_url":"https:\/\/kme.eu\/kme\/es\/catalogo\/","og_site_name":"KME","article_publisher":"https:\/\/www.facebook.com\/KME.LPG\/","article_modified_time":"2026-03-27T09:31:12+00:00","twitter_card":"summary_large_image","schema":{"@context":"https:\/\/schema.org","@graph":[{"@type":"WebPage","@id":"https:\/\/kme.eu\/kme\/es\/catalogo\/","url":"https:\/\/kme.eu\/kme\/es\/catalogo\/","name":"Cat\u00e1logo - KME","isPartOf":{"@id":"https:\/\/kme.eu\/kme\/es\/#website"},"datePublished":"2026-03-18T10:43:53+00:00","dateModified":"2026-03-27T09:31:12+00:00","breadcrumb":{"@id":"https:\/\/kme.eu\/kme\/es\/catalogo\/#breadcrumb"},"inLanguage":"es","potentialAction":[{"@type":"ReadAction","target":["https:\/\/kme.eu\/kme\/es\/catalogo\/"]}]},{"@type":"BreadcrumbList","@id":"https:\/\/kme.eu\/kme\/es\/catalogo\/#breadcrumb","itemListElement":[{"@type":"ListItem","position":1,"name":"Strona g\u0142\u00f3wna","item":"https:\/\/kme.eu\/kme\/es\/"},{"@type":"ListItem","position":2,"name":"Cat\u00e1logo"}]},{"@type":"WebSite","@id":"https:\/\/kme.eu\/kme\/es\/#website","url":"https:\/\/kme.eu\/kme\/es\/","name":"KME","description":"Autogas Systems","publisher":{"@id":"https:\/\/kme.eu\/kme\/es\/#organization"},"potentialAction":[{"@type":"SearchAction","target":{"@type":"EntryPoint","urlTemplate":"https:\/\/kme.eu\/kme\/es\/?s={search_term_string}"},"query-input":{"@type":"PropertyValueSpecification","valueRequired":true,"valueName":"search_term_string"}}],"inLanguage":"es"},{"@type":"Organization","@id":"https:\/\/kme.eu\/kme\/es\/#organization","name":"KME","url":"https:\/\/kme.eu\/kme\/es\/","logo":{"@type":"ImageObject","inLanguage":"es","@id":"https:\/\/kme.eu\/kme\/es\/#\/schema\/logo\/image\/","url":"https:\/\/kme.eu\/kme\/wp-content\/uploads\/2020\/04\/logo_KME_RGB_small_200px.png","contentUrl":"https:\/\/kme.eu\/kme\/wp-content\/uploads\/2020\/04\/logo_KME_RGB_small_200px.png","width":272,"height":200,"caption":"KME"},"image":{"@id":"https:\/\/kme.eu\/kme\/es\/#\/schema\/logo\/image\/"},"sameAs":["https:\/\/www.facebook.com\/KME.LPG\/","https:\/\/www.instagram.com\/kme_lpg\/"]}]}},"_links":{"self":[{"href":"https:\/\/kme.eu\/kme\/es\/wp-json\/wp\/v2\/pages\/20743","targetHints":{"allow":["GET"]}}],"collection":[{"href":"https:\/\/kme.eu\/kme\/es\/wp-json\/wp\/v2\/pages"}],"about":[{"href":"https:\/\/kme.eu\/kme\/es\/wp-json\/wp\/v2\/types\/page"}],"author":[{"embeddable":true,"href":"https:\/\/kme.eu\/kme\/es\/wp-json\/wp\/v2\/users\/7"}],"replies":[{"embeddable":true,"href":"https:\/\/kme.eu\/kme\/es\/wp-json\/wp\/v2\/comments?post=20743"}],"version-history":[{"count":0,"href":"https:\/\/kme.eu\/kme\/es\/wp-json\/wp\/v2\/pages\/20743\/revisions"}],"wp:attachment":[{"href":"https:\/\/kme.eu\/kme\/es\/wp-json\/wp\/v2\/media?parent=20743"}],"curies":[{"name":"wp","href":"https:\/\/api.w.org\/{rel}","templated":true}]}}