{"id":20885,"date":"2026-03-20T09:30:30","date_gmt":"2026-03-20T08:30:30","guid":{"rendered":"https:\/\/kme.eu\/kme\/herramientas-de-taller\/activacion\/"},"modified":"2026-03-20T09:30:33","modified_gmt":"2026-03-20T08:30:33","slug":"activacion","status":"publish","type":"page","link":"https:\/\/kme.eu\/kme\/es\/herramientas-de-taller\/activacion\/","title":{"rendered":"Activaci\u00f3n"},"content":{"rendered":"<div class=\"wpb-content-wrapper\"><p>[vc_column][\/vc_column][vc_row row_btt_skin=\u00bblight\u00bb row_background_text_position=\u00bbfront\u00bb][vc_column][vc_column_text]<\/p>\n<h2>ACTIVACI\u00d3N EN L\u00cdNEA<\/h2>\n<ul>\n<li>Los controladores m\u00e1s recientes de NEVO-SKY DIRECT requieren activaci\u00f3n.<\/li>\n<li>El C\u00d3DIGO DE ACTIVACI\u00d3N es una secuencia \u00fanica de caracteres asignada a un taller concreto y que sirve para activar los controladores en m\u00faltiples ocasiones. Para obtenerlo, es necesario haber participado en un curso avanzado sobre el manejo de los controladores NEVO-SKY DIRECT *.<\/li>\n<li>Solo hay que introducir el C\u00d3DIGO DE ACTIVACI\u00d3N una vez en el programa. Esto significa que tanto el primer controlador como todos los siguientes se activar\u00e1n con el mismo C\u00d3DIGO DE ACTIVACI\u00d3N.<\/li>\n<\/ul>\n<p>* Si has participado en esta formaci\u00f3n y no dispones del C\u00d3DIGO DE ACTIVACI\u00d3N, ponte en contacto con tu asesor t\u00e9cnico o comercial.<\/p>\n<p>&nbsp;<\/p>\n<h2>\u00bfC\u00f3mo se activan los controladores?<\/h2>\n<ol>\n<li>Conecta el controlador al ordenador y ejecuta el programa KME NEVO-SKY.<\/li>\n<li>Aparecer\u00e1 una ventana en la pantalla con un campo en el que deber\u00e1s introducir el C\u00d3DIGO DE ACTIVACI\u00d3N una sola vez.<\/li>\n<\/ol>\n<p>&nbsp;<\/p>\n<p>&nbsp;<\/p>\n<p>[\/vc_column_text][\/vc_column][\/vc_row]<\/p>\n<\/div>","protected":false},"excerpt":{"rendered":"<p>[vc_column][\/vc_column][vc_row row_btt_skin=\u00bblight\u00bb row_background_text_position=\u00bbfront\u00bb][vc_column][vc_column_text] ACTIVACI\u00d3N EN L\u00cdNEA Los controladores m\u00e1s recientes de NEVO-SKY DIRECT requieren activaci\u00f3n. El C\u00d3DIGO DE ACTIVACI\u00d3N es una secuencia \u00fanica de caracteres asignada a un taller concreto y que sirve para activar los controladores en m\u00faltiples ocasiones. [&hellip;]<\/p>\n","protected":false},"author":6,"featured_media":0,"parent":9543,"menu_order":0,"comment_status":"closed","ping_status":"closed","template":"","meta":{"footnotes":""},"class_list":["post-20885","page","type-page","status-publish","hentry"],"acf":[],"yoast_head":"<!-- This site is optimized with the Yoast SEO plugin v27.5 - https:\/\/yoast.com\/product\/yoast-seo-wordpress\/ -->\n<title>Activaci\u00f3n - KME<\/title>\n<meta name=\"robots\" content=\"index, follow, max-snippet:-1, max-image-preview:large, max-video-preview:-1\" \/>\n<link rel=\"canonical\" href=\"https:\/\/kme.eu\/kme\/es\/herramientas-de-taller\/activacion\/\" \/>\n<meta property=\"og:locale\" content=\"es_ES\" \/>\n<meta property=\"og:type\" content=\"article\" \/>\n<meta property=\"og:title\" content=\"Activaci\u00f3n - KME\" \/>\n<meta property=\"og:description\" content=\"[vc_column][\/vc_column][vc_row row_btt_skin=\u00bblight\u00bb row_background_text_position=\u00bbfront\u00bb][vc_column][vc_column_text] ACTIVACI\u00d3N EN L\u00cdNEA Los controladores m\u00e1s recientes de NEVO-SKY DIRECT requieren activaci\u00f3n. El C\u00d3DIGO DE ACTIVACI\u00d3N es una secuencia \u00fanica de caracteres asignada a un taller concreto y que sirve para activar los controladores en m\u00faltiples ocasiones. [&hellip;]\" \/>\n<meta property=\"og:url\" content=\"https:\/\/kme.eu\/kme\/es\/herramientas-de-taller\/activacion\/\" \/>\n<meta property=\"og:site_name\" content=\"KME\" \/>\n<meta property=\"article:publisher\" content=\"https:\/\/www.facebook.com\/KME.LPG\/\" \/>\n<meta property=\"article:modified_time\" content=\"2026-03-20T08:30:33+00:00\" \/>\n<meta name=\"twitter:card\" content=\"summary_large_image\" \/>\n<meta name=\"twitter:label1\" content=\"Tiempo de lectura\" \/>\n\t<meta name=\"twitter:data1\" content=\"1 minuto\" \/>\n<script type=\"application\/ld+json\" class=\"yoast-schema-graph\">{\"@context\":\"https:\\\/\\\/schema.org\",\"@graph\":[{\"@type\":\"WebPage\",\"@id\":\"https:\\\/\\\/kme.eu\\\/kme\\\/es\\\/herramientas-de-taller\\\/activacion\\\/\",\"url\":\"https:\\\/\\\/kme.eu\\\/kme\\\/es\\\/herramientas-de-taller\\\/activacion\\\/\",\"name\":\"Activaci\u00f3n - KME\",\"isPartOf\":{\"@id\":\"https:\\\/\\\/kme.eu\\\/kme\\\/es\\\/#website\"},\"datePublished\":\"2026-03-20T08:30:30+00:00\",\"dateModified\":\"2026-03-20T08:30:33+00:00\",\"breadcrumb\":{\"@id\":\"https:\\\/\\\/kme.eu\\\/kme\\\/es\\\/herramientas-de-taller\\\/activacion\\\/#breadcrumb\"},\"inLanguage\":\"es\",\"potentialAction\":[{\"@type\":\"ReadAction\",\"target\":[\"https:\\\/\\\/kme.eu\\\/kme\\\/es\\\/herramientas-de-taller\\\/activacion\\\/\"]}]},{\"@type\":\"BreadcrumbList\",\"@id\":\"https:\\\/\\\/kme.eu\\\/kme\\\/es\\\/herramientas-de-taller\\\/activacion\\\/#breadcrumb\",\"itemListElement\":[{\"@type\":\"ListItem\",\"position\":1,\"name\":\"Strona g\u0142\u00f3wna\",\"item\":\"https:\\\/\\\/kme.eu\\\/kme\\\/es\\\/\"},{\"@type\":\"ListItem\",\"position\":2,\"name\":\"Herramientas de taller\",\"item\":\"https:\\\/\\\/kme.eu\\\/kme\\\/es\\\/herramientas-de-taller\\\/\"},{\"@type\":\"ListItem\",\"position\":3,\"name\":\"Activaci\u00f3n\"}]},{\"@type\":\"WebSite\",\"@id\":\"https:\\\/\\\/kme.eu\\\/kme\\\/es\\\/#website\",\"url\":\"https:\\\/\\\/kme.eu\\\/kme\\\/es\\\/\",\"name\":\"KME\",\"description\":\"Autogas Systems\",\"publisher\":{\"@id\":\"https:\\\/\\\/kme.eu\\\/kme\\\/es\\\/#organization\"},\"potentialAction\":[{\"@type\":\"SearchAction\",\"target\":{\"@type\":\"EntryPoint\",\"urlTemplate\":\"https:\\\/\\\/kme.eu\\\/kme\\\/es\\\/?s={search_term_string}\"},\"query-input\":{\"@type\":\"PropertyValueSpecification\",\"valueRequired\":true,\"valueName\":\"search_term_string\"}}],\"inLanguage\":\"es\"},{\"@type\":\"Organization\",\"@id\":\"https:\\\/\\\/kme.eu\\\/kme\\\/es\\\/#organization\",\"name\":\"KME\",\"url\":\"https:\\\/\\\/kme.eu\\\/kme\\\/es\\\/\",\"logo\":{\"@type\":\"ImageObject\",\"inLanguage\":\"es\",\"@id\":\"https:\\\/\\\/kme.eu\\\/kme\\\/es\\\/#\\\/schema\\\/logo\\\/image\\\/\",\"url\":\"https:\\\/\\\/kme.eu\\\/kme\\\/wp-content\\\/uploads\\\/2020\\\/04\\\/logo_KME_RGB_small_200px.png\",\"contentUrl\":\"https:\\\/\\\/kme.eu\\\/kme\\\/wp-content\\\/uploads\\\/2020\\\/04\\\/logo_KME_RGB_small_200px.png\",\"width\":272,\"height\":200,\"caption\":\"KME\"},\"image\":{\"@id\":\"https:\\\/\\\/kme.eu\\\/kme\\\/es\\\/#\\\/schema\\\/logo\\\/image\\\/\"},\"sameAs\":[\"https:\\\/\\\/www.facebook.com\\\/KME.LPG\\\/\",\"https:\\\/\\\/www.instagram.com\\\/kme_lpg\\\/\"]}]}<\/script>\n<!-- \/ Yoast SEO plugin. -->","yoast_head_json":{"title":"Activaci\u00f3n - KME","robots":{"index":"index","follow":"follow","max-snippet":"max-snippet:-1","max-image-preview":"max-image-preview:large","max-video-preview":"max-video-preview:-1"},"canonical":"https:\/\/kme.eu\/kme\/es\/herramientas-de-taller\/activacion\/","og_locale":"es_ES","og_type":"article","og_title":"Activaci\u00f3n - KME","og_description":"[vc_column][\/vc_column][vc_row row_btt_skin=\u00bblight\u00bb row_background_text_position=\u00bbfront\u00bb][vc_column][vc_column_text] ACTIVACI\u00d3N EN L\u00cdNEA Los controladores m\u00e1s recientes de NEVO-SKY DIRECT requieren activaci\u00f3n. El C\u00d3DIGO DE ACTIVACI\u00d3N es una secuencia \u00fanica de caracteres asignada a un taller concreto y que sirve para activar los controladores en m\u00faltiples ocasiones. [&hellip;]","og_url":"https:\/\/kme.eu\/kme\/es\/herramientas-de-taller\/activacion\/","og_site_name":"KME","article_publisher":"https:\/\/www.facebook.com\/KME.LPG\/","article_modified_time":"2026-03-20T08:30:33+00:00","twitter_card":"summary_large_image","twitter_misc":{"Tiempo de lectura":"1 minuto"},"schema":{"@context":"https:\/\/schema.org","@graph":[{"@type":"WebPage","@id":"https:\/\/kme.eu\/kme\/es\/herramientas-de-taller\/activacion\/","url":"https:\/\/kme.eu\/kme\/es\/herramientas-de-taller\/activacion\/","name":"Activaci\u00f3n - KME","isPartOf":{"@id":"https:\/\/kme.eu\/kme\/es\/#website"},"datePublished":"2026-03-20T08:30:30+00:00","dateModified":"2026-03-20T08:30:33+00:00","breadcrumb":{"@id":"https:\/\/kme.eu\/kme\/es\/herramientas-de-taller\/activacion\/#breadcrumb"},"inLanguage":"es","potentialAction":[{"@type":"ReadAction","target":["https:\/\/kme.eu\/kme\/es\/herramientas-de-taller\/activacion\/"]}]},{"@type":"BreadcrumbList","@id":"https:\/\/kme.eu\/kme\/es\/herramientas-de-taller\/activacion\/#breadcrumb","itemListElement":[{"@type":"ListItem","position":1,"name":"Strona g\u0142\u00f3wna","item":"https:\/\/kme.eu\/kme\/es\/"},{"@type":"ListItem","position":2,"name":"Herramientas de taller","item":"https:\/\/kme.eu\/kme\/es\/herramientas-de-taller\/"},{"@type":"ListItem","position":3,"name":"Activaci\u00f3n"}]},{"@type":"WebSite","@id":"https:\/\/kme.eu\/kme\/es\/#website","url":"https:\/\/kme.eu\/kme\/es\/","name":"KME","description":"Autogas Systems","publisher":{"@id":"https:\/\/kme.eu\/kme\/es\/#organization"},"potentialAction":[{"@type":"SearchAction","target":{"@type":"EntryPoint","urlTemplate":"https:\/\/kme.eu\/kme\/es\/?s={search_term_string}"},"query-input":{"@type":"PropertyValueSpecification","valueRequired":true,"valueName":"search_term_string"}}],"inLanguage":"es"},{"@type":"Organization","@id":"https:\/\/kme.eu\/kme\/es\/#organization","name":"KME","url":"https:\/\/kme.eu\/kme\/es\/","logo":{"@type":"ImageObject","inLanguage":"es","@id":"https:\/\/kme.eu\/kme\/es\/#\/schema\/logo\/image\/","url":"https:\/\/kme.eu\/kme\/wp-content\/uploads\/2020\/04\/logo_KME_RGB_small_200px.png","contentUrl":"https:\/\/kme.eu\/kme\/wp-content\/uploads\/2020\/04\/logo_KME_RGB_small_200px.png","width":272,"height":200,"caption":"KME"},"image":{"@id":"https:\/\/kme.eu\/kme\/es\/#\/schema\/logo\/image\/"},"sameAs":["https:\/\/www.facebook.com\/KME.LPG\/","https:\/\/www.instagram.com\/kme_lpg\/"]}]}},"_links":{"self":[{"href":"https:\/\/kme.eu\/kme\/es\/wp-json\/wp\/v2\/pages\/20885","targetHints":{"allow":["GET"]}}],"collection":[{"href":"https:\/\/kme.eu\/kme\/es\/wp-json\/wp\/v2\/pages"}],"about":[{"href":"https:\/\/kme.eu\/kme\/es\/wp-json\/wp\/v2\/types\/page"}],"author":[{"embeddable":true,"href":"https:\/\/kme.eu\/kme\/es\/wp-json\/wp\/v2\/users\/6"}],"replies":[{"embeddable":true,"href":"https:\/\/kme.eu\/kme\/es\/wp-json\/wp\/v2\/comments?post=20885"}],"version-history":[{"count":0,"href":"https:\/\/kme.eu\/kme\/es\/wp-json\/wp\/v2\/pages\/20885\/revisions"}],"up":[{"embeddable":true,"href":"https:\/\/kme.eu\/kme\/es\/wp-json\/wp\/v2\/pages\/9543"}],"wp:attachment":[{"href":"https:\/\/kme.eu\/kme\/es\/wp-json\/wp\/v2\/media?parent=20885"}],"curies":[{"name":"wp","href":"https:\/\/api.w.org\/{rel}","templated":true}]}}