{"id":20901,"date":"2026-03-20T09:41:43","date_gmt":"2026-03-20T08:41:43","guid":{"rendered":"https:\/\/kme.eu\/kme\/herramientas-de-taller\/5-anos-de-garantia\/"},"modified":"2026-03-20T09:41:44","modified_gmt":"2026-03-20T08:41:44","slug":"5-anos-de-garantia","status":"publish","type":"page","link":"https:\/\/kme.eu\/kme\/es\/herramientas-de-taller\/5-anos-de-garantia\/","title":{"rendered":"5 A\u00d1OS DE GARANT\u00cdA"},"content":{"rendered":"<div class=\"wpb-content-wrapper\"><p>[vc_column][\/vc_column][vc_row row_btt_skin=\u00bblight\u00bb row_background_text_position=\u00bbfront\u00bb][vc_column][vc_column_text css=\u00bb\u00bb]<\/p>\n<h2>5 A\u00d1OS DE GARANT\u00cdA<\/h2>\n<p><strong>Garant\u00eda ampliada para los controladores KME NEVO-SKY<\/strong><\/p>\n<p>La garant\u00eda tiene una duraci\u00f3n de 60 meses a partir de la fecha de montaje (hasta un m\u00e1ximo de 66 meses a partir de la fecha de fabricaci\u00f3n) o 100 000 km, lo que ocurra primero.<\/p>\n<p>Condiciones:<\/p>\n<ul>\n<li>Se aplica a los controladores fabricados a partir del 1 de enero de 2025<\/li>\n<li>Se aplica a las instalaciones realizadas en el territorio de la Rep\u00fablica de Polonia a partir del 2 de marzo de 2026<\/li>\n<li>Se aplica a montajes en los que se utilicen exclusivamente componentes fabricados por KME (controlador, inyectores, reductor, CCT6, filtro de fase gaseosa)<\/li>\n<li>se refiere a las instalaciones incluidas en la homologaci\u00f3n de KME<\/li>\n<\/ul>\n<p>En caso de reclamaci\u00f3n sobre el controlador, es imprescindible adjuntar a la solicitud de reclamaci\u00f3n una copia del Carnet de Garant\u00eda debidamente cumplimentado por un taller autorizado, en el que figuren el n\u00famero del controlador y el n\u00famero del extracto del certificado de homologaci\u00f3n.<\/p>\n<p>En caso de que no se presenten todos los documentos necesarios para la reclamaci\u00f3n, se aplicar\u00e1 la garant\u00eda est\u00e1ndar.[\/vc_column_text][\/vc_column][\/vc_row]<\/p>\n<\/div>","protected":false},"excerpt":{"rendered":"<p>[vc_column][\/vc_column][vc_row row_btt_skin=\u00bblight\u00bb row_background_text_position=\u00bbfront\u00bb][vc_column][vc_column_text css=\u00bb\u00bb] 5 A\u00d1OS DE GARANT\u00cdA Garant\u00eda ampliada para los controladores KME NEVO-SKY La garant\u00eda tiene una duraci\u00f3n de 60 meses a partir de la fecha de montaje (hasta un m\u00e1ximo de 66 meses a partir de la [&hellip;]<\/p>\n","protected":false},"author":6,"featured_media":0,"parent":9543,"menu_order":0,"comment_status":"closed","ping_status":"closed","template":"","meta":{"footnotes":""},"class_list":["post-20901","page","type-page","status-publish","hentry"],"acf":[],"yoast_head":"<!-- This site is optimized with the Yoast SEO plugin v27.4 - https:\/\/yoast.com\/product\/yoast-seo-wordpress\/ -->\n<title>5 A\u00d1OS DE GARANT\u00cdA - KME<\/title>\n<meta name=\"robots\" content=\"index, follow, max-snippet:-1, max-image-preview:large, max-video-preview:-1\" \/>\n<link rel=\"canonical\" href=\"https:\/\/kme.eu\/kme\/es\/herramientas-de-taller\/5-anos-de-garantia\/\" \/>\n<meta property=\"og:locale\" content=\"es_ES\" \/>\n<meta property=\"og:type\" content=\"article\" \/>\n<meta property=\"og:title\" content=\"5 A\u00d1OS DE GARANT\u00cdA - KME\" \/>\n<meta property=\"og:description\" content=\"[vc_column][\/vc_column][vc_row row_btt_skin=\u00bblight\u00bb row_background_text_position=\u00bbfront\u00bb][vc_column][vc_column_text css=\u00bb\u00bb] 5 A\u00d1OS DE GARANT\u00cdA Garant\u00eda ampliada para los controladores KME NEVO-SKY La garant\u00eda tiene una duraci\u00f3n de 60 meses a partir de la fecha de montaje (hasta un m\u00e1ximo de 66 meses a partir de la [&hellip;]\" \/>\n<meta property=\"og:url\" content=\"https:\/\/kme.eu\/kme\/es\/herramientas-de-taller\/5-anos-de-garantia\/\" \/>\n<meta property=\"og:site_name\" content=\"KME\" \/>\n<meta property=\"article:publisher\" content=\"https:\/\/www.facebook.com\/KME.LPG\/\" \/>\n<meta property=\"article:modified_time\" content=\"2026-03-20T08:41:44+00:00\" \/>\n<meta name=\"twitter:card\" content=\"summary_large_image\" \/>\n<meta name=\"twitter:label1\" content=\"Tiempo de lectura\" \/>\n\t<meta name=\"twitter:data1\" content=\"1 minuto\" \/>\n<script type=\"application\/ld+json\" class=\"yoast-schema-graph\">{\"@context\":\"https:\\\/\\\/schema.org\",\"@graph\":[{\"@type\":\"WebPage\",\"@id\":\"https:\\\/\\\/kme.eu\\\/kme\\\/es\\\/herramientas-de-taller\\\/5-anos-de-garantia\\\/\",\"url\":\"https:\\\/\\\/kme.eu\\\/kme\\\/es\\\/herramientas-de-taller\\\/5-anos-de-garantia\\\/\",\"name\":\"5 A\u00d1OS DE GARANT\u00cdA - KME\",\"isPartOf\":{\"@id\":\"https:\\\/\\\/kme.eu\\\/kme\\\/es\\\/#website\"},\"datePublished\":\"2026-03-20T08:41:43+00:00\",\"dateModified\":\"2026-03-20T08:41:44+00:00\",\"breadcrumb\":{\"@id\":\"https:\\\/\\\/kme.eu\\\/kme\\\/es\\\/herramientas-de-taller\\\/5-anos-de-garantia\\\/#breadcrumb\"},\"inLanguage\":\"es\",\"potentialAction\":[{\"@type\":\"ReadAction\",\"target\":[\"https:\\\/\\\/kme.eu\\\/kme\\\/es\\\/herramientas-de-taller\\\/5-anos-de-garantia\\\/\"]}]},{\"@type\":\"BreadcrumbList\",\"@id\":\"https:\\\/\\\/kme.eu\\\/kme\\\/es\\\/herramientas-de-taller\\\/5-anos-de-garantia\\\/#breadcrumb\",\"itemListElement\":[{\"@type\":\"ListItem\",\"position\":1,\"name\":\"Strona g\u0142\u00f3wna\",\"item\":\"https:\\\/\\\/kme.eu\\\/kme\\\/es\\\/\"},{\"@type\":\"ListItem\",\"position\":2,\"name\":\"Herramientas de taller\",\"item\":\"https:\\\/\\\/kme.eu\\\/kme\\\/es\\\/herramientas-de-taller\\\/\"},{\"@type\":\"ListItem\",\"position\":3,\"name\":\"5 A\u00d1OS DE GARANT\u00cdA\"}]},{\"@type\":\"WebSite\",\"@id\":\"https:\\\/\\\/kme.eu\\\/kme\\\/es\\\/#website\",\"url\":\"https:\\\/\\\/kme.eu\\\/kme\\\/es\\\/\",\"name\":\"KME\",\"description\":\"Autogas Systems\",\"publisher\":{\"@id\":\"https:\\\/\\\/kme.eu\\\/kme\\\/es\\\/#organization\"},\"potentialAction\":[{\"@type\":\"SearchAction\",\"target\":{\"@type\":\"EntryPoint\",\"urlTemplate\":\"https:\\\/\\\/kme.eu\\\/kme\\\/es\\\/?s={search_term_string}\"},\"query-input\":{\"@type\":\"PropertyValueSpecification\",\"valueRequired\":true,\"valueName\":\"search_term_string\"}}],\"inLanguage\":\"es\"},{\"@type\":\"Organization\",\"@id\":\"https:\\\/\\\/kme.eu\\\/kme\\\/es\\\/#organization\",\"name\":\"KME\",\"url\":\"https:\\\/\\\/kme.eu\\\/kme\\\/es\\\/\",\"logo\":{\"@type\":\"ImageObject\",\"inLanguage\":\"es\",\"@id\":\"https:\\\/\\\/kme.eu\\\/kme\\\/es\\\/#\\\/schema\\\/logo\\\/image\\\/\",\"url\":\"https:\\\/\\\/kme.eu\\\/kme\\\/wp-content\\\/uploads\\\/2020\\\/04\\\/logo_KME_RGB_small_200px.png\",\"contentUrl\":\"https:\\\/\\\/kme.eu\\\/kme\\\/wp-content\\\/uploads\\\/2020\\\/04\\\/logo_KME_RGB_small_200px.png\",\"width\":272,\"height\":200,\"caption\":\"KME\"},\"image\":{\"@id\":\"https:\\\/\\\/kme.eu\\\/kme\\\/es\\\/#\\\/schema\\\/logo\\\/image\\\/\"},\"sameAs\":[\"https:\\\/\\\/www.facebook.com\\\/KME.LPG\\\/\",\"https:\\\/\\\/www.instagram.com\\\/kme_lpg\\\/\"]}]}<\/script>\n<!-- \/ Yoast SEO plugin. -->","yoast_head_json":{"title":"5 A\u00d1OS DE GARANT\u00cdA - KME","robots":{"index":"index","follow":"follow","max-snippet":"max-snippet:-1","max-image-preview":"max-image-preview:large","max-video-preview":"max-video-preview:-1"},"canonical":"https:\/\/kme.eu\/kme\/es\/herramientas-de-taller\/5-anos-de-garantia\/","og_locale":"es_ES","og_type":"article","og_title":"5 A\u00d1OS DE GARANT\u00cdA - KME","og_description":"[vc_column][\/vc_column][vc_row row_btt_skin=\u00bblight\u00bb row_background_text_position=\u00bbfront\u00bb][vc_column][vc_column_text css=\u00bb\u00bb] 5 A\u00d1OS DE GARANT\u00cdA Garant\u00eda ampliada para los controladores KME NEVO-SKY La garant\u00eda tiene una duraci\u00f3n de 60 meses a partir de la fecha de montaje (hasta un m\u00e1ximo de 66 meses a partir de la [&hellip;]","og_url":"https:\/\/kme.eu\/kme\/es\/herramientas-de-taller\/5-anos-de-garantia\/","og_site_name":"KME","article_publisher":"https:\/\/www.facebook.com\/KME.LPG\/","article_modified_time":"2026-03-20T08:41:44+00:00","twitter_card":"summary_large_image","twitter_misc":{"Tiempo de lectura":"1 minuto"},"schema":{"@context":"https:\/\/schema.org","@graph":[{"@type":"WebPage","@id":"https:\/\/kme.eu\/kme\/es\/herramientas-de-taller\/5-anos-de-garantia\/","url":"https:\/\/kme.eu\/kme\/es\/herramientas-de-taller\/5-anos-de-garantia\/","name":"5 A\u00d1OS DE GARANT\u00cdA - KME","isPartOf":{"@id":"https:\/\/kme.eu\/kme\/es\/#website"},"datePublished":"2026-03-20T08:41:43+00:00","dateModified":"2026-03-20T08:41:44+00:00","breadcrumb":{"@id":"https:\/\/kme.eu\/kme\/es\/herramientas-de-taller\/5-anos-de-garantia\/#breadcrumb"},"inLanguage":"es","potentialAction":[{"@type":"ReadAction","target":["https:\/\/kme.eu\/kme\/es\/herramientas-de-taller\/5-anos-de-garantia\/"]}]},{"@type":"BreadcrumbList","@id":"https:\/\/kme.eu\/kme\/es\/herramientas-de-taller\/5-anos-de-garantia\/#breadcrumb","itemListElement":[{"@type":"ListItem","position":1,"name":"Strona g\u0142\u00f3wna","item":"https:\/\/kme.eu\/kme\/es\/"},{"@type":"ListItem","position":2,"name":"Herramientas de taller","item":"https:\/\/kme.eu\/kme\/es\/herramientas-de-taller\/"},{"@type":"ListItem","position":3,"name":"5 A\u00d1OS DE GARANT\u00cdA"}]},{"@type":"WebSite","@id":"https:\/\/kme.eu\/kme\/es\/#website","url":"https:\/\/kme.eu\/kme\/es\/","name":"KME","description":"Autogas Systems","publisher":{"@id":"https:\/\/kme.eu\/kme\/es\/#organization"},"potentialAction":[{"@type":"SearchAction","target":{"@type":"EntryPoint","urlTemplate":"https:\/\/kme.eu\/kme\/es\/?s={search_term_string}"},"query-input":{"@type":"PropertyValueSpecification","valueRequired":true,"valueName":"search_term_string"}}],"inLanguage":"es"},{"@type":"Organization","@id":"https:\/\/kme.eu\/kme\/es\/#organization","name":"KME","url":"https:\/\/kme.eu\/kme\/es\/","logo":{"@type":"ImageObject","inLanguage":"es","@id":"https:\/\/kme.eu\/kme\/es\/#\/schema\/logo\/image\/","url":"https:\/\/kme.eu\/kme\/wp-content\/uploads\/2020\/04\/logo_KME_RGB_small_200px.png","contentUrl":"https:\/\/kme.eu\/kme\/wp-content\/uploads\/2020\/04\/logo_KME_RGB_small_200px.png","width":272,"height":200,"caption":"KME"},"image":{"@id":"https:\/\/kme.eu\/kme\/es\/#\/schema\/logo\/image\/"},"sameAs":["https:\/\/www.facebook.com\/KME.LPG\/","https:\/\/www.instagram.com\/kme_lpg\/"]}]}},"_links":{"self":[{"href":"https:\/\/kme.eu\/kme\/es\/wp-json\/wp\/v2\/pages\/20901","targetHints":{"allow":["GET"]}}],"collection":[{"href":"https:\/\/kme.eu\/kme\/es\/wp-json\/wp\/v2\/pages"}],"about":[{"href":"https:\/\/kme.eu\/kme\/es\/wp-json\/wp\/v2\/types\/page"}],"author":[{"embeddable":true,"href":"https:\/\/kme.eu\/kme\/es\/wp-json\/wp\/v2\/users\/6"}],"replies":[{"embeddable":true,"href":"https:\/\/kme.eu\/kme\/es\/wp-json\/wp\/v2\/comments?post=20901"}],"version-history":[{"count":0,"href":"https:\/\/kme.eu\/kme\/es\/wp-json\/wp\/v2\/pages\/20901\/revisions"}],"up":[{"embeddable":true,"href":"https:\/\/kme.eu\/kme\/es\/wp-json\/wp\/v2\/pages\/9543"}],"wp:attachment":[{"href":"https:\/\/kme.eu\/kme\/es\/wp-json\/wp\/v2\/media?parent=20901"}],"curies":[{"name":"wp","href":"https:\/\/api.w.org\/{rel}","templated":true}]}}