{"id":6837,"date":"2020-05-20T13:15:38","date_gmt":"2020-05-20T11:15:38","guid":{"rendered":"https:\/\/mucha.sobnet.eu\/kme\/?page_id=6837"},"modified":"2026-03-18T15:33:25","modified_gmt":"2026-03-18T14:33:25","slug":"e-homologaciones","status":"publish","type":"page","link":"https:\/\/kme.eu\/kme\/es\/herramientas-de-taller\/e-homologaciones\/","title":{"rendered":"e-Homologaciones"},"content":{"rendered":"<div class=\"wpb-content-wrapper\"><p>[vc_row row_btt_skin=\u00bblight\u00bb row_background_text_position=\u00bbfront\u00bb][vc_column][vc_empty_space][\/vc_column][\/vc_row][vc_row row_content_width=\u00bbgrid\u00bb row_btt_skin=\u00bblight\u00bb row_background_text_position=\u00bbfront\u00bb row_skin=\u00bbdark\u00bb css=\u00bb.vc_custom_1594810882617{padding-top: 40px !important;padding-bottom: 50px !important;}\u00bb][vc_column offset=\u00bbvc_col-lg-offset-0 vc_col-lg-12 vc_col-md-offset-0 vc_col-md-12 vc_col-sm-offset-0&#8243;]<div class=\"mkdf-elements-holder   mkdf-one-column  mkdf-responsive-mode-768 \" ><div class=\"mkdf-eh-item    \"  data-item-class=\"mkdf-eh-custom-6106\">\n\t<div class=\"mkdf-eh-item-inner\">\n\t\t<div class=\"mkdf-eh-item-content mkdf-eh-custom-6106\" >\n\t\t\t[vc_column_text]<\/p>\n<h4 style=\"text-align: center;\"><strong><em>LEGALIZACI\u00d3N DEL ANALIZADOR DE GASES DE ESCAPE: \u00a1NUEVA DIRECCI\u00d3N DE CORREO ELECTR\u00d3NICO!<\/em><\/strong><\/h4>\n<p id=\"tw-target-text\" class=\"tw-data-text tw-text-large XcVN5d tw-ta\" dir=\"ltr\" style=\"text-align: center;\" data-placeholder=\"T\u0142umaczenie\"><em>Hemos creado una direcci\u00f3n de correo electr\u00f3nico a la que deben enviar las copias escaneadas de la nueva legalizaci\u00f3n del analizador de gases de escape.<br \/>\n<\/em><em>A partir del 20 de julio de 2020, les invitamos a enviar un correo electr\u00f3nico con una copia escaneada de la legalizaci\u00f3n a la siguiente direcci\u00f3n: <\/em><\/p>\n<p>[\/vc_column_text]<div class=\"mkdf-iwt clearfix  mkdf-iwt-icon-top-centered  mkdf-iwt-icon-medium\" >\n\t<div class=\"mkdf-iwt-icon\">\n\t\t\t\t\t<a itemprop=\"url\" href=\"mailto:legalizacja@kme.eu\" target=\"_self\">\n\t\t\t\t\t\t\t\t\t    <span class=\"mkdf-icon-shortcode mkdf-normal   mkdf-icon-medium\"  >\n                    <i class=\"mkdf-icon-dripicons dripicon dripicons-mail mkdf-icon-element\" style=\"\" ><\/i>            <\/span>\n\t\t\t\t\t\t\t\t<\/a>\n\t\t\t<\/div>\n\t<div class=\"mkdf-iwt-content\" style=\"padding-top: px\">\n        \t\t\t\t\t<h4 class=\"mkdf-iwt-title\" >\n\t\t\t\t\t\t\t\t\t<a itemprop=\"url\" href=\"mailto:legalizacja@kme.eu\" target=\"_self\">\n\t\t\t\t\t\t\t\t<span class=\"mkdf-iwt-title-text\">legalizacja@kme.eu<\/span>\n\t\t\t\t\t\t\t\t\t<\/a>\n\t\t\t\t\t\t\t<\/h4>\n\t\t\t\t\t<\/div>\n<\/div>\t\t<\/div>\n\t<\/div>\n<\/div><\/div>[\/vc_column][\/vc_row][vc_row row_content_width=\u00bbgrid\u00bb row_btt_skin=\u00bblight\u00bb enable_bg_pattern=\u00bbyes\u00bb row_background_text_position=\u00bbfront\u00bb row_skin=\u00bbdark\u00bb css=\u00bb.vc_custom_1556014711710{padding-top: 40px !important;padding-bottom: 50px !important;}\u00bb][vc_column offset=\u00bbvc_col-lg-offset-0 vc_col-lg-12 vc_col-md-offset-0 vc_col-md-12 vc_col-sm-offset-0&#8243;]<div class=\"mkdf-elements-holder   mkdf-two-columns  mkdf-responsive-mode-1024 \" ><div class=\"mkdf-eh-item    \"  data-item-class=\"mkdf-eh-custom-7612\">\n\t<div class=\"mkdf-eh-item-inner\">\n\t\t<div class=\"mkdf-eh-item-content mkdf-eh-custom-7612\" >\n\t\t\t[vc_raw_html css=\u00bb\u00bb]PGRpdiBzdHlsZT0icGFkZGluZzogMCA1JSAwIDUlIj4KPGlmcmFtZSB3aWR0aD0iNTYwIiBoZWlnaHQ9IjMxNSIgc3JjPSJodHRwczovL3d3dy55b3V0dWJlLmNvbS9lbWJlZC9uVkdPVEJKWUxvOD9zaT1CZDg3TlBjeFFuWmJnOUdUIiB0aXRsZT0iUmVwcm9kdWN0b3IgZGUgdsOtZGVvcyBkZSBZb3VUdWJlIiBmcmFtZWJvcmRlcj0iMCIgYWxsb3c9ImFjY2VsZXJvbWV0ZXI7IGF1dG9wbGF5OyBjbGlwYm9hcmQtd3JpdGU7IGVuY3J5cHRlZC1tZWRpYTsgZ3lyb3Njb3BlOyBwaWN0dXJlLWluLXBpY3R1cmU7IHdlYi1zaGFyZSIgcmVmZXJyZXJwb2xpY3k9InN0cmljdC1vcmlnaW4td2hlbi1jcm9zcy1vcmlnaW4iIGFsbG93ZnVsbHNjcmVlbj0iIj48L2lmcmFtZT4KPC9kaXY+[\/vc_raw_html]\t\t<\/div>\n\t<\/div>\n<\/div><div class=\"mkdf-eh-item mkdf-section   \"  data-item-class=\"mkdf-eh-custom-7583\" data-1367-1600=\"0px 0px 0 0px\" data-1025-1366=\"0px 0px 0 0px\" data-769-1024=\"0px 0px 0 0px\" data-681-768=\"0px 0px 0 0px\" data-680=\"0px 0px 0 0px\">\n\t<div class=\"mkdf-eh-item-inner\">\n\t\t<div class=\"mkdf-eh-item-content mkdf-eh-custom-7583\" style=\"padding: 0 0 0 0\">\n\t\t\t[vc_column_text css=\u00bb.vc_custom_1739545548941{border-right-width: 20px !important;border-left-width: 20px !important;}\u00bb]<\/p>\n<div class=\"mkdf-eh-item \" data-item-class=\"mkdf-eh-custom-2193\">\n<div class=\"mkdf-eh-item-inner\">\n<div class=\"mkdf-eh-item-content mkdf-eh-custom-2193\">\n<div class=\"wpb_raw_code wpb_content_element wpb_raw_html\">\n<div class=\"wpb_wrapper\">\n<div>\n<div class=\"fluidvids\">\n<p><strong>E-homologaciones<\/strong> es un portal que permite rellenar f\u00e1cilmente los datos relativos a la instalaci\u00f3n de gas para obtener los documentos de homologaci\u00f3n.<\/p>\n<\/div>\n<div class=\"fluidvids\">Te animamos a que veas el <a href=\"https:\/\/www.youtube.com\/watch?v=nVGOTBJYLo8\" target=\"_blank\" rel=\"noopener noreferrer\">v\u00eddeo tutorial<\/a>.<\/div>\n<\/div>\n<\/div>\n<\/div>\n<\/div>\n<\/div>\n<\/div>\n<div id=\"tw-target-rmn-container\" class=\"tw-ta-container hide-focus-ring tw-nfl\">\n<pre id=\"tw-target-rmn\" class=\"tw-data-placeholder tw-text-small tw-ta\" dir=\"ltr\" data-placeholder=\"\"><\/pre>\n<\/div>\n<p>[\/vc_column_text][vc_empty_space]<a itemprop=\"url\" href=\"https:\/\/homologacje.kme.eu\/\" target=\"_blank\"  class=\"mkdf-btn mkdf-btn-medium mkdf-btn-solid\"  >\n    <span class=\"mkdf-btn-text\">Ir al portal<\/span>\n    <\/a>\t\t<\/div>\n\t<\/div>\n<\/div><\/div>[\/vc_column][\/vc_row][vc_row row_btt_skin=\u00bblight\u00bb row_background_text_position=\u00bbfront\u00bb][vc_column][vc_empty_space][\/vc_column][\/vc_row][vc_row row_btt_skin=\u00bblight\u00bb row_background_text_position=\u00bbfront\u00bb][vc_column][vc_raw_js]JTNDc2NyaXB0JTNFJTBBalF1ZXJ5JTI4JTIwd2luZG93JTIwJTI5LmxvYWQlMjhmdW5jdGlvbiUyOCUyOSUyMCU3QiUwQSUyMCUyMHZhciUyMHBhcmVudCUyMCUzRCUyMCUyNCUyOCUyMiUyM3NodWZmbGUlMjIlMjkuY2hpbGRyZW4lMjglMjkuY2hpbGRyZW4lMjglMjkuY2hpbGRyZW4lMjglMjkuY2hpbGRyZW4lMjglMjkuY2hpbGRyZW4lMjglMjkuY2hpbGRyZW4lMjglMjkuY2hpbGRyZW4lMjglMjkuY2hpbGRyZW4lMjglMjklM0IlMEElMjAlMjB2YXIlMjBkaXZzJTIwJTNEJTIwcGFyZW50LmNoaWxkcmVuJTI4JTI5JTNCJTBBJTIwJTIwd2hpbGUlMjAlMjhkaXZzLmxlbmd0aCUyOSUyMCU3QiUwQSUyMCUyMCUyMCUyMCUyMCUyMCUyMCUyMHBhcmVudC5hcHBlbmQlMjhkaXZzLnNwbGljZSUyOE1hdGguZmxvb3IlMjhNYXRoLnJhbmRvbSUyOCUyOSUyMCUyQSUyMGRpdnMubGVuZ3RoJTI5JTJDJTIwMSUyOSU1QjAlNUQlMjklM0IlMEElMjAlMjAlN0QlMEElN0QlMjklM0IlMEElM0MlMkZzY3JpcHQlM0U=[\/vc_raw_js][\/vc_column][\/vc_row]<\/p>\n<\/div>","protected":false},"excerpt":{"rendered":"<p>[vc_row row_btt_skin=\u00bblight\u00bb row_background_text_position=\u00bbfront\u00bb][vc_column][vc_empty_space][\/vc_column][\/vc_row][vc_row row_content_width=\u00bbgrid\u00bb row_btt_skin=\u00bblight\u00bb row_background_text_position=\u00bbfront\u00bb row_skin=\u00bbdark\u00bb css=\u00bb.vc_custom_1594810882617{padding-top: 40px !important;padding-bottom: 50px !important;}\u00bb][vc_column offset=\u00bbvc_col-lg-offset-0 vc_col-lg-12 vc_col-md-offset-0 vc_col-md-12 vc_col-sm-offset-0&#8243;][\/vc_column][\/vc_row][vc_row row_content_width=\u00bbgrid\u00bb row_btt_skin=\u00bblight\u00bb enable_bg_pattern=\u00bbyes\u00bb row_background_text_position=\u00bbfront\u00bb row_skin=\u00bbdark\u00bb css=\u00bb.vc_custom_1556014711710{padding-top: 40px !important;padding-bottom: 50px !important;}\u00bb][vc_column offset=\u00bbvc_col-lg-offset-0 vc_col-lg-12 vc_col-md-offset-0 vc_col-md-12 vc_col-sm-offset-0&#8243;][\/vc_column][\/vc_row][vc_row row_btt_skin=\u00bblight\u00bb row_background_text_position=\u00bbfront\u00bb][vc_column][vc_empty_space][\/vc_column][\/vc_row][vc_row row_btt_skin=\u00bblight\u00bb row_background_text_position=\u00bbfront\u00bb][vc_column][vc_raw_js]JTNDc2NyaXB0JTNFJTBBalF1ZXJ5JTI4JTIwd2luZG93JTIwJTI5LmxvYWQlMjhmdW5jdGlvbiUyOCUyOSUyMCU3QiUwQSUyMCUyMHZhciUyMHBhcmVudCUyMCUzRCUyMCUyNCUyOCUyMiUyM3NodWZmbGUlMjIlMjkuY2hpbGRyZW4lMjglMjkuY2hpbGRyZW4lMjglMjkuY2hpbGRyZW4lMjglMjkuY2hpbGRyZW4lMjglMjkuY2hpbGRyZW4lMjglMjkuY2hpbGRyZW4lMjglMjkuY2hpbGRyZW4lMjglMjkuY2hpbGRyZW4lMjglMjklM0IlMEElMjAlMjB2YXIlMjBkaXZzJTIwJTNEJTIwcGFyZW50LmNoaWxkcmVuJTI4JTI5JTNCJTBBJTIwJTIwd2hpbGUlMjAlMjhkaXZzLmxlbmd0aCUyOSUyMCU3QiUwQSUyMCUyMCUyMCUyMCUyMCUyMCUyMCUyMHBhcmVudC5hcHBlbmQlMjhkaXZzLnNwbGljZSUyOE1hdGguZmxvb3IlMjhNYXRoLnJhbmRvbSUyOCUyOSUyMCUyQSUyMGRpdnMubGVuZ3RoJTI5JTJDJTIwMSUyOSU1QjAlNUQlMjklM0IlMEElMjAlMjAlN0QlMEElN0QlMjklM0IlMEElM0MlMkZzY3JpcHQlM0U=[\/vc_raw_js][\/vc_column][\/vc_row]<\/p>\n","protected":false},"author":7,"featured_media":0,"parent":9543,"menu_order":0,"comment_status":"closed","ping_status":"closed","template":"full-width.php","meta":{"footnotes":""},"class_list":["post-6837","page","type-page","status-publish","hentry"],"acf":[],"yoast_head":"<!-- This site is optimized with the Yoast SEO plugin v27.4 - https:\/\/yoast.com\/product\/yoast-seo-wordpress\/ -->\n<title>e-Homologaciones - KME<\/title>\n<meta name=\"robots\" content=\"index, follow, max-snippet:-1, max-image-preview:large, max-video-preview:-1\" \/>\n<link rel=\"canonical\" href=\"https:\/\/kme.eu\/kme\/es\/herramientas-de-taller\/e-homologaciones\/\" \/>\n<meta property=\"og:locale\" content=\"es_ES\" \/>\n<meta property=\"og:type\" content=\"article\" \/>\n<meta property=\"og:title\" content=\"e-Homologaciones - KME\" \/>\n<meta property=\"og:description\" content=\"[vc_row row_btt_skin=\u00bblight\u00bb row_background_text_position=\u00bbfront\u00bb][vc_column][vc_empty_space][\/vc_column][\/vc_row][vc_row row_content_width=\u00bbgrid\u00bb row_btt_skin=\u00bblight\u00bb row_background_text_position=\u00bbfront\u00bb row_skin=\u00bbdark\u00bb css=\u00bb.vc_custom_1594810882617{padding-top: 40px !important;padding-bottom: 50px !important;}\u00bb][vc_column offset=\u00bbvc_col-lg-offset-0 vc_col-lg-12 vc_col-md-offset-0 vc_col-md-12 vc_col-sm-offset-0&#8243;][\/vc_column][\/vc_row][vc_row row_content_width=\u00bbgrid\u00bb row_btt_skin=\u00bblight\u00bb enable_bg_pattern=\u00bbyes\u00bb row_background_text_position=\u00bbfront\u00bb row_skin=\u00bbdark\u00bb css=\u00bb.vc_custom_1556014711710{padding-top: 40px !important;padding-bottom: 50px !important;}\u00bb][vc_column offset=\u00bbvc_col-lg-offset-0 vc_col-lg-12 vc_col-md-offset-0 vc_col-md-12 vc_col-sm-offset-0&#8243;][\/vc_column][\/vc_row][vc_row row_btt_skin=\u00bblight\u00bb row_background_text_position=\u00bbfront\u00bb][vc_column][vc_empty_space][\/vc_column][\/vc_row][vc_row row_btt_skin=\u00bblight\u00bb row_background_text_position=\u00bbfront\u00bb][vc_column][vc_raw_js]JTNDc2NyaXB0JTNFJTBBalF1ZXJ5JTI4JTIwd2luZG93JTIwJTI5LmxvYWQlMjhmdW5jdGlvbiUyOCUyOSUyMCU3QiUwQSUyMCUyMHZhciUyMHBhcmVudCUyMCUzRCUyMCUyNCUyOCUyMiUyM3NodWZmbGUlMjIlMjkuY2hpbGRyZW4lMjglMjkuY2hpbGRyZW4lMjglMjkuY2hpbGRyZW4lMjglMjkuY2hpbGRyZW4lMjglMjkuY2hpbGRyZW4lMjglMjkuY2hpbGRyZW4lMjglMjkuY2hpbGRyZW4lMjglMjkuY2hpbGRyZW4lMjglMjklM0IlMEElMjAlMjB2YXIlMjBkaXZzJTIwJTNEJTIwcGFyZW50LmNoaWxkcmVuJTI4JTI5JTNCJTBBJTIwJTIwd2hpbGUlMjAlMjhkaXZzLmxlbmd0aCUyOSUyMCU3QiUwQSUyMCUyMCUyMCUyMCUyMCUyMCUyMCUyMHBhcmVudC5hcHBlbmQlMjhkaXZzLnNwbGljZSUyOE1hdGguZmxvb3IlMjhNYXRoLnJhbmRvbSUyOCUyOSUyMCUyQSUyMGRpdnMubGVuZ3RoJTI5JTJDJTIwMSUyOSU1QjAlNUQlMjklM0IlMEElMjAlMjAlN0QlMEElN0QlMjklM0IlMEElM0MlMkZzY3JpcHQlM0U=[\/vc_raw_js][\/vc_column][\/vc_row]\" \/>\n<meta property=\"og:url\" content=\"https:\/\/kme.eu\/kme\/es\/herramientas-de-taller\/e-homologaciones\/\" \/>\n<meta property=\"og:site_name\" content=\"KME\" \/>\n<meta property=\"article:publisher\" content=\"https:\/\/www.facebook.com\/KME.LPG\/\" \/>\n<meta property=\"article:modified_time\" content=\"2026-03-18T14:33:25+00:00\" \/>\n<meta name=\"twitter:card\" content=\"summary_large_image\" \/>\n<meta name=\"twitter:label1\" content=\"Tiempo de lectura\" \/>\n\t<meta name=\"twitter:data1\" content=\"3 minutos\" \/>\n<script type=\"application\/ld+json\" class=\"yoast-schema-graph\">{\"@context\":\"https:\\\/\\\/schema.org\",\"@graph\":[{\"@type\":\"WebPage\",\"@id\":\"https:\\\/\\\/kme.eu\\\/kme\\\/es\\\/herramientas-de-taller\\\/e-homologaciones\\\/\",\"url\":\"https:\\\/\\\/kme.eu\\\/kme\\\/es\\\/herramientas-de-taller\\\/e-homologaciones\\\/\",\"name\":\"e-Homologaciones - KME\",\"isPartOf\":{\"@id\":\"https:\\\/\\\/kme.eu\\\/kme\\\/es\\\/#website\"},\"datePublished\":\"2020-05-20T11:15:38+00:00\",\"dateModified\":\"2026-03-18T14:33:25+00:00\",\"breadcrumb\":{\"@id\":\"https:\\\/\\\/kme.eu\\\/kme\\\/es\\\/herramientas-de-taller\\\/e-homologaciones\\\/#breadcrumb\"},\"inLanguage\":\"es\",\"potentialAction\":[{\"@type\":\"ReadAction\",\"target\":[\"https:\\\/\\\/kme.eu\\\/kme\\\/es\\\/herramientas-de-taller\\\/e-homologaciones\\\/\"]}]},{\"@type\":\"BreadcrumbList\",\"@id\":\"https:\\\/\\\/kme.eu\\\/kme\\\/es\\\/herramientas-de-taller\\\/e-homologaciones\\\/#breadcrumb\",\"itemListElement\":[{\"@type\":\"ListItem\",\"position\":1,\"name\":\"Strona g\u0142\u00f3wna\",\"item\":\"https:\\\/\\\/kme.eu\\\/kme\\\/es\\\/\"},{\"@type\":\"ListItem\",\"position\":2,\"name\":\"Herramientas de taller\",\"item\":\"https:\\\/\\\/kme.eu\\\/kme\\\/es\\\/herramientas-de-taller\\\/\"},{\"@type\":\"ListItem\",\"position\":3,\"name\":\"e-Homologaciones\"}]},{\"@type\":\"WebSite\",\"@id\":\"https:\\\/\\\/kme.eu\\\/kme\\\/es\\\/#website\",\"url\":\"https:\\\/\\\/kme.eu\\\/kme\\\/es\\\/\",\"name\":\"KME\",\"description\":\"Autogas Systems\",\"publisher\":{\"@id\":\"https:\\\/\\\/kme.eu\\\/kme\\\/es\\\/#organization\"},\"potentialAction\":[{\"@type\":\"SearchAction\",\"target\":{\"@type\":\"EntryPoint\",\"urlTemplate\":\"https:\\\/\\\/kme.eu\\\/kme\\\/es\\\/?s={search_term_string}\"},\"query-input\":{\"@type\":\"PropertyValueSpecification\",\"valueRequired\":true,\"valueName\":\"search_term_string\"}}],\"inLanguage\":\"es\"},{\"@type\":\"Organization\",\"@id\":\"https:\\\/\\\/kme.eu\\\/kme\\\/es\\\/#organization\",\"name\":\"KME\",\"url\":\"https:\\\/\\\/kme.eu\\\/kme\\\/es\\\/\",\"logo\":{\"@type\":\"ImageObject\",\"inLanguage\":\"es\",\"@id\":\"https:\\\/\\\/kme.eu\\\/kme\\\/es\\\/#\\\/schema\\\/logo\\\/image\\\/\",\"url\":\"https:\\\/\\\/kme.eu\\\/kme\\\/wp-content\\\/uploads\\\/2020\\\/04\\\/logo_KME_RGB_small_200px.png\",\"contentUrl\":\"https:\\\/\\\/kme.eu\\\/kme\\\/wp-content\\\/uploads\\\/2020\\\/04\\\/logo_KME_RGB_small_200px.png\",\"width\":272,\"height\":200,\"caption\":\"KME\"},\"image\":{\"@id\":\"https:\\\/\\\/kme.eu\\\/kme\\\/es\\\/#\\\/schema\\\/logo\\\/image\\\/\"},\"sameAs\":[\"https:\\\/\\\/www.facebook.com\\\/KME.LPG\\\/\",\"https:\\\/\\\/www.instagram.com\\\/kme_lpg\\\/\"]}]}<\/script>\n<!-- \/ Yoast SEO plugin. -->","yoast_head_json":{"title":"e-Homologaciones - KME","robots":{"index":"index","follow":"follow","max-snippet":"max-snippet:-1","max-image-preview":"max-image-preview:large","max-video-preview":"max-video-preview:-1"},"canonical":"https:\/\/kme.eu\/kme\/es\/herramientas-de-taller\/e-homologaciones\/","og_locale":"es_ES","og_type":"article","og_title":"e-Homologaciones - KME","og_description":"[vc_row row_btt_skin=\u00bblight\u00bb row_background_text_position=\u00bbfront\u00bb][vc_column][vc_empty_space][\/vc_column][\/vc_row][vc_row row_content_width=\u00bbgrid\u00bb row_btt_skin=\u00bblight\u00bb row_background_text_position=\u00bbfront\u00bb row_skin=\u00bbdark\u00bb css=\u00bb.vc_custom_1594810882617{padding-top: 40px !important;padding-bottom: 50px !important;}\u00bb][vc_column offset=\u00bbvc_col-lg-offset-0 vc_col-lg-12 vc_col-md-offset-0 vc_col-md-12 vc_col-sm-offset-0&#8243;][\/vc_column][\/vc_row][vc_row row_content_width=\u00bbgrid\u00bb row_btt_skin=\u00bblight\u00bb enable_bg_pattern=\u00bbyes\u00bb row_background_text_position=\u00bbfront\u00bb row_skin=\u00bbdark\u00bb css=\u00bb.vc_custom_1556014711710{padding-top: 40px !important;padding-bottom: 50px !important;}\u00bb][vc_column offset=\u00bbvc_col-lg-offset-0 vc_col-lg-12 vc_col-md-offset-0 vc_col-md-12 vc_col-sm-offset-0&#8243;][\/vc_column][\/vc_row][vc_row row_btt_skin=\u00bblight\u00bb row_background_text_position=\u00bbfront\u00bb][vc_column][vc_empty_space][\/vc_column][\/vc_row][vc_row row_btt_skin=\u00bblight\u00bb row_background_text_position=\u00bbfront\u00bb][vc_column][vc_raw_js]JTNDc2NyaXB0JTNFJTBBalF1ZXJ5JTI4JTIwd2luZG93JTIwJTI5LmxvYWQlMjhmdW5jdGlvbiUyOCUyOSUyMCU3QiUwQSUyMCUyMHZhciUyMHBhcmVudCUyMCUzRCUyMCUyNCUyOCUyMiUyM3NodWZmbGUlMjIlMjkuY2hpbGRyZW4lMjglMjkuY2hpbGRyZW4lMjglMjkuY2hpbGRyZW4lMjglMjkuY2hpbGRyZW4lMjglMjkuY2hpbGRyZW4lMjglMjkuY2hpbGRyZW4lMjglMjkuY2hpbGRyZW4lMjglMjkuY2hpbGRyZW4lMjglMjklM0IlMEElMjAlMjB2YXIlMjBkaXZzJTIwJTNEJTIwcGFyZW50LmNoaWxkcmVuJTI4JTI5JTNCJTBBJTIwJTIwd2hpbGUlMjAlMjhkaXZzLmxlbmd0aCUyOSUyMCU3QiUwQSUyMCUyMCUyMCUyMCUyMCUyMCUyMCUyMHBhcmVudC5hcHBlbmQlMjhkaXZzLnNwbGljZSUyOE1hdGguZmxvb3IlMjhNYXRoLnJhbmRvbSUyOCUyOSUyMCUyQSUyMGRpdnMubGVuZ3RoJTI5JTJDJTIwMSUyOSU1QjAlNUQlMjklM0IlMEElMjAlMjAlN0QlMEElN0QlMjklM0IlMEElM0MlMkZzY3JpcHQlM0U=[\/vc_raw_js][\/vc_column][\/vc_row]","og_url":"https:\/\/kme.eu\/kme\/es\/herramientas-de-taller\/e-homologaciones\/","og_site_name":"KME","article_publisher":"https:\/\/www.facebook.com\/KME.LPG\/","article_modified_time":"2026-03-18T14:33:25+00:00","twitter_card":"summary_large_image","twitter_misc":{"Tiempo de lectura":"3 minutos"},"schema":{"@context":"https:\/\/schema.org","@graph":[{"@type":"WebPage","@id":"https:\/\/kme.eu\/kme\/es\/herramientas-de-taller\/e-homologaciones\/","url":"https:\/\/kme.eu\/kme\/es\/herramientas-de-taller\/e-homologaciones\/","name":"e-Homologaciones - KME","isPartOf":{"@id":"https:\/\/kme.eu\/kme\/es\/#website"},"datePublished":"2020-05-20T11:15:38+00:00","dateModified":"2026-03-18T14:33:25+00:00","breadcrumb":{"@id":"https:\/\/kme.eu\/kme\/es\/herramientas-de-taller\/e-homologaciones\/#breadcrumb"},"inLanguage":"es","potentialAction":[{"@type":"ReadAction","target":["https:\/\/kme.eu\/kme\/es\/herramientas-de-taller\/e-homologaciones\/"]}]},{"@type":"BreadcrumbList","@id":"https:\/\/kme.eu\/kme\/es\/herramientas-de-taller\/e-homologaciones\/#breadcrumb","itemListElement":[{"@type":"ListItem","position":1,"name":"Strona g\u0142\u00f3wna","item":"https:\/\/kme.eu\/kme\/es\/"},{"@type":"ListItem","position":2,"name":"Herramientas de taller","item":"https:\/\/kme.eu\/kme\/es\/herramientas-de-taller\/"},{"@type":"ListItem","position":3,"name":"e-Homologaciones"}]},{"@type":"WebSite","@id":"https:\/\/kme.eu\/kme\/es\/#website","url":"https:\/\/kme.eu\/kme\/es\/","name":"KME","description":"Autogas Systems","publisher":{"@id":"https:\/\/kme.eu\/kme\/es\/#organization"},"potentialAction":[{"@type":"SearchAction","target":{"@type":"EntryPoint","urlTemplate":"https:\/\/kme.eu\/kme\/es\/?s={search_term_string}"},"query-input":{"@type":"PropertyValueSpecification","valueRequired":true,"valueName":"search_term_string"}}],"inLanguage":"es"},{"@type":"Organization","@id":"https:\/\/kme.eu\/kme\/es\/#organization","name":"KME","url":"https:\/\/kme.eu\/kme\/es\/","logo":{"@type":"ImageObject","inLanguage":"es","@id":"https:\/\/kme.eu\/kme\/es\/#\/schema\/logo\/image\/","url":"https:\/\/kme.eu\/kme\/wp-content\/uploads\/2020\/04\/logo_KME_RGB_small_200px.png","contentUrl":"https:\/\/kme.eu\/kme\/wp-content\/uploads\/2020\/04\/logo_KME_RGB_small_200px.png","width":272,"height":200,"caption":"KME"},"image":{"@id":"https:\/\/kme.eu\/kme\/es\/#\/schema\/logo\/image\/"},"sameAs":["https:\/\/www.facebook.com\/KME.LPG\/","https:\/\/www.instagram.com\/kme_lpg\/"]}]}},"_links":{"self":[{"href":"https:\/\/kme.eu\/kme\/es\/wp-json\/wp\/v2\/pages\/6837","targetHints":{"allow":["GET"]}}],"collection":[{"href":"https:\/\/kme.eu\/kme\/es\/wp-json\/wp\/v2\/pages"}],"about":[{"href":"https:\/\/kme.eu\/kme\/es\/wp-json\/wp\/v2\/types\/page"}],"author":[{"embeddable":true,"href":"https:\/\/kme.eu\/kme\/es\/wp-json\/wp\/v2\/users\/7"}],"replies":[{"embeddable":true,"href":"https:\/\/kme.eu\/kme\/es\/wp-json\/wp\/v2\/comments?post=6837"}],"version-history":[{"count":0,"href":"https:\/\/kme.eu\/kme\/es\/wp-json\/wp\/v2\/pages\/6837\/revisions"}],"up":[{"embeddable":true,"href":"https:\/\/kme.eu\/kme\/es\/wp-json\/wp\/v2\/pages\/9543"}],"wp:attachment":[{"href":"https:\/\/kme.eu\/kme\/es\/wp-json\/wp\/v2\/media?parent=6837"}],"curies":[{"name":"wp","href":"https:\/\/api.w.org\/{rel}","templated":true}]}}