{"id":7186,"date":"2020-06-04T09:43:07","date_gmt":"2020-06-04T07:43:07","guid":{"rendered":"https:\/\/mucha.sobnet.eu\/kme\/?page_id=7186"},"modified":"2026-04-15T08:43:31","modified_gmt":"2026-04-15T06:43:31","slug":"warsztat-firmowy","status":"publish","type":"page","link":"https:\/\/kme.eu\/kme\/es\/contacto\/warsztat-firmowy\/","title":{"rendered":"Taller de la empresa"},"content":{"rendered":"<div class=\"wpb-content-wrapper\"><p>[vc_row row_content_width=\u00bbgrid\u00bb row_btt_skin=\u00bblight\u00bb row_background_text_position=\u00bbfront\u00bb row_skin=\u00bbdark\u00bb css=\u00bb.vc_custom_1556102851705{padding-top: 110px !important;padding-bottom: 30px !important;}\u00bb][vc_column]<div class=\"mkdf-elements-holder   mkdf-three-columns  mkdf-responsive-mode-1024 \" ><div class=\"mkdf-eh-item custom_small_h4 mkdf-vertical-alignment-top  \"  data-item-class=\"mkdf-eh-custom-2912\" data-1367-1600=\"0px 44px 0 74px\" data-1025-1366=\"0px 10px 0 33px\" data-769-1024=\"50px 440px 50px 1px\" data-681-768=\"50px 280px 50px 0px\" data-680=\"53px 50px 50px 0px\">\n\t<div class=\"mkdf-eh-item-inner\">\n\t\t<div class=\"mkdf-eh-item-content mkdf-eh-custom-2912\" style=\"padding: 0 37px 0 83px\">\n\t\t\t[vc_column_text]<\/p>\n<h2>Taller de la empresa:<\/h2>\n<p>[\/vc_column_text][vc_empty_space height=\u00bb14px\u00bb][vc_separator color=\u00bbcustom\u00bb css=\u00bb\u00bb accent_color=\u00bb#1A2F6F\u00bb][vc_empty_space height=\u00bb14px\u00bb]<div class=\"mkdf-iwt clearfix  mkdf-iwt-icon-left  mkdf-iwt-icon-tiny\" >\n\t<div class=\"mkdf-iwt-icon\">\n\t\t\t\t\t<a itemprop=\"url\" href=\"https:\/\/goo.gl\/maps\/LUednpKZp8G8s45S7\" target=\"_blank\">\n\t\t\t\t\t                <svg version=\"1.1\" id=\"Layer_1\" xmlns=\"http:\/\/www.w3.org\/2000\/svg\" xmlns:xlink=\"http:\/\/www.w3.org\/1999\/xlink\" x=\"0px\" y=\"0px\"\n\t width=\"15px\" height=\"18px\" viewBox=\"0 0 13 16\" style=\"enable-background:new 0 0 13 16;\" xml:space=\"preserve\">\n<style type=\"text\/css\">\n\t.st0{fill:#001659;}\n<\/style>\n<g>\n\t<path class=\"st0\" d=\"M11.8,2.8C10.6,1,8.7,0,6.5,0C4.3,0,2.4,1,1.2,2.8c-1.2,1.8-1.5,4-0.8,6c0.2,0.5,0.5,1.1,0.9,1.6L6,15.8\n\t\tC6.1,15.9,6.3,16,6.5,16c0.2,0,0.4-0.1,0.5-0.2l4.6-5.4c0.4-0.5,0.7-1,0.9-1.6C13.3,6.8,13.1,4.6,11.8,2.8z M11.4,8.3\n\t\tc-0.1,0.4-0.4,0.8-0.7,1.2l-4.2,4.9L2.3,9.5C2,9.1,1.8,8.7,1.6,8.3C1,6.7,1.3,4.9,2.2,3.5c1-1.4,2.5-2.2,4.3-2.2s3.3,0.8,4.3,2.2\n\t\tC11.7,4.9,12,6.7,11.4,8.3z\"\/>\n\t<path class=\"st0\" d=\"M6.5,3.3c-1.8,0-3.2,1.4-3.2,3.2s1.4,3.2,3.2,3.2c1.8,0,3.2-1.4,3.2-3.2S8.3,3.3,6.5,3.3z M8.4,6.5\n\t\tc0,1-0.8,1.9-1.9,1.9c-1,0-1.9-0.8-1.9-1.9s0.8-1.9,1.9-1.9C7.5,4.6,8.4,5.4,8.4,6.5z\"\/>\n<\/g>\n<\/svg>\n\t\t\t\t\t\t\t\t<\/a>\n\t\t\t<\/div>\n\t<div class=\"mkdf-iwt-content\" style=\"padding-left: 18px\">\n        \t\t\t\t\t<h4 class=\"mkdf-iwt-title\" >\n\t\t\t\t\t\t\t\t\t<a itemprop=\"url\" href=\"https:\/\/goo.gl\/maps\/LUednpKZp8G8s45S7\" target=\"_blank\">\n\t\t\t\t\t\t\t\t<span class=\"mkdf-iwt-title-text\">Alexandra 24\/26, 93-418 Lodz<\/span>\n\t\t\t\t\t\t\t\t\t<\/a>\n\t\t\t\t\t\t\t<\/h4>\n\t\t\t\t\t<\/div>\n<\/div>[vc_empty_space height=\u00bb8px\u00bb]<div class=\"mkdf-iwt clearfix  mkdf-iwt-icon-left  mkdf-iwt-icon-tiny\" >\n\t<div class=\"mkdf-iwt-icon\">\n\t\t\t\t\t<a itemprop=\"url\" href=\"tel:+48607227199\" target=\"_self\">\n\t\t\t\t\t                <svg version=\"1.1\" id=\"Layer_1\" xmlns=\"http:\/\/www.w3.org\/2000\/svg\" xmlns:xlink=\"http:\/\/www.w3.org\/1999\/xlink\" x=\"0px\" y=\"0px\"\n\t width=\"18px\" height=\"18px\" viewBox=\"0 0 16 16\" style=\"enable-background:new 0 0 16 16;\" xml:space=\"preserve\">\n<style type=\"text\/css\">\n\t.st0{fill:#12192D;}\n<\/style>\n<path class=\"st0\" d=\"M12.5,6.9c-0.3,0-0.6-0.2-0.6-0.5c-0.2-1.2-1.1-2-2.3-2.3C9.3,4,9.1,3.7,9.1,3.3C9.2,3,9.5,2.8,9.9,2.8\n\tC10.7,3,11.4,3.4,12,4c0.6,0.6,1,1.3,1.1,2.1c0.1,0.4-0.2,0.7-0.5,0.8C12.6,6.9,12.6,6.9,12.5,6.9z\"\/>\n<path class=\"st0\" d=\"M15.4,6.9c-0.3,0-0.6-0.2-0.6-0.6c-0.3-2.7-2.4-4.7-5-5c-0.4,0-0.6-0.4-0.6-0.7C9.2,0.2,9.5,0,9.8,0\n\tc1.6,0.2,3,0.9,4.2,2c1.1,1.1,1.8,2.6,2,4.2C16,6.5,15.8,6.8,15.4,6.9C15.4,6.9,15.4,6.9,15.4,6.9z\"\/>\n<path class=\"st0\" d=\"M13.2,16c-0.1,0-0.1,0-0.2,0c0,0,0,0,0,0c-2.3-0.2-4.5-1-6.4-2.3c-1.8-1.1-3.3-2.6-4.4-4.4C1,7.4,0.2,5.2,0,2.9\n\tc0,0,0,0,0,0c-0.1-1.1,0.7-2.1,1.9-2.2c0.1,0,0.1,0,0.2,0h2.1c1,0,1.9,0.7,2.1,1.8c0,0,0,0,0,0c0.1,0.6,0.2,1.2,0.5,1.8\n\tC7,5.1,6.8,5.9,6.2,6.5c0,0,0,0,0,0L5.7,7c0.8,1.3,2,2.5,3.3,3.3l0.5-0.5c0,0,0,0,0,0c0.6-0.6,1.4-0.7,2.2-0.5\n\tc0.6,0.2,1.2,0.4,1.8,0.5c0,0,0,0,0,0c1,0.1,1.8,1,1.8,2.1v2.1C15.3,15.1,14.4,16,13.2,16C13.2,16,13.2,16,13.2,16z M13.2,14.7\n\tC13.2,14.7,13.2,14.7,13.2,14.7c0.5,0,0.8-0.3,0.8-0.8v-2.1c0,0,0,0,0,0c0-0.4-0.3-0.7-0.7-0.8c-0.7-0.1-1.4-0.3-2.1-0.5\n\tc-0.3-0.1-0.6,0-0.8,0.2l-0.9,0.9c-0.2,0.2-0.5,0.2-0.8,0.1c-1.9-1.1-3.4-2.6-4.5-4.5C4.1,7,4.2,6.7,4.4,6.5l0.9-0.9\n\tC5.5,5.3,5.6,5,5.5,4.8C5.2,4.1,5,3.4,4.9,2.6C4.9,2.3,4.6,2,4.2,2c0,0,0,0,0,0H2.1C2,2,2,2,2,2C1.6,2,1.3,2.4,1.3,2.8\n\tc0.2,2.1,0.9,4.1,2.1,5.8c0,0,0,0,0,0c1,1.6,2.4,3,4,4c0,0,0,0,0,0C9.1,13.8,11.1,14.5,13.2,14.7z\"\/>\n<\/svg>\t\t\t\t\t\t\t\t<\/a>\n\t\t\t<\/div>\n\t<div class=\"mkdf-iwt-content\" style=\"padding-left: 14px\">\n        \t\t\t\t\t<h4 class=\"mkdf-iwt-title\" >\n\t\t\t\t\t\t\t\t\t<a itemprop=\"url\" href=\"tel:+48607227199\" target=\"_self\">\n\t\t\t\t\t\t\t\t<span class=\"mkdf-iwt-title-text\">tel. +48 607 227 199<\/span>\n\t\t\t\t\t\t\t\t\t<\/a>\n\t\t\t\t\t\t\t<\/h4>\n\t\t\t\t\t<\/div>\n<\/div>[vc_empty_space height=\u00bb5px\u00bb]<div class=\"mkdf-iwt clearfix  mkdf-iwt-icon-left  mkdf-iwt-icon-tiny\" >\n\t<div class=\"mkdf-iwt-icon\">\n\t\t\t\t\t<a itemprop=\"url\" href=\"mailto:warsztat@kme.eu\" target=\"_self\">\n\t\t\t\t\t                <svg version=\"1.1\" id=\"Layer_1\" xmlns=\"http:\/\/www.w3.org\/2000\/svg\" xmlns:xlink=\"http:\/\/www.w3.org\/1999\/xlink\" x=\"0px\" y=\"0px\"\n\twidth=\"18px\" height=\"18px\" viewBox=\"0 0 16 16\" style=\"enable-background:new 0 0 16 16;\" xml:space=\"preserve\">\n<style type=\"text\/css\">\n\t.st0{fill:#12192D;}\n<\/style>\n<path class=\"st0\" d=\"M13.7,2.3C12.1,0.8,10.1,0,8,0c0,0,0,0,0,0C5.9,0,3.9,0.8,2.3,2.3C0.8,3.9,0,5.9,0,8c0,2.1,0.8,4.1,2.3,5.7\n\tC3.9,15.2,5.9,16,8,16c0,0,0,0,0,0c1.7,0,3.5-0.6,4.9-1.6c0.3-0.2,0.3-0.6,0.1-0.9c-0.2-0.3-0.6-0.3-0.9-0.1\n\tc-1.2,0.9-2.6,1.4-4.1,1.4h0c-1.8,0-3.5-0.7-4.7-2c-1.3-1.3-2-3-2-4.7c0-3.7,3-6.7,6.7-6.7h0c3.7,0,6.7,3,6.7,6.7v0.7\n\tc0,0.9-0.7,1.6-1.6,1.6c-0.9,0-1.6-0.7-1.6-1.6V8l0,0c0-2-1.6-3.6-3.6-3.6C6,4.4,4.4,6,4.4,8S6,11.6,8,11.6c1.1,0,2.1-0.5,2.8-1.3\n\tc0.5,0.8,1.4,1.3,2.4,1.3c1.6,0,2.9-1.3,2.9-2.9V8C16,5.9,15.2,3.9,13.7,2.3z M8,10.3c-1.3,0-2.3-1-2.3-2.3s1-2.3,2.3-2.3\n\tc1.3,0,2.3,1,2.3,2.3S9.3,10.3,8,10.3z\"\/>\n<\/svg>\n\t\t\t\t\t\t\t\t<\/a>\n\t\t\t<\/div>\n\t<div class=\"mkdf-iwt-content\" style=\"padding-left: 14px\">\n        \t\t\t\t\t<h4 class=\"mkdf-iwt-title\" >\n\t\t\t\t\t\t\t\t\t<a itemprop=\"url\" href=\"mailto:warsztat@kme.eu\" target=\"_self\">\n\t\t\t\t\t\t\t\t<span class=\"mkdf-iwt-title-text\">warsztat@kme.eu<\/span>\n\t\t\t\t\t\t\t\t\t<\/a>\n\t\t\t\t\t\t\t<\/h4>\n\t\t\t\t\t<\/div>\n<\/div>\t\t<\/div>\n\t<\/div>\n<\/div><div class=\"mkdf-eh-item    \"  data-item-class=\"mkdf-eh-custom-3875\" data-1367-1600=\"0px 44px 0 74px\" data-1025-1366=\"0px 10px 0 33px\" data-769-1024=\"50px 440px 50px 1px\" data-681-768=\"50px 280px 50px 0px\" data-680=\"53px 50px 50px 0px\">\n\t<div class=\"mkdf-eh-item-inner\">\n\t\t<div class=\"mkdf-eh-item-content mkdf-eh-custom-3875\" style=\"padding: 0 37px 0 83px\">\n\t\t\t<div class=\"mkdf-iwt clearfix  mkdf-iwt-icon-top  mkdf-iwt-icon-medium\" >\n\t<div class=\"mkdf-iwt-icon\">\n\t\t\t\t\t<a itemprop=\"url\" href=\"\/kme\/es\/la-pagina-general\/realizaciones\/\" target=\"_self\">\n\t\t\t\t\t\t\t\t\t<img loading=\"lazy\" decoding=\"async\" width=\"94\" height=\"62\" src=\"https:\/\/kme.eu\/kme\/wp-content\/uploads\/2020\/07\/ikona_realizacje.png\" class=\"attachment-full size-full\" alt=\"\" \/>                \t\t\t\t\t<\/a>\n\t\t\t<\/div>\n\t<div class=\"mkdf-iwt-content\" style=\"padding-top: 22px\">\n                    <p class=\"mkdf-iwt-caption\" >Stop smog, start LPG<\/p>\n        \t\t\t\t\t<h4 class=\"mkdf-iwt-title\" style=\"margin-top: -4px\">\n\t\t\t\t\t\t\t\t\t<a itemprop=\"url\" href=\"\/kme\/es\/la-pagina-general\/realizaciones\/\" target=\"_self\">\n\t\t\t\t\t\t\t\t<span class=\"mkdf-iwt-title-text\">Proyectos<\/span>\n\t\t\t\t\t\t\t\t\t<\/a>\n\t\t\t\t\t\t\t<\/h4>\n\t\t\t\t\t\t\t<p class=\"mkdf-iwt-text\" style=\"margin-top: 14px\">Observa c\u00f3mo se desarrolla el taller de la empresa. Encuentra algo que te guste.<\/p>\n\t\t\t<\/div>\n<\/div>\t\t<\/div>\n\t<\/div>\n<\/div><div class=\"mkdf-eh-item    \"  data-item-class=\"mkdf-eh-custom-2096\" data-1367-1600=\"15px 44px 0 69px\" data-1025-1366=\"15px 0px 0 53px\" data-769-1024=\"0px 440px 22px 0px\" data-681-768=\"0px 280px 22px 0px\" data-680=\"0px 50px 22px 0px\">\n\t<div class=\"mkdf-eh-item-inner\">\n\t\t<div class=\"mkdf-eh-item-content mkdf-eh-custom-2096\" style=\"padding: 15px 29px 0 90px\">\n\t\t\t<div class=\"mkdf-iwt clearfix  mkdf-iwt-icon-top  mkdf-iwt-icon-medium\" >\n\t<div class=\"mkdf-iwt-icon\">\n\t\t\t\t\t<a itemprop=\"url\" href=\"\/kme\/es\/herramientas-de-conductor\/calculadora-glp\/\" target=\"_self\">\n\t\t\t\t\t\t\t\t\t<img loading=\"lazy\" decoding=\"async\" width=\"94\" height=\"62\" src=\"https:\/\/kme.eu\/kme\/wp-content\/uploads\/2020\/07\/ikona_kalkulator.png\" class=\"attachment-full size-full\" alt=\"\" \/>                \t\t\t\t\t<\/a>\n\t\t\t<\/div>\n\t<div class=\"mkdf-iwt-content\" style=\"padding-top: 22px\">\n                    <p class=\"mkdf-iwt-caption\" >Stop smog, start LPG<\/p>\n        \t\t\t\t\t<h4 class=\"mkdf-iwt-title\" style=\"margin-top: -4px\">\n\t\t\t\t\t\t\t\t\t<a itemprop=\"url\" href=\"\/kme\/es\/herramientas-de-conductor\/calculadora-glp\/\" target=\"_self\">\n\t\t\t\t\t\t\t\t<span class=\"mkdf-iwt-title-text\">Calculadora de GLP<\/span>\n\t\t\t\t\t\t\t\t\t<\/a>\n\t\t\t\t\t\t\t<\/h4>\n\t\t\t\t\t\t\t<p class=\"mkdf-iwt-text\" style=\"margin-top: 14px\">Descubre cu\u00e1nto puedes ahorrar con un sistema completo de GLP de KME.<\/p>\n\t\t\t<\/div>\n<\/div>\t\t<\/div>\n\t<\/div>\n<\/div><\/div>[\/vc_column][\/vc_row][vc_row row_content_width=\u00bbgrid\u00bb row_btt_skin=\u00bblight\u00bb row_background_text_position=\u00bbfront\u00bb row_skin=\u00bbdark\u00bb css=\u00bb.vc_custom_1556102995046{padding-bottom: 122px !important;}\u00bb][vc_column]<div class=\"mkdf-elements-holder   mkdf-three-columns  mkdf-responsive-mode-1024 \" ><div class=\"mkdf-eh-item    \"  data-item-class=\"mkdf-eh-custom-8189\" data-1367-1600=\"15px 44px 0 74px\" data-1025-1366=\"15px 10px 0 33px\" data-769-1024=\"50px 440px 50px 1px\" data-681-768=\"50px 280px 50px 0px\" data-680=\"53px 50px 53px 0px\">\n\t<div class=\"mkdf-eh-item-inner\">\n\t\t<div class=\"mkdf-eh-item-content mkdf-eh-custom-8189\" style=\"padding: 15px 34px 0 84px\">\n\t\t\t<div class=\"mkdf-iwt clearfix  mkdf-iwt-icon-top  mkdf-iwt-icon-medium\" >\n\t<div class=\"mkdf-iwt-icon\">\n\t\t\t\t\t<a itemprop=\"url\" href=\"\/kme\/es\/herramientas-de-conductor\/faq\/\" target=\"_self\">\n\t\t\t\t\t\t\t\t\t<img loading=\"lazy\" decoding=\"async\" width=\"94\" height=\"62\" src=\"https:\/\/kme.eu\/kme\/wp-content\/uploads\/2020\/07\/ikona_faq.png\" class=\"attachment-full size-full\" alt=\"\" \/>                \t\t\t\t\t<\/a>\n\t\t\t<\/div>\n\t<div class=\"mkdf-iwt-content\" style=\"padding-top: 22px\">\n                    <p class=\"mkdf-iwt-caption\" >Stop smog, start LPG<\/p>\n        \t\t\t\t\t<h4 class=\"mkdf-iwt-title\" style=\"margin-top: -4px\">\n\t\t\t\t\t\t\t\t\t<a itemprop=\"url\" href=\"\/kme\/es\/herramientas-de-conductor\/faq\/\" target=\"_self\">\n\t\t\t\t\t\t\t\t<span class=\"mkdf-iwt-title-text\">FAQ<\/span>\n\t\t\t\t\t\t\t\t\t<\/a>\n\t\t\t\t\t\t\t<\/h4>\n\t\t\t\t\t\t\t<p class=\"mkdf-iwt-text\" style=\"margin-top: 14px\">Preguntas y respuestas frecuentes.<\/p>\n\t\t\t<\/div>\n<\/div>\t\t<\/div>\n\t<\/div>\n<\/div><div class=\"mkdf-eh-item    \"  data-item-class=\"mkdf-eh-custom-3131\" data-1367-1600=\"0px 40px 0 73px\" data-1025-1366=\"0px 54px 0 0\" data-769-1024=\"0 440px 0 0\" data-681-768=\"0 280px 0 0\" data-680=\"0 50px 0 0\">\n\t<div class=\"mkdf-eh-item-inner\">\n\t\t<div class=\"mkdf-eh-item-content mkdf-eh-custom-3131\" style=\"padding: 0 44px 0 76px\">\n\t\t\t<div class=\"mkdf-iwt clearfix  mkdf-iwt-icon-top  mkdf-iwt-icon-medium\" >\n\t<div class=\"mkdf-iwt-icon\">\n\t\t\t\t\t<a itemprop=\"url\" href=\"\/kme\/es\/herramientas-de-conductor\/encuentra-un-taller-en-polonia\/\" target=\"_self\">\n\t\t\t\t\t\t\t\t\t<img loading=\"lazy\" decoding=\"async\" width=\"94\" height=\"62\" src=\"https:\/\/kme.eu\/kme\/wp-content\/uploads\/2020\/07\/ikona_znajdz.png\" class=\"attachment-full size-full\" alt=\"\" \/>                \t\t\t\t\t<\/a>\n\t\t\t<\/div>\n\t<div class=\"mkdf-iwt-content\" style=\"padding-top: 22px\">\n                    <p class=\"mkdf-iwt-caption\" >Stop smog, start LPG<\/p>\n        \t\t\t\t\t<h4 class=\"mkdf-iwt-title\" style=\"margin-top: -4px\">\n\t\t\t\t\t\t\t\t\t<a itemprop=\"url\" href=\"\/kme\/es\/herramientas-de-conductor\/encuentra-un-taller-en-polonia\/\" target=\"_self\">\n\t\t\t\t\t\t\t\t<span class=\"mkdf-iwt-title-text\">Encuentra un taller en Polonia<\/span>\n\t\t\t\t\t\t\t\t\t<\/a>\n\t\t\t\t\t\t\t<\/h4>\n\t\t\t\t\t\t\t<p class=\"mkdf-iwt-text\" style=\"margin-top: 14px\">Talleres recomendados donde se puede instalar un sistema de GLP KME.<\/p>\n\t\t\t<\/div>\n<\/div>\t\t<\/div>\n\t<\/div>\n<\/div><div class=\"mkdf-eh-item    \"  data-item-class=\"mkdf-eh-custom-4193\" data-1367-1600=\"0px 44px 0 70px\" data-1025-1366=\"0px 0px 0 53px\" data-769-1024=\"0 440px 0 1px\" data-681-768=\"0 280px 0 0px\" data-680=\"0 50px 0 0px\">\n\t<div class=\"mkdf-eh-item-inner\">\n\t\t<div class=\"mkdf-eh-item-content mkdf-eh-custom-4193\" style=\"padding: 0 29px 0 90px\">\n\t\t\t<div class=\"mkdf-iwt clearfix  mkdf-iwt-icon-top  mkdf-iwt-icon-medium\" >\n\t<div class=\"mkdf-iwt-icon\">\n\t\t\t\t\t<a itemprop=\"url\" href=\"\/kme\/es\/productos\/\" target=\"_self\">\n\t\t\t\t\t\t\t\t\t<img loading=\"lazy\" decoding=\"async\" width=\"94\" height=\"62\" src=\"https:\/\/kme.eu\/kme\/wp-content\/uploads\/2020\/07\/ikona_produkty.png\" class=\"attachment-full size-full\" alt=\"\" \/>                \t\t\t\t\t<\/a>\n\t\t\t<\/div>\n\t<div class=\"mkdf-iwt-content\" style=\"padding-top: 22px\">\n                    <p class=\"mkdf-iwt-caption\" >Stop smog, start LPG<\/p>\n        \t\t\t\t\t<h4 class=\"mkdf-iwt-title\" style=\"margin-top: -4px\">\n\t\t\t\t\t\t\t\t\t<a itemprop=\"url\" href=\"\/kme\/es\/productos\/\" target=\"_self\">\n\t\t\t\t\t\t\t\t<span class=\"mkdf-iwt-title-text\">Productos<\/span>\n\t\t\t\t\t\t\t\t\t<\/a>\n\t\t\t\t\t\t\t<\/h4>\n\t\t\t\t\t\t\t<p class=\"mkdf-iwt-text\" style=\"margin-top: 14px\">Consulta las \u00faltimas ofertas y elige la que mejor se adapte a ti.<\/p>\n\t\t\t<\/div>\n<\/div>\t\t<\/div>\n\t<\/div>\n<\/div><\/div>[\/vc_column][\/vc_row][vc_row row_btt_skin=\u00bblight\u00bb row_background_text_position=\u00bbfront\u00bb][vc_column][\/vc_column][\/vc_row][vc_row row_btt_skin=\u00bblight\u00bb row_background_text_position=\u00bbfront\u00bb][vc_column]<div class=\"mkdf-elements-holder   mkdf-one-column  mkdf-responsive-mode-768 \" ><div class=\"mkdf-eh-item    \"  data-item-class=\"mkdf-eh-custom-6007\">\n\t<div class=\"mkdf-eh-item-inner\">\n\t\t<div class=\"mkdf-eh-item-content mkdf-eh-custom-6007\" >\n\t\t\t[vc_column_text]<\/p>\n<h4 style=\"text-align: center;\">D\u00f3nde estamos<br \/>\n<div class=\"mkdf-separator-holder clearfix  mkdf-separator-center mkdf-separator-normal\">\n\t<div class=\"mkdf-separator\" ><\/div>\n<\/div>\n<\/h4>\n<p>[\/vc_column_text][vc_gmaps link=\u00bb#E-8_JTNDaWZyYW1lJTIwc3JjJTNEJTIyaHR0cHMlM0ElMkYlMkZ3d3cuZ29vZ2xlLmNvbSUyRm1hcHMlMkZlbWJlZCUzRnBiJTNEJTIxMW0xNCUyMTFtOCUyMTFtMyUyMTFkOTg4OC4yNTk2MTQ3MjY1NDElMjEyZDE5LjQ0MjAwNDglMjEzZDUxLjcxMzU1NTElMjEzbTIlMjExaTEwMjQlMjEyaTc2OCUyMTRmMTMuMSUyMTNtMyUyMTFtMiUyMTFzMHgwJTI1M0EweGQ0OTkyOGZlZjcxMGIzYTIlMjEyc0tNRSUyNTIwU3AuJTI1MjB6JTI1MjBvLm8uJTIxNWUwJTIxM20yJTIxMXNwbCUyMTJzcGwlMjE0djE1ODc4Mzk1MzgzMjklMjE1bTIlMjExc3BsJTIxMnNwbCUyMiUyMHdpZHRoJTNEJTIyNjAwJTIyJTIwaGVpZ2h0JTNEJTIyNDUwJTIyJTIwZnJhbWVib3JkZXIlM0QlMjIwJTIyJTIwc3R5bGUlM0QlMjJib3JkZXIlM0EwJTNCJTIyJTIwYWxsb3dmdWxsc2NyZWVuJTNEJTIyJTIyJTIwYXJpYS1oaWRkZW4lM0QlMjJmYWxzZSUyMiUyMHRhYmluZGV4JTNEJTIyMCUyMiUzRSUzQyUyRmlmcmFtZSUzRQ==\u00bb css_animation=\u00bbfadeInLeft\u00bb]\t\t<\/div>\n\t<\/div>\n<\/div><\/div>[\/vc_column][\/vc_row]<\/p>\n<\/div>","protected":false},"excerpt":{"rendered":"<p>[vc_row row_content_width=\u00bbgrid\u00bb row_btt_skin=\u00bblight\u00bb row_background_text_position=\u00bbfront\u00bb row_skin=\u00bbdark\u00bb css=\u00bb.vc_custom_1556102851705{padding-top: 110px !important;padding-bottom: 30px !important;}\u00bb][vc_column][\/vc_column][\/vc_row][vc_row row_content_width=\u00bbgrid\u00bb row_btt_skin=\u00bblight\u00bb row_background_text_position=\u00bbfront\u00bb row_skin=\u00bbdark\u00bb css=\u00bb.vc_custom_1556102995046{padding-bottom: 122px !important;}\u00bb][vc_column][\/vc_column][\/vc_row][vc_row row_btt_skin=\u00bblight\u00bb row_background_text_position=\u00bbfront\u00bb][vc_column][\/vc_column][\/vc_row][vc_row row_btt_skin=\u00bblight\u00bb row_background_text_position=\u00bbfront\u00bb][vc_column][\/vc_column][\/vc_row]<\/p>\n","protected":false},"author":7,"featured_media":0,"parent":9240,"menu_order":1,"comment_status":"closed","ping_status":"closed","template":"full-width.php","meta":{"footnotes":""},"class_list":["post-7186","page","type-page","status-publish","hentry"],"acf":[],"yoast_head":"<!-- This site is optimized with the Yoast SEO plugin v27.4 - https:\/\/yoast.com\/product\/yoast-seo-wordpress\/ -->\n<title>Taller de la empresa - KME<\/title>\n<meta name=\"description\" content=\"Wir laden Sie ein, LPG-Systeme in der Werkstatt der Firma KME sp. z o. o. in \u0141\u00f3d\u017a, ul. Aleksandra 24\/26, installieren zu lassen.\" \/>\n<meta name=\"robots\" content=\"index, follow, max-snippet:-1, max-image-preview:large, max-video-preview:-1\" \/>\n<link rel=\"canonical\" href=\"https:\/\/kme.eu\/kme\/es\/contacto\/warsztat-firmowy\/\" \/>\n<meta property=\"og:locale\" content=\"es_ES\" \/>\n<meta property=\"og:type\" content=\"article\" \/>\n<meta property=\"og:title\" content=\"Taller de la empresa - KME\" \/>\n<meta property=\"og:description\" content=\"Wir laden Sie ein, LPG-Systeme in der Werkstatt der Firma KME sp. z o. o. in \u0141\u00f3d\u017a, ul. Aleksandra 24\/26, installieren zu lassen.\" \/>\n<meta property=\"og:url\" content=\"https:\/\/kme.eu\/kme\/es\/contacto\/warsztat-firmowy\/\" \/>\n<meta property=\"og:site_name\" content=\"KME\" \/>\n<meta property=\"article:publisher\" content=\"https:\/\/www.facebook.com\/KME.LPG\/\" \/>\n<meta property=\"article:modified_time\" content=\"2026-04-15T06:43:31+00:00\" \/>\n<meta name=\"twitter:card\" content=\"summary_large_image\" \/>\n<meta name=\"twitter:label1\" content=\"Tiempo de lectura\" \/>\n\t<meta name=\"twitter:data1\" content=\"3 minutos\" \/>\n<script type=\"application\/ld+json\" class=\"yoast-schema-graph\">{\"@context\":\"https:\\\/\\\/schema.org\",\"@graph\":[{\"@type\":\"WebPage\",\"@id\":\"https:\\\/\\\/kme.eu\\\/kme\\\/es\\\/contacto\\\/warsztat-firmowy\\\/\",\"url\":\"https:\\\/\\\/kme.eu\\\/kme\\\/es\\\/contacto\\\/warsztat-firmowy\\\/\",\"name\":\"Taller de la empresa - KME\",\"isPartOf\":{\"@id\":\"https:\\\/\\\/kme.eu\\\/kme\\\/es\\\/#website\"},\"datePublished\":\"2020-06-04T07:43:07+00:00\",\"dateModified\":\"2026-04-15T06:43:31+00:00\",\"description\":\"Wir laden Sie ein, LPG-Systeme in der Werkstatt der Firma KME sp. z o. o. in \u0141\u00f3d\u017a, ul. Aleksandra 24\\\/26, installieren zu lassen.\",\"breadcrumb\":{\"@id\":\"https:\\\/\\\/kme.eu\\\/kme\\\/es\\\/contacto\\\/warsztat-firmowy\\\/#breadcrumb\"},\"inLanguage\":\"es\",\"potentialAction\":[{\"@type\":\"ReadAction\",\"target\":[\"https:\\\/\\\/kme.eu\\\/kme\\\/es\\\/contacto\\\/warsztat-firmowy\\\/\"]}]},{\"@type\":\"BreadcrumbList\",\"@id\":\"https:\\\/\\\/kme.eu\\\/kme\\\/es\\\/contacto\\\/warsztat-firmowy\\\/#breadcrumb\",\"itemListElement\":[{\"@type\":\"ListItem\",\"position\":1,\"name\":\"Strona g\u0142\u00f3wna\",\"item\":\"https:\\\/\\\/kme.eu\\\/kme\\\/es\\\/\"},{\"@type\":\"ListItem\",\"position\":2,\"name\":\"Contacto\",\"item\":\"https:\\\/\\\/kme.eu\\\/kme\\\/es\\\/contacto\\\/\"},{\"@type\":\"ListItem\",\"position\":3,\"name\":\"Taller de la empresa\"}]},{\"@type\":\"WebSite\",\"@id\":\"https:\\\/\\\/kme.eu\\\/kme\\\/es\\\/#website\",\"url\":\"https:\\\/\\\/kme.eu\\\/kme\\\/es\\\/\",\"name\":\"KME\",\"description\":\"Autogas Systems\",\"publisher\":{\"@id\":\"https:\\\/\\\/kme.eu\\\/kme\\\/es\\\/#organization\"},\"potentialAction\":[{\"@type\":\"SearchAction\",\"target\":{\"@type\":\"EntryPoint\",\"urlTemplate\":\"https:\\\/\\\/kme.eu\\\/kme\\\/es\\\/?s={search_term_string}\"},\"query-input\":{\"@type\":\"PropertyValueSpecification\",\"valueRequired\":true,\"valueName\":\"search_term_string\"}}],\"inLanguage\":\"es\"},{\"@type\":\"Organization\",\"@id\":\"https:\\\/\\\/kme.eu\\\/kme\\\/es\\\/#organization\",\"name\":\"KME\",\"url\":\"https:\\\/\\\/kme.eu\\\/kme\\\/es\\\/\",\"logo\":{\"@type\":\"ImageObject\",\"inLanguage\":\"es\",\"@id\":\"https:\\\/\\\/kme.eu\\\/kme\\\/es\\\/#\\\/schema\\\/logo\\\/image\\\/\",\"url\":\"https:\\\/\\\/kme.eu\\\/kme\\\/wp-content\\\/uploads\\\/2020\\\/04\\\/logo_KME_RGB_small_200px.png\",\"contentUrl\":\"https:\\\/\\\/kme.eu\\\/kme\\\/wp-content\\\/uploads\\\/2020\\\/04\\\/logo_KME_RGB_small_200px.png\",\"width\":272,\"height\":200,\"caption\":\"KME\"},\"image\":{\"@id\":\"https:\\\/\\\/kme.eu\\\/kme\\\/es\\\/#\\\/schema\\\/logo\\\/image\\\/\"},\"sameAs\":[\"https:\\\/\\\/www.facebook.com\\\/KME.LPG\\\/\",\"https:\\\/\\\/www.instagram.com\\\/kme_lpg\\\/\"]}]}<\/script>\n<!-- \/ Yoast SEO plugin. -->","yoast_head_json":{"title":"Taller de la empresa - KME","description":"Wir laden Sie ein, LPG-Systeme in der Werkstatt der Firma KME sp. z o. o. in \u0141\u00f3d\u017a, ul. Aleksandra 24\/26, installieren zu lassen.","robots":{"index":"index","follow":"follow","max-snippet":"max-snippet:-1","max-image-preview":"max-image-preview:large","max-video-preview":"max-video-preview:-1"},"canonical":"https:\/\/kme.eu\/kme\/es\/contacto\/warsztat-firmowy\/","og_locale":"es_ES","og_type":"article","og_title":"Taller de la empresa - KME","og_description":"Wir laden Sie ein, LPG-Systeme in der Werkstatt der Firma KME sp. z o. o. in \u0141\u00f3d\u017a, ul. Aleksandra 24\/26, installieren zu lassen.","og_url":"https:\/\/kme.eu\/kme\/es\/contacto\/warsztat-firmowy\/","og_site_name":"KME","article_publisher":"https:\/\/www.facebook.com\/KME.LPG\/","article_modified_time":"2026-04-15T06:43:31+00:00","twitter_card":"summary_large_image","twitter_misc":{"Tiempo de lectura":"3 minutos"},"schema":{"@context":"https:\/\/schema.org","@graph":[{"@type":"WebPage","@id":"https:\/\/kme.eu\/kme\/es\/contacto\/warsztat-firmowy\/","url":"https:\/\/kme.eu\/kme\/es\/contacto\/warsztat-firmowy\/","name":"Taller de la empresa - KME","isPartOf":{"@id":"https:\/\/kme.eu\/kme\/es\/#website"},"datePublished":"2020-06-04T07:43:07+00:00","dateModified":"2026-04-15T06:43:31+00:00","description":"Wir laden Sie ein, LPG-Systeme in der Werkstatt der Firma KME sp. z o. o. in \u0141\u00f3d\u017a, ul. Aleksandra 24\/26, installieren zu lassen.","breadcrumb":{"@id":"https:\/\/kme.eu\/kme\/es\/contacto\/warsztat-firmowy\/#breadcrumb"},"inLanguage":"es","potentialAction":[{"@type":"ReadAction","target":["https:\/\/kme.eu\/kme\/es\/contacto\/warsztat-firmowy\/"]}]},{"@type":"BreadcrumbList","@id":"https:\/\/kme.eu\/kme\/es\/contacto\/warsztat-firmowy\/#breadcrumb","itemListElement":[{"@type":"ListItem","position":1,"name":"Strona g\u0142\u00f3wna","item":"https:\/\/kme.eu\/kme\/es\/"},{"@type":"ListItem","position":2,"name":"Contacto","item":"https:\/\/kme.eu\/kme\/es\/contacto\/"},{"@type":"ListItem","position":3,"name":"Taller de la empresa"}]},{"@type":"WebSite","@id":"https:\/\/kme.eu\/kme\/es\/#website","url":"https:\/\/kme.eu\/kme\/es\/","name":"KME","description":"Autogas Systems","publisher":{"@id":"https:\/\/kme.eu\/kme\/es\/#organization"},"potentialAction":[{"@type":"SearchAction","target":{"@type":"EntryPoint","urlTemplate":"https:\/\/kme.eu\/kme\/es\/?s={search_term_string}"},"query-input":{"@type":"PropertyValueSpecification","valueRequired":true,"valueName":"search_term_string"}}],"inLanguage":"es"},{"@type":"Organization","@id":"https:\/\/kme.eu\/kme\/es\/#organization","name":"KME","url":"https:\/\/kme.eu\/kme\/es\/","logo":{"@type":"ImageObject","inLanguage":"es","@id":"https:\/\/kme.eu\/kme\/es\/#\/schema\/logo\/image\/","url":"https:\/\/kme.eu\/kme\/wp-content\/uploads\/2020\/04\/logo_KME_RGB_small_200px.png","contentUrl":"https:\/\/kme.eu\/kme\/wp-content\/uploads\/2020\/04\/logo_KME_RGB_small_200px.png","width":272,"height":200,"caption":"KME"},"image":{"@id":"https:\/\/kme.eu\/kme\/es\/#\/schema\/logo\/image\/"},"sameAs":["https:\/\/www.facebook.com\/KME.LPG\/","https:\/\/www.instagram.com\/kme_lpg\/"]}]}},"_links":{"self":[{"href":"https:\/\/kme.eu\/kme\/es\/wp-json\/wp\/v2\/pages\/7186","targetHints":{"allow":["GET"]}}],"collection":[{"href":"https:\/\/kme.eu\/kme\/es\/wp-json\/wp\/v2\/pages"}],"about":[{"href":"https:\/\/kme.eu\/kme\/es\/wp-json\/wp\/v2\/types\/page"}],"author":[{"embeddable":true,"href":"https:\/\/kme.eu\/kme\/es\/wp-json\/wp\/v2\/users\/7"}],"replies":[{"embeddable":true,"href":"https:\/\/kme.eu\/kme\/es\/wp-json\/wp\/v2\/comments?post=7186"}],"version-history":[{"count":0,"href":"https:\/\/kme.eu\/kme\/es\/wp-json\/wp\/v2\/pages\/7186\/revisions"}],"up":[{"embeddable":true,"href":"https:\/\/kme.eu\/kme\/es\/wp-json\/wp\/v2\/pages\/9240"}],"wp:attachment":[{"href":"https:\/\/kme.eu\/kme\/es\/wp-json\/wp\/v2\/media?parent=7186"}],"curies":[{"name":"wp","href":"https:\/\/api.w.org\/{rel}","templated":true}]}}