{"id":9552,"date":"2026-03-25T11:01:33","date_gmt":"2026-03-25T10:01:33","guid":{"rendered":"https:\/\/kme.eu\/kme\/?page_id=9552"},"modified":"2026-03-25T11:01:48","modified_gmt":"2026-03-25T10:01:48","slug":"iso","status":"publish","type":"page","link":"https:\/\/kme.eu\/kme\/es\/o_nas-3\/iso\/","title":{"rendered":"ISO"},"content":{"rendered":"<div class=\"wpb-content-wrapper\"><p>[vc_row row_content_width=\u00bbgrid\u00bb row_btt_skin=\u00bblight\u00bb row_background_text_position=\u00bbfront\u00bb][vc_column][vc_empty_space][vc_column_text el_class=\u00bbjustowanie_tekst\u00bb]Con el fin de lograr el nivel adecuado de confianza entre nuestros clientes y garantizar una gesti\u00f3n eficaz de la calidad, en abril de 2002 se implant\u00f3 un sistema documentado de gesti\u00f3n de la calidad, conforme a los requisitos de las normas internacionales de la serie ISO 9000.[\/vc_column_text][\/vc_column][\/vc_row][vc_row content_placement=\u00bbmiddle\u00bb row_content_width=\u00bbgrid\u00bb row_btt_skin=\u00bblight\u00bb row_background_text_position=\u00bbfront\u00bb][vc_column width=\u00bb1\/6&#8243;][vc_single_image image=\u00bb7895&#8243; alignment=\u00bbcenter\u00bb css=\u00bb.vc_custom_1594367171268{padding-top: 10px !important;}\u00bb][\/vc_column][vc_column width=\u00bb5\/6&#8243;][vc_column_text el_class=\u00bbjustowanie_tekst\u00bb]En 2003, tras la realizaci\u00f3n de una auditor\u00eda por parte de la entidad certificadora T\u00dcV Management Service GmbH, KME Sp. S.L., ha obtenido el certificado del sistema de calidad en el \u00e1mbito del <strong>\u00abDise\u00f1o, fabricaci\u00f3n y venta de equipos electr\u00f3nicos, mazos de cables y dispositivos mec\u00e1nicos, en particular para sistemas de control de alimentaci\u00f3n de gas para autom\u00f3viles\u00bb<\/strong>, que acredita el cumplimiento de los requisitos de la norma ISO 9001,<\/p>\n<p>En 2017, adaptamos nuestro Sistema de Gesti\u00f3n de la Calidad vigente a los requisitos de la nueva <strong>norma ISO 9001:2015<\/strong>.[\/vc_column_text][\/vc_column][\/vc_row][vc_row row_content_width=\u00bbgrid\u00bb row_btt_skin=\u00bblight\u00bb row_background_text_position=\u00bbfront\u00bb][vc_column][vc_column_text el_class=\u00bbjustowanie_tekst\u00bb]Con el objetivo de satisfacer en todo momento las expectativas y necesidades de nuestros clientes, nos preocupamos sistem\u00e1ticamente por el desarrollo y el mantenimiento de las competencias de nuestro personal, e invertimos en la infraestructura t\u00e9cnica de la empresa y en el desarrollo de los procesos tecnol\u00f3gicos, lo que nos permite alcanzar altos est\u00e1ndares de calidad, t\u00e9cnicos y organizativos.<\/p>\n<p>La innovaci\u00f3n y la calidad de los productos que ofrecemos, la adaptaci\u00f3n de nuestra oferta a las expectativas de los clientes y a sus requisitos espec\u00edficos, as\u00ed como los altos est\u00e1ndares de atenci\u00f3n al cliente, son los puntos fuertes de nuestra empresa.[\/vc_column_text][vc_empty_space][vc_separator][vc_empty_space][\/vc_column][\/vc_row][vc_row row_content_width=\u00bbgrid\u00bb row_btt_skin=\u00bblight\u00bb content_text_aligment=\u00bbcenter\u00bb row_background_text_position=\u00bbfront\u00bb][vc_column width=\u00bb1\/3&#8243;][vc_single_image image=\u00bb8562&#8243; img_size=\u00bbmedium\u00bb alignment=\u00bbcenter\u00bb onclick=\u00bblink_image\u00bb][\/vc_column][vc_column width=\u00bb1\/3&#8243;][vc_single_image image=\u00bb14684&#8243; img_size=\u00bbmedium\u00bb alignment=\u00bbcenter\u00bb onclick=\u00bblink_image\u00bb][\/vc_column][vc_column width=\u00bb1\/3&#8243;][vc_single_image image=\u00bb7820&#8243; img_size=\u00bbmedium\u00bb alignment=\u00bbcenter\u00bb onclick=\u00bblink_image\u00bb][\/vc_column][\/vc_row][vc_row row_content_width=\u00bbgrid\u00bb row_btt_skin=\u00bblight\u00bb row_background_text_position=\u00bbfront\u00bb][vc_column][vc_empty_space][\/vc_column][\/vc_row]<\/p>\n<\/div>","protected":false},"excerpt":{"rendered":"<p>[vc_row row_content_width=\u00bbgrid\u00bb row_btt_skin=\u00bblight\u00bb row_background_text_position=\u00bbfront\u00bb][vc_column][vc_empty_space][vc_column_text el_class=\u00bbjustowanie_tekst\u00bb]Con el fin de lograr el nivel adecuado de confianza entre nuestros clientes y garantizar una gesti\u00f3n eficaz de la calidad, en abril de 2002 se implant\u00f3 un sistema documentado de gesti\u00f3n de la calidad, conforme [&hellip;]<\/p>\n","protected":false},"author":1,"featured_media":0,"parent":8916,"menu_order":0,"comment_status":"closed","ping_status":"closed","template":"full-width.php","meta":{"footnotes":""},"class_list":["post-9552","page","type-page","status-publish","hentry"],"acf":[],"yoast_head":"<!-- This site is optimized with the Yoast SEO plugin v27.4 - https:\/\/yoast.com\/product\/yoast-seo-wordpress\/ -->\n<title>ISO - KME<\/title>\n<meta name=\"robots\" content=\"index, follow, max-snippet:-1, max-image-preview:large, max-video-preview:-1\" \/>\n<link rel=\"canonical\" href=\"https:\/\/kme.eu\/kme\/es\/o_nas-3\/iso\/\" \/>\n<meta property=\"og:locale\" content=\"es_ES\" \/>\n<meta property=\"og:type\" content=\"article\" \/>\n<meta property=\"og:title\" content=\"ISO - KME\" \/>\n<meta property=\"og:description\" content=\"[vc_row row_content_width=\u00bbgrid\u00bb row_btt_skin=\u00bblight\u00bb row_background_text_position=\u00bbfront\u00bb][vc_column][vc_empty_space][vc_column_text el_class=\u00bbjustowanie_tekst\u00bb]Con el fin de lograr el nivel adecuado de confianza entre nuestros clientes y garantizar una gesti\u00f3n eficaz de la calidad, en abril de 2002 se implant\u00f3 un sistema documentado de gesti\u00f3n de la calidad, conforme [&hellip;]\" \/>\n<meta property=\"og:url\" content=\"https:\/\/kme.eu\/kme\/es\/o_nas-3\/iso\/\" \/>\n<meta property=\"og:site_name\" content=\"KME\" \/>\n<meta property=\"article:publisher\" content=\"https:\/\/www.facebook.com\/KME.LPG\/\" \/>\n<meta property=\"article:modified_time\" content=\"2026-03-25T10:01:48+00:00\" \/>\n<meta name=\"twitter:card\" content=\"summary_large_image\" \/>\n<meta name=\"twitter:label1\" content=\"Tiempo de lectura\" \/>\n\t<meta name=\"twitter:data1\" content=\"2 minutos\" \/>\n<script type=\"application\/ld+json\" class=\"yoast-schema-graph\">{\"@context\":\"https:\\\/\\\/schema.org\",\"@graph\":[{\"@type\":\"WebPage\",\"@id\":\"https:\\\/\\\/kme.eu\\\/kme\\\/es\\\/o_nas-3\\\/iso\\\/\",\"url\":\"https:\\\/\\\/kme.eu\\\/kme\\\/es\\\/o_nas-3\\\/iso\\\/\",\"name\":\"ISO - KME\",\"isPartOf\":{\"@id\":\"https:\\\/\\\/kme.eu\\\/kme\\\/es\\\/#website\"},\"datePublished\":\"2026-03-25T10:01:33+00:00\",\"dateModified\":\"2026-03-25T10:01:48+00:00\",\"breadcrumb\":{\"@id\":\"https:\\\/\\\/kme.eu\\\/kme\\\/es\\\/o_nas-3\\\/iso\\\/#breadcrumb\"},\"inLanguage\":\"es\",\"potentialAction\":[{\"@type\":\"ReadAction\",\"target\":[\"https:\\\/\\\/kme.eu\\\/kme\\\/es\\\/o_nas-3\\\/iso\\\/\"]}]},{\"@type\":\"BreadcrumbList\",\"@id\":\"https:\\\/\\\/kme.eu\\\/kme\\\/es\\\/o_nas-3\\\/iso\\\/#breadcrumb\",\"itemListElement\":[{\"@type\":\"ListItem\",\"position\":1,\"name\":\"Strona g\u0142\u00f3wna\",\"item\":\"https:\\\/\\\/kme.eu\\\/kme\\\/es\\\/\"},{\"@type\":\"ListItem\",\"position\":2,\"name\":\"Qui\u00e9nes somos\",\"item\":\"https:\\\/\\\/kme.eu\\\/kme\\\/es\\\/o_nas-3\\\/\"},{\"@type\":\"ListItem\",\"position\":3,\"name\":\"ISO\"}]},{\"@type\":\"WebSite\",\"@id\":\"https:\\\/\\\/kme.eu\\\/kme\\\/es\\\/#website\",\"url\":\"https:\\\/\\\/kme.eu\\\/kme\\\/es\\\/\",\"name\":\"KME\",\"description\":\"Autogas Systems\",\"publisher\":{\"@id\":\"https:\\\/\\\/kme.eu\\\/kme\\\/es\\\/#organization\"},\"potentialAction\":[{\"@type\":\"SearchAction\",\"target\":{\"@type\":\"EntryPoint\",\"urlTemplate\":\"https:\\\/\\\/kme.eu\\\/kme\\\/es\\\/?s={search_term_string}\"},\"query-input\":{\"@type\":\"PropertyValueSpecification\",\"valueRequired\":true,\"valueName\":\"search_term_string\"}}],\"inLanguage\":\"es\"},{\"@type\":\"Organization\",\"@id\":\"https:\\\/\\\/kme.eu\\\/kme\\\/es\\\/#organization\",\"name\":\"KME\",\"url\":\"https:\\\/\\\/kme.eu\\\/kme\\\/es\\\/\",\"logo\":{\"@type\":\"ImageObject\",\"inLanguage\":\"es\",\"@id\":\"https:\\\/\\\/kme.eu\\\/kme\\\/es\\\/#\\\/schema\\\/logo\\\/image\\\/\",\"url\":\"https:\\\/\\\/kme.eu\\\/kme\\\/wp-content\\\/uploads\\\/2020\\\/04\\\/logo_KME_RGB_small_200px.png\",\"contentUrl\":\"https:\\\/\\\/kme.eu\\\/kme\\\/wp-content\\\/uploads\\\/2020\\\/04\\\/logo_KME_RGB_small_200px.png\",\"width\":272,\"height\":200,\"caption\":\"KME\"},\"image\":{\"@id\":\"https:\\\/\\\/kme.eu\\\/kme\\\/es\\\/#\\\/schema\\\/logo\\\/image\\\/\"},\"sameAs\":[\"https:\\\/\\\/www.facebook.com\\\/KME.LPG\\\/\",\"https:\\\/\\\/www.instagram.com\\\/kme_lpg\\\/\"]}]}<\/script>\n<!-- \/ Yoast SEO plugin. -->","yoast_head_json":{"title":"ISO - KME","robots":{"index":"index","follow":"follow","max-snippet":"max-snippet:-1","max-image-preview":"max-image-preview:large","max-video-preview":"max-video-preview:-1"},"canonical":"https:\/\/kme.eu\/kme\/es\/o_nas-3\/iso\/","og_locale":"es_ES","og_type":"article","og_title":"ISO - KME","og_description":"[vc_row row_content_width=\u00bbgrid\u00bb row_btt_skin=\u00bblight\u00bb row_background_text_position=\u00bbfront\u00bb][vc_column][vc_empty_space][vc_column_text el_class=\u00bbjustowanie_tekst\u00bb]Con el fin de lograr el nivel adecuado de confianza entre nuestros clientes y garantizar una gesti\u00f3n eficaz de la calidad, en abril de 2002 se implant\u00f3 un sistema documentado de gesti\u00f3n de la calidad, conforme [&hellip;]","og_url":"https:\/\/kme.eu\/kme\/es\/o_nas-3\/iso\/","og_site_name":"KME","article_publisher":"https:\/\/www.facebook.com\/KME.LPG\/","article_modified_time":"2026-03-25T10:01:48+00:00","twitter_card":"summary_large_image","twitter_misc":{"Tiempo de lectura":"2 minutos"},"schema":{"@context":"https:\/\/schema.org","@graph":[{"@type":"WebPage","@id":"https:\/\/kme.eu\/kme\/es\/o_nas-3\/iso\/","url":"https:\/\/kme.eu\/kme\/es\/o_nas-3\/iso\/","name":"ISO - KME","isPartOf":{"@id":"https:\/\/kme.eu\/kme\/es\/#website"},"datePublished":"2026-03-25T10:01:33+00:00","dateModified":"2026-03-25T10:01:48+00:00","breadcrumb":{"@id":"https:\/\/kme.eu\/kme\/es\/o_nas-3\/iso\/#breadcrumb"},"inLanguage":"es","potentialAction":[{"@type":"ReadAction","target":["https:\/\/kme.eu\/kme\/es\/o_nas-3\/iso\/"]}]},{"@type":"BreadcrumbList","@id":"https:\/\/kme.eu\/kme\/es\/o_nas-3\/iso\/#breadcrumb","itemListElement":[{"@type":"ListItem","position":1,"name":"Strona g\u0142\u00f3wna","item":"https:\/\/kme.eu\/kme\/es\/"},{"@type":"ListItem","position":2,"name":"Qui\u00e9nes somos","item":"https:\/\/kme.eu\/kme\/es\/o_nas-3\/"},{"@type":"ListItem","position":3,"name":"ISO"}]},{"@type":"WebSite","@id":"https:\/\/kme.eu\/kme\/es\/#website","url":"https:\/\/kme.eu\/kme\/es\/","name":"KME","description":"Autogas Systems","publisher":{"@id":"https:\/\/kme.eu\/kme\/es\/#organization"},"potentialAction":[{"@type":"SearchAction","target":{"@type":"EntryPoint","urlTemplate":"https:\/\/kme.eu\/kme\/es\/?s={search_term_string}"},"query-input":{"@type":"PropertyValueSpecification","valueRequired":true,"valueName":"search_term_string"}}],"inLanguage":"es"},{"@type":"Organization","@id":"https:\/\/kme.eu\/kme\/es\/#organization","name":"KME","url":"https:\/\/kme.eu\/kme\/es\/","logo":{"@type":"ImageObject","inLanguage":"es","@id":"https:\/\/kme.eu\/kme\/es\/#\/schema\/logo\/image\/","url":"https:\/\/kme.eu\/kme\/wp-content\/uploads\/2020\/04\/logo_KME_RGB_small_200px.png","contentUrl":"https:\/\/kme.eu\/kme\/wp-content\/uploads\/2020\/04\/logo_KME_RGB_small_200px.png","width":272,"height":200,"caption":"KME"},"image":{"@id":"https:\/\/kme.eu\/kme\/es\/#\/schema\/logo\/image\/"},"sameAs":["https:\/\/www.facebook.com\/KME.LPG\/","https:\/\/www.instagram.com\/kme_lpg\/"]}]}},"_links":{"self":[{"href":"https:\/\/kme.eu\/kme\/es\/wp-json\/wp\/v2\/pages\/9552","targetHints":{"allow":["GET"]}}],"collection":[{"href":"https:\/\/kme.eu\/kme\/es\/wp-json\/wp\/v2\/pages"}],"about":[{"href":"https:\/\/kme.eu\/kme\/es\/wp-json\/wp\/v2\/types\/page"}],"author":[{"embeddable":true,"href":"https:\/\/kme.eu\/kme\/es\/wp-json\/wp\/v2\/users\/1"}],"replies":[{"embeddable":true,"href":"https:\/\/kme.eu\/kme\/es\/wp-json\/wp\/v2\/comments?post=9552"}],"version-history":[{"count":0,"href":"https:\/\/kme.eu\/kme\/es\/wp-json\/wp\/v2\/pages\/9552\/revisions"}],"up":[{"embeddable":true,"href":"https:\/\/kme.eu\/kme\/es\/wp-json\/wp\/v2\/pages\/8916"}],"wp:attachment":[{"href":"https:\/\/kme.eu\/kme\/es\/wp-json\/wp\/v2\/media?parent=9552"}],"curies":[{"name":"wp","href":"https:\/\/api.w.org\/{rel}","templated":true}]}}