{"id":9554,"date":"2026-03-25T11:05:48","date_gmt":"2026-03-25T10:05:48","guid":{"rendered":"https:\/\/kme.eu\/kme\/?page_id=9554"},"modified":"2026-03-25T11:06:00","modified_gmt":"2026-03-25T10:06:00","slug":"proyectos-de-la-union-europea","status":"publish","type":"page","link":"https:\/\/kme.eu\/kme\/es\/o_nas-3\/proyectos-de-la-union-europea\/","title":{"rendered":"Proyectos de la Uni\u00f3n Europea"},"content":{"rendered":"<div class=\"wpb-content-wrapper\"><p>[vc_row row_content_width=\u00bbgrid\u00bb row_btt_skin=\u00bblight\u00bb enable_bg_pattern=\u00bbyes\u00bb row_background_text_position=\u00bbfront\u00bb row_skin=\u00bbdark\u00bb css=\u00bb.vc_custom_1556014711710{padding-top: 40px !important;padding-bottom: 50px !important;}\u00bb][vc_column offset=\u00bbvc_col-lg-offset-0 vc_col-lg-12 vc_col-md-offset-0 vc_col-md-12 vc_col-sm-offset-0&#8243;]<div class=\"mkdf-elements-holder   mkdf-two-columns  mkdf-responsive-mode-1024 \" ><div class=\"mkdf-eh-item mkdf-appearing-section   \"  data-item-class=\"mkdf-eh-custom-8777\" data-1367-1600=\"0px 0px 0 0px\" data-1025-1366=\"0px 0px 0 0px\" data-769-1024=\"0px 0px 0 0px\" data-681-768=\"0px 0px 0 0px\" data-680=\"0px 0px 0 0px\">\n\t<div class=\"mkdf-eh-item-inner\">\n\t\t<div class=\"mkdf-eh-item-content mkdf-eh-custom-8777\" style=\"padding: 0 0 0 0\">\n\t\t\t<div class=\"mkdf-single-image-holder   \">\n    <div class=\"mkdf-si-inner\" >\n                                    <img loading=\"lazy\" decoding=\"async\" width=\"600\" height=\"416\" src=\"https:\/\/kme.eu\/kme\/wp-content\/uploads\/2020\/07\/Iwestycja.jpg\" class=\"attachment-full size-full\" alt=\"\" srcset=\"https:\/\/kme.eu\/kme\/wp-content\/uploads\/2020\/07\/Iwestycja.jpg 600w, https:\/\/kme.eu\/kme\/wp-content\/uploads\/2020\/07\/Iwestycja-300x208.jpg 300w\" sizes=\"auto, (max-width: 600px) 100vw, 600px\" \/>                        <\/div>\n<\/div>\t\t<\/div>\n\t<\/div>\n<\/div><div class=\"mkdf-eh-item    \"  data-item-class=\"mkdf-eh-custom-1719\" data-1367-1600=\"0px 120px 0 50px\" data-1025-1366=\"0px 20px 0 50px\" data-769-1024=\"57px 260px 0 0px\" data-681-768=\"57px 120px 0 0px\" data-680=\"57px 0px 0 0px\">\n\t<div class=\"mkdf-eh-item-inner\">\n\t\t<div class=\"mkdf-eh-item-content mkdf-eh-custom-1719\" style=\"padding: 0px 90px 8px 80px\">\n\t\t\t[vc_column_text el_class=\u00bbjustowanie_tekst\u00bb]Compana KME Sp. la empresa z o.o. ha llevado a cabo un proyecto denominado \u201eAumento del potencial competitivo e innovador de la empresa KME Sp. S.L. mediante la aplicaci\u00f3n de los resultados de sus propios trabajos de I+D\u00bb.<br \/>\nEl objetivo del proyecto era aplicar los resultados de los trabajos de investigaci\u00f3n y desarrollo llevados a cabo en la propia actividad de la empresa mediante la inversi\u00f3n en la adaptaci\u00f3n de la nave de producci\u00f3n y la adquisici\u00f3n de nuevas l\u00edneas tecnol\u00f3gicas para iniciar la producci\u00f3n del innovador controlador NEVO-SKY.<br \/>\nEl uso de estos productos permitir\u00e1 reducir las emisiones contaminantes mediante la instalaci\u00f3n de sistemas de inyecci\u00f3n de GLP en los nuevos veh\u00edculos de motor.<br \/>\nLas inversiones en modernas l\u00edneas tecnol\u00f3gicas dar\u00e1n lugar a la ampliaci\u00f3n de la capacidad de producci\u00f3n de la empresa, al aumento del empleo y a la aplicaci\u00f3n de m\u00e9todos de fabricaci\u00f3n modernos.<\/p>\n<p>Importe del proyecto: 2 510 230,00 PLN<br \/>\nContribuci\u00f3n de los fondos europeos: 1 129 603,50 PLN[\/vc_column_text]\t\t<\/div>\n\t<\/div>\n<\/div><\/div>[vc_row_inner][vc_column_inner][vc_empty_space height=\u00bb20px\u00bb]<div class=\"mkdf-image-gallery mkdf-grid-list mkdf-disable-bottom-space  mkdf-ig-grid-type mkdf-two-columns mkdf-medium-space   \">\n\t<div class=\"mkdf-ig-inner mkdf-outer-space\">\n\t\t\t\t\t<div class=\"mkdf-ig-image mkdf-item-space\">\n\t\t\t\t<div class=\"mkdf-ig-image-inner\">\n\t\t\t\t\t\t\t\t\t\t\t<img loading=\"lazy\" decoding=\"async\" width=\"665\" height=\"443\" src=\"https:\/\/kme.eu\/kme\/wp-content\/uploads\/2020\/09\/UE_6.jpg\" class=\"attachment-full size-full\" alt=\"\" srcset=\"https:\/\/kme.eu\/kme\/wp-content\/uploads\/2020\/09\/UE_6.jpg 665w, https:\/\/kme.eu\/kme\/wp-content\/uploads\/2020\/09\/UE_6-300x200.jpg 300w, https:\/\/kme.eu\/kme\/wp-content\/uploads\/2020\/09\/UE_6-600x400.jpg 600w\" sizes=\"auto, (max-width: 665px) 100vw, 665px\" \/>\t\t\t\t\t\t\t\t\t<\/div>\n\t\t\t<\/div>\n\t\t\t\t\t<div class=\"mkdf-ig-image mkdf-item-space\">\n\t\t\t\t<div class=\"mkdf-ig-image-inner\">\n\t\t\t\t\t\t\t\t\t\t\t<img loading=\"lazy\" decoding=\"async\" width=\"665\" height=\"444\" src=\"https:\/\/kme.eu\/kme\/wp-content\/uploads\/2020\/09\/UE_4.jpg\" class=\"attachment-full size-full\" alt=\"\" srcset=\"https:\/\/kme.eu\/kme\/wp-content\/uploads\/2020\/09\/UE_4.jpg 665w, https:\/\/kme.eu\/kme\/wp-content\/uploads\/2020\/09\/UE_4-300x200.jpg 300w, https:\/\/kme.eu\/kme\/wp-content\/uploads\/2020\/09\/UE_4-600x401.jpg 600w\" sizes=\"auto, (max-width: 665px) 100vw, 665px\" \/>\t\t\t\t\t\t\t\t\t<\/div>\n\t\t\t<\/div>\n\t\t\t\t\t<div class=\"mkdf-ig-image mkdf-item-space\">\n\t\t\t\t<div class=\"mkdf-ig-image-inner\">\n\t\t\t\t\t\t\t\t\t\t\t<img loading=\"lazy\" decoding=\"async\" width=\"665\" height=\"444\" src=\"https:\/\/kme.eu\/kme\/wp-content\/uploads\/2020\/09\/UE_3.jpg\" class=\"attachment-full size-full\" alt=\"\" srcset=\"https:\/\/kme.eu\/kme\/wp-content\/uploads\/2020\/09\/UE_3.jpg 665w, https:\/\/kme.eu\/kme\/wp-content\/uploads\/2020\/09\/UE_3-300x200.jpg 300w, https:\/\/kme.eu\/kme\/wp-content\/uploads\/2020\/09\/UE_3-600x401.jpg 600w\" sizes=\"auto, (max-width: 665px) 100vw, 665px\" \/>\t\t\t\t\t\t\t\t\t<\/div>\n\t\t\t<\/div>\n\t\t\t\t\t<div class=\"mkdf-ig-image mkdf-item-space\">\n\t\t\t\t<div class=\"mkdf-ig-image-inner\">\n\t\t\t\t\t\t\t\t\t\t\t<img loading=\"lazy\" decoding=\"async\" width=\"665\" height=\"444\" src=\"https:\/\/kme.eu\/kme\/wp-content\/uploads\/2020\/09\/UE_2.jpg\" class=\"attachment-full size-full\" alt=\"\" srcset=\"https:\/\/kme.eu\/kme\/wp-content\/uploads\/2020\/09\/UE_2.jpg 665w, https:\/\/kme.eu\/kme\/wp-content\/uploads\/2020\/09\/UE_2-300x200.jpg 300w, https:\/\/kme.eu\/kme\/wp-content\/uploads\/2020\/09\/UE_2-600x401.jpg 600w\" sizes=\"auto, (max-width: 665px) 100vw, 665px\" \/>\t\t\t\t\t\t\t\t\t<\/div>\n\t\t\t<\/div>\n\t\t\t\t\t<div class=\"mkdf-ig-image mkdf-item-space\">\n\t\t\t\t<div class=\"mkdf-ig-image-inner\">\n\t\t\t\t\t\t\t\t\t\t\t<img loading=\"lazy\" decoding=\"async\" width=\"665\" height=\"444\" src=\"https:\/\/kme.eu\/kme\/wp-content\/uploads\/2020\/09\/UE_5.jpg\" class=\"attachment-full size-full\" alt=\"\" srcset=\"https:\/\/kme.eu\/kme\/wp-content\/uploads\/2020\/09\/UE_5.jpg 665w, https:\/\/kme.eu\/kme\/wp-content\/uploads\/2020\/09\/UE_5-300x200.jpg 300w, https:\/\/kme.eu\/kme\/wp-content\/uploads\/2020\/09\/UE_5-600x401.jpg 600w\" sizes=\"auto, (max-width: 665px) 100vw, 665px\" \/>\t\t\t\t\t\t\t\t\t<\/div>\n\t\t\t<\/div>\n\t\t\t\t\t<div class=\"mkdf-ig-image mkdf-item-space\">\n\t\t\t\t<div class=\"mkdf-ig-image-inner\">\n\t\t\t\t\t\t\t\t\t\t\t<img loading=\"lazy\" decoding=\"async\" width=\"665\" height=\"444\" src=\"https:\/\/kme.eu\/kme\/wp-content\/uploads\/2020\/09\/UE_1.jpg\" class=\"attachment-full size-full\" alt=\"\" srcset=\"https:\/\/kme.eu\/kme\/wp-content\/uploads\/2020\/09\/UE_1.jpg 665w, https:\/\/kme.eu\/kme\/wp-content\/uploads\/2020\/09\/UE_1-300x200.jpg 300w, https:\/\/kme.eu\/kme\/wp-content\/uploads\/2020\/09\/UE_1-600x401.jpg 600w\" sizes=\"auto, (max-width: 665px) 100vw, 665px\" \/>\t\t\t\t\t\t\t\t\t<\/div>\n\t\t\t<\/div>\n\t\t\t<\/div>\n<\/div>[\/vc_column_inner][\/vc_row_inner][\/vc_column][\/vc_row]<\/p>\n<\/div>","protected":false},"excerpt":{"rendered":"<p>[vc_row row_content_width=\u00bbgrid\u00bb row_btt_skin=\u00bblight\u00bb enable_bg_pattern=\u00bbyes\u00bb row_background_text_position=\u00bbfront\u00bb row_skin=\u00bbdark\u00bb css=\u00bb.vc_custom_1556014711710{padding-top: 40px !important;padding-bottom: 50px !important;}\u00bb][vc_column offset=\u00bbvc_col-lg-offset-0 vc_col-lg-12 vc_col-md-offset-0 vc_col-md-12 vc_col-sm-offset-0&#8243;][vc_row_inner][vc_column_inner][vc_empty_space height=\u00bb20px\u00bb][\/vc_column_inner][\/vc_row_inner][\/vc_column][\/vc_row]<\/p>\n","protected":false},"author":1,"featured_media":0,"parent":8916,"menu_order":0,"comment_status":"closed","ping_status":"closed","template":"full-width.php","meta":{"footnotes":""},"class_list":["post-9554","page","type-page","status-publish","hentry"],"acf":[],"yoast_head":"<!-- This site is optimized with the Yoast SEO plugin v27.4 - https:\/\/yoast.com\/product\/yoast-seo-wordpress\/ -->\n<title>Proyectos de la Uni\u00f3n Europea - KME<\/title>\n<meta name=\"robots\" content=\"index, follow, max-snippet:-1, max-image-preview:large, max-video-preview:-1\" \/>\n<link rel=\"canonical\" href=\"https:\/\/kme.eu\/kme\/es\/o_nas-3\/proyectos-de-la-union-europea\/\" \/>\n<meta property=\"og:locale\" content=\"es_ES\" \/>\n<meta property=\"og:type\" content=\"article\" \/>\n<meta property=\"og:title\" content=\"Proyectos de la Uni\u00f3n Europea - KME\" \/>\n<meta property=\"og:description\" content=\"[vc_row row_content_width=\u00bbgrid\u00bb row_btt_skin=\u00bblight\u00bb enable_bg_pattern=\u00bbyes\u00bb row_background_text_position=\u00bbfront\u00bb row_skin=\u00bbdark\u00bb css=\u00bb.vc_custom_1556014711710{padding-top: 40px !important;padding-bottom: 50px !important;}\u00bb][vc_column offset=\u00bbvc_col-lg-offset-0 vc_col-lg-12 vc_col-md-offset-0 vc_col-md-12 vc_col-sm-offset-0&#8243;][vc_row_inner][vc_column_inner][vc_empty_space height=\u00bb20px\u00bb][\/vc_column_inner][\/vc_row_inner][\/vc_column][\/vc_row]\" \/>\n<meta property=\"og:url\" content=\"https:\/\/kme.eu\/kme\/es\/o_nas-3\/proyectos-de-la-union-europea\/\" \/>\n<meta property=\"og:site_name\" content=\"KME\" \/>\n<meta property=\"article:publisher\" content=\"https:\/\/www.facebook.com\/KME.LPG\/\" \/>\n<meta property=\"article:modified_time\" content=\"2026-03-25T10:06:00+00:00\" \/>\n<meta name=\"twitter:card\" content=\"summary_large_image\" \/>\n<meta name=\"twitter:label1\" content=\"Tiempo de lectura\" \/>\n\t<meta name=\"twitter:data1\" content=\"2 minutos\" \/>\n<script type=\"application\/ld+json\" class=\"yoast-schema-graph\">{\"@context\":\"https:\\\/\\\/schema.org\",\"@graph\":[{\"@type\":\"WebPage\",\"@id\":\"https:\\\/\\\/kme.eu\\\/kme\\\/es\\\/o_nas-3\\\/proyectos-de-la-union-europea\\\/\",\"url\":\"https:\\\/\\\/kme.eu\\\/kme\\\/es\\\/o_nas-3\\\/proyectos-de-la-union-europea\\\/\",\"name\":\"Proyectos de la Uni\u00f3n Europea - KME\",\"isPartOf\":{\"@id\":\"https:\\\/\\\/kme.eu\\\/kme\\\/es\\\/#website\"},\"datePublished\":\"2026-03-25T10:05:48+00:00\",\"dateModified\":\"2026-03-25T10:06:00+00:00\",\"breadcrumb\":{\"@id\":\"https:\\\/\\\/kme.eu\\\/kme\\\/es\\\/o_nas-3\\\/proyectos-de-la-union-europea\\\/#breadcrumb\"},\"inLanguage\":\"es\",\"potentialAction\":[{\"@type\":\"ReadAction\",\"target\":[\"https:\\\/\\\/kme.eu\\\/kme\\\/es\\\/o_nas-3\\\/proyectos-de-la-union-europea\\\/\"]}]},{\"@type\":\"BreadcrumbList\",\"@id\":\"https:\\\/\\\/kme.eu\\\/kme\\\/es\\\/o_nas-3\\\/proyectos-de-la-union-europea\\\/#breadcrumb\",\"itemListElement\":[{\"@type\":\"ListItem\",\"position\":1,\"name\":\"Strona g\u0142\u00f3wna\",\"item\":\"https:\\\/\\\/kme.eu\\\/kme\\\/es\\\/\"},{\"@type\":\"ListItem\",\"position\":2,\"name\":\"Qui\u00e9nes somos\",\"item\":\"https:\\\/\\\/kme.eu\\\/kme\\\/es\\\/o_nas-3\\\/\"},{\"@type\":\"ListItem\",\"position\":3,\"name\":\"Proyectos de la Uni\u00f3n Europea\"}]},{\"@type\":\"WebSite\",\"@id\":\"https:\\\/\\\/kme.eu\\\/kme\\\/es\\\/#website\",\"url\":\"https:\\\/\\\/kme.eu\\\/kme\\\/es\\\/\",\"name\":\"KME\",\"description\":\"Autogas Systems\",\"publisher\":{\"@id\":\"https:\\\/\\\/kme.eu\\\/kme\\\/es\\\/#organization\"},\"potentialAction\":[{\"@type\":\"SearchAction\",\"target\":{\"@type\":\"EntryPoint\",\"urlTemplate\":\"https:\\\/\\\/kme.eu\\\/kme\\\/es\\\/?s={search_term_string}\"},\"query-input\":{\"@type\":\"PropertyValueSpecification\",\"valueRequired\":true,\"valueName\":\"search_term_string\"}}],\"inLanguage\":\"es\"},{\"@type\":\"Organization\",\"@id\":\"https:\\\/\\\/kme.eu\\\/kme\\\/es\\\/#organization\",\"name\":\"KME\",\"url\":\"https:\\\/\\\/kme.eu\\\/kme\\\/es\\\/\",\"logo\":{\"@type\":\"ImageObject\",\"inLanguage\":\"es\",\"@id\":\"https:\\\/\\\/kme.eu\\\/kme\\\/es\\\/#\\\/schema\\\/logo\\\/image\\\/\",\"url\":\"https:\\\/\\\/kme.eu\\\/kme\\\/wp-content\\\/uploads\\\/2020\\\/04\\\/logo_KME_RGB_small_200px.png\",\"contentUrl\":\"https:\\\/\\\/kme.eu\\\/kme\\\/wp-content\\\/uploads\\\/2020\\\/04\\\/logo_KME_RGB_small_200px.png\",\"width\":272,\"height\":200,\"caption\":\"KME\"},\"image\":{\"@id\":\"https:\\\/\\\/kme.eu\\\/kme\\\/es\\\/#\\\/schema\\\/logo\\\/image\\\/\"},\"sameAs\":[\"https:\\\/\\\/www.facebook.com\\\/KME.LPG\\\/\",\"https:\\\/\\\/www.instagram.com\\\/kme_lpg\\\/\"]}]}<\/script>\n<!-- \/ Yoast SEO plugin. -->","yoast_head_json":{"title":"Proyectos de la Uni\u00f3n Europea - KME","robots":{"index":"index","follow":"follow","max-snippet":"max-snippet:-1","max-image-preview":"max-image-preview:large","max-video-preview":"max-video-preview:-1"},"canonical":"https:\/\/kme.eu\/kme\/es\/o_nas-3\/proyectos-de-la-union-europea\/","og_locale":"es_ES","og_type":"article","og_title":"Proyectos de la Uni\u00f3n Europea - KME","og_description":"[vc_row row_content_width=\u00bbgrid\u00bb row_btt_skin=\u00bblight\u00bb enable_bg_pattern=\u00bbyes\u00bb row_background_text_position=\u00bbfront\u00bb row_skin=\u00bbdark\u00bb css=\u00bb.vc_custom_1556014711710{padding-top: 40px !important;padding-bottom: 50px !important;}\u00bb][vc_column offset=\u00bbvc_col-lg-offset-0 vc_col-lg-12 vc_col-md-offset-0 vc_col-md-12 vc_col-sm-offset-0&#8243;][vc_row_inner][vc_column_inner][vc_empty_space height=\u00bb20px\u00bb][\/vc_column_inner][\/vc_row_inner][\/vc_column][\/vc_row]","og_url":"https:\/\/kme.eu\/kme\/es\/o_nas-3\/proyectos-de-la-union-europea\/","og_site_name":"KME","article_publisher":"https:\/\/www.facebook.com\/KME.LPG\/","article_modified_time":"2026-03-25T10:06:00+00:00","twitter_card":"summary_large_image","twitter_misc":{"Tiempo de lectura":"2 minutos"},"schema":{"@context":"https:\/\/schema.org","@graph":[{"@type":"WebPage","@id":"https:\/\/kme.eu\/kme\/es\/o_nas-3\/proyectos-de-la-union-europea\/","url":"https:\/\/kme.eu\/kme\/es\/o_nas-3\/proyectos-de-la-union-europea\/","name":"Proyectos de la Uni\u00f3n Europea - KME","isPartOf":{"@id":"https:\/\/kme.eu\/kme\/es\/#website"},"datePublished":"2026-03-25T10:05:48+00:00","dateModified":"2026-03-25T10:06:00+00:00","breadcrumb":{"@id":"https:\/\/kme.eu\/kme\/es\/o_nas-3\/proyectos-de-la-union-europea\/#breadcrumb"},"inLanguage":"es","potentialAction":[{"@type":"ReadAction","target":["https:\/\/kme.eu\/kme\/es\/o_nas-3\/proyectos-de-la-union-europea\/"]}]},{"@type":"BreadcrumbList","@id":"https:\/\/kme.eu\/kme\/es\/o_nas-3\/proyectos-de-la-union-europea\/#breadcrumb","itemListElement":[{"@type":"ListItem","position":1,"name":"Strona g\u0142\u00f3wna","item":"https:\/\/kme.eu\/kme\/es\/"},{"@type":"ListItem","position":2,"name":"Qui\u00e9nes somos","item":"https:\/\/kme.eu\/kme\/es\/o_nas-3\/"},{"@type":"ListItem","position":3,"name":"Proyectos de la Uni\u00f3n Europea"}]},{"@type":"WebSite","@id":"https:\/\/kme.eu\/kme\/es\/#website","url":"https:\/\/kme.eu\/kme\/es\/","name":"KME","description":"Autogas Systems","publisher":{"@id":"https:\/\/kme.eu\/kme\/es\/#organization"},"potentialAction":[{"@type":"SearchAction","target":{"@type":"EntryPoint","urlTemplate":"https:\/\/kme.eu\/kme\/es\/?s={search_term_string}"},"query-input":{"@type":"PropertyValueSpecification","valueRequired":true,"valueName":"search_term_string"}}],"inLanguage":"es"},{"@type":"Organization","@id":"https:\/\/kme.eu\/kme\/es\/#organization","name":"KME","url":"https:\/\/kme.eu\/kme\/es\/","logo":{"@type":"ImageObject","inLanguage":"es","@id":"https:\/\/kme.eu\/kme\/es\/#\/schema\/logo\/image\/","url":"https:\/\/kme.eu\/kme\/wp-content\/uploads\/2020\/04\/logo_KME_RGB_small_200px.png","contentUrl":"https:\/\/kme.eu\/kme\/wp-content\/uploads\/2020\/04\/logo_KME_RGB_small_200px.png","width":272,"height":200,"caption":"KME"},"image":{"@id":"https:\/\/kme.eu\/kme\/es\/#\/schema\/logo\/image\/"},"sameAs":["https:\/\/www.facebook.com\/KME.LPG\/","https:\/\/www.instagram.com\/kme_lpg\/"]}]}},"_links":{"self":[{"href":"https:\/\/kme.eu\/kme\/es\/wp-json\/wp\/v2\/pages\/9554","targetHints":{"allow":["GET"]}}],"collection":[{"href":"https:\/\/kme.eu\/kme\/es\/wp-json\/wp\/v2\/pages"}],"about":[{"href":"https:\/\/kme.eu\/kme\/es\/wp-json\/wp\/v2\/types\/page"}],"author":[{"embeddable":true,"href":"https:\/\/kme.eu\/kme\/es\/wp-json\/wp\/v2\/users\/1"}],"replies":[{"embeddable":true,"href":"https:\/\/kme.eu\/kme\/es\/wp-json\/wp\/v2\/comments?post=9554"}],"version-history":[{"count":0,"href":"https:\/\/kme.eu\/kme\/es\/wp-json\/wp\/v2\/pages\/9554\/revisions"}],"up":[{"embeddable":true,"href":"https:\/\/kme.eu\/kme\/es\/wp-json\/wp\/v2\/pages\/8916"}],"wp:attachment":[{"href":"https:\/\/kme.eu\/kme\/es\/wp-json\/wp\/v2\/media?parent=9554"}],"curies":[{"name":"wp","href":"https:\/\/api.w.org\/{rel}","templated":true}]}}