{"id":21038,"date":"2025-05-20T14:52:03","date_gmt":"2025-05-20T12:52:03","guid":{"rendered":"https:\/\/kme.eu\/kme\/produkt\/nevo-sky-direct-model-3-cct6-5-5-bar-2\/"},"modified":"2026-03-27T14:03:22","modified_gmt":"2026-03-27T13:03:22","slug":"nevo-sky-direct-model-3-cct6-5-5-bar-2","status":"publish","type":"product","link":"https:\/\/kme.eu\/kme\/es\/produkt\/nevo-sky-direct-model-3-cct6-5-5-bar-2\/","title":{"rendered":"NEVO-SKY DIRECT MODEL 3 CCT6 5.5 bar"},"content":{"rendered":"<h5><strong>Componentes <\/strong><b>electr\u00f3nicos<\/b><\/h5>\n<ul>\n<li>conductor<\/li>\n<li>manojo<\/li>\n<li>indicador de combustible<\/li>\n<li>accesorios de conexi\u00f3n<\/li>\n<li>Sensor de presi\u00f3n anal\u00f3gico CCT6 de 5,5 bar<\/li>\n<li>Panel de control<\/li>\n<\/ul>\n<h5><strong>NEVO-SKY DIERCT MODEL 3<\/strong><\/h5>\n<p>NEVO-SKY DIRECT MODEL 3 es un sistema innovador dise\u00f1ado para los motores de <strong>inyecci\u00f3n directa de combustible<\/strong> m\u00e1s exigentes y modernos. Gracias a la <strong>emulaci\u00f3n precisa y manual <\/strong>del voltaje del inyector de gasolina, el controlador garantiza una interacci\u00f3n \u00f3ptima con el veh\u00edculo y minimiza el riesgo de errores.<br \/>\nSus ajustes flexibles, la compatibilidad con el protocolo OBD y el continuo desarrollo del software NEVO-SKY hacen que el NEVO-SKY DIRECT MODEL 3 sea adecuado incluso para <strong>los motores m\u00e1s avanzados<\/strong>, incluidos los de los veh\u00edculos nuevos del <strong>mercado chino<\/strong>. <\/p>\n<p>&nbsp;<\/p>\n<h5><strong>PROGRAMA KME NEVO-SKY Y SISTEMA EXPERTO SKY<\/strong><\/h5>\n<p>El sistema NEVO-SKY DIRECT MODELO 3 se controla mediante el mismo programa KME NEVO-SKY con el que los usuarios ya est\u00e1n familiarizados por haber operado otros sistemas de la oferta de KME (NEVO-SKY: DIRECT MODELO 2, DUAL, MAX, JET). Permite la <strong>configuraci\u00f3n avanzada<\/strong>, el diagn\u00f3stico y el ajuste del sistema de gas del autom\u00f3vil. El programa tambi\u00e9n incluye una serie de funciones que <strong>facilitan el funcionamiento de la instalaci\u00f3n<\/strong>, por ejemplo: sistema experto SKY, consejos, grabadora, mapas 3D y muchas otras.  <\/p>\n<p>&nbsp;<\/p>\n<div class=\"sdm_download_button_box_default\"><div class=\"sdm_download_link\"><a href=\"https:\/\/kme.eu\/kme\/es\/\/?sdm_process_download=1&download_id=20276\" class=\"sdm_download orange\" title=\"NEVO-SKY MODEL 3 \u2013 karta produktu\" target=&quot;_blank&quot;>Pobierz kart\u0119 produktu DIRECT MODEL 3<\/a><\/div><\/div>\n<p>&nbsp;<\/p>\n<p>&nbsp;<\/p>\n<p><script>\n   $(window).on('load', function(){\n      $(\".sdm_download\").each(function( index, element ){\n         console.log($(this));\n         $(this).attr('target','_blank');\n      });\n   });\n<\/script><\/p>\n","protected":false},"excerpt":{"rendered":"<p>Sistema moderno para motores de inyecci\u00f3n directa.<\/p>\n","protected":false},"featured_media":19857,"template":"","meta":[],"product_brand":[],"product_cat":[592541],"product_tag":[592735,592734],"class_list":{"0":"post-21038","1":"product","2":"type-product","3":"status-publish","4":"has-post-thumbnail","6":"product_cat-electronica","7":"product_tag-direct","8":"product_tag-inyeccion-directa","10":"first","11":"instock","12":"shipping-taxable","13":"product-type-simple"},"acf":[],"yoast_head":"<!-- This site is optimized with the Yoast SEO plugin v27.4 - https:\/\/yoast.com\/product\/yoast-seo-wordpress\/ -->\n<title>NEVO-SKY DIRECT MODEL 3 CCT6 5.5 bar - KME<\/title>\n<meta name=\"robots\" content=\"index, follow, max-snippet:-1, max-image-preview:large, max-video-preview:-1\" \/>\n<link rel=\"canonical\" href=\"https:\/\/kme.eu\/kme\/es\/produkt\/nevo-sky-direct-model-3-cct6-5-5-bar-2\/\" \/>\n<meta property=\"og:locale\" content=\"es_ES\" \/>\n<meta property=\"og:type\" content=\"article\" \/>\n<meta property=\"og:title\" content=\"NEVO-SKY DIRECT MODEL 3 CCT6 5.5 bar - KME\" \/>\n<meta property=\"og:description\" content=\"Sistema moderno para motores de inyecci\u00f3n directa.\" \/>\n<meta property=\"og:url\" content=\"https:\/\/kme.eu\/kme\/es\/produkt\/nevo-sky-direct-model-3-cct6-5-5-bar-2\/\" \/>\n<meta property=\"og:site_name\" content=\"KME\" \/>\n<meta property=\"article:publisher\" content=\"https:\/\/www.facebook.com\/KME.LPG\/\" \/>\n<meta property=\"article:modified_time\" content=\"2026-03-27T13:03:22+00:00\" \/>\n<meta property=\"og:image\" content=\"https:\/\/kme.eu\/kme\/wp-content\/uploads\/2025\/05\/ELEKTRONIKA-NEVO-SKY-DIRECT-4-CYL-bez_aktywacji.jpg\" \/>\n\t<meta property=\"og:image:width\" content=\"800\" \/>\n\t<meta property=\"og:image:height\" content=\"900\" \/>\n\t<meta property=\"og:image:type\" content=\"image\/jpeg\" \/>\n<meta name=\"twitter:card\" content=\"summary_large_image\" \/>\n<meta name=\"twitter:label1\" content=\"Tiempo de lectura\" \/>\n\t<meta name=\"twitter:data1\" content=\"1 minuto\" \/>\n<script type=\"application\/ld+json\" class=\"yoast-schema-graph\">{\"@context\":\"https:\\\/\\\/schema.org\",\"@graph\":[{\"@type\":\"WebPage\",\"@id\":\"https:\\\/\\\/kme.eu\\\/kme\\\/es\\\/produkt\\\/nevo-sky-direct-model-3-cct6-5-5-bar-2\\\/\",\"url\":\"https:\\\/\\\/kme.eu\\\/kme\\\/es\\\/produkt\\\/nevo-sky-direct-model-3-cct6-5-5-bar-2\\\/\",\"name\":\"NEVO-SKY DIRECT MODEL 3 CCT6 5.5 bar - KME\",\"isPartOf\":{\"@id\":\"https:\\\/\\\/kme.eu\\\/kme\\\/es\\\/#website\"},\"primaryImageOfPage\":{\"@id\":\"https:\\\/\\\/kme.eu\\\/kme\\\/es\\\/produkt\\\/nevo-sky-direct-model-3-cct6-5-5-bar-2\\\/#primaryimage\"},\"image\":{\"@id\":\"https:\\\/\\\/kme.eu\\\/kme\\\/es\\\/produkt\\\/nevo-sky-direct-model-3-cct6-5-5-bar-2\\\/#primaryimage\"},\"thumbnailUrl\":\"https:\\\/\\\/kme.eu\\\/kme\\\/wp-content\\\/uploads\\\/2025\\\/05\\\/ELEKTRONIKA-NEVO-SKY-DIRECT-4-CYL-bez_aktywacji.jpg\",\"datePublished\":\"2025-05-20T12:52:03+00:00\",\"dateModified\":\"2026-03-27T13:03:22+00:00\",\"breadcrumb\":{\"@id\":\"https:\\\/\\\/kme.eu\\\/kme\\\/es\\\/produkt\\\/nevo-sky-direct-model-3-cct6-5-5-bar-2\\\/#breadcrumb\"},\"inLanguage\":\"es\",\"potentialAction\":[{\"@type\":\"ReadAction\",\"target\":[\"https:\\\/\\\/kme.eu\\\/kme\\\/es\\\/produkt\\\/nevo-sky-direct-model-3-cct6-5-5-bar-2\\\/\"]}]},{\"@type\":\"ImageObject\",\"inLanguage\":\"es\",\"@id\":\"https:\\\/\\\/kme.eu\\\/kme\\\/es\\\/produkt\\\/nevo-sky-direct-model-3-cct6-5-5-bar-2\\\/#primaryimage\",\"url\":\"https:\\\/\\\/kme.eu\\\/kme\\\/wp-content\\\/uploads\\\/2025\\\/05\\\/ELEKTRONIKA-NEVO-SKY-DIRECT-4-CYL-bez_aktywacji.jpg\",\"contentUrl\":\"https:\\\/\\\/kme.eu\\\/kme\\\/wp-content\\\/uploads\\\/2025\\\/05\\\/ELEKTRONIKA-NEVO-SKY-DIRECT-4-CYL-bez_aktywacji.jpg\",\"width\":800,\"height\":900},{\"@type\":\"BreadcrumbList\",\"@id\":\"https:\\\/\\\/kme.eu\\\/kme\\\/es\\\/produkt\\\/nevo-sky-direct-model-3-cct6-5-5-bar-2\\\/#breadcrumb\",\"itemListElement\":[{\"@type\":\"ListItem\",\"position\":1,\"name\":\"Strona g\u0142\u00f3wna\",\"item\":\"https:\\\/\\\/kme.eu\\\/kme\\\/es\\\/\"},{\"@type\":\"ListItem\",\"position\":2,\"name\":\"Productos\",\"item\":\"https:\\\/\\\/kme.eu\\\/kme\\\/es\\\/productos\\\/\"},{\"@type\":\"ListItem\",\"position\":3,\"name\":\"NEVO-SKY DIRECT MODEL 3 CCT6 5.5 bar\"}]},{\"@type\":\"WebSite\",\"@id\":\"https:\\\/\\\/kme.eu\\\/kme\\\/es\\\/#website\",\"url\":\"https:\\\/\\\/kme.eu\\\/kme\\\/es\\\/\",\"name\":\"KME\",\"description\":\"Autogas Systems\",\"publisher\":{\"@id\":\"https:\\\/\\\/kme.eu\\\/kme\\\/es\\\/#organization\"},\"potentialAction\":[{\"@type\":\"SearchAction\",\"target\":{\"@type\":\"EntryPoint\",\"urlTemplate\":\"https:\\\/\\\/kme.eu\\\/kme\\\/es\\\/?s={search_term_string}\"},\"query-input\":{\"@type\":\"PropertyValueSpecification\",\"valueRequired\":true,\"valueName\":\"search_term_string\"}}],\"inLanguage\":\"es\"},{\"@type\":\"Organization\",\"@id\":\"https:\\\/\\\/kme.eu\\\/kme\\\/es\\\/#organization\",\"name\":\"KME\",\"url\":\"https:\\\/\\\/kme.eu\\\/kme\\\/es\\\/\",\"logo\":{\"@type\":\"ImageObject\",\"inLanguage\":\"es\",\"@id\":\"https:\\\/\\\/kme.eu\\\/kme\\\/es\\\/#\\\/schema\\\/logo\\\/image\\\/\",\"url\":\"https:\\\/\\\/kme.eu\\\/kme\\\/wp-content\\\/uploads\\\/2020\\\/04\\\/logo_KME_RGB_small_200px.png\",\"contentUrl\":\"https:\\\/\\\/kme.eu\\\/kme\\\/wp-content\\\/uploads\\\/2020\\\/04\\\/logo_KME_RGB_small_200px.png\",\"width\":272,\"height\":200,\"caption\":\"KME\"},\"image\":{\"@id\":\"https:\\\/\\\/kme.eu\\\/kme\\\/es\\\/#\\\/schema\\\/logo\\\/image\\\/\"},\"sameAs\":[\"https:\\\/\\\/www.facebook.com\\\/KME.LPG\\\/\",\"https:\\\/\\\/www.instagram.com\\\/kme_lpg\\\/\"]}]}<\/script>\n<!-- \/ Yoast SEO plugin. -->","yoast_head_json":{"title":"NEVO-SKY DIRECT MODEL 3 CCT6 5.5 bar - KME","robots":{"index":"index","follow":"follow","max-snippet":"max-snippet:-1","max-image-preview":"max-image-preview:large","max-video-preview":"max-video-preview:-1"},"canonical":"https:\/\/kme.eu\/kme\/es\/produkt\/nevo-sky-direct-model-3-cct6-5-5-bar-2\/","og_locale":"es_ES","og_type":"article","og_title":"NEVO-SKY DIRECT MODEL 3 CCT6 5.5 bar - KME","og_description":"Sistema moderno para motores de inyecci\u00f3n directa.","og_url":"https:\/\/kme.eu\/kme\/es\/produkt\/nevo-sky-direct-model-3-cct6-5-5-bar-2\/","og_site_name":"KME","article_publisher":"https:\/\/www.facebook.com\/KME.LPG\/","article_modified_time":"2026-03-27T13:03:22+00:00","og_image":[{"width":800,"height":900,"url":"https:\/\/kme.eu\/kme\/wp-content\/uploads\/2025\/05\/ELEKTRONIKA-NEVO-SKY-DIRECT-4-CYL-bez_aktywacji.jpg","type":"image\/jpeg"}],"twitter_card":"summary_large_image","twitter_misc":{"Tiempo de lectura":"1 minuto"},"schema":{"@context":"https:\/\/schema.org","@graph":[{"@type":"WebPage","@id":"https:\/\/kme.eu\/kme\/es\/produkt\/nevo-sky-direct-model-3-cct6-5-5-bar-2\/","url":"https:\/\/kme.eu\/kme\/es\/produkt\/nevo-sky-direct-model-3-cct6-5-5-bar-2\/","name":"NEVO-SKY DIRECT MODEL 3 CCT6 5.5 bar - KME","isPartOf":{"@id":"https:\/\/kme.eu\/kme\/es\/#website"},"primaryImageOfPage":{"@id":"https:\/\/kme.eu\/kme\/es\/produkt\/nevo-sky-direct-model-3-cct6-5-5-bar-2\/#primaryimage"},"image":{"@id":"https:\/\/kme.eu\/kme\/es\/produkt\/nevo-sky-direct-model-3-cct6-5-5-bar-2\/#primaryimage"},"thumbnailUrl":"https:\/\/kme.eu\/kme\/wp-content\/uploads\/2025\/05\/ELEKTRONIKA-NEVO-SKY-DIRECT-4-CYL-bez_aktywacji.jpg","datePublished":"2025-05-20T12:52:03+00:00","dateModified":"2026-03-27T13:03:22+00:00","breadcrumb":{"@id":"https:\/\/kme.eu\/kme\/es\/produkt\/nevo-sky-direct-model-3-cct6-5-5-bar-2\/#breadcrumb"},"inLanguage":"es","potentialAction":[{"@type":"ReadAction","target":["https:\/\/kme.eu\/kme\/es\/produkt\/nevo-sky-direct-model-3-cct6-5-5-bar-2\/"]}]},{"@type":"ImageObject","inLanguage":"es","@id":"https:\/\/kme.eu\/kme\/es\/produkt\/nevo-sky-direct-model-3-cct6-5-5-bar-2\/#primaryimage","url":"https:\/\/kme.eu\/kme\/wp-content\/uploads\/2025\/05\/ELEKTRONIKA-NEVO-SKY-DIRECT-4-CYL-bez_aktywacji.jpg","contentUrl":"https:\/\/kme.eu\/kme\/wp-content\/uploads\/2025\/05\/ELEKTRONIKA-NEVO-SKY-DIRECT-4-CYL-bez_aktywacji.jpg","width":800,"height":900},{"@type":"BreadcrumbList","@id":"https:\/\/kme.eu\/kme\/es\/produkt\/nevo-sky-direct-model-3-cct6-5-5-bar-2\/#breadcrumb","itemListElement":[{"@type":"ListItem","position":1,"name":"Strona g\u0142\u00f3wna","item":"https:\/\/kme.eu\/kme\/es\/"},{"@type":"ListItem","position":2,"name":"Productos","item":"https:\/\/kme.eu\/kme\/es\/productos\/"},{"@type":"ListItem","position":3,"name":"NEVO-SKY DIRECT MODEL 3 CCT6 5.5 bar"}]},{"@type":"WebSite","@id":"https:\/\/kme.eu\/kme\/es\/#website","url":"https:\/\/kme.eu\/kme\/es\/","name":"KME","description":"Autogas Systems","publisher":{"@id":"https:\/\/kme.eu\/kme\/es\/#organization"},"potentialAction":[{"@type":"SearchAction","target":{"@type":"EntryPoint","urlTemplate":"https:\/\/kme.eu\/kme\/es\/?s={search_term_string}"},"query-input":{"@type":"PropertyValueSpecification","valueRequired":true,"valueName":"search_term_string"}}],"inLanguage":"es"},{"@type":"Organization","@id":"https:\/\/kme.eu\/kme\/es\/#organization","name":"KME","url":"https:\/\/kme.eu\/kme\/es\/","logo":{"@type":"ImageObject","inLanguage":"es","@id":"https:\/\/kme.eu\/kme\/es\/#\/schema\/logo\/image\/","url":"https:\/\/kme.eu\/kme\/wp-content\/uploads\/2020\/04\/logo_KME_RGB_small_200px.png","contentUrl":"https:\/\/kme.eu\/kme\/wp-content\/uploads\/2020\/04\/logo_KME_RGB_small_200px.png","width":272,"height":200,"caption":"KME"},"image":{"@id":"https:\/\/kme.eu\/kme\/es\/#\/schema\/logo\/image\/"},"sameAs":["https:\/\/www.facebook.com\/KME.LPG\/","https:\/\/www.instagram.com\/kme_lpg\/"]}]}},"_links":{"self":[{"href":"https:\/\/kme.eu\/kme\/es\/wp-json\/wp\/v2\/product\/21038","targetHints":{"allow":["GET"]}}],"collection":[{"href":"https:\/\/kme.eu\/kme\/es\/wp-json\/wp\/v2\/product"}],"about":[{"href":"https:\/\/kme.eu\/kme\/es\/wp-json\/wp\/v2\/types\/product"}],"wp:featuredmedia":[{"embeddable":true,"href":"https:\/\/kme.eu\/kme\/es\/wp-json\/wp\/v2\/media\/19857"}],"wp:attachment":[{"href":"https:\/\/kme.eu\/kme\/es\/wp-json\/wp\/v2\/media?parent=21038"}],"wp:term":[{"taxonomy":"product_brand","embeddable":true,"href":"https:\/\/kme.eu\/kme\/es\/wp-json\/wp\/v2\/product_brand?post=21038"},{"taxonomy":"product_cat","embeddable":true,"href":"https:\/\/kme.eu\/kme\/es\/wp-json\/wp\/v2\/product_cat?post=21038"},{"taxonomy":"product_tag","embeddable":true,"href":"https:\/\/kme.eu\/kme\/es\/wp-json\/wp\/v2\/product_tag?post=21038"}],"curies":[{"name":"wp","href":"https:\/\/api.w.org\/{rel}","templated":true}]}}