{"id":21454,"date":"2024-10-11T13:28:03","date_gmt":"2024-10-11T11:28:03","guid":{"rendered":"https:\/\/kme.eu\/kme\/produkt\/tapo-digital\/"},"modified":"2026-03-27T14:21:57","modified_gmt":"2026-03-27T13:21:57","slug":"tapo-digital","status":"publish","type":"product","link":"https:\/\/kme.eu\/kme\/es\/produkt\/tapo-digital\/","title":{"rendered":"TAPO DIGITAL"},"content":{"rendered":"<h5><\/h5>\n<h5><strong>Variador de \u00e1ngulo de avance de encendido KME TAPO DIGITAL<\/strong><\/h5>\n<p>El variador de avance de encendido KME TAPO es un dispositivo basado en microprocesador dise\u00f1ado para motores de gasolina, tanto modernos como antiguos, que funcionan con GLP o GNC. Este variador <strong>modifica el momento del encendido para aumentar la eficiencia de la combusti\u00f3n de la mezcla aire-combustible y mejorar el rendimiento del motor<\/strong>. <\/p>\n<p>Debido al mayor \u00edndice de octano del GLP y el GNC, y al mayor tiempo de combusti\u00f3n de la mezcla aire-gas, es necesario adaptar el sistema de encendido mediante el uso del variador KME TAPO.<\/p>\n<p>&nbsp;<\/p>\n<h5><b>Versi\u00f3n DIGITAL<\/b><\/h5>\n<p>El variador TAPO DIGITAL admite un sensor digital del cig\u00fce\u00f1al y dos sensores digitales de posici\u00f3n del \u00e1rbol de levas.<\/p>\n<p>&nbsp;<\/p>\n<h5><strong>FUNCIONES<\/strong><\/h5>\n<div>\u2022 Dise\u00f1ado para: GLP y GNC<\/div>\n<div>\u2022 Compatibilidad con el sensor del cig\u00fce\u00f1al y 2 \u00e1rboles de levas, incluyendo cambios de sincronizaci\u00f3n.<\/div>\n<div>\u2022 Soporte para distribuci\u00f3n variable de v\u00e1lvulas<\/div>\n<div>\u2022 Escaneo autom\u00e1tico de la forma de onda del sensor del cig\u00fce\u00f1al y de los \u00e1rboles de levas<\/div>\n<div>\u2022 Posibilidad de conectar las se\u00f1ales TPS y MAP para aumentar las capacidades de calibraci\u00f3n<\/div>\n<div>\u2022 Registrador de forma de onda incorporado<\/div>\n<div>\u2022 Un m\u00e9todo innovador para cambiar de forma inteligente el \u00e1ngulo de avance del encendido en los motores m\u00e1s modernos<\/div>\n<div>\u2022 Servicio para coches de todas las generaciones de motor.<\/div>\n<div>\u2022 Dispositivo dise\u00f1ado para motores modernos con inyecci\u00f3n de combustible directa (DI) y combinada (DI+MPI).<\/div>\n<div>\u2022 Rel\u00e9s mec\u00e1nicos integrados para garantizar un funcionamiento correcto en caso de fallo<\/div>\n<div><\/div>\n<div>\n<h5><strong>BENEFICIOS<\/strong><\/h5>\n<\/div>\n<div>\n<div>\u2022 Reducci\u00f3n del consumo de combustible: GLP 3-10%, GNC 5-15%<\/div>\n<div>\u2022 Aumento de la potencia del motor: GLP 1-3%, GNC 5-15%<\/div>\n<div>\u2022 Mayor seguridad operativa de las instalaciones de gas de generaciones anteriores al reducir el riesgo de explosiones inversas en el colector<\/div>\n<\/div>\n<p>&nbsp;<\/p>\n<p>&nbsp;<\/p>\n<div class=\"sdm_download_button_box_default\"><div class=\"sdm_download_link\"><a href=\"https:\/\/kme.eu\/kme\/es\/\/?sdm_process_download=1&download_id=19061\" class=\"sdm_download orange\" title=\"TAPO \u2013 karta produktu\" target=&quot;_blank&quot;>Pobierz kart\u0119 produktu TAPO<\/a><\/div><\/div>\n<p>&nbsp;<\/p>\n<p>&nbsp;<\/p>\n<p>&nbsp;<\/p>\n<p><script>\n   $(window).on('load', function(){\n      $(\".sdm_download\").each(function( index, element ){\n         console.log($(this));\n         $(this).attr('target','_blank');\n      });\n   });\n<\/script><\/p>\n","protected":false},"excerpt":{"rendered":"<p>Variador de \u00e1ngulo de avance de encendido KME TAPO DIGITAL.<\/p>\n","protected":false},"featured_media":19886,"template":"","meta":[],"product_brand":[],"product_cat":[592541],"product_tag":[592734,592739,592740,592738,592736],"class_list":{"0":"post-21454","1":"product","2":"type-product","3":"status-publish","4":"has-post-thumbnail","6":"product_cat-electronica","7":"product_tag-inyeccion-directa","8":"product_tag-inyeccion-indirecta","9":"product_tag-inyeccion-indirecta-2","10":"product_tag-novedad","11":"product_tag-variador","13":"first","14":"instock","15":"shipping-taxable","16":"product-type-simple"},"acf":[],"yoast_head":"<!-- This site is optimized with the Yoast SEO plugin v27.4 - https:\/\/yoast.com\/product\/yoast-seo-wordpress\/ -->\n<title>TAPO DIGITAL - KME<\/title>\n<meta name=\"robots\" content=\"index, follow, max-snippet:-1, max-image-preview:large, max-video-preview:-1\" \/>\n<link rel=\"canonical\" href=\"https:\/\/kme.eu\/kme\/es\/produkt\/tapo-digital\/\" \/>\n<meta property=\"og:locale\" content=\"es_ES\" \/>\n<meta property=\"og:type\" content=\"article\" \/>\n<meta property=\"og:title\" content=\"TAPO DIGITAL - KME\" \/>\n<meta property=\"og:description\" content=\"Variador de \u00e1ngulo de avance de encendido KME TAPO DIGITAL.\" \/>\n<meta property=\"og:url\" content=\"https:\/\/kme.eu\/kme\/es\/produkt\/tapo-digital\/\" \/>\n<meta property=\"og:site_name\" content=\"KME\" \/>\n<meta property=\"article:publisher\" content=\"https:\/\/www.facebook.com\/KME.LPG\/\" \/>\n<meta property=\"article:modified_time\" content=\"2026-03-27T13:21:57+00:00\" \/>\n<meta property=\"og:image\" content=\"https:\/\/kme.eu\/kme\/wp-content\/uploads\/2025\/05\/wariator_TAPO_digital_6701000014.jpg\" \/>\n\t<meta property=\"og:image:width\" content=\"800\" \/>\n\t<meta property=\"og:image:height\" content=\"900\" \/>\n\t<meta property=\"og:image:type\" content=\"image\/jpeg\" \/>\n<meta name=\"twitter:card\" content=\"summary_large_image\" \/>\n<meta name=\"twitter:label1\" content=\"Tiempo de lectura\" \/>\n\t<meta name=\"twitter:data1\" content=\"2 minutos\" \/>\n<script type=\"application\/ld+json\" class=\"yoast-schema-graph\">{\"@context\":\"https:\\\/\\\/schema.org\",\"@graph\":[{\"@type\":\"WebPage\",\"@id\":\"https:\\\/\\\/kme.eu\\\/kme\\\/es\\\/produkt\\\/tapo-digital\\\/\",\"url\":\"https:\\\/\\\/kme.eu\\\/kme\\\/es\\\/produkt\\\/tapo-digital\\\/\",\"name\":\"TAPO DIGITAL - KME\",\"isPartOf\":{\"@id\":\"https:\\\/\\\/kme.eu\\\/kme\\\/es\\\/#website\"},\"primaryImageOfPage\":{\"@id\":\"https:\\\/\\\/kme.eu\\\/kme\\\/es\\\/produkt\\\/tapo-digital\\\/#primaryimage\"},\"image\":{\"@id\":\"https:\\\/\\\/kme.eu\\\/kme\\\/es\\\/produkt\\\/tapo-digital\\\/#primaryimage\"},\"thumbnailUrl\":\"https:\\\/\\\/kme.eu\\\/kme\\\/wp-content\\\/uploads\\\/2025\\\/05\\\/wariator_TAPO_digital_6701000014.jpg\",\"datePublished\":\"2024-10-11T11:28:03+00:00\",\"dateModified\":\"2026-03-27T13:21:57+00:00\",\"breadcrumb\":{\"@id\":\"https:\\\/\\\/kme.eu\\\/kme\\\/es\\\/produkt\\\/tapo-digital\\\/#breadcrumb\"},\"inLanguage\":\"es\",\"potentialAction\":[{\"@type\":\"ReadAction\",\"target\":[\"https:\\\/\\\/kme.eu\\\/kme\\\/es\\\/produkt\\\/tapo-digital\\\/\"]}]},{\"@type\":\"ImageObject\",\"inLanguage\":\"es\",\"@id\":\"https:\\\/\\\/kme.eu\\\/kme\\\/es\\\/produkt\\\/tapo-digital\\\/#primaryimage\",\"url\":\"https:\\\/\\\/kme.eu\\\/kme\\\/wp-content\\\/uploads\\\/2025\\\/05\\\/wariator_TAPO_digital_6701000014.jpg\",\"contentUrl\":\"https:\\\/\\\/kme.eu\\\/kme\\\/wp-content\\\/uploads\\\/2025\\\/05\\\/wariator_TAPO_digital_6701000014.jpg\",\"width\":800,\"height\":900},{\"@type\":\"BreadcrumbList\",\"@id\":\"https:\\\/\\\/kme.eu\\\/kme\\\/es\\\/produkt\\\/tapo-digital\\\/#breadcrumb\",\"itemListElement\":[{\"@type\":\"ListItem\",\"position\":1,\"name\":\"Strona g\u0142\u00f3wna\",\"item\":\"https:\\\/\\\/kme.eu\\\/kme\\\/es\\\/\"},{\"@type\":\"ListItem\",\"position\":2,\"name\":\"Productos\",\"item\":\"https:\\\/\\\/kme.eu\\\/kme\\\/es\\\/productos\\\/\"},{\"@type\":\"ListItem\",\"position\":3,\"name\":\"TAPO DIGITAL\"}]},{\"@type\":\"WebSite\",\"@id\":\"https:\\\/\\\/kme.eu\\\/kme\\\/es\\\/#website\",\"url\":\"https:\\\/\\\/kme.eu\\\/kme\\\/es\\\/\",\"name\":\"KME\",\"description\":\"Autogas Systems\",\"publisher\":{\"@id\":\"https:\\\/\\\/kme.eu\\\/kme\\\/es\\\/#organization\"},\"potentialAction\":[{\"@type\":\"SearchAction\",\"target\":{\"@type\":\"EntryPoint\",\"urlTemplate\":\"https:\\\/\\\/kme.eu\\\/kme\\\/es\\\/?s={search_term_string}\"},\"query-input\":{\"@type\":\"PropertyValueSpecification\",\"valueRequired\":true,\"valueName\":\"search_term_string\"}}],\"inLanguage\":\"es\"},{\"@type\":\"Organization\",\"@id\":\"https:\\\/\\\/kme.eu\\\/kme\\\/es\\\/#organization\",\"name\":\"KME\",\"url\":\"https:\\\/\\\/kme.eu\\\/kme\\\/es\\\/\",\"logo\":{\"@type\":\"ImageObject\",\"inLanguage\":\"es\",\"@id\":\"https:\\\/\\\/kme.eu\\\/kme\\\/es\\\/#\\\/schema\\\/logo\\\/image\\\/\",\"url\":\"https:\\\/\\\/kme.eu\\\/kme\\\/wp-content\\\/uploads\\\/2020\\\/04\\\/logo_KME_RGB_small_200px.png\",\"contentUrl\":\"https:\\\/\\\/kme.eu\\\/kme\\\/wp-content\\\/uploads\\\/2020\\\/04\\\/logo_KME_RGB_small_200px.png\",\"width\":272,\"height\":200,\"caption\":\"KME\"},\"image\":{\"@id\":\"https:\\\/\\\/kme.eu\\\/kme\\\/es\\\/#\\\/schema\\\/logo\\\/image\\\/\"},\"sameAs\":[\"https:\\\/\\\/www.facebook.com\\\/KME.LPG\\\/\",\"https:\\\/\\\/www.instagram.com\\\/kme_lpg\\\/\"]}]}<\/script>\n<!-- \/ Yoast SEO plugin. -->","yoast_head_json":{"title":"TAPO DIGITAL - KME","robots":{"index":"index","follow":"follow","max-snippet":"max-snippet:-1","max-image-preview":"max-image-preview:large","max-video-preview":"max-video-preview:-1"},"canonical":"https:\/\/kme.eu\/kme\/es\/produkt\/tapo-digital\/","og_locale":"es_ES","og_type":"article","og_title":"TAPO DIGITAL - KME","og_description":"Variador de \u00e1ngulo de avance de encendido KME TAPO DIGITAL.","og_url":"https:\/\/kme.eu\/kme\/es\/produkt\/tapo-digital\/","og_site_name":"KME","article_publisher":"https:\/\/www.facebook.com\/KME.LPG\/","article_modified_time":"2026-03-27T13:21:57+00:00","og_image":[{"width":800,"height":900,"url":"https:\/\/kme.eu\/kme\/wp-content\/uploads\/2025\/05\/wariator_TAPO_digital_6701000014.jpg","type":"image\/jpeg"}],"twitter_card":"summary_large_image","twitter_misc":{"Tiempo de lectura":"2 minutos"},"schema":{"@context":"https:\/\/schema.org","@graph":[{"@type":"WebPage","@id":"https:\/\/kme.eu\/kme\/es\/produkt\/tapo-digital\/","url":"https:\/\/kme.eu\/kme\/es\/produkt\/tapo-digital\/","name":"TAPO DIGITAL - KME","isPartOf":{"@id":"https:\/\/kme.eu\/kme\/es\/#website"},"primaryImageOfPage":{"@id":"https:\/\/kme.eu\/kme\/es\/produkt\/tapo-digital\/#primaryimage"},"image":{"@id":"https:\/\/kme.eu\/kme\/es\/produkt\/tapo-digital\/#primaryimage"},"thumbnailUrl":"https:\/\/kme.eu\/kme\/wp-content\/uploads\/2025\/05\/wariator_TAPO_digital_6701000014.jpg","datePublished":"2024-10-11T11:28:03+00:00","dateModified":"2026-03-27T13:21:57+00:00","breadcrumb":{"@id":"https:\/\/kme.eu\/kme\/es\/produkt\/tapo-digital\/#breadcrumb"},"inLanguage":"es","potentialAction":[{"@type":"ReadAction","target":["https:\/\/kme.eu\/kme\/es\/produkt\/tapo-digital\/"]}]},{"@type":"ImageObject","inLanguage":"es","@id":"https:\/\/kme.eu\/kme\/es\/produkt\/tapo-digital\/#primaryimage","url":"https:\/\/kme.eu\/kme\/wp-content\/uploads\/2025\/05\/wariator_TAPO_digital_6701000014.jpg","contentUrl":"https:\/\/kme.eu\/kme\/wp-content\/uploads\/2025\/05\/wariator_TAPO_digital_6701000014.jpg","width":800,"height":900},{"@type":"BreadcrumbList","@id":"https:\/\/kme.eu\/kme\/es\/produkt\/tapo-digital\/#breadcrumb","itemListElement":[{"@type":"ListItem","position":1,"name":"Strona g\u0142\u00f3wna","item":"https:\/\/kme.eu\/kme\/es\/"},{"@type":"ListItem","position":2,"name":"Productos","item":"https:\/\/kme.eu\/kme\/es\/productos\/"},{"@type":"ListItem","position":3,"name":"TAPO DIGITAL"}]},{"@type":"WebSite","@id":"https:\/\/kme.eu\/kme\/es\/#website","url":"https:\/\/kme.eu\/kme\/es\/","name":"KME","description":"Autogas Systems","publisher":{"@id":"https:\/\/kme.eu\/kme\/es\/#organization"},"potentialAction":[{"@type":"SearchAction","target":{"@type":"EntryPoint","urlTemplate":"https:\/\/kme.eu\/kme\/es\/?s={search_term_string}"},"query-input":{"@type":"PropertyValueSpecification","valueRequired":true,"valueName":"search_term_string"}}],"inLanguage":"es"},{"@type":"Organization","@id":"https:\/\/kme.eu\/kme\/es\/#organization","name":"KME","url":"https:\/\/kme.eu\/kme\/es\/","logo":{"@type":"ImageObject","inLanguage":"es","@id":"https:\/\/kme.eu\/kme\/es\/#\/schema\/logo\/image\/","url":"https:\/\/kme.eu\/kme\/wp-content\/uploads\/2020\/04\/logo_KME_RGB_small_200px.png","contentUrl":"https:\/\/kme.eu\/kme\/wp-content\/uploads\/2020\/04\/logo_KME_RGB_small_200px.png","width":272,"height":200,"caption":"KME"},"image":{"@id":"https:\/\/kme.eu\/kme\/es\/#\/schema\/logo\/image\/"},"sameAs":["https:\/\/www.facebook.com\/KME.LPG\/","https:\/\/www.instagram.com\/kme_lpg\/"]}]}},"_links":{"self":[{"href":"https:\/\/kme.eu\/kme\/es\/wp-json\/wp\/v2\/product\/21454","targetHints":{"allow":["GET"]}}],"collection":[{"href":"https:\/\/kme.eu\/kme\/es\/wp-json\/wp\/v2\/product"}],"about":[{"href":"https:\/\/kme.eu\/kme\/es\/wp-json\/wp\/v2\/types\/product"}],"wp:featuredmedia":[{"embeddable":true,"href":"https:\/\/kme.eu\/kme\/es\/wp-json\/wp\/v2\/media\/19886"}],"wp:attachment":[{"href":"https:\/\/kme.eu\/kme\/es\/wp-json\/wp\/v2\/media?parent=21454"}],"wp:term":[{"taxonomy":"product_brand","embeddable":true,"href":"https:\/\/kme.eu\/kme\/es\/wp-json\/wp\/v2\/product_brand?post=21454"},{"taxonomy":"product_cat","embeddable":true,"href":"https:\/\/kme.eu\/kme\/es\/wp-json\/wp\/v2\/product_cat?post=21454"},{"taxonomy":"product_tag","embeddable":true,"href":"https:\/\/kme.eu\/kme\/es\/wp-json\/wp\/v2\/product_tag?post=21454"}],"curies":[{"name":"wp","href":"https:\/\/api.w.org\/{rel}","templated":true}]}}