{"id":21462,"date":"2023-10-17T11:41:44","date_gmt":"2023-10-17T09:41:44","guid":{"rendered":"https:\/\/kme.eu\/kme\/produkt\/emulador-de-valvula-de-bomba-ezp1-12-ohm\/"},"modified":"2026-03-27T14:48:37","modified_gmt":"2026-03-27T13:48:37","slug":"emulador-de-valvula-de-bomba-ezp1-12-ohm","status":"publish","type":"product","link":"https:\/\/kme.eu\/kme\/es\/produkt\/emulador-de-valvula-de-bomba-ezp1-12-ohm\/","title":{"rendered":"Emulador de v\u00e1lvula de bomba EZP1 &#8211; 12 ohm"},"content":{"rendered":"<h5>Variantes del producto<\/h5>\n<ol>\n<li><strong>EZP1 &#8211; 2\u2126<\/strong><\/li>\n<li><strong>EZP1 &#8211; 12\u2126<\/strong><\/li>\n<li><strong>EZP1 &#8211; 1\u2126<\/strong><\/li>\n<\/ol>\n<p><script>\n   $(window).on('load', function(){\n      $(\".sdm_download\").each(function( index, element ){\n         console.log($(this));\n         $(this).attr('target','_blank');\n      });\n   });\n<\/script><\/p>\n","protected":false},"excerpt":{"rendered":"<p>El emulador de v\u00e1lvula de bomba reduce el consumo de combustible y prolonga la vida \u00fatil de la bomba de alta presi\u00f3n.<\/p>\n","protected":false},"featured_media":17180,"template":"","meta":[],"product_brand":[],"product_cat":[287050],"product_tag":[592742],"class_list":{"0":"post-21462","1":"product","2":"type-product","3":"status-publish","4":"has-post-thumbnail","6":"product_cat-accesorios","7":"product_tag-emulador","8":"pa_rezystancja-cewki-10-ohm-5-es","10":"first","11":"instock","12":"shipping-taxable","13":"product-type-simple"},"acf":[],"yoast_head":"<!-- This site is optimized with the Yoast SEO plugin v27.4 - https:\/\/yoast.com\/product\/yoast-seo-wordpress\/ -->\n<title>Emulador de v\u00e1lvula de bomba EZP1 - 12 ohm - KME<\/title>\n<meta name=\"robots\" content=\"index, follow, max-snippet:-1, max-image-preview:large, max-video-preview:-1\" \/>\n<link rel=\"canonical\" href=\"https:\/\/kme.eu\/kme\/es\/produkt\/emulador-de-valvula-de-bomba-ezp1-12-ohm\/\" \/>\n<meta property=\"og:locale\" content=\"es_ES\" \/>\n<meta property=\"og:type\" content=\"article\" \/>\n<meta property=\"og:title\" content=\"Emulador de v\u00e1lvula de bomba EZP1 - 12 ohm - KME\" \/>\n<meta property=\"og:description\" content=\"El emulador de v\u00e1lvula de bomba reduce el consumo de combustible y prolonga la vida \u00fatil de la bomba de alta presi\u00f3n.\" \/>\n<meta property=\"og:url\" content=\"https:\/\/kme.eu\/kme\/es\/produkt\/emulador-de-valvula-de-bomba-ezp1-12-ohm\/\" \/>\n<meta property=\"og:site_name\" content=\"KME\" \/>\n<meta property=\"article:publisher\" content=\"https:\/\/www.facebook.com\/KME.LPG\/\" \/>\n<meta property=\"article:modified_time\" content=\"2026-03-27T13:48:37+00:00\" \/>\n<meta property=\"og:image\" content=\"https:\/\/kme.eu\/kme\/wp-content\/uploads\/2023\/10\/EMULATOR-ZAWORU-POMPY-EZP1-12-Ohm_6701000010.jpg\" \/>\n\t<meta property=\"og:image:width\" content=\"800\" \/>\n\t<meta property=\"og:image:height\" content=\"800\" \/>\n\t<meta property=\"og:image:type\" content=\"image\/jpeg\" \/>\n<meta name=\"twitter:card\" content=\"summary_large_image\" \/>\n<script type=\"application\/ld+json\" class=\"yoast-schema-graph\">{\"@context\":\"https:\\\/\\\/schema.org\",\"@graph\":[{\"@type\":\"WebPage\",\"@id\":\"https:\\\/\\\/kme.eu\\\/kme\\\/es\\\/produkt\\\/emulador-de-valvula-de-bomba-ezp1-12-ohm\\\/\",\"url\":\"https:\\\/\\\/kme.eu\\\/kme\\\/es\\\/produkt\\\/emulador-de-valvula-de-bomba-ezp1-12-ohm\\\/\",\"name\":\"Emulador de v\u00e1lvula de bomba EZP1 - 12 ohm - KME\",\"isPartOf\":{\"@id\":\"https:\\\/\\\/kme.eu\\\/kme\\\/es\\\/#website\"},\"primaryImageOfPage\":{\"@id\":\"https:\\\/\\\/kme.eu\\\/kme\\\/es\\\/produkt\\\/emulador-de-valvula-de-bomba-ezp1-12-ohm\\\/#primaryimage\"},\"image\":{\"@id\":\"https:\\\/\\\/kme.eu\\\/kme\\\/es\\\/produkt\\\/emulador-de-valvula-de-bomba-ezp1-12-ohm\\\/#primaryimage\"},\"thumbnailUrl\":\"https:\\\/\\\/kme.eu\\\/kme\\\/wp-content\\\/uploads\\\/2023\\\/10\\\/EMULATOR-ZAWORU-POMPY-EZP1-12-Ohm_6701000010.jpg\",\"datePublished\":\"2023-10-17T09:41:44+00:00\",\"dateModified\":\"2026-03-27T13:48:37+00:00\",\"breadcrumb\":{\"@id\":\"https:\\\/\\\/kme.eu\\\/kme\\\/es\\\/produkt\\\/emulador-de-valvula-de-bomba-ezp1-12-ohm\\\/#breadcrumb\"},\"inLanguage\":\"es\",\"potentialAction\":[{\"@type\":\"ReadAction\",\"target\":[\"https:\\\/\\\/kme.eu\\\/kme\\\/es\\\/produkt\\\/emulador-de-valvula-de-bomba-ezp1-12-ohm\\\/\"]}]},{\"@type\":\"ImageObject\",\"inLanguage\":\"es\",\"@id\":\"https:\\\/\\\/kme.eu\\\/kme\\\/es\\\/produkt\\\/emulador-de-valvula-de-bomba-ezp1-12-ohm\\\/#primaryimage\",\"url\":\"https:\\\/\\\/kme.eu\\\/kme\\\/wp-content\\\/uploads\\\/2023\\\/10\\\/EMULATOR-ZAWORU-POMPY-EZP1-12-Ohm_6701000010.jpg\",\"contentUrl\":\"https:\\\/\\\/kme.eu\\\/kme\\\/wp-content\\\/uploads\\\/2023\\\/10\\\/EMULATOR-ZAWORU-POMPY-EZP1-12-Ohm_6701000010.jpg\",\"width\":800,\"height\":800},{\"@type\":\"BreadcrumbList\",\"@id\":\"https:\\\/\\\/kme.eu\\\/kme\\\/es\\\/produkt\\\/emulador-de-valvula-de-bomba-ezp1-12-ohm\\\/#breadcrumb\",\"itemListElement\":[{\"@type\":\"ListItem\",\"position\":1,\"name\":\"Strona g\u0142\u00f3wna\",\"item\":\"https:\\\/\\\/kme.eu\\\/kme\\\/es\\\/\"},{\"@type\":\"ListItem\",\"position\":2,\"name\":\"Productos\",\"item\":\"https:\\\/\\\/kme.eu\\\/kme\\\/es\\\/productos\\\/\"},{\"@type\":\"ListItem\",\"position\":3,\"name\":\"Emulador de v\u00e1lvula de bomba EZP1 &#8211; 12 ohm\"}]},{\"@type\":\"WebSite\",\"@id\":\"https:\\\/\\\/kme.eu\\\/kme\\\/es\\\/#website\",\"url\":\"https:\\\/\\\/kme.eu\\\/kme\\\/es\\\/\",\"name\":\"KME\",\"description\":\"Autogas Systems\",\"publisher\":{\"@id\":\"https:\\\/\\\/kme.eu\\\/kme\\\/es\\\/#organization\"},\"potentialAction\":[{\"@type\":\"SearchAction\",\"target\":{\"@type\":\"EntryPoint\",\"urlTemplate\":\"https:\\\/\\\/kme.eu\\\/kme\\\/es\\\/?s={search_term_string}\"},\"query-input\":{\"@type\":\"PropertyValueSpecification\",\"valueRequired\":true,\"valueName\":\"search_term_string\"}}],\"inLanguage\":\"es\"},{\"@type\":\"Organization\",\"@id\":\"https:\\\/\\\/kme.eu\\\/kme\\\/es\\\/#organization\",\"name\":\"KME\",\"url\":\"https:\\\/\\\/kme.eu\\\/kme\\\/es\\\/\",\"logo\":{\"@type\":\"ImageObject\",\"inLanguage\":\"es\",\"@id\":\"https:\\\/\\\/kme.eu\\\/kme\\\/es\\\/#\\\/schema\\\/logo\\\/image\\\/\",\"url\":\"https:\\\/\\\/kme.eu\\\/kme\\\/wp-content\\\/uploads\\\/2020\\\/04\\\/logo_KME_RGB_small_200px.png\",\"contentUrl\":\"https:\\\/\\\/kme.eu\\\/kme\\\/wp-content\\\/uploads\\\/2020\\\/04\\\/logo_KME_RGB_small_200px.png\",\"width\":272,\"height\":200,\"caption\":\"KME\"},\"image\":{\"@id\":\"https:\\\/\\\/kme.eu\\\/kme\\\/es\\\/#\\\/schema\\\/logo\\\/image\\\/\"},\"sameAs\":[\"https:\\\/\\\/www.facebook.com\\\/KME.LPG\\\/\",\"https:\\\/\\\/www.instagram.com\\\/kme_lpg\\\/\"]}]}<\/script>\n<!-- \/ Yoast SEO plugin. -->","yoast_head_json":{"title":"Emulador de v\u00e1lvula de bomba EZP1 - 12 ohm - KME","robots":{"index":"index","follow":"follow","max-snippet":"max-snippet:-1","max-image-preview":"max-image-preview:large","max-video-preview":"max-video-preview:-1"},"canonical":"https:\/\/kme.eu\/kme\/es\/produkt\/emulador-de-valvula-de-bomba-ezp1-12-ohm\/","og_locale":"es_ES","og_type":"article","og_title":"Emulador de v\u00e1lvula de bomba EZP1 - 12 ohm - KME","og_description":"El emulador de v\u00e1lvula de bomba reduce el consumo de combustible y prolonga la vida \u00fatil de la bomba de alta presi\u00f3n.","og_url":"https:\/\/kme.eu\/kme\/es\/produkt\/emulador-de-valvula-de-bomba-ezp1-12-ohm\/","og_site_name":"KME","article_publisher":"https:\/\/www.facebook.com\/KME.LPG\/","article_modified_time":"2026-03-27T13:48:37+00:00","og_image":[{"width":800,"height":800,"url":"https:\/\/kme.eu\/kme\/wp-content\/uploads\/2023\/10\/EMULATOR-ZAWORU-POMPY-EZP1-12-Ohm_6701000010.jpg","type":"image\/jpeg"}],"twitter_card":"summary_large_image","schema":{"@context":"https:\/\/schema.org","@graph":[{"@type":"WebPage","@id":"https:\/\/kme.eu\/kme\/es\/produkt\/emulador-de-valvula-de-bomba-ezp1-12-ohm\/","url":"https:\/\/kme.eu\/kme\/es\/produkt\/emulador-de-valvula-de-bomba-ezp1-12-ohm\/","name":"Emulador de v\u00e1lvula de bomba EZP1 - 12 ohm - KME","isPartOf":{"@id":"https:\/\/kme.eu\/kme\/es\/#website"},"primaryImageOfPage":{"@id":"https:\/\/kme.eu\/kme\/es\/produkt\/emulador-de-valvula-de-bomba-ezp1-12-ohm\/#primaryimage"},"image":{"@id":"https:\/\/kme.eu\/kme\/es\/produkt\/emulador-de-valvula-de-bomba-ezp1-12-ohm\/#primaryimage"},"thumbnailUrl":"https:\/\/kme.eu\/kme\/wp-content\/uploads\/2023\/10\/EMULATOR-ZAWORU-POMPY-EZP1-12-Ohm_6701000010.jpg","datePublished":"2023-10-17T09:41:44+00:00","dateModified":"2026-03-27T13:48:37+00:00","breadcrumb":{"@id":"https:\/\/kme.eu\/kme\/es\/produkt\/emulador-de-valvula-de-bomba-ezp1-12-ohm\/#breadcrumb"},"inLanguage":"es","potentialAction":[{"@type":"ReadAction","target":["https:\/\/kme.eu\/kme\/es\/produkt\/emulador-de-valvula-de-bomba-ezp1-12-ohm\/"]}]},{"@type":"ImageObject","inLanguage":"es","@id":"https:\/\/kme.eu\/kme\/es\/produkt\/emulador-de-valvula-de-bomba-ezp1-12-ohm\/#primaryimage","url":"https:\/\/kme.eu\/kme\/wp-content\/uploads\/2023\/10\/EMULATOR-ZAWORU-POMPY-EZP1-12-Ohm_6701000010.jpg","contentUrl":"https:\/\/kme.eu\/kme\/wp-content\/uploads\/2023\/10\/EMULATOR-ZAWORU-POMPY-EZP1-12-Ohm_6701000010.jpg","width":800,"height":800},{"@type":"BreadcrumbList","@id":"https:\/\/kme.eu\/kme\/es\/produkt\/emulador-de-valvula-de-bomba-ezp1-12-ohm\/#breadcrumb","itemListElement":[{"@type":"ListItem","position":1,"name":"Strona g\u0142\u00f3wna","item":"https:\/\/kme.eu\/kme\/es\/"},{"@type":"ListItem","position":2,"name":"Productos","item":"https:\/\/kme.eu\/kme\/es\/productos\/"},{"@type":"ListItem","position":3,"name":"Emulador de v\u00e1lvula de bomba EZP1 &#8211; 12 ohm"}]},{"@type":"WebSite","@id":"https:\/\/kme.eu\/kme\/es\/#website","url":"https:\/\/kme.eu\/kme\/es\/","name":"KME","description":"Autogas Systems","publisher":{"@id":"https:\/\/kme.eu\/kme\/es\/#organization"},"potentialAction":[{"@type":"SearchAction","target":{"@type":"EntryPoint","urlTemplate":"https:\/\/kme.eu\/kme\/es\/?s={search_term_string}"},"query-input":{"@type":"PropertyValueSpecification","valueRequired":true,"valueName":"search_term_string"}}],"inLanguage":"es"},{"@type":"Organization","@id":"https:\/\/kme.eu\/kme\/es\/#organization","name":"KME","url":"https:\/\/kme.eu\/kme\/es\/","logo":{"@type":"ImageObject","inLanguage":"es","@id":"https:\/\/kme.eu\/kme\/es\/#\/schema\/logo\/image\/","url":"https:\/\/kme.eu\/kme\/wp-content\/uploads\/2020\/04\/logo_KME_RGB_small_200px.png","contentUrl":"https:\/\/kme.eu\/kme\/wp-content\/uploads\/2020\/04\/logo_KME_RGB_small_200px.png","width":272,"height":200,"caption":"KME"},"image":{"@id":"https:\/\/kme.eu\/kme\/es\/#\/schema\/logo\/image\/"},"sameAs":["https:\/\/www.facebook.com\/KME.LPG\/","https:\/\/www.instagram.com\/kme_lpg\/"]}]}},"_links":{"self":[{"href":"https:\/\/kme.eu\/kme\/es\/wp-json\/wp\/v2\/product\/21462","targetHints":{"allow":["GET"]}}],"collection":[{"href":"https:\/\/kme.eu\/kme\/es\/wp-json\/wp\/v2\/product"}],"about":[{"href":"https:\/\/kme.eu\/kme\/es\/wp-json\/wp\/v2\/types\/product"}],"wp:featuredmedia":[{"embeddable":true,"href":"https:\/\/kme.eu\/kme\/es\/wp-json\/wp\/v2\/media\/17180"}],"wp:attachment":[{"href":"https:\/\/kme.eu\/kme\/es\/wp-json\/wp\/v2\/media?parent=21462"}],"wp:term":[{"taxonomy":"product_brand","embeddable":true,"href":"https:\/\/kme.eu\/kme\/es\/wp-json\/wp\/v2\/product_brand?post=21462"},{"taxonomy":"product_cat","embeddable":true,"href":"https:\/\/kme.eu\/kme\/es\/wp-json\/wp\/v2\/product_cat?post=21462"},{"taxonomy":"product_tag","embeddable":true,"href":"https:\/\/kme.eu\/kme\/es\/wp-json\/wp\/v2\/product_tag?post=21462"}],"curies":[{"name":"wp","href":"https:\/\/api.w.org\/{rel}","templated":true}]}}