{"id":21477,"date":"2022-11-10T15:12:30","date_gmt":"2022-11-10T14:12:30","guid":{"rendered":"https:\/\/kme.eu\/kme\/produkt\/fenix-blue-2-cilindros-tira\/"},"modified":"2026-03-27T15:11:25","modified_gmt":"2026-03-27T14:11:25","slug":"fenix-blue-2-cilindros-tira","status":"publish","type":"product","link":"https:\/\/kme.eu\/kme\/es\/produkt\/fenix-blue-2-cilindros-tira\/","title":{"rendered":"FENIX BLUE 2 cilindros \u2013 tira"},"content":{"rendered":"<div style=\"height: 5px; border-top: thin solid #ebbe4f;\"><\/div>\n<div style=\"margin-top: 30px; height: 100px;\"><a href=\"https:\/\/kme.eu\/kme\/wp-content\/uploads\/2021\/01\/wtryskiwacze_ikona_bezpieczenstwo-1.png\"><img loading=\"lazy\" decoding=\"async\" class=\"alignnone wp-image-10676 size-full\" src=\"https:\/\/kme.eu\/kme\/wp-content\/uploads\/2021\/01\/wtryskiwacze_ikona_bezpieczenstwo-1.png\" alt=\"\" width=\"101\" height=\"100\"><\/a><\/div>\n<div style=\"margin-top: 30px;\">Las ventajas de los inyectores FENIX BLUE incluyen su velocidad y <strong>tiempos de apertura cortos y estables<\/strong>. Adem\u00e1s, se caracterizan por una alta <strong>estabilidad del flujo de gas<\/strong> y una dosificaci\u00f3n precisa en condiciones din\u00e1micas. Esto es especialmente importante para los sistemas de inyecci\u00f3n directa de combustible debido a su funcionamiento din\u00e1mico.<br \/>\nPara garantizar la alta calidad de los inyectores, KME, como fabricante de soluciones integrales para autogas, ha implementado mecanismos de control de par\u00e1metros adecuados y ha seleccionado cuidadosamente los materiales id\u00f3neos.  <\/div>\n<div><\/div>\n<div style=\"margin-top: 30px; height: 100px;\">\n<div style=\"float: left; margin-right: 20px;\"><a href=\"https:\/\/kme.eu\/kme\/wp-content\/uploads\/2021\/01\/wtryskiwacze_ikona_odpornosc-1.png\"><img loading=\"lazy\" decoding=\"async\" class=\"alignnone wp-image-10678 size-full\" src=\"https:\/\/kme.eu\/kme\/wp-content\/uploads\/2021\/01\/wtryskiwacze_ikona_odpornosc-1.png\" alt=\"\" width=\"101\" height=\"100\"><\/a><\/div>\n<div style=\"float: left;\"><a href=\"https:\/\/kme.eu\/kme\/wp-content\/uploads\/2021\/01\/wtryskiwacze_ikona_temperatura-1.png\"><img loading=\"lazy\" decoding=\"async\" class=\"alignnone wp-image-10679 size-full\" src=\"https:\/\/kme.eu\/kme\/wp-content\/uploads\/2021\/01\/wtryskiwacze_ikona_temperatura-1.png\" alt=\"\" width=\"101\" height=\"100\"><\/a><\/div>\n<\/div>\n<div style=\"margin-top: 30px; clear: left;\">El producto incorpora <strong>juntas de fluoroelast\u00f3mero<\/strong> (FKM) y modernos recubrimientos deslizantes de fluoropol\u00edmero (antiadherentes y anticongelantes), lo que le confiere una <strong>excepcional resistencia a la contaminaci\u00f3n por combustible y a las bajas temperaturas<\/strong>. El inyector est\u00e1 equipado con un conector Superseal est\u00e1ndar de 2 pines. <\/div>\n<div><\/div>\n<div style=\"margin-top: 30px; height: 100px;\"><a href=\"https:\/\/kme.eu\/kme\/wp-content\/uploads\/2021\/01\/wtryskiwacze_ikona_montaz-1.png\"><img loading=\"lazy\" decoding=\"async\" class=\"alignnone wp-image-10677 size-full\" src=\"https:\/\/kme.eu\/kme\/wp-content\/uploads\/2021\/01\/wtryskiwacze_ikona_montaz-1.png\" alt=\"\" width=\"101\" height=\"100\"><\/a><\/div>\n<div style=\"margin-top: 30px;\">Los inyectores FENIX BLUE se pueden instalar utilizando <strong>colectores <\/strong>o <strong>codos <\/strong>y tes <strong>espec\u00edficos<\/strong>. Esto <strong>simplifica <\/strong>considerablemente la instalaci\u00f3n para el t\u00e9cnico, permitiendo colocar el inyector <strong>f\u00e1cilmente incluso<\/strong> en lugares de dif\u00edcil acceso. <\/div>\n<div style=\"margin-top: 50px; border-top: thin solid #ebbe4f;\"><\/div>\n<div style=\"margin-top: 30px;\"><img loading=\"lazy\" decoding=\"async\" class=\"alignnone wp-image-10662 size-full\" src=\"https:\/\/kme.eu\/kme\/wp-content\/uploads\/2021\/01\/wtryskiwacze_zestaw_01.jpg\" alt=\"\" width=\"600\" height=\"160\" srcset=\"https:\/\/kme.eu\/kme\/wp-content\/uploads\/2021\/01\/wtryskiwacze_zestaw_01.jpg 600w, https:\/\/kme.eu\/kme\/wp-content\/uploads\/2021\/01\/wtryskiwacze_zestaw_01-300x80.jpg 300w\" sizes=\"auto, (max-width: 600px) 100vw, 600px\" \/><\/div>\n<div><img loading=\"lazy\" decoding=\"async\" class=\"alignnone wp-image-10663 size-full\" src=\"https:\/\/kme.eu\/kme\/wp-content\/uploads\/2021\/01\/wtryskiwacze_zestaw_02.jpg\" alt=\"\" width=\"600\" height=\"176\" srcset=\"https:\/\/kme.eu\/kme\/wp-content\/uploads\/2021\/01\/wtryskiwacze_zestaw_02.jpg 600w, https:\/\/kme.eu\/kme\/wp-content\/uploads\/2021\/01\/wtryskiwacze_zestaw_02-300x88.jpg 300w\" sizes=\"auto, (max-width: 600px) 100vw, 600px\" \/><\/div>\n<div><img loading=\"lazy\" decoding=\"async\" class=\"alignnone wp-image-10664 size-full\" src=\"https:\/\/kme.eu\/kme\/wp-content\/uploads\/2021\/01\/wtryskiwacze_zestaw_03.jpg\" alt=\"\" width=\"600\" height=\"176\" srcset=\"https:\/\/kme.eu\/kme\/wp-content\/uploads\/2021\/01\/wtryskiwacze_zestaw_03.jpg 600w, https:\/\/kme.eu\/kme\/wp-content\/uploads\/2021\/01\/wtryskiwacze_zestaw_03-300x88.jpg 300w\" sizes=\"auto, (max-width: 600px) 100vw, 600px\" \/><\/div>\n<div style=\"margin-top: 50px; border-top: thin solid #ebbe4f;\"><\/div>\n<div style=\"margin-top: 30px;\"><img loading=\"lazy\" decoding=\"async\" class=\"alignnone wp-image-10665 size-full\" src=\"https:\/\/kme.eu\/kme\/wp-content\/uploads\/2021\/01\/wtryskiwacze_zestaw_04.jpg\" alt=\"\" width=\"600\" height=\"160\" srcset=\"https:\/\/kme.eu\/kme\/wp-content\/uploads\/2021\/01\/wtryskiwacze_zestaw_04.jpg 600w, https:\/\/kme.eu\/kme\/wp-content\/uploads\/2021\/01\/wtryskiwacze_zestaw_04-300x80.jpg 300w\" sizes=\"auto, (max-width: 600px) 100vw, 600px\" \/><\/div>\n<div><img loading=\"lazy\" decoding=\"async\" class=\"alignnone wp-image-10666 size-full\" src=\"https:\/\/kme.eu\/kme\/wp-content\/uploads\/2021\/01\/wtryskiwacze_zestaw_05.jpg\" alt=\"\" width=\"600\" height=\"224\" srcset=\"https:\/\/kme.eu\/kme\/wp-content\/uploads\/2021\/01\/wtryskiwacze_zestaw_05.jpg 600w, https:\/\/kme.eu\/kme\/wp-content\/uploads\/2021\/01\/wtryskiwacze_zestaw_05-300x112.jpg 300w\" sizes=\"auto, (max-width: 600px) 100vw, 600px\" \/><\/div>\n<div style=\"margin-top: 50px; border-top: thin solid #ebbe4f;\"><\/div>\n<div style=\"margin-top: 30px;\"><img loading=\"lazy\" decoding=\"async\" class=\"alignnone wp-image-10667 size-full\" src=\"https:\/\/kme.eu\/kme\/wp-content\/uploads\/2021\/01\/wtryskiwacze_zestaw_06.jpg\" alt=\"\" width=\"600\" height=\"176\" srcset=\"https:\/\/kme.eu\/kme\/wp-content\/uploads\/2021\/01\/wtryskiwacze_zestaw_06.jpg 600w, https:\/\/kme.eu\/kme\/wp-content\/uploads\/2021\/01\/wtryskiwacze_zestaw_06-300x88.jpg 300w\" sizes=\"auto, (max-width: 600px) 100vw, 600px\" \/><\/div>\n<div style=\"margin-top: 50px; border-top: thin solid #ebbe4f;\"><\/div>\n<div style=\"margin-top: 30px;\"><img loading=\"lazy\" decoding=\"async\" class=\"alignnone wp-image-10668 size-full\" src=\"https:\/\/kme.eu\/kme\/wp-content\/uploads\/2021\/01\/wtryskiwacze_zestaw_07.jpg\" alt=\"\" width=\"600\" height=\"176\" srcset=\"https:\/\/kme.eu\/kme\/wp-content\/uploads\/2021\/01\/wtryskiwacze_zestaw_07.jpg 600w, https:\/\/kme.eu\/kme\/wp-content\/uploads\/2021\/01\/wtryskiwacze_zestaw_07-300x88.jpg 300w\" sizes=\"auto, (max-width: 600px) 100vw, 600px\" \/><\/div>\n<div><\/div>\n<h5><strong>Selecci\u00f3n del di\u00e1metro de las boquillas de los inyectores<\/strong><\/h5>\n<div style=\"width: 50%;\">\n<table style=\"width: 100%; font-size: 15px; border: thin solid black;\">\n<tbody>\n<tr style=\"background-color: #f4f4f4; border-bottom: thin solid black;\">\n<td style=\"width: 9%; border-right: thin solid black;\">\n<p style=\"margin: 1px; padding: 5px; text-align: center;\">\u00d8 [mm]<\/p>\n<\/td>\n<td style=\"width: 30%; border-right: thin solid black;\">\n<p style=\"margin: 1px; padding: 5px; text-align: center;\">1,0 [bar]<\/p>\n<\/td>\n<td style=\"width: 30%; border-right: thin solid black;\">\n<p style=\"margin: 1px; padding: 5px; text-align: center;\">1,25 [bar]<\/p>\n<\/td>\n<td style=\"width: 30%;\">\n<p style=\"margin: 1px; padding: 5px; text-align: center;\">1,5 [bar]<\/p>\n<\/td>\n<\/tr>\n<tr style=\"border-bottom: thin solid black;\">\n<td style=\"width: 9%; border-right: thin solid black;\">\n<table style=\"width: 100%; margin: 0px; padding 0px; background-color: white;\">\n<tbody>\n<tr>\n<td style=\"text-align: center;\">1,5<\/td>\n<\/tr>\n<tr>\n<td style=\"background-color: #f4f4f4; text-align: center;\">1,6<\/td>\n<\/tr>\n<tr>\n<td style=\"text-align: center;\">1,7<\/td>\n<\/tr>\n<\/tbody>\n<\/table>\n<\/td>\n<td style=\"width: 30%; border-right: thin solid black;\">\n<p style=\"margin: 1px; padding: 5px; text-align: center;\">17\u00f723 HP | KM<\/p>\n<\/td>\n<td style=\"width: 30%; border-right: thin solid black;\">\n<p style=\"margin: 1px; padding: 5px; text-align: center;\">19\u00f725 HP | KM<\/p>\n<\/td>\n<td style=\"width: 30%;\">\n<p style=\"margin: 1px; padding: 5px; text-align: center;\">21\u00f728 HP | KM<\/p>\n<\/td>\n<\/tr>\n<tr style=\"background-color: #f4f4f4; border-bottom: thin solid black;\">\n<td style=\"width: 9%; border-right: thin solid black;\">\n<table style=\"width: 100%; margin: 0px; padding 0px; background-color: white;\">\n<tbody>\n<tr>\n<td style=\"background-color: #f4f4f4; text-align: center;\">1,8<\/td>\n<\/tr>\n<tr>\n<td style=\"text-align: center;\">1,9<\/td>\n<\/tr>\n<tr>\n<td style=\"background-color: #f4f4f4; text-align: center;\">2,0<\/td>\n<\/tr>\n<\/tbody>\n<\/table>\n<\/td>\n<td style=\"width: 30%; border-right: thin solid black;\">\n<p style=\"margin: 1px; padding: 5px; text-align: center;\">24\u00f728 HP | KM<\/p>\n<\/td>\n<td style=\"width: 30%; border-right: thin solid black;\">\n<p style=\"margin: 1px; padding: 5px; text-align: center;\">27\u00f732 HP | KM<\/p>\n<\/td>\n<td style=\"width: 30%;\">\n<p style=\"margin: 1px; padding: 5px; text-align: center;\">31\u00f736 HP | KM<\/p>\n<\/td>\n<\/tr>\n<tr style=\"border-bottom: thin solid black;\">\n<td style=\"width: 9%; border-right: thin solid black;\">\n<table style=\"width: 100%; margin: 0px; padding 0px; background-color: white;\">\n<tbody>\n<tr>\n<td style=\"text-align: center;\">2,1<\/td>\n<\/tr>\n<tr>\n<td style=\"background-color: #f4f4f4; text-align: center;\">2,2<\/td>\n<\/tr>\n<tr>\n<td style=\"text-align: center;\">2,3<\/td>\n<\/tr>\n<\/tbody>\n<\/table>\n<\/td>\n<td style=\"width: 30%; border-right: thin solid black;\">\n<p style=\"margin: 1px; padding: 5px; text-align: center;\">31\u00f735 HP | KM<\/p>\n<\/td>\n<td style=\"width: 30%; border-right: thin solid black;\">\n<p style=\"margin: 1px; padding: 5px; text-align: center;\">35\u00f740 HP | KM<\/p>\n<\/td>\n<td style=\"width: 30%;\">\n<p style=\"margin: 1px; padding: 5px; text-align: center;\">39\u00f745 HP | KM<\/p>\n<\/td>\n<\/tr>\n<tr style=\"background-color: #f4f4f4; border-bottom: thin solid black;\">\n<td style=\"width: 9%; border-right: thin solid black;\">\n<table style=\"width: 100%; margin: 0px; padding 0px; background-color: white;\">\n<tbody>\n<tr>\n<td style=\"background-color: #f4f4f4; text-align: center;\">2,4<\/td>\n<\/tr>\n<tr>\n<td style=\"text-align: center;\">2,5<\/td>\n<\/tr>\n<tr>\n<td style=\"background-color: #f4f4f4; text-align: center;\">2,6<\/td>\n<\/tr>\n<\/tbody>\n<\/table>\n<\/td>\n<td style=\"width: 30%; border-right: thin solid black;\">\n<p style=\"margin: 1px; padding: 5px; text-align: center;\">37\u00f740 HP | KM<\/p>\n<\/td>\n<td style=\"width: 30%; border-right: thin solid black;\">\n<p style=\"margin: 1px; padding: 5px; text-align: center;\">43\u00f746 HP | KM<\/p>\n<\/td>\n<td style=\"width: 30%;\">\n<p style=\"margin: 1px; padding: 5px; text-align: center;\">48\u00f752 HP | KM<\/p>\n<\/td>\n<\/tr>\n<tr style=\"border-bottom: thin solid black;\">\n<td style=\"width: 9%; border-right: thin solid black;\">\n<table style=\"width: 100%; margin: 0px; padding 0px; background-color: white;\">\n<tbody>\n<tr>\n<td style=\"text-align: center;\">2,7<\/td>\n<\/tr>\n<tr>\n<td style=\"background-color: #f4f4f4; text-align: center;\">2,8<\/td>\n<\/tr>\n<tr>\n<td style=\"text-align: center;\">2,9<\/td>\n<\/tr>\n<tr>\n<td style=\"background-color: #f4f4f4; text-align: center;\">3,0<\/td>\n<\/tr>\n<\/tbody>\n<\/table>\n<\/td>\n<td style=\"width: 30%; border-right: thin solid black;\">\n<p style=\"margin: 1px; padding: 5px; text-align: center;\">41\u00f745 HP | KM<\/p>\n<\/td>\n<td style=\"width: 30%; border-right: thin solid black;\">\n<p style=\"margin: 1px; padding: 5px; text-align: center;\">47\u00f752 HP | KM<\/p>\n<\/td>\n<td style=\"width: 30%;\">\n<p style=\"margin: 1px; padding: 5px; text-align: center;\">53\u00f759 HP | KM<\/p>\n<\/td>\n<\/tr>\n<\/tbody>\n<\/table>\n<\/div>\n<div>La tabla muestra los valores de selecci\u00f3n del di\u00e1metro de las boquillas del inyector en funci\u00f3n de la potencia por cilindro. Estos valores son orientativos y se ofrecen a t\u00edtulo de sugerencia. En algunos casos, deben ajustarse en funci\u00f3n del motor concreto y de la configuraci\u00f3n del sistema. Recomendamos utilizar los inyectores junto con las boquillas.   <\/div>\n<h5><strong><div class=\"mkdf-separator-holder clearfix  mkdf-separator-center mkdf-separator-normal\">\n\t<div class=\"mkdf-separator\" ><\/div>\n<\/div>\nM\u00e9todo de escariado de boquillas de inyectores<\/strong><\/h5>\n<p><img loading=\"lazy\" decoding=\"async\" class=\"alignnone wp-image-10615 size-full\" src=\"https:\/\/kme.eu\/kme\/wp-content\/uploads\/2020\/06\/wtryskiwacze_rozwiercanie.jpg\" alt=\"\" width=\"810\" height=\"360\" srcset=\"https:\/\/kme.eu\/kme\/wp-content\/uploads\/2020\/06\/wtryskiwacze_rozwiercanie.jpg 810w, https:\/\/kme.eu\/kme\/wp-content\/uploads\/2020\/06\/wtryskiwacze_rozwiercanie-300x133.jpg 300w, https:\/\/kme.eu\/kme\/wp-content\/uploads\/2020\/06\/wtryskiwacze_rozwiercanie-768x341.jpg 768w, https:\/\/kme.eu\/kme\/wp-content\/uploads\/2020\/06\/wtryskiwacze_rozwiercanie-600x267.jpg 600w\" sizes=\"auto, (max-width: 810px) 100vw, 810px\" \/><\/p>\n<h5><div class=\"mkdf-separator-holder clearfix  mkdf-separator-center mkdf-separator-normal\">\n\t<div class=\"mkdf-separator\" ><\/div>\n<\/div>\nC\u00f3mo instalar inyectores<\/h5>\n<p><img loading=\"lazy\" decoding=\"async\" class=\"alignnone wp-image-10613 size-full\" src=\"https:\/\/kme.eu\/kme\/wp-content\/uploads\/2021\/01\/wtryskiwacze_montaz.jpg\" alt=\"\" width=\"810\" height=\"360\" srcset=\"https:\/\/kme.eu\/kme\/wp-content\/uploads\/2021\/01\/wtryskiwacze_montaz.jpg 810w, https:\/\/kme.eu\/kme\/wp-content\/uploads\/2021\/01\/wtryskiwacze_montaz-300x133.jpg 300w, https:\/\/kme.eu\/kme\/wp-content\/uploads\/2021\/01\/wtryskiwacze_montaz-768x341.jpg 768w, https:\/\/kme.eu\/kme\/wp-content\/uploads\/2021\/01\/wtryskiwacze_montaz-600x267.jpg 600w\" sizes=\"auto, (max-width: 810px) 100vw, 810px\" \/><\/p>\n<p>&nbsp;<\/p>\n<p>&nbsp;<\/p>\n<p>&nbsp;<\/p>\n","protected":false},"excerpt":{"rendered":"<p>Los inyectores <strong>KME FENIX<\/strong> se caracterizan por <strong>una alta estabilidad del flujo<\/strong> de gas. Se distinguen por su alta calidad de fabricaci\u00f3n, garantizada por un riguroso control de par\u00e1metros durante la producci\u00f3n y una meticulosa selecci\u00f3n de los materiales utilizados. <\/p>\n","protected":false},"featured_media":19686,"template":"","meta":[],"product_brand":[],"product_cat":[592544],"product_tag":[592745,592738],"class_list":{"0":"post-21477","1":"product","2":"type-product","3":"status-publish","4":"has-post-thumbnail","6":"product_cat-inyectores","7":"product_tag-distribuidor","8":"product_tag-novedad","9":"pa_max-cisnienie-pracy-45-bar","10":"pa_max-moc-70-km","11":"pa_max-prad-otwarcia-6-a","12":"pa_max-prad-podtrzymania-2-a","13":"pa_max-wydatek-przy-cisnieniu-120-nl-min","14":"pa_min-czas-stabilnego-otwarci-155-ms","15":"pa_napiecie-zasilania-12-do-16-v-es","16":"pa_opoznienie-otwarcia-170-ms-es","17":"pa_powloka-fluoropolimero","18":"pa_regulacja-przeplywu-utilizando-boquillas-de-calibracion","19":"pa_rezystancja-cewki-19-ohm-5-es","20":"pa_temperatura-pracy-20-do-120-stopni-c","21":"pa_wersje-wykonania-1-2-3-4-cylindry-es","22":"pa_zlacze-superseal-es","24":"first","25":"instock","26":"featured","27":"shipping-taxable","28":"product-type-simple"},"acf":[],"yoast_head":"<!-- This site is optimized with the Yoast SEO plugin v27.4 - https:\/\/yoast.com\/product\/yoast-seo-wordpress\/ -->\n<title>FENIX BLUE 2 cilindros \u2013 tira - KME<\/title>\n<meta name=\"robots\" content=\"index, follow, max-snippet:-1, max-image-preview:large, max-video-preview:-1\" \/>\n<link rel=\"canonical\" href=\"https:\/\/kme.eu\/kme\/es\/produkt\/fenix-blue-2-cilindros-tira\/\" \/>\n<meta property=\"og:locale\" content=\"es_ES\" \/>\n<meta property=\"og:type\" content=\"article\" \/>\n<meta property=\"og:title\" content=\"FENIX BLUE 2 cilindros \u2013 tira - KME\" \/>\n<meta property=\"og:description\" content=\"Los inyectores KME FENIX se caracterizan por una alta estabilidad del flujo de gas. Se distinguen por su alta calidad de fabricaci\u00f3n, garantizada por un riguroso control de par\u00e1metros durante la producci\u00f3n y una meticulosa selecci\u00f3n de los materiales utilizados.\" \/>\n<meta property=\"og:url\" content=\"https:\/\/kme.eu\/kme\/es\/produkt\/fenix-blue-2-cilindros-tira\/\" \/>\n<meta property=\"og:site_name\" content=\"KME\" \/>\n<meta property=\"article:publisher\" content=\"https:\/\/www.facebook.com\/KME.LPG\/\" \/>\n<meta property=\"article:modified_time\" content=\"2026-03-27T14:11:25+00:00\" \/>\n<meta property=\"og:image\" content=\"https:\/\/kme.eu\/kme\/wp-content\/uploads\/2025\/04\/FENIX_BLUE_listwa_x2.jpg\" \/>\n\t<meta property=\"og:image:width\" content=\"800\" \/>\n\t<meta property=\"og:image:height\" content=\"800\" \/>\n\t<meta property=\"og:image:type\" content=\"image\/jpeg\" \/>\n<meta name=\"twitter:card\" content=\"summary_large_image\" \/>\n<meta name=\"twitter:label1\" content=\"Tiempo de lectura\" \/>\n\t<meta name=\"twitter:data1\" content=\"2 minutos\" \/>\n<script type=\"application\/ld+json\" class=\"yoast-schema-graph\">{\"@context\":\"https:\\\/\\\/schema.org\",\"@graph\":[{\"@type\":\"WebPage\",\"@id\":\"https:\\\/\\\/kme.eu\\\/kme\\\/es\\\/produkt\\\/fenix-blue-2-cilindros-tira\\\/\",\"url\":\"https:\\\/\\\/kme.eu\\\/kme\\\/es\\\/produkt\\\/fenix-blue-2-cilindros-tira\\\/\",\"name\":\"FENIX BLUE 2 cilindros \u2013 tira - KME\",\"isPartOf\":{\"@id\":\"https:\\\/\\\/kme.eu\\\/kme\\\/es\\\/#website\"},\"primaryImageOfPage\":{\"@id\":\"https:\\\/\\\/kme.eu\\\/kme\\\/es\\\/produkt\\\/fenix-blue-2-cilindros-tira\\\/#primaryimage\"},\"image\":{\"@id\":\"https:\\\/\\\/kme.eu\\\/kme\\\/es\\\/produkt\\\/fenix-blue-2-cilindros-tira\\\/#primaryimage\"},\"thumbnailUrl\":\"https:\\\/\\\/kme.eu\\\/kme\\\/wp-content\\\/uploads\\\/2025\\\/04\\\/FENIX_BLUE_listwa_x2.jpg\",\"datePublished\":\"2022-11-10T14:12:30+00:00\",\"dateModified\":\"2026-03-27T14:11:25+00:00\",\"breadcrumb\":{\"@id\":\"https:\\\/\\\/kme.eu\\\/kme\\\/es\\\/produkt\\\/fenix-blue-2-cilindros-tira\\\/#breadcrumb\"},\"inLanguage\":\"es\",\"potentialAction\":[{\"@type\":\"ReadAction\",\"target\":[\"https:\\\/\\\/kme.eu\\\/kme\\\/es\\\/produkt\\\/fenix-blue-2-cilindros-tira\\\/\"]}]},{\"@type\":\"ImageObject\",\"inLanguage\":\"es\",\"@id\":\"https:\\\/\\\/kme.eu\\\/kme\\\/es\\\/produkt\\\/fenix-blue-2-cilindros-tira\\\/#primaryimage\",\"url\":\"https:\\\/\\\/kme.eu\\\/kme\\\/wp-content\\\/uploads\\\/2025\\\/04\\\/FENIX_BLUE_listwa_x2.jpg\",\"contentUrl\":\"https:\\\/\\\/kme.eu\\\/kme\\\/wp-content\\\/uploads\\\/2025\\\/04\\\/FENIX_BLUE_listwa_x2.jpg\",\"width\":800,\"height\":800},{\"@type\":\"BreadcrumbList\",\"@id\":\"https:\\\/\\\/kme.eu\\\/kme\\\/es\\\/produkt\\\/fenix-blue-2-cilindros-tira\\\/#breadcrumb\",\"itemListElement\":[{\"@type\":\"ListItem\",\"position\":1,\"name\":\"Strona g\u0142\u00f3wna\",\"item\":\"https:\\\/\\\/kme.eu\\\/kme\\\/es\\\/\"},{\"@type\":\"ListItem\",\"position\":2,\"name\":\"Productos\",\"item\":\"https:\\\/\\\/kme.eu\\\/kme\\\/es\\\/productos\\\/\"},{\"@type\":\"ListItem\",\"position\":3,\"name\":\"FENIX BLUE 2 cilindros \u2013 tira\"}]},{\"@type\":\"WebSite\",\"@id\":\"https:\\\/\\\/kme.eu\\\/kme\\\/es\\\/#website\",\"url\":\"https:\\\/\\\/kme.eu\\\/kme\\\/es\\\/\",\"name\":\"KME\",\"description\":\"Autogas Systems\",\"publisher\":{\"@id\":\"https:\\\/\\\/kme.eu\\\/kme\\\/es\\\/#organization\"},\"potentialAction\":[{\"@type\":\"SearchAction\",\"target\":{\"@type\":\"EntryPoint\",\"urlTemplate\":\"https:\\\/\\\/kme.eu\\\/kme\\\/es\\\/?s={search_term_string}\"},\"query-input\":{\"@type\":\"PropertyValueSpecification\",\"valueRequired\":true,\"valueName\":\"search_term_string\"}}],\"inLanguage\":\"es\"},{\"@type\":\"Organization\",\"@id\":\"https:\\\/\\\/kme.eu\\\/kme\\\/es\\\/#organization\",\"name\":\"KME\",\"url\":\"https:\\\/\\\/kme.eu\\\/kme\\\/es\\\/\",\"logo\":{\"@type\":\"ImageObject\",\"inLanguage\":\"es\",\"@id\":\"https:\\\/\\\/kme.eu\\\/kme\\\/es\\\/#\\\/schema\\\/logo\\\/image\\\/\",\"url\":\"https:\\\/\\\/kme.eu\\\/kme\\\/wp-content\\\/uploads\\\/2020\\\/04\\\/logo_KME_RGB_small_200px.png\",\"contentUrl\":\"https:\\\/\\\/kme.eu\\\/kme\\\/wp-content\\\/uploads\\\/2020\\\/04\\\/logo_KME_RGB_small_200px.png\",\"width\":272,\"height\":200,\"caption\":\"KME\"},\"image\":{\"@id\":\"https:\\\/\\\/kme.eu\\\/kme\\\/es\\\/#\\\/schema\\\/logo\\\/image\\\/\"},\"sameAs\":[\"https:\\\/\\\/www.facebook.com\\\/KME.LPG\\\/\",\"https:\\\/\\\/www.instagram.com\\\/kme_lpg\\\/\"]}]}<\/script>\n<!-- \/ Yoast SEO plugin. -->","yoast_head_json":{"title":"FENIX BLUE 2 cilindros \u2013 tira - KME","robots":{"index":"index","follow":"follow","max-snippet":"max-snippet:-1","max-image-preview":"max-image-preview:large","max-video-preview":"max-video-preview:-1"},"canonical":"https:\/\/kme.eu\/kme\/es\/produkt\/fenix-blue-2-cilindros-tira\/","og_locale":"es_ES","og_type":"article","og_title":"FENIX BLUE 2 cilindros \u2013 tira - KME","og_description":"Los inyectores KME FENIX se caracterizan por una alta estabilidad del flujo de gas. Se distinguen por su alta calidad de fabricaci\u00f3n, garantizada por un riguroso control de par\u00e1metros durante la producci\u00f3n y una meticulosa selecci\u00f3n de los materiales utilizados.","og_url":"https:\/\/kme.eu\/kme\/es\/produkt\/fenix-blue-2-cilindros-tira\/","og_site_name":"KME","article_publisher":"https:\/\/www.facebook.com\/KME.LPG\/","article_modified_time":"2026-03-27T14:11:25+00:00","og_image":[{"width":800,"height":800,"url":"https:\/\/kme.eu\/kme\/wp-content\/uploads\/2025\/04\/FENIX_BLUE_listwa_x2.jpg","type":"image\/jpeg"}],"twitter_card":"summary_large_image","twitter_misc":{"Tiempo de lectura":"2 minutos"},"schema":{"@context":"https:\/\/schema.org","@graph":[{"@type":"WebPage","@id":"https:\/\/kme.eu\/kme\/es\/produkt\/fenix-blue-2-cilindros-tira\/","url":"https:\/\/kme.eu\/kme\/es\/produkt\/fenix-blue-2-cilindros-tira\/","name":"FENIX BLUE 2 cilindros \u2013 tira - KME","isPartOf":{"@id":"https:\/\/kme.eu\/kme\/es\/#website"},"primaryImageOfPage":{"@id":"https:\/\/kme.eu\/kme\/es\/produkt\/fenix-blue-2-cilindros-tira\/#primaryimage"},"image":{"@id":"https:\/\/kme.eu\/kme\/es\/produkt\/fenix-blue-2-cilindros-tira\/#primaryimage"},"thumbnailUrl":"https:\/\/kme.eu\/kme\/wp-content\/uploads\/2025\/04\/FENIX_BLUE_listwa_x2.jpg","datePublished":"2022-11-10T14:12:30+00:00","dateModified":"2026-03-27T14:11:25+00:00","breadcrumb":{"@id":"https:\/\/kme.eu\/kme\/es\/produkt\/fenix-blue-2-cilindros-tira\/#breadcrumb"},"inLanguage":"es","potentialAction":[{"@type":"ReadAction","target":["https:\/\/kme.eu\/kme\/es\/produkt\/fenix-blue-2-cilindros-tira\/"]}]},{"@type":"ImageObject","inLanguage":"es","@id":"https:\/\/kme.eu\/kme\/es\/produkt\/fenix-blue-2-cilindros-tira\/#primaryimage","url":"https:\/\/kme.eu\/kme\/wp-content\/uploads\/2025\/04\/FENIX_BLUE_listwa_x2.jpg","contentUrl":"https:\/\/kme.eu\/kme\/wp-content\/uploads\/2025\/04\/FENIX_BLUE_listwa_x2.jpg","width":800,"height":800},{"@type":"BreadcrumbList","@id":"https:\/\/kme.eu\/kme\/es\/produkt\/fenix-blue-2-cilindros-tira\/#breadcrumb","itemListElement":[{"@type":"ListItem","position":1,"name":"Strona g\u0142\u00f3wna","item":"https:\/\/kme.eu\/kme\/es\/"},{"@type":"ListItem","position":2,"name":"Productos","item":"https:\/\/kme.eu\/kme\/es\/productos\/"},{"@type":"ListItem","position":3,"name":"FENIX BLUE 2 cilindros \u2013 tira"}]},{"@type":"WebSite","@id":"https:\/\/kme.eu\/kme\/es\/#website","url":"https:\/\/kme.eu\/kme\/es\/","name":"KME","description":"Autogas Systems","publisher":{"@id":"https:\/\/kme.eu\/kme\/es\/#organization"},"potentialAction":[{"@type":"SearchAction","target":{"@type":"EntryPoint","urlTemplate":"https:\/\/kme.eu\/kme\/es\/?s={search_term_string}"},"query-input":{"@type":"PropertyValueSpecification","valueRequired":true,"valueName":"search_term_string"}}],"inLanguage":"es"},{"@type":"Organization","@id":"https:\/\/kme.eu\/kme\/es\/#organization","name":"KME","url":"https:\/\/kme.eu\/kme\/es\/","logo":{"@type":"ImageObject","inLanguage":"es","@id":"https:\/\/kme.eu\/kme\/es\/#\/schema\/logo\/image\/","url":"https:\/\/kme.eu\/kme\/wp-content\/uploads\/2020\/04\/logo_KME_RGB_small_200px.png","contentUrl":"https:\/\/kme.eu\/kme\/wp-content\/uploads\/2020\/04\/logo_KME_RGB_small_200px.png","width":272,"height":200,"caption":"KME"},"image":{"@id":"https:\/\/kme.eu\/kme\/es\/#\/schema\/logo\/image\/"},"sameAs":["https:\/\/www.facebook.com\/KME.LPG\/","https:\/\/www.instagram.com\/kme_lpg\/"]}]}},"_links":{"self":[{"href":"https:\/\/kme.eu\/kme\/es\/wp-json\/wp\/v2\/product\/21477","targetHints":{"allow":["GET"]}}],"collection":[{"href":"https:\/\/kme.eu\/kme\/es\/wp-json\/wp\/v2\/product"}],"about":[{"href":"https:\/\/kme.eu\/kme\/es\/wp-json\/wp\/v2\/types\/product"}],"wp:featuredmedia":[{"embeddable":true,"href":"https:\/\/kme.eu\/kme\/es\/wp-json\/wp\/v2\/media\/19686"}],"wp:attachment":[{"href":"https:\/\/kme.eu\/kme\/es\/wp-json\/wp\/v2\/media?parent=21477"}],"wp:term":[{"taxonomy":"product_brand","embeddable":true,"href":"https:\/\/kme.eu\/kme\/es\/wp-json\/wp\/v2\/product_brand?post=21477"},{"taxonomy":"product_cat","embeddable":true,"href":"https:\/\/kme.eu\/kme\/es\/wp-json\/wp\/v2\/product_cat?post=21477"},{"taxonomy":"product_tag","embeddable":true,"href":"https:\/\/kme.eu\/kme\/es\/wp-json\/wp\/v2\/product_tag?post=21477"}],"curies":[{"name":"wp","href":"https:\/\/api.w.org\/{rel}","templated":true}]}}