{"id":21497,"date":"2022-06-13T14:02:30","date_gmt":"2022-06-13T12:02:30","guid":{"rendered":"https:\/\/kme.eu\/kme\/produkt\/panel-de-control-dg8-compact\/"},"modified":"2026-03-30T09:40:26","modified_gmt":"2026-03-30T07:40:26","slug":"panel-de-control-dg8-compact","status":"publish","type":"product","link":"https:\/\/kme.eu\/kme\/es\/produkt\/panel-de-control-dg8-compact\/","title":{"rendered":"Panel de control DG8 Compact"},"content":{"rendered":"<h4><\/h4>\n<h4><\/h4>\n<h4><\/h4>\n<h4>INNOVACI\u00d3N<\/h4>\n<p>El innovador panel de control <strong>KME DG8 Compact<\/strong> est\u00e1 dise\u00f1ado para funcionar con los sistemas de inyecci\u00f3n secuencial de gas NEVO-SKY. Esta unidad de control <strong>es el dispositivo m\u00e1s peque\u00f1o<\/strong> de la gama de productos KME, lo que facilita enormemente su instalaci\u00f3n y requiere una m\u00ednima intervenci\u00f3n en el interior del veh\u00edculo. <\/p>\n<p>&nbsp;<\/p>\n<p><img loading=\"lazy\" decoding=\"async\" class=\"alignnone wp-image-15150 size-full\" src=\"https:\/\/kme.eu\/kme\/wp-content\/uploads\/2022\/06\/DG8_Compact_cechy.jpg\" alt=\"\" width=\"414\" height=\"186\" srcset=\"https:\/\/kme.eu\/kme\/wp-content\/uploads\/2022\/06\/DG8_Compact_cechy.jpg 414w, https:\/\/kme.eu\/kme\/wp-content\/uploads\/2022\/06\/DG8_Compact_cechy-300x135.jpg 300w\" sizes=\"auto, (max-width: 414px) 100vw, 414px\" \/><\/p>\n<p>&nbsp;<\/p>\n<h4>SEGURIDAD<\/h4>\n<p>El funcionamiento del panel <strong>DG8 Compact<\/strong>, basado en el uso de <strong>un \u00fanico LED<\/strong> y sus diferentes colores para mostrar todos los mensajes del sistema, facilita que los conductores se centren en la informaci\u00f3n que se muestra (por ejemplo, el nivel de combustible). El dise\u00f1o del dispositivo tiene en cuenta que un n\u00famero limitado de mensajes afecta a la <strong>seguridad<\/strong>. <\/p>\n<p>&nbsp;<\/p>\n<p><img loading=\"lazy\" decoding=\"async\" class=\"alignnone wp-image-15155 size-full\" src=\"https:\/\/kme.eu\/kme\/wp-content\/uploads\/2022\/06\/DG8_Compact_elewacja.jpg\" alt=\"\" width=\"998\" height=\"277\" srcset=\"https:\/\/kme.eu\/kme\/wp-content\/uploads\/2022\/06\/DG8_Compact_elewacja.jpg 998w, https:\/\/kme.eu\/kme\/wp-content\/uploads\/2022\/06\/DG8_Compact_elewacja-300x83.jpg 300w, https:\/\/kme.eu\/kme\/wp-content\/uploads\/2022\/06\/DG8_Compact_elewacja-768x213.jpg 768w, https:\/\/kme.eu\/kme\/wp-content\/uploads\/2022\/06\/DG8_Compact_elewacja-600x167.jpg 600w\" sizes=\"auto, (max-width: 998px) 100vw, 998px\" \/><\/p>\n<p>&nbsp;<\/p>\n<p>&nbsp;<\/p>\n<h4>DG 8 Compact vs. DG7 RGB <\/h4>\n<p>Comparaci\u00f3n de tama\u00f1o entre los paneles <strong>DG8 Compact<\/strong> y <strong>DG7 RGB<\/strong>.<\/p>\n<p>&nbsp;<\/p>\n<p><img loading=\"lazy\" decoding=\"async\" class=\"alignnone wp-image-15185 size-full\" src=\"https:\/\/kme.eu\/kme\/wp-content\/uploads\/2022\/06\/DG8_Compact_wymiary_02.jpg\" alt=\"\" width=\"1122\" height=\"302\" srcset=\"https:\/\/kme.eu\/kme\/wp-content\/uploads\/2022\/06\/DG8_Compact_wymiary_02.jpg 1122w, https:\/\/kme.eu\/kme\/wp-content\/uploads\/2022\/06\/DG8_Compact_wymiary_02-300x81.jpg 300w, https:\/\/kme.eu\/kme\/wp-content\/uploads\/2022\/06\/DG8_Compact_wymiary_02-1024x276.jpg 1024w, https:\/\/kme.eu\/kme\/wp-content\/uploads\/2022\/06\/DG8_Compact_wymiary_02-768x207.jpg 768w, https:\/\/kme.eu\/kme\/wp-content\/uploads\/2022\/06\/DG8_Compact_wymiary_02-600x161.jpg 600w\" sizes=\"auto, (max-width: 1122px) 100vw, 1122px\" \/><\/p>\n<p>&nbsp;<\/p>\n<h4>MINIMALISMO<\/h4>\n<p>El dise\u00f1o minimalista del panel <strong>DG8 Compact<\/strong> complementa el estilo moderno de los coches actuales y garantiza una gran facilidad de uso. Su forma alargada permite instalarlo en una ubicaci\u00f3n pr\u00e1ctica en el habit\u00e1culo. <\/p>\n<p>&nbsp;<\/p>\n<p><img loading=\"lazy\" decoding=\"async\" class=\"alignnone wp-image-15145 size-full\" src=\"https:\/\/kme.eu\/kme\/wp-content\/uploads\/2022\/06\/DG8_Compact_baner_dlugi.jpg\" alt=\"\" width=\"1500\" height=\"500\" srcset=\"https:\/\/kme.eu\/kme\/wp-content\/uploads\/2022\/06\/DG8_Compact_baner_dlugi.jpg 1500w, https:\/\/kme.eu\/kme\/wp-content\/uploads\/2022\/06\/DG8_Compact_baner_dlugi-300x100.jpg 300w, https:\/\/kme.eu\/kme\/wp-content\/uploads\/2022\/06\/DG8_Compact_baner_dlugi-1024x341.jpg 1024w, https:\/\/kme.eu\/kme\/wp-content\/uploads\/2022\/06\/DG8_Compact_baner_dlugi-768x256.jpg 768w, https:\/\/kme.eu\/kme\/wp-content\/uploads\/2022\/06\/DG8_Compact_baner_dlugi-600x200.jpg 600w\" sizes=\"auto, (max-width: 1500px) 100vw, 1500px\" \/><\/p>\n<h4><\/h4>\n<h4><\/h4>\n<h4>FUNCIONES Y CARACTER\u00cdSTICAS DEL PANEL<\/h4>\n<ul>\n<li>sirve para la comunicaci\u00f3n entre el conductor y el controlador de gas<\/li>\n<li>cambia autom\u00e1ticamente o manualmente a energ\u00eda de gas<\/li>\n<li>informa mediante luz y sonido sobre la falta de gas en el tanque<\/li>\n<li>se aten\u00faa autom\u00e1ticamente al anochecer<\/li>\n<\/ul>\n<p>&nbsp;<\/p>\n<div class=\"sdm_download_button_box_default\"><div class=\"sdm_download_link\"><a href=\"https:\/\/kme.eu\/kme\/es\/\/?sdm_process_download=1&download_id=15812\" class=\"sdm_download orange\" title=\"Panel kierowcy DG8 Compact &#8211; karta produktu\" target=&quot;_blank&quot;>Pobierz kart\u0119 produktu DG8 Compact<\/a><\/div><\/div>\n<div class=\"sdm_download_button_box_default\"><div class=\"sdm_download_link\"><a href=\"https:\/\/kme.eu\/kme\/es\/\/?sdm_process_download=1&download_id=9232\" class=\"sdm_download orange\" title=\"Instrukcja obs\u0142ugi samochodowej instalacji LPG\" target=&quot;_blank&quot;>Pobierz instrukcj\u0119 obs\u0142ugi<\/a><\/div><\/div>\n<p><script>\n   $(window).on('load', function(){\n      $(\".sdm_download\").each(function( index, element ){\n         console.log($(this));\n         $(this).attr('target','_blank');\n      });\n   });\n<\/script><\/p>\n","protected":false},"excerpt":{"rendered":"<p>Panel de control compacto DG8 [gasolina\/gas]: se utiliza para la comunicaci\u00f3n entre el conductor y el controlador de gas.<\/p>\n","protected":false},"featured_media":16853,"template":"","meta":[],"product_brand":[],"product_cat":[287050,287053],"product_tag":[],"class_list":{"0":"post-21497","1":"product","2":"type-product","3":"status-publish","4":"has-post-thumbnail","6":"product_cat-accesorios","7":"product_cat-panele-sterowania-es","8":"pa_brak-gazu-287060","9":"pa_przelacza-na-gaz-700-es","11":"first","12":"instock","13":"shipping-taxable","14":"product-type-simple"},"acf":[],"yoast_head":"<!-- This site is optimized with the Yoast SEO plugin v27.4 - https:\/\/yoast.com\/product\/yoast-seo-wordpress\/ -->\n<title>Panel de control DG8 Compact - KME<\/title>\n<meta name=\"robots\" content=\"index, follow, max-snippet:-1, max-image-preview:large, max-video-preview:-1\" \/>\n<link rel=\"canonical\" href=\"https:\/\/kme.eu\/kme\/es\/produkt\/panel-de-control-dg8-compact\/\" \/>\n<meta property=\"og:locale\" content=\"es_ES\" \/>\n<meta property=\"og:type\" content=\"article\" \/>\n<meta property=\"og:title\" content=\"Panel de control DG8 Compact - KME\" \/>\n<meta property=\"og:description\" content=\"Panel de control compacto DG8 [gasolina\/gas]: se utiliza para la comunicaci\u00f3n entre el conductor y el controlador de gas.\" \/>\n<meta property=\"og:url\" content=\"https:\/\/kme.eu\/kme\/es\/produkt\/panel-de-control-dg8-compact\/\" \/>\n<meta property=\"og:site_name\" content=\"KME\" \/>\n<meta property=\"article:publisher\" content=\"https:\/\/www.facebook.com\/KME.LPG\/\" \/>\n<meta property=\"article:modified_time\" content=\"2026-03-30T07:40:26+00:00\" \/>\n<meta property=\"og:image\" content=\"https:\/\/kme.eu\/kme\/wp-content\/uploads\/2023\/08\/panel_DG8_Compact-1.jpg\" \/>\n\t<meta property=\"og:image:width\" content=\"600\" \/>\n\t<meta property=\"og:image:height\" content=\"675\" \/>\n\t<meta property=\"og:image:type\" content=\"image\/jpeg\" \/>\n<meta name=\"twitter:card\" content=\"summary_large_image\" \/>\n<meta name=\"twitter:label1\" content=\"Tiempo de lectura\" \/>\n\t<meta name=\"twitter:data1\" content=\"1 minuto\" \/>\n<script type=\"application\/ld+json\" class=\"yoast-schema-graph\">{\"@context\":\"https:\\\/\\\/schema.org\",\"@graph\":[{\"@type\":\"WebPage\",\"@id\":\"https:\\\/\\\/kme.eu\\\/kme\\\/es\\\/produkt\\\/panel-de-control-dg8-compact\\\/\",\"url\":\"https:\\\/\\\/kme.eu\\\/kme\\\/es\\\/produkt\\\/panel-de-control-dg8-compact\\\/\",\"name\":\"Panel de control DG8 Compact - KME\",\"isPartOf\":{\"@id\":\"https:\\\/\\\/kme.eu\\\/kme\\\/es\\\/#website\"},\"primaryImageOfPage\":{\"@id\":\"https:\\\/\\\/kme.eu\\\/kme\\\/es\\\/produkt\\\/panel-de-control-dg8-compact\\\/#primaryimage\"},\"image\":{\"@id\":\"https:\\\/\\\/kme.eu\\\/kme\\\/es\\\/produkt\\\/panel-de-control-dg8-compact\\\/#primaryimage\"},\"thumbnailUrl\":\"https:\\\/\\\/kme.eu\\\/kme\\\/wp-content\\\/uploads\\\/2023\\\/08\\\/panel_DG8_Compact-1.jpg\",\"datePublished\":\"2022-06-13T12:02:30+00:00\",\"dateModified\":\"2026-03-30T07:40:26+00:00\",\"breadcrumb\":{\"@id\":\"https:\\\/\\\/kme.eu\\\/kme\\\/es\\\/produkt\\\/panel-de-control-dg8-compact\\\/#breadcrumb\"},\"inLanguage\":\"es\",\"potentialAction\":[{\"@type\":\"ReadAction\",\"target\":[\"https:\\\/\\\/kme.eu\\\/kme\\\/es\\\/produkt\\\/panel-de-control-dg8-compact\\\/\"]}]},{\"@type\":\"ImageObject\",\"inLanguage\":\"es\",\"@id\":\"https:\\\/\\\/kme.eu\\\/kme\\\/es\\\/produkt\\\/panel-de-control-dg8-compact\\\/#primaryimage\",\"url\":\"https:\\\/\\\/kme.eu\\\/kme\\\/wp-content\\\/uploads\\\/2023\\\/08\\\/panel_DG8_Compact-1.jpg\",\"contentUrl\":\"https:\\\/\\\/kme.eu\\\/kme\\\/wp-content\\\/uploads\\\/2023\\\/08\\\/panel_DG8_Compact-1.jpg\",\"width\":600,\"height\":675},{\"@type\":\"BreadcrumbList\",\"@id\":\"https:\\\/\\\/kme.eu\\\/kme\\\/es\\\/produkt\\\/panel-de-control-dg8-compact\\\/#breadcrumb\",\"itemListElement\":[{\"@type\":\"ListItem\",\"position\":1,\"name\":\"Strona g\u0142\u00f3wna\",\"item\":\"https:\\\/\\\/kme.eu\\\/kme\\\/es\\\/\"},{\"@type\":\"ListItem\",\"position\":2,\"name\":\"Productos\",\"item\":\"https:\\\/\\\/kme.eu\\\/kme\\\/es\\\/productos\\\/\"},{\"@type\":\"ListItem\",\"position\":3,\"name\":\"Panel de control DG8 Compact\"}]},{\"@type\":\"WebSite\",\"@id\":\"https:\\\/\\\/kme.eu\\\/kme\\\/es\\\/#website\",\"url\":\"https:\\\/\\\/kme.eu\\\/kme\\\/es\\\/\",\"name\":\"KME\",\"description\":\"Autogas Systems\",\"publisher\":{\"@id\":\"https:\\\/\\\/kme.eu\\\/kme\\\/es\\\/#organization\"},\"potentialAction\":[{\"@type\":\"SearchAction\",\"target\":{\"@type\":\"EntryPoint\",\"urlTemplate\":\"https:\\\/\\\/kme.eu\\\/kme\\\/es\\\/?s={search_term_string}\"},\"query-input\":{\"@type\":\"PropertyValueSpecification\",\"valueRequired\":true,\"valueName\":\"search_term_string\"}}],\"inLanguage\":\"es\"},{\"@type\":\"Organization\",\"@id\":\"https:\\\/\\\/kme.eu\\\/kme\\\/es\\\/#organization\",\"name\":\"KME\",\"url\":\"https:\\\/\\\/kme.eu\\\/kme\\\/es\\\/\",\"logo\":{\"@type\":\"ImageObject\",\"inLanguage\":\"es\",\"@id\":\"https:\\\/\\\/kme.eu\\\/kme\\\/es\\\/#\\\/schema\\\/logo\\\/image\\\/\",\"url\":\"https:\\\/\\\/kme.eu\\\/kme\\\/wp-content\\\/uploads\\\/2020\\\/04\\\/logo_KME_RGB_small_200px.png\",\"contentUrl\":\"https:\\\/\\\/kme.eu\\\/kme\\\/wp-content\\\/uploads\\\/2020\\\/04\\\/logo_KME_RGB_small_200px.png\",\"width\":272,\"height\":200,\"caption\":\"KME\"},\"image\":{\"@id\":\"https:\\\/\\\/kme.eu\\\/kme\\\/es\\\/#\\\/schema\\\/logo\\\/image\\\/\"},\"sameAs\":[\"https:\\\/\\\/www.facebook.com\\\/KME.LPG\\\/\",\"https:\\\/\\\/www.instagram.com\\\/kme_lpg\\\/\"]}]}<\/script>\n<!-- \/ Yoast SEO plugin. -->","yoast_head_json":{"title":"Panel de control DG8 Compact - KME","robots":{"index":"index","follow":"follow","max-snippet":"max-snippet:-1","max-image-preview":"max-image-preview:large","max-video-preview":"max-video-preview:-1"},"canonical":"https:\/\/kme.eu\/kme\/es\/produkt\/panel-de-control-dg8-compact\/","og_locale":"es_ES","og_type":"article","og_title":"Panel de control DG8 Compact - KME","og_description":"Panel de control compacto DG8 [gasolina\/gas]: se utiliza para la comunicaci\u00f3n entre el conductor y el controlador de gas.","og_url":"https:\/\/kme.eu\/kme\/es\/produkt\/panel-de-control-dg8-compact\/","og_site_name":"KME","article_publisher":"https:\/\/www.facebook.com\/KME.LPG\/","article_modified_time":"2026-03-30T07:40:26+00:00","og_image":[{"width":600,"height":675,"url":"https:\/\/kme.eu\/kme\/wp-content\/uploads\/2023\/08\/panel_DG8_Compact-1.jpg","type":"image\/jpeg"}],"twitter_card":"summary_large_image","twitter_misc":{"Tiempo de lectura":"1 minuto"},"schema":{"@context":"https:\/\/schema.org","@graph":[{"@type":"WebPage","@id":"https:\/\/kme.eu\/kme\/es\/produkt\/panel-de-control-dg8-compact\/","url":"https:\/\/kme.eu\/kme\/es\/produkt\/panel-de-control-dg8-compact\/","name":"Panel de control DG8 Compact - KME","isPartOf":{"@id":"https:\/\/kme.eu\/kme\/es\/#website"},"primaryImageOfPage":{"@id":"https:\/\/kme.eu\/kme\/es\/produkt\/panel-de-control-dg8-compact\/#primaryimage"},"image":{"@id":"https:\/\/kme.eu\/kme\/es\/produkt\/panel-de-control-dg8-compact\/#primaryimage"},"thumbnailUrl":"https:\/\/kme.eu\/kme\/wp-content\/uploads\/2023\/08\/panel_DG8_Compact-1.jpg","datePublished":"2022-06-13T12:02:30+00:00","dateModified":"2026-03-30T07:40:26+00:00","breadcrumb":{"@id":"https:\/\/kme.eu\/kme\/es\/produkt\/panel-de-control-dg8-compact\/#breadcrumb"},"inLanguage":"es","potentialAction":[{"@type":"ReadAction","target":["https:\/\/kme.eu\/kme\/es\/produkt\/panel-de-control-dg8-compact\/"]}]},{"@type":"ImageObject","inLanguage":"es","@id":"https:\/\/kme.eu\/kme\/es\/produkt\/panel-de-control-dg8-compact\/#primaryimage","url":"https:\/\/kme.eu\/kme\/wp-content\/uploads\/2023\/08\/panel_DG8_Compact-1.jpg","contentUrl":"https:\/\/kme.eu\/kme\/wp-content\/uploads\/2023\/08\/panel_DG8_Compact-1.jpg","width":600,"height":675},{"@type":"BreadcrumbList","@id":"https:\/\/kme.eu\/kme\/es\/produkt\/panel-de-control-dg8-compact\/#breadcrumb","itemListElement":[{"@type":"ListItem","position":1,"name":"Strona g\u0142\u00f3wna","item":"https:\/\/kme.eu\/kme\/es\/"},{"@type":"ListItem","position":2,"name":"Productos","item":"https:\/\/kme.eu\/kme\/es\/productos\/"},{"@type":"ListItem","position":3,"name":"Panel de control DG8 Compact"}]},{"@type":"WebSite","@id":"https:\/\/kme.eu\/kme\/es\/#website","url":"https:\/\/kme.eu\/kme\/es\/","name":"KME","description":"Autogas Systems","publisher":{"@id":"https:\/\/kme.eu\/kme\/es\/#organization"},"potentialAction":[{"@type":"SearchAction","target":{"@type":"EntryPoint","urlTemplate":"https:\/\/kme.eu\/kme\/es\/?s={search_term_string}"},"query-input":{"@type":"PropertyValueSpecification","valueRequired":true,"valueName":"search_term_string"}}],"inLanguage":"es"},{"@type":"Organization","@id":"https:\/\/kme.eu\/kme\/es\/#organization","name":"KME","url":"https:\/\/kme.eu\/kme\/es\/","logo":{"@type":"ImageObject","inLanguage":"es","@id":"https:\/\/kme.eu\/kme\/es\/#\/schema\/logo\/image\/","url":"https:\/\/kme.eu\/kme\/wp-content\/uploads\/2020\/04\/logo_KME_RGB_small_200px.png","contentUrl":"https:\/\/kme.eu\/kme\/wp-content\/uploads\/2020\/04\/logo_KME_RGB_small_200px.png","width":272,"height":200,"caption":"KME"},"image":{"@id":"https:\/\/kme.eu\/kme\/es\/#\/schema\/logo\/image\/"},"sameAs":["https:\/\/www.facebook.com\/KME.LPG\/","https:\/\/www.instagram.com\/kme_lpg\/"]}]}},"_links":{"self":[{"href":"https:\/\/kme.eu\/kme\/es\/wp-json\/wp\/v2\/product\/21497","targetHints":{"allow":["GET"]}}],"collection":[{"href":"https:\/\/kme.eu\/kme\/es\/wp-json\/wp\/v2\/product"}],"about":[{"href":"https:\/\/kme.eu\/kme\/es\/wp-json\/wp\/v2\/types\/product"}],"wp:featuredmedia":[{"embeddable":true,"href":"https:\/\/kme.eu\/kme\/es\/wp-json\/wp\/v2\/media\/16853"}],"wp:attachment":[{"href":"https:\/\/kme.eu\/kme\/es\/wp-json\/wp\/v2\/media?parent=21497"}],"wp:term":[{"taxonomy":"product_brand","embeddable":true,"href":"https:\/\/kme.eu\/kme\/es\/wp-json\/wp\/v2\/product_brand?post=21497"},{"taxonomy":"product_cat","embeddable":true,"href":"https:\/\/kme.eu\/kme\/es\/wp-json\/wp\/v2\/product_cat?post=21497"},{"taxonomy":"product_tag","embeddable":true,"href":"https:\/\/kme.eu\/kme\/es\/wp-json\/wp\/v2\/product_tag?post=21497"}],"curies":[{"name":"wp","href":"https:\/\/api.w.org\/{rel}","templated":true}]}}