{"id":21526,"date":"2020-10-13T14:31:31","date_gmt":"2020-10-13T12:31:31","guid":{"rendered":"https:\/\/kme.eu\/kme\/produkt\/emulador-de-nivel-de-combustible-epp-2-psa-honda-japon\/"},"modified":"2026-04-08T10:33:30","modified_gmt":"2026-04-08T08:33:30","slug":"emulador-de-nivel-de-combustible-epp-2-psa-honda-japon","status":"publish","type":"product","link":"https:\/\/kme.eu\/kme\/es\/produkt\/emulador-de-nivel-de-combustible-epp-2-psa-honda-japon\/","title":{"rendered":"Emulador de nivel de combustible EPP (PSA, HONDA, JAPAN, TOYOTA)"},"content":{"rendered":"<p>En algunos coches modernos, el nivel de combustible se determina al arrancar el motor mediante un sensor en el dep\u00f3sito. La lectura del nivel de combustible en el indicador del conductor se corrige mediante el ordenador de a bordo en funci\u00f3n del consumo de combustible resultante de la sincronizaci\u00f3n de la inyecci\u00f3n. En este caso, al conducir con GLP, el indicador de nivel de combustible muestra una p\u00e9rdida en el dep\u00f3sito aunque no se est\u00e9 utilizando. Mediante un emulador EPP, la lectura del nivel de combustible se restablecer\u00e1 a su estado real cada vez que se arranque el motor. <span class=\"Y2IQFc\" lang=\"es\">KME ofrece 4 tipos de emuladores EPP: PSA, HONDA, JAPAN y TOYOTA.<\/span><\/p>\n<p>&nbsp;<\/p>\n<p>&nbsp;<\/p>\n<h5><\/h5>\n<p>&nbsp;<\/p>\n<div class=\"sdm_download_button_box_default\"><div class=\"sdm_download_link\"><a href=\"https:\/\/kme.eu\/kme\/es\/\/?sdm_process_download=1&download_id=10566\" class=\"sdm_download orange\" title=\"FUEL LEVEL EMULATOR instruction EPP\" target=&quot;_blank&quot;>EPP instruction<\/a><\/div><\/div><br \/>\n<script>\n   $(window).on('load', function(){\n      $(\".sdm_download\").each(function( index, element ){\n         console.log($(this));\n         $(this).attr('target','_blank');\n      });\n   });\n<\/script><\/p>\n","protected":false},"excerpt":{"rendered":"<p>En los coches modernos, donde el consumo de combustible depende de los tiempos de inyecci\u00f3n de gasolina, este dispositivo se utiliza para restablecer la indicaci\u00f3n del nivel real de gasolina al arrancar el motor.<\/p>\n","protected":false},"featured_media":21726,"template":"","meta":[],"product_brand":[],"product_cat":[287050],"product_tag":[592742],"class_list":{"0":"post-21526","1":"product","2":"type-product","3":"status-publish","4":"has-post-thumbnail","6":"product_cat-accesorios","7":"product_tag-emulador","9":"first","10":"instock","11":"shipping-taxable","12":"product-type-simple"},"acf":[],"yoast_head":"<!-- This site is optimized with the Yoast SEO plugin v27.4 - https:\/\/yoast.com\/product\/yoast-seo-wordpress\/ -->\n<title>Emulador de nivel de combustible EPP (PSA, HONDA, JAPAN, TOYOTA) - KME<\/title>\n<meta name=\"description\" content=\"El dispositivo se utiliza para restablecer la indicaci\u00f3n del nivel real de gasolina al arrancar el motor.\" \/>\n<meta name=\"robots\" content=\"index, follow, max-snippet:-1, max-image-preview:large, max-video-preview:-1\" \/>\n<link rel=\"canonical\" href=\"https:\/\/kme.eu\/kme\/es\/produkt\/emulador-de-nivel-de-combustible-epp-2-psa-honda-japon\/\" \/>\n<meta property=\"og:locale\" content=\"es_ES\" \/>\n<meta property=\"og:type\" content=\"article\" \/>\n<meta property=\"og:title\" content=\"Emulador de nivel de combustible EPP (PSA, HONDA, JAPAN, TOYOTA)\" \/>\n<meta property=\"og:description\" content=\"KME\" \/>\n<meta property=\"og:url\" content=\"https:\/\/kme.eu\/kme\/es\/produkt\/emulador-de-nivel-de-combustible-epp-2-psa-honda-japon\/\" \/>\n<meta property=\"og:site_name\" content=\"KME\" \/>\n<meta property=\"article:publisher\" content=\"https:\/\/www.facebook.com\/KME.LPG\/\" \/>\n<meta property=\"article:modified_time\" content=\"2026-04-08T08:33:30+00:00\" \/>\n<meta property=\"og:image\" content=\"https:\/\/kme.eu\/kme\/wp-content\/uploads\/2020\/10\/Akcesoria_EPP_2_PSA.jpg\" \/>\n<meta name=\"twitter:card\" content=\"summary_large_image\" \/>\n<meta name=\"twitter:label1\" content=\"Tiempo de lectura\" \/>\n\t<meta name=\"twitter:data1\" content=\"1 minuto\" \/>\n<script type=\"application\/ld+json\" class=\"yoast-schema-graph\">{\"@context\":\"https:\\\/\\\/schema.org\",\"@graph\":[{\"@type\":\"WebPage\",\"@id\":\"https:\\\/\\\/kme.eu\\\/kme\\\/es\\\/produkt\\\/emulador-de-nivel-de-combustible-epp-2-psa-honda-japon\\\/\",\"url\":\"https:\\\/\\\/kme.eu\\\/kme\\\/es\\\/produkt\\\/emulador-de-nivel-de-combustible-epp-2-psa-honda-japon\\\/\",\"name\":\"Emulador de nivel de combustible EPP (PSA, HONDA, JAPAN, TOYOTA) - KME\",\"isPartOf\":{\"@id\":\"https:\\\/\\\/kme.eu\\\/kme\\\/es\\\/#website\"},\"primaryImageOfPage\":{\"@id\":\"https:\\\/\\\/kme.eu\\\/kme\\\/es\\\/produkt\\\/emulador-de-nivel-de-combustible-epp-2-psa-honda-japon\\\/#primaryimage\"},\"image\":{\"@id\":\"https:\\\/\\\/kme.eu\\\/kme\\\/es\\\/produkt\\\/emulador-de-nivel-de-combustible-epp-2-psa-honda-japon\\\/#primaryimage\"},\"thumbnailUrl\":\"https:\\\/\\\/kme.eu\\\/kme\\\/wp-content\\\/uploads\\\/2026\\\/04\\\/EMULATOR-POZIOMU-PALIWA-EPP-PSA_6701000005.jpg\",\"datePublished\":\"2020-10-13T12:31:31+00:00\",\"dateModified\":\"2026-04-08T08:33:30+00:00\",\"description\":\"El dispositivo se utiliza para restablecer la indicaci\u00f3n del nivel real de gasolina al arrancar el motor.\",\"breadcrumb\":{\"@id\":\"https:\\\/\\\/kme.eu\\\/kme\\\/es\\\/produkt\\\/emulador-de-nivel-de-combustible-epp-2-psa-honda-japon\\\/#breadcrumb\"},\"inLanguage\":\"es\",\"potentialAction\":[{\"@type\":\"ReadAction\",\"target\":[\"https:\\\/\\\/kme.eu\\\/kme\\\/es\\\/produkt\\\/emulador-de-nivel-de-combustible-epp-2-psa-honda-japon\\\/\"]}]},{\"@type\":\"ImageObject\",\"inLanguage\":\"es\",\"@id\":\"https:\\\/\\\/kme.eu\\\/kme\\\/es\\\/produkt\\\/emulador-de-nivel-de-combustible-epp-2-psa-honda-japon\\\/#primaryimage\",\"url\":\"https:\\\/\\\/kme.eu\\\/kme\\\/wp-content\\\/uploads\\\/2026\\\/04\\\/EMULATOR-POZIOMU-PALIWA-EPP-PSA_6701000005.jpg\",\"contentUrl\":\"https:\\\/\\\/kme.eu\\\/kme\\\/wp-content\\\/uploads\\\/2026\\\/04\\\/EMULATOR-POZIOMU-PALIWA-EPP-PSA_6701000005.jpg\",\"width\":800,\"height\":800},{\"@type\":\"BreadcrumbList\",\"@id\":\"https:\\\/\\\/kme.eu\\\/kme\\\/es\\\/produkt\\\/emulador-de-nivel-de-combustible-epp-2-psa-honda-japon\\\/#breadcrumb\",\"itemListElement\":[{\"@type\":\"ListItem\",\"position\":1,\"name\":\"Strona g\u0142\u00f3wna\",\"item\":\"https:\\\/\\\/kme.eu\\\/kme\\\/es\\\/\"},{\"@type\":\"ListItem\",\"position\":2,\"name\":\"Productos\",\"item\":\"https:\\\/\\\/kme.eu\\\/kme\\\/es\\\/productos\\\/\"},{\"@type\":\"ListItem\",\"position\":3,\"name\":\"Emulador de nivel de combustible EPP (PSA, HONDA, JAPAN, TOYOTA)\"}]},{\"@type\":\"WebSite\",\"@id\":\"https:\\\/\\\/kme.eu\\\/kme\\\/es\\\/#website\",\"url\":\"https:\\\/\\\/kme.eu\\\/kme\\\/es\\\/\",\"name\":\"KME\",\"description\":\"Autogas Systems\",\"publisher\":{\"@id\":\"https:\\\/\\\/kme.eu\\\/kme\\\/es\\\/#organization\"},\"potentialAction\":[{\"@type\":\"SearchAction\",\"target\":{\"@type\":\"EntryPoint\",\"urlTemplate\":\"https:\\\/\\\/kme.eu\\\/kme\\\/es\\\/?s={search_term_string}\"},\"query-input\":{\"@type\":\"PropertyValueSpecification\",\"valueRequired\":true,\"valueName\":\"search_term_string\"}}],\"inLanguage\":\"es\"},{\"@type\":\"Organization\",\"@id\":\"https:\\\/\\\/kme.eu\\\/kme\\\/es\\\/#organization\",\"name\":\"KME\",\"url\":\"https:\\\/\\\/kme.eu\\\/kme\\\/es\\\/\",\"logo\":{\"@type\":\"ImageObject\",\"inLanguage\":\"es\",\"@id\":\"https:\\\/\\\/kme.eu\\\/kme\\\/es\\\/#\\\/schema\\\/logo\\\/image\\\/\",\"url\":\"https:\\\/\\\/kme.eu\\\/kme\\\/wp-content\\\/uploads\\\/2020\\\/04\\\/logo_KME_RGB_small_200px.png\",\"contentUrl\":\"https:\\\/\\\/kme.eu\\\/kme\\\/wp-content\\\/uploads\\\/2020\\\/04\\\/logo_KME_RGB_small_200px.png\",\"width\":272,\"height\":200,\"caption\":\"KME\"},\"image\":{\"@id\":\"https:\\\/\\\/kme.eu\\\/kme\\\/es\\\/#\\\/schema\\\/logo\\\/image\\\/\"},\"sameAs\":[\"https:\\\/\\\/www.facebook.com\\\/KME.LPG\\\/\",\"https:\\\/\\\/www.instagram.com\\\/kme_lpg\\\/\"]}]}<\/script>\n<!-- \/ Yoast SEO plugin. -->","yoast_head_json":{"title":"Emulador de nivel de combustible EPP (PSA, HONDA, JAPAN, TOYOTA) - KME","description":"El dispositivo se utiliza para restablecer la indicaci\u00f3n del nivel real de gasolina al arrancar el motor.","robots":{"index":"index","follow":"follow","max-snippet":"max-snippet:-1","max-image-preview":"max-image-preview:large","max-video-preview":"max-video-preview:-1"},"canonical":"https:\/\/kme.eu\/kme\/es\/produkt\/emulador-de-nivel-de-combustible-epp-2-psa-honda-japon\/","og_locale":"es_ES","og_type":"article","og_title":"Emulador de nivel de combustible EPP (PSA, HONDA, JAPAN, TOYOTA)","og_description":"KME","og_url":"https:\/\/kme.eu\/kme\/es\/produkt\/emulador-de-nivel-de-combustible-epp-2-psa-honda-japon\/","og_site_name":"KME","article_publisher":"https:\/\/www.facebook.com\/KME.LPG\/","article_modified_time":"2026-04-08T08:33:30+00:00","og_image":[{"url":"https:\/\/kme.eu\/kme\/wp-content\/uploads\/2020\/10\/Akcesoria_EPP_2_PSA.jpg","type":"","width":"","height":""}],"twitter_card":"summary_large_image","twitter_misc":{"Tiempo de lectura":"1 minuto"},"schema":{"@context":"https:\/\/schema.org","@graph":[{"@type":"WebPage","@id":"https:\/\/kme.eu\/kme\/es\/produkt\/emulador-de-nivel-de-combustible-epp-2-psa-honda-japon\/","url":"https:\/\/kme.eu\/kme\/es\/produkt\/emulador-de-nivel-de-combustible-epp-2-psa-honda-japon\/","name":"Emulador de nivel de combustible EPP (PSA, HONDA, JAPAN, TOYOTA) - KME","isPartOf":{"@id":"https:\/\/kme.eu\/kme\/es\/#website"},"primaryImageOfPage":{"@id":"https:\/\/kme.eu\/kme\/es\/produkt\/emulador-de-nivel-de-combustible-epp-2-psa-honda-japon\/#primaryimage"},"image":{"@id":"https:\/\/kme.eu\/kme\/es\/produkt\/emulador-de-nivel-de-combustible-epp-2-psa-honda-japon\/#primaryimage"},"thumbnailUrl":"https:\/\/kme.eu\/kme\/wp-content\/uploads\/2026\/04\/EMULATOR-POZIOMU-PALIWA-EPP-PSA_6701000005.jpg","datePublished":"2020-10-13T12:31:31+00:00","dateModified":"2026-04-08T08:33:30+00:00","description":"El dispositivo se utiliza para restablecer la indicaci\u00f3n del nivel real de gasolina al arrancar el motor.","breadcrumb":{"@id":"https:\/\/kme.eu\/kme\/es\/produkt\/emulador-de-nivel-de-combustible-epp-2-psa-honda-japon\/#breadcrumb"},"inLanguage":"es","potentialAction":[{"@type":"ReadAction","target":["https:\/\/kme.eu\/kme\/es\/produkt\/emulador-de-nivel-de-combustible-epp-2-psa-honda-japon\/"]}]},{"@type":"ImageObject","inLanguage":"es","@id":"https:\/\/kme.eu\/kme\/es\/produkt\/emulador-de-nivel-de-combustible-epp-2-psa-honda-japon\/#primaryimage","url":"https:\/\/kme.eu\/kme\/wp-content\/uploads\/2026\/04\/EMULATOR-POZIOMU-PALIWA-EPP-PSA_6701000005.jpg","contentUrl":"https:\/\/kme.eu\/kme\/wp-content\/uploads\/2026\/04\/EMULATOR-POZIOMU-PALIWA-EPP-PSA_6701000005.jpg","width":800,"height":800},{"@type":"BreadcrumbList","@id":"https:\/\/kme.eu\/kme\/es\/produkt\/emulador-de-nivel-de-combustible-epp-2-psa-honda-japon\/#breadcrumb","itemListElement":[{"@type":"ListItem","position":1,"name":"Strona g\u0142\u00f3wna","item":"https:\/\/kme.eu\/kme\/es\/"},{"@type":"ListItem","position":2,"name":"Productos","item":"https:\/\/kme.eu\/kme\/es\/productos\/"},{"@type":"ListItem","position":3,"name":"Emulador de nivel de combustible EPP (PSA, HONDA, JAPAN, TOYOTA)"}]},{"@type":"WebSite","@id":"https:\/\/kme.eu\/kme\/es\/#website","url":"https:\/\/kme.eu\/kme\/es\/","name":"KME","description":"Autogas Systems","publisher":{"@id":"https:\/\/kme.eu\/kme\/es\/#organization"},"potentialAction":[{"@type":"SearchAction","target":{"@type":"EntryPoint","urlTemplate":"https:\/\/kme.eu\/kme\/es\/?s={search_term_string}"},"query-input":{"@type":"PropertyValueSpecification","valueRequired":true,"valueName":"search_term_string"}}],"inLanguage":"es"},{"@type":"Organization","@id":"https:\/\/kme.eu\/kme\/es\/#organization","name":"KME","url":"https:\/\/kme.eu\/kme\/es\/","logo":{"@type":"ImageObject","inLanguage":"es","@id":"https:\/\/kme.eu\/kme\/es\/#\/schema\/logo\/image\/","url":"https:\/\/kme.eu\/kme\/wp-content\/uploads\/2020\/04\/logo_KME_RGB_small_200px.png","contentUrl":"https:\/\/kme.eu\/kme\/wp-content\/uploads\/2020\/04\/logo_KME_RGB_small_200px.png","width":272,"height":200,"caption":"KME"},"image":{"@id":"https:\/\/kme.eu\/kme\/es\/#\/schema\/logo\/image\/"},"sameAs":["https:\/\/www.facebook.com\/KME.LPG\/","https:\/\/www.instagram.com\/kme_lpg\/"]}]}},"_links":{"self":[{"href":"https:\/\/kme.eu\/kme\/es\/wp-json\/wp\/v2\/product\/21526","targetHints":{"allow":["GET"]}}],"collection":[{"href":"https:\/\/kme.eu\/kme\/es\/wp-json\/wp\/v2\/product"}],"about":[{"href":"https:\/\/kme.eu\/kme\/es\/wp-json\/wp\/v2\/types\/product"}],"wp:featuredmedia":[{"embeddable":true,"href":"https:\/\/kme.eu\/kme\/es\/wp-json\/wp\/v2\/media\/21726"}],"wp:attachment":[{"href":"https:\/\/kme.eu\/kme\/es\/wp-json\/wp\/v2\/media?parent=21526"}],"wp:term":[{"taxonomy":"product_brand","embeddable":true,"href":"https:\/\/kme.eu\/kme\/es\/wp-json\/wp\/v2\/product_brand?post=21526"},{"taxonomy":"product_cat","embeddable":true,"href":"https:\/\/kme.eu\/kme\/es\/wp-json\/wp\/v2\/product_cat?post=21526"},{"taxonomy":"product_tag","embeddable":true,"href":"https:\/\/kme.eu\/kme\/es\/wp-json\/wp\/v2\/product_tag?post=21526"}],"curies":[{"name":"wp","href":"https:\/\/api.w.org\/{rel}","templated":true}]}}