{"id":21528,"date":"2020-10-09T14:19:22","date_gmt":"2020-10-09T12:19:22","guid":{"rendered":"https:\/\/kme.eu\/kme\/produkt\/filtro-de-fase-volatil-kme\/"},"modified":"2026-03-30T10:28:58","modified_gmt":"2026-03-30T08:28:58","slug":"filtro-de-fase-volatil-kme","status":"publish","type":"product","link":"https:\/\/kme.eu\/kme\/es\/produkt\/filtro-de-fase-volatil-kme\/","title":{"rendered":"FILTRO DE FASE VOL\u00c1TIL KME"},"content":{"rendered":"<h5><b>Filtro de fase vol\u00e1til con inserto de fibra de vidrio reemplazable, recubierto por ambos lados con una capa de poli\u00e9ster.<\/b><\/h5>\n<p>KME ofrece filtros de fase de vapor de alta calidad en sus kits de instalaci\u00f3n completos. El filtro se instala entre el reductor\/vaporizador y los inyectores, y est\u00e1 dise\u00f1ado para eliminar las impurezas residuales del GLP que no pueden ser capturadas antes de la expansi\u00f3n del gas. <\/p>\n<p>El filtro debe instalarse en un lugar que facilite su mantenimiento. Este consiste en retirar el pasador de seguridad, sustituir el elemento filtrante, cerrar la carcasa y colocar una nueva etiqueta que indique el kilometraje recomendado para el pr\u00f3ximo reemplazo. Todos los componentes necesarios, junto con una etiqueta metalizada, se incluyen en el kit de mantenimiento. <\/p>\n<p>El elemento clave del filtro es, sin duda, el material filtrante. \u00bfPor qu\u00e9 somos el \u00fanico fabricante polaco de sistemas de inyecci\u00f3n de gas que utiliza una tecnolog\u00eda tan sofisticada? Se trata de la combinaci\u00f3n perfecta de eficiencia, capacidad de absorci\u00f3n, resistencia al flujo y precio. Este \u00faltimo par\u00e1metro es f\u00e1cil de comprender, pero a continuaci\u00f3n explicaremos las ventajas de este filtro desde una perspectiva m\u00e1s t\u00e9cnica, utilizando informaci\u00f3n obtenida directamente del fabricante.   <\/p>\n<h5><strong>Definiciones b\u00e1sicas<\/strong><\/h5>\n<p><strong>Filtro<\/strong><br \/>\nEste es un dispositivo que se utiliza para separar s\u00f3lidos de l\u00edquidos y gases mediante una o m\u00e1s particiones porosas que retienen los s\u00f3lidos y permiten el paso de l\u00edquidos y gases.<\/p>\n<p><strong>Filtraci\u00f3n<\/strong><br \/>\nM\u00e9todo para separar s\u00f3lidos de l\u00edquidos y gases mediante la retenci\u00f3n mec\u00e1nica de una de las sustancias. El l\u00edquido o gas que queda parcial o totalmente libre de part\u00edculas s\u00f3lidas durante el proceso de filtraci\u00f3n se denomina filtrado. <\/p>\n<p><strong>Eficiencia<\/strong><br \/>\nLa eficiencia de purificaci\u00f3n es la capacidad de capturar part\u00edculas contaminantes de un tama\u00f1o espec\u00edfico. Se define como la relaci\u00f3n entre la masa de part\u00edculas contaminantes capturadas por el filtro y la masa total de part\u00edculas que ingresan al filtro. La eficiencia se expresa como un porcentaje (m\u00e1ximo 100%).  <\/p>\n<p><strong>Absorci\u00f3n<\/strong><br \/>\nLa absorci\u00f3n (tambi\u00e9n conocida como capacidad) es la capacidad de absorber una cantidad espec\u00edfica de contaminante sin que la presi\u00f3n del fluido de trabajo disminuya por debajo del valor m\u00e1ximo permitido.<\/p>\n<p><strong>Caudal<\/strong><br \/>\nEs la cantidad de fluido operativo que pasa a trav\u00e9s de una determinada superficie de filtro por unidad de tiempo, es decir, la capacidad de paso del fluido operativo.<\/p>\n<p><strong>Resistencia al flujo<\/strong><br \/>\nA medida que el fluido pasa a trav\u00e9s del filtro, encuentra resistencia por parte del material filtrante. Este par\u00e1metro se define como la diferencia de presi\u00f3n antes y despu\u00e9s del filtro. <\/p>\n<p><strong>Factor Beta<\/strong><br \/>\nEste factor se calcula dividiendo el n\u00famero de part\u00edculas contaminantes presentes en el fluido de operaci\u00f3n aguas arriba del medio entre el n\u00famero de part\u00edculas aguas abajo del medio. El Factor Beta se puede determinar para cada rango de di\u00e1metro de part\u00edcula medido.<br \/>\nBeta = n\u00famero de part\u00edculas aguas arriba \/ n\u00famero de part\u00edculas aguas abajo del medio<br \/>\n[1-(1\/Beta)] x 100 = eficiencia <\/p>\n<h5><strong>Fotograf\u00edas microsc\u00f3picas de muestras de material<\/strong><\/h5>\n<p><img loading=\"lazy\" decoding=\"async\" class=\"alignnone wp-image-9624 size-full\" src=\"https:\/\/kme.eu\/kme\/wp-content\/uploads\/2020\/10\/filters001_180.png\" alt=\"\" width=\"794\" height=\"170\" srcset=\"https:\/\/kme.eu\/kme\/wp-content\/uploads\/2020\/10\/filters001_180.png 794w, https:\/\/kme.eu\/kme\/wp-content\/uploads\/2020\/10\/filters001_180-300x64.png 300w, https:\/\/kme.eu\/kme\/wp-content\/uploads\/2020\/10\/filters001_180-768x164.png 768w, https:\/\/kme.eu\/kme\/wp-content\/uploads\/2020\/10\/filters001_180-600x128.png 600w\" sizes=\"auto, (max-width: 794px) 100vw, 794px\" \/><br \/>\nEl medio filtrante m\u00e1s utilizado es un material a base de celulosa (papel) con diversos aditivos que influyen en sus propiedades y, por lo tanto, en su idoneidad como medio filtrante. La correcta selecci\u00f3n de los componentes del medio filtrante es crucial para el rendimiento de la filtraci\u00f3n. Dependiendo de lo que se vaya a filtrar, durante cu\u00e1nto tiempo, en qu\u00e9 condiciones y con qu\u00e9 precisi\u00f3n, se debe seleccionar el medio filtrante apropiado. Al seleccionar combinaciones de diferentes fibras de celulosa e impregnarlas con sustancias adecuadas, generalmente resinas, podemos regular las propiedades de filtraci\u00f3n de un medio determinado y seleccionar el material m\u00e1s adecuado con par\u00e1metros que cumplan los requisitos para un filtro espec\u00edfico.   <strong><br \/>\n<\/strong><\/p>\n<h5><strong>Principios para la selecci\u00f3n de material filtrante<\/strong><\/h5>\n<p>Adem\u00e1s de los par\u00e1metros puramente de filtraci\u00f3n, como la permeabilidad, la ca\u00edda de presi\u00f3n, la porosidad o la eficiencia de filtraci\u00f3n, un elemento muy importante es la resistencia a factores externos (humedad, temperatura, productos qu\u00edmicos, resistencia al fuego), que se puede ajustar sumergiendo los papeles de filtro en productos qu\u00edmicos (por ejemplo, resinas, aceite) que influyen en estas propiedades.<\/p>\n<p>Todos los elementos de selecci\u00f3n mencionados anteriormente se reducen a un \u00fanico objetivo: garantizar que el medio filtrante cumpla con todos los par\u00e1metros que consideramos m\u00e1s adecuados para un filtro determinado y que el filtro cumpla con los requisitos m\u00e1s exigentes del mercado actual.<\/p>\n<p>Los materiales filtrantes est\u00e1ndar utilizados en los filtros de deflectores se rigen por varias reglas:<br \/>\n&#8211; Cuanto mayor sea la superficie, el espesor y la permeabilidad del material filtrante, mayor ser\u00e1 su capacidad de absorci\u00f3n.<br \/>&#8211; Cuanto m\u00e1s denso sea el material, mayor ser\u00e1 su eficiencia.<br \/>&#8211; Cuanto menor sea la resistencia, mayor ser\u00e1 la permeabilidad.<br \/>&#8211; Una baja densidad resulta en una alta capacidad, y viceversa.<br \/>&#8211; Una mayor eficiencia reduce la capacidad.<\/p>\n<p>En teor\u00eda, el medio filtrante ideal ser\u00eda aquel que eliminara al 100 % todo tipo de contaminantes, a la vez que poseyera una capacidad de absorci\u00f3n y durabilidad infinitas. Si bien esto es imposible de lograr, nos esforzamos por utilizar soluciones que cumplan con estos requisitos al m\u00e1ximo. Al dise\u00f1ar filtros y elementos filtrantes, buscamos garantizar la mayor eficiencia y capacidad de filtraci\u00f3n posibles, manteniendo un alto caudal y una baja resistencia al flujo.  <\/p>\n<h5><strong>Tabla de par\u00e1metros del material filtrante<\/strong><\/h5>\n<p><img loading=\"lazy\" decoding=\"async\" class=\"alignnone wp-image-9623 size-full\" src=\"https:\/\/kme.eu\/kme\/wp-content\/uploads\/2020\/10\/filtr_tabela.jpg\" alt=\"\" width=\"627\" height=\"465\" srcset=\"https:\/\/kme.eu\/kme\/wp-content\/uploads\/2020\/10\/filtr_tabela.jpg 627w, https:\/\/kme.eu\/kme\/wp-content\/uploads\/2020\/10\/filtr_tabela-300x222.jpg 300w, https:\/\/kme.eu\/kme\/wp-content\/uploads\/2020\/10\/filtr_tabela-600x445.jpg 600w\" sizes=\"auto, (max-width: 627px) 100vw, 627px\" \/><\/p>\n<h5><strong>Conclusiones<\/strong><\/h5>\n<p>Como se puede observar, el mejor material filtrante es la fibra de vidrio, que:<br \/>\n&#8211; logra la mayor eficiencia de filtraci\u00f3n, es decir, la mayor efectividad,<br \/>\n&#8211; demuestra resistencia a todo tipo de factores externos, como la humedad, la temperatura, los productos qu\u00edmicos y el fuego.<\/p>\n<p><em><strong>Los filtros KME utilizan fibra de vidrio recubierta por ambos lados con una capa de poli\u00e9ster para lograr la m\u00e1xima eficiencia de filtraci\u00f3n y resistencia a los factores externos.<\/strong><\/em><br \/>\n<script>\n   $(window).on('load', function(){\n      $(\".sdm_download\").each(function( index, element ){\n         console.log($(this));\n         $(this).attr('target','_blank');\n      });\n   });\n<\/script><\/p>\n","protected":false},"excerpt":{"rendered":"<p>Filtro de fase vol\u00e1til con inserto de fibra de vidrio reemplazable recubierto por ambos lados con una capa de poli\u00e9ster.<\/p>\n","protected":false},"featured_media":9610,"template":"","meta":[],"product_brand":[],"product_cat":[287050],"product_tag":[],"class_list":{"0":"post-21528","1":"product","2":"type-product","3":"status-publish","4":"has-post-thumbnail","6":"product_cat-accesorios","8":"first","9":"instock","10":"shipping-taxable","11":"product-type-simple"},"acf":[],"yoast_head":"<!-- This site is optimized with the Yoast SEO plugin v27.4 - https:\/\/yoast.com\/product\/yoast-seo-wordpress\/ -->\n<title>FILTRO DE FASE VOL\u00c1TIL KME - KME<\/title>\n<meta name=\"robots\" content=\"index, follow, max-snippet:-1, max-image-preview:large, max-video-preview:-1\" \/>\n<link rel=\"canonical\" href=\"https:\/\/kme.eu\/kme\/es\/produkt\/filtro-de-fase-volatil-kme\/\" \/>\n<meta property=\"og:locale\" content=\"es_ES\" \/>\n<meta property=\"og:type\" content=\"article\" \/>\n<meta property=\"og:title\" content=\"FILTRO DE FASE VOL\u00c1TIL KME - KME\" \/>\n<meta property=\"og:description\" content=\"Filtro de fase vol\u00e1til con inserto de fibra de vidrio reemplazable recubierto por ambos lados con una capa de poli\u00e9ster.\" \/>\n<meta property=\"og:url\" content=\"https:\/\/kme.eu\/kme\/es\/produkt\/filtro-de-fase-volatil-kme\/\" \/>\n<meta property=\"og:site_name\" content=\"KME\" \/>\n<meta property=\"article:publisher\" content=\"https:\/\/www.facebook.com\/KME.LPG\/\" \/>\n<meta property=\"article:modified_time\" content=\"2026-03-30T08:28:58+00:00\" \/>\n<meta property=\"og:image\" content=\"https:\/\/kme.eu\/kme\/wp-content\/uploads\/2020\/10\/Akcesoria_filtr.jpg\" \/>\n\t<meta property=\"og:image:width\" content=\"800\" \/>\n\t<meta property=\"og:image:height\" content=\"900\" \/>\n\t<meta property=\"og:image:type\" content=\"image\/jpeg\" \/>\n<meta name=\"twitter:card\" content=\"summary_large_image\" \/>\n<meta name=\"twitter:label1\" content=\"Tiempo de lectura\" \/>\n\t<meta name=\"twitter:data1\" content=\"5 minutos\" \/>\n<script type=\"application\/ld+json\" class=\"yoast-schema-graph\">{\"@context\":\"https:\\\/\\\/schema.org\",\"@graph\":[{\"@type\":\"WebPage\",\"@id\":\"https:\\\/\\\/kme.eu\\\/kme\\\/es\\\/produkt\\\/filtro-de-fase-volatil-kme\\\/\",\"url\":\"https:\\\/\\\/kme.eu\\\/kme\\\/es\\\/produkt\\\/filtro-de-fase-volatil-kme\\\/\",\"name\":\"FILTRO DE FASE VOL\u00c1TIL KME - KME\",\"isPartOf\":{\"@id\":\"https:\\\/\\\/kme.eu\\\/kme\\\/es\\\/#website\"},\"primaryImageOfPage\":{\"@id\":\"https:\\\/\\\/kme.eu\\\/kme\\\/es\\\/produkt\\\/filtro-de-fase-volatil-kme\\\/#primaryimage\"},\"image\":{\"@id\":\"https:\\\/\\\/kme.eu\\\/kme\\\/es\\\/produkt\\\/filtro-de-fase-volatil-kme\\\/#primaryimage\"},\"thumbnailUrl\":\"https:\\\/\\\/kme.eu\\\/kme\\\/wp-content\\\/uploads\\\/2020\\\/10\\\/Akcesoria_filtr.jpg\",\"datePublished\":\"2020-10-09T12:19:22+00:00\",\"dateModified\":\"2026-03-30T08:28:58+00:00\",\"breadcrumb\":{\"@id\":\"https:\\\/\\\/kme.eu\\\/kme\\\/es\\\/produkt\\\/filtro-de-fase-volatil-kme\\\/#breadcrumb\"},\"inLanguage\":\"es\",\"potentialAction\":[{\"@type\":\"ReadAction\",\"target\":[\"https:\\\/\\\/kme.eu\\\/kme\\\/es\\\/produkt\\\/filtro-de-fase-volatil-kme\\\/\"]}]},{\"@type\":\"ImageObject\",\"inLanguage\":\"es\",\"@id\":\"https:\\\/\\\/kme.eu\\\/kme\\\/es\\\/produkt\\\/filtro-de-fase-volatil-kme\\\/#primaryimage\",\"url\":\"https:\\\/\\\/kme.eu\\\/kme\\\/wp-content\\\/uploads\\\/2020\\\/10\\\/Akcesoria_filtr.jpg\",\"contentUrl\":\"https:\\\/\\\/kme.eu\\\/kme\\\/wp-content\\\/uploads\\\/2020\\\/10\\\/Akcesoria_filtr.jpg\",\"width\":800,\"height\":900},{\"@type\":\"BreadcrumbList\",\"@id\":\"https:\\\/\\\/kme.eu\\\/kme\\\/es\\\/produkt\\\/filtro-de-fase-volatil-kme\\\/#breadcrumb\",\"itemListElement\":[{\"@type\":\"ListItem\",\"position\":1,\"name\":\"Strona g\u0142\u00f3wna\",\"item\":\"https:\\\/\\\/kme.eu\\\/kme\\\/es\\\/\"},{\"@type\":\"ListItem\",\"position\":2,\"name\":\"Productos\",\"item\":\"https:\\\/\\\/kme.eu\\\/kme\\\/es\\\/productos\\\/\"},{\"@type\":\"ListItem\",\"position\":3,\"name\":\"FILTRO DE FASE VOL\u00c1TIL KME\"}]},{\"@type\":\"WebSite\",\"@id\":\"https:\\\/\\\/kme.eu\\\/kme\\\/es\\\/#website\",\"url\":\"https:\\\/\\\/kme.eu\\\/kme\\\/es\\\/\",\"name\":\"KME\",\"description\":\"Autogas Systems\",\"publisher\":{\"@id\":\"https:\\\/\\\/kme.eu\\\/kme\\\/es\\\/#organization\"},\"potentialAction\":[{\"@type\":\"SearchAction\",\"target\":{\"@type\":\"EntryPoint\",\"urlTemplate\":\"https:\\\/\\\/kme.eu\\\/kme\\\/es\\\/?s={search_term_string}\"},\"query-input\":{\"@type\":\"PropertyValueSpecification\",\"valueRequired\":true,\"valueName\":\"search_term_string\"}}],\"inLanguage\":\"es\"},{\"@type\":\"Organization\",\"@id\":\"https:\\\/\\\/kme.eu\\\/kme\\\/es\\\/#organization\",\"name\":\"KME\",\"url\":\"https:\\\/\\\/kme.eu\\\/kme\\\/es\\\/\",\"logo\":{\"@type\":\"ImageObject\",\"inLanguage\":\"es\",\"@id\":\"https:\\\/\\\/kme.eu\\\/kme\\\/es\\\/#\\\/schema\\\/logo\\\/image\\\/\",\"url\":\"https:\\\/\\\/kme.eu\\\/kme\\\/wp-content\\\/uploads\\\/2020\\\/04\\\/logo_KME_RGB_small_200px.png\",\"contentUrl\":\"https:\\\/\\\/kme.eu\\\/kme\\\/wp-content\\\/uploads\\\/2020\\\/04\\\/logo_KME_RGB_small_200px.png\",\"width\":272,\"height\":200,\"caption\":\"KME\"},\"image\":{\"@id\":\"https:\\\/\\\/kme.eu\\\/kme\\\/es\\\/#\\\/schema\\\/logo\\\/image\\\/\"},\"sameAs\":[\"https:\\\/\\\/www.facebook.com\\\/KME.LPG\\\/\",\"https:\\\/\\\/www.instagram.com\\\/kme_lpg\\\/\"]}]}<\/script>\n<!-- \/ Yoast SEO plugin. -->","yoast_head_json":{"title":"FILTRO DE FASE VOL\u00c1TIL KME - KME","robots":{"index":"index","follow":"follow","max-snippet":"max-snippet:-1","max-image-preview":"max-image-preview:large","max-video-preview":"max-video-preview:-1"},"canonical":"https:\/\/kme.eu\/kme\/es\/produkt\/filtro-de-fase-volatil-kme\/","og_locale":"es_ES","og_type":"article","og_title":"FILTRO DE FASE VOL\u00c1TIL KME - KME","og_description":"Filtro de fase vol\u00e1til con inserto de fibra de vidrio reemplazable recubierto por ambos lados con una capa de poli\u00e9ster.","og_url":"https:\/\/kme.eu\/kme\/es\/produkt\/filtro-de-fase-volatil-kme\/","og_site_name":"KME","article_publisher":"https:\/\/www.facebook.com\/KME.LPG\/","article_modified_time":"2026-03-30T08:28:58+00:00","og_image":[{"width":800,"height":900,"url":"https:\/\/kme.eu\/kme\/wp-content\/uploads\/2020\/10\/Akcesoria_filtr.jpg","type":"image\/jpeg"}],"twitter_card":"summary_large_image","twitter_misc":{"Tiempo de lectura":"5 minutos"},"schema":{"@context":"https:\/\/schema.org","@graph":[{"@type":"WebPage","@id":"https:\/\/kme.eu\/kme\/es\/produkt\/filtro-de-fase-volatil-kme\/","url":"https:\/\/kme.eu\/kme\/es\/produkt\/filtro-de-fase-volatil-kme\/","name":"FILTRO DE FASE VOL\u00c1TIL KME - KME","isPartOf":{"@id":"https:\/\/kme.eu\/kme\/es\/#website"},"primaryImageOfPage":{"@id":"https:\/\/kme.eu\/kme\/es\/produkt\/filtro-de-fase-volatil-kme\/#primaryimage"},"image":{"@id":"https:\/\/kme.eu\/kme\/es\/produkt\/filtro-de-fase-volatil-kme\/#primaryimage"},"thumbnailUrl":"https:\/\/kme.eu\/kme\/wp-content\/uploads\/2020\/10\/Akcesoria_filtr.jpg","datePublished":"2020-10-09T12:19:22+00:00","dateModified":"2026-03-30T08:28:58+00:00","breadcrumb":{"@id":"https:\/\/kme.eu\/kme\/es\/produkt\/filtro-de-fase-volatil-kme\/#breadcrumb"},"inLanguage":"es","potentialAction":[{"@type":"ReadAction","target":["https:\/\/kme.eu\/kme\/es\/produkt\/filtro-de-fase-volatil-kme\/"]}]},{"@type":"ImageObject","inLanguage":"es","@id":"https:\/\/kme.eu\/kme\/es\/produkt\/filtro-de-fase-volatil-kme\/#primaryimage","url":"https:\/\/kme.eu\/kme\/wp-content\/uploads\/2020\/10\/Akcesoria_filtr.jpg","contentUrl":"https:\/\/kme.eu\/kme\/wp-content\/uploads\/2020\/10\/Akcesoria_filtr.jpg","width":800,"height":900},{"@type":"BreadcrumbList","@id":"https:\/\/kme.eu\/kme\/es\/produkt\/filtro-de-fase-volatil-kme\/#breadcrumb","itemListElement":[{"@type":"ListItem","position":1,"name":"Strona g\u0142\u00f3wna","item":"https:\/\/kme.eu\/kme\/es\/"},{"@type":"ListItem","position":2,"name":"Productos","item":"https:\/\/kme.eu\/kme\/es\/productos\/"},{"@type":"ListItem","position":3,"name":"FILTRO DE FASE VOL\u00c1TIL KME"}]},{"@type":"WebSite","@id":"https:\/\/kme.eu\/kme\/es\/#website","url":"https:\/\/kme.eu\/kme\/es\/","name":"KME","description":"Autogas Systems","publisher":{"@id":"https:\/\/kme.eu\/kme\/es\/#organization"},"potentialAction":[{"@type":"SearchAction","target":{"@type":"EntryPoint","urlTemplate":"https:\/\/kme.eu\/kme\/es\/?s={search_term_string}"},"query-input":{"@type":"PropertyValueSpecification","valueRequired":true,"valueName":"search_term_string"}}],"inLanguage":"es"},{"@type":"Organization","@id":"https:\/\/kme.eu\/kme\/es\/#organization","name":"KME","url":"https:\/\/kme.eu\/kme\/es\/","logo":{"@type":"ImageObject","inLanguage":"es","@id":"https:\/\/kme.eu\/kme\/es\/#\/schema\/logo\/image\/","url":"https:\/\/kme.eu\/kme\/wp-content\/uploads\/2020\/04\/logo_KME_RGB_small_200px.png","contentUrl":"https:\/\/kme.eu\/kme\/wp-content\/uploads\/2020\/04\/logo_KME_RGB_small_200px.png","width":272,"height":200,"caption":"KME"},"image":{"@id":"https:\/\/kme.eu\/kme\/es\/#\/schema\/logo\/image\/"},"sameAs":["https:\/\/www.facebook.com\/KME.LPG\/","https:\/\/www.instagram.com\/kme_lpg\/"]}]}},"_links":{"self":[{"href":"https:\/\/kme.eu\/kme\/es\/wp-json\/wp\/v2\/product\/21528","targetHints":{"allow":["GET"]}}],"collection":[{"href":"https:\/\/kme.eu\/kme\/es\/wp-json\/wp\/v2\/product"}],"about":[{"href":"https:\/\/kme.eu\/kme\/es\/wp-json\/wp\/v2\/types\/product"}],"wp:featuredmedia":[{"embeddable":true,"href":"https:\/\/kme.eu\/kme\/es\/wp-json\/wp\/v2\/media\/9610"}],"wp:attachment":[{"href":"https:\/\/kme.eu\/kme\/es\/wp-json\/wp\/v2\/media?parent=21528"}],"wp:term":[{"taxonomy":"product_brand","embeddable":true,"href":"https:\/\/kme.eu\/kme\/es\/wp-json\/wp\/v2\/product_brand?post=21528"},{"taxonomy":"product_cat","embeddable":true,"href":"https:\/\/kme.eu\/kme\/es\/wp-json\/wp\/v2\/product_cat?post=21528"},{"taxonomy":"product_tag","embeddable":true,"href":"https:\/\/kme.eu\/kme\/es\/wp-json\/wp\/v2\/product_tag?post=21528"}],"curies":[{"name":"wp","href":"https:\/\/api.w.org\/{rel}","templated":true}]}}