{"id":21530,"date":"2020-10-09T14:13:25","date_gmt":"2020-10-09T12:13:25","guid":{"rendered":"https:\/\/kme.eu\/kme\/produkt\/adaptador-obd-v2\/"},"modified":"2026-03-30T10:32:33","modified_gmt":"2026-03-30T08:32:33","slug":"adaptador-obd-v2","status":"publish","type":"product","link":"https:\/\/kme.eu\/kme\/es\/produkt\/adaptador-obd-v2\/","title":{"rendered":"ADAPTADOR OBD V2"},"content":{"rendered":"<p><b>El adaptador OBD v2 permite la comunicaci\u00f3n entre los sistemas de inyecci\u00f3n de gas Diego G3 y NEVO y la ECU de gasolina mediante la interfaz de diagn\u00f3stico OBDII. El adaptador OBD v2 tambi\u00e9n puede funcionar como esc\u00e1ner OBD sin el sistema de gas. <\/b><\/p>\n<p>El adaptador se utiliza para:<br \/>\n\u2022 leer par\u00e1metros del sistema OBDII y visualizarlos en el software de calibraci\u00f3n de los sistemas Diego y NEVO,<br \/>\n\u2022 leer y monitorizar (incluido el borrado) los errores almacenados y pendientes de la ECU de gasolina,<br \/>\n\u2022 ajustar y adaptar autom\u00e1ticamente el sistema de gas mediante correcciones le\u00eddas del OBD (solo cuando se utilizan ECU Diego G3, versi\u00f3n 3.0H o posterior, o NEVO).<\/p>\n<p>El adaptador OBD v2 tambi\u00e9n puede funcionar como esc\u00e1ner OBD sin necesidad de un sistema de gas.<\/p>\n<p>Puede utilizarse \u00fanicamente durante el proceso de calibraci\u00f3n; en este caso, simplifica significativamente la calibraci\u00f3n del sistema, automatiz\u00e1ndola hasta cierto punto. Tambi\u00e9n puede instalarse de forma permanente en el veh\u00edculo, funcionando como interfaz entre los controladores de gasolina y GLP, lo que permite realizar correcciones adaptativas continuas. <\/p>\n<p>El adaptador OBD v2 se puede utilizar en coches equipados con una instalaci\u00f3n de gas y un controlador NEVO.<\/p>\n<p>El adaptador OBD v2 se puede usar en veh\u00edculos equipados con sistemas de GLP y unidades de control electr\u00f3nico (ECU) Diego de las familias 1.4x, 1.5x y 3.0x. Las ECU en versi\u00f3n 3.0H o posterior permiten una compatibilidad total con el adaptador, incluyendo correcciones adaptativas basadas en OBD. Las ECU m\u00e1s antiguas solo ofrecen la funcionalidad de esc\u00e1ner OBD (lectura de par\u00e1metros, borrado de c\u00f3digos de error).  <\/p>\n<p>El adaptador se puede conectar al puerto OBDII mediante los protocolos utilizados en la mayor\u00eda de los coches europeos nuevos:<br \/>\n\u2022 ISO9141,<br \/>\n\u2022 KWP2000 lento,<br \/>\n\u2022 KWP2000 r\u00e1pido,<br \/>\n\u2022 CAN_11bitID_500kbps,<br \/>\n\u2022 CAN_29bitID_500kbps,<br \/>\n\u2022 CAN_11bitID_250kbps,<br \/>\n\u2022 CAN_29bitID_250kbps.<\/p>\n<p>El adaptador OBD v2 reemplaza por completo la versi\u00f3n v1 (el adaptador OBD v1 solo funciona con DiegoG3).<br \/>\n<script>\n   $(window).on('load', function(){\n      $(\".sdm_download\").each(function( index, element ){\n         console.log($(this));\n         $(this).attr('target','_blank');\n      });\n   });\n<\/script><\/p>\n","protected":false},"excerpt":{"rendered":"<p>El adaptador OBD v2 permite la comunicaci\u00f3n entre el sistema de inyecci\u00f3n de gas Diego G3 y NEVO y un controlador de gasolina mediante la interfaz de diagn\u00f3stico OBDII.<\/p>\n","protected":false},"featured_media":9605,"template":"","meta":[],"product_brand":[],"product_cat":[287050],"product_tag":[592749],"class_list":{"0":"post-21530","1":"product","2":"type-product","3":"status-publish","4":"has-post-thumbnail","6":"product_cat-accesorios","7":"product_tag-nevo","9":"first","10":"instock","11":"shipping-taxable","12":"product-type-simple"},"acf":[],"yoast_head":"<!-- This site is optimized with the Yoast SEO plugin v27.4 - https:\/\/yoast.com\/product\/yoast-seo-wordpress\/ -->\n<title>ADAPTADOR OBD V2 - KME<\/title>\n<meta name=\"robots\" content=\"index, follow, max-snippet:-1, max-image-preview:large, max-video-preview:-1\" \/>\n<link rel=\"canonical\" href=\"https:\/\/kme.eu\/kme\/es\/produkt\/adaptador-obd-v2\/\" \/>\n<meta property=\"og:locale\" content=\"es_ES\" \/>\n<meta property=\"og:type\" content=\"article\" \/>\n<meta property=\"og:title\" content=\"ADAPTADOR OBD V2 - KME\" \/>\n<meta property=\"og:description\" content=\"El adaptador OBD v2 permite la comunicaci\u00f3n entre el sistema de inyecci\u00f3n de gas Diego G3 y NEVO y un controlador de gasolina mediante la interfaz de diagn\u00f3stico OBDII.\" \/>\n<meta property=\"og:url\" content=\"https:\/\/kme.eu\/kme\/es\/produkt\/adaptador-obd-v2\/\" \/>\n<meta property=\"og:site_name\" content=\"KME\" \/>\n<meta property=\"article:publisher\" content=\"https:\/\/www.facebook.com\/KME.LPG\/\" \/>\n<meta property=\"article:modified_time\" content=\"2026-03-30T08:32:33+00:00\" \/>\n<meta property=\"og:image\" content=\"https:\/\/kme.eu\/kme\/wp-content\/uploads\/2020\/10\/Akcesoria_adapter_obd.jpg\" \/>\n\t<meta property=\"og:image:width\" content=\"800\" \/>\n\t<meta property=\"og:image:height\" content=\"900\" \/>\n\t<meta property=\"og:image:type\" content=\"image\/jpeg\" \/>\n<meta name=\"twitter:card\" content=\"summary_large_image\" \/>\n<meta name=\"twitter:label1\" content=\"Tiempo de lectura\" \/>\n\t<meta name=\"twitter:data1\" content=\"2 minutos\" \/>\n<script type=\"application\/ld+json\" class=\"yoast-schema-graph\">{\"@context\":\"https:\\\/\\\/schema.org\",\"@graph\":[{\"@type\":\"WebPage\",\"@id\":\"https:\\\/\\\/kme.eu\\\/kme\\\/es\\\/produkt\\\/adaptador-obd-v2\\\/\",\"url\":\"https:\\\/\\\/kme.eu\\\/kme\\\/es\\\/produkt\\\/adaptador-obd-v2\\\/\",\"name\":\"ADAPTADOR OBD V2 - KME\",\"isPartOf\":{\"@id\":\"https:\\\/\\\/kme.eu\\\/kme\\\/es\\\/#website\"},\"primaryImageOfPage\":{\"@id\":\"https:\\\/\\\/kme.eu\\\/kme\\\/es\\\/produkt\\\/adaptador-obd-v2\\\/#primaryimage\"},\"image\":{\"@id\":\"https:\\\/\\\/kme.eu\\\/kme\\\/es\\\/produkt\\\/adaptador-obd-v2\\\/#primaryimage\"},\"thumbnailUrl\":\"https:\\\/\\\/kme.eu\\\/kme\\\/wp-content\\\/uploads\\\/2020\\\/10\\\/Akcesoria_adapter_obd.jpg\",\"datePublished\":\"2020-10-09T12:13:25+00:00\",\"dateModified\":\"2026-03-30T08:32:33+00:00\",\"breadcrumb\":{\"@id\":\"https:\\\/\\\/kme.eu\\\/kme\\\/es\\\/produkt\\\/adaptador-obd-v2\\\/#breadcrumb\"},\"inLanguage\":\"es\",\"potentialAction\":[{\"@type\":\"ReadAction\",\"target\":[\"https:\\\/\\\/kme.eu\\\/kme\\\/es\\\/produkt\\\/adaptador-obd-v2\\\/\"]}]},{\"@type\":\"ImageObject\",\"inLanguage\":\"es\",\"@id\":\"https:\\\/\\\/kme.eu\\\/kme\\\/es\\\/produkt\\\/adaptador-obd-v2\\\/#primaryimage\",\"url\":\"https:\\\/\\\/kme.eu\\\/kme\\\/wp-content\\\/uploads\\\/2020\\\/10\\\/Akcesoria_adapter_obd.jpg\",\"contentUrl\":\"https:\\\/\\\/kme.eu\\\/kme\\\/wp-content\\\/uploads\\\/2020\\\/10\\\/Akcesoria_adapter_obd.jpg\",\"width\":800,\"height\":900},{\"@type\":\"BreadcrumbList\",\"@id\":\"https:\\\/\\\/kme.eu\\\/kme\\\/es\\\/produkt\\\/adaptador-obd-v2\\\/#breadcrumb\",\"itemListElement\":[{\"@type\":\"ListItem\",\"position\":1,\"name\":\"Strona g\u0142\u00f3wna\",\"item\":\"https:\\\/\\\/kme.eu\\\/kme\\\/es\\\/\"},{\"@type\":\"ListItem\",\"position\":2,\"name\":\"Productos\",\"item\":\"https:\\\/\\\/kme.eu\\\/kme\\\/es\\\/productos\\\/\"},{\"@type\":\"ListItem\",\"position\":3,\"name\":\"ADAPTADOR OBD V2\"}]},{\"@type\":\"WebSite\",\"@id\":\"https:\\\/\\\/kme.eu\\\/kme\\\/es\\\/#website\",\"url\":\"https:\\\/\\\/kme.eu\\\/kme\\\/es\\\/\",\"name\":\"KME\",\"description\":\"Autogas Systems\",\"publisher\":{\"@id\":\"https:\\\/\\\/kme.eu\\\/kme\\\/es\\\/#organization\"},\"potentialAction\":[{\"@type\":\"SearchAction\",\"target\":{\"@type\":\"EntryPoint\",\"urlTemplate\":\"https:\\\/\\\/kme.eu\\\/kme\\\/es\\\/?s={search_term_string}\"},\"query-input\":{\"@type\":\"PropertyValueSpecification\",\"valueRequired\":true,\"valueName\":\"search_term_string\"}}],\"inLanguage\":\"es\"},{\"@type\":\"Organization\",\"@id\":\"https:\\\/\\\/kme.eu\\\/kme\\\/es\\\/#organization\",\"name\":\"KME\",\"url\":\"https:\\\/\\\/kme.eu\\\/kme\\\/es\\\/\",\"logo\":{\"@type\":\"ImageObject\",\"inLanguage\":\"es\",\"@id\":\"https:\\\/\\\/kme.eu\\\/kme\\\/es\\\/#\\\/schema\\\/logo\\\/image\\\/\",\"url\":\"https:\\\/\\\/kme.eu\\\/kme\\\/wp-content\\\/uploads\\\/2020\\\/04\\\/logo_KME_RGB_small_200px.png\",\"contentUrl\":\"https:\\\/\\\/kme.eu\\\/kme\\\/wp-content\\\/uploads\\\/2020\\\/04\\\/logo_KME_RGB_small_200px.png\",\"width\":272,\"height\":200,\"caption\":\"KME\"},\"image\":{\"@id\":\"https:\\\/\\\/kme.eu\\\/kme\\\/es\\\/#\\\/schema\\\/logo\\\/image\\\/\"},\"sameAs\":[\"https:\\\/\\\/www.facebook.com\\\/KME.LPG\\\/\",\"https:\\\/\\\/www.instagram.com\\\/kme_lpg\\\/\"]}]}<\/script>\n<!-- \/ Yoast SEO plugin. -->","yoast_head_json":{"title":"ADAPTADOR OBD V2 - KME","robots":{"index":"index","follow":"follow","max-snippet":"max-snippet:-1","max-image-preview":"max-image-preview:large","max-video-preview":"max-video-preview:-1"},"canonical":"https:\/\/kme.eu\/kme\/es\/produkt\/adaptador-obd-v2\/","og_locale":"es_ES","og_type":"article","og_title":"ADAPTADOR OBD V2 - KME","og_description":"El adaptador OBD v2 permite la comunicaci\u00f3n entre el sistema de inyecci\u00f3n de gas Diego G3 y NEVO y un controlador de gasolina mediante la interfaz de diagn\u00f3stico OBDII.","og_url":"https:\/\/kme.eu\/kme\/es\/produkt\/adaptador-obd-v2\/","og_site_name":"KME","article_publisher":"https:\/\/www.facebook.com\/KME.LPG\/","article_modified_time":"2026-03-30T08:32:33+00:00","og_image":[{"width":800,"height":900,"url":"https:\/\/kme.eu\/kme\/wp-content\/uploads\/2020\/10\/Akcesoria_adapter_obd.jpg","type":"image\/jpeg"}],"twitter_card":"summary_large_image","twitter_misc":{"Tiempo de lectura":"2 minutos"},"schema":{"@context":"https:\/\/schema.org","@graph":[{"@type":"WebPage","@id":"https:\/\/kme.eu\/kme\/es\/produkt\/adaptador-obd-v2\/","url":"https:\/\/kme.eu\/kme\/es\/produkt\/adaptador-obd-v2\/","name":"ADAPTADOR OBD V2 - KME","isPartOf":{"@id":"https:\/\/kme.eu\/kme\/es\/#website"},"primaryImageOfPage":{"@id":"https:\/\/kme.eu\/kme\/es\/produkt\/adaptador-obd-v2\/#primaryimage"},"image":{"@id":"https:\/\/kme.eu\/kme\/es\/produkt\/adaptador-obd-v2\/#primaryimage"},"thumbnailUrl":"https:\/\/kme.eu\/kme\/wp-content\/uploads\/2020\/10\/Akcesoria_adapter_obd.jpg","datePublished":"2020-10-09T12:13:25+00:00","dateModified":"2026-03-30T08:32:33+00:00","breadcrumb":{"@id":"https:\/\/kme.eu\/kme\/es\/produkt\/adaptador-obd-v2\/#breadcrumb"},"inLanguage":"es","potentialAction":[{"@type":"ReadAction","target":["https:\/\/kme.eu\/kme\/es\/produkt\/adaptador-obd-v2\/"]}]},{"@type":"ImageObject","inLanguage":"es","@id":"https:\/\/kme.eu\/kme\/es\/produkt\/adaptador-obd-v2\/#primaryimage","url":"https:\/\/kme.eu\/kme\/wp-content\/uploads\/2020\/10\/Akcesoria_adapter_obd.jpg","contentUrl":"https:\/\/kme.eu\/kme\/wp-content\/uploads\/2020\/10\/Akcesoria_adapter_obd.jpg","width":800,"height":900},{"@type":"BreadcrumbList","@id":"https:\/\/kme.eu\/kme\/es\/produkt\/adaptador-obd-v2\/#breadcrumb","itemListElement":[{"@type":"ListItem","position":1,"name":"Strona g\u0142\u00f3wna","item":"https:\/\/kme.eu\/kme\/es\/"},{"@type":"ListItem","position":2,"name":"Productos","item":"https:\/\/kme.eu\/kme\/es\/productos\/"},{"@type":"ListItem","position":3,"name":"ADAPTADOR OBD V2"}]},{"@type":"WebSite","@id":"https:\/\/kme.eu\/kme\/es\/#website","url":"https:\/\/kme.eu\/kme\/es\/","name":"KME","description":"Autogas Systems","publisher":{"@id":"https:\/\/kme.eu\/kme\/es\/#organization"},"potentialAction":[{"@type":"SearchAction","target":{"@type":"EntryPoint","urlTemplate":"https:\/\/kme.eu\/kme\/es\/?s={search_term_string}"},"query-input":{"@type":"PropertyValueSpecification","valueRequired":true,"valueName":"search_term_string"}}],"inLanguage":"es"},{"@type":"Organization","@id":"https:\/\/kme.eu\/kme\/es\/#organization","name":"KME","url":"https:\/\/kme.eu\/kme\/es\/","logo":{"@type":"ImageObject","inLanguage":"es","@id":"https:\/\/kme.eu\/kme\/es\/#\/schema\/logo\/image\/","url":"https:\/\/kme.eu\/kme\/wp-content\/uploads\/2020\/04\/logo_KME_RGB_small_200px.png","contentUrl":"https:\/\/kme.eu\/kme\/wp-content\/uploads\/2020\/04\/logo_KME_RGB_small_200px.png","width":272,"height":200,"caption":"KME"},"image":{"@id":"https:\/\/kme.eu\/kme\/es\/#\/schema\/logo\/image\/"},"sameAs":["https:\/\/www.facebook.com\/KME.LPG\/","https:\/\/www.instagram.com\/kme_lpg\/"]}]}},"_links":{"self":[{"href":"https:\/\/kme.eu\/kme\/es\/wp-json\/wp\/v2\/product\/21530","targetHints":{"allow":["GET"]}}],"collection":[{"href":"https:\/\/kme.eu\/kme\/es\/wp-json\/wp\/v2\/product"}],"about":[{"href":"https:\/\/kme.eu\/kme\/es\/wp-json\/wp\/v2\/types\/product"}],"wp:featuredmedia":[{"embeddable":true,"href":"https:\/\/kme.eu\/kme\/es\/wp-json\/wp\/v2\/media\/9605"}],"wp:attachment":[{"href":"https:\/\/kme.eu\/kme\/es\/wp-json\/wp\/v2\/media?parent=21530"}],"wp:term":[{"taxonomy":"product_brand","embeddable":true,"href":"https:\/\/kme.eu\/kme\/es\/wp-json\/wp\/v2\/product_brand?post=21530"},{"taxonomy":"product_cat","embeddable":true,"href":"https:\/\/kme.eu\/kme\/es\/wp-json\/wp\/v2\/product_cat?post=21530"},{"taxonomy":"product_tag","embeddable":true,"href":"https:\/\/kme.eu\/kme\/es\/wp-json\/wp\/v2\/product_tag?post=21530"}],"curies":[{"name":"wp","href":"https:\/\/api.w.org\/{rel}","templated":true}]}}