{"id":21531,"date":"2020-10-09T14:04:37","date_gmt":"2020-10-09T12:04:37","guid":{"rendered":"https:\/\/kme.eu\/kme\/produkt\/sensor-de-presion-analogico-cct6-40-bar\/"},"modified":"2026-03-30T10:34:55","modified_gmt":"2026-03-30T08:34:55","slug":"sensor-de-presion-analogico-cct6-40-bar","status":"publish","type":"product","link":"https:\/\/kme.eu\/kme\/es\/produkt\/sensor-de-presion-analogico-cct6-40-bar\/","title":{"rendered":"SENSOR DE PRESI\u00d3N ANAL\u00d3GICO CCT6 4,0 BAR"},"content":{"rendered":"<p><b>El sensor de presi\u00f3n anal\u00f3gico CCT6 de 4,0 BAR tiene una carcasa gris y ha sido dise\u00f1ado para funcionar con los controladores NEVO-SKY y DIEGO G3.<\/b><\/p>\n<p>El sensor sustituye a sus predecesores: PS CC2, PS CCT3, PS CCT4 y PS CCT5. Solo el sensor PS CC1 se mantiene en su versi\u00f3n actual. <\/p>\n<p>El sensor est\u00e1 equipado con un <strong>conector de 5 pines<\/strong>, por lo que no hay ning\u00fan cable adicional en el arn\u00e9s para leer la temperatura.<\/p>\n<p>&nbsp;<\/p>\n<p><script>\n   $(window).on('load', function(){\n      $(\".sdm_download\").each(function( index, element ){\n         console.log($(this));\n         $(this).attr('target','_blank');\n      });\n   });\n<\/script><\/p>\n","protected":false},"excerpt":{"rendered":"<p>El sensor anal\u00f3gico CCT6 de 4,0 BAR tiene una carcasa gris.<\/p>\n","protected":false},"featured_media":17201,"template":"","meta":[],"product_brand":[],"product_cat":[287050],"product_tag":[],"class_list":{"0":"post-21531","1":"product","2":"type-product","3":"status-publish","4":"has-post-thumbnail","6":"product_cat-accesorios","8":"first","9":"instock","10":"shipping-taxable","11":"product-type-simple"},"acf":[],"yoast_head":"<!-- This site is optimized with the Yoast SEO plugin v27.4 - https:\/\/yoast.com\/product\/yoast-seo-wordpress\/ -->\n<title>SENSOR DE PRESI\u00d3N ANAL\u00d3GICO CCT6 4,0 BAR - KME<\/title>\n<meta name=\"robots\" content=\"index, follow, max-snippet:-1, max-image-preview:large, max-video-preview:-1\" \/>\n<link rel=\"canonical\" href=\"https:\/\/kme.eu\/kme\/es\/produkt\/sensor-de-presion-analogico-cct6-40-bar\/\" \/>\n<meta property=\"og:locale\" content=\"es_ES\" \/>\n<meta property=\"og:type\" content=\"article\" \/>\n<meta property=\"og:title\" content=\"SENSOR DE PRESI\u00d3N ANAL\u00d3GICO CCT6 4,0 BAR - KME\" \/>\n<meta property=\"og:description\" content=\"El sensor anal\u00f3gico CCT6 de 4,0 BAR tiene una carcasa gris.\" \/>\n<meta property=\"og:url\" content=\"https:\/\/kme.eu\/kme\/es\/produkt\/sensor-de-presion-analogico-cct6-40-bar\/\" \/>\n<meta property=\"og:site_name\" content=\"KME\" \/>\n<meta property=\"article:publisher\" content=\"https:\/\/www.facebook.com\/KME.LPG\/\" \/>\n<meta property=\"article:modified_time\" content=\"2026-03-30T08:34:55+00:00\" \/>\n<meta property=\"og:image\" content=\"https:\/\/kme.eu\/kme\/wp-content\/uploads\/2023\/10\/czujnik-cisnienia-CCT6-ANALOG-4.0BAR-DIEGO-G3_NEVO-SKY_8301000002.jpg\" \/>\n\t<meta property=\"og:image:width\" content=\"800\" \/>\n\t<meta property=\"og:image:height\" content=\"900\" \/>\n\t<meta property=\"og:image:type\" content=\"image\/jpeg\" \/>\n<meta name=\"twitter:card\" content=\"summary_large_image\" \/>\n<script type=\"application\/ld+json\" class=\"yoast-schema-graph\">{\"@context\":\"https:\\\/\\\/schema.org\",\"@graph\":[{\"@type\":\"WebPage\",\"@id\":\"https:\\\/\\\/kme.eu\\\/kme\\\/es\\\/produkt\\\/sensor-de-presion-analogico-cct6-40-bar\\\/\",\"url\":\"https:\\\/\\\/kme.eu\\\/kme\\\/es\\\/produkt\\\/sensor-de-presion-analogico-cct6-40-bar\\\/\",\"name\":\"SENSOR DE PRESI\u00d3N ANAL\u00d3GICO CCT6 4,0 BAR - KME\",\"isPartOf\":{\"@id\":\"https:\\\/\\\/kme.eu\\\/kme\\\/es\\\/#website\"},\"primaryImageOfPage\":{\"@id\":\"https:\\\/\\\/kme.eu\\\/kme\\\/es\\\/produkt\\\/sensor-de-presion-analogico-cct6-40-bar\\\/#primaryimage\"},\"image\":{\"@id\":\"https:\\\/\\\/kme.eu\\\/kme\\\/es\\\/produkt\\\/sensor-de-presion-analogico-cct6-40-bar\\\/#primaryimage\"},\"thumbnailUrl\":\"https:\\\/\\\/kme.eu\\\/kme\\\/wp-content\\\/uploads\\\/2023\\\/10\\\/czujnik-cisnienia-CCT6-ANALOG-4.0BAR-DIEGO-G3_NEVO-SKY_8301000002.jpg\",\"datePublished\":\"2020-10-09T12:04:37+00:00\",\"dateModified\":\"2026-03-30T08:34:55+00:00\",\"breadcrumb\":{\"@id\":\"https:\\\/\\\/kme.eu\\\/kme\\\/es\\\/produkt\\\/sensor-de-presion-analogico-cct6-40-bar\\\/#breadcrumb\"},\"inLanguage\":\"es\",\"potentialAction\":[{\"@type\":\"ReadAction\",\"target\":[\"https:\\\/\\\/kme.eu\\\/kme\\\/es\\\/produkt\\\/sensor-de-presion-analogico-cct6-40-bar\\\/\"]}]},{\"@type\":\"ImageObject\",\"inLanguage\":\"es\",\"@id\":\"https:\\\/\\\/kme.eu\\\/kme\\\/es\\\/produkt\\\/sensor-de-presion-analogico-cct6-40-bar\\\/#primaryimage\",\"url\":\"https:\\\/\\\/kme.eu\\\/kme\\\/wp-content\\\/uploads\\\/2023\\\/10\\\/czujnik-cisnienia-CCT6-ANALOG-4.0BAR-DIEGO-G3_NEVO-SKY_8301000002.jpg\",\"contentUrl\":\"https:\\\/\\\/kme.eu\\\/kme\\\/wp-content\\\/uploads\\\/2023\\\/10\\\/czujnik-cisnienia-CCT6-ANALOG-4.0BAR-DIEGO-G3_NEVO-SKY_8301000002.jpg\",\"width\":800,\"height\":900},{\"@type\":\"BreadcrumbList\",\"@id\":\"https:\\\/\\\/kme.eu\\\/kme\\\/es\\\/produkt\\\/sensor-de-presion-analogico-cct6-40-bar\\\/#breadcrumb\",\"itemListElement\":[{\"@type\":\"ListItem\",\"position\":1,\"name\":\"Strona g\u0142\u00f3wna\",\"item\":\"https:\\\/\\\/kme.eu\\\/kme\\\/es\\\/\"},{\"@type\":\"ListItem\",\"position\":2,\"name\":\"Productos\",\"item\":\"https:\\\/\\\/kme.eu\\\/kme\\\/es\\\/productos\\\/\"},{\"@type\":\"ListItem\",\"position\":3,\"name\":\"SENSOR DE PRESI\u00d3N ANAL\u00d3GICO CCT6 4,0 BAR\"}]},{\"@type\":\"WebSite\",\"@id\":\"https:\\\/\\\/kme.eu\\\/kme\\\/es\\\/#website\",\"url\":\"https:\\\/\\\/kme.eu\\\/kme\\\/es\\\/\",\"name\":\"KME\",\"description\":\"Autogas Systems\",\"publisher\":{\"@id\":\"https:\\\/\\\/kme.eu\\\/kme\\\/es\\\/#organization\"},\"potentialAction\":[{\"@type\":\"SearchAction\",\"target\":{\"@type\":\"EntryPoint\",\"urlTemplate\":\"https:\\\/\\\/kme.eu\\\/kme\\\/es\\\/?s={search_term_string}\"},\"query-input\":{\"@type\":\"PropertyValueSpecification\",\"valueRequired\":true,\"valueName\":\"search_term_string\"}}],\"inLanguage\":\"es\"},{\"@type\":\"Organization\",\"@id\":\"https:\\\/\\\/kme.eu\\\/kme\\\/es\\\/#organization\",\"name\":\"KME\",\"url\":\"https:\\\/\\\/kme.eu\\\/kme\\\/es\\\/\",\"logo\":{\"@type\":\"ImageObject\",\"inLanguage\":\"es\",\"@id\":\"https:\\\/\\\/kme.eu\\\/kme\\\/es\\\/#\\\/schema\\\/logo\\\/image\\\/\",\"url\":\"https:\\\/\\\/kme.eu\\\/kme\\\/wp-content\\\/uploads\\\/2020\\\/04\\\/logo_KME_RGB_small_200px.png\",\"contentUrl\":\"https:\\\/\\\/kme.eu\\\/kme\\\/wp-content\\\/uploads\\\/2020\\\/04\\\/logo_KME_RGB_small_200px.png\",\"width\":272,\"height\":200,\"caption\":\"KME\"},\"image\":{\"@id\":\"https:\\\/\\\/kme.eu\\\/kme\\\/es\\\/#\\\/schema\\\/logo\\\/image\\\/\"},\"sameAs\":[\"https:\\\/\\\/www.facebook.com\\\/KME.LPG\\\/\",\"https:\\\/\\\/www.instagram.com\\\/kme_lpg\\\/\"]}]}<\/script>\n<!-- \/ Yoast SEO plugin. -->","yoast_head_json":{"title":"SENSOR DE PRESI\u00d3N ANAL\u00d3GICO CCT6 4,0 BAR - KME","robots":{"index":"index","follow":"follow","max-snippet":"max-snippet:-1","max-image-preview":"max-image-preview:large","max-video-preview":"max-video-preview:-1"},"canonical":"https:\/\/kme.eu\/kme\/es\/produkt\/sensor-de-presion-analogico-cct6-40-bar\/","og_locale":"es_ES","og_type":"article","og_title":"SENSOR DE PRESI\u00d3N ANAL\u00d3GICO CCT6 4,0 BAR - KME","og_description":"El sensor anal\u00f3gico CCT6 de 4,0 BAR tiene una carcasa gris.","og_url":"https:\/\/kme.eu\/kme\/es\/produkt\/sensor-de-presion-analogico-cct6-40-bar\/","og_site_name":"KME","article_publisher":"https:\/\/www.facebook.com\/KME.LPG\/","article_modified_time":"2026-03-30T08:34:55+00:00","og_image":[{"width":800,"height":900,"url":"https:\/\/kme.eu\/kme\/wp-content\/uploads\/2023\/10\/czujnik-cisnienia-CCT6-ANALOG-4.0BAR-DIEGO-G3_NEVO-SKY_8301000002.jpg","type":"image\/jpeg"}],"twitter_card":"summary_large_image","schema":{"@context":"https:\/\/schema.org","@graph":[{"@type":"WebPage","@id":"https:\/\/kme.eu\/kme\/es\/produkt\/sensor-de-presion-analogico-cct6-40-bar\/","url":"https:\/\/kme.eu\/kme\/es\/produkt\/sensor-de-presion-analogico-cct6-40-bar\/","name":"SENSOR DE PRESI\u00d3N ANAL\u00d3GICO CCT6 4,0 BAR - KME","isPartOf":{"@id":"https:\/\/kme.eu\/kme\/es\/#website"},"primaryImageOfPage":{"@id":"https:\/\/kme.eu\/kme\/es\/produkt\/sensor-de-presion-analogico-cct6-40-bar\/#primaryimage"},"image":{"@id":"https:\/\/kme.eu\/kme\/es\/produkt\/sensor-de-presion-analogico-cct6-40-bar\/#primaryimage"},"thumbnailUrl":"https:\/\/kme.eu\/kme\/wp-content\/uploads\/2023\/10\/czujnik-cisnienia-CCT6-ANALOG-4.0BAR-DIEGO-G3_NEVO-SKY_8301000002.jpg","datePublished":"2020-10-09T12:04:37+00:00","dateModified":"2026-03-30T08:34:55+00:00","breadcrumb":{"@id":"https:\/\/kme.eu\/kme\/es\/produkt\/sensor-de-presion-analogico-cct6-40-bar\/#breadcrumb"},"inLanguage":"es","potentialAction":[{"@type":"ReadAction","target":["https:\/\/kme.eu\/kme\/es\/produkt\/sensor-de-presion-analogico-cct6-40-bar\/"]}]},{"@type":"ImageObject","inLanguage":"es","@id":"https:\/\/kme.eu\/kme\/es\/produkt\/sensor-de-presion-analogico-cct6-40-bar\/#primaryimage","url":"https:\/\/kme.eu\/kme\/wp-content\/uploads\/2023\/10\/czujnik-cisnienia-CCT6-ANALOG-4.0BAR-DIEGO-G3_NEVO-SKY_8301000002.jpg","contentUrl":"https:\/\/kme.eu\/kme\/wp-content\/uploads\/2023\/10\/czujnik-cisnienia-CCT6-ANALOG-4.0BAR-DIEGO-G3_NEVO-SKY_8301000002.jpg","width":800,"height":900},{"@type":"BreadcrumbList","@id":"https:\/\/kme.eu\/kme\/es\/produkt\/sensor-de-presion-analogico-cct6-40-bar\/#breadcrumb","itemListElement":[{"@type":"ListItem","position":1,"name":"Strona g\u0142\u00f3wna","item":"https:\/\/kme.eu\/kme\/es\/"},{"@type":"ListItem","position":2,"name":"Productos","item":"https:\/\/kme.eu\/kme\/es\/productos\/"},{"@type":"ListItem","position":3,"name":"SENSOR DE PRESI\u00d3N ANAL\u00d3GICO CCT6 4,0 BAR"}]},{"@type":"WebSite","@id":"https:\/\/kme.eu\/kme\/es\/#website","url":"https:\/\/kme.eu\/kme\/es\/","name":"KME","description":"Autogas Systems","publisher":{"@id":"https:\/\/kme.eu\/kme\/es\/#organization"},"potentialAction":[{"@type":"SearchAction","target":{"@type":"EntryPoint","urlTemplate":"https:\/\/kme.eu\/kme\/es\/?s={search_term_string}"},"query-input":{"@type":"PropertyValueSpecification","valueRequired":true,"valueName":"search_term_string"}}],"inLanguage":"es"},{"@type":"Organization","@id":"https:\/\/kme.eu\/kme\/es\/#organization","name":"KME","url":"https:\/\/kme.eu\/kme\/es\/","logo":{"@type":"ImageObject","inLanguage":"es","@id":"https:\/\/kme.eu\/kme\/es\/#\/schema\/logo\/image\/","url":"https:\/\/kme.eu\/kme\/wp-content\/uploads\/2020\/04\/logo_KME_RGB_small_200px.png","contentUrl":"https:\/\/kme.eu\/kme\/wp-content\/uploads\/2020\/04\/logo_KME_RGB_small_200px.png","width":272,"height":200,"caption":"KME"},"image":{"@id":"https:\/\/kme.eu\/kme\/es\/#\/schema\/logo\/image\/"},"sameAs":["https:\/\/www.facebook.com\/KME.LPG\/","https:\/\/www.instagram.com\/kme_lpg\/"]}]}},"_links":{"self":[{"href":"https:\/\/kme.eu\/kme\/es\/wp-json\/wp\/v2\/product\/21531","targetHints":{"allow":["GET"]}}],"collection":[{"href":"https:\/\/kme.eu\/kme\/es\/wp-json\/wp\/v2\/product"}],"about":[{"href":"https:\/\/kme.eu\/kme\/es\/wp-json\/wp\/v2\/types\/product"}],"wp:featuredmedia":[{"embeddable":true,"href":"https:\/\/kme.eu\/kme\/es\/wp-json\/wp\/v2\/media\/17201"}],"wp:attachment":[{"href":"https:\/\/kme.eu\/kme\/es\/wp-json\/wp\/v2\/media?parent=21531"}],"wp:term":[{"taxonomy":"product_brand","embeddable":true,"href":"https:\/\/kme.eu\/kme\/es\/wp-json\/wp\/v2\/product_brand?post=21531"},{"taxonomy":"product_cat","embeddable":true,"href":"https:\/\/kme.eu\/kme\/es\/wp-json\/wp\/v2\/product_cat?post=21531"},{"taxonomy":"product_tag","embeddable":true,"href":"https:\/\/kme.eu\/kme\/es\/wp-json\/wp\/v2\/product_tag?post=21531"}],"curies":[{"name":"wp","href":"https:\/\/api.w.org\/{rel}","templated":true}]}}