{"id":21535,"date":"2020-09-01T13:25:51","date_gmt":"2020-09-01T11:25:51","guid":{"rendered":"https:\/\/kme.eu\/kme\/produkt\/electronica-sun\/"},"modified":"2026-03-30T10:42:24","modified_gmt":"2026-03-30T08:42:24","slug":"electronica-sun","status":"publish","type":"product","link":"https:\/\/kme.eu\/kme\/es\/produkt\/electronica-sun\/","title":{"rendered":"Electr\u00f3nica SUN"},"content":{"rendered":"<div class=\"sixteen columns\">\n<h5><strong>Componentes <\/strong><b>electr\u00f3nicos<\/b><\/h5>\n<ul>\n<li>conductor<\/li>\n<li>haz b\u00e1sico<\/li>\n<li>indicador de combustible<\/li>\n<li>accesorios de conexi\u00f3n<\/li>\n<li>sensor de presi\u00f3n<\/li>\n<li>Panel de control<\/li>\n<\/ul>\n<h5><strong>Controlador solar NEVO-SKY<\/strong><\/h5>\n<p>Sucesor de la familia <strong>NEVO<\/strong>, equipado con mecanismos avanzados de la <strong>plataforma SKY<\/strong>. Dise\u00f1ado para motores de 3 y 4 cilindros con inyecci\u00f3n indirecta, el controlador cuenta con un \u00fanico conector con un arn\u00e9s de cableado optimizado y una carcasa herm\u00e9tica que protege el dispositivo de factores externos. <\/p>\n<p>Funciona con el <strong>software NEVO-SKY<\/strong>, el mismo que el del controlador <strong>MAX <\/strong>o <strong>DIRECT<\/strong>.<\/p>\n<h5><strong>CONFIGURACI\u00d3N AUTOM\u00c1TICA en 5 pasos<\/strong><\/h5>\n<p>Para facilitar la instalaci\u00f3n y la calibraci\u00f3n, los controladores de la familia <strong>NEVO-SKY<\/strong> cuentan con una funci\u00f3n de <strong>AUTO-SETUP<\/strong> que le ayuda a configurar la mayor\u00eda de los autom\u00f3viles de forma r\u00e1pida y sencilla.<\/p>\n<p><img loading=\"lazy\" decoding=\"async\" class=\"alignnone wp-image-7313\" src=\"https:\/\/mucha.sobnet.eu\/kme\/wp-content\/uploads\/2020\/06\/5-krokow-300x91.jpg\" alt=\"\" width=\"705\" height=\"214\" srcset=\"https:\/\/kme.eu\/kme\/wp-content\/uploads\/2020\/06\/5-krokow-300x91.jpg 300w, https:\/\/kme.eu\/kme\/wp-content\/uploads\/2020\/06\/5-krokow-600x182.jpg 600w, https:\/\/kme.eu\/kme\/wp-content\/uploads\/2020\/06\/5-krokow-1024x310.jpg 1024w, https:\/\/kme.eu\/kme\/wp-content\/uploads\/2020\/06\/5-krokow-768x232.jpg 768w, https:\/\/kme.eu\/kme\/wp-content\/uploads\/2020\/06\/5-krokow.jpg 1147w\" sizes=\"auto, (max-width: 705px) 100vw, 705px\" \/><\/p>\n<h5><strong>SISTEMA EXPERTO SKY<\/strong><\/h5>\n<p>La familia <strong>NEVO-SKY,<\/strong> que incluye el controlador <strong>SUN<\/strong>, funciona con el software <strong>NEVO-SKY<\/strong>, equipado con el avanzado sistema<strong> SKY EXPERT SYSTEM<\/strong> para la detecci\u00f3n autom\u00e1tica de irregularidades en la configuraci\u00f3n y el funcionamiento del sistema de gas. Este sistema genera sugerencias y advertencias, y propone soluciones. Cada advertencia activa una alarma sonora para que el usuario no se pierda el momento en que se le da el consejo. Con cada actualizaci\u00f3n de software, el sistema <strong>SKY <\/strong><strong>EXPERT SYSTEM<\/strong> ampl\u00eda su base de conocimientos para facilitar la calibraci\u00f3n del veh\u00edculo.   <\/p>\n<p>&nbsp;<\/p>\n<div class=\"sdm_download_button_box_default\"><div class=\"sdm_download_link\"><a href=\"https:\/\/kme.eu\/kme\/es\/\/?sdm_process_download=1&download_id=7664\" class=\"sdm_download orange\" title=\"Oprogramowanie NEVO-SKY 5.0.4.1\" >Pobierz program<\/a><\/div><\/div>\n<p>&nbsp;<\/p>\n\t\t\t<rs-module-wrap id=\"rev_slider_error_1_wrapper\">\n\t\t\t\t<rs-module id=\"rev_slider_error_1\">\n\t\t\t\t\t<div class=\"rs_error_message_box\">\n\t\t\t\t\t\t<div class=\"rs_error_message_oops\">There is nothing to show here!<\/div>\n\t\t\t\t\t\t<div class=\"rs_error_message_content\">Slider with alias sun not found.<\/div>\n\t\t\t\t\t<\/div>\n\t\t\t\t<\/rs-module>\n\t\t\t<\/rs-module-wrap>\n\t\t\t<script>\n\t\t\t\tvar rs_eslider = document.getElementById(\"rev_slider_error_1\");\n\t\t\t\trs_eslider.style.display = \"none\";\n\t\t\t\tconsole.log(\"Slider with alias sun not found.\");\n\t\t\t<\/script>\n\n<\/div>\n<p><script>\n   $(window).on('load', function(){\n      $(\".sdm_download\").each(function( index, element ){\n         console.log($(this));\n         $(this).attr('target','_blank');\n      });\n   });\n<\/script><\/p>\n","protected":false},"excerpt":{"rendered":"<p>Sucesor de la familia NEVO, equipado con mecanismos avanzados de la plataforma SKY. Dise\u00f1ado para motores de 3 y 4 cilindros con inyecci\u00f3n indirecta, el controlador cuenta con un \u00fanico conector con un arn\u00e9s de cableado optimizado y una carcasa herm\u00e9tica que protege el dispositivo de factores externos.  <\/p>\n<p>Funciona con el software NEVO-SKY, el mismo que el del controlador MAX o DIRECT.<\/p>\n","protected":false},"featured_media":9269,"template":"","meta":[],"product_brand":[],"product_cat":[592541],"product_tag":[592740],"class_list":{"0":"post-21535","1":"product","2":"type-product","3":"status-publish","4":"has-post-thumbnail","6":"product_cat-electronica","7":"product_tag-inyeccion-indirecta-2","9":"first","10":"instock","11":"shipping-taxable","12":"product-type-simple"},"acf":[],"yoast_head":"<!-- This site is optimized with the Yoast SEO plugin v27.4 - https:\/\/yoast.com\/product\/yoast-seo-wordpress\/ -->\n<title>Electr\u00f3nica SUN - KME<\/title>\n<meta name=\"robots\" content=\"index, follow, max-snippet:-1, max-image-preview:large, max-video-preview:-1\" \/>\n<link rel=\"canonical\" href=\"https:\/\/kme.eu\/kme\/es\/produkt\/electronica-sun\/\" \/>\n<meta property=\"og:locale\" content=\"es_ES\" \/>\n<meta property=\"og:type\" content=\"article\" \/>\n<meta property=\"og:title\" content=\"Electr\u00f3nica SUN - KME\" \/>\n<meta property=\"og:description\" content=\"Sucesor de la familia NEVO, equipado con mecanismos avanzados de la plataforma SKY. Dise\u00f1ado para motores de 3 y 4 cilindros con inyecci\u00f3n indirecta, el controlador cuenta con un \u00fanico conector con un arn\u00e9s de cableado optimizado y una carcasa herm\u00e9tica que protege el dispositivo de factores externos.  Funciona con el software NEVO-SKY, el mismo que el del controlador MAX o DIRECT.\" \/>\n<meta property=\"og:url\" content=\"https:\/\/kme.eu\/kme\/es\/produkt\/electronica-sun\/\" \/>\n<meta property=\"og:site_name\" content=\"KME\" \/>\n<meta property=\"article:publisher\" content=\"https:\/\/www.facebook.com\/KME.LPG\/\" \/>\n<meta property=\"article:modified_time\" content=\"2026-03-30T08:42:24+00:00\" \/>\n<meta property=\"og:image\" content=\"https:\/\/kme.eu\/kme\/wp-content\/uploads\/2020\/09\/Elektronika_zestawienie_SUN_03.jpg\" \/>\n\t<meta property=\"og:image:width\" content=\"800\" \/>\n\t<meta property=\"og:image:height\" content=\"900\" \/>\n\t<meta property=\"og:image:type\" content=\"image\/jpeg\" \/>\n<meta name=\"twitter:card\" content=\"summary_large_image\" \/>\n<meta name=\"twitter:label1\" content=\"Tiempo de lectura\" \/>\n\t<meta name=\"twitter:data1\" content=\"1 minuto\" \/>\n<script type=\"application\/ld+json\" class=\"yoast-schema-graph\">{\"@context\":\"https:\\\/\\\/schema.org\",\"@graph\":[{\"@type\":\"WebPage\",\"@id\":\"https:\\\/\\\/kme.eu\\\/kme\\\/es\\\/produkt\\\/electronica-sun\\\/\",\"url\":\"https:\\\/\\\/kme.eu\\\/kme\\\/es\\\/produkt\\\/electronica-sun\\\/\",\"name\":\"Electr\u00f3nica SUN - KME\",\"isPartOf\":{\"@id\":\"https:\\\/\\\/kme.eu\\\/kme\\\/es\\\/#website\"},\"primaryImageOfPage\":{\"@id\":\"https:\\\/\\\/kme.eu\\\/kme\\\/es\\\/produkt\\\/electronica-sun\\\/#primaryimage\"},\"image\":{\"@id\":\"https:\\\/\\\/kme.eu\\\/kme\\\/es\\\/produkt\\\/electronica-sun\\\/#primaryimage\"},\"thumbnailUrl\":\"https:\\\/\\\/kme.eu\\\/kme\\\/wp-content\\\/uploads\\\/2020\\\/09\\\/Elektronika_zestawienie_SUN_03.jpg\",\"datePublished\":\"2020-09-01T11:25:51+00:00\",\"dateModified\":\"2026-03-30T08:42:24+00:00\",\"breadcrumb\":{\"@id\":\"https:\\\/\\\/kme.eu\\\/kme\\\/es\\\/produkt\\\/electronica-sun\\\/#breadcrumb\"},\"inLanguage\":\"es\",\"potentialAction\":[{\"@type\":\"ReadAction\",\"target\":[\"https:\\\/\\\/kme.eu\\\/kme\\\/es\\\/produkt\\\/electronica-sun\\\/\"]}]},{\"@type\":\"ImageObject\",\"inLanguage\":\"es\",\"@id\":\"https:\\\/\\\/kme.eu\\\/kme\\\/es\\\/produkt\\\/electronica-sun\\\/#primaryimage\",\"url\":\"https:\\\/\\\/kme.eu\\\/kme\\\/wp-content\\\/uploads\\\/2020\\\/09\\\/Elektronika_zestawienie_SUN_03.jpg\",\"contentUrl\":\"https:\\\/\\\/kme.eu\\\/kme\\\/wp-content\\\/uploads\\\/2020\\\/09\\\/Elektronika_zestawienie_SUN_03.jpg\",\"width\":800,\"height\":900},{\"@type\":\"BreadcrumbList\",\"@id\":\"https:\\\/\\\/kme.eu\\\/kme\\\/es\\\/produkt\\\/electronica-sun\\\/#breadcrumb\",\"itemListElement\":[{\"@type\":\"ListItem\",\"position\":1,\"name\":\"Strona g\u0142\u00f3wna\",\"item\":\"https:\\\/\\\/kme.eu\\\/kme\\\/es\\\/\"},{\"@type\":\"ListItem\",\"position\":2,\"name\":\"Productos\",\"item\":\"https:\\\/\\\/kme.eu\\\/kme\\\/es\\\/productos\\\/\"},{\"@type\":\"ListItem\",\"position\":3,\"name\":\"Electr\u00f3nica SUN\"}]},{\"@type\":\"WebSite\",\"@id\":\"https:\\\/\\\/kme.eu\\\/kme\\\/es\\\/#website\",\"url\":\"https:\\\/\\\/kme.eu\\\/kme\\\/es\\\/\",\"name\":\"KME\",\"description\":\"Autogas Systems\",\"publisher\":{\"@id\":\"https:\\\/\\\/kme.eu\\\/kme\\\/es\\\/#organization\"},\"potentialAction\":[{\"@type\":\"SearchAction\",\"target\":{\"@type\":\"EntryPoint\",\"urlTemplate\":\"https:\\\/\\\/kme.eu\\\/kme\\\/es\\\/?s={search_term_string}\"},\"query-input\":{\"@type\":\"PropertyValueSpecification\",\"valueRequired\":true,\"valueName\":\"search_term_string\"}}],\"inLanguage\":\"es\"},{\"@type\":\"Organization\",\"@id\":\"https:\\\/\\\/kme.eu\\\/kme\\\/es\\\/#organization\",\"name\":\"KME\",\"url\":\"https:\\\/\\\/kme.eu\\\/kme\\\/es\\\/\",\"logo\":{\"@type\":\"ImageObject\",\"inLanguage\":\"es\",\"@id\":\"https:\\\/\\\/kme.eu\\\/kme\\\/es\\\/#\\\/schema\\\/logo\\\/image\\\/\",\"url\":\"https:\\\/\\\/kme.eu\\\/kme\\\/wp-content\\\/uploads\\\/2020\\\/04\\\/logo_KME_RGB_small_200px.png\",\"contentUrl\":\"https:\\\/\\\/kme.eu\\\/kme\\\/wp-content\\\/uploads\\\/2020\\\/04\\\/logo_KME_RGB_small_200px.png\",\"width\":272,\"height\":200,\"caption\":\"KME\"},\"image\":{\"@id\":\"https:\\\/\\\/kme.eu\\\/kme\\\/es\\\/#\\\/schema\\\/logo\\\/image\\\/\"},\"sameAs\":[\"https:\\\/\\\/www.facebook.com\\\/KME.LPG\\\/\",\"https:\\\/\\\/www.instagram.com\\\/kme_lpg\\\/\"]}]}<\/script>\n<!-- \/ Yoast SEO plugin. -->","yoast_head_json":{"title":"Electr\u00f3nica SUN - KME","robots":{"index":"index","follow":"follow","max-snippet":"max-snippet:-1","max-image-preview":"max-image-preview:large","max-video-preview":"max-video-preview:-1"},"canonical":"https:\/\/kme.eu\/kme\/es\/produkt\/electronica-sun\/","og_locale":"es_ES","og_type":"article","og_title":"Electr\u00f3nica SUN - KME","og_description":"Sucesor de la familia NEVO, equipado con mecanismos avanzados de la plataforma SKY. Dise\u00f1ado para motores de 3 y 4 cilindros con inyecci\u00f3n indirecta, el controlador cuenta con un \u00fanico conector con un arn\u00e9s de cableado optimizado y una carcasa herm\u00e9tica que protege el dispositivo de factores externos.  Funciona con el software NEVO-SKY, el mismo que el del controlador MAX o DIRECT.","og_url":"https:\/\/kme.eu\/kme\/es\/produkt\/electronica-sun\/","og_site_name":"KME","article_publisher":"https:\/\/www.facebook.com\/KME.LPG\/","article_modified_time":"2026-03-30T08:42:24+00:00","og_image":[{"width":800,"height":900,"url":"https:\/\/kme.eu\/kme\/wp-content\/uploads\/2020\/09\/Elektronika_zestawienie_SUN_03.jpg","type":"image\/jpeg"}],"twitter_card":"summary_large_image","twitter_misc":{"Tiempo de lectura":"1 minuto"},"schema":{"@context":"https:\/\/schema.org","@graph":[{"@type":"WebPage","@id":"https:\/\/kme.eu\/kme\/es\/produkt\/electronica-sun\/","url":"https:\/\/kme.eu\/kme\/es\/produkt\/electronica-sun\/","name":"Electr\u00f3nica SUN - KME","isPartOf":{"@id":"https:\/\/kme.eu\/kme\/es\/#website"},"primaryImageOfPage":{"@id":"https:\/\/kme.eu\/kme\/es\/produkt\/electronica-sun\/#primaryimage"},"image":{"@id":"https:\/\/kme.eu\/kme\/es\/produkt\/electronica-sun\/#primaryimage"},"thumbnailUrl":"https:\/\/kme.eu\/kme\/wp-content\/uploads\/2020\/09\/Elektronika_zestawienie_SUN_03.jpg","datePublished":"2020-09-01T11:25:51+00:00","dateModified":"2026-03-30T08:42:24+00:00","breadcrumb":{"@id":"https:\/\/kme.eu\/kme\/es\/produkt\/electronica-sun\/#breadcrumb"},"inLanguage":"es","potentialAction":[{"@type":"ReadAction","target":["https:\/\/kme.eu\/kme\/es\/produkt\/electronica-sun\/"]}]},{"@type":"ImageObject","inLanguage":"es","@id":"https:\/\/kme.eu\/kme\/es\/produkt\/electronica-sun\/#primaryimage","url":"https:\/\/kme.eu\/kme\/wp-content\/uploads\/2020\/09\/Elektronika_zestawienie_SUN_03.jpg","contentUrl":"https:\/\/kme.eu\/kme\/wp-content\/uploads\/2020\/09\/Elektronika_zestawienie_SUN_03.jpg","width":800,"height":900},{"@type":"BreadcrumbList","@id":"https:\/\/kme.eu\/kme\/es\/produkt\/electronica-sun\/#breadcrumb","itemListElement":[{"@type":"ListItem","position":1,"name":"Strona g\u0142\u00f3wna","item":"https:\/\/kme.eu\/kme\/es\/"},{"@type":"ListItem","position":2,"name":"Productos","item":"https:\/\/kme.eu\/kme\/es\/productos\/"},{"@type":"ListItem","position":3,"name":"Electr\u00f3nica SUN"}]},{"@type":"WebSite","@id":"https:\/\/kme.eu\/kme\/es\/#website","url":"https:\/\/kme.eu\/kme\/es\/","name":"KME","description":"Autogas Systems","publisher":{"@id":"https:\/\/kme.eu\/kme\/es\/#organization"},"potentialAction":[{"@type":"SearchAction","target":{"@type":"EntryPoint","urlTemplate":"https:\/\/kme.eu\/kme\/es\/?s={search_term_string}"},"query-input":{"@type":"PropertyValueSpecification","valueRequired":true,"valueName":"search_term_string"}}],"inLanguage":"es"},{"@type":"Organization","@id":"https:\/\/kme.eu\/kme\/es\/#organization","name":"KME","url":"https:\/\/kme.eu\/kme\/es\/","logo":{"@type":"ImageObject","inLanguage":"es","@id":"https:\/\/kme.eu\/kme\/es\/#\/schema\/logo\/image\/","url":"https:\/\/kme.eu\/kme\/wp-content\/uploads\/2020\/04\/logo_KME_RGB_small_200px.png","contentUrl":"https:\/\/kme.eu\/kme\/wp-content\/uploads\/2020\/04\/logo_KME_RGB_small_200px.png","width":272,"height":200,"caption":"KME"},"image":{"@id":"https:\/\/kme.eu\/kme\/es\/#\/schema\/logo\/image\/"},"sameAs":["https:\/\/www.facebook.com\/KME.LPG\/","https:\/\/www.instagram.com\/kme_lpg\/"]}]}},"_links":{"self":[{"href":"https:\/\/kme.eu\/kme\/es\/wp-json\/wp\/v2\/product\/21535","targetHints":{"allow":["GET"]}}],"collection":[{"href":"https:\/\/kme.eu\/kme\/es\/wp-json\/wp\/v2\/product"}],"about":[{"href":"https:\/\/kme.eu\/kme\/es\/wp-json\/wp\/v2\/types\/product"}],"wp:featuredmedia":[{"embeddable":true,"href":"https:\/\/kme.eu\/kme\/es\/wp-json\/wp\/v2\/media\/9269"}],"wp:attachment":[{"href":"https:\/\/kme.eu\/kme\/es\/wp-json\/wp\/v2\/media?parent=21535"}],"wp:term":[{"taxonomy":"product_brand","embeddable":true,"href":"https:\/\/kme.eu\/kme\/es\/wp-json\/wp\/v2\/product_brand?post=21535"},{"taxonomy":"product_cat","embeddable":true,"href":"https:\/\/kme.eu\/kme\/es\/wp-json\/wp\/v2\/product_cat?post=21535"},{"taxonomy":"product_tag","embeddable":true,"href":"https:\/\/kme.eu\/kme\/es\/wp-json\/wp\/v2\/product_tag?post=21535"}],"curies":[{"name":"wp","href":"https:\/\/api.w.org\/{rel}","templated":true}]}}