{"id":21548,"date":"2020-07-15T12:19:35","date_gmt":"2020-07-15T10:19:35","guid":{"rendered":"https:\/\/kme.eu\/kme\/produkt\/nevo-sky-jet-basic-cct6-5-5\/"},"modified":"2026-03-30T11:05:18","modified_gmt":"2026-03-30T09:05:18","slug":"nevo-sky-jet-basic-cct6-5-5","status":"publish","type":"product","link":"https:\/\/kme.eu\/kme\/es\/produkt\/nevo-sky-jet-basic-cct6-5-5\/","title":{"rendered":"NEVO-SKY JET BASIC CCT6 5.5"},"content":{"rendered":"<h5><strong>Componentes <\/strong><b>electr\u00f3nicos<\/b><\/h5>\n<ul>\n<li>conductor<\/li>\n<li>haz b\u00e1sico<\/li>\n<li>haz adicional<\/li>\n<li>indicador de combustible<\/li>\n<li>accesorios de conexi\u00f3n<\/li>\n<li>sensor de presi\u00f3n<\/li>\n<li>Panel de control<\/li>\n<\/ul>\n<h5><strong>L\u00ednea de aviones NEVO-SKY<\/strong><\/h5>\n<p>Est\u00e1 dise\u00f1ado para motores equipados con inyecci\u00f3n indirecta de combustible. La l\u00ednea se basa en la nueva plataforma <strong>SKY<\/strong>, dedicada a motores modernos. La l\u00ednea de controladores <strong>NEVO-SKY JET <\/strong>admite hasta 8 cilindros. Esto supone una simplificaci\u00f3n significativa para las plantas de ensamblaje, que podr\u00e1n utilizar un \u00fanico software basado en <strong>SKY <\/strong>para todos los controladores de la familia <strong>NEVO-SKY<\/strong>, incluidos los controladores DIRECT.   <\/p>\n<p>&nbsp;<\/p>\n<h5><strong>CONFIGURACI\u00d3N AUTOM\u00c1TICA en 5 pasos<\/strong><\/h5>\n<p>Para facilitar la instalaci\u00f3n y la calibraci\u00f3n, los controladores de la familia <strong>NEVO-SKY<\/strong> cuentan con una funci\u00f3n de <strong>AUTO-SETUP<\/strong> que le ayuda a configurar la mayor\u00eda de los autom\u00f3viles de forma r\u00e1pida y sencilla.<\/p>\n<p><img loading=\"lazy\" decoding=\"async\" class=\"alignnone wp-image-7313\" src=\"https:\/\/mucha.sobnet.eu\/kme\/wp-content\/uploads\/2020\/06\/5-krokow-300x91.jpg\" alt=\"\" width=\"705\" height=\"214\" srcset=\"https:\/\/kme.eu\/kme\/wp-content\/uploads\/2020\/06\/5-krokow-300x91.jpg 300w, https:\/\/kme.eu\/kme\/wp-content\/uploads\/2020\/06\/5-krokow-600x182.jpg 600w, https:\/\/kme.eu\/kme\/wp-content\/uploads\/2020\/06\/5-krokow-1024x310.jpg 1024w, https:\/\/kme.eu\/kme\/wp-content\/uploads\/2020\/06\/5-krokow-768x232.jpg 768w, https:\/\/kme.eu\/kme\/wp-content\/uploads\/2020\/06\/5-krokow.jpg 1147w\" sizes=\"auto, (max-width: 705px) 100vw, 705px\" \/><\/p>\n<h5><strong>SISTEMA EXPERTO SKY<\/strong><\/h5>\n<p>La familia <strong>NEVO-SKY<\/strong>, que incluye la l\u00ednea de productos JET, es compatible con el software <strong>NEVO-SKY,<\/strong> equipado con el avanzado sistema <strong>SKY EXPERT SYSTEM<\/strong> para la detecci\u00f3n autom\u00e1tica de irregularidades en la configuraci\u00f3n y el funcionamiento del sistema de gas. Este sistema genera sugerencias y advertencias, y propone soluciones. Cada advertencia activa una alarma sonora para que el usuario no se pierda el momento en que se recibe la recomendaci\u00f3n. Con cada actualizaci\u00f3n de software, el sistema <strong>SKY <\/strong><strong>EXPERT SYSTEM<\/strong> ampl\u00eda su base de conocimientos para facilitar la calibraci\u00f3n del veh\u00edculo.   <\/p>\n<p>&nbsp;<\/p>\n<div class=\"sdm_download_button_box_default\"><div class=\"sdm_download_link\"><a href=\"https:\/\/kme.eu\/kme\/es\/\/?sdm_process_download=1&download_id=7714\" class=\"sdm_download orange\" title=\"JET linia produkt\u00f3w &#8211; karta produktu\" target=&quot;_blank&quot;>Pobierz kart\u0119 produkt\u00f3w linii NEVO-SKY JET<\/a><\/div><\/div>  <div class=\"sdm_download_button_box_default\"><div class=\"sdm_download_link\"><a href=\"https:\/\/kme.eu\/kme\/es\/\/?sdm_process_download=1&download_id=8981\" class=\"sdm_download orange\" title=\"Schemat po\u0142\u0105czenia sterownika JET EXPERT, OBD, BASIC\" target=&quot;_blank&quot;>Pobierz schemat pod\u0142\u0105czenia NEVO-SKY JET<\/a><\/div><\/div>\n<p>&nbsp;<\/p>\n<a itemprop=\"url\" href=\"https:\/\/kme.eu\/kme\/do-pobrania\/\" target=\"_self\"  class=\"mkdf-btn mkdf-btn-medium mkdf-btn-solid\"  >\n    <span class=\"mkdf-btn-text\">Descargar software<\/span>\n    <i class=\"mkdf-icon-font-awesome  \" ><\/i><\/a>\n<p>&nbsp;<\/p>\n<p><script>\n   $(window).on('load', function(){\n      $(\".sdm_download\").each(function( index, element ){\n         console.log($(this));\n         $(this).attr('target','_blank');\n      });\n   });\n<\/script><\/p>\n","protected":false},"excerpt":{"rendered":"<p>NEVO-SKY JET BASIC est\u00e1 dedicado a motores equipados con inyecci\u00f3n indirecta de combustible y admite hasta 8 cilindros.<\/p>\n","protected":false},"featured_media":19206,"template":"","meta":[],"product_brand":[],"product_cat":[592541],"product_tag":[592740,592738],"class_list":{"0":"post-21548","1":"product","2":"type-product","3":"status-publish","4":"has-post-thumbnail","6":"product_cat-electronica","7":"product_tag-inyeccion-indirecta-2","8":"product_tag-novedad","10":"first","11":"instock","12":"shipping-taxable","13":"product-type-simple"},"acf":[],"yoast_head":"<!-- This site is optimized with the Yoast SEO plugin v27.4 - https:\/\/yoast.com\/product\/yoast-seo-wordpress\/ -->\n<title>NEVO-SKY JET BASIC CCT6 5.5 - KME<\/title>\n<meta name=\"robots\" content=\"index, follow, max-snippet:-1, max-image-preview:large, max-video-preview:-1\" \/>\n<link rel=\"canonical\" href=\"https:\/\/kme.eu\/kme\/es\/produkt\/nevo-sky-jet-basic-cct6-5-5\/\" \/>\n<meta property=\"og:locale\" content=\"es_ES\" \/>\n<meta property=\"og:type\" content=\"article\" \/>\n<meta property=\"og:title\" content=\"NEVO-SKY JET BASIC CCT6 5.5 - KME\" \/>\n<meta property=\"og:description\" content=\"NEVO-SKY JET BASIC est\u00e1 dedicado a motores equipados con inyecci\u00f3n indirecta de combustible y admite hasta 8 cilindros.\" \/>\n<meta property=\"og:url\" content=\"https:\/\/kme.eu\/kme\/es\/produkt\/nevo-sky-jet-basic-cct6-5-5\/\" \/>\n<meta property=\"og:site_name\" content=\"KME\" \/>\n<meta property=\"article:publisher\" content=\"https:\/\/www.facebook.com\/KME.LPG\/\" \/>\n<meta property=\"article:modified_time\" content=\"2026-03-30T09:05:18+00:00\" \/>\n<meta property=\"og:image\" content=\"https:\/\/kme.eu\/kme\/wp-content\/uploads\/2020\/06\/5-krokow.jpg\" \/>\n\t<meta property=\"og:image:width\" content=\"1147\" \/>\n\t<meta property=\"og:image:height\" content=\"347\" \/>\n\t<meta property=\"og:image:type\" content=\"image\/jpeg\" \/>\n<meta name=\"twitter:card\" content=\"summary_large_image\" \/>\n<meta name=\"twitter:label1\" content=\"Tiempo de lectura\" \/>\n\t<meta name=\"twitter:data1\" content=\"1 minuto\" \/>\n<script type=\"application\/ld+json\" class=\"yoast-schema-graph\">{\"@context\":\"https:\\\/\\\/schema.org\",\"@graph\":[{\"@type\":\"WebPage\",\"@id\":\"https:\\\/\\\/kme.eu\\\/kme\\\/es\\\/produkt\\\/nevo-sky-jet-basic-cct6-5-5\\\/\",\"url\":\"https:\\\/\\\/kme.eu\\\/kme\\\/es\\\/produkt\\\/nevo-sky-jet-basic-cct6-5-5\\\/\",\"name\":\"NEVO-SKY JET BASIC CCT6 5.5 - KME\",\"isPartOf\":{\"@id\":\"https:\\\/\\\/kme.eu\\\/kme\\\/es\\\/#website\"},\"primaryImageOfPage\":{\"@id\":\"https:\\\/\\\/kme.eu\\\/kme\\\/es\\\/produkt\\\/nevo-sky-jet-basic-cct6-5-5\\\/#primaryimage\"},\"image\":{\"@id\":\"https:\\\/\\\/kme.eu\\\/kme\\\/es\\\/produkt\\\/nevo-sky-jet-basic-cct6-5-5\\\/#primaryimage\"},\"thumbnailUrl\":\"https:\\\/\\\/kme.eu\\\/kme\\\/wp-content\\\/uploads\\\/2024\\\/10\\\/elektronika_NS_JET_BASIC_CCT6_5_5bar.jpg\",\"datePublished\":\"2020-07-15T10:19:35+00:00\",\"dateModified\":\"2026-03-30T09:05:18+00:00\",\"breadcrumb\":{\"@id\":\"https:\\\/\\\/kme.eu\\\/kme\\\/es\\\/produkt\\\/nevo-sky-jet-basic-cct6-5-5\\\/#breadcrumb\"},\"inLanguage\":\"es\",\"potentialAction\":[{\"@type\":\"ReadAction\",\"target\":[\"https:\\\/\\\/kme.eu\\\/kme\\\/es\\\/produkt\\\/nevo-sky-jet-basic-cct6-5-5\\\/\"]}]},{\"@type\":\"ImageObject\",\"inLanguage\":\"es\",\"@id\":\"https:\\\/\\\/kme.eu\\\/kme\\\/es\\\/produkt\\\/nevo-sky-jet-basic-cct6-5-5\\\/#primaryimage\",\"url\":\"https:\\\/\\\/kme.eu\\\/kme\\\/wp-content\\\/uploads\\\/2024\\\/10\\\/elektronika_NS_JET_BASIC_CCT6_5_5bar.jpg\",\"contentUrl\":\"https:\\\/\\\/kme.eu\\\/kme\\\/wp-content\\\/uploads\\\/2024\\\/10\\\/elektronika_NS_JET_BASIC_CCT6_5_5bar.jpg\",\"width\":800,\"height\":900},{\"@type\":\"BreadcrumbList\",\"@id\":\"https:\\\/\\\/kme.eu\\\/kme\\\/es\\\/produkt\\\/nevo-sky-jet-basic-cct6-5-5\\\/#breadcrumb\",\"itemListElement\":[{\"@type\":\"ListItem\",\"position\":1,\"name\":\"Strona g\u0142\u00f3wna\",\"item\":\"https:\\\/\\\/kme.eu\\\/kme\\\/es\\\/\"},{\"@type\":\"ListItem\",\"position\":2,\"name\":\"Productos\",\"item\":\"https:\\\/\\\/kme.eu\\\/kme\\\/es\\\/productos\\\/\"},{\"@type\":\"ListItem\",\"position\":3,\"name\":\"NEVO-SKY JET BASIC CCT6 5.5\"}]},{\"@type\":\"WebSite\",\"@id\":\"https:\\\/\\\/kme.eu\\\/kme\\\/es\\\/#website\",\"url\":\"https:\\\/\\\/kme.eu\\\/kme\\\/es\\\/\",\"name\":\"KME\",\"description\":\"Autogas Systems\",\"publisher\":{\"@id\":\"https:\\\/\\\/kme.eu\\\/kme\\\/es\\\/#organization\"},\"potentialAction\":[{\"@type\":\"SearchAction\",\"target\":{\"@type\":\"EntryPoint\",\"urlTemplate\":\"https:\\\/\\\/kme.eu\\\/kme\\\/es\\\/?s={search_term_string}\"},\"query-input\":{\"@type\":\"PropertyValueSpecification\",\"valueRequired\":true,\"valueName\":\"search_term_string\"}}],\"inLanguage\":\"es\"},{\"@type\":\"Organization\",\"@id\":\"https:\\\/\\\/kme.eu\\\/kme\\\/es\\\/#organization\",\"name\":\"KME\",\"url\":\"https:\\\/\\\/kme.eu\\\/kme\\\/es\\\/\",\"logo\":{\"@type\":\"ImageObject\",\"inLanguage\":\"es\",\"@id\":\"https:\\\/\\\/kme.eu\\\/kme\\\/es\\\/#\\\/schema\\\/logo\\\/image\\\/\",\"url\":\"https:\\\/\\\/kme.eu\\\/kme\\\/wp-content\\\/uploads\\\/2020\\\/04\\\/logo_KME_RGB_small_200px.png\",\"contentUrl\":\"https:\\\/\\\/kme.eu\\\/kme\\\/wp-content\\\/uploads\\\/2020\\\/04\\\/logo_KME_RGB_small_200px.png\",\"width\":272,\"height\":200,\"caption\":\"KME\"},\"image\":{\"@id\":\"https:\\\/\\\/kme.eu\\\/kme\\\/es\\\/#\\\/schema\\\/logo\\\/image\\\/\"},\"sameAs\":[\"https:\\\/\\\/www.facebook.com\\\/KME.LPG\\\/\",\"https:\\\/\\\/www.instagram.com\\\/kme_lpg\\\/\"]}]}<\/script>\n<!-- \/ Yoast SEO plugin. -->","yoast_head_json":{"title":"NEVO-SKY JET BASIC CCT6 5.5 - KME","robots":{"index":"index","follow":"follow","max-snippet":"max-snippet:-1","max-image-preview":"max-image-preview:large","max-video-preview":"max-video-preview:-1"},"canonical":"https:\/\/kme.eu\/kme\/es\/produkt\/nevo-sky-jet-basic-cct6-5-5\/","og_locale":"es_ES","og_type":"article","og_title":"NEVO-SKY JET BASIC CCT6 5.5 - KME","og_description":"NEVO-SKY JET BASIC est\u00e1 dedicado a motores equipados con inyecci\u00f3n indirecta de combustible y admite hasta 8 cilindros.","og_url":"https:\/\/kme.eu\/kme\/es\/produkt\/nevo-sky-jet-basic-cct6-5-5\/","og_site_name":"KME","article_publisher":"https:\/\/www.facebook.com\/KME.LPG\/","article_modified_time":"2026-03-30T09:05:18+00:00","og_image":[{"width":1147,"height":347,"url":"https:\/\/kme.eu\/kme\/wp-content\/uploads\/2020\/06\/5-krokow.jpg","type":"image\/jpeg"}],"twitter_card":"summary_large_image","twitter_misc":{"Tiempo de lectura":"1 minuto"},"schema":{"@context":"https:\/\/schema.org","@graph":[{"@type":"WebPage","@id":"https:\/\/kme.eu\/kme\/es\/produkt\/nevo-sky-jet-basic-cct6-5-5\/","url":"https:\/\/kme.eu\/kme\/es\/produkt\/nevo-sky-jet-basic-cct6-5-5\/","name":"NEVO-SKY JET BASIC CCT6 5.5 - KME","isPartOf":{"@id":"https:\/\/kme.eu\/kme\/es\/#website"},"primaryImageOfPage":{"@id":"https:\/\/kme.eu\/kme\/es\/produkt\/nevo-sky-jet-basic-cct6-5-5\/#primaryimage"},"image":{"@id":"https:\/\/kme.eu\/kme\/es\/produkt\/nevo-sky-jet-basic-cct6-5-5\/#primaryimage"},"thumbnailUrl":"https:\/\/kme.eu\/kme\/wp-content\/uploads\/2024\/10\/elektronika_NS_JET_BASIC_CCT6_5_5bar.jpg","datePublished":"2020-07-15T10:19:35+00:00","dateModified":"2026-03-30T09:05:18+00:00","breadcrumb":{"@id":"https:\/\/kme.eu\/kme\/es\/produkt\/nevo-sky-jet-basic-cct6-5-5\/#breadcrumb"},"inLanguage":"es","potentialAction":[{"@type":"ReadAction","target":["https:\/\/kme.eu\/kme\/es\/produkt\/nevo-sky-jet-basic-cct6-5-5\/"]}]},{"@type":"ImageObject","inLanguage":"es","@id":"https:\/\/kme.eu\/kme\/es\/produkt\/nevo-sky-jet-basic-cct6-5-5\/#primaryimage","url":"https:\/\/kme.eu\/kme\/wp-content\/uploads\/2024\/10\/elektronika_NS_JET_BASIC_CCT6_5_5bar.jpg","contentUrl":"https:\/\/kme.eu\/kme\/wp-content\/uploads\/2024\/10\/elektronika_NS_JET_BASIC_CCT6_5_5bar.jpg","width":800,"height":900},{"@type":"BreadcrumbList","@id":"https:\/\/kme.eu\/kme\/es\/produkt\/nevo-sky-jet-basic-cct6-5-5\/#breadcrumb","itemListElement":[{"@type":"ListItem","position":1,"name":"Strona g\u0142\u00f3wna","item":"https:\/\/kme.eu\/kme\/es\/"},{"@type":"ListItem","position":2,"name":"Productos","item":"https:\/\/kme.eu\/kme\/es\/productos\/"},{"@type":"ListItem","position":3,"name":"NEVO-SKY JET BASIC CCT6 5.5"}]},{"@type":"WebSite","@id":"https:\/\/kme.eu\/kme\/es\/#website","url":"https:\/\/kme.eu\/kme\/es\/","name":"KME","description":"Autogas Systems","publisher":{"@id":"https:\/\/kme.eu\/kme\/es\/#organization"},"potentialAction":[{"@type":"SearchAction","target":{"@type":"EntryPoint","urlTemplate":"https:\/\/kme.eu\/kme\/es\/?s={search_term_string}"},"query-input":{"@type":"PropertyValueSpecification","valueRequired":true,"valueName":"search_term_string"}}],"inLanguage":"es"},{"@type":"Organization","@id":"https:\/\/kme.eu\/kme\/es\/#organization","name":"KME","url":"https:\/\/kme.eu\/kme\/es\/","logo":{"@type":"ImageObject","inLanguage":"es","@id":"https:\/\/kme.eu\/kme\/es\/#\/schema\/logo\/image\/","url":"https:\/\/kme.eu\/kme\/wp-content\/uploads\/2020\/04\/logo_KME_RGB_small_200px.png","contentUrl":"https:\/\/kme.eu\/kme\/wp-content\/uploads\/2020\/04\/logo_KME_RGB_small_200px.png","width":272,"height":200,"caption":"KME"},"image":{"@id":"https:\/\/kme.eu\/kme\/es\/#\/schema\/logo\/image\/"},"sameAs":["https:\/\/www.facebook.com\/KME.LPG\/","https:\/\/www.instagram.com\/kme_lpg\/"]}]}},"_links":{"self":[{"href":"https:\/\/kme.eu\/kme\/es\/wp-json\/wp\/v2\/product\/21548","targetHints":{"allow":["GET"]}}],"collection":[{"href":"https:\/\/kme.eu\/kme\/es\/wp-json\/wp\/v2\/product"}],"about":[{"href":"https:\/\/kme.eu\/kme\/es\/wp-json\/wp\/v2\/types\/product"}],"wp:featuredmedia":[{"embeddable":true,"href":"https:\/\/kme.eu\/kme\/es\/wp-json\/wp\/v2\/media\/19206"}],"wp:attachment":[{"href":"https:\/\/kme.eu\/kme\/es\/wp-json\/wp\/v2\/media?parent=21548"}],"wp:term":[{"taxonomy":"product_brand","embeddable":true,"href":"https:\/\/kme.eu\/kme\/es\/wp-json\/wp\/v2\/product_brand?post=21548"},{"taxonomy":"product_cat","embeddable":true,"href":"https:\/\/kme.eu\/kme\/es\/wp-json\/wp\/v2\/product_cat?post=21548"},{"taxonomy":"product_tag","embeddable":true,"href":"https:\/\/kme.eu\/kme\/es\/wp-json\/wp\/v2\/product_tag?post=21548"}],"curies":[{"name":"wp","href":"https:\/\/api.w.org\/{rel}","templated":true}]}}