{"id":21551,"date":"2020-07-14T14:47:52","date_gmt":"2020-07-14T12:47:52","guid":{"rendered":"https:\/\/kme.eu\/kme\/produkt\/nevo-sky-max-cct6-5-5-bar\/"},"modified":"2026-03-30T11:12:19","modified_gmt":"2026-03-30T09:12:19","slug":"nevo-sky-max-cct6-5-5-bar","status":"publish","type":"product","link":"https:\/\/kme.eu\/kme\/es\/produkt\/nevo-sky-max-cct6-5-5-bar\/","title":{"rendered":"NEVO-SKY MAX CCT6 5.5 bar"},"content":{"rendered":"<h5><strong>Componentes <\/strong><b>electr\u00f3nicos<\/b><\/h5>\n<ul>\n<li>conductor<\/li>\n<li>haz b\u00e1sico<\/li>\n<li>indicador de combustible<\/li>\n<li>accesorios de conexi\u00f3n<\/li>\n<li>sensor de presi\u00f3n<\/li>\n<li>Panel de control<\/li>\n<\/ul>\n<h5><strong>NEVO-SKY MAX<\/strong><\/h5>\n<p>Un sistema moderno para motores con inyecci\u00f3n indirecta de gasolina. Dise\u00f1ado para clientes exigentes, ofrece una completa utilizaci\u00f3n de la estrategia OBD para la ECU de gasolina. Incorpora emuladores de nivel de combustible EPP y emuladores de presi\u00f3n de combustible.  <\/p>\n<ul>\n<li id=\"_mcePaste\">El controlador KME NEVO-SKY MAX est\u00e1 disponible en la versi\u00f3n Hyundai Genesis espec\u00edfica para el motor 2.0T.<\/li>\n<li id=\"_mcePaste\">El controlador KME NEVO-SKY MAX est\u00e1 disponible en la versi\u00f3n RL, por ejemplo, para Mitsubishi.<\/li>\n<li>El controlador KME NEVO-SKY MAX MODEL2 est\u00e1 disponible en la versi\u00f3n Hyundai Genesis dedicada al motor 2.0T.<\/li>\n<li>El controlador KME NEVO-SKY MAX MODEL2 est\u00e1 disponible en la versi\u00f3n RL, por ejemplo, para Mitsubishi.<\/li>\n<\/ul>\n<h5><strong>CONFIGURACI\u00d3N AUTOM\u00c1TICA en 5 pasos<\/strong><\/h5>\n<p>Para facilitar la instalaci\u00f3n y la calibraci\u00f3n, los controladores de la familia <strong>NEVO-SKY<\/strong> cuentan con una funci\u00f3n de <strong>AUTO-SETUP<\/strong> que le ayuda a configurar la mayor\u00eda de los autom\u00f3viles de forma r\u00e1pida y sencilla.<\/p>\n<p><img loading=\"lazy\" decoding=\"async\" class=\"alignnone wp-image-7313\" src=\"https:\/\/mucha.sobnet.eu\/kme\/wp-content\/uploads\/2020\/06\/5-krokow-300x91.jpg\" alt=\"\" width=\"705\" height=\"214\" srcset=\"https:\/\/kme.eu\/kme\/wp-content\/uploads\/2020\/06\/5-krokow-300x91.jpg 300w, https:\/\/kme.eu\/kme\/wp-content\/uploads\/2020\/06\/5-krokow-600x182.jpg 600w, https:\/\/kme.eu\/kme\/wp-content\/uploads\/2020\/06\/5-krokow-1024x310.jpg 1024w, https:\/\/kme.eu\/kme\/wp-content\/uploads\/2020\/06\/5-krokow-768x232.jpg 768w, https:\/\/kme.eu\/kme\/wp-content\/uploads\/2020\/06\/5-krokow.jpg 1147w\" sizes=\"auto, (max-width: 705px) 100vw, 705px\" \/><\/p>\n<h5><strong>SISTEMA EXPERTO SKY<\/strong><\/h5>\n<p>La familia <strong>NEVO-SKY<\/strong>, que incluye la electr\u00f3nica MAX, funciona con el software <strong>NEVO-SKY<\/strong>, que est\u00e1 equipado con el avanzado sistema <strong>SKY EXPERT SYSTEM<\/strong> para la detecci\u00f3n autom\u00e1tica de irregularidades en la configuraci\u00f3n y el funcionamiento del sistema de gas. Este sistema genera sugerencias\/advertencias y propone soluciones. Cada vez que se produce una advertencia, se activa una se\u00f1al sonora para que no se pierda el momento en que se da el aviso. Con cada nueva versi\u00f3n del programa <strong>SKY <\/strong><strong>EXPERT SYSTEM<\/strong>, la base de conocimientos se ampl\u00eda para facilitar la calibraci\u00f3n del veh\u00edculo.<\/p>\n<p>&nbsp;<\/p>\n<div class=\"sdm_download_button_box_default\"><div class=\"sdm_download_link\"><a href=\"https:\/\/kme.eu\/kme\/es\/\/?sdm_process_download=1&download_id=17325\" class=\"sdm_download orange\" title=\"NEVO-SKY MAX \u2013 karta produktu\" target=&quot;_blank&quot;>Pobierz kart\u0119 produktu NEVO-SKY MAX<\/a><\/div><\/div>\n<div class=\"sdm_download_button_box_default\"><div class=\"sdm_download_link\"><a href=\"https:\/\/kme.eu\/kme\/es\/\/?sdm_process_download=1&download_id=8971\" class=\"sdm_download orange\" title=\"Schemat pod\u0142\u0105czania sterownika MAX\" target=&quot;_blank&quot;>Pobierz schemat pod\u0142\u0105czenia NEVO-SKY MAX 4 cyl.<\/a><\/div><\/div>\n<p>&nbsp;<\/p>\n<a itemprop=\"url\" href=\"https:\/\/kme.eu\/kme\/do-pobrania\/\" target=\"_self\"  class=\"mkdf-btn mkdf-btn-medium mkdf-btn-solid\"  >\n    <span class=\"mkdf-btn-text\">Descargar software<\/span>\n    <i class=\"mkdf-icon-font-awesome  \" ><\/i><\/a>\n<p><script>$(window).on('load', function(){\n      $(\".sdm_download\").each(function( index, element ){\n         console.log($(this));\n         $(this).attr('target','_blank');\n      });\n   });\n<\/script><\/p>\n","protected":false},"excerpt":{"rendered":"<p>Un sistema moderno para motores con inyecci\u00f3n indirecta de gasolina. Dise\u00f1ado para clientes exigentes, ofrece una completa utilizaci\u00f3n de la estrategia OBD para la ECU de gasolina. Incorpora emuladores de nivel de combustible EPP y emuladores de presi\u00f3n de combustible.  <\/p>\n","protected":false},"featured_media":19191,"template":"","meta":[],"product_brand":[],"product_cat":[592541],"product_tag":[592740],"class_list":{"0":"post-21551","1":"product","2":"type-product","3":"status-publish","4":"has-post-thumbnail","6":"product_cat-electronica","7":"product_tag-inyeccion-indirecta-2","9":"first","10":"instock","11":"shipping-taxable","12":"product-type-simple"},"acf":[],"yoast_head":"<!-- This site is optimized with the Yoast SEO plugin v27.4 - https:\/\/yoast.com\/product\/yoast-seo-wordpress\/ -->\n<title>NEVO-SKY MAX CCT6 5.5 bar - KME<\/title>\n<meta name=\"robots\" content=\"index, follow, max-snippet:-1, max-image-preview:large, max-video-preview:-1\" \/>\n<link rel=\"canonical\" href=\"https:\/\/kme.eu\/kme\/es\/produkt\/nevo-sky-max-cct6-5-5-bar\/\" \/>\n<meta property=\"og:locale\" content=\"es_ES\" \/>\n<meta property=\"og:type\" content=\"article\" \/>\n<meta property=\"og:title\" content=\"NEVO-SKY MAX CCT6 5.5 bar - KME\" \/>\n<meta property=\"og:description\" content=\"Un sistema moderno para motores con inyecci\u00f3n indirecta de gasolina. Dise\u00f1ado para clientes exigentes, ofrece una completa utilizaci\u00f3n de la estrategia OBD para la ECU de gasolina. Incorpora emuladores de nivel de combustible EPP y emuladores de presi\u00f3n de combustible.\" \/>\n<meta property=\"og:url\" content=\"https:\/\/kme.eu\/kme\/es\/produkt\/nevo-sky-max-cct6-5-5-bar\/\" \/>\n<meta property=\"og:site_name\" content=\"KME\" \/>\n<meta property=\"article:publisher\" content=\"https:\/\/www.facebook.com\/KME.LPG\/\" \/>\n<meta property=\"article:modified_time\" content=\"2026-03-30T09:12:19+00:00\" \/>\n<meta property=\"og:image\" content=\"https:\/\/kme.eu\/kme\/wp-content\/uploads\/2020\/06\/5-krokow.jpg\" \/>\n\t<meta property=\"og:image:width\" content=\"1147\" \/>\n\t<meta property=\"og:image:height\" content=\"347\" \/>\n\t<meta property=\"og:image:type\" content=\"image\/jpeg\" \/>\n<meta name=\"twitter:card\" content=\"summary_large_image\" \/>\n<meta name=\"twitter:label1\" content=\"Tiempo de lectura\" \/>\n\t<meta name=\"twitter:data1\" content=\"2 minutos\" \/>\n<script type=\"application\/ld+json\" class=\"yoast-schema-graph\">{\"@context\":\"https:\\\/\\\/schema.org\",\"@graph\":[{\"@type\":\"WebPage\",\"@id\":\"https:\\\/\\\/kme.eu\\\/kme\\\/es\\\/produkt\\\/nevo-sky-max-cct6-5-5-bar\\\/\",\"url\":\"https:\\\/\\\/kme.eu\\\/kme\\\/es\\\/produkt\\\/nevo-sky-max-cct6-5-5-bar\\\/\",\"name\":\"NEVO-SKY MAX CCT6 5.5 bar - KME\",\"isPartOf\":{\"@id\":\"https:\\\/\\\/kme.eu\\\/kme\\\/es\\\/#website\"},\"primaryImageOfPage\":{\"@id\":\"https:\\\/\\\/kme.eu\\\/kme\\\/es\\\/produkt\\\/nevo-sky-max-cct6-5-5-bar\\\/#primaryimage\"},\"image\":{\"@id\":\"https:\\\/\\\/kme.eu\\\/kme\\\/es\\\/produkt\\\/nevo-sky-max-cct6-5-5-bar\\\/#primaryimage\"},\"thumbnailUrl\":\"https:\\\/\\\/kme.eu\\\/kme\\\/wp-content\\\/uploads\\\/2024\\\/10\\\/elektronika_NS_MAX_CCT6_5_5bar.jpg\",\"datePublished\":\"2020-07-14T12:47:52+00:00\",\"dateModified\":\"2026-03-30T09:12:19+00:00\",\"breadcrumb\":{\"@id\":\"https:\\\/\\\/kme.eu\\\/kme\\\/es\\\/produkt\\\/nevo-sky-max-cct6-5-5-bar\\\/#breadcrumb\"},\"inLanguage\":\"es\",\"potentialAction\":[{\"@type\":\"ReadAction\",\"target\":[\"https:\\\/\\\/kme.eu\\\/kme\\\/es\\\/produkt\\\/nevo-sky-max-cct6-5-5-bar\\\/\"]}]},{\"@type\":\"ImageObject\",\"inLanguage\":\"es\",\"@id\":\"https:\\\/\\\/kme.eu\\\/kme\\\/es\\\/produkt\\\/nevo-sky-max-cct6-5-5-bar\\\/#primaryimage\",\"url\":\"https:\\\/\\\/kme.eu\\\/kme\\\/wp-content\\\/uploads\\\/2024\\\/10\\\/elektronika_NS_MAX_CCT6_5_5bar.jpg\",\"contentUrl\":\"https:\\\/\\\/kme.eu\\\/kme\\\/wp-content\\\/uploads\\\/2024\\\/10\\\/elektronika_NS_MAX_CCT6_5_5bar.jpg\",\"width\":800,\"height\":900},{\"@type\":\"BreadcrumbList\",\"@id\":\"https:\\\/\\\/kme.eu\\\/kme\\\/es\\\/produkt\\\/nevo-sky-max-cct6-5-5-bar\\\/#breadcrumb\",\"itemListElement\":[{\"@type\":\"ListItem\",\"position\":1,\"name\":\"Strona g\u0142\u00f3wna\",\"item\":\"https:\\\/\\\/kme.eu\\\/kme\\\/es\\\/\"},{\"@type\":\"ListItem\",\"position\":2,\"name\":\"Productos\",\"item\":\"https:\\\/\\\/kme.eu\\\/kme\\\/es\\\/productos\\\/\"},{\"@type\":\"ListItem\",\"position\":3,\"name\":\"NEVO-SKY MAX CCT6 5.5 bar\"}]},{\"@type\":\"WebSite\",\"@id\":\"https:\\\/\\\/kme.eu\\\/kme\\\/es\\\/#website\",\"url\":\"https:\\\/\\\/kme.eu\\\/kme\\\/es\\\/\",\"name\":\"KME\",\"description\":\"Autogas Systems\",\"publisher\":{\"@id\":\"https:\\\/\\\/kme.eu\\\/kme\\\/es\\\/#organization\"},\"potentialAction\":[{\"@type\":\"SearchAction\",\"target\":{\"@type\":\"EntryPoint\",\"urlTemplate\":\"https:\\\/\\\/kme.eu\\\/kme\\\/es\\\/?s={search_term_string}\"},\"query-input\":{\"@type\":\"PropertyValueSpecification\",\"valueRequired\":true,\"valueName\":\"search_term_string\"}}],\"inLanguage\":\"es\"},{\"@type\":\"Organization\",\"@id\":\"https:\\\/\\\/kme.eu\\\/kme\\\/es\\\/#organization\",\"name\":\"KME\",\"url\":\"https:\\\/\\\/kme.eu\\\/kme\\\/es\\\/\",\"logo\":{\"@type\":\"ImageObject\",\"inLanguage\":\"es\",\"@id\":\"https:\\\/\\\/kme.eu\\\/kme\\\/es\\\/#\\\/schema\\\/logo\\\/image\\\/\",\"url\":\"https:\\\/\\\/kme.eu\\\/kme\\\/wp-content\\\/uploads\\\/2020\\\/04\\\/logo_KME_RGB_small_200px.png\",\"contentUrl\":\"https:\\\/\\\/kme.eu\\\/kme\\\/wp-content\\\/uploads\\\/2020\\\/04\\\/logo_KME_RGB_small_200px.png\",\"width\":272,\"height\":200,\"caption\":\"KME\"},\"image\":{\"@id\":\"https:\\\/\\\/kme.eu\\\/kme\\\/es\\\/#\\\/schema\\\/logo\\\/image\\\/\"},\"sameAs\":[\"https:\\\/\\\/www.facebook.com\\\/KME.LPG\\\/\",\"https:\\\/\\\/www.instagram.com\\\/kme_lpg\\\/\"]}]}<\/script>\n<!-- \/ Yoast SEO plugin. -->","yoast_head_json":{"title":"NEVO-SKY MAX CCT6 5.5 bar - KME","robots":{"index":"index","follow":"follow","max-snippet":"max-snippet:-1","max-image-preview":"max-image-preview:large","max-video-preview":"max-video-preview:-1"},"canonical":"https:\/\/kme.eu\/kme\/es\/produkt\/nevo-sky-max-cct6-5-5-bar\/","og_locale":"es_ES","og_type":"article","og_title":"NEVO-SKY MAX CCT6 5.5 bar - KME","og_description":"Un sistema moderno para motores con inyecci\u00f3n indirecta de gasolina. Dise\u00f1ado para clientes exigentes, ofrece una completa utilizaci\u00f3n de la estrategia OBD para la ECU de gasolina. Incorpora emuladores de nivel de combustible EPP y emuladores de presi\u00f3n de combustible.","og_url":"https:\/\/kme.eu\/kme\/es\/produkt\/nevo-sky-max-cct6-5-5-bar\/","og_site_name":"KME","article_publisher":"https:\/\/www.facebook.com\/KME.LPG\/","article_modified_time":"2026-03-30T09:12:19+00:00","og_image":[{"width":1147,"height":347,"url":"https:\/\/kme.eu\/kme\/wp-content\/uploads\/2020\/06\/5-krokow.jpg","type":"image\/jpeg"}],"twitter_card":"summary_large_image","twitter_misc":{"Tiempo de lectura":"2 minutos"},"schema":{"@context":"https:\/\/schema.org","@graph":[{"@type":"WebPage","@id":"https:\/\/kme.eu\/kme\/es\/produkt\/nevo-sky-max-cct6-5-5-bar\/","url":"https:\/\/kme.eu\/kme\/es\/produkt\/nevo-sky-max-cct6-5-5-bar\/","name":"NEVO-SKY MAX CCT6 5.5 bar - KME","isPartOf":{"@id":"https:\/\/kme.eu\/kme\/es\/#website"},"primaryImageOfPage":{"@id":"https:\/\/kme.eu\/kme\/es\/produkt\/nevo-sky-max-cct6-5-5-bar\/#primaryimage"},"image":{"@id":"https:\/\/kme.eu\/kme\/es\/produkt\/nevo-sky-max-cct6-5-5-bar\/#primaryimage"},"thumbnailUrl":"https:\/\/kme.eu\/kme\/wp-content\/uploads\/2024\/10\/elektronika_NS_MAX_CCT6_5_5bar.jpg","datePublished":"2020-07-14T12:47:52+00:00","dateModified":"2026-03-30T09:12:19+00:00","breadcrumb":{"@id":"https:\/\/kme.eu\/kme\/es\/produkt\/nevo-sky-max-cct6-5-5-bar\/#breadcrumb"},"inLanguage":"es","potentialAction":[{"@type":"ReadAction","target":["https:\/\/kme.eu\/kme\/es\/produkt\/nevo-sky-max-cct6-5-5-bar\/"]}]},{"@type":"ImageObject","inLanguage":"es","@id":"https:\/\/kme.eu\/kme\/es\/produkt\/nevo-sky-max-cct6-5-5-bar\/#primaryimage","url":"https:\/\/kme.eu\/kme\/wp-content\/uploads\/2024\/10\/elektronika_NS_MAX_CCT6_5_5bar.jpg","contentUrl":"https:\/\/kme.eu\/kme\/wp-content\/uploads\/2024\/10\/elektronika_NS_MAX_CCT6_5_5bar.jpg","width":800,"height":900},{"@type":"BreadcrumbList","@id":"https:\/\/kme.eu\/kme\/es\/produkt\/nevo-sky-max-cct6-5-5-bar\/#breadcrumb","itemListElement":[{"@type":"ListItem","position":1,"name":"Strona g\u0142\u00f3wna","item":"https:\/\/kme.eu\/kme\/es\/"},{"@type":"ListItem","position":2,"name":"Productos","item":"https:\/\/kme.eu\/kme\/es\/productos\/"},{"@type":"ListItem","position":3,"name":"NEVO-SKY MAX CCT6 5.5 bar"}]},{"@type":"WebSite","@id":"https:\/\/kme.eu\/kme\/es\/#website","url":"https:\/\/kme.eu\/kme\/es\/","name":"KME","description":"Autogas Systems","publisher":{"@id":"https:\/\/kme.eu\/kme\/es\/#organization"},"potentialAction":[{"@type":"SearchAction","target":{"@type":"EntryPoint","urlTemplate":"https:\/\/kme.eu\/kme\/es\/?s={search_term_string}"},"query-input":{"@type":"PropertyValueSpecification","valueRequired":true,"valueName":"search_term_string"}}],"inLanguage":"es"},{"@type":"Organization","@id":"https:\/\/kme.eu\/kme\/es\/#organization","name":"KME","url":"https:\/\/kme.eu\/kme\/es\/","logo":{"@type":"ImageObject","inLanguage":"es","@id":"https:\/\/kme.eu\/kme\/es\/#\/schema\/logo\/image\/","url":"https:\/\/kme.eu\/kme\/wp-content\/uploads\/2020\/04\/logo_KME_RGB_small_200px.png","contentUrl":"https:\/\/kme.eu\/kme\/wp-content\/uploads\/2020\/04\/logo_KME_RGB_small_200px.png","width":272,"height":200,"caption":"KME"},"image":{"@id":"https:\/\/kme.eu\/kme\/es\/#\/schema\/logo\/image\/"},"sameAs":["https:\/\/www.facebook.com\/KME.LPG\/","https:\/\/www.instagram.com\/kme_lpg\/"]}]}},"_links":{"self":[{"href":"https:\/\/kme.eu\/kme\/es\/wp-json\/wp\/v2\/product\/21551","targetHints":{"allow":["GET"]}}],"collection":[{"href":"https:\/\/kme.eu\/kme\/es\/wp-json\/wp\/v2\/product"}],"about":[{"href":"https:\/\/kme.eu\/kme\/es\/wp-json\/wp\/v2\/types\/product"}],"wp:featuredmedia":[{"embeddable":true,"href":"https:\/\/kme.eu\/kme\/es\/wp-json\/wp\/v2\/media\/19191"}],"wp:attachment":[{"href":"https:\/\/kme.eu\/kme\/es\/wp-json\/wp\/v2\/media?parent=21551"}],"wp:term":[{"taxonomy":"product_brand","embeddable":true,"href":"https:\/\/kme.eu\/kme\/es\/wp-json\/wp\/v2\/product_brand?post=21551"},{"taxonomy":"product_cat","embeddable":true,"href":"https:\/\/kme.eu\/kme\/es\/wp-json\/wp\/v2\/product_cat?post=21551"},{"taxonomy":"product_tag","embeddable":true,"href":"https:\/\/kme.eu\/kme\/es\/wp-json\/wp\/v2\/product_tag?post=21551"}],"curies":[{"name":"wp","href":"https:\/\/api.w.org\/{rel}","templated":true}]}}