{"id":21553,"date":"2020-06-24T07:39:27","date_gmt":"2020-06-24T05:39:27","guid":{"rendered":"https:\/\/kme.eu\/kme\/produkt\/sterownik-nevo-plus\/"},"modified":"2026-03-30T11:14:46","modified_gmt":"2026-03-30T09:14:46","slug":"sterownik-nevo-plus","status":"publish","type":"product","link":"https:\/\/kme.eu\/kme\/es\/produkt\/sterownik-nevo-plus\/","title":{"rendered":"Sterownik NEVO PLUS"},"content":{"rendered":"<div class=\"sixteen columns\">\n<h5>ELECTR\u00d3NICA PARA AUTOM\u00d3VILES DE GLP\/GNC<\/h5>\n<\/div>\n<div class=\"sixteen columns\">\n<div class=\"eight columns\"><img decoding=\"async\" class=\"alignleft\" title=\"CPU automotriz NEVO\" src=\"https:\/\/nevo.kme.eu\/images\/nevo\/NEVO_automotive_CPU.png\" alt=\"CPU automotriz NEVO\"><\/div>\n<div class=\"eight columns\">\n<p>La familia NEVO de controladores de inyecci\u00f3n de gas secuencial se basa en el <strong>sistema DIEGO<\/strong>, de probada eficacia y fiabilidad. Este dise\u00f1o avanzado y de \u00faltima generaci\u00f3n incorpora un procesador de doble n\u00facleo dedicado a la industria automotriz (<strong>AUTOMOTIVE<\/strong>), que facilita el control preciso del proceso de combusti\u00f3n de GLP y GNC en los motores de los autom\u00f3viles modernos. <\/p>\n<\/div>\n<\/div>\n<div class=\"sixteen columns\">\n<div>\n<p>&nbsp;<\/p>\n<p>&nbsp;<\/p>\n<\/div>\n<p>&nbsp;<\/p>\n<p>&nbsp;<\/p>\n<p>Tambi\u00e9n existen soluciones disponibles con un<strong> emulador inductivo RL<\/strong>, que se utiliza con controladores de gasolina extremadamente sensibles, los cuales se\u00f1alan la desconexi\u00f3n de los inyectores de gasolina despu\u00e9s de instalar un sistema de GLP en el autom\u00f3vil.<\/p>\n<div>\n<p>Nuestro sistema es compatible con la \u00faltima generaci\u00f3n de coches con funci\u00f3n de <strong>START\/STOP<\/strong> ecol\u00f3gica.<\/p>\n<\/div>\n<\/div>\n<p>&nbsp;<\/p>\n<div class=\"sixteen columns\">\n<div class=\"eight columns\"><img decoding=\"async\" class=\"alignleft\" title=\"NEVO valvematic valvetronic\" src=\"https:\/\/nevo.kme.eu\/images\/nevo\/NEVO_valvematic_valvetronic.png\" alt=\"NEVO valvematic valvetronic\"><\/div>\n<div class=\"eight columns\">\n<p>El uso de un bus digital garantiza un funcionamiento fiable y capacidades mejoradas. La \u00faltima generaci\u00f3n de controladores NEVO es compatible tanto con motores est\u00e1ndar como con soluciones modernas, incluidas <strong>VALVEMATIC y VALVETRONIC<\/strong> (sin vac\u00edo en el colector de admisi\u00f3n).<\/p>\n<\/div>\n<\/div>\n<div class=\"sixteen columns\">\n<h3><\/h3>\n<h5><\/h5>\n<h5 style=\"text-align: left;\"><div class=\"mkdf-separator-holder clearfix  mkdf-separator-center mkdf-separator-normal\">\n\t<div class=\"mkdf-separator\" ><\/div>\n<\/div>\nPAR\u00c1METROS DE FUNCIONAMIENTO DE NEVO ELECTRONICS<\/h5>\n<ul>\n<li>Cambio autom\u00e1tico al suministro de gas y retorno autom\u00e1tico a la gasolina en caso de escasez de gas.<\/li>\n<li>Atenuaci\u00f3n autom\u00e1tica de los diodos del panel despu\u00e9s del anochecer.<\/li>\n<li>Panel de f\u00e1cil uso que informa sobre el estado operativo actual de la instalaci\u00f3n, incluyendo: inspecciones, c\u00f3digos de autodiagn\u00f3stico<\/li>\n<li>Awaryjne uruchomienie silnika bezpo\u015brednio na zasilaniu gazowym<\/li>\n<li>Mecanismo de \u00abarranque en caliente\u00bb, que permite arrancar el coche con gasolina cuando el motor est\u00e1 \u00abcalentado\u00bb<\/li>\n<li>Calibraci\u00f3n autom\u00e1tica del indicador de nivel de gas<\/li>\n<li>Amplio sistema de autodiagn\u00f3stico, que incluye prueba del sistema, registrador de eventos, c\u00f3digos de error con n\u00famero y hora de ocurrencia<\/li>\n<li>Prueba del inyector de gas incorporado<\/li>\n<li>Opciones del taller (inspecciones, bloqueo del controlador con una contrase\u00f1a de taller, supervisi\u00f3n de los cambios realizados en el controlador)<\/li>\n<li>Registro del tiempo de funcionamiento con gas y gasolina.<\/li>\n<li>Seleccionar el color del LED de estado de funcionamiento o apagarlo en el panel del conductor.<\/li>\n<\/ul>\n<\/div>\n<div class=\"sixteen columns\">\n<div>\n<p>En comparaci\u00f3n con nuestro primer sistema de inyecci\u00f3n de gas secuencial, el DIEGO G3, el sistema actual cuenta con una<strong> interfaz de programaci\u00f3n intuitiva <\/strong>y f\u00e1cil de usar. En colaboraci\u00f3n con instaladores que calibran veh\u00edculos a diario, desarrollamos funciones f\u00e1ciles de usar, como una <strong>barra FUNC<\/strong> que informa sobre las funciones activas del controlador y <strong>una barra lateral de lectura siempre visible<\/strong>, que facilita la monitorizaci\u00f3n continua del sistema. <\/p>\n<p>Las soluciones de adaptaci\u00f3n de controladores de gas OSA y MOSA, de propiedad exclusiva, garantizan un funcionamiento \u00f3ptimo de los veh\u00edculos a gas y el ajuste autom\u00e1tico de la dosificaci\u00f3n de gas a las condiciones de funcionamiento cambiantes. MOSA (Map On-Board System Adaptation) est\u00e1 disponible en todos los controladores NEVO. Permite corregir la dosificaci\u00f3n de gas en funci\u00f3n de las caracter\u00edsticas de funcionamiento de la gasolina y monitorizar el funcionamiento del gas. <\/p>\n<p>&nbsp;<\/p>\n<\/div>\n<\/div>\n<div class=\"sixteen columns\">\n<div class=\"eight columns\"><img decoding=\"async\" class=\"alignleft\" title=\"NEVO On Board Diagnostic System\" src=\"https:\/\/nevo.kme.eu\/images\/nevo\/NEVO_obd_2017.png\" alt=\"NEVO On Board Diagnostic System\"><\/div>\n<div class=\"eight columns\">\n<p><strong>La funci\u00f3n OSA<\/strong> (<strong>Adaptaci\u00f3n del Sistema OBD<\/strong>) est\u00e1 disponible en el controlador NEVO PRO con m\u00f3dulo OBD integrado. En instalaciones con controladores NEVO y NEVO PLUS, el mecanismo OSA est\u00e1 disponible tras a\u00f1adir el <strong><a href=\"https:\/\/nevo.kme.eu\/#adapter_obd\"><i class=\"icon-eye-open\"><\/i> Adaptador OBD v2<\/a><\/strong>, fabricado por nuestra empresa. Este mecanismo, que utiliza datos OBD, permite: ajustar la composici\u00f3n de la mezcla seg\u00fan la estrategia del controlador de combustible; monitorizar el modo de funcionamiento del sistema; y monitorizar los errores en el controlador de combustible, con la opci\u00f3n de borrarlos.  <\/p>\n<\/div>\n<\/div>\n<div class=\"sixteen columns\">\n<h5><\/h5>\n<h5><\/h5>\n<h5><\/h5>\n<h5 style=\"text-align: left;\"><i class=\"icon-bar-chart\"><div class=\"mkdf-separator-holder clearfix  mkdf-separator-center mkdf-separator-normal\">\n\t<div class=\"mkdf-separator\" ><\/div>\n<\/div>\n<\/i>PAR\u00c1METROS T\u00c9CNICOS DE NEVO ELECTRONICS<\/h5>\n<ul>\n<li>Adaptaci\u00f3n constante y estable de la dosis de gas (mecanismo MOSA, OSA integrado).<\/li>\n<li>Mantener la din\u00e1mica del veh\u00edculo y sus propiedades de tracci\u00f3n (potencia, aceleraci\u00f3n).<\/li>\n<li>Modo de arranque del motor a baja temperatura ambiente<\/li>\n<li>Compatibilidad modular de las conexiones de los cables en los controladores de la familia NEVO.<\/li>\n<li>Funci\u00f3n START\/STOP dise\u00f1ada para coches con bajas emisiones de CO2.<\/li>\n<li>F\u00e1cil instalaci\u00f3n gracias al dise\u00f1o compacto y la soluci\u00f3n modular para a\u00f1adir un conjunto de longitud y par\u00e1metros t\u00e9cnicos \u00f3ptimos.<\/li>\n<li>Configuraci\u00f3n y calibraci\u00f3n avanzadas del sistema, autom\u00e1ticas y\/o manuales.<\/li>\n<li>Funciones de software innovadoras (a\u00f1adir gasolina cuando se usa gas, detectar cambios en el tipo de sistema de inyecci\u00f3n, correcci\u00f3n de la aceleraci\u00f3n, filtros antiinterferencias, etc.).<\/li>\n<\/ul>\n<\/div>\n<div class=\"sixteen columns\">\n<div class=\"eight columns\"><img decoding=\"async\" class=\"alignleft\" title=\"Modularidad NEVO\" src=\"https:\/\/nevo.kme.eu\/images\/nevo\/NEVO_modulowosc_2017.png\" alt=\"Modularidad NEVO\"><\/div>\n<div class=\"eight columns\">\n<p>Los veh\u00edculos equipados con sistemas NEVO cumplen con las normas de emisiones<strong> EURO 4\/5\/6<\/strong>.<\/p>\n<p>Una de las caracter\u00edsticas m\u00e1s importantes del sistema es su <strong>MODULARIDAD<\/strong>. Si un autom\u00f3vil requiere una calibraci\u00f3n m\u00e1s precisa y eficaz, y est\u00e1 equipado con un controlador NEVO con un solo cable negro, basta con a\u00f1adir un cable gris al existente y reemplazar el controlador por un NEVO PLUS o PRO. No es necesario reemplazar todo el sistema; simplemente se a\u00f1aden componentes al sistema actual.  <\/p>\n<\/div>\n<\/div>\n<p>&nbsp;<\/p>\n<div class=\"sdm_download_button_box_default\"><div class=\"sdm_download_link\"><a href=\"https:\/\/kme.eu\/kme\/es\/\/?sdm_process_download=1&download_id=7674\" class=\"sdm_download orange\" title=\"NEVO 4.0.10.4\" >Pobierz program<\/a><\/div><\/div>\n<p>&nbsp;<\/p>\n<p>\t\t\t<rs-module-wrap id=\"rev_slider_error_1_wrapper\">\n\t\t\t\t<rs-module id=\"rev_slider_error_1\">\n\t\t\t\t\t<div class=\"rs_error_message_box\">\n\t\t\t\t\t\t<div class=\"rs_error_message_oops\">There is nothing to show here!<\/div>\n\t\t\t\t\t\t<div class=\"rs_error_message_content\">Slider with alias sun not found.<\/div>\n\t\t\t\t\t<\/div>\n\t\t\t\t<\/rs-module>\n\t\t\t<\/rs-module-wrap>\n\t\t\t<script>\n\t\t\t\tvar rs_eslider = document.getElementById(\"rev_slider_error_1\");\n\t\t\t\trs_eslider.style.display = \"none\";\n\t\t\t\tconsole.log(\"Slider with alias sun not found.\");\n\t\t\t<\/script>\n<br \/>\n<script>\n   $(window).on('load', function(){\n      $(\".sdm_download\").each(function( index, element ){\n         console.log($(this));\n         $(this).attr('target','_blank');\n      });\n   });\n<\/script><\/p>\n","protected":false},"excerpt":{"rendered":"<p>Una versi\u00f3n ampliada del controlador NEVO con dos conectores. El controlador NEVO PLUS est\u00e1 disponible en versiones de 4, 6 y 8 cilindros. Mediante el arn\u00e9s de cableado maestro-esclavo adicional, los controladores pueden instalarse en veh\u00edculos de 10 o 12 cilindros, entre otros. La soluci\u00f3n modular permite a\u00f1adir un arn\u00e9s de cableado gris al negro ya instalado en el veh\u00edculo, facilitando as\u00ed la sustituci\u00f3n r\u00e1pida del controlador por la versi\u00f3n NEVO PLUS.    <\/p>\n<p>El controlador tambi\u00e9n incluye lectura de se\u00f1ales anal\u00f3gicas (por ejemplo, sensores lambda) y la posibilidad de conectar un transductor PPO* en veh\u00edculos Valvetronic. Adem\u00e1s, dispone de una salida de 12 V configurable, que permite el control mediante rel\u00e9s de, por ejemplo, la bomba de combustible. Opcionalmente, se puede conectar un sensor externo de temperatura del reductor o del gas.   <\/p>\n","protected":false},"featured_media":7506,"template":"","meta":[],"product_brand":[],"product_cat":[592543],"product_tag":[592739,592749],"class_list":{"0":"post-21553","1":"product","2":"type-product","3":"status-publish","4":"has-post-thumbnail","6":"product_cat-conductores","7":"product_tag-inyeccion-indirecta","8":"product_tag-nevo","10":"first","11":"instock","12":"shipping-taxable","13":"product-type-simple"},"acf":[],"yoast_head":"<!-- This site is optimized with the Yoast SEO plugin v27.4 - https:\/\/yoast.com\/product\/yoast-seo-wordpress\/ -->\n<title>Sterownik NEVO PLUS - KME<\/title>\n<meta name=\"robots\" content=\"index, follow, max-snippet:-1, max-image-preview:large, max-video-preview:-1\" \/>\n<link rel=\"canonical\" href=\"https:\/\/kme.eu\/kme\/es\/produkt\/sterownik-nevo-plus\/\" \/>\n<meta property=\"og:locale\" content=\"es_ES\" \/>\n<meta property=\"og:type\" content=\"article\" \/>\n<meta property=\"og:title\" content=\"Sterownik NEVO PLUS - KME\" \/>\n<meta property=\"og:description\" content=\"Una versi\u00f3n ampliada del controlador NEVO con dos conectores. El controlador NEVO PLUS est\u00e1 disponible en versiones de 4, 6 y 8 cilindros. Mediante el arn\u00e9s de cableado maestro-esclavo adicional, los controladores pueden instalarse en veh\u00edculos de 10 o 12 cilindros, entre otros. La soluci\u00f3n modular permite a\u00f1adir un arn\u00e9s de cableado gris al negro ya instalado en el veh\u00edculo, facilitando as\u00ed la sustituci\u00f3n r\u00e1pida del controlador por la versi\u00f3n NEVO PLUS.   El controlador tambi\u00e9n incluye lectura de se\u00f1ales anal\u00f3gicas (por ejemplo, sensores lambda) y la posibilidad de conectar un transductor PPO* en veh\u00edculos Valvetronic. Adem\u00e1s, dispone de una salida de 12 V configurable, que permite el control mediante rel\u00e9s de, por ejemplo, la bomba de combustible. Opcionalmente, se puede conectar un sensor externo de temperatura del reductor o del gas.\" \/>\n<meta property=\"og:url\" content=\"https:\/\/kme.eu\/kme\/es\/produkt\/sterownik-nevo-plus\/\" \/>\n<meta property=\"og:site_name\" content=\"KME\" \/>\n<meta property=\"article:publisher\" content=\"https:\/\/www.facebook.com\/KME.LPG\/\" \/>\n<meta property=\"article:modified_time\" content=\"2026-03-30T09:14:46+00:00\" \/>\n<meta property=\"og:image\" content=\"https:\/\/kme.eu\/kme\/wp-content\/uploads\/2020\/06\/NEVO_PLUS.jpg\" \/>\n\t<meta property=\"og:image:width\" content=\"800\" \/>\n\t<meta property=\"og:image:height\" content=\"900\" \/>\n\t<meta property=\"og:image:type\" content=\"image\/jpeg\" \/>\n<meta name=\"twitter:card\" content=\"summary_large_image\" \/>\n<meta name=\"twitter:label1\" content=\"Tiempo de lectura\" \/>\n\t<meta name=\"twitter:data1\" content=\"4 minutos\" \/>\n<script type=\"application\/ld+json\" class=\"yoast-schema-graph\">{\"@context\":\"https:\\\/\\\/schema.org\",\"@graph\":[{\"@type\":\"WebPage\",\"@id\":\"https:\\\/\\\/kme.eu\\\/kme\\\/es\\\/produkt\\\/sterownik-nevo-plus\\\/\",\"url\":\"https:\\\/\\\/kme.eu\\\/kme\\\/es\\\/produkt\\\/sterownik-nevo-plus\\\/\",\"name\":\"Sterownik NEVO PLUS - KME\",\"isPartOf\":{\"@id\":\"https:\\\/\\\/kme.eu\\\/kme\\\/es\\\/#website\"},\"primaryImageOfPage\":{\"@id\":\"https:\\\/\\\/kme.eu\\\/kme\\\/es\\\/produkt\\\/sterownik-nevo-plus\\\/#primaryimage\"},\"image\":{\"@id\":\"https:\\\/\\\/kme.eu\\\/kme\\\/es\\\/produkt\\\/sterownik-nevo-plus\\\/#primaryimage\"},\"thumbnailUrl\":\"https:\\\/\\\/kme.eu\\\/kme\\\/wp-content\\\/uploads\\\/2020\\\/06\\\/NEVO_PLUS.jpg\",\"datePublished\":\"2020-06-24T05:39:27+00:00\",\"dateModified\":\"2026-03-30T09:14:46+00:00\",\"breadcrumb\":{\"@id\":\"https:\\\/\\\/kme.eu\\\/kme\\\/es\\\/produkt\\\/sterownik-nevo-plus\\\/#breadcrumb\"},\"inLanguage\":\"es\",\"potentialAction\":[{\"@type\":\"ReadAction\",\"target\":[\"https:\\\/\\\/kme.eu\\\/kme\\\/es\\\/produkt\\\/sterownik-nevo-plus\\\/\"]}]},{\"@type\":\"ImageObject\",\"inLanguage\":\"es\",\"@id\":\"https:\\\/\\\/kme.eu\\\/kme\\\/es\\\/produkt\\\/sterownik-nevo-plus\\\/#primaryimage\",\"url\":\"https:\\\/\\\/kme.eu\\\/kme\\\/wp-content\\\/uploads\\\/2020\\\/06\\\/NEVO_PLUS.jpg\",\"contentUrl\":\"https:\\\/\\\/kme.eu\\\/kme\\\/wp-content\\\/uploads\\\/2020\\\/06\\\/NEVO_PLUS.jpg\",\"width\":800,\"height\":900},{\"@type\":\"BreadcrumbList\",\"@id\":\"https:\\\/\\\/kme.eu\\\/kme\\\/es\\\/produkt\\\/sterownik-nevo-plus\\\/#breadcrumb\",\"itemListElement\":[{\"@type\":\"ListItem\",\"position\":1,\"name\":\"Strona g\u0142\u00f3wna\",\"item\":\"https:\\\/\\\/kme.eu\\\/kme\\\/es\\\/\"},{\"@type\":\"ListItem\",\"position\":2,\"name\":\"Productos\",\"item\":\"https:\\\/\\\/kme.eu\\\/kme\\\/es\\\/productos\\\/\"},{\"@type\":\"ListItem\",\"position\":3,\"name\":\"Sterownik NEVO PLUS\"}]},{\"@type\":\"WebSite\",\"@id\":\"https:\\\/\\\/kme.eu\\\/kme\\\/es\\\/#website\",\"url\":\"https:\\\/\\\/kme.eu\\\/kme\\\/es\\\/\",\"name\":\"KME\",\"description\":\"Autogas Systems\",\"publisher\":{\"@id\":\"https:\\\/\\\/kme.eu\\\/kme\\\/es\\\/#organization\"},\"potentialAction\":[{\"@type\":\"SearchAction\",\"target\":{\"@type\":\"EntryPoint\",\"urlTemplate\":\"https:\\\/\\\/kme.eu\\\/kme\\\/es\\\/?s={search_term_string}\"},\"query-input\":{\"@type\":\"PropertyValueSpecification\",\"valueRequired\":true,\"valueName\":\"search_term_string\"}}],\"inLanguage\":\"es\"},{\"@type\":\"Organization\",\"@id\":\"https:\\\/\\\/kme.eu\\\/kme\\\/es\\\/#organization\",\"name\":\"KME\",\"url\":\"https:\\\/\\\/kme.eu\\\/kme\\\/es\\\/\",\"logo\":{\"@type\":\"ImageObject\",\"inLanguage\":\"es\",\"@id\":\"https:\\\/\\\/kme.eu\\\/kme\\\/es\\\/#\\\/schema\\\/logo\\\/image\\\/\",\"url\":\"https:\\\/\\\/kme.eu\\\/kme\\\/wp-content\\\/uploads\\\/2020\\\/04\\\/logo_KME_RGB_small_200px.png\",\"contentUrl\":\"https:\\\/\\\/kme.eu\\\/kme\\\/wp-content\\\/uploads\\\/2020\\\/04\\\/logo_KME_RGB_small_200px.png\",\"width\":272,\"height\":200,\"caption\":\"KME\"},\"image\":{\"@id\":\"https:\\\/\\\/kme.eu\\\/kme\\\/es\\\/#\\\/schema\\\/logo\\\/image\\\/\"},\"sameAs\":[\"https:\\\/\\\/www.facebook.com\\\/KME.LPG\\\/\",\"https:\\\/\\\/www.instagram.com\\\/kme_lpg\\\/\"]}]}<\/script>\n<!-- \/ Yoast SEO plugin. -->","yoast_head_json":{"title":"Sterownik NEVO PLUS - KME","robots":{"index":"index","follow":"follow","max-snippet":"max-snippet:-1","max-image-preview":"max-image-preview:large","max-video-preview":"max-video-preview:-1"},"canonical":"https:\/\/kme.eu\/kme\/es\/produkt\/sterownik-nevo-plus\/","og_locale":"es_ES","og_type":"article","og_title":"Sterownik NEVO PLUS - KME","og_description":"Una versi\u00f3n ampliada del controlador NEVO con dos conectores. El controlador NEVO PLUS est\u00e1 disponible en versiones de 4, 6 y 8 cilindros. Mediante el arn\u00e9s de cableado maestro-esclavo adicional, los controladores pueden instalarse en veh\u00edculos de 10 o 12 cilindros, entre otros. La soluci\u00f3n modular permite a\u00f1adir un arn\u00e9s de cableado gris al negro ya instalado en el veh\u00edculo, facilitando as\u00ed la sustituci\u00f3n r\u00e1pida del controlador por la versi\u00f3n NEVO PLUS.   El controlador tambi\u00e9n incluye lectura de se\u00f1ales anal\u00f3gicas (por ejemplo, sensores lambda) y la posibilidad de conectar un transductor PPO* en veh\u00edculos Valvetronic. Adem\u00e1s, dispone de una salida de 12 V configurable, que permite el control mediante rel\u00e9s de, por ejemplo, la bomba de combustible. Opcionalmente, se puede conectar un sensor externo de temperatura del reductor o del gas.","og_url":"https:\/\/kme.eu\/kme\/es\/produkt\/sterownik-nevo-plus\/","og_site_name":"KME","article_publisher":"https:\/\/www.facebook.com\/KME.LPG\/","article_modified_time":"2026-03-30T09:14:46+00:00","og_image":[{"width":800,"height":900,"url":"https:\/\/kme.eu\/kme\/wp-content\/uploads\/2020\/06\/NEVO_PLUS.jpg","type":"image\/jpeg"}],"twitter_card":"summary_large_image","twitter_misc":{"Tiempo de lectura":"4 minutos"},"schema":{"@context":"https:\/\/schema.org","@graph":[{"@type":"WebPage","@id":"https:\/\/kme.eu\/kme\/es\/produkt\/sterownik-nevo-plus\/","url":"https:\/\/kme.eu\/kme\/es\/produkt\/sterownik-nevo-plus\/","name":"Sterownik NEVO PLUS - KME","isPartOf":{"@id":"https:\/\/kme.eu\/kme\/es\/#website"},"primaryImageOfPage":{"@id":"https:\/\/kme.eu\/kme\/es\/produkt\/sterownik-nevo-plus\/#primaryimage"},"image":{"@id":"https:\/\/kme.eu\/kme\/es\/produkt\/sterownik-nevo-plus\/#primaryimage"},"thumbnailUrl":"https:\/\/kme.eu\/kme\/wp-content\/uploads\/2020\/06\/NEVO_PLUS.jpg","datePublished":"2020-06-24T05:39:27+00:00","dateModified":"2026-03-30T09:14:46+00:00","breadcrumb":{"@id":"https:\/\/kme.eu\/kme\/es\/produkt\/sterownik-nevo-plus\/#breadcrumb"},"inLanguage":"es","potentialAction":[{"@type":"ReadAction","target":["https:\/\/kme.eu\/kme\/es\/produkt\/sterownik-nevo-plus\/"]}]},{"@type":"ImageObject","inLanguage":"es","@id":"https:\/\/kme.eu\/kme\/es\/produkt\/sterownik-nevo-plus\/#primaryimage","url":"https:\/\/kme.eu\/kme\/wp-content\/uploads\/2020\/06\/NEVO_PLUS.jpg","contentUrl":"https:\/\/kme.eu\/kme\/wp-content\/uploads\/2020\/06\/NEVO_PLUS.jpg","width":800,"height":900},{"@type":"BreadcrumbList","@id":"https:\/\/kme.eu\/kme\/es\/produkt\/sterownik-nevo-plus\/#breadcrumb","itemListElement":[{"@type":"ListItem","position":1,"name":"Strona g\u0142\u00f3wna","item":"https:\/\/kme.eu\/kme\/es\/"},{"@type":"ListItem","position":2,"name":"Productos","item":"https:\/\/kme.eu\/kme\/es\/productos\/"},{"@type":"ListItem","position":3,"name":"Sterownik NEVO PLUS"}]},{"@type":"WebSite","@id":"https:\/\/kme.eu\/kme\/es\/#website","url":"https:\/\/kme.eu\/kme\/es\/","name":"KME","description":"Autogas Systems","publisher":{"@id":"https:\/\/kme.eu\/kme\/es\/#organization"},"potentialAction":[{"@type":"SearchAction","target":{"@type":"EntryPoint","urlTemplate":"https:\/\/kme.eu\/kme\/es\/?s={search_term_string}"},"query-input":{"@type":"PropertyValueSpecification","valueRequired":true,"valueName":"search_term_string"}}],"inLanguage":"es"},{"@type":"Organization","@id":"https:\/\/kme.eu\/kme\/es\/#organization","name":"KME","url":"https:\/\/kme.eu\/kme\/es\/","logo":{"@type":"ImageObject","inLanguage":"es","@id":"https:\/\/kme.eu\/kme\/es\/#\/schema\/logo\/image\/","url":"https:\/\/kme.eu\/kme\/wp-content\/uploads\/2020\/04\/logo_KME_RGB_small_200px.png","contentUrl":"https:\/\/kme.eu\/kme\/wp-content\/uploads\/2020\/04\/logo_KME_RGB_small_200px.png","width":272,"height":200,"caption":"KME"},"image":{"@id":"https:\/\/kme.eu\/kme\/es\/#\/schema\/logo\/image\/"},"sameAs":["https:\/\/www.facebook.com\/KME.LPG\/","https:\/\/www.instagram.com\/kme_lpg\/"]}]}},"_links":{"self":[{"href":"https:\/\/kme.eu\/kme\/es\/wp-json\/wp\/v2\/product\/21553","targetHints":{"allow":["GET"]}}],"collection":[{"href":"https:\/\/kme.eu\/kme\/es\/wp-json\/wp\/v2\/product"}],"about":[{"href":"https:\/\/kme.eu\/kme\/es\/wp-json\/wp\/v2\/types\/product"}],"wp:featuredmedia":[{"embeddable":true,"href":"https:\/\/kme.eu\/kme\/es\/wp-json\/wp\/v2\/media\/7506"}],"wp:attachment":[{"href":"https:\/\/kme.eu\/kme\/es\/wp-json\/wp\/v2\/media?parent=21553"}],"wp:term":[{"taxonomy":"product_brand","embeddable":true,"href":"https:\/\/kme.eu\/kme\/es\/wp-json\/wp\/v2\/product_brand?post=21553"},{"taxonomy":"product_cat","embeddable":true,"href":"https:\/\/kme.eu\/kme\/es\/wp-json\/wp\/v2\/product_cat?post=21553"},{"taxonomy":"product_tag","embeddable":true,"href":"https:\/\/kme.eu\/kme\/es\/wp-json\/wp\/v2\/product_tag?post=21553"}],"curies":[{"name":"wp","href":"https:\/\/api.w.org\/{rel}","templated":true}]}}