{"id":21567,"date":"2020-06-15T12:05:42","date_gmt":"2020-06-15T10:05:42","guid":{"rendered":"https:\/\/kme.eu\/kme\/produkt\/controlador-jet-basic-rl\/"},"modified":"2026-03-30T11:28:55","modified_gmt":"2026-03-30T09:28:55","slug":"controlador-jet-basic-rl","status":"publish","type":"product","link":"https:\/\/kme.eu\/kme\/es\/produkt\/controlador-jet-basic-rl\/","title":{"rendered":"Controlador JET BASIC RL"},"content":{"rendered":"<h5><strong>L\u00ednea de aviones NEVO-SKY<\/strong><\/h5>\n<p>Est\u00e1 dise\u00f1ado para motores equipados con inyecci\u00f3n indirecta de combustible. La l\u00ednea se basa en la nueva plataforma <strong>SKY<\/strong>, dedicada a motores modernos. La l\u00ednea de controladores <strong>NEVO-SKY JET <\/strong>admite hasta 8 cilindros. Esto supone una simplificaci\u00f3n significativa para las plantas de ensamblaje, que podr\u00e1n utilizar un \u00fanico software basado en <strong>SKY <\/strong>para todos los controladores de la familia <strong>NEVO-SKY<\/strong>, incluidos los controladores DIRECT.   <\/p>\n<h5><strong>VERSI\u00d3N RL DE LOS CONTROLADORES<\/strong><\/h5>\n<p><a href=\"https:\/\/kme.eu\/kme\/wp-content\/uploads\/2020\/08\/JET_BASIC_RL_ICON_small.png\"><img loading=\"lazy\" decoding=\"async\" class=\"alignleft wp-image-9006\" src=\"https:\/\/kme.eu\/kme\/wp-content\/uploads\/2020\/08\/JET_BASIC_RL_ICON_small.png\" alt=\"\" width=\"110\" height=\"96\"><\/a>Algunos coches (por ejemplo, Mitsubishi y los destinados al mercado estadounidense) requieren el uso de una versi\u00f3n RL espec\u00edfica del controlador de gas. Esta es la versi\u00f3n m\u00e1s universal del controlador, ya que se puede utilizar en cualquier coche.  <span style=\"color: #ff9900;\"><em>Versi\u00f3n RL disponible bajo petici\u00f3n.<\/em><\/span><\/p>\n<p>&nbsp;<\/p>\n<h5><\/h5>\n<h5><strong>CONFIGURACI\u00d3N AUTOM\u00c1TICA en 5 pasos<\/strong><\/h5>\n<p>Para facilitar la instalaci\u00f3n y la calibraci\u00f3n, los controladores de la familia <strong>NEVO-SKY<\/strong> cuentan con una funci\u00f3n de <strong>AUTO-SETUP<\/strong> que le ayuda a configurar la mayor\u00eda de los autom\u00f3viles de forma r\u00e1pida y sencilla.<\/p>\n<p><img loading=\"lazy\" decoding=\"async\" class=\"alignnone wp-image-7313\" src=\"https:\/\/mucha.sobnet.eu\/kme\/wp-content\/uploads\/2020\/06\/5-krokow-300x91.jpg\" alt=\"\" width=\"705\" height=\"214\" srcset=\"https:\/\/kme.eu\/kme\/wp-content\/uploads\/2020\/06\/5-krokow-300x91.jpg 300w, https:\/\/kme.eu\/kme\/wp-content\/uploads\/2020\/06\/5-krokow-600x182.jpg 600w, https:\/\/kme.eu\/kme\/wp-content\/uploads\/2020\/06\/5-krokow-1024x310.jpg 1024w, https:\/\/kme.eu\/kme\/wp-content\/uploads\/2020\/06\/5-krokow-768x232.jpg 768w, https:\/\/kme.eu\/kme\/wp-content\/uploads\/2020\/06\/5-krokow.jpg 1147w\" sizes=\"auto, (max-width: 705px) 100vw, 705px\" \/><\/p>\n<h5><strong>SISTEMA EXPERTO SKY<\/strong><\/h5>\n<p>La familia <strong>NEVO-SKY<\/strong>, que incluye la l\u00ednea de productos <strong>JET<\/strong>, funciona con el software <strong>NEVO-SKY<\/strong>, que est\u00e1 equipado con el avanzado sistema <strong>SKY EXPERT SYSTEM<\/strong> para la detecci\u00f3n autom\u00e1tica de irregularidades en la configuraci\u00f3n y el funcionamiento del sistema de gas. Este sistema genera respuestas\/advertencias y sugiere soluciones. Cada vez que se produce una advertencia, se activa una se\u00f1al sonora para que no se pierda el momento en que se da el aviso. Con cada nueva versi\u00f3n del programa <strong>SKY <\/strong><strong>EXPERT SYSTEM<\/strong>, la base de conocimientos se ampl\u00eda para facilitar la calibraci\u00f3n del veh\u00edculo.<\/p>\n<p>&nbsp;<\/p>\n<div class=\"sdm_download_button_box_default\"><div class=\"sdm_download_link\"><a href=\"https:\/\/kme.eu\/kme\/es\/\/?sdm_process_download=1&download_id=7714\" class=\"sdm_download orange\" title=\"JET linia produkt\u00f3w &#8211; karta produktu\" target=&quot;_blank&quot;>Pobierz kart\u0119 produkt\u00f3w linii NEVO-SKY JET<\/a><\/div><\/div><br \/>\n<script>\n   $(window).on('load', function(){\n      $(\".sdm_download\").each(function( index, element ){\n         console.log($(this));\n         $(this).attr('target','_blank');\n      });\n   });\n<\/script><\/p>\n","protected":false},"excerpt":{"rendered":"<p><strong>NEVO-SKY JET BASIC RL<\/strong> est\u00e1 dedicado a unidades de motor equipadas con inyecci\u00f3n indirecta de combustible, admite hasta <strong>8 cilindros<\/strong>.<\/p>\n","protected":false},"featured_media":7309,"template":"","meta":[],"product_brand":[],"product_cat":[592543],"product_tag":[592739,592738],"class_list":{"0":"post-21567","1":"product","2":"type-product","3":"status-publish","4":"has-post-thumbnail","6":"product_cat-conductores","7":"product_tag-inyeccion-indirecta","8":"product_tag-novedad","10":"first","11":"instock","12":"shipping-taxable","13":"product-type-grouped"},"acf":[],"yoast_head":"<!-- This site is optimized with the Yoast SEO plugin v27.5 - https:\/\/yoast.com\/product\/yoast-seo-wordpress\/ -->\n<title>Controlador JET BASIC RL - KME<\/title>\n<meta name=\"robots\" content=\"index, follow, max-snippet:-1, max-image-preview:large, max-video-preview:-1\" \/>\n<link rel=\"canonical\" href=\"https:\/\/kme.eu\/kme\/es\/produkt\/controlador-jet-basic-rl\/\" \/>\n<meta property=\"og:locale\" content=\"es_ES\" \/>\n<meta property=\"og:type\" content=\"article\" \/>\n<meta property=\"og:title\" content=\"Controlador JET BASIC RL - KME\" \/>\n<meta property=\"og:description\" content=\"NEVO-SKY JET BASIC RL est\u00e1 dedicado a unidades de motor equipadas con inyecci\u00f3n indirecta de combustible, admite hasta 8 cilindros.\" \/>\n<meta property=\"og:url\" content=\"https:\/\/kme.eu\/kme\/es\/produkt\/controlador-jet-basic-rl\/\" \/>\n<meta property=\"og:site_name\" content=\"KME\" \/>\n<meta property=\"article:publisher\" content=\"https:\/\/www.facebook.com\/KME.LPG\/\" \/>\n<meta property=\"article:modified_time\" content=\"2026-03-30T09:28:55+00:00\" \/>\n<meta property=\"og:image\" content=\"https:\/\/kme.eu\/kme\/wp-content\/uploads\/2020\/06\/JET_BASIC_RL.jpg\" \/>\n\t<meta property=\"og:image:width\" content=\"800\" \/>\n\t<meta property=\"og:image:height\" content=\"900\" \/>\n\t<meta property=\"og:image:type\" content=\"image\/jpeg\" \/>\n<meta name=\"twitter:card\" content=\"summary_large_image\" \/>\n<meta name=\"twitter:label1\" content=\"Tiempo de lectura\" \/>\n\t<meta name=\"twitter:data1\" content=\"1 minuto\" \/>\n<script type=\"application\/ld+json\" class=\"yoast-schema-graph\">{\"@context\":\"https:\\\/\\\/schema.org\",\"@graph\":[{\"@type\":\"WebPage\",\"@id\":\"https:\\\/\\\/kme.eu\\\/kme\\\/es\\\/produkt\\\/controlador-jet-basic-rl\\\/\",\"url\":\"https:\\\/\\\/kme.eu\\\/kme\\\/es\\\/produkt\\\/controlador-jet-basic-rl\\\/\",\"name\":\"Controlador JET BASIC RL - KME\",\"isPartOf\":{\"@id\":\"https:\\\/\\\/kme.eu\\\/kme\\\/es\\\/#website\"},\"primaryImageOfPage\":{\"@id\":\"https:\\\/\\\/kme.eu\\\/kme\\\/es\\\/produkt\\\/controlador-jet-basic-rl\\\/#primaryimage\"},\"image\":{\"@id\":\"https:\\\/\\\/kme.eu\\\/kme\\\/es\\\/produkt\\\/controlador-jet-basic-rl\\\/#primaryimage\"},\"thumbnailUrl\":\"https:\\\/\\\/kme.eu\\\/kme\\\/wp-content\\\/uploads\\\/2020\\\/06\\\/JET_BASIC_RL.jpg\",\"datePublished\":\"2020-06-15T10:05:42+00:00\",\"dateModified\":\"2026-03-30T09:28:55+00:00\",\"breadcrumb\":{\"@id\":\"https:\\\/\\\/kme.eu\\\/kme\\\/es\\\/produkt\\\/controlador-jet-basic-rl\\\/#breadcrumb\"},\"inLanguage\":\"es\",\"potentialAction\":[{\"@type\":\"ReadAction\",\"target\":[\"https:\\\/\\\/kme.eu\\\/kme\\\/es\\\/produkt\\\/controlador-jet-basic-rl\\\/\"]}]},{\"@type\":\"ImageObject\",\"inLanguage\":\"es\",\"@id\":\"https:\\\/\\\/kme.eu\\\/kme\\\/es\\\/produkt\\\/controlador-jet-basic-rl\\\/#primaryimage\",\"url\":\"https:\\\/\\\/kme.eu\\\/kme\\\/wp-content\\\/uploads\\\/2020\\\/06\\\/JET_BASIC_RL.jpg\",\"contentUrl\":\"https:\\\/\\\/kme.eu\\\/kme\\\/wp-content\\\/uploads\\\/2020\\\/06\\\/JET_BASIC_RL.jpg\",\"width\":800,\"height\":900},{\"@type\":\"BreadcrumbList\",\"@id\":\"https:\\\/\\\/kme.eu\\\/kme\\\/es\\\/produkt\\\/controlador-jet-basic-rl\\\/#breadcrumb\",\"itemListElement\":[{\"@type\":\"ListItem\",\"position\":1,\"name\":\"Strona g\u0142\u00f3wna\",\"item\":\"https:\\\/\\\/kme.eu\\\/kme\\\/es\\\/\"},{\"@type\":\"ListItem\",\"position\":2,\"name\":\"Productos\",\"item\":\"https:\\\/\\\/kme.eu\\\/kme\\\/es\\\/productos\\\/\"},{\"@type\":\"ListItem\",\"position\":3,\"name\":\"Controlador JET BASIC RL\"}]},{\"@type\":\"WebSite\",\"@id\":\"https:\\\/\\\/kme.eu\\\/kme\\\/es\\\/#website\",\"url\":\"https:\\\/\\\/kme.eu\\\/kme\\\/es\\\/\",\"name\":\"KME\",\"description\":\"Autogas Systems\",\"publisher\":{\"@id\":\"https:\\\/\\\/kme.eu\\\/kme\\\/es\\\/#organization\"},\"potentialAction\":[{\"@type\":\"SearchAction\",\"target\":{\"@type\":\"EntryPoint\",\"urlTemplate\":\"https:\\\/\\\/kme.eu\\\/kme\\\/es\\\/?s={search_term_string}\"},\"query-input\":{\"@type\":\"PropertyValueSpecification\",\"valueRequired\":true,\"valueName\":\"search_term_string\"}}],\"inLanguage\":\"es\"},{\"@type\":\"Organization\",\"@id\":\"https:\\\/\\\/kme.eu\\\/kme\\\/es\\\/#organization\",\"name\":\"KME\",\"url\":\"https:\\\/\\\/kme.eu\\\/kme\\\/es\\\/\",\"logo\":{\"@type\":\"ImageObject\",\"inLanguage\":\"es\",\"@id\":\"https:\\\/\\\/kme.eu\\\/kme\\\/es\\\/#\\\/schema\\\/logo\\\/image\\\/\",\"url\":\"https:\\\/\\\/kme.eu\\\/kme\\\/wp-content\\\/uploads\\\/2020\\\/04\\\/logo_KME_RGB_small_200px.png\",\"contentUrl\":\"https:\\\/\\\/kme.eu\\\/kme\\\/wp-content\\\/uploads\\\/2020\\\/04\\\/logo_KME_RGB_small_200px.png\",\"width\":272,\"height\":200,\"caption\":\"KME\"},\"image\":{\"@id\":\"https:\\\/\\\/kme.eu\\\/kme\\\/es\\\/#\\\/schema\\\/logo\\\/image\\\/\"},\"sameAs\":[\"https:\\\/\\\/www.facebook.com\\\/KME.LPG\\\/\",\"https:\\\/\\\/www.instagram.com\\\/kme_lpg\\\/\"]}]}<\/script>\n<!-- \/ Yoast SEO plugin. -->","yoast_head_json":{"title":"Controlador JET BASIC RL - KME","robots":{"index":"index","follow":"follow","max-snippet":"max-snippet:-1","max-image-preview":"max-image-preview:large","max-video-preview":"max-video-preview:-1"},"canonical":"https:\/\/kme.eu\/kme\/es\/produkt\/controlador-jet-basic-rl\/","og_locale":"es_ES","og_type":"article","og_title":"Controlador JET BASIC RL - KME","og_description":"NEVO-SKY JET BASIC RL est\u00e1 dedicado a unidades de motor equipadas con inyecci\u00f3n indirecta de combustible, admite hasta 8 cilindros.","og_url":"https:\/\/kme.eu\/kme\/es\/produkt\/controlador-jet-basic-rl\/","og_site_name":"KME","article_publisher":"https:\/\/www.facebook.com\/KME.LPG\/","article_modified_time":"2026-03-30T09:28:55+00:00","og_image":[{"width":800,"height":900,"url":"https:\/\/kme.eu\/kme\/wp-content\/uploads\/2020\/06\/JET_BASIC_RL.jpg","type":"image\/jpeg"}],"twitter_card":"summary_large_image","twitter_misc":{"Tiempo de lectura":"1 minuto"},"schema":{"@context":"https:\/\/schema.org","@graph":[{"@type":"WebPage","@id":"https:\/\/kme.eu\/kme\/es\/produkt\/controlador-jet-basic-rl\/","url":"https:\/\/kme.eu\/kme\/es\/produkt\/controlador-jet-basic-rl\/","name":"Controlador JET BASIC RL - KME","isPartOf":{"@id":"https:\/\/kme.eu\/kme\/es\/#website"},"primaryImageOfPage":{"@id":"https:\/\/kme.eu\/kme\/es\/produkt\/controlador-jet-basic-rl\/#primaryimage"},"image":{"@id":"https:\/\/kme.eu\/kme\/es\/produkt\/controlador-jet-basic-rl\/#primaryimage"},"thumbnailUrl":"https:\/\/kme.eu\/kme\/wp-content\/uploads\/2020\/06\/JET_BASIC_RL.jpg","datePublished":"2020-06-15T10:05:42+00:00","dateModified":"2026-03-30T09:28:55+00:00","breadcrumb":{"@id":"https:\/\/kme.eu\/kme\/es\/produkt\/controlador-jet-basic-rl\/#breadcrumb"},"inLanguage":"es","potentialAction":[{"@type":"ReadAction","target":["https:\/\/kme.eu\/kme\/es\/produkt\/controlador-jet-basic-rl\/"]}]},{"@type":"ImageObject","inLanguage":"es","@id":"https:\/\/kme.eu\/kme\/es\/produkt\/controlador-jet-basic-rl\/#primaryimage","url":"https:\/\/kme.eu\/kme\/wp-content\/uploads\/2020\/06\/JET_BASIC_RL.jpg","contentUrl":"https:\/\/kme.eu\/kme\/wp-content\/uploads\/2020\/06\/JET_BASIC_RL.jpg","width":800,"height":900},{"@type":"BreadcrumbList","@id":"https:\/\/kme.eu\/kme\/es\/produkt\/controlador-jet-basic-rl\/#breadcrumb","itemListElement":[{"@type":"ListItem","position":1,"name":"Strona g\u0142\u00f3wna","item":"https:\/\/kme.eu\/kme\/es\/"},{"@type":"ListItem","position":2,"name":"Productos","item":"https:\/\/kme.eu\/kme\/es\/productos\/"},{"@type":"ListItem","position":3,"name":"Controlador JET BASIC RL"}]},{"@type":"WebSite","@id":"https:\/\/kme.eu\/kme\/es\/#website","url":"https:\/\/kme.eu\/kme\/es\/","name":"KME","description":"Autogas Systems","publisher":{"@id":"https:\/\/kme.eu\/kme\/es\/#organization"},"potentialAction":[{"@type":"SearchAction","target":{"@type":"EntryPoint","urlTemplate":"https:\/\/kme.eu\/kme\/es\/?s={search_term_string}"},"query-input":{"@type":"PropertyValueSpecification","valueRequired":true,"valueName":"search_term_string"}}],"inLanguage":"es"},{"@type":"Organization","@id":"https:\/\/kme.eu\/kme\/es\/#organization","name":"KME","url":"https:\/\/kme.eu\/kme\/es\/","logo":{"@type":"ImageObject","inLanguage":"es","@id":"https:\/\/kme.eu\/kme\/es\/#\/schema\/logo\/image\/","url":"https:\/\/kme.eu\/kme\/wp-content\/uploads\/2020\/04\/logo_KME_RGB_small_200px.png","contentUrl":"https:\/\/kme.eu\/kme\/wp-content\/uploads\/2020\/04\/logo_KME_RGB_small_200px.png","width":272,"height":200,"caption":"KME"},"image":{"@id":"https:\/\/kme.eu\/kme\/es\/#\/schema\/logo\/image\/"},"sameAs":["https:\/\/www.facebook.com\/KME.LPG\/","https:\/\/www.instagram.com\/kme_lpg\/"]}]}},"_links":{"self":[{"href":"https:\/\/kme.eu\/kme\/es\/wp-json\/wp\/v2\/product\/21567","targetHints":{"allow":["GET"]}}],"collection":[{"href":"https:\/\/kme.eu\/kme\/es\/wp-json\/wp\/v2\/product"}],"about":[{"href":"https:\/\/kme.eu\/kme\/es\/wp-json\/wp\/v2\/types\/product"}],"wp:featuredmedia":[{"embeddable":true,"href":"https:\/\/kme.eu\/kme\/es\/wp-json\/wp\/v2\/media\/7309"}],"wp:attachment":[{"href":"https:\/\/kme.eu\/kme\/es\/wp-json\/wp\/v2\/media?parent=21567"}],"wp:term":[{"taxonomy":"product_brand","embeddable":true,"href":"https:\/\/kme.eu\/kme\/es\/wp-json\/wp\/v2\/product_brand?post=21567"},{"taxonomy":"product_cat","embeddable":true,"href":"https:\/\/kme.eu\/kme\/es\/wp-json\/wp\/v2\/product_cat?post=21567"},{"taxonomy":"product_tag","embeddable":true,"href":"https:\/\/kme.eu\/kme\/es\/wp-json\/wp\/v2\/product_tag?post=21567"}],"curies":[{"name":"wp","href":"https:\/\/api.w.org\/{rel}","templated":true}]}}