{"id":21574,"date":"2020-06-04T14:20:24","date_gmt":"2020-06-04T12:20:24","guid":{"rendered":"https:\/\/kme.eu\/kme\/produkt\/reductor-twin-z-v2\/"},"modified":"2026-03-30T11:37:53","modified_gmt":"2026-03-30T09:37:53","slug":"reductor-twin-z-v2","status":"publish","type":"product","link":"https:\/\/kme.eu\/kme\/es\/produkt\/reductor-twin-z-v2\/","title":{"rendered":"Reductor TWIN Z V2"},"content":{"rendered":"<div style=\"height: 5px; border-top: thin solid #ffbb00;\"><\/div>\n<div style=\"margin-top: 50px;\"><img loading=\"lazy\" decoding=\"async\" class=\"alignnone wp-image-10763 size-full\" src=\"https:\/\/kme.eu\/kme\/wp-content\/uploads\/2021\/02\/ikony_TWINZ2.png\" alt=\"\" width=\"482\" height=\"140\" srcset=\"https:\/\/kme.eu\/kme\/wp-content\/uploads\/2021\/02\/ikony_TWINZ2.png 482w, https:\/\/kme.eu\/kme\/wp-content\/uploads\/2021\/02\/ikony_TWINZ2-300x87.png 300w\" sizes=\"auto, (max-width: 482px) 100vw, 482px\" \/><\/div>\n<div style=\"margin-top: 50px;\">Reductor para sistemas de inyecci\u00f3n secuencial de gas para motores de hasta 290 kW (395 CV) con electrov\u00e1lvula y filtro externos (dos v\u00e1lvulas). Alimentado por un tubo de cobre de \u00d86. V\u00e1lvula de control de aleta. Este nuevo y potente reductor se basa en el popular reductor TUR6. Dise\u00f1ado para veh\u00edculos con motores de alta potencia. Un sistema de estabilizaci\u00f3n de presi\u00f3n de gas dual garantiza la cantidad correcta de gas con par\u00e1metros estables. Dise\u00f1ado para su uso en motores con alto consumo m\u00e1ximo de gas. Ca\u00eddas de presi\u00f3n de 0,2 bar a 350 CV.      <\/p>\n<p>Lograr una eficiencia tan alta a pesar de su tama\u00f1o compacto se consigui\u00f3 redise\u00f1ando los canales de agua y gas del reductor TWIN. Una ventaja adicional es la incorporaci\u00f3n de una v\u00e1lvula de control de aleta. Esta soluci\u00f3n garantiza una alta resistencia a las impurezas presentes en el gas, lo que prolonga significativamente el funcionamiento sin problemas del reductor. El reductor TWIN permite una presi\u00f3n de GLP estable en todo el rango de potencia, asegurando una conducci\u00f3n suave y din\u00e1mica con un consumo \u00f3ptimo de gas.   <\/p>\n<\/div>\n<p>&nbsp;<\/p>\n<div class=\"sdm_download_button_box_default\"><div class=\"sdm_download_link\"><a href=\"https:\/\/kme.eu\/kme\/es\/\/?sdm_process_download=1&download_id=8892\" class=\"sdm_download orange\" title=\"Instrukcja reduktora TWIN Z V2\" >Instrukcja monta\u017cu<\/a><\/div><\/div><br \/>\n<script>\n   $(window).on('load', function(){\n      $(\".sdm_download\").each(function( index, element ){\n         console.log($(this));\n         $(this).attr('target','_blank');\n      });\n   });\n<\/script><\/p>\n","protected":false},"excerpt":{"rendered":"<p>Reductor para sistemas de inyecci\u00f3n secuencial de gas para motores de hasta 290 kW (395 CV) con electrov\u00e1lvula y filtro externos (con salida Faro).<\/p>\n<p>&nbsp;<\/p>\n","protected":false},"featured_media":10704,"template":"","meta":[],"product_brand":[],"product_cat":[154952],"product_tag":[592741],"class_list":{"0":"post-21574","1":"product","2":"type-product","3":"status-publish","4":"has-post-thumbnail","6":"product_cat-reductores","7":"product_tag-reductor-de-solapa","8":"pa_homologacja-r2-e8-67r-01-6555","9":"pa_kod-produktu-824-000-024","10":"pa_krociec-podcisnienia-fi-5-mm-es-2","11":"pa_moc-silnika-395-km","12":"pa_regulacja-cisnienia-0-9-bar-es","13":"pa_regulacja-cisnienia-do-16-bar","14":"pa_srednica-wejscia-gazu-fi-6-mm-es-2","15":"pa_wyjsciowe-cisnienie-robocze-1-2-bar-es","16":"pa_wylot-gazu-fazy-lotnej-2-x-fi-12-mm","18":"first","19":"instock","20":"shipping-taxable","21":"product-type-simple"},"acf":[],"yoast_head":"<!-- This site is optimized with the Yoast SEO plugin v27.4 - https:\/\/yoast.com\/product\/yoast-seo-wordpress\/ -->\n<title>Reductor TWIN Z V2 - KME<\/title>\n<meta name=\"robots\" content=\"index, follow, max-snippet:-1, max-image-preview:large, max-video-preview:-1\" \/>\n<link rel=\"canonical\" href=\"https:\/\/kme.eu\/kme\/es\/produkt\/reductor-twin-z-v2\/\" \/>\n<meta property=\"og:locale\" content=\"es_ES\" \/>\n<meta property=\"og:type\" content=\"article\" \/>\n<meta property=\"og:title\" content=\"Reductor TWIN Z V2 - KME\" \/>\n<meta property=\"og:description\" content=\"Reductor para sistemas de inyecci\u00f3n secuencial de gas para motores de hasta 290 kW (395 CV) con electrov\u00e1lvula y filtro externos (con salida Faro). &nbsp;\" \/>\n<meta property=\"og:url\" content=\"https:\/\/kme.eu\/kme\/es\/produkt\/reductor-twin-z-v2\/\" \/>\n<meta property=\"og:site_name\" content=\"KME\" \/>\n<meta property=\"article:publisher\" content=\"https:\/\/www.facebook.com\/KME.LPG\/\" \/>\n<meta property=\"article:modified_time\" content=\"2026-03-30T09:37:53+00:00\" \/>\n<meta property=\"og:image\" content=\"https:\/\/kme.eu\/kme\/wp-content\/uploads\/2021\/02\/reduktor_twin_v2_01.jpg\" \/>\n\t<meta property=\"og:image:width\" content=\"800\" \/>\n\t<meta property=\"og:image:height\" content=\"800\" \/>\n\t<meta property=\"og:image:type\" content=\"image\/jpeg\" \/>\n<meta name=\"twitter:card\" content=\"summary_large_image\" \/>\n<meta name=\"twitter:label1\" content=\"Tiempo de lectura\" \/>\n\t<meta name=\"twitter:data1\" content=\"1 minuto\" \/>\n<script type=\"application\/ld+json\" class=\"yoast-schema-graph\">{\"@context\":\"https:\\\/\\\/schema.org\",\"@graph\":[{\"@type\":\"WebPage\",\"@id\":\"https:\\\/\\\/kme.eu\\\/kme\\\/es\\\/produkt\\\/reductor-twin-z-v2\\\/\",\"url\":\"https:\\\/\\\/kme.eu\\\/kme\\\/es\\\/produkt\\\/reductor-twin-z-v2\\\/\",\"name\":\"Reductor TWIN Z V2 - KME\",\"isPartOf\":{\"@id\":\"https:\\\/\\\/kme.eu\\\/kme\\\/es\\\/#website\"},\"primaryImageOfPage\":{\"@id\":\"https:\\\/\\\/kme.eu\\\/kme\\\/es\\\/produkt\\\/reductor-twin-z-v2\\\/#primaryimage\"},\"image\":{\"@id\":\"https:\\\/\\\/kme.eu\\\/kme\\\/es\\\/produkt\\\/reductor-twin-z-v2\\\/#primaryimage\"},\"thumbnailUrl\":\"https:\\\/\\\/kme.eu\\\/kme\\\/wp-content\\\/uploads\\\/2021\\\/02\\\/reduktor_twin_v2_01.jpg\",\"datePublished\":\"2020-06-04T12:20:24+00:00\",\"dateModified\":\"2026-03-30T09:37:53+00:00\",\"breadcrumb\":{\"@id\":\"https:\\\/\\\/kme.eu\\\/kme\\\/es\\\/produkt\\\/reductor-twin-z-v2\\\/#breadcrumb\"},\"inLanguage\":\"es\",\"potentialAction\":[{\"@type\":\"ReadAction\",\"target\":[\"https:\\\/\\\/kme.eu\\\/kme\\\/es\\\/produkt\\\/reductor-twin-z-v2\\\/\"]}]},{\"@type\":\"ImageObject\",\"inLanguage\":\"es\",\"@id\":\"https:\\\/\\\/kme.eu\\\/kme\\\/es\\\/produkt\\\/reductor-twin-z-v2\\\/#primaryimage\",\"url\":\"https:\\\/\\\/kme.eu\\\/kme\\\/wp-content\\\/uploads\\\/2021\\\/02\\\/reduktor_twin_v2_01.jpg\",\"contentUrl\":\"https:\\\/\\\/kme.eu\\\/kme\\\/wp-content\\\/uploads\\\/2021\\\/02\\\/reduktor_twin_v2_01.jpg\",\"width\":800,\"height\":800},{\"@type\":\"BreadcrumbList\",\"@id\":\"https:\\\/\\\/kme.eu\\\/kme\\\/es\\\/produkt\\\/reductor-twin-z-v2\\\/#breadcrumb\",\"itemListElement\":[{\"@type\":\"ListItem\",\"position\":1,\"name\":\"Strona g\u0142\u00f3wna\",\"item\":\"https:\\\/\\\/kme.eu\\\/kme\\\/es\\\/\"},{\"@type\":\"ListItem\",\"position\":2,\"name\":\"Productos\",\"item\":\"https:\\\/\\\/kme.eu\\\/kme\\\/es\\\/productos\\\/\"},{\"@type\":\"ListItem\",\"position\":3,\"name\":\"Reductor TWIN Z V2\"}]},{\"@type\":\"WebSite\",\"@id\":\"https:\\\/\\\/kme.eu\\\/kme\\\/es\\\/#website\",\"url\":\"https:\\\/\\\/kme.eu\\\/kme\\\/es\\\/\",\"name\":\"KME\",\"description\":\"Autogas Systems\",\"publisher\":{\"@id\":\"https:\\\/\\\/kme.eu\\\/kme\\\/es\\\/#organization\"},\"potentialAction\":[{\"@type\":\"SearchAction\",\"target\":{\"@type\":\"EntryPoint\",\"urlTemplate\":\"https:\\\/\\\/kme.eu\\\/kme\\\/es\\\/?s={search_term_string}\"},\"query-input\":{\"@type\":\"PropertyValueSpecification\",\"valueRequired\":true,\"valueName\":\"search_term_string\"}}],\"inLanguage\":\"es\"},{\"@type\":\"Organization\",\"@id\":\"https:\\\/\\\/kme.eu\\\/kme\\\/es\\\/#organization\",\"name\":\"KME\",\"url\":\"https:\\\/\\\/kme.eu\\\/kme\\\/es\\\/\",\"logo\":{\"@type\":\"ImageObject\",\"inLanguage\":\"es\",\"@id\":\"https:\\\/\\\/kme.eu\\\/kme\\\/es\\\/#\\\/schema\\\/logo\\\/image\\\/\",\"url\":\"https:\\\/\\\/kme.eu\\\/kme\\\/wp-content\\\/uploads\\\/2020\\\/04\\\/logo_KME_RGB_small_200px.png\",\"contentUrl\":\"https:\\\/\\\/kme.eu\\\/kme\\\/wp-content\\\/uploads\\\/2020\\\/04\\\/logo_KME_RGB_small_200px.png\",\"width\":272,\"height\":200,\"caption\":\"KME\"},\"image\":{\"@id\":\"https:\\\/\\\/kme.eu\\\/kme\\\/es\\\/#\\\/schema\\\/logo\\\/image\\\/\"},\"sameAs\":[\"https:\\\/\\\/www.facebook.com\\\/KME.LPG\\\/\",\"https:\\\/\\\/www.instagram.com\\\/kme_lpg\\\/\"]}]}<\/script>\n<!-- \/ Yoast SEO plugin. -->","yoast_head_json":{"title":"Reductor TWIN Z V2 - KME","robots":{"index":"index","follow":"follow","max-snippet":"max-snippet:-1","max-image-preview":"max-image-preview:large","max-video-preview":"max-video-preview:-1"},"canonical":"https:\/\/kme.eu\/kme\/es\/produkt\/reductor-twin-z-v2\/","og_locale":"es_ES","og_type":"article","og_title":"Reductor TWIN Z V2 - KME","og_description":"Reductor para sistemas de inyecci\u00f3n secuencial de gas para motores de hasta 290 kW (395 CV) con electrov\u00e1lvula y filtro externos (con salida Faro). &nbsp;","og_url":"https:\/\/kme.eu\/kme\/es\/produkt\/reductor-twin-z-v2\/","og_site_name":"KME","article_publisher":"https:\/\/www.facebook.com\/KME.LPG\/","article_modified_time":"2026-03-30T09:37:53+00:00","og_image":[{"width":800,"height":800,"url":"https:\/\/kme.eu\/kme\/wp-content\/uploads\/2021\/02\/reduktor_twin_v2_01.jpg","type":"image\/jpeg"}],"twitter_card":"summary_large_image","twitter_misc":{"Tiempo de lectura":"1 minuto"},"schema":{"@context":"https:\/\/schema.org","@graph":[{"@type":"WebPage","@id":"https:\/\/kme.eu\/kme\/es\/produkt\/reductor-twin-z-v2\/","url":"https:\/\/kme.eu\/kme\/es\/produkt\/reductor-twin-z-v2\/","name":"Reductor TWIN Z V2 - KME","isPartOf":{"@id":"https:\/\/kme.eu\/kme\/es\/#website"},"primaryImageOfPage":{"@id":"https:\/\/kme.eu\/kme\/es\/produkt\/reductor-twin-z-v2\/#primaryimage"},"image":{"@id":"https:\/\/kme.eu\/kme\/es\/produkt\/reductor-twin-z-v2\/#primaryimage"},"thumbnailUrl":"https:\/\/kme.eu\/kme\/wp-content\/uploads\/2021\/02\/reduktor_twin_v2_01.jpg","datePublished":"2020-06-04T12:20:24+00:00","dateModified":"2026-03-30T09:37:53+00:00","breadcrumb":{"@id":"https:\/\/kme.eu\/kme\/es\/produkt\/reductor-twin-z-v2\/#breadcrumb"},"inLanguage":"es","potentialAction":[{"@type":"ReadAction","target":["https:\/\/kme.eu\/kme\/es\/produkt\/reductor-twin-z-v2\/"]}]},{"@type":"ImageObject","inLanguage":"es","@id":"https:\/\/kme.eu\/kme\/es\/produkt\/reductor-twin-z-v2\/#primaryimage","url":"https:\/\/kme.eu\/kme\/wp-content\/uploads\/2021\/02\/reduktor_twin_v2_01.jpg","contentUrl":"https:\/\/kme.eu\/kme\/wp-content\/uploads\/2021\/02\/reduktor_twin_v2_01.jpg","width":800,"height":800},{"@type":"BreadcrumbList","@id":"https:\/\/kme.eu\/kme\/es\/produkt\/reductor-twin-z-v2\/#breadcrumb","itemListElement":[{"@type":"ListItem","position":1,"name":"Strona g\u0142\u00f3wna","item":"https:\/\/kme.eu\/kme\/es\/"},{"@type":"ListItem","position":2,"name":"Productos","item":"https:\/\/kme.eu\/kme\/es\/productos\/"},{"@type":"ListItem","position":3,"name":"Reductor TWIN Z V2"}]},{"@type":"WebSite","@id":"https:\/\/kme.eu\/kme\/es\/#website","url":"https:\/\/kme.eu\/kme\/es\/","name":"KME","description":"Autogas Systems","publisher":{"@id":"https:\/\/kme.eu\/kme\/es\/#organization"},"potentialAction":[{"@type":"SearchAction","target":{"@type":"EntryPoint","urlTemplate":"https:\/\/kme.eu\/kme\/es\/?s={search_term_string}"},"query-input":{"@type":"PropertyValueSpecification","valueRequired":true,"valueName":"search_term_string"}}],"inLanguage":"es"},{"@type":"Organization","@id":"https:\/\/kme.eu\/kme\/es\/#organization","name":"KME","url":"https:\/\/kme.eu\/kme\/es\/","logo":{"@type":"ImageObject","inLanguage":"es","@id":"https:\/\/kme.eu\/kme\/es\/#\/schema\/logo\/image\/","url":"https:\/\/kme.eu\/kme\/wp-content\/uploads\/2020\/04\/logo_KME_RGB_small_200px.png","contentUrl":"https:\/\/kme.eu\/kme\/wp-content\/uploads\/2020\/04\/logo_KME_RGB_small_200px.png","width":272,"height":200,"caption":"KME"},"image":{"@id":"https:\/\/kme.eu\/kme\/es\/#\/schema\/logo\/image\/"},"sameAs":["https:\/\/www.facebook.com\/KME.LPG\/","https:\/\/www.instagram.com\/kme_lpg\/"]}]}},"_links":{"self":[{"href":"https:\/\/kme.eu\/kme\/es\/wp-json\/wp\/v2\/product\/21574","targetHints":{"allow":["GET"]}}],"collection":[{"href":"https:\/\/kme.eu\/kme\/es\/wp-json\/wp\/v2\/product"}],"about":[{"href":"https:\/\/kme.eu\/kme\/es\/wp-json\/wp\/v2\/types\/product"}],"wp:featuredmedia":[{"embeddable":true,"href":"https:\/\/kme.eu\/kme\/es\/wp-json\/wp\/v2\/media\/10704"}],"wp:attachment":[{"href":"https:\/\/kme.eu\/kme\/es\/wp-json\/wp\/v2\/media?parent=21574"}],"wp:term":[{"taxonomy":"product_brand","embeddable":true,"href":"https:\/\/kme.eu\/kme\/es\/wp-json\/wp\/v2\/product_brand?post=21574"},{"taxonomy":"product_cat","embeddable":true,"href":"https:\/\/kme.eu\/kme\/es\/wp-json\/wp\/v2\/product_cat?post=21574"},{"taxonomy":"product_tag","embeddable":true,"href":"https:\/\/kme.eu\/kme\/es\/wp-json\/wp\/v2\/product_tag?post=21574"}],"curies":[{"name":"wp","href":"https:\/\/api.w.org\/{rel}","templated":true}]}}