{"id":21576,"date":"2020-06-04T14:01:12","date_gmt":"2020-06-04T12:01:12","guid":{"rendered":"https:\/\/kme.eu\/kme\/produkt\/reductor-tur-6z\/"},"modified":"2026-03-30T11:43:15","modified_gmt":"2026-03-30T09:43:15","slug":"reductor-tur-6z","status":"publish","type":"product","link":"https:\/\/kme.eu\/kme\/es\/produkt\/reductor-tur-6z\/","title":{"rendered":"Reductor TUR 6Z"},"content":{"rendered":"<div style=\"height: 5px; border-top: thin solid #ffbb00;\"><\/div>\n<div style=\"margin-top: 50px;\"><img loading=\"lazy\" decoding=\"async\" class=\"alignnone wp-image-10764 size-full\" src=\"https:\/\/kme.eu\/kme\/wp-content\/uploads\/2021\/02\/ikony_TUR.png\" alt=\"\" width=\"482\" height=\"140\" srcset=\"https:\/\/kme.eu\/kme\/wp-content\/uploads\/2021\/02\/ikony_TUR.png 482w, https:\/\/kme.eu\/kme\/wp-content\/uploads\/2021\/02\/ikony_TUR-300x87.png 300w\" sizes=\"auto, (max-width: 482px) 100vw, 482px\" \/><\/div>\n<div style=\"margin-top: 50px;\">\n<p>Reductor para sistemas de inyecci\u00f3n secuencial de gas para motores de hasta 150 kW (204 CV) con electrov\u00e1lvula y filtro externos. Alimentado por un tubo de cobre Cu de 6 mm. V\u00e1lvula de control de aleta.  <\/p>\n<p>Dimensiones reducidas (142 x 130 x 82 mm), manteniendo una potencia de 150 kW.<\/p>\n<p>Lograr una eficiencia tan alta a pesar de su tama\u00f1o compacto se consigui\u00f3 redise\u00f1ando los canales de agua y gas del reductor TUR 6. Una ventaja adicional es la incorporaci\u00f3n de una v\u00e1lvula de control de aleta. Esta soluci\u00f3n garantiza una alta resistencia a los contaminantes presentes en el gas, lo que prolonga significativamente el funcionamiento sin problemas del reductor. El reductor TUR permite una presi\u00f3n de GLP estable en todo el rango de potencia, asegurando una conducci\u00f3n fluida y din\u00e1mica con un consumo \u00f3ptimo de gas.   <\/p>\n<\/div>\n<p>&nbsp;<\/p>\n<div class=\"sdm_download_button_box_default\"><div class=\"sdm_download_link\"><a href=\"https:\/\/kme.eu\/kme\/es\/\/?sdm_process_download=1&download_id=8888\" class=\"sdm_download orange\" title=\"Instrukcja reduktora TUR 6Z\" >Instrukcja monta\u017cu<\/a><\/div><\/div><br \/>\n<script>\n   $(window).on('load', function(){\n      $(\".sdm_download\").each(function( index, element ){\n         console.log($(this));\n         $(this).attr('target','_blank');\n      });\n   });\n<\/script><\/p>\n","protected":false},"excerpt":{"rendered":"<p>Reductor para sistemas de inyecci\u00f3n secuencial de gas para motores de hasta 150 kW (204 CV) con electrov\u00e1lvula y filtro externos.<\/p>\n","protected":false},"featured_media":10703,"template":"","meta":[],"product_brand":[],"product_cat":[154952],"product_tag":[592741],"class_list":{"0":"post-21576","1":"product","2":"type-product","3":"status-publish","4":"has-post-thumbnail","6":"product_cat-reductores","7":"product_tag-reductor-de-solapa","8":"pa_homologacja-r2-e8-67r-01-6555","9":"pa_kod-produktu-824-000-011","10":"pa_krociec-podcisnienia-fi-5-mm-es-2","11":"pa_moc-silnika-204-km","12":"pa_regulacja-cisnienia-0-9-bar-es","13":"pa_regulacja-cisnienia-do-16-bar","14":"pa_srednica-wejscia-gazu-fi-6-mm-es-2","15":"pa_wyjsciowe-cisnienie-robocze-1-2-bar-es","16":"pa_wylot-gazu-fazy-lotnej-fi-12-es","18":"first","19":"instock","20":"shipping-taxable","21":"product-type-simple"},"acf":[],"yoast_head":"<!-- This site is optimized with the Yoast SEO plugin v27.4 - https:\/\/yoast.com\/product\/yoast-seo-wordpress\/ -->\n<title>Reductor TUR 6Z - KME<\/title>\n<meta name=\"robots\" content=\"index, follow, max-snippet:-1, max-image-preview:large, max-video-preview:-1\" \/>\n<link rel=\"canonical\" href=\"https:\/\/kme.eu\/kme\/es\/produkt\/reductor-tur-6z\/\" \/>\n<meta property=\"og:locale\" content=\"es_ES\" \/>\n<meta property=\"og:type\" content=\"article\" \/>\n<meta property=\"og:title\" content=\"Reductor TUR 6Z - KME\" \/>\n<meta property=\"og:description\" content=\"Reductor para sistemas de inyecci\u00f3n secuencial de gas para motores de hasta 150 kW (204 CV) con electrov\u00e1lvula y filtro externos.\" \/>\n<meta property=\"og:url\" content=\"https:\/\/kme.eu\/kme\/es\/produkt\/reductor-tur-6z\/\" \/>\n<meta property=\"og:site_name\" content=\"KME\" \/>\n<meta property=\"article:publisher\" content=\"https:\/\/www.facebook.com\/KME.LPG\/\" \/>\n<meta property=\"article:modified_time\" content=\"2026-03-30T09:43:15+00:00\" \/>\n<meta property=\"og:image\" content=\"https:\/\/kme.eu\/kme\/wp-content\/uploads\/2021\/02\/reduktor_tur.jpg\" \/>\n\t<meta property=\"og:image:width\" content=\"800\" \/>\n\t<meta property=\"og:image:height\" content=\"800\" \/>\n\t<meta property=\"og:image:type\" content=\"image\/jpeg\" \/>\n<meta name=\"twitter:card\" content=\"summary_large_image\" \/>\n<meta name=\"twitter:label1\" content=\"Tiempo de lectura\" \/>\n\t<meta name=\"twitter:data1\" content=\"1 minuto\" \/>\n<script type=\"application\/ld+json\" class=\"yoast-schema-graph\">{\"@context\":\"https:\\\/\\\/schema.org\",\"@graph\":[{\"@type\":\"WebPage\",\"@id\":\"https:\\\/\\\/kme.eu\\\/kme\\\/es\\\/produkt\\\/reductor-tur-6z\\\/\",\"url\":\"https:\\\/\\\/kme.eu\\\/kme\\\/es\\\/produkt\\\/reductor-tur-6z\\\/\",\"name\":\"Reductor TUR 6Z - KME\",\"isPartOf\":{\"@id\":\"https:\\\/\\\/kme.eu\\\/kme\\\/es\\\/#website\"},\"primaryImageOfPage\":{\"@id\":\"https:\\\/\\\/kme.eu\\\/kme\\\/es\\\/produkt\\\/reductor-tur-6z\\\/#primaryimage\"},\"image\":{\"@id\":\"https:\\\/\\\/kme.eu\\\/kme\\\/es\\\/produkt\\\/reductor-tur-6z\\\/#primaryimage\"},\"thumbnailUrl\":\"https:\\\/\\\/kme.eu\\\/kme\\\/wp-content\\\/uploads\\\/2021\\\/02\\\/reduktor_tur.jpg\",\"datePublished\":\"2020-06-04T12:01:12+00:00\",\"dateModified\":\"2026-03-30T09:43:15+00:00\",\"breadcrumb\":{\"@id\":\"https:\\\/\\\/kme.eu\\\/kme\\\/es\\\/produkt\\\/reductor-tur-6z\\\/#breadcrumb\"},\"inLanguage\":\"es\",\"potentialAction\":[{\"@type\":\"ReadAction\",\"target\":[\"https:\\\/\\\/kme.eu\\\/kme\\\/es\\\/produkt\\\/reductor-tur-6z\\\/\"]}]},{\"@type\":\"ImageObject\",\"inLanguage\":\"es\",\"@id\":\"https:\\\/\\\/kme.eu\\\/kme\\\/es\\\/produkt\\\/reductor-tur-6z\\\/#primaryimage\",\"url\":\"https:\\\/\\\/kme.eu\\\/kme\\\/wp-content\\\/uploads\\\/2021\\\/02\\\/reduktor_tur.jpg\",\"contentUrl\":\"https:\\\/\\\/kme.eu\\\/kme\\\/wp-content\\\/uploads\\\/2021\\\/02\\\/reduktor_tur.jpg\",\"width\":800,\"height\":800},{\"@type\":\"BreadcrumbList\",\"@id\":\"https:\\\/\\\/kme.eu\\\/kme\\\/es\\\/produkt\\\/reductor-tur-6z\\\/#breadcrumb\",\"itemListElement\":[{\"@type\":\"ListItem\",\"position\":1,\"name\":\"Strona g\u0142\u00f3wna\",\"item\":\"https:\\\/\\\/kme.eu\\\/kme\\\/es\\\/\"},{\"@type\":\"ListItem\",\"position\":2,\"name\":\"Productos\",\"item\":\"https:\\\/\\\/kme.eu\\\/kme\\\/es\\\/productos\\\/\"},{\"@type\":\"ListItem\",\"position\":3,\"name\":\"Reductor TUR 6Z\"}]},{\"@type\":\"WebSite\",\"@id\":\"https:\\\/\\\/kme.eu\\\/kme\\\/es\\\/#website\",\"url\":\"https:\\\/\\\/kme.eu\\\/kme\\\/es\\\/\",\"name\":\"KME\",\"description\":\"Autogas Systems\",\"publisher\":{\"@id\":\"https:\\\/\\\/kme.eu\\\/kme\\\/es\\\/#organization\"},\"potentialAction\":[{\"@type\":\"SearchAction\",\"target\":{\"@type\":\"EntryPoint\",\"urlTemplate\":\"https:\\\/\\\/kme.eu\\\/kme\\\/es\\\/?s={search_term_string}\"},\"query-input\":{\"@type\":\"PropertyValueSpecification\",\"valueRequired\":true,\"valueName\":\"search_term_string\"}}],\"inLanguage\":\"es\"},{\"@type\":\"Organization\",\"@id\":\"https:\\\/\\\/kme.eu\\\/kme\\\/es\\\/#organization\",\"name\":\"KME\",\"url\":\"https:\\\/\\\/kme.eu\\\/kme\\\/es\\\/\",\"logo\":{\"@type\":\"ImageObject\",\"inLanguage\":\"es\",\"@id\":\"https:\\\/\\\/kme.eu\\\/kme\\\/es\\\/#\\\/schema\\\/logo\\\/image\\\/\",\"url\":\"https:\\\/\\\/kme.eu\\\/kme\\\/wp-content\\\/uploads\\\/2020\\\/04\\\/logo_KME_RGB_small_200px.png\",\"contentUrl\":\"https:\\\/\\\/kme.eu\\\/kme\\\/wp-content\\\/uploads\\\/2020\\\/04\\\/logo_KME_RGB_small_200px.png\",\"width\":272,\"height\":200,\"caption\":\"KME\"},\"image\":{\"@id\":\"https:\\\/\\\/kme.eu\\\/kme\\\/es\\\/#\\\/schema\\\/logo\\\/image\\\/\"},\"sameAs\":[\"https:\\\/\\\/www.facebook.com\\\/KME.LPG\\\/\",\"https:\\\/\\\/www.instagram.com\\\/kme_lpg\\\/\"]}]}<\/script>\n<!-- \/ Yoast SEO plugin. -->","yoast_head_json":{"title":"Reductor TUR 6Z - KME","robots":{"index":"index","follow":"follow","max-snippet":"max-snippet:-1","max-image-preview":"max-image-preview:large","max-video-preview":"max-video-preview:-1"},"canonical":"https:\/\/kme.eu\/kme\/es\/produkt\/reductor-tur-6z\/","og_locale":"es_ES","og_type":"article","og_title":"Reductor TUR 6Z - KME","og_description":"Reductor para sistemas de inyecci\u00f3n secuencial de gas para motores de hasta 150 kW (204 CV) con electrov\u00e1lvula y filtro externos.","og_url":"https:\/\/kme.eu\/kme\/es\/produkt\/reductor-tur-6z\/","og_site_name":"KME","article_publisher":"https:\/\/www.facebook.com\/KME.LPG\/","article_modified_time":"2026-03-30T09:43:15+00:00","og_image":[{"width":800,"height":800,"url":"https:\/\/kme.eu\/kme\/wp-content\/uploads\/2021\/02\/reduktor_tur.jpg","type":"image\/jpeg"}],"twitter_card":"summary_large_image","twitter_misc":{"Tiempo de lectura":"1 minuto"},"schema":{"@context":"https:\/\/schema.org","@graph":[{"@type":"WebPage","@id":"https:\/\/kme.eu\/kme\/es\/produkt\/reductor-tur-6z\/","url":"https:\/\/kme.eu\/kme\/es\/produkt\/reductor-tur-6z\/","name":"Reductor TUR 6Z - KME","isPartOf":{"@id":"https:\/\/kme.eu\/kme\/es\/#website"},"primaryImageOfPage":{"@id":"https:\/\/kme.eu\/kme\/es\/produkt\/reductor-tur-6z\/#primaryimage"},"image":{"@id":"https:\/\/kme.eu\/kme\/es\/produkt\/reductor-tur-6z\/#primaryimage"},"thumbnailUrl":"https:\/\/kme.eu\/kme\/wp-content\/uploads\/2021\/02\/reduktor_tur.jpg","datePublished":"2020-06-04T12:01:12+00:00","dateModified":"2026-03-30T09:43:15+00:00","breadcrumb":{"@id":"https:\/\/kme.eu\/kme\/es\/produkt\/reductor-tur-6z\/#breadcrumb"},"inLanguage":"es","potentialAction":[{"@type":"ReadAction","target":["https:\/\/kme.eu\/kme\/es\/produkt\/reductor-tur-6z\/"]}]},{"@type":"ImageObject","inLanguage":"es","@id":"https:\/\/kme.eu\/kme\/es\/produkt\/reductor-tur-6z\/#primaryimage","url":"https:\/\/kme.eu\/kme\/wp-content\/uploads\/2021\/02\/reduktor_tur.jpg","contentUrl":"https:\/\/kme.eu\/kme\/wp-content\/uploads\/2021\/02\/reduktor_tur.jpg","width":800,"height":800},{"@type":"BreadcrumbList","@id":"https:\/\/kme.eu\/kme\/es\/produkt\/reductor-tur-6z\/#breadcrumb","itemListElement":[{"@type":"ListItem","position":1,"name":"Strona g\u0142\u00f3wna","item":"https:\/\/kme.eu\/kme\/es\/"},{"@type":"ListItem","position":2,"name":"Productos","item":"https:\/\/kme.eu\/kme\/es\/productos\/"},{"@type":"ListItem","position":3,"name":"Reductor TUR 6Z"}]},{"@type":"WebSite","@id":"https:\/\/kme.eu\/kme\/es\/#website","url":"https:\/\/kme.eu\/kme\/es\/","name":"KME","description":"Autogas Systems","publisher":{"@id":"https:\/\/kme.eu\/kme\/es\/#organization"},"potentialAction":[{"@type":"SearchAction","target":{"@type":"EntryPoint","urlTemplate":"https:\/\/kme.eu\/kme\/es\/?s={search_term_string}"},"query-input":{"@type":"PropertyValueSpecification","valueRequired":true,"valueName":"search_term_string"}}],"inLanguage":"es"},{"@type":"Organization","@id":"https:\/\/kme.eu\/kme\/es\/#organization","name":"KME","url":"https:\/\/kme.eu\/kme\/es\/","logo":{"@type":"ImageObject","inLanguage":"es","@id":"https:\/\/kme.eu\/kme\/es\/#\/schema\/logo\/image\/","url":"https:\/\/kme.eu\/kme\/wp-content\/uploads\/2020\/04\/logo_KME_RGB_small_200px.png","contentUrl":"https:\/\/kme.eu\/kme\/wp-content\/uploads\/2020\/04\/logo_KME_RGB_small_200px.png","width":272,"height":200,"caption":"KME"},"image":{"@id":"https:\/\/kme.eu\/kme\/es\/#\/schema\/logo\/image\/"},"sameAs":["https:\/\/www.facebook.com\/KME.LPG\/","https:\/\/www.instagram.com\/kme_lpg\/"]}]}},"_links":{"self":[{"href":"https:\/\/kme.eu\/kme\/es\/wp-json\/wp\/v2\/product\/21576","targetHints":{"allow":["GET"]}}],"collection":[{"href":"https:\/\/kme.eu\/kme\/es\/wp-json\/wp\/v2\/product"}],"about":[{"href":"https:\/\/kme.eu\/kme\/es\/wp-json\/wp\/v2\/types\/product"}],"wp:featuredmedia":[{"embeddable":true,"href":"https:\/\/kme.eu\/kme\/es\/wp-json\/wp\/v2\/media\/10703"}],"wp:attachment":[{"href":"https:\/\/kme.eu\/kme\/es\/wp-json\/wp\/v2\/media?parent=21576"}],"wp:term":[{"taxonomy":"product_brand","embeddable":true,"href":"https:\/\/kme.eu\/kme\/es\/wp-json\/wp\/v2\/product_brand?post=21576"},{"taxonomy":"product_cat","embeddable":true,"href":"https:\/\/kme.eu\/kme\/es\/wp-json\/wp\/v2\/product_cat?post=21576"},{"taxonomy":"product_tag","embeddable":true,"href":"https:\/\/kme.eu\/kme\/es\/wp-json\/wp\/v2\/product_tag?post=21576"}],"curies":[{"name":"wp","href":"https:\/\/api.w.org\/{rel}","templated":true}]}}