{"id":10748,"date":"2021-02-05T12:28:05","date_gmt":"2021-02-05T11:28:05","guid":{"rendered":"https:\/\/kme.eu\/kme\/?page_id=10748"},"modified":"2024-03-20T17:09:41","modified_gmt":"2024-03-20T16:09:41","slug":"elektronik-z-pasja","status":"publish","type":"page","link":"https:\/\/kme.eu\/kme\/o_nas\/praca-w-kme\/elektronik-z-pasja\/","title":{"rendered":"Elektronik w dziale Bada\u0144 i Rozwoju (R&#038;D)"},"content":{"rendered":"<div class=\"wpb-content-wrapper\"><p>[vc_row row_content_width=&#8221;grid&#8221; row_btt_skin=&#8221;light&#8221; row_background_text_position=&#8221;front&#8221;][vc_column width=&#8221;2\/3&#8243;][vc_empty_space][vc_column_text]<strong>Elektronik w dziale Bada\u0144 i Rozwoju (R&amp;D)<\/strong><\/p>\n<p><strong>\u00a0<\/strong><\/p>\n<p>KME Sp. z o.o. projektant i producent urz\u0105dze\u0144 elektronicznych i mechanicznych, przeznaczonych w szczeg\u00f3lno\u015bci do motoryzacji , poszukuje do pracy w Dziale Bada\u0144 i Rozwoju osoby na stanowisko Konstruktor Elektronik.<\/p>\n<p>&nbsp;<\/p>\n<p>Miejsce pracy: KME, ul. Aleksandra 24\/26 (okolice ul. Starorudzkiej),\u00a0 \u0141\u00f3d\u017a<\/p>\n<p>miejsce w strukturze organizacyjnej: Dzia\u0142 Bada\u0144 i Rozwoju (R&amp;D)<\/p>\n<p>&nbsp;<\/p>\n<p><strong>Jakie b\u0119d\u0105 Twoje zadania:<\/strong><\/p>\n<ul>\n<li>Projektowanie, testowanie, rozw\u00f3j elektronicznych urz\u0105dze\u0144 i system\u00f3w automotive.<\/li>\n<\/ul>\n<p><strong>Wsp\u00f3lnie b\u0119dziemy zajmowa\u0107 si\u0119 (w zale\u017cno\u015bci od umiej\u0119tno\u015bci i potrzeb):<\/strong><\/p>\n<ul>\n<li>Analiz\u0105 pracy podzespo\u0142\u00f3w w samochodach<\/li>\n<li>Projektowaniem oraz budow\u0105 prototyp\u00f3w i urz\u0105dze\u0144 elektronicznych<\/li>\n<li>Testowaniem i analiz\u0105 urz\u0105dze\u0144 celem rozwijania urz\u0105dze\u0144 firmy KME<\/li>\n<li>Tworzeniem schemat\u00f3w i obwod\u00f3w drukowanych<\/li>\n<li>Uruchamianiem stworzonych rozwi\u0105za\u0144<\/li>\n<\/ul>\n<p>&nbsp;<\/p>\n<p><strong>Wymagania:<\/strong><\/p>\n<ul>\n<li><strong>Wykszta\u0142cenie wy\u017csze techniczne lub \u015brednie techniczne (elektronika i kierunki pokrewne)<\/strong><strong> oraz studenci ostatnich lat<\/strong><\/li>\n<li><strong>Zdolno\u015bci manualne (lutowanie, monta\u017c elektroniki) i obs\u0142uga aparatury pomiarowej (mierniki, oscyloskop)<\/strong><\/li>\n<li><strong>Umiej\u0119tno\u015b\u0107 projektowania oraz tworzenia schemat\u00f3w i obwod\u00f3w drukowanych (Altium Designer)<\/strong><\/li>\n<li>Umiej\u0119tno\u015b\u0107 korzystania z dokumentacji technicznej<\/li>\n<li>Kreatywno\u015b\u0107 i analityczne podej\u015bcie do rozwi\u0105zywania problem\u00f3w<\/li>\n<li>Umiej\u0119tno\u015b\u0107 efektywnej organizacji czasu pracy<\/li>\n<li>Umiej\u0119tno\u015b\u0107 pracy w zespole jak i samodzielne opracowywanie rozwi\u0105za\u0144<\/li>\n<li>Motywacja do rozwoju zawodowego oraz ch\u0119\u0107 poszerzania wiedzy<\/li>\n<li>Znajomo\u015b\u0107 j\u0119zyka angielskiego w stopniu umo\u017cliwiaj\u0105cym zrozumienie zagadnie\u0144 technicznych<\/li>\n<\/ul>\n<p><strong>Mile widziane:<\/strong><\/p>\n<ul>\n<li>Prawo jazdy kat. B<\/li>\n<li>Wiedza z zakresu mechaniki i elektryki samochodowej<\/li>\n<li>Do\u015bwiadczenie w amatorskiej budowie i projektowaniu urz\u0105dze\u0144 elektronicznych<\/li>\n<\/ul>\n<p><strong>OFERUJEMY:<\/strong><\/p>\n<ul>\n<li>Zatrudnienie w oparciu o umow\u0119 o prac\u0119<\/li>\n<li>Prac\u0119 w systemie 1 zmianowym, na pe\u0142nym etacie w godz. 8-16.00 od pon. do pi\u0105tku<\/li>\n<li>Atrakcyjne wynagrodzenie adekwatne do posiadanego do\u015bwiadczenia, poziomu umiej\u0119tno\u015bci, zaanga\u017cowania.<\/li>\n<li>Ubezpieczenie grupowe<\/li>\n<li>Karnet sportowy<\/li>\n<li>Dofinansowanie do obiad\u00f3w w siedzibie firmy<\/li>\n<li>Stabilne zatrudnienie w firmie o ugruntowanej pozycji, b\u0119d\u0105cej na rynku od 25 lat<\/li>\n<li>Zatrudnienie bezpo\u015brednio przez zak\u0142ad pracy<\/li>\n<li>Mo\u017cliwo\u015b\u0107 podj\u0119cia zatrudnienia od zaraz<\/li>\n<li>Prac\u0119 w m\u0142odym i przyjaznym zespole<\/li>\n<li>\u015acie\u017cka kariery zawodowej<\/li>\n<li>Zaanga\u017cowanie we wszystkie fazy rozwoju nowego produktu, w tym koncepcj\u0119, architektur\u0119, dokumentacj\u0119, projekt, prototyp, testy, wprowadzenie do produkcji i wsparcie serwisowe<\/li>\n<\/ul>\n<p>&nbsp;<\/p>\n<p>CV prosimy przesy\u0142a\u0107 na adres\u00a0<a href=\"mailto:rszmajda@kme.eu\">rszmajda@kme.eu<\/a>, z dopiskiem:<\/p>\n<p><em>\u201cWyra\u017cam zgod\u0119 na przetwarzanie moich danych osobowych przez KME sp. z o.o. w celu prowadzenia rekrutacji na aplikowane przeze mnie stanowisko.\u201d<\/em><\/p>\n<p><strong>\u00a0<\/strong><\/p>\n<p><strong>Informujemy, \u017ce skontaktujemy si\u0119 z wybranymi kandydatami.<\/strong>[\/vc_column_text][\/vc_column][vc_column width=&#8221;1\/3&#8243;][vc_empty_space][\/vc_column][\/vc_row][vc_row row_content_width=&#8221;grid&#8221; row_btt_skin=&#8221;light&#8221; row_background_text_position=&#8221;front&#8221;][vc_column][vc_empty_space][\/vc_column][\/vc_row]<\/p>\n<\/div>","protected":false},"excerpt":{"rendered":"<p>[vc_row row_content_width=&#8221;grid&#8221; row_btt_skin=&#8221;light&#8221; row_background_text_position=&#8221;front&#8221;][vc_column width=&#8221;2\/3&#8243;][vc_empty_space][vc_column_text]Elektronik w dziale Bada\u0144 i Rozwoju (R&amp;D) \u00a0 KME Sp. z o.o. projektant i producent urz\u0105dze\u0144 elektronicznych i mechanicznych, przeznaczonych w szczeg\u00f3lno\u015bci do motoryzacji , poszukuje do pracy w Dziale Bada\u0144 i Rozwoju osoby na stanowisko [&hellip;]<\/p>\n","protected":false},"author":1,"featured_media":0,"parent":9160,"menu_order":0,"comment_status":"closed","ping_status":"closed","template":"","meta":{"footnotes":""},"class_list":["post-10748","page","type-page","status-publish","hentry"],"acf":[],"yoast_head":"<!-- This site is optimized with the Yoast SEO plugin v27.5 - https:\/\/yoast.com\/product\/yoast-seo-wordpress\/ -->\n<title>Elektronik w dziale Bada\u0144 i Rozwoju (R&amp;D) - KME<\/title>\n<meta name=\"robots\" content=\"index, follow, max-snippet:-1, max-image-preview:large, max-video-preview:-1\" \/>\n<link rel=\"canonical\" href=\"https:\/\/kme.eu\/kme\/o_nas\/praca-w-kme\/elektronik-z-pasja\/\" \/>\n<meta property=\"og:locale\" content=\"pl_PL\" \/>\n<meta property=\"og:type\" content=\"article\" \/>\n<meta property=\"og:title\" content=\"Elektronik w dziale Bada\u0144 i Rozwoju (R&amp;D) - KME\" \/>\n<meta property=\"og:description\" content=\"[vc_row row_content_width=&#8221;grid&#8221; row_btt_skin=&#8221;light&#8221; row_background_text_position=&#8221;front&#8221;][vc_column width=&#8221;2\/3&#8243;][vc_empty_space][vc_column_text]Elektronik w dziale Bada\u0144 i Rozwoju (R&amp;D) \u00a0 KME Sp. z o.o. projektant i producent urz\u0105dze\u0144 elektronicznych i mechanicznych, przeznaczonych w szczeg\u00f3lno\u015bci do motoryzacji , poszukuje do pracy w Dziale Bada\u0144 i Rozwoju osoby na stanowisko [&hellip;]\" \/>\n<meta property=\"og:url\" content=\"https:\/\/kme.eu\/kme\/o_nas\/praca-w-kme\/elektronik-z-pasja\/\" \/>\n<meta property=\"og:site_name\" content=\"KME\" \/>\n<meta property=\"article:publisher\" content=\"https:\/\/www.facebook.com\/KME.LPG\/\" \/>\n<meta property=\"article:modified_time\" content=\"2024-03-20T16:09:41+00:00\" \/>\n<meta name=\"twitter:card\" content=\"summary_large_image\" \/>\n<meta name=\"twitter:label1\" content=\"Szacowany czas czytania\" \/>\n\t<meta name=\"twitter:data1\" content=\"3 minuty\" \/>\n<script type=\"application\/ld+json\" class=\"yoast-schema-graph\">{\"@context\":\"https:\\\/\\\/schema.org\",\"@graph\":[{\"@type\":\"WebPage\",\"@id\":\"https:\\\/\\\/kme.eu\\\/kme\\\/o_nas\\\/praca-w-kme\\\/elektronik-z-pasja\\\/\",\"url\":\"https:\\\/\\\/kme.eu\\\/kme\\\/o_nas\\\/praca-w-kme\\\/elektronik-z-pasja\\\/\",\"name\":\"Elektronik w dziale Bada\u0144 i Rozwoju (R&D) - KME\",\"isPartOf\":{\"@id\":\"https:\\\/\\\/kme.eu\\\/kme\\\/#website\"},\"datePublished\":\"2021-02-05T11:28:05+00:00\",\"dateModified\":\"2024-03-20T16:09:41+00:00\",\"breadcrumb\":{\"@id\":\"https:\\\/\\\/kme.eu\\\/kme\\\/o_nas\\\/praca-w-kme\\\/elektronik-z-pasja\\\/#breadcrumb\"},\"inLanguage\":\"pl-PL\",\"potentialAction\":[{\"@type\":\"ReadAction\",\"target\":[\"https:\\\/\\\/kme.eu\\\/kme\\\/o_nas\\\/praca-w-kme\\\/elektronik-z-pasja\\\/\"]}]},{\"@type\":\"BreadcrumbList\",\"@id\":\"https:\\\/\\\/kme.eu\\\/kme\\\/o_nas\\\/praca-w-kme\\\/elektronik-z-pasja\\\/#breadcrumb\",\"itemListElement\":[{\"@type\":\"ListItem\",\"position\":1,\"name\":\"Strona g\u0142\u00f3wna\",\"item\":\"https:\\\/\\\/kme.eu\\\/kme\\\/\"},{\"@type\":\"ListItem\",\"position\":2,\"name\":\"O nas\",\"item\":\"https:\\\/\\\/kme.eu\\\/kme\\\/o_nas\\\/\"},{\"@type\":\"ListItem\",\"position\":3,\"name\":\"Praca w KME\",\"item\":\"https:\\\/\\\/kme.eu\\\/kme\\\/o_nas\\\/praca-w-kme\\\/\"},{\"@type\":\"ListItem\",\"position\":4,\"name\":\"Elektronik w dziale Bada\u0144 i Rozwoju (R&#038;D)\"}]},{\"@type\":\"WebSite\",\"@id\":\"https:\\\/\\\/kme.eu\\\/kme\\\/#website\",\"url\":\"https:\\\/\\\/kme.eu\\\/kme\\\/\",\"name\":\"KME\",\"description\":\"Autogas Systems\",\"publisher\":{\"@id\":\"https:\\\/\\\/kme.eu\\\/kme\\\/#organization\"},\"potentialAction\":[{\"@type\":\"SearchAction\",\"target\":{\"@type\":\"EntryPoint\",\"urlTemplate\":\"https:\\\/\\\/kme.eu\\\/kme\\\/?s={search_term_string}\"},\"query-input\":{\"@type\":\"PropertyValueSpecification\",\"valueRequired\":true,\"valueName\":\"search_term_string\"}}],\"inLanguage\":\"pl-PL\"},{\"@type\":\"Organization\",\"@id\":\"https:\\\/\\\/kme.eu\\\/kme\\\/#organization\",\"name\":\"KME\",\"url\":\"https:\\\/\\\/kme.eu\\\/kme\\\/\",\"logo\":{\"@type\":\"ImageObject\",\"inLanguage\":\"pl-PL\",\"@id\":\"https:\\\/\\\/kme.eu\\\/kme\\\/#\\\/schema\\\/logo\\\/image\\\/\",\"url\":\"https:\\\/\\\/kme.eu\\\/kme\\\/wp-content\\\/uploads\\\/2020\\\/04\\\/logo_KME_RGB_small_200px.png\",\"contentUrl\":\"https:\\\/\\\/kme.eu\\\/kme\\\/wp-content\\\/uploads\\\/2020\\\/04\\\/logo_KME_RGB_small_200px.png\",\"width\":272,\"height\":200,\"caption\":\"KME\"},\"image\":{\"@id\":\"https:\\\/\\\/kme.eu\\\/kme\\\/#\\\/schema\\\/logo\\\/image\\\/\"},\"sameAs\":[\"https:\\\/\\\/www.facebook.com\\\/KME.LPG\\\/\",\"https:\\\/\\\/www.instagram.com\\\/kme_lpg\\\/\"]}]}<\/script>\n<!-- \/ Yoast SEO plugin. -->","yoast_head_json":{"title":"Elektronik w dziale Bada\u0144 i Rozwoju (R&D) - KME","robots":{"index":"index","follow":"follow","max-snippet":"max-snippet:-1","max-image-preview":"max-image-preview:large","max-video-preview":"max-video-preview:-1"},"canonical":"https:\/\/kme.eu\/kme\/o_nas\/praca-w-kme\/elektronik-z-pasja\/","og_locale":"pl_PL","og_type":"article","og_title":"Elektronik w dziale Bada\u0144 i Rozwoju (R&D) - KME","og_description":"[vc_row row_content_width=&#8221;grid&#8221; row_btt_skin=&#8221;light&#8221; row_background_text_position=&#8221;front&#8221;][vc_column width=&#8221;2\/3&#8243;][vc_empty_space][vc_column_text]Elektronik w dziale Bada\u0144 i Rozwoju (R&amp;D) \u00a0 KME Sp. z o.o. projektant i producent urz\u0105dze\u0144 elektronicznych i mechanicznych, przeznaczonych w szczeg\u00f3lno\u015bci do motoryzacji , poszukuje do pracy w Dziale Bada\u0144 i Rozwoju osoby na stanowisko [&hellip;]","og_url":"https:\/\/kme.eu\/kme\/o_nas\/praca-w-kme\/elektronik-z-pasja\/","og_site_name":"KME","article_publisher":"https:\/\/www.facebook.com\/KME.LPG\/","article_modified_time":"2024-03-20T16:09:41+00:00","twitter_card":"summary_large_image","twitter_misc":{"Szacowany czas czytania":"3 minuty"},"schema":{"@context":"https:\/\/schema.org","@graph":[{"@type":"WebPage","@id":"https:\/\/kme.eu\/kme\/o_nas\/praca-w-kme\/elektronik-z-pasja\/","url":"https:\/\/kme.eu\/kme\/o_nas\/praca-w-kme\/elektronik-z-pasja\/","name":"Elektronik w dziale Bada\u0144 i Rozwoju (R&D) - KME","isPartOf":{"@id":"https:\/\/kme.eu\/kme\/#website"},"datePublished":"2021-02-05T11:28:05+00:00","dateModified":"2024-03-20T16:09:41+00:00","breadcrumb":{"@id":"https:\/\/kme.eu\/kme\/o_nas\/praca-w-kme\/elektronik-z-pasja\/#breadcrumb"},"inLanguage":"pl-PL","potentialAction":[{"@type":"ReadAction","target":["https:\/\/kme.eu\/kme\/o_nas\/praca-w-kme\/elektronik-z-pasja\/"]}]},{"@type":"BreadcrumbList","@id":"https:\/\/kme.eu\/kme\/o_nas\/praca-w-kme\/elektronik-z-pasja\/#breadcrumb","itemListElement":[{"@type":"ListItem","position":1,"name":"Strona g\u0142\u00f3wna","item":"https:\/\/kme.eu\/kme\/"},{"@type":"ListItem","position":2,"name":"O nas","item":"https:\/\/kme.eu\/kme\/o_nas\/"},{"@type":"ListItem","position":3,"name":"Praca w KME","item":"https:\/\/kme.eu\/kme\/o_nas\/praca-w-kme\/"},{"@type":"ListItem","position":4,"name":"Elektronik w dziale Bada\u0144 i Rozwoju (R&#038;D)"}]},{"@type":"WebSite","@id":"https:\/\/kme.eu\/kme\/#website","url":"https:\/\/kme.eu\/kme\/","name":"KME","description":"Autogas Systems","publisher":{"@id":"https:\/\/kme.eu\/kme\/#organization"},"potentialAction":[{"@type":"SearchAction","target":{"@type":"EntryPoint","urlTemplate":"https:\/\/kme.eu\/kme\/?s={search_term_string}"},"query-input":{"@type":"PropertyValueSpecification","valueRequired":true,"valueName":"search_term_string"}}],"inLanguage":"pl-PL"},{"@type":"Organization","@id":"https:\/\/kme.eu\/kme\/#organization","name":"KME","url":"https:\/\/kme.eu\/kme\/","logo":{"@type":"ImageObject","inLanguage":"pl-PL","@id":"https:\/\/kme.eu\/kme\/#\/schema\/logo\/image\/","url":"https:\/\/kme.eu\/kme\/wp-content\/uploads\/2020\/04\/logo_KME_RGB_small_200px.png","contentUrl":"https:\/\/kme.eu\/kme\/wp-content\/uploads\/2020\/04\/logo_KME_RGB_small_200px.png","width":272,"height":200,"caption":"KME"},"image":{"@id":"https:\/\/kme.eu\/kme\/#\/schema\/logo\/image\/"},"sameAs":["https:\/\/www.facebook.com\/KME.LPG\/","https:\/\/www.instagram.com\/kme_lpg\/"]}]}},"_links":{"self":[{"href":"https:\/\/kme.eu\/kme\/wp-json\/wp\/v2\/pages\/10748","targetHints":{"allow":["GET"]}}],"collection":[{"href":"https:\/\/kme.eu\/kme\/wp-json\/wp\/v2\/pages"}],"about":[{"href":"https:\/\/kme.eu\/kme\/wp-json\/wp\/v2\/types\/page"}],"author":[{"embeddable":true,"href":"https:\/\/kme.eu\/kme\/wp-json\/wp\/v2\/users\/1"}],"replies":[{"embeddable":true,"href":"https:\/\/kme.eu\/kme\/wp-json\/wp\/v2\/comments?post=10748"}],"version-history":[{"count":0,"href":"https:\/\/kme.eu\/kme\/wp-json\/wp\/v2\/pages\/10748\/revisions"}],"up":[{"embeddable":true,"href":"https:\/\/kme.eu\/kme\/wp-json\/wp\/v2\/pages\/9160"}],"wp:attachment":[{"href":"https:\/\/kme.eu\/kme\/wp-json\/wp\/v2\/media?parent=10748"}],"curies":[{"name":"wp","href":"https:\/\/api.w.org\/{rel}","templated":true}]}}