{"id":12755,"date":"2021-07-15T12:36:58","date_gmt":"2021-07-15T10:36:58","guid":{"rendered":"https:\/\/kme.eu\/kme\/?page_id=12755"},"modified":"2022-12-02T11:44:24","modified_gmt":"2022-12-02T10:44:24","slug":"dostepnosc-lpg-na-swiecie","status":"publish","type":"page","link":"https:\/\/kme.eu\/kme\/narzedzia-warsztatu\/dostepnosc-lpg-na-swiecie\/","title":{"rendered":"Dost\u0119pno\u015b\u0107 LPG na \u015bwiecie"},"content":{"rendered":"<div class=\"wpb-content-wrapper\"><p>[vc_row row_btt_skin=&#8221;light&#8221; row_background_text_position=&#8221;front&#8221; css=&#8221;.vc_custom_1603264562581{padding-right: 20px !important;padding-left: 20px !important;}&#8221;][vc_column][vc_column_text]Przedstawiamy jak wygl\u0105da <strong>dost\u0119pno\u015b\u0107 LPG<\/strong> w Polsce oraz na \u015bwiecie.<\/p>\n<p>W filmie omawiamy jakie czynniki istotnie wp\u0142ywaj\u0105 na realne zu\u017cycie paliwa<br \/>\npodczas jazdy samochodem za\u0142adowanym, ci\u0105gn\u0105cym przyczep\u0119 podczas dalekich podr\u00f3\u017cy.<\/p>\n<p>Rozwa\u017cymy te\u017c wiele innych kwestii towarzysz\u0105cych podr\u00f3\u017cowaniu w praktyce. Zapraszamy na film![\/vc_column_text][vc_empty_space][vc_video link=&#8221;https:\/\/youtu.be\/i8JGNJGcgws&#8221; title=&#8221;Dost\u0119pno\u015b\u0107 LPG na \u015bwiecie&#8221;][vc_empty_space][vc_column_text]\n<table id=\"tablepress-4\" class=\"tablepress tablepress-id-4\">\n<thead>\n<tr class=\"row-1\">\n\t<th class=\"column-1\">KRAJ<\/th><th class=\"column-2\">TYP WLEWU <br \/>\nITALIAN DISH<\/th><th class=\"column-3\">TYP WLEWU<br \/>\nACME<\/th><th class=\"column-4\">TYP WLEWU<br \/>\nBAYONET<\/th><th class=\"column-5\">TYP WLEWU<br \/>\nEUROCON<\/th><th class=\"column-6\">TYP WLEWU<br \/>\nRUS<\/th><th class=\"column-7\">LICZ. STACJI z LPG<\/th><th class=\"column-8\">DOST\u0118PNO\u015a\u0106 STACJI<\/th>\n<\/tr>\n<\/thead>\n<tbody class=\"row-striping row-hover\">\n<tr class=\"row-2\">\n\t<td class=\"column-1\">POLSKA<\/td><td class=\"column-2\">TAK<\/td><td class=\"column-3\"><\/td><td class=\"column-4\"><\/td><td class=\"column-5\"><\/td><td class=\"column-6\"><\/td><td class=\"column-7\">7400<\/td><td class=\"column-8\">DOSKONA\u0141A<\/td>\n<\/tr>\n<tr class=\"row-3\">\n\t<td class=\"column-1\">S\u0141OWACJA<\/td><td class=\"column-2\">TAK<\/td><td class=\"column-3\"><\/td><td class=\"column-4\"><\/td><td class=\"column-5\"><\/td><td class=\"column-6\"><\/td><td class=\"column-7\">369<\/td><td class=\"column-8\">BARDZO DOBRA<\/td>\n<\/tr>\n<tr class=\"row-4\">\n\t<td class=\"column-1\">CZECHY<\/td><td class=\"column-2\">TAK<\/td><td class=\"column-3\"><\/td><td class=\"column-4\"><\/td><td class=\"column-5\"><\/td><td class=\"column-6\"><\/td><td class=\"column-7\">946<\/td><td class=\"column-8\">BARDZO DOBRA<\/td>\n<\/tr>\n<tr class=\"row-5\">\n\t<td class=\"column-1\">NIEMCY<\/td><td class=\"column-2\">TAK<\/td><td class=\"column-3\">TAK<\/td><td class=\"column-4\">TAK<\/td><td class=\"column-5\"><\/td><td class=\"column-6\"><\/td><td class=\"column-7\">6500<\/td><td class=\"column-8\">BARDZO DOBRA<\/td>\n<\/tr>\n<tr class=\"row-6\">\n\t<td class=\"column-1\">SZWAJCARIA<\/td><td class=\"column-2\">TAK<\/td><td class=\"column-3\">TAK<\/td><td class=\"column-4\"><\/td><td class=\"column-5\"><\/td><td class=\"column-6\"><\/td><td class=\"column-7\">53<\/td><td class=\"column-8\">BARDZO DOBRA<\/td>\n<\/tr>\n<tr class=\"row-7\">\n\t<td class=\"column-1\">AUSTRIA<\/td><td class=\"column-2\">TAK<\/td><td class=\"column-3\"><\/td><td class=\"column-4\"><\/td><td class=\"column-5\"><\/td><td class=\"column-6\"><\/td><td class=\"column-7\">38<\/td><td class=\"column-8\">DOBRA<\/td>\n<\/tr>\n<tr class=\"row-8\">\n\t<td class=\"column-1\">BELGIA<\/td><td class=\"column-2\"><\/td><td class=\"column-3\">TAK<\/td><td class=\"column-4\"><\/td><td class=\"column-5\"><\/td><td class=\"column-6\"><\/td><td class=\"column-7\">346<\/td><td class=\"column-8\">BARDZO DOBRA<\/td>\n<\/tr>\n<tr class=\"row-9\">\n\t<td class=\"column-1\">W\u0118GRY<\/td><td class=\"column-2\">TAK<\/td><td class=\"column-3\">TAK<\/td><td class=\"column-4\"><\/td><td class=\"column-5\"><\/td><td class=\"column-6\"><\/td><td class=\"column-7\">514<\/td><td class=\"column-8\">BARDZO DOBRA<\/td>\n<\/tr>\n<tr class=\"row-10\">\n\t<td class=\"column-1\">RUMUNIA<\/td><td class=\"column-2\">TAK<\/td><td class=\"column-3\"><\/td><td class=\"column-4\"><\/td><td class=\"column-5\"><\/td><td class=\"column-6\"><\/td><td class=\"column-7\">1089<\/td><td class=\"column-8\">BARDZO DOBRA<\/td>\n<\/tr>\n<tr class=\"row-11\">\n\t<td class=\"column-1\">BU\u0141GARIA<\/td><td class=\"column-2\">TAK<\/td><td class=\"column-3\"><\/td><td class=\"column-4\"><\/td><td class=\"column-5\"><\/td><td class=\"column-6\"><\/td><td class=\"column-7\">933<\/td><td class=\"column-8\">BARDZO DOBRA<\/td>\n<\/tr>\n<tr class=\"row-12\">\n\t<td class=\"column-1\">SERBIA<\/td><td class=\"column-2\">TAK<\/td><td class=\"column-3\"><\/td><td class=\"column-4\"><\/td><td class=\"column-5\"><\/td><td class=\"column-6\"><\/td><td class=\"column-7\">645<\/td><td class=\"column-8\">BARDZO DOBRA<\/td>\n<\/tr>\n<tr class=\"row-13\">\n\t<td class=\"column-1\">S\u0141OWENIA<\/td><td class=\"column-2\">TAK<\/td><td class=\"column-3\"><\/td><td class=\"column-4\"><\/td><td class=\"column-5\"><\/td><td class=\"column-6\"><\/td><td class=\"column-7\">144<\/td><td class=\"column-8\">BARDZO DOBRA<\/td>\n<\/tr>\n<tr class=\"row-14\">\n\t<td class=\"column-1\">CHORWACJA<\/td><td class=\"column-2\">TAK<\/td><td class=\"column-3\"><\/td><td class=\"column-4\"><\/td><td class=\"column-5\"><\/td><td class=\"column-6\"><\/td><td class=\"column-7\">523<\/td><td class=\"column-8\">DOSKONA\u0141A<\/td>\n<\/tr>\n<tr class=\"row-15\">\n\t<td class=\"column-1\">FRANCJA<\/td><td class=\"column-2\">TAK<\/td><td class=\"column-3\"><\/td><td class=\"column-4\"><\/td><td class=\"column-5\"><\/td><td class=\"column-6\"><\/td><td class=\"column-7\">1948<\/td><td class=\"column-8\">BARDZO DOBRA<\/td>\n<\/tr>\n<tr class=\"row-16\">\n\t<td class=\"column-1\">HISZPANIA<\/td><td class=\"column-2\"><\/td><td class=\"column-3\"><\/td><td class=\"column-4\">TAK<\/td><td class=\"column-5\">TAK<\/td><td class=\"column-6\"><\/td><td class=\"column-7\">799<\/td><td class=\"column-8\">DOBRA<\/td>\n<\/tr>\n<tr class=\"row-17\">\n\t<td class=\"column-1\">PORTUGALIA<\/td><td class=\"column-2\">TAK<\/td><td class=\"column-3\"><\/td><td class=\"column-4\"><\/td><td class=\"column-5\">TAK<\/td><td class=\"column-6\"><\/td><td class=\"column-7\">408<\/td><td class=\"column-8\">BARDZO DOBRA<\/td>\n<\/tr>\n<tr class=\"row-18\">\n\t<td class=\"column-1\">HOLANDIA<\/td><td class=\"column-2\"><\/td><td class=\"column-3\"><\/td><td class=\"column-4\">TAK<\/td><td class=\"column-5\"><\/td><td class=\"column-6\"><\/td><td class=\"column-7\">1165<\/td><td class=\"column-8\">DOSKONA\u0141A<\/td>\n<\/tr>\n<tr class=\"row-19\">\n\t<td class=\"column-1\">W\u0141OCHY<\/td><td class=\"column-2\">TAK<\/td><td class=\"column-3\"><\/td><td class=\"column-4\"><\/td><td class=\"column-5\"><\/td><td class=\"column-6\"><\/td><td class=\"column-7\">5038<\/td><td class=\"column-8\">DOSKONA\u0141A<\/td>\n<\/tr>\n<tr class=\"row-20\">\n\t<td class=\"column-1\">TURCJA<\/td><td class=\"column-2\">TAK<\/td><td class=\"column-3\"><\/td><td class=\"column-4\"><\/td><td class=\"column-5\"><\/td><td class=\"column-6\"><\/td><td class=\"column-7\">3873<\/td><td class=\"column-8\">DOSKONA\u0141A<\/td>\n<\/tr>\n<tr class=\"row-21\">\n\t<td class=\"column-1\">SZWECJA<\/td><td class=\"column-2\">TAK<\/td><td class=\"column-3\">TAK<\/td><td class=\"column-4\"><\/td><td class=\"column-5\"><\/td><td class=\"column-6\"><\/td><td class=\"column-7\">51<\/td><td class=\"column-8\">S\u0141ABA<\/td>\n<\/tr>\n<tr class=\"row-22\">\n\t<td class=\"column-1\">NORWEGIA<\/td><td class=\"column-2\">TAK<\/td><td class=\"column-3\">TAK<\/td><td class=\"column-4\"><\/td><td class=\"column-5\"><\/td><td class=\"column-6\"><\/td><td class=\"column-7\">85<\/td><td class=\"column-8\">BARDZO DOBRA<\/td>\n<\/tr>\n<tr class=\"row-23\">\n\t<td class=\"column-1\">DANIA<\/td><td class=\"column-2\">TAK<\/td><td class=\"column-3\"><\/td><td class=\"column-4\"><\/td><td class=\"column-5\"><\/td><td class=\"column-6\"><\/td><td class=\"column-7\">3<\/td><td class=\"column-8\">S\u0141ABA<\/td>\n<\/tr>\n<tr class=\"row-24\">\n\t<td class=\"column-1\">WIELKA BRYTANIA<\/td><td class=\"column-2\"><\/td><td class=\"column-3\"><\/td><td class=\"column-4\">TAK<\/td><td class=\"column-5\"><\/td><td class=\"column-6\"><\/td><td class=\"column-7\">583<\/td><td class=\"column-8\">BARDZO DOBRA<\/td>\n<\/tr>\n<tr class=\"row-25\">\n\t<td class=\"column-1\">IRLANDIA<\/td><td class=\"column-2\"><\/td><td class=\"column-3\">TAK<\/td><td class=\"column-4\"><\/td><td class=\"column-5\"><\/td><td class=\"column-6\"><\/td><td class=\"column-7\">50<\/td><td class=\"column-8\">BARDZO DOBRA<\/td>\n<\/tr>\n<tr class=\"row-26\">\n\t<td class=\"column-1\">GRECJA<\/td><td class=\"column-2\">TAK<\/td><td class=\"column-3\"><\/td><td class=\"column-4\"><\/td><td class=\"column-5\"><\/td><td class=\"column-6\"><\/td><td class=\"column-7\">1194<\/td><td class=\"column-8\">DOSKONA\u0141A<\/td>\n<\/tr>\n<tr class=\"row-27\">\n\t<td class=\"column-1\">LITWA<\/td><td class=\"column-2\">TAK<\/td><td class=\"column-3\"><\/td><td class=\"column-4\"><\/td><td class=\"column-5\"><\/td><td class=\"column-6\"><\/td><td class=\"column-7\">526<\/td><td class=\"column-8\">DOSKONA\u0141A<\/td>\n<\/tr>\n<tr class=\"row-28\">\n\t<td class=\"column-1\">\u0141OTWA<\/td><td class=\"column-2\">TAK<\/td><td class=\"column-3\"><\/td><td class=\"column-4\"><\/td><td class=\"column-5\"><\/td><td class=\"column-6\"><\/td><td class=\"column-7\">263<\/td><td class=\"column-8\">BARDZO DOBRA<\/td>\n<\/tr>\n<tr class=\"row-29\">\n\t<td class=\"column-1\">ESTONIA<\/td><td class=\"column-2\">TAK<\/td><td class=\"column-3\"><\/td><td class=\"column-4\"><\/td><td class=\"column-5\"><\/td><td class=\"column-6\"><\/td><td class=\"column-7\">93<\/td><td class=\"column-8\">BARDZO DOBRA<\/td>\n<\/tr>\n<tr class=\"row-30\">\n\t<td class=\"column-1\">BIA\u0141ORU\u015a<\/td><td class=\"column-2\">TAK<\/td><td class=\"column-3\"><\/td><td class=\"column-4\"><\/td><td class=\"column-5\"><\/td><td class=\"column-6\">TAK<\/td><td class=\"column-7\">379<\/td><td class=\"column-8\">BARDZO DOBRA<\/td>\n<\/tr>\n<tr class=\"row-31\">\n\t<td class=\"column-1\">UKRAINA<\/td><td class=\"column-2\">TAK<\/td><td class=\"column-3\"><\/td><td class=\"column-4\"><\/td><td class=\"column-5\"><\/td><td class=\"column-6\">TAK<\/td><td class=\"column-7\">871<\/td><td class=\"column-8\">BARDZO DOBRA<\/td>\n<\/tr>\n<tr class=\"row-32\">\n\t<td class=\"column-1\">ROSJA<\/td><td class=\"column-2\">TAK<\/td><td class=\"column-3\"><\/td><td class=\"column-4\"><\/td><td class=\"column-5\"><\/td><td class=\"column-6\">TAK<\/td><td class=\"column-7\">468<\/td><td class=\"column-8\">DOBRA<\/td>\n<\/tr>\n<\/tbody>\n<\/table>\n<!-- #tablepress-4 from cache -->[\/vc_column_text][\/vc_column][\/vc_row][vc_row row_btt_skin=&#8221;light&#8221; row_background_text_position=&#8221;front&#8221;][vc_column][vc_raw_js]JTNDc2NyaXB0JTNFJTBBJTI0JTI4d2luZG93JTI5Lm9uJTI4JTI3bG9hZCUyNyUyMCUyQ2Z1bmN0aW9uJTI4JTI5JTdCJTBBJTIwJTIwJTI0JTI4JTI3JTIzYnJha193eW5pa293JTI3JTI5LmhpZGUlMjglMjklM0IlMEElMjAlMjAlMjQlMjhkb2N1bWVudCUyOS5vbiUyOCUyN0RPTVN1YnRyZWVNb2RpZmllZCUyNyUyQyUyMCUyN2RpdiUyM3RhYmxlcHJlc3MtMl9pbmZvJTI3JTJDJTIwZnVuY3Rpb24lMjglMjklMjAlN0IlMEElMjAlMjAlMjAlMjBpbmZvX2hvbGRlciUyMCUzRCUyMCUyNCUyOCUyN2RpdiUyM3RhYmxlcHJlc3MtMl9pbmZvJTI3JTI5JTNCJTBBJTIwJTIwJTIwJTIwdmFyJTIwbnVtYiUyMCUzRCUyMGluZm9faG9sZGVyLnRleHQlMjglMjklM0IlMEElMjAlMjAlMjAlMjBpZiUyOG51bWIubGVuZ3RoJTIwJTNFJTIwMCUyMCUyOSU3QiUwQSUyMCUyMCUyMCUyMCUyMCUyMG51bWIlMjAlM0QlMjBudW1iJTVCMTElNUQlM0IlMEElMjAlMjAlMjAlMjAlMjAlMjBpZiUyOG51bWIlMjAlMjElM0QlMjAlMjIlMjAlMjIlMjklN0IlMEElMjAlMjAlMjAlMjAlMjAlMjAlMjAlMjAlMjAlMkYlMkZjb25zb2xlLmxvZyUyOCUyMm9rJTIyJTI5JTNCJTBBJTIwJTIwJTIwJTIwJTIwJTIwJTIwJTIwJTIwJTI0JTI4JTI3JTIzYnJha193eW5pa293JTI3JTI5LmhpZGUlMjg1MDAlMjklM0IlMEElMjAlMjAlMjAlMjAlMjAlMjAlN0QlMjBlbHNlJTIwJTdCJTBBJTIwJTIwJTIwJTIwJTIwJTIwJTIwJTIwJTIwJTJGJTJGY29uc29sZS5sb2clMjglMjJ6ZXJvJTIyJTI5JTNCJTBBJTIwJTIwJTIwJTIwJTIwJTIwJTIwJTIwJTIwJTI0JTI4JTI3JTIzYnJha193eW5pa293JTI3JTI5LnNob3clMjg1MDAlMjklM0IlMEElMjAlMjAlMjAlMjAlMjAlMjAlN0QlMEElMjAlMjAlMjAlMjAlN0QlMEElMjAlMjAlN0QlMjklM0IlMEElN0QlMjklM0IlMEElM0MlMkZzY3JpcHQlM0UlMEE=[\/vc_raw_js][\/vc_column][\/vc_row]<\/p>\n<\/div>","protected":false},"excerpt":{"rendered":"<p>[vc_row row_btt_skin=&#8221;light&#8221; row_background_text_position=&#8221;front&#8221; css=&#8221;.vc_custom_1603264562581{padding-right: 20px !important;padding-left: 20px !important;}&#8221;][vc_column][vc_column_text]Przedstawiamy jak wygl\u0105da dost\u0119pno\u015b\u0107 LPG w Polsce oraz na \u015bwiecie. W filmie omawiamy jakie czynniki istotnie wp\u0142ywaj\u0105 na realne zu\u017cycie paliwa podczas jazdy samochodem za\u0142adowanym, ci\u0105gn\u0105cym przyczep\u0119 podczas dalekich podr\u00f3\u017cy. Rozwa\u017cymy te\u017c wiele [&hellip;]<\/p>\n","protected":false},"author":1,"featured_media":0,"parent":10850,"menu_order":0,"comment_status":"closed","ping_status":"closed","template":"","meta":{"footnotes":""},"class_list":["post-12755","page","type-page","status-publish","hentry"],"acf":[],"yoast_head":"<!-- This site is optimized with the Yoast SEO plugin v27.5 - https:\/\/yoast.com\/product\/yoast-seo-wordpress\/ -->\n<title>Dost\u0119pno\u015b\u0107 LPG na \u015bwiecie - KME<\/title>\n<meta name=\"robots\" content=\"index, follow, max-snippet:-1, max-image-preview:large, max-video-preview:-1\" \/>\n<link rel=\"canonical\" href=\"https:\/\/kme.eu\/kme\/narzedzia-warsztatu\/dostepnosc-lpg-na-swiecie\/\" \/>\n<meta property=\"og:locale\" content=\"pl_PL\" \/>\n<meta property=\"og:type\" content=\"article\" \/>\n<meta property=\"og:title\" content=\"Dost\u0119pno\u015b\u0107 LPG na \u015bwiecie - KME\" \/>\n<meta property=\"og:description\" content=\"[vc_row row_btt_skin=&#8221;light&#8221; row_background_text_position=&#8221;front&#8221; css=&#8221;.vc_custom_1603264562581{padding-right: 20px !important;padding-left: 20px !important;}&#8221;][vc_column][vc_column_text]Przedstawiamy jak wygl\u0105da dost\u0119pno\u015b\u0107 LPG w Polsce oraz na \u015bwiecie. W filmie omawiamy jakie czynniki istotnie wp\u0142ywaj\u0105 na realne zu\u017cycie paliwa podczas jazdy samochodem za\u0142adowanym, ci\u0105gn\u0105cym przyczep\u0119 podczas dalekich podr\u00f3\u017cy. Rozwa\u017cymy te\u017c wiele [&hellip;]\" \/>\n<meta property=\"og:url\" content=\"https:\/\/kme.eu\/kme\/narzedzia-warsztatu\/dostepnosc-lpg-na-swiecie\/\" \/>\n<meta property=\"og:site_name\" content=\"KME\" \/>\n<meta property=\"article:publisher\" content=\"https:\/\/www.facebook.com\/KME.LPG\/\" \/>\n<meta property=\"article:modified_time\" content=\"2022-12-02T10:44:24+00:00\" \/>\n<meta name=\"twitter:card\" content=\"summary_large_image\" \/>\n<meta name=\"twitter:label1\" content=\"Szacowany czas czytania\" \/>\n\t<meta name=\"twitter:data1\" content=\"1 minuta\" \/>\n<script type=\"application\/ld+json\" class=\"yoast-schema-graph\">{\"@context\":\"https:\\\/\\\/schema.org\",\"@graph\":[{\"@type\":\"WebPage\",\"@id\":\"https:\\\/\\\/kme.eu\\\/kme\\\/narzedzia-warsztatu\\\/dostepnosc-lpg-na-swiecie\\\/\",\"url\":\"https:\\\/\\\/kme.eu\\\/kme\\\/narzedzia-warsztatu\\\/dostepnosc-lpg-na-swiecie\\\/\",\"name\":\"Dost\u0119pno\u015b\u0107 LPG na \u015bwiecie - KME\",\"isPartOf\":{\"@id\":\"https:\\\/\\\/kme.eu\\\/kme\\\/#website\"},\"datePublished\":\"2021-07-15T10:36:58+00:00\",\"dateModified\":\"2022-12-02T10:44:24+00:00\",\"breadcrumb\":{\"@id\":\"https:\\\/\\\/kme.eu\\\/kme\\\/narzedzia-warsztatu\\\/dostepnosc-lpg-na-swiecie\\\/#breadcrumb\"},\"inLanguage\":\"pl-PL\",\"potentialAction\":[{\"@type\":\"ReadAction\",\"target\":[\"https:\\\/\\\/kme.eu\\\/kme\\\/narzedzia-warsztatu\\\/dostepnosc-lpg-na-swiecie\\\/\"]}]},{\"@type\":\"BreadcrumbList\",\"@id\":\"https:\\\/\\\/kme.eu\\\/kme\\\/narzedzia-warsztatu\\\/dostepnosc-lpg-na-swiecie\\\/#breadcrumb\",\"itemListElement\":[{\"@type\":\"ListItem\",\"position\":1,\"name\":\"Strona g\u0142\u00f3wna\",\"item\":\"https:\\\/\\\/kme.eu\\\/kme\\\/\"},{\"@type\":\"ListItem\",\"position\":2,\"name\":\"Narz\u0119dzia warsztatu\",\"item\":\"https:\\\/\\\/kme.eu\\\/kme\\\/narzedzia-warsztatu\\\/\"},{\"@type\":\"ListItem\",\"position\":3,\"name\":\"Dost\u0119pno\u015b\u0107 LPG na \u015bwiecie\"}]},{\"@type\":\"WebSite\",\"@id\":\"https:\\\/\\\/kme.eu\\\/kme\\\/#website\",\"url\":\"https:\\\/\\\/kme.eu\\\/kme\\\/\",\"name\":\"KME\",\"description\":\"Autogas Systems\",\"publisher\":{\"@id\":\"https:\\\/\\\/kme.eu\\\/kme\\\/#organization\"},\"potentialAction\":[{\"@type\":\"SearchAction\",\"target\":{\"@type\":\"EntryPoint\",\"urlTemplate\":\"https:\\\/\\\/kme.eu\\\/kme\\\/?s={search_term_string}\"},\"query-input\":{\"@type\":\"PropertyValueSpecification\",\"valueRequired\":true,\"valueName\":\"search_term_string\"}}],\"inLanguage\":\"pl-PL\"},{\"@type\":\"Organization\",\"@id\":\"https:\\\/\\\/kme.eu\\\/kme\\\/#organization\",\"name\":\"KME\",\"url\":\"https:\\\/\\\/kme.eu\\\/kme\\\/\",\"logo\":{\"@type\":\"ImageObject\",\"inLanguage\":\"pl-PL\",\"@id\":\"https:\\\/\\\/kme.eu\\\/kme\\\/#\\\/schema\\\/logo\\\/image\\\/\",\"url\":\"https:\\\/\\\/kme.eu\\\/kme\\\/wp-content\\\/uploads\\\/2020\\\/04\\\/logo_KME_RGB_small_200px.png\",\"contentUrl\":\"https:\\\/\\\/kme.eu\\\/kme\\\/wp-content\\\/uploads\\\/2020\\\/04\\\/logo_KME_RGB_small_200px.png\",\"width\":272,\"height\":200,\"caption\":\"KME\"},\"image\":{\"@id\":\"https:\\\/\\\/kme.eu\\\/kme\\\/#\\\/schema\\\/logo\\\/image\\\/\"},\"sameAs\":[\"https:\\\/\\\/www.facebook.com\\\/KME.LPG\\\/\",\"https:\\\/\\\/www.instagram.com\\\/kme_lpg\\\/\"]}]}<\/script>\n<!-- \/ Yoast SEO plugin. -->","yoast_head_json":{"title":"Dost\u0119pno\u015b\u0107 LPG na \u015bwiecie - KME","robots":{"index":"index","follow":"follow","max-snippet":"max-snippet:-1","max-image-preview":"max-image-preview:large","max-video-preview":"max-video-preview:-1"},"canonical":"https:\/\/kme.eu\/kme\/narzedzia-warsztatu\/dostepnosc-lpg-na-swiecie\/","og_locale":"pl_PL","og_type":"article","og_title":"Dost\u0119pno\u015b\u0107 LPG na \u015bwiecie - KME","og_description":"[vc_row row_btt_skin=&#8221;light&#8221; row_background_text_position=&#8221;front&#8221; css=&#8221;.vc_custom_1603264562581{padding-right: 20px !important;padding-left: 20px !important;}&#8221;][vc_column][vc_column_text]Przedstawiamy jak wygl\u0105da dost\u0119pno\u015b\u0107 LPG w Polsce oraz na \u015bwiecie. W filmie omawiamy jakie czynniki istotnie wp\u0142ywaj\u0105 na realne zu\u017cycie paliwa podczas jazdy samochodem za\u0142adowanym, ci\u0105gn\u0105cym przyczep\u0119 podczas dalekich podr\u00f3\u017cy. Rozwa\u017cymy te\u017c wiele [&hellip;]","og_url":"https:\/\/kme.eu\/kme\/narzedzia-warsztatu\/dostepnosc-lpg-na-swiecie\/","og_site_name":"KME","article_publisher":"https:\/\/www.facebook.com\/KME.LPG\/","article_modified_time":"2022-12-02T10:44:24+00:00","twitter_card":"summary_large_image","twitter_misc":{"Szacowany czas czytania":"1 minuta"},"schema":{"@context":"https:\/\/schema.org","@graph":[{"@type":"WebPage","@id":"https:\/\/kme.eu\/kme\/narzedzia-warsztatu\/dostepnosc-lpg-na-swiecie\/","url":"https:\/\/kme.eu\/kme\/narzedzia-warsztatu\/dostepnosc-lpg-na-swiecie\/","name":"Dost\u0119pno\u015b\u0107 LPG na \u015bwiecie - KME","isPartOf":{"@id":"https:\/\/kme.eu\/kme\/#website"},"datePublished":"2021-07-15T10:36:58+00:00","dateModified":"2022-12-02T10:44:24+00:00","breadcrumb":{"@id":"https:\/\/kme.eu\/kme\/narzedzia-warsztatu\/dostepnosc-lpg-na-swiecie\/#breadcrumb"},"inLanguage":"pl-PL","potentialAction":[{"@type":"ReadAction","target":["https:\/\/kme.eu\/kme\/narzedzia-warsztatu\/dostepnosc-lpg-na-swiecie\/"]}]},{"@type":"BreadcrumbList","@id":"https:\/\/kme.eu\/kme\/narzedzia-warsztatu\/dostepnosc-lpg-na-swiecie\/#breadcrumb","itemListElement":[{"@type":"ListItem","position":1,"name":"Strona g\u0142\u00f3wna","item":"https:\/\/kme.eu\/kme\/"},{"@type":"ListItem","position":2,"name":"Narz\u0119dzia warsztatu","item":"https:\/\/kme.eu\/kme\/narzedzia-warsztatu\/"},{"@type":"ListItem","position":3,"name":"Dost\u0119pno\u015b\u0107 LPG na \u015bwiecie"}]},{"@type":"WebSite","@id":"https:\/\/kme.eu\/kme\/#website","url":"https:\/\/kme.eu\/kme\/","name":"KME","description":"Autogas Systems","publisher":{"@id":"https:\/\/kme.eu\/kme\/#organization"},"potentialAction":[{"@type":"SearchAction","target":{"@type":"EntryPoint","urlTemplate":"https:\/\/kme.eu\/kme\/?s={search_term_string}"},"query-input":{"@type":"PropertyValueSpecification","valueRequired":true,"valueName":"search_term_string"}}],"inLanguage":"pl-PL"},{"@type":"Organization","@id":"https:\/\/kme.eu\/kme\/#organization","name":"KME","url":"https:\/\/kme.eu\/kme\/","logo":{"@type":"ImageObject","inLanguage":"pl-PL","@id":"https:\/\/kme.eu\/kme\/#\/schema\/logo\/image\/","url":"https:\/\/kme.eu\/kme\/wp-content\/uploads\/2020\/04\/logo_KME_RGB_small_200px.png","contentUrl":"https:\/\/kme.eu\/kme\/wp-content\/uploads\/2020\/04\/logo_KME_RGB_small_200px.png","width":272,"height":200,"caption":"KME"},"image":{"@id":"https:\/\/kme.eu\/kme\/#\/schema\/logo\/image\/"},"sameAs":["https:\/\/www.facebook.com\/KME.LPG\/","https:\/\/www.instagram.com\/kme_lpg\/"]}]}},"_links":{"self":[{"href":"https:\/\/kme.eu\/kme\/wp-json\/wp\/v2\/pages\/12755","targetHints":{"allow":["GET"]}}],"collection":[{"href":"https:\/\/kme.eu\/kme\/wp-json\/wp\/v2\/pages"}],"about":[{"href":"https:\/\/kme.eu\/kme\/wp-json\/wp\/v2\/types\/page"}],"author":[{"embeddable":true,"href":"https:\/\/kme.eu\/kme\/wp-json\/wp\/v2\/users\/1"}],"replies":[{"embeddable":true,"href":"https:\/\/kme.eu\/kme\/wp-json\/wp\/v2\/comments?post=12755"}],"version-history":[{"count":0,"href":"https:\/\/kme.eu\/kme\/wp-json\/wp\/v2\/pages\/12755\/revisions"}],"up":[{"embeddable":true,"href":"https:\/\/kme.eu\/kme\/wp-json\/wp\/v2\/pages\/10850"}],"wp:attachment":[{"href":"https:\/\/kme.eu\/kme\/wp-json\/wp\/v2\/media?parent=12755"}],"curies":[{"name":"wp","href":"https:\/\/api.w.org\/{rel}","templated":true}]}}